{"id":3071,"date":"2025-12-12T16:46:17","date_gmt":"2025-12-12T16:46:17","guid":{"rendered":"https:\/\/www.yishengpack.com\/?post_type=product&#038;p=3071"},"modified":"2025-12-12T16:46:19","modified_gmt":"2025-12-12T16:46:19","slug":"custom-auto-parts-boxes","status":"publish","type":"product","link":"https:\/\/www.yishengpack.com\/fr\/produit\/custom-auto-parts-boxes\/","title":{"rendered":"Bo\u00eetes pour pi\u00e8ces automobiles, bo\u00eetes d'exp\u00e9dition en carton ondul\u00e9, vente en gros"},"content":{"rendered":"<div class=\"wp-block-columns is-layout-flex wp-container-core-columns-is-layout-9d6595d7 wp-block-columns-is-layout-flex\">\n<div class=\"wp-block-column is-layout-flow wp-block-column-is-layout-flow\">\n<h3 class=\"wp-block-heading\">Features of Custom Auto Parts Boxes<\/h3>\n\n\n\n<p><strong>Industrial-Themed Visual Coordination: <\/strong>These custom auto parts boxes feature design elements (like gear\/auto-part graphics) that align with automotive components, reinforcing brand relevance while creating a professional, industry-specific unboxing vibe.<\/p>\n\n\n\n<p><strong>Precision-Fit Foam Inserts:<\/strong> These custom auto parts boxes include tailored foam (or cushioning) inserts that securely cradle car parts, preventing scratches, shifts, or damage during transit.<\/p>\n\n\n\n<p><strong>Durable Corrugated Construction: <\/strong>These custom auto parts boxes are made from sturdy corrugated cardboard and offer reliable protection for car components, balancing durability with cost-effectiveness for industrial packaging.<\/p>\n\n\n\n<p><strong>Brand-Aligned Customization: <\/strong>These corrugated shipping boxes wholesale fully customizable in color, printing (logo\/graphics), and size; the boxes can be tailored to match automotive brands\u2019 aesthetics\u2014ideal for reinforcing brand identity in parts distribution.<\/p>\n\n\n\n<p><strong>Space-Efficient Foldable Build:<\/strong> The foldable design of the corrugated shipping boxes wholesale minimizes storage and shipping volume, cutting logistics costs while maintaining structural integrity when assembled.<\/p>\n\n\n\n<p><strong>Suitable for bulk production:<\/strong> The custom auto parts boxes from Yisheng factory have large-scale production capabilities and flexible MOQ, providing a stable supply to brand owners, e-commerce sellers, and automotive factories.<\/p>\n<\/div>\n\n\n\n<div class=\"wp-block-column is-layout-flow wp-block-column-is-layout-flow\">\n<figure class=\"wp-block-image size-full\"><img decoding=\"async\" width=\"2048\" height=\"2048\" src=\"https:\/\/www.yishengpack.com\/wp-content\/uploads\/2025\/12\/Wholesale-High-Quality-Car-Parts-Packaging-Boxes-Customized-Auto-Accessories-Corrugated-Boxes-2.webp\" alt=\"bo\u00eetes-pour-pi\u00e8ces-automobiles-corrugated-shipping-boxes-wholesale-2\" class=\"wp-image-3073\" srcset=\"https:\/\/www.yishengpack.com\/wp-content\/uploads\/2025\/12\/Wholesale-High-Quality-Car-Parts-Packaging-Boxes-Customized-Auto-Accessories-Corrugated-Boxes-2.webp 2048w, https:\/\/www.yishengpack.com\/wp-content\/uploads\/2025\/12\/Wholesale-High-Quality-Car-Parts-Packaging-Boxes-Customized-Auto-Accessories-Corrugated-Boxes-2-300x300.webp 300w, https:\/\/www.yishengpack.com\/wp-content\/uploads\/2025\/12\/Wholesale-High-Quality-Car-Parts-Packaging-Boxes-Customized-Auto-Accessories-Corrugated-Boxes-2-150x150.webp 150w, https:\/\/www.yishengpack.com\/wp-content\/uploads\/2025\/12\/Wholesale-High-Quality-Car-Parts-Packaging-Boxes-Customized-Auto-Accessories-Corrugated-Boxes-2-768x768.webp 768w, https:\/\/www.yishengpack.com\/wp-content\/uploads\/2025\/12\/Wholesale-High-Quality-Car-Parts-Packaging-Boxes-Customized-Auto-Accessories-Corrugated-Boxes-2-12x12.webp 12w, https:\/\/www.yishengpack.com\/wp-content\/uploads\/2025\/12\/Wholesale-High-Quality-Car-Parts-Packaging-Boxes-Customized-Auto-Accessories-Corrugated-Boxes-2-1200x1200.webp 1200w, https:\/\/www.yishengpack.com\/wp-content\/uploads\/2025\/12\/Wholesale-High-Quality-Car-Parts-Packaging-Boxes-Customized-Auto-Accessories-Corrugated-Boxes-2-600x600.webp 600w, https:\/\/www.yishengpack.com\/wp-content\/uploads\/2025\/12\/Wholesale-High-Quality-Car-Parts-Packaging-Boxes-Customized-Auto-Accessories-Corrugated-Boxes-2-100x100.webp 100w\" sizes=\"(max-width: 2048px) 100vw, 2048px\" \/><\/figure>\n<\/div>\n<\/div>\n\n\n\n<div class=\"wp-block-columns is-layout-flex wp-container-core-columns-is-layout-9d6595d7 wp-block-columns-is-layout-flex\">\n<div class=\"wp-block-column is-layout-flow wp-block-column-is-layout-flow\">\n<figure class=\"wp-block-image size-full\"><img decoding=\"async\" width=\"2048\" height=\"2048\" src=\"https:\/\/www.yishengpack.com\/wp-content\/uploads\/2025\/12\/Wholesale-High-Quality-Car-Parts-Packaging-Boxes-Customized-Auto-Accessories-Corrugated-Boxes-7.webp\" alt=\"wholesale-high-quality-car-parts-packaging-boxes-customized-auto-accessories-corrugated-boxes-7\" class=\"wp-image-3078\" srcset=\"https:\/\/www.yishengpack.com\/wp-content\/uploads\/2025\/12\/Wholesale-High-Quality-Car-Parts-Packaging-Boxes-Customized-Auto-Accessories-Corrugated-Boxes-7.webp 2048w, https:\/\/www.yishengpack.com\/wp-content\/uploads\/2025\/12\/Wholesale-High-Quality-Car-Parts-Packaging-Boxes-Customized-Auto-Accessories-Corrugated-Boxes-7-300x300.webp 300w, https:\/\/www.yishengpack.com\/wp-content\/uploads\/2025\/12\/Wholesale-High-Quality-Car-Parts-Packaging-Boxes-Customized-Auto-Accessories-Corrugated-Boxes-7-150x150.webp 150w, https:\/\/www.yishengpack.com\/wp-content\/uploads\/2025\/12\/Wholesale-High-Quality-Car-Parts-Packaging-Boxes-Customized-Auto-Accessories-Corrugated-Boxes-7-768x768.webp 768w, https:\/\/www.yishengpack.com\/wp-content\/uploads\/2025\/12\/Wholesale-High-Quality-Car-Parts-Packaging-Boxes-Customized-Auto-Accessories-Corrugated-Boxes-7-12x12.webp 12w, https:\/\/www.yishengpack.com\/wp-content\/uploads\/2025\/12\/Wholesale-High-Quality-Car-Parts-Packaging-Boxes-Customized-Auto-Accessories-Corrugated-Boxes-7-1200x1200.webp 1200w, https:\/\/www.yishengpack.com\/wp-content\/uploads\/2025\/12\/Wholesale-High-Quality-Car-Parts-Packaging-Boxes-Customized-Auto-Accessories-Corrugated-Boxes-7-600x600.webp 600w, https:\/\/www.yishengpack.com\/wp-content\/uploads\/2025\/12\/Wholesale-High-Quality-Car-Parts-Packaging-Boxes-Customized-Auto-Accessories-Corrugated-Boxes-7-100x100.webp 100w\" sizes=\"(max-width: 2048px) 100vw, 2048px\" \/><\/figure>\n\n\n\n<div class=\"wp-block-buttons has-custom-font-size has-small-font-size is-content-justification-center is-layout-flex wp-container-core-buttons-is-layout-16018d1d wp-block-buttons-is-layout-flex\">\n<div class=\"wp-block-button has-custom-width wp-block-button__width-75\"><a class=\"wp-block-button__link has-background has-small-font-size has-custom-font-size wp-element-button\" href=\"https:\/\/www.yishengpack.com\/fr\/custom-printed-box\/\" style=\"background:linear-gradient(135deg,rgb(254,205,165) 0%,rgb(254,45,45) 0%,rgb(94,15,15) 0%,rgb(94,15,15) 100%)\" target=\"_blank\" rel=\"noreferrer noopener\"><strong>D\u00e9couvrez les bo\u00eetes imprim\u00e9es personnalis\u00e9es<\/strong><\/a><\/div>\n<\/div>\n<\/div>\n\n\n\n<div class=\"wp-block-column is-layout-flow wp-block-column-is-layout-flow\">\n<figure class=\"wp-block-image size-full\"><img decoding=\"async\" width=\"2048\" height=\"2048\" src=\"https:\/\/www.yishengpack.com\/wp-content\/uploads\/2025\/12\/Wholesale-High-Quality-Car-Parts-Packaging-Boxes-Customized-Auto-Accessories-Corrugated-Boxes-4.webp\" alt=\"wholesale-high-quality-car-parts-packaging-boxes-customized-auto-accessories-corrugated-boxes-4\" class=\"wp-image-3075\" srcset=\"https:\/\/www.yishengpack.com\/wp-content\/uploads\/2025\/12\/Wholesale-High-Quality-Car-Parts-Packaging-Boxes-Customized-Auto-Accessories-Corrugated-Boxes-4.webp 2048w, https:\/\/www.yishengpack.com\/wp-content\/uploads\/2025\/12\/Wholesale-High-Quality-Car-Parts-Packaging-Boxes-Customized-Auto-Accessories-Corrugated-Boxes-4-300x300.webp 300w, https:\/\/www.yishengpack.com\/wp-content\/uploads\/2025\/12\/Wholesale-High-Quality-Car-Parts-Packaging-Boxes-Customized-Auto-Accessories-Corrugated-Boxes-4-150x150.webp 150w, https:\/\/www.yishengpack.com\/wp-content\/uploads\/2025\/12\/Wholesale-High-Quality-Car-Parts-Packaging-Boxes-Customized-Auto-Accessories-Corrugated-Boxes-4-768x768.webp 768w, https:\/\/www.yishengpack.com\/wp-content\/uploads\/2025\/12\/Wholesale-High-Quality-Car-Parts-Packaging-Boxes-Customized-Auto-Accessories-Corrugated-Boxes-4-12x12.webp 12w, https:\/\/www.yishengpack.com\/wp-content\/uploads\/2025\/12\/Wholesale-High-Quality-Car-Parts-Packaging-Boxes-Customized-Auto-Accessories-Corrugated-Boxes-4-1200x1200.webp 1200w, https:\/\/www.yishengpack.com\/wp-content\/uploads\/2025\/12\/Wholesale-High-Quality-Car-Parts-Packaging-Boxes-Customized-Auto-Accessories-Corrugated-Boxes-4-600x600.webp 600w, https:\/\/www.yishengpack.com\/wp-content\/uploads\/2025\/12\/Wholesale-High-Quality-Car-Parts-Packaging-Boxes-Customized-Auto-Accessories-Corrugated-Boxes-4-100x100.webp 100w\" sizes=\"(max-width: 2048px) 100vw, 2048px\" \/><\/figure>\n\n\n\n<div class=\"wp-block-buttons has-custom-font-size has-small-font-size is-content-justification-center is-layout-flex wp-container-core-buttons-is-layout-16018d1d wp-block-buttons-is-layout-flex\">\n<div class=\"wp-block-button has-custom-width wp-block-button__width-75\"><a class=\"wp-block-button__link has-background has-small-font-size has-custom-font-size wp-element-button\" href=\"https:\/\/www.yishengpack.com\/fr\/custom-box-inserts-accessories\/\" style=\"background:linear-gradient(135deg,rgb(254,205,165) 0%,rgb(254,45,45) 0%,rgb(94,15,15) 0%,rgb(94,15,15) 100%)\" target=\"_blank\" rel=\"noreferrer noopener\"><strong>D\u00e9couvrez les encarts personnalis\u00e9s<\/strong><\/a><\/div>\n<\/div>\n<\/div>\n<\/div>","protected":false},"excerpt":{"rendered":"<p>Nous vous invitons \u00e0 acheter nos bo\u00eetes personnalis\u00e9es pour pi\u00e8ces automobiles, dot\u00e9es d'un insert en mousse\/papier s\u00e9curis\u00e9 et d\u00e9coup\u00e9 avec pr\u00e9cision (pour prot\u00e9ger les pi\u00e8ces automobiles) et d'une construction en carton ondul\u00e9 robuste, combinant une protection solide et un style de marque. Disponibles dans des tailles, des structures et des options d'impression enti\u00e8rement personnalisables, ces bo\u00eetes d'exp\u00e9dition durables offrent une production en vrac rentable pour les grossistes et les fabricants de pi\u00e8ces automobiles.<\/p>\n<h2>Points forts des bo\u00eetes de pi\u00e8ces automobiles personnalis\u00e9es<\/h2>\n<ul>\n<li>Personnalisation<\/li>\n<li>Mat\u00e9riau durable<\/li>\n<li>Un savoir-faire exquis<\/li>\n<li>Doublure en mousse sur mesure<\/li>\n<li>Plusieurs tailles de bo\u00eetes<\/li>\n<li>Diverses options de couleurs<\/li>\n<li>Disposition des compartiments en plusieurs parties<\/li>\n<li>Construction l\u00e9g\u00e8re et rigide<\/li>\n<\/ul>","protected":false},"featured_media":3072,"comment_status":"closed","ping_status":"closed","template":"","meta":{"_acf_changed":false},"box-type":[59,48],"product_brand":[],"product_cat":[46,69,67,73,74],"product_tag":[],"class_list":{"0":"post-3071","1":"product","2":"type-product","3":"status-publish","4":"has-post-thumbnail","6":"box-type-custom-mailer-boxes","7":"box-type-custom-tuck-top-boxes","8":"product_cat-wholesale-paper-boxes","9":"product_cat-custom-retail-boxes","10":"product_cat-custom-shipping-boxes","11":"product_cat-custom-electronic-packaging","12":"product_cat-custom-auto-parts-boxes","14":"first","15":"instock","16":"shipping-taxable","17":"product-type-simple"},"acf":[],"_links":{"self":[{"href":"https:\/\/www.yishengpack.com\/fr\/wp-json\/wp\/v2\/product\/3071","targetHints":{"allow":["GET"]}}],"collection":[{"href":"https:\/\/www.yishengpack.com\/fr\/wp-json\/wp\/v2\/product"}],"about":[{"href":"https:\/\/www.yishengpack.com\/fr\/wp-json\/wp\/v2\/types\/product"}],"replies":[{"embeddable":true,"href":"https:\/\/www.yishengpack.com\/fr\/wp-json\/wp\/v2\/comments?post=3071"}],"wp:featuredmedia":[{"embeddable":true,"href":"https:\/\/www.yishengpack.com\/fr\/wp-json\/wp\/v2\/media\/3072"}],"wp:attachment":[{"href":"https:\/\/www.yishengpack.com\/fr\/wp-json\/wp\/v2\/media?parent=3071"}],"wp:term":[{"taxonomy":"box-type","embeddable":true,"href":"https:\/\/www.yishengpack.com\/fr\/wp-json\/wp\/v2\/box-type?post=3071"},{"taxonomy":"product_brand","embeddable":true,"href":"https:\/\/www.yishengpack.com\/fr\/wp-json\/wp\/v2\/product_brand?post=3071"},{"taxonomy":"product_cat","embeddable":true,"href":"https:\/\/www.yishengpack.com\/fr\/wp-json\/wp\/v2\/product_cat?post=3071"},{"taxonomy":"product_tag","embeddable":true,"href":"https:\/\/www.yishengpack.com\/fr\/wp-json\/wp\/v2\/product_tag?post=3071"}],"curies":[{"name":"wp","href":"https:\/\/api.w.org\/{rel}","templated":true}]}}