{"id":2968,"date":"2025-12-12T03:00:00","date_gmt":"2025-12-12T03:00:00","guid":{"rendered":"https:\/\/www.yishengpack.com\/?post_type=product&#038;p=2968"},"modified":"2025-12-12T03:00:50","modified_gmt":"2025-12-12T03:00:50","slug":"custom-colored-mailer-boxes","status":"publish","type":"product","link":"https:\/\/www.yishengpack.com\/fr\/produit\/custom-colored-mailer-boxes\/","title":{"rendered":"Bo\u00eetes d'exp\u00e9dition color\u00e9es personnalis\u00e9es en vrac avec plusieurs options d'insertion"},"content":{"rendered":"<div class=\"wp-block-columns is-layout-flex wp-container-core-columns-is-layout-9d6595d7 wp-block-columns-is-layout-flex\">\n<div class=\"wp-block-column is-layout-flow wp-block-column-is-layout-flow\">\n<h3 class=\"wp-block-heading\">Features of Custom Colored Mailer Boxes<\/h3>\n\n\n\n<p><strong>Secure Snap-Lock Closure: <\/strong>These custom colored mailer boxes feature a sturdy interlocking flap design that seals tightly, preventing contents from shifting or spilling during transit without the need for extra tape.<\/p>\n\n\n\n<p><strong>Custom Compartment Inserts:<\/strong> The custom colored mailer boxes can be fitted with tailored inner dividers (adjustable for size) that keep items separated and protected to meet different product protection levels. Ideal for fragile goods, small products, or individual items in multiple industries.<\/p>\n\n\n\n<p><strong>Space-Efficient Flat Storage: <\/strong>These custom colored mailer boxes create a flat storage area when not in use, making it very easy for companies to keep large quantities of these in warehouses or small areas by decreasing the footprint of the boxes.<\/p>\n\n\n\n<p><strong>Vibrant &amp; Durable Exterior Finishes:<\/strong> The wholesale paper boxes come in a range of bold, fade-resistant colors (or custom printed designs) that maintain their appearance through handling, while the thick paper construction resists scuffs and minor tears.<\/p>\n\n\n\n<p><strong>Flexible Size Customization: <\/strong>These wholesale paper boxes are customizable to fit any shipping requirement. Length, width and depth can be customized to whatever the product requires. Branding and logos can be added, and there are multiple ways to lay out the interior for simple product placement.<\/p>\n\n\n\n<p><strong>Wide Range of Applications:<\/strong> These custom colored mailer boxes offer rapid prototyping services, suitable for mailing and display packaging of various products, including cosmetics, electronics, gifts, and handicrafts.<\/p>\n<\/div>\n\n\n\n<div class=\"wp-block-column is-layout-flow wp-block-column-is-layout-flow\">\n<figure class=\"wp-block-image size-full\"><img decoding=\"async\" width=\"2048\" height=\"2048\" src=\"https:\/\/www.yishengpack.com\/wp-content\/uploads\/2025\/12\/Customized-Recycled-Cardboard-Shipping-Boxes-Protective-Packaging-Gift-Paper-Boxes-Wholesale-2.webp\" alt=\"bulk-custom-colored-mailer-boxes-with-multiple-insert-options-2\" class=\"wp-image-2974\" srcset=\"https:\/\/www.yishengpack.com\/wp-content\/uploads\/2025\/12\/Customized-Recycled-Cardboard-Shipping-Boxes-Protective-Packaging-Gift-Paper-Boxes-Wholesale-2.webp 2048w, https:\/\/www.yishengpack.com\/wp-content\/uploads\/2025\/12\/Customized-Recycled-Cardboard-Shipping-Boxes-Protective-Packaging-Gift-Paper-Boxes-Wholesale-2-300x300.webp 300w, https:\/\/www.yishengpack.com\/wp-content\/uploads\/2025\/12\/Customized-Recycled-Cardboard-Shipping-Boxes-Protective-Packaging-Gift-Paper-Boxes-Wholesale-2-150x150.webp 150w, https:\/\/www.yishengpack.com\/wp-content\/uploads\/2025\/12\/Customized-Recycled-Cardboard-Shipping-Boxes-Protective-Packaging-Gift-Paper-Boxes-Wholesale-2-768x768.webp 768w, https:\/\/www.yishengpack.com\/wp-content\/uploads\/2025\/12\/Customized-Recycled-Cardboard-Shipping-Boxes-Protective-Packaging-Gift-Paper-Boxes-Wholesale-2-12x12.webp 12w, https:\/\/www.yishengpack.com\/wp-content\/uploads\/2025\/12\/Customized-Recycled-Cardboard-Shipping-Boxes-Protective-Packaging-Gift-Paper-Boxes-Wholesale-2-1200x1200.webp 1200w, https:\/\/www.yishengpack.com\/wp-content\/uploads\/2025\/12\/Customized-Recycled-Cardboard-Shipping-Boxes-Protective-Packaging-Gift-Paper-Boxes-Wholesale-2-600x600.webp 600w, https:\/\/www.yishengpack.com\/wp-content\/uploads\/2025\/12\/Customized-Recycled-Cardboard-Shipping-Boxes-Protective-Packaging-Gift-Paper-Boxes-Wholesale-2-100x100.webp 100w\" sizes=\"(max-width: 2048px) 100vw, 2048px\" \/><\/figure>\n<\/div>\n<\/div>\n\n\n\n<div class=\"wp-block-columns is-layout-flex wp-container-core-columns-is-layout-9d6595d7 wp-block-columns-is-layout-flex\">\n<div class=\"wp-block-column is-layout-flow wp-block-column-is-layout-flow\">\n<figure class=\"wp-block-image size-full\"><img decoding=\"async\" width=\"2048\" height=\"2048\" src=\"https:\/\/www.yishengpack.com\/wp-content\/uploads\/2025\/12\/Customized-Recycled-Cardboard-Shipping-Boxes-Protective-Packaging-Gift-Paper-Boxes-Wholesale-7.webp\" alt=\"customized-recycled-cardboard-shipping-boxes-protective-packaging-gift-paper-boxes-wholesale-7\" class=\"wp-image-2979\" srcset=\"https:\/\/www.yishengpack.com\/wp-content\/uploads\/2025\/12\/Customized-Recycled-Cardboard-Shipping-Boxes-Protective-Packaging-Gift-Paper-Boxes-Wholesale-7.webp 2048w, https:\/\/www.yishengpack.com\/wp-content\/uploads\/2025\/12\/Customized-Recycled-Cardboard-Shipping-Boxes-Protective-Packaging-Gift-Paper-Boxes-Wholesale-7-300x300.webp 300w, https:\/\/www.yishengpack.com\/wp-content\/uploads\/2025\/12\/Customized-Recycled-Cardboard-Shipping-Boxes-Protective-Packaging-Gift-Paper-Boxes-Wholesale-7-150x150.webp 150w, https:\/\/www.yishengpack.com\/wp-content\/uploads\/2025\/12\/Customized-Recycled-Cardboard-Shipping-Boxes-Protective-Packaging-Gift-Paper-Boxes-Wholesale-7-768x768.webp 768w, https:\/\/www.yishengpack.com\/wp-content\/uploads\/2025\/12\/Customized-Recycled-Cardboard-Shipping-Boxes-Protective-Packaging-Gift-Paper-Boxes-Wholesale-7-12x12.webp 12w, https:\/\/www.yishengpack.com\/wp-content\/uploads\/2025\/12\/Customized-Recycled-Cardboard-Shipping-Boxes-Protective-Packaging-Gift-Paper-Boxes-Wholesale-7-1200x1200.webp 1200w, https:\/\/www.yishengpack.com\/wp-content\/uploads\/2025\/12\/Customized-Recycled-Cardboard-Shipping-Boxes-Protective-Packaging-Gift-Paper-Boxes-Wholesale-7-600x600.webp 600w, https:\/\/www.yishengpack.com\/wp-content\/uploads\/2025\/12\/Customized-Recycled-Cardboard-Shipping-Boxes-Protective-Packaging-Gift-Paper-Boxes-Wholesale-7-100x100.webp 100w\" sizes=\"(max-width: 2048px) 100vw, 2048px\" \/><\/figure>\n\n\n\n<div class=\"wp-block-buttons has-custom-font-size has-small-font-size is-content-justification-center is-layout-flex wp-container-core-buttons-is-layout-16018d1d wp-block-buttons-is-layout-flex\">\n<div class=\"wp-block-button has-custom-width wp-block-button__width-75\"><a class=\"wp-block-button__link has-background has-small-font-size has-custom-font-size wp-element-button\" href=\"https:\/\/www.yishengpack.com\/fr\/custom-printed-box\/\" style=\"background:linear-gradient(135deg,rgb(254,205,165) 0%,rgb(254,45,45) 0%,rgb(94,15,15) 0%,rgb(94,15,15) 100%)\" target=\"_blank\" rel=\"noreferrer noopener\"><strong>D\u00e9couvrez les bo\u00eetes imprim\u00e9es personnalis\u00e9es<\/strong><\/a><\/div>\n<\/div>\n<\/div>\n\n\n\n<div class=\"wp-block-column is-layout-flow wp-block-column-is-layout-flow\">\n<figure class=\"wp-block-image size-full\"><img decoding=\"async\" width=\"1844\" height=\"1844\" src=\"https:\/\/www.yishengpack.com\/wp-content\/uploads\/2025\/12\/Customized-Recycled-Cardboard-Shipping-Boxes-Protective-Packaging-Gift-Paper-Boxes-Wholesale-4.webp\" alt=\"customized-recycled-cardboard-shipping-boxes-protective-packaging-gift-paper-boxes-wholesale-4\" class=\"wp-image-2976\" srcset=\"https:\/\/www.yishengpack.com\/wp-content\/uploads\/2025\/12\/Customized-Recycled-Cardboard-Shipping-Boxes-Protective-Packaging-Gift-Paper-Boxes-Wholesale-4.webp 1844w, https:\/\/www.yishengpack.com\/wp-content\/uploads\/2025\/12\/Customized-Recycled-Cardboard-Shipping-Boxes-Protective-Packaging-Gift-Paper-Boxes-Wholesale-4-300x300.webp 300w, https:\/\/www.yishengpack.com\/wp-content\/uploads\/2025\/12\/Customized-Recycled-Cardboard-Shipping-Boxes-Protective-Packaging-Gift-Paper-Boxes-Wholesale-4-150x150.webp 150w, https:\/\/www.yishengpack.com\/wp-content\/uploads\/2025\/12\/Customized-Recycled-Cardboard-Shipping-Boxes-Protective-Packaging-Gift-Paper-Boxes-Wholesale-4-768x768.webp 768w, https:\/\/www.yishengpack.com\/wp-content\/uploads\/2025\/12\/Customized-Recycled-Cardboard-Shipping-Boxes-Protective-Packaging-Gift-Paper-Boxes-Wholesale-4-12x12.webp 12w, https:\/\/www.yishengpack.com\/wp-content\/uploads\/2025\/12\/Customized-Recycled-Cardboard-Shipping-Boxes-Protective-Packaging-Gift-Paper-Boxes-Wholesale-4-1200x1200.webp 1200w, https:\/\/www.yishengpack.com\/wp-content\/uploads\/2025\/12\/Customized-Recycled-Cardboard-Shipping-Boxes-Protective-Packaging-Gift-Paper-Boxes-Wholesale-4-600x600.webp 600w, https:\/\/www.yishengpack.com\/wp-content\/uploads\/2025\/12\/Customized-Recycled-Cardboard-Shipping-Boxes-Protective-Packaging-Gift-Paper-Boxes-Wholesale-4-100x100.webp 100w\" sizes=\"(max-width: 1844px) 100vw, 1844px\" \/><\/figure>\n\n\n\n<div class=\"wp-block-buttons has-custom-font-size has-small-font-size is-content-justification-center is-layout-flex wp-container-core-buttons-is-layout-16018d1d wp-block-buttons-is-layout-flex\">\n<div class=\"wp-block-button has-custom-width wp-block-button__width-75\"><a class=\"wp-block-button__link has-background has-small-font-size has-custom-font-size wp-element-button\" href=\"https:\/\/www.yishengpack.com\/fr\/custom-box-inserts-accessories\/\" style=\"background:linear-gradient(135deg,rgb(254,205,165) 0%,rgb(254,45,45) 0%,rgb(94,15,15) 0%,rgb(94,15,15) 100%)\" target=\"_blank\" rel=\"noreferrer noopener\"><strong>D\u00e9couvrez les encarts personnalis\u00e9s<\/strong><\/a><\/div>\n<\/div>\n<\/div>\n<\/div>","protected":false},"excerpt":{"rendered":"<p>Welcome to purchase our custom colored mailer boxes made from recycled cardboard, featuring multiple insert options for added product protection. Ideal for branding, e-commerce packaging, and gift presentation. From soft mint and vibrant solid hues to elegant patterned styles, plus customizable sizes, colors, logos, and inserts, these boxes are fully adaptable to your brand identity.<\/p>\n<h2>Highlights of Custom Colored Mailer Boxes<\/h2>\n<ul>\n<li>Design pliable<\/li>\n<li>Personnalisation<\/li>\n<li>Mat\u00e9riaux respectueux de l'environnement<\/li>\n<li>Un savoir-faire exquis<\/li>\n<li>Plusieurs types de bo\u00eetes<\/li>\n<li>Diverses options de couleurs<\/li>\n<li>Size-Scalable Partition Layouts<\/li>\n<li>Durable et hautement protecteur<\/li>\n<\/ul>","protected":false},"featured_media":2973,"comment_status":"closed","ping_status":"closed","template":"","meta":{"_acf_changed":false},"box-type":[55,59,48],"product_brand":[],"product_cat":[46,19,41,66,65,40,39,33,43,44,69,67,72,73],"product_tag":[],"class_list":{"0":"post-2968","1":"product","2":"type-product","3":"status-publish","4":"has-post-thumbnail","6":"box-type-custom-foldable-boxes","7":"box-type-custom-mailer-boxes","8":"box-type-custom-tuck-top-boxes","9":"product_cat-wholesale-paper-boxes","10":"product_cat-luxury-gift-boxes-wholesale","11":"product_cat-candy-gift-boxes-wholesale","12":"product_cat-custom-apparel-boxes","13":"product_cat-custom-cosmetic-boxes","14":"product_cat-custom-jewelry-boxes","15":"product_cat-custom-perfume-boxes","16":"product_cat-food-packaging-boxes-wholesale","17":"product_cat-coffee-and-tea-packaging-boxes-wholesale","18":"product_cat-custom-snack-box","19":"product_cat-custom-retail-boxes","20":"product_cat-custom-shipping-boxes","21":"product_cat-custom-cigarette-boxes","22":"product_cat-custom-electronic-packaging","24":"first","25":"instock","26":"shipping-taxable","27":"product-type-simple"},"acf":[],"_links":{"self":[{"href":"https:\/\/www.yishengpack.com\/fr\/wp-json\/wp\/v2\/product\/2968","targetHints":{"allow":["GET"]}}],"collection":[{"href":"https:\/\/www.yishengpack.com\/fr\/wp-json\/wp\/v2\/product"}],"about":[{"href":"https:\/\/www.yishengpack.com\/fr\/wp-json\/wp\/v2\/types\/product"}],"replies":[{"embeddable":true,"href":"https:\/\/www.yishengpack.com\/fr\/wp-json\/wp\/v2\/comments?post=2968"}],"wp:featuredmedia":[{"embeddable":true,"href":"https:\/\/www.yishengpack.com\/fr\/wp-json\/wp\/v2\/media\/2973"}],"wp:attachment":[{"href":"https:\/\/www.yishengpack.com\/fr\/wp-json\/wp\/v2\/media?parent=2968"}],"wp:term":[{"taxonomy":"box-type","embeddable":true,"href":"https:\/\/www.yishengpack.com\/fr\/wp-json\/wp\/v2\/box-type?post=2968"},{"taxonomy":"product_brand","embeddable":true,"href":"https:\/\/www.yishengpack.com\/fr\/wp-json\/wp\/v2\/product_brand?post=2968"},{"taxonomy":"product_cat","embeddable":true,"href":"https:\/\/www.yishengpack.com\/fr\/wp-json\/wp\/v2\/product_cat?post=2968"},{"taxonomy":"product_tag","embeddable":true,"href":"https:\/\/www.yishengpack.com\/fr\/wp-json\/wp\/v2\/product_tag?post=2968"}],"curies":[{"name":"wp","href":"https:\/\/api.w.org\/{rel}","templated":true}]}}