{"id":2935,"date":"2025-12-12T06:34:55","date_gmt":"2025-12-12T06:34:55","guid":{"rendered":"https:\/\/www.yishengpack.com\/?post_type=product&#038;p=2935"},"modified":"2025-12-12T06:34:56","modified_gmt":"2025-12-12T06:34:56","slug":"window-cake-boxes-wholesale","status":"publish","type":"product","link":"https:\/\/www.yishengpack.com\/fr\/produit\/window-cake-boxes-wholesale\/","title":{"rendered":"Bo\u00eetes \u00e0 g\u00e2teaux pour fen\u00eatres en gros, bo\u00eetes \u00e0 desserts imprim\u00e9es sur mesure"},"content":{"rendered":"<div class=\"wp-block-columns is-layout-flex wp-container-core-columns-is-layout-9d6595d7 wp-block-columns-is-layout-flex\">\n<div class=\"wp-block-column is-layout-flow wp-block-column-is-layout-flow\">\n<h3 class=\"wp-block-heading\">Caract\u00e9ristiques des bo\u00eetes \u00e0 p\u00e2tisserie personnalisables<\/h3>\n\n\n\n<p><strong>Pliable Efficacit\u00e9 de stockage :<\/strong> Ces bo\u00eetes \u00e0 g\u00e2teaux \u00e0 fen\u00eatre en gros sont pliables, ce qui permet de gagner de la place lors de l'exp\u00e9dition ou du stockage en vrac. Elles s'assemblent ensuite rapidement pour \u00eatre utilis\u00e9es avec des g\u00e2teaux glac\u00e9s comme les mochi ou les g\u00e2teaux mouss\u00e9s.<\/p>\n\n\n\n<p><strong>Polyvalence multi-tailles : <\/strong>Ces bo\u00eetes \u00e0 g\u00e2teaux en gros sont con\u00e7ues pour accueillir diverses p\u00e2tisseries surgel\u00e9es - des g\u00e2teaux entiers aux petites bouch\u00e9es - les bo\u00eetes s'adaptent aux diff\u00e9rents besoins en mati\u00e8re de portions sans sacrifier la protection.<\/p>\n\n\n\n<p><strong>R\u00e9tention s\u00e9curis\u00e9e des traitements : <\/strong>La structure int\u00e9rieure de ces bo\u00eetes \u00e0 dessert personnalis\u00e9es permet de stabiliser les p\u00e2tisseries congel\u00e9es (en \u00e9vitant qu'elles ne se d\u00e9placent ou ne s'ab\u00eement) pendant le transport, m\u00eame pour les produits d\u00e9licats comme les mochi moelleux ou les g\u00e2teaux mouss\u00e9s en couches.<\/p>\n\n\n\n<p><strong>Vitrine de la fen\u00eatre pleine vue :<\/strong> Ces bo\u00eetes \u00e0 dessert personnalis\u00e9es sont dot\u00e9es de fen\u00eatres transparentes qui permettent aux clients de voir clairement la texture et l'aspect de la p\u00e2tisserie congel\u00e9e, tout en prot\u00e9geant l'article des contaminants ext\u00e9rieurs.<\/p>\n\n\n\n<p><strong>Personnalisation en fonction des th\u00e8mes :<\/strong> Ces bo\u00eetes \u00e0 g\u00e2teaux \u00e0 fen\u00eatre en gros peuvent \u00eatre personnalis\u00e9es pour correspondre \u00e0 des friandises glac\u00e9es sp\u00e9cifiques. Ajustez les impressions, modifiez les tailles ou incluez les logos de votre marque pour refl\u00e9ter votre gamme de desserts glac\u00e9s.<\/p>\n<\/div>\n\n\n\n<div class=\"wp-block-column is-layout-flow wp-block-column-is-layout-flow\">\n<figure class=\"wp-block-image size-full\"><img decoding=\"async\" width=\"2048\" height=\"2048\" src=\"https:\/\/www.yishengpack.com\/wp-content\/uploads\/2025\/11\/Customizable-Clear-Windowed-Pastry-Boxes-Paper-Boxes-for-Frozen-Dessert-Packaging-Wholesale-2.webp\" alt=\"bo\u00eetes \u00e0 g\u00e2teaux pour fen\u00eatres - vente en gros - bo\u00eetes \u00e0 g\u00e2teaux imprim\u00e9es personnalis\u00e9es - 2\" class=\"wp-image-2937\" srcset=\"https:\/\/www.yishengpack.com\/wp-content\/uploads\/2025\/11\/Customizable-Clear-Windowed-Pastry-Boxes-Paper-Boxes-for-Frozen-Dessert-Packaging-Wholesale-2.webp 2048w, https:\/\/www.yishengpack.com\/wp-content\/uploads\/2025\/11\/Customizable-Clear-Windowed-Pastry-Boxes-Paper-Boxes-for-Frozen-Dessert-Packaging-Wholesale-2-300x300.webp 300w, https:\/\/www.yishengpack.com\/wp-content\/uploads\/2025\/11\/Customizable-Clear-Windowed-Pastry-Boxes-Paper-Boxes-for-Frozen-Dessert-Packaging-Wholesale-2-150x150.webp 150w, https:\/\/www.yishengpack.com\/wp-content\/uploads\/2025\/11\/Customizable-Clear-Windowed-Pastry-Boxes-Paper-Boxes-for-Frozen-Dessert-Packaging-Wholesale-2-768x768.webp 768w, https:\/\/www.yishengpack.com\/wp-content\/uploads\/2025\/11\/Customizable-Clear-Windowed-Pastry-Boxes-Paper-Boxes-for-Frozen-Dessert-Packaging-Wholesale-2-12x12.webp 12w, https:\/\/www.yishengpack.com\/wp-content\/uploads\/2025\/11\/Customizable-Clear-Windowed-Pastry-Boxes-Paper-Boxes-for-Frozen-Dessert-Packaging-Wholesale-2-1200x1200.webp 1200w, https:\/\/www.yishengpack.com\/wp-content\/uploads\/2025\/11\/Customizable-Clear-Windowed-Pastry-Boxes-Paper-Boxes-for-Frozen-Dessert-Packaging-Wholesale-2-600x600.webp 600w, https:\/\/www.yishengpack.com\/wp-content\/uploads\/2025\/11\/Customizable-Clear-Windowed-Pastry-Boxes-Paper-Boxes-for-Frozen-Dessert-Packaging-Wholesale-2-100x100.webp 100w\" sizes=\"(max-width: 2048px) 100vw, 2048px\" \/><\/figure>\n<\/div>\n<\/div>\n\n\n\n<div class=\"wp-block-columns is-layout-flex wp-container-core-columns-is-layout-9d6595d7 wp-block-columns-is-layout-flex\">\n<div class=\"wp-block-column is-layout-flow wp-block-column-is-layout-flow\">\n<figure class=\"wp-block-image size-full\"><img decoding=\"async\" width=\"2048\" height=\"2048\" src=\"https:\/\/www.yishengpack.com\/wp-content\/uploads\/2025\/11\/Customizable-Clear-Windowed-Pastry-Boxes-Paper-Boxes-for-Frozen-Dessert-Packaging-Wholesale-5.webp\" alt=\"bo\u00eetes \u00e0 g\u00e2teaux pour fen\u00eatres - vente en gros - bo\u00eetes \u00e0 g\u00e2teaux imprim\u00e9es personnalis\u00e9es - 5\" class=\"wp-image-2940\" srcset=\"https:\/\/www.yishengpack.com\/wp-content\/uploads\/2025\/11\/Customizable-Clear-Windowed-Pastry-Boxes-Paper-Boxes-for-Frozen-Dessert-Packaging-Wholesale-5.webp 2048w, https:\/\/www.yishengpack.com\/wp-content\/uploads\/2025\/11\/Customizable-Clear-Windowed-Pastry-Boxes-Paper-Boxes-for-Frozen-Dessert-Packaging-Wholesale-5-300x300.webp 300w, https:\/\/www.yishengpack.com\/wp-content\/uploads\/2025\/11\/Customizable-Clear-Windowed-Pastry-Boxes-Paper-Boxes-for-Frozen-Dessert-Packaging-Wholesale-5-150x150.webp 150w, https:\/\/www.yishengpack.com\/wp-content\/uploads\/2025\/11\/Customizable-Clear-Windowed-Pastry-Boxes-Paper-Boxes-for-Frozen-Dessert-Packaging-Wholesale-5-768x768.webp 768w, https:\/\/www.yishengpack.com\/wp-content\/uploads\/2025\/11\/Customizable-Clear-Windowed-Pastry-Boxes-Paper-Boxes-for-Frozen-Dessert-Packaging-Wholesale-5-12x12.webp 12w, https:\/\/www.yishengpack.com\/wp-content\/uploads\/2025\/11\/Customizable-Clear-Windowed-Pastry-Boxes-Paper-Boxes-for-Frozen-Dessert-Packaging-Wholesale-5-1200x1200.webp 1200w, https:\/\/www.yishengpack.com\/wp-content\/uploads\/2025\/11\/Customizable-Clear-Windowed-Pastry-Boxes-Paper-Boxes-for-Frozen-Dessert-Packaging-Wholesale-5-600x600.webp 600w, https:\/\/www.yishengpack.com\/wp-content\/uploads\/2025\/11\/Customizable-Clear-Windowed-Pastry-Boxes-Paper-Boxes-for-Frozen-Dessert-Packaging-Wholesale-5-100x100.webp 100w\" sizes=\"(max-width: 2048px) 100vw, 2048px\" \/><\/figure>\n\n\n\n<div class=\"wp-block-buttons has-custom-font-size has-small-font-size is-content-justification-center is-layout-flex wp-container-core-buttons-is-layout-16018d1d wp-block-buttons-is-layout-flex\">\n<div class=\"wp-block-button has-custom-width wp-block-button__width-75\"><a class=\"wp-block-button__link has-background has-small-font-size has-custom-font-size wp-element-button\" href=\"https:\/\/www.yishengpack.com\/fr\/custom-printed-box\/\" style=\"background:linear-gradient(135deg,rgb(254,205,165) 0%,rgb(254,45,45) 0%,rgb(94,15,15) 0%,rgb(94,15,15) 100%)\" target=\"_blank\" rel=\"noreferrer noopener\"><strong>D\u00e9couvrez les bo\u00eetes imprim\u00e9es personnalis\u00e9es<\/strong><\/a><\/div>\n<\/div>\n<\/div>\n\n\n\n<div class=\"wp-block-column is-layout-flow wp-block-column-is-layout-flow\">\n<figure class=\"wp-block-image size-full\"><img decoding=\"async\" width=\"2048\" height=\"2048\" src=\"https:\/\/www.yishengpack.com\/wp-content\/uploads\/2025\/11\/Customizable-Clear-Windowed-Pastry-Boxes-Paper-Boxes-for-Frozen-Dessert-Packaging-Wholesale-4.webp\" alt=\"bo\u00eetes \u00e0 g\u00e2teaux pour fen\u00eatres - vente en gros - bo\u00eetes \u00e0 g\u00e2teaux imprim\u00e9es personnalis\u00e9es - 4\" class=\"wp-image-2939\" srcset=\"https:\/\/www.yishengpack.com\/wp-content\/uploads\/2025\/11\/Customizable-Clear-Windowed-Pastry-Boxes-Paper-Boxes-for-Frozen-Dessert-Packaging-Wholesale-4.webp 2048w, https:\/\/www.yishengpack.com\/wp-content\/uploads\/2025\/11\/Customizable-Clear-Windowed-Pastry-Boxes-Paper-Boxes-for-Frozen-Dessert-Packaging-Wholesale-4-300x300.webp 300w, https:\/\/www.yishengpack.com\/wp-content\/uploads\/2025\/11\/Customizable-Clear-Windowed-Pastry-Boxes-Paper-Boxes-for-Frozen-Dessert-Packaging-Wholesale-4-150x150.webp 150w, https:\/\/www.yishengpack.com\/wp-content\/uploads\/2025\/11\/Customizable-Clear-Windowed-Pastry-Boxes-Paper-Boxes-for-Frozen-Dessert-Packaging-Wholesale-4-768x768.webp 768w, https:\/\/www.yishengpack.com\/wp-content\/uploads\/2025\/11\/Customizable-Clear-Windowed-Pastry-Boxes-Paper-Boxes-for-Frozen-Dessert-Packaging-Wholesale-4-12x12.webp 12w, https:\/\/www.yishengpack.com\/wp-content\/uploads\/2025\/11\/Customizable-Clear-Windowed-Pastry-Boxes-Paper-Boxes-for-Frozen-Dessert-Packaging-Wholesale-4-1200x1200.webp 1200w, https:\/\/www.yishengpack.com\/wp-content\/uploads\/2025\/11\/Customizable-Clear-Windowed-Pastry-Boxes-Paper-Boxes-for-Frozen-Dessert-Packaging-Wholesale-4-600x600.webp 600w, https:\/\/www.yishengpack.com\/wp-content\/uploads\/2025\/11\/Customizable-Clear-Windowed-Pastry-Boxes-Paper-Boxes-for-Frozen-Dessert-Packaging-Wholesale-4-100x100.webp 100w\" sizes=\"(max-width: 2048px) 100vw, 2048px\" \/><\/figure>\n\n\n\n<div class=\"wp-block-buttons has-custom-font-size has-small-font-size is-content-justification-center is-layout-flex wp-container-core-buttons-is-layout-16018d1d wp-block-buttons-is-layout-flex\">\n<div class=\"wp-block-button has-custom-width wp-block-button__width-75\"><a class=\"wp-block-button__link has-background has-small-font-size has-custom-font-size wp-element-button\" href=\"https:\/\/www.yishengpack.com\/fr\/custom-product-boxes-types\/\" style=\"background:linear-gradient(135deg,rgb(254,205,165) 0%,rgb(254,45,45) 0%,rgb(94,15,15) 0%,rgb(94,15,15) 100%)\" target=\"_blank\" rel=\"noreferrer noopener\"><strong>Explorer les types de bo\u00eetes personnalis\u00e9es<\/strong><\/a><\/div>\n<\/div>\n<\/div>\n<\/div>","protected":false},"excerpt":{"rendered":"<p>Les bo\u00eetes \u00e0 g\u00e2teaux \u00e0 fen\u00eatre sont fabriqu\u00e9es \u00e0 partir de carton de qualit\u00e9 alimentaire r\u00e9sistant \u00e0 l'humidit\u00e9. Ces bo\u00eetes offrent une bonne visibilit\u00e9 du produit et une protection solide, et sont parfaites pour l'emballage de tiramisu congel\u00e9, de p\u00e2tisseries \u00e0 la noix de coco, de g\u00e2teaux au fromage et de choux \u00e0 la cr\u00e8me. Possibilit\u00e9 de personnalisation compl\u00e8te OEM\/ODM pour les besoins de marquage et d'emballage.<\/p>\n<h2>Points forts des bo\u00eetes \u00e0 g\u00e2teaux \u00e0 fen\u00eatre en gros<\/h2>\n<ul>\n<li>Fen\u00eatre d'affichage transparente<\/li>\n<li>Possibilit\u00e9 de personnalisation compl\u00e8te<\/li>\n<li>Mat\u00e9riaux de haute qualit\u00e9<\/li>\n<li>Un savoir-faire exquis<\/li>\n<li>Plusieurs types de bo\u00eetes<\/li>\n<li>Diverses options de couleurs<\/li>\n<li>Diff\u00e9rentes tailles de bo\u00eetes<\/li>\n<li>Durable et hautement protecteur<\/li>\n<\/ul>","protected":false},"featured_media":2936,"comment_status":"closed","ping_status":"closed","template":"","meta":{"_acf_changed":false},"box-type":[55,48,58],"product_brand":[],"product_cat":[19,41,46,30,32,33,42],"product_tag":[],"class_list":{"0":"post-2935","1":"product","2":"type-product","3":"status-publish","4":"has-post-thumbnail","6":"box-type-custom-foldable-boxes","7":"box-type-custom-tuck-top-boxes","8":"box-type-custom-window-gift-box","9":"product_cat-luxury-gift-boxes-wholesale","10":"product_cat-candy-gift-boxes-wholesale","11":"product_cat-wholesale-paper-boxes","12":"product_cat-cake-containers-wholesale","13":"product_cat-bakery-packaging-wholesale","14":"product_cat-food-packaging-boxes-wholesale","15":"product_cat-custom-frozen-food-boxes","17":"first","18":"instock","19":"shipping-taxable","20":"product-type-simple"},"acf":[],"_links":{"self":[{"href":"https:\/\/www.yishengpack.com\/fr\/wp-json\/wp\/v2\/product\/2935","targetHints":{"allow":["GET"]}}],"collection":[{"href":"https:\/\/www.yishengpack.com\/fr\/wp-json\/wp\/v2\/product"}],"about":[{"href":"https:\/\/www.yishengpack.com\/fr\/wp-json\/wp\/v2\/types\/product"}],"replies":[{"embeddable":true,"href":"https:\/\/www.yishengpack.com\/fr\/wp-json\/wp\/v2\/comments?post=2935"}],"wp:featuredmedia":[{"embeddable":true,"href":"https:\/\/www.yishengpack.com\/fr\/wp-json\/wp\/v2\/media\/2936"}],"wp:attachment":[{"href":"https:\/\/www.yishengpack.com\/fr\/wp-json\/wp\/v2\/media?parent=2935"}],"wp:term":[{"taxonomy":"box-type","embeddable":true,"href":"https:\/\/www.yishengpack.com\/fr\/wp-json\/wp\/v2\/box-type?post=2935"},{"taxonomy":"product_brand","embeddable":true,"href":"https:\/\/www.yishengpack.com\/fr\/wp-json\/wp\/v2\/product_brand?post=2935"},{"taxonomy":"product_cat","embeddable":true,"href":"https:\/\/www.yishengpack.com\/fr\/wp-json\/wp\/v2\/product_cat?post=2935"},{"taxonomy":"product_tag","embeddable":true,"href":"https:\/\/www.yishengpack.com\/fr\/wp-json\/wp\/v2\/product_tag?post=2935"}],"curies":[{"name":"wp","href":"https:\/\/api.w.org\/{rel}","templated":true}]}}