{"id":2927,"date":"2025-12-12T03:55:49","date_gmt":"2025-12-12T03:55:49","guid":{"rendered":"https:\/\/www.yishengpack.com\/?post_type=product&#038;p=2927"},"modified":"2025-12-12T03:55:50","modified_gmt":"2025-12-12T03:55:50","slug":"custom-bakery-boxes-with-window","status":"publish","type":"product","link":"https:\/\/www.yishengpack.com\/fr\/produit\/custom-bakery-boxes-with-window\/","title":{"rendered":"Bo\u00eetes \u00e0 p\u00e2tisserie personnalis\u00e9es avec fen\u00eatre, bo\u00eetes \u00e0 g\u00e2teaux pliantes en gros"},"content":{"rendered":"<div class=\"wp-block-columns is-layout-flex wp-container-core-columns-is-layout-9d6595d7 wp-block-columns-is-layout-flex\">\n<div class=\"wp-block-column is-layout-flow wp-block-column-is-layout-flow\">\n<h3 class=\"wp-block-heading\">Caract\u00e9ristiques des bo\u00eetes de boulangerie personnalis\u00e9es avec fen\u00eatre<\/h3>\n\n\n\n<p><strong>Conception pliable et peu encombrante :<\/strong> Ces bo\u00eetes de boulangerie personnalis\u00e9es avec fen\u00eatre sont dot\u00e9es d'une structure pliable qui permet de gagner de la place lors du stockage et du transport, puis s'assemblent facilement pour une utilisation rapide avec des g\u00e2teaux \u2014 pratiques pour les boulangeries ou les cadeaux en vrac.<\/p>\n\n\n\n<p><strong>Affichage clair de la fen\u00eatre :<\/strong> Cette bo\u00eete \u00e0 g\u00e2teaux pliable vendue en gros est dot\u00e9e de panneaux transparents int\u00e9gr\u00e9s qui vous permettent de voir le g\u00e2teau \u00e0 l'int\u00e9rieur et de mettre en valeur toutes ses caract\u00e9ristiques. Elle vous permet de pr\u00e9senter votre g\u00e2teau de mani\u00e8re attrayante tout en le conservant en toute s\u00e9curit\u00e9 jusqu'\u00e0 ce qu'il arrive chez votre client. Elle peut \u00e9galement \u00eatre utilis\u00e9e pour pr\u00e9senter des g\u00e2teaux destin\u00e9s \u00e0 \u00eatre offerts en cadeau ou vendus au d\u00e9tail dans une boulangerie.<\/p>\n\n\n\n<p><strong>Pratique et portable :<\/strong> Ces bo\u00eetes de boulangerie personnalis\u00e9es avec fen\u00eatre et poign\u00e9e en papier int\u00e9gr\u00e9e sont faciles \u00e0 transporter, ce qui les rend pratiques pour transporter des g\u00e2teaux sans compromettre leur design \u00e9l\u00e9gant.<\/p>\n\n\n\n<p><strong>Structure s\u00fbre et sans danger pour les aliments :<\/strong> Ces bo\u00eetes de boulangerie personnalis\u00e9es avec fen\u00eatre, fabriqu\u00e9es en papier robuste, comprennent une base int\u00e9rieure ajust\u00e9e pour maintenir les g\u00e2teaux en place, tandis que les mat\u00e9riaux adapt\u00e9s au contact alimentaire garantissent la fra\u00eecheur et la protection des desserts pendant le transport.<\/p>\n\n\n\n<p><strong>Design enti\u00e8rement personnalisable :<\/strong> Ces bo\u00eetes \u00e0 g\u00e2teaux pliables vendues en gros peuvent \u00eatre personnalis\u00e9es en fonction de votre marque. Ajustez les dimensions en fonction des diff\u00e9rentes portions de g\u00e2teaux, changez les motifs\/couleurs, ajoutez des logos ou modifiez la forme des fen\u00eatres : elles sont id\u00e9ales pour s'aligner sur l'image de marque de votre boulangerie ou r\u00e9pondre \u00e0 vos besoins en mati\u00e8re de cadeaux personnalis\u00e9s.<\/p>\n<\/div>\n\n\n\n<div class=\"wp-block-column is-layout-flow wp-block-column-is-layout-flow\">\n<figure class=\"wp-block-image size-full\"><img decoding=\"async\" width=\"2048\" height=\"2048\" src=\"https:\/\/www.yishengpack.com\/wp-content\/uploads\/2025\/11\/Wholesale-Hot-Selling-Frozen-Cake-Boxes-Custom-Foldable-Paper-Boxes-with-Handle-2.webp\" alt=\"bo\u00eetes-de-p\u00e2tisserie-personnalis\u00e9es-avec-fen\u00eatre-bo\u00eete-\u00e0-g\u00e2teaux-pliable-vente-en-gros-2\" class=\"wp-image-2929\" srcset=\"https:\/\/www.yishengpack.com\/wp-content\/uploads\/2025\/11\/Wholesale-Hot-Selling-Frozen-Cake-Boxes-Custom-Foldable-Paper-Boxes-with-Handle-2.webp 2048w, https:\/\/www.yishengpack.com\/wp-content\/uploads\/2025\/11\/Wholesale-Hot-Selling-Frozen-Cake-Boxes-Custom-Foldable-Paper-Boxes-with-Handle-2-300x300.webp 300w, https:\/\/www.yishengpack.com\/wp-content\/uploads\/2025\/11\/Wholesale-Hot-Selling-Frozen-Cake-Boxes-Custom-Foldable-Paper-Boxes-with-Handle-2-150x150.webp 150w, https:\/\/www.yishengpack.com\/wp-content\/uploads\/2025\/11\/Wholesale-Hot-Selling-Frozen-Cake-Boxes-Custom-Foldable-Paper-Boxes-with-Handle-2-768x768.webp 768w, https:\/\/www.yishengpack.com\/wp-content\/uploads\/2025\/11\/Wholesale-Hot-Selling-Frozen-Cake-Boxes-Custom-Foldable-Paper-Boxes-with-Handle-2-12x12.webp 12w, https:\/\/www.yishengpack.com\/wp-content\/uploads\/2025\/11\/Wholesale-Hot-Selling-Frozen-Cake-Boxes-Custom-Foldable-Paper-Boxes-with-Handle-2-1200x1200.webp 1200w, https:\/\/www.yishengpack.com\/wp-content\/uploads\/2025\/11\/Wholesale-Hot-Selling-Frozen-Cake-Boxes-Custom-Foldable-Paper-Boxes-with-Handle-2-600x600.webp 600w, https:\/\/www.yishengpack.com\/wp-content\/uploads\/2025\/11\/Wholesale-Hot-Selling-Frozen-Cake-Boxes-Custom-Foldable-Paper-Boxes-with-Handle-2-100x100.webp 100w\" sizes=\"(max-width: 2048px) 100vw, 2048px\" \/><\/figure>\n<\/div>\n<\/div>\n\n\n\n<div class=\"wp-block-columns is-layout-flex wp-container-core-columns-is-layout-9d6595d7 wp-block-columns-is-layout-flex\">\n<div class=\"wp-block-column is-layout-flow wp-block-column-is-layout-flow\">\n<figure class=\"wp-block-image size-full\"><img decoding=\"async\" width=\"2048\" height=\"2048\" src=\"https:\/\/www.yishengpack.com\/wp-content\/uploads\/2025\/11\/Wholesale-Hot-Selling-Frozen-Cake-Boxes-Custom-Foldable-Paper-Boxes-with-Handle-6.webp\" alt=\"bo\u00eetes-de-p\u00e2tisserie-personnalis\u00e9es-avec-fen\u00eatre-bo\u00eete-\u00e0-g\u00e2teaux-pliable-vente-en-gros-6\" class=\"wp-image-2933\" srcset=\"https:\/\/www.yishengpack.com\/wp-content\/uploads\/2025\/11\/Wholesale-Hot-Selling-Frozen-Cake-Boxes-Custom-Foldable-Paper-Boxes-with-Handle-6.webp 2048w, https:\/\/www.yishengpack.com\/wp-content\/uploads\/2025\/11\/Wholesale-Hot-Selling-Frozen-Cake-Boxes-Custom-Foldable-Paper-Boxes-with-Handle-6-300x300.webp 300w, https:\/\/www.yishengpack.com\/wp-content\/uploads\/2025\/11\/Wholesale-Hot-Selling-Frozen-Cake-Boxes-Custom-Foldable-Paper-Boxes-with-Handle-6-150x150.webp 150w, https:\/\/www.yishengpack.com\/wp-content\/uploads\/2025\/11\/Wholesale-Hot-Selling-Frozen-Cake-Boxes-Custom-Foldable-Paper-Boxes-with-Handle-6-768x768.webp 768w, https:\/\/www.yishengpack.com\/wp-content\/uploads\/2025\/11\/Wholesale-Hot-Selling-Frozen-Cake-Boxes-Custom-Foldable-Paper-Boxes-with-Handle-6-12x12.webp 12w, https:\/\/www.yishengpack.com\/wp-content\/uploads\/2025\/11\/Wholesale-Hot-Selling-Frozen-Cake-Boxes-Custom-Foldable-Paper-Boxes-with-Handle-6-1200x1200.webp 1200w, https:\/\/www.yishengpack.com\/wp-content\/uploads\/2025\/11\/Wholesale-Hot-Selling-Frozen-Cake-Boxes-Custom-Foldable-Paper-Boxes-with-Handle-6-600x600.webp 600w, https:\/\/www.yishengpack.com\/wp-content\/uploads\/2025\/11\/Wholesale-Hot-Selling-Frozen-Cake-Boxes-Custom-Foldable-Paper-Boxes-with-Handle-6-100x100.webp 100w\" sizes=\"(max-width: 2048px) 100vw, 2048px\" \/><\/figure>\n\n\n\n<div class=\"wp-block-buttons has-custom-font-size has-small-font-size is-content-justification-center is-layout-flex wp-container-core-buttons-is-layout-16018d1d wp-block-buttons-is-layout-flex\">\n<div class=\"wp-block-button has-custom-width wp-block-button__width-75\"><a class=\"wp-block-button__link has-background has-small-font-size has-custom-font-size wp-element-button\" href=\"https:\/\/www.yishengpack.com\/fr\/custom-printed-box\/\" style=\"background:linear-gradient(135deg,rgb(254,205,165) 0%,rgb(254,45,45) 0%,rgb(94,15,15) 0%,rgb(94,15,15) 100%)\" target=\"_blank\" rel=\"noreferrer noopener\"><strong>D\u00e9couvrez les bo\u00eetes imprim\u00e9es personnalis\u00e9es<\/strong><\/a><\/div>\n<\/div>\n<\/div>\n\n\n\n<div class=\"wp-block-column is-layout-flow wp-block-column-is-layout-flow\">\n<figure class=\"wp-block-image size-full\"><img decoding=\"async\" width=\"2048\" height=\"2048\" src=\"https:\/\/www.yishengpack.com\/wp-content\/uploads\/2025\/11\/Wholesale-Hot-Selling-Frozen-Cake-Boxes-Custom-Foldable-Paper-Boxes-with-Handle-4.webp\" alt=\"bo\u00eetes-de-p\u00e2tisserie-personnalis\u00e9es-avec-fen\u00eatre-bo\u00eete-\u00e0-g\u00e2teaux-pliable-vente-en-gros-4\" class=\"wp-image-2931\" srcset=\"https:\/\/www.yishengpack.com\/wp-content\/uploads\/2025\/11\/Wholesale-Hot-Selling-Frozen-Cake-Boxes-Custom-Foldable-Paper-Boxes-with-Handle-4.webp 2048w, https:\/\/www.yishengpack.com\/wp-content\/uploads\/2025\/11\/Wholesale-Hot-Selling-Frozen-Cake-Boxes-Custom-Foldable-Paper-Boxes-with-Handle-4-300x300.webp 300w, https:\/\/www.yishengpack.com\/wp-content\/uploads\/2025\/11\/Wholesale-Hot-Selling-Frozen-Cake-Boxes-Custom-Foldable-Paper-Boxes-with-Handle-4-150x150.webp 150w, https:\/\/www.yishengpack.com\/wp-content\/uploads\/2025\/11\/Wholesale-Hot-Selling-Frozen-Cake-Boxes-Custom-Foldable-Paper-Boxes-with-Handle-4-768x768.webp 768w, https:\/\/www.yishengpack.com\/wp-content\/uploads\/2025\/11\/Wholesale-Hot-Selling-Frozen-Cake-Boxes-Custom-Foldable-Paper-Boxes-with-Handle-4-12x12.webp 12w, https:\/\/www.yishengpack.com\/wp-content\/uploads\/2025\/11\/Wholesale-Hot-Selling-Frozen-Cake-Boxes-Custom-Foldable-Paper-Boxes-with-Handle-4-1200x1200.webp 1200w, https:\/\/www.yishengpack.com\/wp-content\/uploads\/2025\/11\/Wholesale-Hot-Selling-Frozen-Cake-Boxes-Custom-Foldable-Paper-Boxes-with-Handle-4-600x600.webp 600w, https:\/\/www.yishengpack.com\/wp-content\/uploads\/2025\/11\/Wholesale-Hot-Selling-Frozen-Cake-Boxes-Custom-Foldable-Paper-Boxes-with-Handle-4-100x100.webp 100w\" sizes=\"(max-width: 2048px) 100vw, 2048px\" \/><\/figure>\n\n\n\n<div class=\"wp-block-buttons has-custom-font-size has-small-font-size is-content-justification-center is-layout-flex wp-container-core-buttons-is-layout-16018d1d wp-block-buttons-is-layout-flex\">\n<div class=\"wp-block-button has-custom-width wp-block-button__width-75\"><a class=\"wp-block-button__link has-background has-small-font-size has-custom-font-size wp-element-button\" href=\"https:\/\/www.yishengpack.com\/fr\/custom-product-boxes-types\/\" style=\"background:linear-gradient(135deg,rgb(254,205,165) 0%,rgb(254,45,45) 0%,rgb(94,15,15) 0%,rgb(94,15,15) 100%)\" target=\"_blank\" rel=\"noreferrer noopener\"><strong>Explorer les types de bo\u00eetes personnalis\u00e9es<\/strong><\/a><\/div>\n<\/div>\n<\/div>\n<\/div>","protected":false},"excerpt":{"rendered":"<p>Bienvenue pour acheter nos bo\u00eetes de boulangerie personnalis\u00e9es avec fen\u00eatre, parfaites pour l'emballage de g\u00e2teaux au fromage, de g\u00e2teaux au chocolat et de g\u00e2teaux \u00e0 la cr\u00e8me en couches. Ces bo\u00eetes \u00e0 g\u00e2teaux pliables en gros sont dot\u00e9es d'une poign\u00e9e int\u00e9gr\u00e9e, d'une fen\u00eatre transparente et d'une structure en papier alimentaire. Elles peuvent prendre en charge des commandes de grand volume et la production simultan\u00e9e de plusieurs styles, enti\u00e8rement personnalisables pour correspondre \u00e0 votre marque.<\/p>\n<h2>Points forts des bo\u00eetes de boulangerie personnalis\u00e9es avec fen\u00eatre<\/h2>\n<ul>\n<li>Personnalisation<\/li>\n<li>Vitrine transparente<\/li>\n<li>Mat\u00e9riaux de premi\u00e8re qualit\u00e9<\/li>\n<li>Un travail soign\u00e9<\/li>\n<li>Diverses options de couleurs<\/li>\n<li>Plusieurs tailles de bo\u00eetes<\/li>\n<li>Stockage pratique des aliments<\/li>\n<li>Protecteur et pratique<\/li>\n<\/ul>","protected":false},"featured_media":2928,"comment_status":"closed","ping_status":"closed","template":"","meta":{"_acf_changed":false},"box-type":[55,58],"product_brand":[],"product_cat":[30,19,41,46,32,33,71,42],"product_tag":[],"class_list":{"0":"post-2927","1":"product","2":"type-product","3":"status-publish","4":"has-post-thumbnail","6":"box-type-custom-foldable-boxes","7":"box-type-custom-window-gift-box","8":"product_cat-cake-containers-wholesale","9":"product_cat-luxury-gift-boxes-wholesale","10":"product_cat-candy-gift-boxes-wholesale","11":"product_cat-wholesale-paper-boxes","12":"product_cat-bakery-packaging-wholesale","13":"product_cat-food-packaging-boxes-wholesale","14":"product_cat-custom-takeout-boxes","15":"product_cat-custom-frozen-food-boxes","17":"first","18":"instock","19":"shipping-taxable","20":"product-type-simple"},"acf":[],"_links":{"self":[{"href":"https:\/\/www.yishengpack.com\/fr\/wp-json\/wp\/v2\/product\/2927","targetHints":{"allow":["GET"]}}],"collection":[{"href":"https:\/\/www.yishengpack.com\/fr\/wp-json\/wp\/v2\/product"}],"about":[{"href":"https:\/\/www.yishengpack.com\/fr\/wp-json\/wp\/v2\/types\/product"}],"replies":[{"embeddable":true,"href":"https:\/\/www.yishengpack.com\/fr\/wp-json\/wp\/v2\/comments?post=2927"}],"wp:featuredmedia":[{"embeddable":true,"href":"https:\/\/www.yishengpack.com\/fr\/wp-json\/wp\/v2\/media\/2928"}],"wp:attachment":[{"href":"https:\/\/www.yishengpack.com\/fr\/wp-json\/wp\/v2\/media?parent=2927"}],"wp:term":[{"taxonomy":"box-type","embeddable":true,"href":"https:\/\/www.yishengpack.com\/fr\/wp-json\/wp\/v2\/box-type?post=2927"},{"taxonomy":"product_brand","embeddable":true,"href":"https:\/\/www.yishengpack.com\/fr\/wp-json\/wp\/v2\/product_brand?post=2927"},{"taxonomy":"product_cat","embeddable":true,"href":"https:\/\/www.yishengpack.com\/fr\/wp-json\/wp\/v2\/product_cat?post=2927"},{"taxonomy":"product_tag","embeddable":true,"href":"https:\/\/www.yishengpack.com\/fr\/wp-json\/wp\/v2\/product_tag?post=2927"}],"curies":[{"name":"wp","href":"https:\/\/api.w.org\/{rel}","templated":true}]}}