{"id":2872,"date":"2025-12-12T01:29:59","date_gmt":"2025-12-12T01:29:59","guid":{"rendered":"https:\/\/www.yishengpack.com\/?post_type=product&#038;p=2872"},"modified":"2025-12-15T01:06:59","modified_gmt":"2025-12-15T01:06:59","slug":"magnetic-closure-gift-boxes-wholesale","status":"publish","type":"product","link":"https:\/\/www.yishengpack.com\/fr\/produit\/magnetic-closure-gift-boxes-wholesale\/","title":{"rendered":"Bo\u00eetes cadeaux \u00e0 fermeture magn\u00e9tique Wholesale, Bo\u00eetes de dates personnalis\u00e9es"},"content":{"rendered":"<div class=\"wp-block-columns is-layout-flex wp-container-core-columns-is-layout-9d6595d7 wp-block-columns-is-layout-flex\">\n<div class=\"wp-block-column is-layout-flow wp-block-column-is-layout-flow\">\n<h3 class=\"wp-block-heading\">Caract\u00e9ristiques des bo\u00eetes cadeaux \u00e0 fermeture magn\u00e9tique Wholesale<\/h3>\n\n\n\n<p><strong>Construction rigide et durable : <\/strong>Ces bo\u00eetes cadeaux \u00e0 fermeture magn\u00e9tique sont fabriqu\u00e9es en carton ; la bo\u00eete conserve sa forme et r\u00e9siste aux bosses et \u00e0 la d\u00e9formation pendant la manipulation, le stockage et le transport.<\/p>\n\n\n\n<p><strong>Joint magn\u00e9tique Structure de levage :<\/strong> Ces bo\u00eetes \u00e0 dattes personnalis\u00e9es \u00e9l\u00e9gantes utilisent une fermeture magn\u00e9tique cach\u00e9e pour offrir une exp\u00e9rience de d\u00e9ballage transparente et de qualit\u00e9 sup\u00e9rieure, tout en gardant le contenu bien enferm\u00e9.<\/p>\n\n\n\n<p><strong>Conception de la structure de l'emballage de qualit\u00e9 alimentaire : <\/strong>L'int\u00e9rieur de ces bo\u00eetes cadeaux \u00e0 fermeture magn\u00e9tique peut \u00eatre \u00e9quip\u00e9 de plateaux, de s\u00e9parateurs et de doublures transparentes de qualit\u00e9 alimentaire, adapt\u00e9s aux dattes, aux chocolats, aux bo\u00eetes cadeaux pour les f\u00eates et \u00e0 d'autres utilisations.<\/p>\n\n\n\n<p><strong>Accents d\u00e9coratifs \u00e0 th\u00e8me : <\/strong>Ces bo\u00eetes \u00e0 dattes personnalis\u00e9es sont orn\u00e9es de motifs inspir\u00e9s de la culture (comme des croissants de lune, des motifs g\u00e9om\u00e9triques) et de d\u00e9tails m\u00e9talliques, et conviennent aux occasions festives.<\/p>\n\n\n\n<p><strong>Possibilit\u00e9s de personnalisation compl\u00e8te : <\/strong>Ces bo\u00eetes cadeaux \u00e0 fermeture magn\u00e9tique peuvent \u00eatre personnalis\u00e9es en termes de taille, de couleur, de mat\u00e9riau, de structure, d'impression, de marquage \u00e0 chaud, de rev\u00eatement UV, de gaufrage, etc.<\/p>\n<\/div>\n\n\n\n<div class=\"wp-block-column is-layout-flow wp-block-column-is-layout-flow\">\n<figure class=\"wp-block-image size-full\"><img decoding=\"async\" width=\"1817\" height=\"1817\" src=\"https:\/\/www.yishengpack.com\/wp-content\/uploads\/2025\/11\/Wholesale-Superior-Magnetic-Gift-Boxes-Sturdy-Dates-Packing-Boxes-with-Custom-Logo-2.webp\" alt=\"bo\u00eetes-cadeaux-fermeture-magn\u00e9tique-bo\u00eetes-cadeaux-en-gros-personnalis\u00e9es-2\" class=\"wp-image-2874\" srcset=\"https:\/\/www.yishengpack.com\/wp-content\/uploads\/2025\/11\/Wholesale-Superior-Magnetic-Gift-Boxes-Sturdy-Dates-Packing-Boxes-with-Custom-Logo-2.webp 1817w, https:\/\/www.yishengpack.com\/wp-content\/uploads\/2025\/11\/Wholesale-Superior-Magnetic-Gift-Boxes-Sturdy-Dates-Packing-Boxes-with-Custom-Logo-2-300x300.webp 300w, https:\/\/www.yishengpack.com\/wp-content\/uploads\/2025\/11\/Wholesale-Superior-Magnetic-Gift-Boxes-Sturdy-Dates-Packing-Boxes-with-Custom-Logo-2-150x150.webp 150w, https:\/\/www.yishengpack.com\/wp-content\/uploads\/2025\/11\/Wholesale-Superior-Magnetic-Gift-Boxes-Sturdy-Dates-Packing-Boxes-with-Custom-Logo-2-768x768.webp 768w, https:\/\/www.yishengpack.com\/wp-content\/uploads\/2025\/11\/Wholesale-Superior-Magnetic-Gift-Boxes-Sturdy-Dates-Packing-Boxes-with-Custom-Logo-2-12x12.webp 12w, https:\/\/www.yishengpack.com\/wp-content\/uploads\/2025\/11\/Wholesale-Superior-Magnetic-Gift-Boxes-Sturdy-Dates-Packing-Boxes-with-Custom-Logo-2-1200x1200.webp 1200w, https:\/\/www.yishengpack.com\/wp-content\/uploads\/2025\/11\/Wholesale-Superior-Magnetic-Gift-Boxes-Sturdy-Dates-Packing-Boxes-with-Custom-Logo-2-600x600.webp 600w, https:\/\/www.yishengpack.com\/wp-content\/uploads\/2025\/11\/Wholesale-Superior-Magnetic-Gift-Boxes-Sturdy-Dates-Packing-Boxes-with-Custom-Logo-2-100x100.webp 100w\" sizes=\"(max-width: 1817px) 100vw, 1817px\" \/><\/figure>\n<\/div>\n<\/div>\n\n\n\n<div class=\"wp-block-columns is-layout-flex wp-container-core-columns-is-layout-9d6595d7 wp-block-columns-is-layout-flex\">\n<div class=\"wp-block-column is-layout-flow wp-block-column-is-layout-flow\">\n<figure class=\"wp-block-image size-full\"><img decoding=\"async\" width=\"2048\" height=\"2048\" src=\"https:\/\/www.yishengpack.com\/wp-content\/uploads\/2025\/11\/Wholesale-Superior-Magnetic-Gift-Boxes-Sturdy-Dates-Packing-Boxes-with-Custom-Logo-7.webp\" alt=\"bo\u00eetes-cadeaux-fermeture-magn\u00e9tique-bo\u00eetes-cadeaux-en-gros-personnalis\u00e9es-7\" class=\"wp-image-2879\" srcset=\"https:\/\/www.yishengpack.com\/wp-content\/uploads\/2025\/11\/Wholesale-Superior-Magnetic-Gift-Boxes-Sturdy-Dates-Packing-Boxes-with-Custom-Logo-7.webp 2048w, https:\/\/www.yishengpack.com\/wp-content\/uploads\/2025\/11\/Wholesale-Superior-Magnetic-Gift-Boxes-Sturdy-Dates-Packing-Boxes-with-Custom-Logo-7-300x300.webp 300w, https:\/\/www.yishengpack.com\/wp-content\/uploads\/2025\/11\/Wholesale-Superior-Magnetic-Gift-Boxes-Sturdy-Dates-Packing-Boxes-with-Custom-Logo-7-150x150.webp 150w, https:\/\/www.yishengpack.com\/wp-content\/uploads\/2025\/11\/Wholesale-Superior-Magnetic-Gift-Boxes-Sturdy-Dates-Packing-Boxes-with-Custom-Logo-7-768x768.webp 768w, https:\/\/www.yishengpack.com\/wp-content\/uploads\/2025\/11\/Wholesale-Superior-Magnetic-Gift-Boxes-Sturdy-Dates-Packing-Boxes-with-Custom-Logo-7-12x12.webp 12w, https:\/\/www.yishengpack.com\/wp-content\/uploads\/2025\/11\/Wholesale-Superior-Magnetic-Gift-Boxes-Sturdy-Dates-Packing-Boxes-with-Custom-Logo-7-1200x1200.webp 1200w, https:\/\/www.yishengpack.com\/wp-content\/uploads\/2025\/11\/Wholesale-Superior-Magnetic-Gift-Boxes-Sturdy-Dates-Packing-Boxes-with-Custom-Logo-7-600x600.webp 600w, https:\/\/www.yishengpack.com\/wp-content\/uploads\/2025\/11\/Wholesale-Superior-Magnetic-Gift-Boxes-Sturdy-Dates-Packing-Boxes-with-Custom-Logo-7-100x100.webp 100w\" sizes=\"(max-width: 2048px) 100vw, 2048px\" \/><\/figure>\n\n\n\n<div class=\"wp-block-buttons has-custom-font-size has-small-font-size is-content-justification-center is-layout-flex wp-container-core-buttons-is-layout-16018d1d wp-block-buttons-is-layout-flex\">\n<div class=\"wp-block-button has-custom-width wp-block-button__width-75\"><a class=\"wp-block-button__link has-background has-small-font-size has-custom-font-size wp-element-button\" href=\"https:\/\/www.yishengpack.com\/fr\/custom-printed-box\/\" style=\"background:linear-gradient(135deg,rgb(254,205,165) 0%,rgb(254,45,45) 0%,rgb(94,15,15) 0%,rgb(94,15,15) 100%)\" target=\"_blank\" rel=\"noreferrer noopener\"><strong>D\u00e9couvrez les bo\u00eetes imprim\u00e9es personnalis\u00e9es<\/strong><\/a><\/div>\n<\/div>\n<\/div>\n\n\n\n<div class=\"wp-block-column is-layout-flow wp-block-column-is-layout-flow\">\n<figure class=\"wp-block-image size-full\"><img decoding=\"async\" width=\"1922\" height=\"1922\" src=\"https:\/\/www.yishengpack.com\/wp-content\/uploads\/2025\/11\/Wholesale-Superior-Magnetic-Gift-Boxes-Sturdy-Dates-Packing-Boxes-with-Custom-Logo-5.webp\" alt=\"bo\u00eetes-cadeaux-fermeture-magn\u00e9tique-bo\u00eetes-cadeaux-en-gros-personnalis\u00e9es-5\" class=\"wp-image-2877\" srcset=\"https:\/\/www.yishengpack.com\/wp-content\/uploads\/2025\/11\/Wholesale-Superior-Magnetic-Gift-Boxes-Sturdy-Dates-Packing-Boxes-with-Custom-Logo-5.webp 1922w, https:\/\/www.yishengpack.com\/wp-content\/uploads\/2025\/11\/Wholesale-Superior-Magnetic-Gift-Boxes-Sturdy-Dates-Packing-Boxes-with-Custom-Logo-5-300x300.webp 300w, https:\/\/www.yishengpack.com\/wp-content\/uploads\/2025\/11\/Wholesale-Superior-Magnetic-Gift-Boxes-Sturdy-Dates-Packing-Boxes-with-Custom-Logo-5-150x150.webp 150w, https:\/\/www.yishengpack.com\/wp-content\/uploads\/2025\/11\/Wholesale-Superior-Magnetic-Gift-Boxes-Sturdy-Dates-Packing-Boxes-with-Custom-Logo-5-768x768.webp 768w, https:\/\/www.yishengpack.com\/wp-content\/uploads\/2025\/11\/Wholesale-Superior-Magnetic-Gift-Boxes-Sturdy-Dates-Packing-Boxes-with-Custom-Logo-5-12x12.webp 12w, https:\/\/www.yishengpack.com\/wp-content\/uploads\/2025\/11\/Wholesale-Superior-Magnetic-Gift-Boxes-Sturdy-Dates-Packing-Boxes-with-Custom-Logo-5-1200x1200.webp 1200w, https:\/\/www.yishengpack.com\/wp-content\/uploads\/2025\/11\/Wholesale-Superior-Magnetic-Gift-Boxes-Sturdy-Dates-Packing-Boxes-with-Custom-Logo-5-600x600.webp 600w, https:\/\/www.yishengpack.com\/wp-content\/uploads\/2025\/11\/Wholesale-Superior-Magnetic-Gift-Boxes-Sturdy-Dates-Packing-Boxes-with-Custom-Logo-5-100x100.webp 100w\" sizes=\"(max-width: 1922px) 100vw, 1922px\" \/><\/figure>\n\n\n\n<div class=\"wp-block-buttons has-custom-font-size has-small-font-size is-content-justification-center is-layout-flex wp-container-core-buttons-is-layout-16018d1d wp-block-buttons-is-layout-flex\">\n<div class=\"wp-block-button has-custom-width wp-block-button__width-75\"><a class=\"wp-block-button__link has-background has-small-font-size has-custom-font-size wp-element-button\" href=\"https:\/\/www.yishengpack.com\/fr\/custom-box-inserts-accessories\/\" style=\"background:linear-gradient(135deg,rgb(254,205,165) 0%,rgb(254,45,45) 0%,rgb(94,15,15) 0%,rgb(94,15,15) 100%)\" target=\"_blank\" rel=\"noreferrer noopener\"><strong>D\u00e9couvrez les encarts personnalis\u00e9s<\/strong><\/a><\/div>\n<\/div>\n<\/div>\n<\/div>","protected":false},"excerpt":{"rendered":"<p>Nous vous invitons \u00e0 acheter en gros nos bo\u00eetes cadeaux \u00e0 fermeture magn\u00e9tique de qualit\u00e9 sup\u00e9rieure, con\u00e7ues pour l'emballage de produits alimentaires de luxe, en particulier les dattes et les confiseries. Fabriqu\u00e9es en carton rigide et durable, avec des options d'impression, de couleurs et de logos personnalisables, ces bo\u00eetes offrent une exp\u00e9rience de d\u00e9ballage \u00e9l\u00e9gante et supportent enti\u00e8rement le marquage OEM\/ODM.<\/p>\n<h2>Points forts des bo\u00eetes cadeaux \u00e0 fermeture magn\u00e9tique en gros<\/h2>\n<ul>\n<li>Personnalisation<\/li>\n<li>Dimensions flexibles des compartiments de la grille<\/li>\n<li>Construction robuste<\/li>\n<li>Mat\u00e9riaux de haute qualit\u00e9<\/li>\n<li>Des proc\u00e9d\u00e9s d'impression riches<\/li>\n<li>Diff\u00e9rents types de bo\u00eetes<\/li>\n<li>Plusieurs options de couleurs<\/li>\n<li>Durable et hautement protecteur<\/li>\n<\/ul>","protected":false},"featured_media":2873,"comment_status":"closed","ping_status":"closed","template":"","meta":{"_acf_changed":false},"box-type":[54,57],"product_brand":[],"product_cat":[19,41,68,46,33,44],"product_tag":[],"class_list":{"0":"post-2872","1":"product","2":"type-product","3":"status-publish","4":"has-post-thumbnail","6":"box-type-custom-magnetic-closure-boxes","7":"box-type-custom-rigid-box-with-lid","8":"product_cat-luxury-gift-boxes-wholesale","9":"product_cat-candy-gift-boxes-wholesale","10":"product_cat-custom-dates-box","11":"product_cat-wholesale-paper-boxes","12":"product_cat-food-packaging-boxes-wholesale","13":"product_cat-custom-snack-box","15":"first","16":"instock","17":"shipping-taxable","18":"product-type-simple"},"acf":[],"_links":{"self":[{"href":"https:\/\/www.yishengpack.com\/fr\/wp-json\/wp\/v2\/product\/2872","targetHints":{"allow":["GET"]}}],"collection":[{"href":"https:\/\/www.yishengpack.com\/fr\/wp-json\/wp\/v2\/product"}],"about":[{"href":"https:\/\/www.yishengpack.com\/fr\/wp-json\/wp\/v2\/types\/product"}],"replies":[{"embeddable":true,"href":"https:\/\/www.yishengpack.com\/fr\/wp-json\/wp\/v2\/comments?post=2872"}],"wp:featuredmedia":[{"embeddable":true,"href":"https:\/\/www.yishengpack.com\/fr\/wp-json\/wp\/v2\/media\/2873"}],"wp:attachment":[{"href":"https:\/\/www.yishengpack.com\/fr\/wp-json\/wp\/v2\/media?parent=2872"}],"wp:term":[{"taxonomy":"box-type","embeddable":true,"href":"https:\/\/www.yishengpack.com\/fr\/wp-json\/wp\/v2\/box-type?post=2872"},{"taxonomy":"product_brand","embeddable":true,"href":"https:\/\/www.yishengpack.com\/fr\/wp-json\/wp\/v2\/product_brand?post=2872"},{"taxonomy":"product_cat","embeddable":true,"href":"https:\/\/www.yishengpack.com\/fr\/wp-json\/wp\/v2\/product_cat?post=2872"},{"taxonomy":"product_tag","embeddable":true,"href":"https:\/\/www.yishengpack.com\/fr\/wp-json\/wp\/v2\/product_tag?post=2872"}],"curies":[{"name":"wp","href":"https:\/\/api.w.org\/{rel}","templated":true}]}}