{"id":286,"date":"2025-01-08T02:08:06","date_gmt":"2025-01-08T02:08:06","guid":{"rendered":"https:\/\/www.yishengpack.com\/?post_type=product&#038;p=286"},"modified":"2025-12-13T06:39:30","modified_gmt":"2025-12-13T06:39:30","slug":"wholesale-5-inch-square-cake-box","status":"publish","type":"product","link":"https:\/\/www.yishengpack.com\/fr\/produit\/wholesale-5-inch-square-cake-box\/","title":{"rendered":"Wholesale Square Cake Box 5 Inch with Handle &amp; Cake Board (bo\u00eete \u00e0 g\u00e2teaux carr\u00e9e de 5 pouces avec poign\u00e9e et planche \u00e0 g\u00e2teaux)"},"content":{"rendered":"<div class=\"wp-block-columns is-layout-flex wp-container-core-columns-is-layout-9d6595d7 wp-block-columns-is-layout-flex\">\n<div class=\"wp-block-column is-layout-flow wp-block-column-is-layout-flow\">\n<h3 class=\"wp-block-heading\">Caract\u00e9ristiques de la bo\u00eete \u00e0 g\u00e2teaux carr\u00e9e en gros<\/h3>\n\n\n\n<p><strong>Sur mesure Service de vente en gros : <\/strong>Cette bo\u00eete \u00e0 g\u00e2teaux carr\u00e9e en gros peut \u00eatre command\u00e9e en vrac, convient aux commer\u00e7ants et peut \u00e9galement \u00eatre personnalis\u00e9e avec le logo d'une marque ou un design sur demande.<\/p>\n\n\n\n<p><strong>Poign\u00e9e pratique :<\/strong> Ces bo\u00eetes \u00e0 g\u00e2teaux carr\u00e9es en gros sont dot\u00e9es de poign\u00e9es qui permettent de transporter les g\u00e2teaux en toute s\u00e9curit\u00e9 et confortablement.<\/p>\n\n\n\n<p><strong>Plateau \u00e0 g\u00e2teau blanc robuste : <\/strong>Cette bo\u00eete \u00e0 g\u00e2teaux carr\u00e9e de gros comprend \u00e9galement une planche \u00e0 g\u00e2teaux blanche de premi\u00e8re qualit\u00e9 pour la maintenir stable et align\u00e9e \u00e0 l'int\u00e9rieur de l'emballage, \u00e9vitant ainsi tout glissement ind\u00e9sirable.<\/p>\n\n\n\n<p><strong>Convient aux g\u00e2teaux de 5 pouces :<\/strong> Con\u00e7u pour les g\u00e2teaux de 5 pouces, les cupcakes et les petits desserts.<\/p>\n\n\n\n<p><strong>Mat\u00e9riau sans danger pour les aliments :<\/strong> Cette bo\u00eete \u00e0 g\u00e2teaux carr\u00e9e est fabriqu\u00e9e dans un mat\u00e9riau durable et de haute qualit\u00e9 pour assurer la protection et la fra\u00eecheur de vos g\u00e2teaux.<\/p>\n\n\n\n<p><strong>Conception visuelle transparente :<\/strong> Cette bo\u00eete \u00e0 g\u00e2teau carr\u00e9e permet de pr\u00e9senter clairement votre g\u00e2teau.<\/p>\n<\/div>\n\n\n\n<div class=\"wp-block-column is-layout-flow wp-block-column-is-layout-flow\">\n<figure class=\"wp-block-image size-full\"><img decoding=\"async\" width=\"800\" height=\"800\" src=\"https:\/\/www.yishengpack.com\/wp-content\/uploads\/2025\/01\/Wholesale-Square-Cake-Box-5-Inch-Plus-with-Handle-Cake-Board.webp\" alt=\"Wholesale Square Cake Box 5 Inch Plus with Handle &amp; Cake Board (bo\u00eete \u00e0 g\u00e2teaux carr\u00e9e de 5 pouces plus avec poign\u00e9e et planche \u00e0 g\u00e2teaux)\" class=\"wp-image-556\" srcset=\"https:\/\/www.yishengpack.com\/wp-content\/uploads\/2025\/01\/Wholesale-Square-Cake-Box-5-Inch-Plus-with-Handle-Cake-Board.webp 800w, https:\/\/www.yishengpack.com\/wp-content\/uploads\/2025\/01\/Wholesale-Square-Cake-Box-5-Inch-Plus-with-Handle-Cake-Board-300x300.webp 300w, https:\/\/www.yishengpack.com\/wp-content\/uploads\/2025\/01\/Wholesale-Square-Cake-Box-5-Inch-Plus-with-Handle-Cake-Board-150x150.webp 150w, https:\/\/www.yishengpack.com\/wp-content\/uploads\/2025\/01\/Wholesale-Square-Cake-Box-5-Inch-Plus-with-Handle-Cake-Board-768x768.webp 768w, https:\/\/www.yishengpack.com\/wp-content\/uploads\/2025\/01\/Wholesale-Square-Cake-Box-5-Inch-Plus-with-Handle-Cake-Board-600x600.webp 600w, https:\/\/www.yishengpack.com\/wp-content\/uploads\/2025\/01\/Wholesale-Square-Cake-Box-5-Inch-Plus-with-Handle-Cake-Board-100x100.webp 100w\" sizes=\"(max-width: 800px) 100vw, 800px\" \/><\/figure>\n<\/div>\n<\/div>\n\n\n\n<div class=\"wp-block-columns is-layout-flex wp-container-core-columns-is-layout-9d6595d7 wp-block-columns-is-layout-flex\">\n<div class=\"wp-block-column is-layout-flow wp-block-column-is-layout-flow\">\n<figure class=\"wp-block-image size-full\"><img decoding=\"async\" width=\"800\" height=\"800\" src=\"https:\/\/www.yishengpack.com\/wp-content\/uploads\/2025\/01\/Customized-Clear-Cake-Boxes-wholesale-2.webp\" alt=\"Bo\u00eetes \u00e0 g\u00e2teaux transparentes personnalis\u00e9es grossiste (2)\" class=\"wp-image-541\" srcset=\"https:\/\/www.yishengpack.com\/wp-content\/uploads\/2025\/01\/Customized-Clear-Cake-Boxes-wholesale-2.webp 800w, https:\/\/www.yishengpack.com\/wp-content\/uploads\/2025\/01\/Customized-Clear-Cake-Boxes-wholesale-2-300x300.webp 300w, https:\/\/www.yishengpack.com\/wp-content\/uploads\/2025\/01\/Customized-Clear-Cake-Boxes-wholesale-2-150x150.webp 150w, https:\/\/www.yishengpack.com\/wp-content\/uploads\/2025\/01\/Customized-Clear-Cake-Boxes-wholesale-2-768x768.webp 768w, https:\/\/www.yishengpack.com\/wp-content\/uploads\/2025\/01\/Customized-Clear-Cake-Boxes-wholesale-2-600x600.webp 600w, https:\/\/www.yishengpack.com\/wp-content\/uploads\/2025\/01\/Customized-Clear-Cake-Boxes-wholesale-2-100x100.webp 100w\" sizes=\"(max-width: 800px) 100vw, 800px\" \/><\/figure>\n\n\n\n<div class=\"wp-block-buttons has-custom-font-size has-small-font-size is-content-justification-center is-layout-flex wp-container-core-buttons-is-layout-16018d1d wp-block-buttons-is-layout-flex\">\n<div class=\"wp-block-button has-custom-width wp-block-button__width-75\"><a class=\"wp-block-button__link has-background has-small-font-size has-custom-font-size wp-element-button\" href=\"https:\/\/www.yishengpack.com\/fr\/custom-product-boxes-types\/\" style=\"background:linear-gradient(135deg,rgb(254,205,165) 0%,rgb(254,45,45) 0%,rgb(94,15,15) 0%,rgb(94,15,15) 100%)\" target=\"_blank\" rel=\"noreferrer noopener\"><strong>Explorer les types de bo\u00eetes personnalis\u00e9es<\/strong><\/a><\/div>\n<\/div>\n<\/div>\n\n\n\n<div class=\"wp-block-column is-layout-flow wp-block-column-is-layout-flow\">\n<figure class=\"wp-block-image size-full\"><img decoding=\"async\" width=\"694\" height=\"684\" src=\"https:\/\/www.yishengpack.com\/wp-content\/uploads\/2025\/01\/Customized-Clear-Cake-Boxes-wholesale-5.webp\" alt=\"Bo\u00eetes \u00e0 g\u00e2teaux transparentes personnalis\u00e9es en gros (5)\" class=\"wp-image-543\" srcset=\"https:\/\/www.yishengpack.com\/wp-content\/uploads\/2025\/01\/Customized-Clear-Cake-Boxes-wholesale-5.webp 694w, https:\/\/www.yishengpack.com\/wp-content\/uploads\/2025\/01\/Customized-Clear-Cake-Boxes-wholesale-5-300x296.webp 300w, https:\/\/www.yishengpack.com\/wp-content\/uploads\/2025\/01\/Customized-Clear-Cake-Boxes-wholesale-5-600x591.webp 600w, https:\/\/www.yishengpack.com\/wp-content\/uploads\/2025\/01\/Customized-Clear-Cake-Boxes-wholesale-5-100x100.webp 100w\" sizes=\"(max-width: 694px) 100vw, 694px\" \/><\/figure>\n\n\n\n<div class=\"wp-block-buttons has-custom-font-size has-small-font-size is-content-justification-center is-layout-flex wp-container-core-buttons-is-layout-16018d1d wp-block-buttons-is-layout-flex\">\n<div class=\"wp-block-button has-custom-width wp-block-button__width-75\"><a class=\"wp-block-button__link has-background has-small-font-size has-custom-font-size wp-element-button\" href=\"https:\/\/www.yishengpack.com\/fr\/custom-box-inserts-accessories\/\" style=\"background:linear-gradient(135deg,rgb(254,205,165) 0%,rgb(254,45,45) 0%,rgb(94,15,15) 0%,rgb(94,15,15) 100%)\" target=\"_blank\" rel=\"noreferrer noopener\"><strong>D\u00e9couvrez les encarts personnalis\u00e9s<\/strong><\/a><\/div>\n<\/div>\n<\/div>\n<\/div>","protected":false},"excerpt":{"rendered":"<p>Notre bo\u00eete \u00e0 g\u00e2teaux carr\u00e9e de 5 pouces avec poign\u00e9e et planche \u00e0 g\u00e2teaux offre une pr\u00e9sentation \u00e9l\u00e9gante et pratique. Fabriqu\u00e9 \u00e0 partir de mat\u00e9riaux robustes et sans danger pour les aliments, il permet de pr\u00e9senter clairement les g\u00e2teaux tout en les prot\u00e9geant pendant le transport. La poign\u00e9e est con\u00e7ue pour faciliter le transport et la planche \u00e0 g\u00e2teau incluse permet de maintenir les g\u00e2teaux stables. Id\u00e9ales pour les boulangeries, les traiteurs et les \u00e9v\u00e9nements sp\u00e9ciaux, ces bo\u00eetes \u00e0 g\u00e2teaux peuvent \u00eatre command\u00e9es en vrac avec un logo ou un design personnalis\u00e9 sur demande.<\/p>\n<h2>Bo\u00eete \u00e0 g\u00e2teaux carr\u00e9e en gros Sp\u00e9cifications :<\/h2>\n<table width=\"528\">\n<tbody>\n<tr>\n<td width=\"215\">Fabricant :<\/td>\n<td colspan=\"2\" width=\"313\">Yisheng<\/td>\n<\/tr>\n<tr>\n<td>Mod\u00e8le :<\/td>\n<td colspan=\"2\">CakeBox-5+<\/td>\n<\/tr>\n<tr>\n<td>Mat\u00e9riau :\u00a0<\/td>\n<td colspan=\"2\">PET+Carton blanc<\/td>\n<\/tr>\n<tr>\n<td>Couleur :\u00a0<\/td>\n<td colspan=\"2\">CLear<\/td>\n<\/tr>\n<tr>\n<td>Taille :\u00a0<\/td>\n<td colspan=\"2\" width=\"313\">16cm*16cm*15cm<\/td>\n<\/tr>\n<tr>\n<td>Poids :\u00a0<\/td>\n<td colspan=\"2\" width=\"313\">82g\/pc<\/td>\n<\/tr>\n<tr>\n<td>Forme :\u00a0<\/td>\n<td colspan=\"2\" width=\"313\">Rectangle<\/td>\n<\/tr>\n<tr>\n<td>Emballage :\u00a0<\/td>\n<td colspan=\"2\">Boxe directe<\/td>\n<\/tr>\n<tr>\n<td>MOQ :\u00a0<\/td>\n<td colspan=\"2\">400pcs<\/td>\n<\/tr>\n<tr>\n<td>OEM&amp;ODM :\u00a0<\/td>\n<td colspan=\"2\">Sur mesure, Bienvenue OEM&amp;ODM<\/td>\n<\/tr>\n<tr>\n<td>Exemple\uff1a<\/td>\n<td colspan=\"2\">10 pcs \u00e9chantillons gratuits peuvent \u00eatre demand\u00e9s<\/td>\n<\/tr>\n<\/tbody>\n<\/table>\n<p><script src=\"chrome-extension:\/\/fpelahbljekknahkcaegamhcndkfpfnc\/iFrame.js\" type=\"text\/javascript\"><\/script><\/p>","protected":false},"featured_media":553,"comment_status":"closed","ping_status":"closed","template":"","meta":{"_acf_changed":false},"box-type":[55],"product_brand":[],"product_cat":[21,46,30,33,45],"product_tag":[],"class_list":{"0":"post-286","1":"product","2":"type-product","3":"status-publish","4":"has-post-thumbnail","6":"box-type-custom-foldable-boxes","7":"product_cat-plastic-cake-containers-wholesale","8":"product_cat-wholesale-paper-boxes","9":"product_cat-cake-containers-wholesale","10":"product_cat-food-packaging-boxes-wholesale","11":"product_cat-bulk-disposable-food-containers","13":"first","14":"instock","15":"shipping-taxable","16":"product-type-simple"},"acf":[],"_links":{"self":[{"href":"https:\/\/www.yishengpack.com\/fr\/wp-json\/wp\/v2\/product\/286","targetHints":{"allow":["GET"]}}],"collection":[{"href":"https:\/\/www.yishengpack.com\/fr\/wp-json\/wp\/v2\/product"}],"about":[{"href":"https:\/\/www.yishengpack.com\/fr\/wp-json\/wp\/v2\/types\/product"}],"replies":[{"embeddable":true,"href":"https:\/\/www.yishengpack.com\/fr\/wp-json\/wp\/v2\/comments?post=286"}],"wp:featuredmedia":[{"embeddable":true,"href":"https:\/\/www.yishengpack.com\/fr\/wp-json\/wp\/v2\/media\/553"}],"wp:attachment":[{"href":"https:\/\/www.yishengpack.com\/fr\/wp-json\/wp\/v2\/media?parent=286"}],"wp:term":[{"taxonomy":"box-type","embeddable":true,"href":"https:\/\/www.yishengpack.com\/fr\/wp-json\/wp\/v2\/box-type?post=286"},{"taxonomy":"product_brand","embeddable":true,"href":"https:\/\/www.yishengpack.com\/fr\/wp-json\/wp\/v2\/product_brand?post=286"},{"taxonomy":"product_cat","embeddable":true,"href":"https:\/\/www.yishengpack.com\/fr\/wp-json\/wp\/v2\/product_cat?post=286"},{"taxonomy":"product_tag","embeddable":true,"href":"https:\/\/www.yishengpack.com\/fr\/wp-json\/wp\/v2\/product_tag?post=286"}],"curies":[{"name":"wp","href":"https:\/\/api.w.org\/{rel}","templated":true}]}}