{"id":285,"date":"2025-01-07T06:52:49","date_gmt":"2025-01-07T06:52:49","guid":{"rendered":"https:\/\/www.yishengpack.com\/?post_type=product&#038;p=285"},"modified":"2025-12-13T06:31:49","modified_gmt":"2025-12-13T06:31:49","slug":"clear-plastic-cake-box-wholesale","status":"publish","type":"product","link":"https:\/\/www.yishengpack.com\/fr\/produit\/clear-plastic-cake-box-wholesale\/","title":{"rendered":"Bo\u00eete \u00e0 g\u00e2teau en plastique transparent de 2 pouces en gros, contenant \u00e0 g\u00e2teau en vrac"},"content":{"rendered":"<div class=\"wp-block-columns is-layout-flex wp-container-core-columns-is-layout-9d6595d7 wp-block-columns-is-layout-flex\">\n<div class=\"wp-block-column is-layout-flow wp-block-column-is-layout-flow\">\n<h3 class=\"wp-block-heading\">Features of Clear Plastic Cake Box Wholesale<\/h3>\n\n\n\n<p><strong>Plastique transparent de haute qualit\u00e9 :<\/strong> This clear plastic cake box wholesale is made of heavy-duty, food-grade PET\/PVC material for excellent clarity and protection.<\/p>\n\n\n\n<p><strong>Poign\u00e9e pratique :<\/strong> The clear plastic cake box wholesale has easy carrying handles that permit safe and comfortable transportation of the cakes.<\/p>\n\n\n\n<p><strong>Plateau \u00e0 g\u00e2teau blanc robuste : <\/strong>This clear plastic cake box wholesale also includes a premium white cake board to keep it stable and aligned inside the package, preventing undesirable sliding.<\/p>\n\n\n\n<p><strong>Services personnalis\u00e9s : <\/strong>Peut \u00eatre personnalis\u00e9 selon votre image de marque avec le logo et le design de votre entreprise, ainsi que selon vos exigences sp\u00e9cifiques en mati\u00e8re de taille.<\/p>\n\n\n\n<p>Square Design: This mini cake box is suitable for mini cakes, cupcakes, and small desserts.<\/p>\n\n\n\n<p><strong>Secure Closure:<\/strong> This wholesale clear plastic cake box ensures cakes are safe and fresh during transportation.<\/p>\n<\/div>\n\n\n\n<div class=\"wp-block-column is-layout-flow wp-block-column-is-layout-flow\">\n<figure class=\"wp-block-image size-full\"><img decoding=\"async\" width=\"800\" height=\"800\" src=\"https:\/\/www.yishengpack.com\/wp-content\/uploads\/2025\/01\/2-inch-Clear-Plastic-Cake-Box-Wholesale-Square-Mini-Cake-Container.webp\" alt=\"Bo\u00eete \u00e0 g\u00e2teaux en plastique transparent 2-inch Wholesale Square Mini Cake Container\" class=\"wp-image-549\" srcset=\"https:\/\/www.yishengpack.com\/wp-content\/uploads\/2025\/01\/2-inch-Clear-Plastic-Cake-Box-Wholesale-Square-Mini-Cake-Container.webp 800w, https:\/\/www.yishengpack.com\/wp-content\/uploads\/2025\/01\/2-inch-Clear-Plastic-Cake-Box-Wholesale-Square-Mini-Cake-Container-300x300.webp 300w, https:\/\/www.yishengpack.com\/wp-content\/uploads\/2025\/01\/2-inch-Clear-Plastic-Cake-Box-Wholesale-Square-Mini-Cake-Container-150x150.webp 150w, https:\/\/www.yishengpack.com\/wp-content\/uploads\/2025\/01\/2-inch-Clear-Plastic-Cake-Box-Wholesale-Square-Mini-Cake-Container-768x768.webp 768w, https:\/\/www.yishengpack.com\/wp-content\/uploads\/2025\/01\/2-inch-Clear-Plastic-Cake-Box-Wholesale-Square-Mini-Cake-Container-600x600.webp 600w, https:\/\/www.yishengpack.com\/wp-content\/uploads\/2025\/01\/2-inch-Clear-Plastic-Cake-Box-Wholesale-Square-Mini-Cake-Container-100x100.webp 100w\" sizes=\"(max-width: 800px) 100vw, 800px\" \/><\/figure>\n<\/div>\n<\/div>\n\n\n\n<div class=\"wp-block-columns is-layout-flex wp-container-core-columns-is-layout-9d6595d7 wp-block-columns-is-layout-flex\">\n<div class=\"wp-block-column is-layout-flow wp-block-column-is-layout-flow\">\n<figure class=\"wp-block-image size-full\"><img decoding=\"async\" width=\"800\" height=\"800\" src=\"https:\/\/www.yishengpack.com\/wp-content\/uploads\/2025\/01\/Customized-Clear-Cake-Boxes-wholesale-2.webp\" alt=\"Bo\u00eetes \u00e0 g\u00e2teaux transparentes personnalis\u00e9es grossiste (2)\" class=\"wp-image-541\" srcset=\"https:\/\/www.yishengpack.com\/wp-content\/uploads\/2025\/01\/Customized-Clear-Cake-Boxes-wholesale-2.webp 800w, https:\/\/www.yishengpack.com\/wp-content\/uploads\/2025\/01\/Customized-Clear-Cake-Boxes-wholesale-2-300x300.webp 300w, https:\/\/www.yishengpack.com\/wp-content\/uploads\/2025\/01\/Customized-Clear-Cake-Boxes-wholesale-2-150x150.webp 150w, https:\/\/www.yishengpack.com\/wp-content\/uploads\/2025\/01\/Customized-Clear-Cake-Boxes-wholesale-2-768x768.webp 768w, https:\/\/www.yishengpack.com\/wp-content\/uploads\/2025\/01\/Customized-Clear-Cake-Boxes-wholesale-2-600x600.webp 600w, https:\/\/www.yishengpack.com\/wp-content\/uploads\/2025\/01\/Customized-Clear-Cake-Boxes-wholesale-2-100x100.webp 100w\" sizes=\"(max-width: 800px) 100vw, 800px\" \/><\/figure>\n\n\n\n<div class=\"wp-block-buttons has-custom-font-size has-small-font-size is-content-justification-center is-layout-flex wp-container-core-buttons-is-layout-16018d1d wp-block-buttons-is-layout-flex\">\n<div class=\"wp-block-button has-custom-width wp-block-button__width-75\"><a class=\"wp-block-button__link has-background has-small-font-size has-custom-font-size wp-element-button\" href=\"https:\/\/www.yishengpack.com\/fr\/custom-product-boxes-types\/\" style=\"background:linear-gradient(135deg,rgb(254,205,165) 0%,rgb(254,45,45) 0%,rgb(94,15,15) 0%,rgb(94,15,15) 100%)\" target=\"_blank\" rel=\"noreferrer noopener\"><strong>Explorer les types de bo\u00eetes personnalis\u00e9es<\/strong><\/a><\/div>\n<\/div>\n<\/div>\n\n\n\n<div class=\"wp-block-column is-layout-flow wp-block-column-is-layout-flow\">\n<figure class=\"wp-block-image size-full\"><img decoding=\"async\" width=\"694\" height=\"684\" src=\"https:\/\/www.yishengpack.com\/wp-content\/uploads\/2025\/01\/Customized-Clear-Cake-Boxes-wholesale-5.webp\" alt=\"Bo\u00eetes \u00e0 g\u00e2teaux transparentes personnalis\u00e9es en gros (5)\" class=\"wp-image-543\" srcset=\"https:\/\/www.yishengpack.com\/wp-content\/uploads\/2025\/01\/Customized-Clear-Cake-Boxes-wholesale-5.webp 694w, https:\/\/www.yishengpack.com\/wp-content\/uploads\/2025\/01\/Customized-Clear-Cake-Boxes-wholesale-5-300x296.webp 300w, https:\/\/www.yishengpack.com\/wp-content\/uploads\/2025\/01\/Customized-Clear-Cake-Boxes-wholesale-5-600x591.webp 600w, https:\/\/www.yishengpack.com\/wp-content\/uploads\/2025\/01\/Customized-Clear-Cake-Boxes-wholesale-5-100x100.webp 100w\" sizes=\"(max-width: 694px) 100vw, 694px\" \/><\/figure>\n\n\n\n<div class=\"wp-block-buttons has-custom-font-size has-small-font-size is-content-justification-center is-layout-flex wp-container-core-buttons-is-layout-16018d1d wp-block-buttons-is-layout-flex\">\n<div class=\"wp-block-button has-custom-width wp-block-button__width-75\"><a class=\"wp-block-button__link has-background has-small-font-size has-custom-font-size wp-element-button\" href=\"https:\/\/www.yishengpack.com\/fr\/custom-box-inserts-accessories\/\" style=\"background:linear-gradient(135deg,rgb(254,205,165) 0%,rgb(254,45,45) 0%,rgb(94,15,15) 0%,rgb(94,15,15) 100%)\" target=\"_blank\" rel=\"noreferrer noopener\"><strong>D\u00e9couvrez les encarts personnalis\u00e9s<\/strong><\/a><\/div>\n<\/div>\n<\/div>\n<\/div>","protected":false},"excerpt":{"rendered":"<p>Yisheng Wholesale Supply&#8217;s 2 Inch clear plastic cake box wholesale is ideal for packaging mini cakes, cupcakes and other small desserts. Made of durable, food-safe plastic, the square design allows for a clear display of your products while ensuring safety and stability during transportation. Designed for mini cakes, this cake box is perfect for bakeries, catering services and events of all kinds.<\/p>\n<h2>Clear Plastic Cake Box Wholesale Specifications:<\/h2>\n<table width=\"528\">\n<tbody>\n<tr>\n<td width=\"215\">Fabricant :<\/td>\n<td colspan=\"2\" width=\"313\">Yisheng<\/td>\n<\/tr>\n<tr>\n<td>Mod\u00e8le :<\/td>\n<td colspan=\"2\">CakeBox-2<\/td>\n<\/tr>\n<tr>\n<td>Mat\u00e9riau :\u00a0<\/td>\n<td colspan=\"2\">PET+Carton blanc<\/td>\n<\/tr>\n<tr>\n<td>Couleur :\u00a0<\/td>\n<td colspan=\"2\">CLear<\/td>\n<\/tr>\n<tr>\n<td>Taille :\u00a0<\/td>\n<td colspan=\"2\" width=\"313\">8.5cm*8.5cm*8.5cm<\/td>\n<\/tr>\n<tr>\n<td>Poids :\u00a0<\/td>\n<td colspan=\"2\" width=\"313\">23g\/pc<\/td>\n<\/tr>\n<tr>\n<td>Forme :\u00a0<\/td>\n<td colspan=\"2\" width=\"313\">Carr\u00e9<\/td>\n<\/tr>\n<tr>\n<td>Emballage :\u00a0<\/td>\n<td colspan=\"2\">Boxe directe<\/td>\n<\/tr>\n<tr>\n<td>MOQ :\u00a0<\/td>\n<td colspan=\"2\">1000pcs<\/td>\n<\/tr>\n<tr>\n<td>OEM&amp;ODM :\u00a0<\/td>\n<td colspan=\"2\">Sur mesure, Bienvenue OEM&amp;ODM<\/td>\n<\/tr>\n<tr>\n<td>Exemple\uff1a<\/td>\n<td colspan=\"2\">10 pcs \u00e9chantillons gratuits peuvent \u00eatre demand\u00e9s<\/td>\n<\/tr>\n<\/tbody>\n<\/table>\n<p><script src=\"chrome-extension:\/\/fpelahbljekknahkcaegamhcndkfpfnc\/iFrame.js\" type=\"text\/javascript\"><\/script><\/p>","protected":false},"featured_media":550,"comment_status":"closed","ping_status":"closed","template":"","meta":{"_acf_changed":false},"box-type":[55],"product_brand":[],"product_cat":[21,46,30,33,45],"product_tag":[],"class_list":{"0":"post-285","1":"product","2":"type-product","3":"status-publish","4":"has-post-thumbnail","6":"box-type-custom-foldable-boxes","7":"product_cat-plastic-cake-containers-wholesale","8":"product_cat-wholesale-paper-boxes","9":"product_cat-cake-containers-wholesale","10":"product_cat-food-packaging-boxes-wholesale","11":"product_cat-bulk-disposable-food-containers","13":"first","14":"instock","15":"shipping-taxable","16":"product-type-simple"},"acf":[],"_links":{"self":[{"href":"https:\/\/www.yishengpack.com\/fr\/wp-json\/wp\/v2\/product\/285","targetHints":{"allow":["GET"]}}],"collection":[{"href":"https:\/\/www.yishengpack.com\/fr\/wp-json\/wp\/v2\/product"}],"about":[{"href":"https:\/\/www.yishengpack.com\/fr\/wp-json\/wp\/v2\/types\/product"}],"replies":[{"embeddable":true,"href":"https:\/\/www.yishengpack.com\/fr\/wp-json\/wp\/v2\/comments?post=285"}],"wp:featuredmedia":[{"embeddable":true,"href":"https:\/\/www.yishengpack.com\/fr\/wp-json\/wp\/v2\/media\/550"}],"wp:attachment":[{"href":"https:\/\/www.yishengpack.com\/fr\/wp-json\/wp\/v2\/media?parent=285"}],"wp:term":[{"taxonomy":"box-type","embeddable":true,"href":"https:\/\/www.yishengpack.com\/fr\/wp-json\/wp\/v2\/box-type?post=285"},{"taxonomy":"product_brand","embeddable":true,"href":"https:\/\/www.yishengpack.com\/fr\/wp-json\/wp\/v2\/product_brand?post=285"},{"taxonomy":"product_cat","embeddable":true,"href":"https:\/\/www.yishengpack.com\/fr\/wp-json\/wp\/v2\/product_cat?post=285"},{"taxonomy":"product_tag","embeddable":true,"href":"https:\/\/www.yishengpack.com\/fr\/wp-json\/wp\/v2\/product_tag?post=285"}],"curies":[{"name":"wp","href":"https:\/\/api.w.org\/{rel}","templated":true}]}}