{"id":2847,"date":"2025-12-11T16:19:48","date_gmt":"2025-12-11T16:19:48","guid":{"rendered":"https:\/\/www.yishengpack.com\/?post_type=product&#038;p=2847"},"modified":"2025-12-13T02:12:55","modified_gmt":"2025-12-13T02:12:55","slug":"pastry-boxes-bulk","status":"publish","type":"product","link":"https:\/\/www.yishengpack.com\/fr\/produit\/pastry-boxes-bulk\/","title":{"rendered":"Bo\u00eetes \u00e0 p\u00e2tisserie magn\u00e9tiques en vrac, Bo\u00eetes \u00e0 dattes rigides pour le Ramadan en gros"},"content":{"rendered":"<div class=\"wp-block-columns is-layout-flex wp-container-core-columns-is-layout-9d6595d7 wp-block-columns-is-layout-flex\">\n<div class=\"wp-block-column is-layout-flow wp-block-column-is-layout-flow\">\n<h3 class=\"wp-block-heading\">Caract\u00e9ristiques des bo\u00eetes \u00e0 p\u00e2tisserie magn\u00e9tiques en vrac<\/h3>\n\n\n\n<p><strong>Sceau magn\u00e9tique pour une sophistication sans faille :<\/strong> Les bo\u00eetes \u00e0 p\u00e2tisserie de qualit\u00e9 sup\u00e9rieure en vrac sont dot\u00e9es d'une fermeture magn\u00e9tique, ce qui rend la fermeture simple et sophistiqu\u00e9e. Elle offre une ouverture plus \u00e9l\u00e9gante pour les chocolats, les dattes et les sucreries, ce qui est id\u00e9al pour les cadeaux haut de gamme.<\/p>\n\n\n\n<p><strong>Disposition compartiment\u00e9e pour l'organisation des traitements :<\/strong> Ces bo\u00eetes \u00e0 p\u00e2tisserie magn\u00e9tiques en vrac ont une disposition compartiment\u00e9e qui permet de ranger les chocolats, les dattes et les bonbons dans des fentes s\u00e9par\u00e9es. Elles \u00e9vitent les m\u00e9langes et les d\u00e9t\u00e9riorations, garantissant ainsi que chaque friandise reste en parfait \u00e9tat, ce qui convient aux cadeaux de luxe \u00e0 articles multiples.<\/p>\n\n\n\n<p><strong>Construction rigide pour une qualit\u00e9 durable :<\/strong> La bo\u00eete de dattes du Ramadan est fabriqu\u00e9e \u00e0 partir d'un carton rigide qui conserve sa forme et offre une protection solide aux articles d\u00e9licats tels que les chocolats et les dattes pendant le transport. Elle refl\u00e8te une qualit\u00e9 et une sophistication durables.<\/p>\n\n\n\n<p><strong>Convient aux cadeaux du Ramadan :<\/strong> Les bo\u00eetes \u00e0 p\u00e2tisserie magn\u00e9tiques en vrac de premi\u00e8re qualit\u00e9 peuvent \u00eatre imprim\u00e9es avec des motifs de style moyen-oriental en or, vert fonc\u00e9, bleu fonc\u00e9, etc., ce qui en fait un choix id\u00e9al pour le Ramadan et les bo\u00eetes-cadeaux.<\/p>\n\n\n\n<p><strong>Convient aux grossistes et aux propri\u00e9taires de marques :<\/strong> La bo\u00eete de dattes du Ramadan en gros a pour fonction de produire rapidement de grandes quantit\u00e9s ; nous proposons des logos personnalis\u00e9s, des conceptions th\u00e9matiques et des solutions d'emballage exclusives. Les hexagones peuvent \u00eatre fabriqu\u00e9s dans de nombreuses tailles diff\u00e9rentes et sont id\u00e9aux pour les tartes, les dattes, les chocolats et les bonbons.<\/p>\n<\/div>\n\n\n\n<div class=\"wp-block-column is-layout-flow wp-block-column-is-layout-flow\">\n<figure class=\"wp-block-image size-full\"><img decoding=\"async\" width=\"2048\" height=\"2048\" src=\"https:\/\/www.yishengpack.com\/wp-content\/uploads\/2025\/11\/Wholesale-Premium-High-Grade-Gift-Boxes-Customized-Rigid-Magnetic-Pastry-Boxes-2.webp\" alt=\"magnetic-pastry-boxes-bulk-rigid-ramadan-date-box-wholesale-2\" class=\"wp-image-2857\" srcset=\"https:\/\/www.yishengpack.com\/wp-content\/uploads\/2025\/11\/Wholesale-Premium-High-Grade-Gift-Boxes-Customized-Rigid-Magnetic-Pastry-Boxes-2.webp 2048w, https:\/\/www.yishengpack.com\/wp-content\/uploads\/2025\/11\/Wholesale-Premium-High-Grade-Gift-Boxes-Customized-Rigid-Magnetic-Pastry-Boxes-2-300x300.webp 300w, https:\/\/www.yishengpack.com\/wp-content\/uploads\/2025\/11\/Wholesale-Premium-High-Grade-Gift-Boxes-Customized-Rigid-Magnetic-Pastry-Boxes-2-150x150.webp 150w, https:\/\/www.yishengpack.com\/wp-content\/uploads\/2025\/11\/Wholesale-Premium-High-Grade-Gift-Boxes-Customized-Rigid-Magnetic-Pastry-Boxes-2-768x768.webp 768w, https:\/\/www.yishengpack.com\/wp-content\/uploads\/2025\/11\/Wholesale-Premium-High-Grade-Gift-Boxes-Customized-Rigid-Magnetic-Pastry-Boxes-2-12x12.webp 12w, https:\/\/www.yishengpack.com\/wp-content\/uploads\/2025\/11\/Wholesale-Premium-High-Grade-Gift-Boxes-Customized-Rigid-Magnetic-Pastry-Boxes-2-1200x1200.webp 1200w, https:\/\/www.yishengpack.com\/wp-content\/uploads\/2025\/11\/Wholesale-Premium-High-Grade-Gift-Boxes-Customized-Rigid-Magnetic-Pastry-Boxes-2-600x600.webp 600w, https:\/\/www.yishengpack.com\/wp-content\/uploads\/2025\/11\/Wholesale-Premium-High-Grade-Gift-Boxes-Customized-Rigid-Magnetic-Pastry-Boxes-2-100x100.webp 100w\" sizes=\"(max-width: 2048px) 100vw, 2048px\" \/><\/figure>\n<\/div>\n<\/div>\n\n\n\n<div class=\"wp-block-columns is-layout-flex wp-container-core-columns-is-layout-9d6595d7 wp-block-columns-is-layout-flex\">\n<div class=\"wp-block-column is-layout-flow wp-block-column-is-layout-flow\">\n<figure class=\"wp-block-image size-full\"><img decoding=\"async\" width=\"2048\" height=\"2048\" src=\"https:\/\/www.yishengpack.com\/wp-content\/uploads\/2025\/11\/Wholesale-Premium-High-Grade-Gift-Boxes-Customized-Rigid-Magnetic-Pastry-Boxes-6.webp\" alt=\"magnetic-pastry-boxes-bulk-rigid-ramadan-date-box-wholesale-6\" class=\"wp-image-2861\" srcset=\"https:\/\/www.yishengpack.com\/wp-content\/uploads\/2025\/11\/Wholesale-Premium-High-Grade-Gift-Boxes-Customized-Rigid-Magnetic-Pastry-Boxes-6.webp 2048w, https:\/\/www.yishengpack.com\/wp-content\/uploads\/2025\/11\/Wholesale-Premium-High-Grade-Gift-Boxes-Customized-Rigid-Magnetic-Pastry-Boxes-6-300x300.webp 300w, https:\/\/www.yishengpack.com\/wp-content\/uploads\/2025\/11\/Wholesale-Premium-High-Grade-Gift-Boxes-Customized-Rigid-Magnetic-Pastry-Boxes-6-150x150.webp 150w, https:\/\/www.yishengpack.com\/wp-content\/uploads\/2025\/11\/Wholesale-Premium-High-Grade-Gift-Boxes-Customized-Rigid-Magnetic-Pastry-Boxes-6-768x768.webp 768w, https:\/\/www.yishengpack.com\/wp-content\/uploads\/2025\/11\/Wholesale-Premium-High-Grade-Gift-Boxes-Customized-Rigid-Magnetic-Pastry-Boxes-6-12x12.webp 12w, https:\/\/www.yishengpack.com\/wp-content\/uploads\/2025\/11\/Wholesale-Premium-High-Grade-Gift-Boxes-Customized-Rigid-Magnetic-Pastry-Boxes-6-1200x1200.webp 1200w, https:\/\/www.yishengpack.com\/wp-content\/uploads\/2025\/11\/Wholesale-Premium-High-Grade-Gift-Boxes-Customized-Rigid-Magnetic-Pastry-Boxes-6-600x600.webp 600w, https:\/\/www.yishengpack.com\/wp-content\/uploads\/2025\/11\/Wholesale-Premium-High-Grade-Gift-Boxes-Customized-Rigid-Magnetic-Pastry-Boxes-6-100x100.webp 100w\" sizes=\"(max-width: 2048px) 100vw, 2048px\" \/><\/figure>\n\n\n\n<div class=\"wp-block-buttons has-custom-font-size has-small-font-size is-content-justification-center is-layout-flex wp-container-core-buttons-is-layout-16018d1d wp-block-buttons-is-layout-flex\">\n<div class=\"wp-block-button has-custom-width wp-block-button__width-75\"><a class=\"wp-block-button__link has-background has-small-font-size has-custom-font-size wp-element-button\" href=\"https:\/\/www.yishengpack.com\/fr\/custom-printed-box\/\" style=\"background:linear-gradient(135deg,rgb(254,205,165) 0%,rgb(254,45,45) 0%,rgb(94,15,15) 0%,rgb(94,15,15) 100%)\" target=\"_blank\" rel=\"noreferrer noopener\"><strong>D\u00e9couvrez les bo\u00eetes imprim\u00e9es personnalis\u00e9es<\/strong><\/a><\/div>\n<\/div>\n<\/div>\n\n\n\n<div class=\"wp-block-column is-layout-flow wp-block-column-is-layout-flow\">\n<figure class=\"wp-block-image size-full\"><img decoding=\"async\" width=\"2048\" height=\"2048\" src=\"https:\/\/www.yishengpack.com\/wp-content\/uploads\/2025\/11\/Wholesale-Premium-High-Grade-Gift-Boxes-Customized-Rigid-Magnetic-Pastry-Boxes-3.webp\" alt=\"magnetic-pastry-boxes-bulk-rigid-ramadan-date-box-wholesale-3\" class=\"wp-image-2858\" srcset=\"https:\/\/www.yishengpack.com\/wp-content\/uploads\/2025\/11\/Wholesale-Premium-High-Grade-Gift-Boxes-Customized-Rigid-Magnetic-Pastry-Boxes-3.webp 2048w, https:\/\/www.yishengpack.com\/wp-content\/uploads\/2025\/11\/Wholesale-Premium-High-Grade-Gift-Boxes-Customized-Rigid-Magnetic-Pastry-Boxes-3-300x300.webp 300w, https:\/\/www.yishengpack.com\/wp-content\/uploads\/2025\/11\/Wholesale-Premium-High-Grade-Gift-Boxes-Customized-Rigid-Magnetic-Pastry-Boxes-3-150x150.webp 150w, https:\/\/www.yishengpack.com\/wp-content\/uploads\/2025\/11\/Wholesale-Premium-High-Grade-Gift-Boxes-Customized-Rigid-Magnetic-Pastry-Boxes-3-768x768.webp 768w, https:\/\/www.yishengpack.com\/wp-content\/uploads\/2025\/11\/Wholesale-Premium-High-Grade-Gift-Boxes-Customized-Rigid-Magnetic-Pastry-Boxes-3-12x12.webp 12w, https:\/\/www.yishengpack.com\/wp-content\/uploads\/2025\/11\/Wholesale-Premium-High-Grade-Gift-Boxes-Customized-Rigid-Magnetic-Pastry-Boxes-3-1200x1200.webp 1200w, https:\/\/www.yishengpack.com\/wp-content\/uploads\/2025\/11\/Wholesale-Premium-High-Grade-Gift-Boxes-Customized-Rigid-Magnetic-Pastry-Boxes-3-600x600.webp 600w, https:\/\/www.yishengpack.com\/wp-content\/uploads\/2025\/11\/Wholesale-Premium-High-Grade-Gift-Boxes-Customized-Rigid-Magnetic-Pastry-Boxes-3-100x100.webp 100w\" sizes=\"(max-width: 2048px) 100vw, 2048px\" \/><\/figure>\n\n\n\n<div class=\"wp-block-buttons has-custom-font-size has-small-font-size is-content-justification-center is-layout-flex wp-container-core-buttons-is-layout-16018d1d wp-block-buttons-is-layout-flex\">\n<div class=\"wp-block-button has-custom-width wp-block-button__width-75\"><a class=\"wp-block-button__link has-background has-small-font-size has-custom-font-size wp-element-button\" href=\"https:\/\/www.yishengpack.com\/fr\/custom-box-inserts-accessories\/\" style=\"background:linear-gradient(135deg,rgb(254,205,165) 0%,rgb(254,45,45) 0%,rgb(94,15,15) 0%,rgb(94,15,15) 100%)\" target=\"_blank\" rel=\"noreferrer noopener\"><strong>D\u00e9couvrez les encarts personnalis\u00e9s<\/strong><\/a><\/div>\n<\/div>\n<\/div>\n<\/div>","protected":false},"excerpt":{"rendered":"<p>Nous vous invitons \u00e0 acheter en vrac nos bo\u00eetes \u00e0 p\u00e2tisserie magn\u00e9tiques de qualit\u00e9 sup\u00e9rieure, parfaites pour emballer des friandises telles que des dattes, des chocolats assortis et des confiseries gourmandes. Ces bo\u00eetes magn\u00e9tiques rigides sont dot\u00e9es d'une structure solide, d'int\u00e9rieurs segment\u00e9s et de motifs personnalisables sur le th\u00e8me du Ramadan. Elles sont id\u00e9ales pour les grossistes, les marques de cadeaux et les fournisseurs d'emballages alimentaires \u00e0 la recherche de solutions d'emballage haut de gamme et personnalisables.<\/p>\n<h2>Points forts des bo\u00eetes \u00e0 p\u00e2tisserie magn\u00e9tiques en vrac<\/h2>\n<ul>\n<li>Fermeture magn\u00e9tique<\/li>\n<li>Personnalisation haut de gamme<\/li>\n<li>Mat\u00e9riaux respectueux de l'environnement<\/li>\n<li>Des proc\u00e9d\u00e9s d'impression riches<\/li>\n<li>Plusieurs tailles de bo\u00eetes<\/li>\n<li>Construction robuste<\/li>\n<li>Diff\u00e9rents agencements de compartiments<\/li>\n<li>Th\u00e8me du Ramadan<\/li>\n<\/ul>","protected":false},"featured_media":2856,"comment_status":"closed","ping_status":"closed","template":"","meta":{"_acf_changed":false},"box-type":[54],"product_brand":[],"product_cat":[19,41,68,46,33,44],"product_tag":[],"class_list":{"0":"post-2847","1":"product","2":"type-product","3":"status-publish","4":"has-post-thumbnail","6":"box-type-custom-magnetic-closure-boxes","7":"product_cat-luxury-gift-boxes-wholesale","8":"product_cat-candy-gift-boxes-wholesale","9":"product_cat-custom-dates-box","10":"product_cat-wholesale-paper-boxes","11":"product_cat-food-packaging-boxes-wholesale","12":"product_cat-custom-snack-box","14":"first","15":"instock","16":"shipping-taxable","17":"product-type-simple"},"acf":[],"_links":{"self":[{"href":"https:\/\/www.yishengpack.com\/fr\/wp-json\/wp\/v2\/product\/2847","targetHints":{"allow":["GET"]}}],"collection":[{"href":"https:\/\/www.yishengpack.com\/fr\/wp-json\/wp\/v2\/product"}],"about":[{"href":"https:\/\/www.yishengpack.com\/fr\/wp-json\/wp\/v2\/types\/product"}],"replies":[{"embeddable":true,"href":"https:\/\/www.yishengpack.com\/fr\/wp-json\/wp\/v2\/comments?post=2847"}],"wp:featuredmedia":[{"embeddable":true,"href":"https:\/\/www.yishengpack.com\/fr\/wp-json\/wp\/v2\/media\/2856"}],"wp:attachment":[{"href":"https:\/\/www.yishengpack.com\/fr\/wp-json\/wp\/v2\/media?parent=2847"}],"wp:term":[{"taxonomy":"box-type","embeddable":true,"href":"https:\/\/www.yishengpack.com\/fr\/wp-json\/wp\/v2\/box-type?post=2847"},{"taxonomy":"product_brand","embeddable":true,"href":"https:\/\/www.yishengpack.com\/fr\/wp-json\/wp\/v2\/product_brand?post=2847"},{"taxonomy":"product_cat","embeddable":true,"href":"https:\/\/www.yishengpack.com\/fr\/wp-json\/wp\/v2\/product_cat?post=2847"},{"taxonomy":"product_tag","embeddable":true,"href":"https:\/\/www.yishengpack.com\/fr\/wp-json\/wp\/v2\/product_tag?post=2847"}],"curies":[{"name":"wp","href":"https:\/\/api.w.org\/{rel}","templated":true}]}}