{"id":2823,"date":"2025-12-11T09:37:18","date_gmt":"2025-12-11T09:37:18","guid":{"rendered":"https:\/\/www.yishengpack.com\/?post_type=product&#038;p=2823"},"modified":"2025-12-11T09:37:19","modified_gmt":"2025-12-11T09:37:19","slug":"chocolate-gift-boxes-bulk","status":"publish","type":"product","link":"https:\/\/www.yishengpack.com\/fr\/produit\/chocolate-gift-boxes-bulk\/","title":{"rendered":"Bo\u00eetes \u00e0 chocolat rigides en vrac, Bo\u00eetes \u00e0 dattes de luxe personnalis\u00e9es"},"content":{"rendered":"<div class=\"wp-block-columns is-layout-flex wp-container-core-columns-is-layout-9d6595d7 wp-block-columns-is-layout-flex\">\n<div class=\"wp-block-column is-layout-flow wp-block-column-is-layout-flow\">\n<h3 class=\"wp-block-heading\">Caract\u00e9ristiques des bo\u00eetes \u00e0 chocolat rigides en vrac<\/h3>\n\n\n\n<p><strong>Couvercle rigide et conception de la bo\u00eete de base : <\/strong>Nos bo\u00eetes-cadeaux en chocolat rigides de premi\u00e8re qualit\u00e9 sont dot\u00e9es d'un couvercle classique en deux parties et d'une bo\u00eete de base, qui non seulement ajoute de l'\u00e9l\u00e9gance \u00e0 l'emballage, mais pr\u00e9serve \u00e9galement la fra\u00eecheur des chocolats, des dattes, des p\u00e2tisseries et autres d\u00e9lices. Ce design sophistiqu\u00e9 et intemporel se pr\u00eate \u00e0 toutes les meilleures occasions d'offrir des cadeaux !<\/p>\n\n\n\n<p><strong>S\u00e9parateurs int\u00e9rieurs pour la protection des articles :<\/strong> Les bo\u00eetes-cadeaux en chocolat rigides de luxe sont \u00e9quip\u00e9es de s\u00e9parateurs int\u00e9rieurs int\u00e9gr\u00e9s. Cette bo\u00eete permet de conserver les chocolats, les dattes, les desserts et les p\u00e2tisseries proprement s\u00e9par\u00e9s dans des compartiments individuels. Elle emp\u00eache efficacement les collisions, les m\u00e9langes et les d\u00e9formations, garantissant ainsi que chaque friandise conserve sa forme intacte et sa qualit\u00e9 sup\u00e9rieure.<\/p>\n\n\n\n<p><strong>Construction rigide pour une protection durable :<\/strong> Ces bo\u00eetes de dattes personnalis\u00e9es sont fabriqu\u00e9es \u00e0 partir d'un carton solide et d'un cadre robuste. La bo\u00eete pr\u00e9sente une excellente r\u00e9sistance \u00e0 la compression et une capacit\u00e9 d'absorption des chocs. Sa structure rigide conserve sa forme m\u00eame pendant le transport et l'empilage, ce qui permet de prot\u00e9ger efficacement les produits d\u00e9licats contre les dommages ext\u00e9rieurs.<\/p>\n\n\n\n<p><strong>Plusieurs processus disponibles :<\/strong> Ces bo\u00eetes de dattes personnalis\u00e9es peuvent \u00eatre marqu\u00e9es \u00e0 chaud, gaufr\u00e9es, recouvertes d'un rev\u00eatement UV, s\u00e9rigraphi\u00e9es, brillantes par points, gaufr\u00e9es, recouvertes d'un film laser, et plus encore, pr\u00e9sentant une texture de bo\u00eete cadeau haut de gamme pour r\u00e9pondre aux diff\u00e9rents positionnements des marques.<\/p>\n\n\n\n<p><strong>Personnalisation possible : <\/strong>La taille, la couleur, le motif, le type de plateau int\u00e9rieur et la m\u00e9thode d'emballage de ces bo\u00eetes cadeaux rigides en chocolat en vrac peuvent tous \u00eatre con\u00e7us selon vos besoins, et conviennent aux projets de personnalisation de gros et de marque de bo\u00eetes cadeaux en chocolat, de bo\u00eetes cadeaux de dattes, de bo\u00eetes de bonbons, de bo\u00eetes cadeaux pour les f\u00eates, etc.<\/p>\n<\/div>\n\n\n\n<div class=\"wp-block-column is-layout-flow wp-block-column-is-layout-flow\">\n<figure class=\"wp-block-image size-full\"><img decoding=\"async\" width=\"2048\" height=\"2048\" src=\"https:\/\/www.yishengpack.com\/wp-content\/uploads\/2025\/11\/Eco-Friendly-Custom-Luxury-Gift-Boxes-Premium-Empty-Chocolate-Wrapping-Boxes-with-Dividers-Wholesale-2.webp\" alt=\"luxe-rigide-chocolat-bo\u00eetes-cadeaux-bulk-custom-dates-boxes-2\" class=\"wp-image-2825\" srcset=\"https:\/\/www.yishengpack.com\/wp-content\/uploads\/2025\/11\/Eco-Friendly-Custom-Luxury-Gift-Boxes-Premium-Empty-Chocolate-Wrapping-Boxes-with-Dividers-Wholesale-2.webp 2048w, https:\/\/www.yishengpack.com\/wp-content\/uploads\/2025\/11\/Eco-Friendly-Custom-Luxury-Gift-Boxes-Premium-Empty-Chocolate-Wrapping-Boxes-with-Dividers-Wholesale-2-300x300.webp 300w, https:\/\/www.yishengpack.com\/wp-content\/uploads\/2025\/11\/Eco-Friendly-Custom-Luxury-Gift-Boxes-Premium-Empty-Chocolate-Wrapping-Boxes-with-Dividers-Wholesale-2-150x150.webp 150w, https:\/\/www.yishengpack.com\/wp-content\/uploads\/2025\/11\/Eco-Friendly-Custom-Luxury-Gift-Boxes-Premium-Empty-Chocolate-Wrapping-Boxes-with-Dividers-Wholesale-2-768x768.webp 768w, https:\/\/www.yishengpack.com\/wp-content\/uploads\/2025\/11\/Eco-Friendly-Custom-Luxury-Gift-Boxes-Premium-Empty-Chocolate-Wrapping-Boxes-with-Dividers-Wholesale-2-12x12.webp 12w, https:\/\/www.yishengpack.com\/wp-content\/uploads\/2025\/11\/Eco-Friendly-Custom-Luxury-Gift-Boxes-Premium-Empty-Chocolate-Wrapping-Boxes-with-Dividers-Wholesale-2-1200x1200.webp 1200w, https:\/\/www.yishengpack.com\/wp-content\/uploads\/2025\/11\/Eco-Friendly-Custom-Luxury-Gift-Boxes-Premium-Empty-Chocolate-Wrapping-Boxes-with-Dividers-Wholesale-2-600x600.webp 600w, https:\/\/www.yishengpack.com\/wp-content\/uploads\/2025\/11\/Eco-Friendly-Custom-Luxury-Gift-Boxes-Premium-Empty-Chocolate-Wrapping-Boxes-with-Dividers-Wholesale-2-100x100.webp 100w\" sizes=\"(max-width: 2048px) 100vw, 2048px\" \/><\/figure>\n<\/div>\n<\/div>\n\n\n\n<div class=\"wp-block-columns is-layout-flex wp-container-core-columns-is-layout-9d6595d7 wp-block-columns-is-layout-flex\">\n<div class=\"wp-block-column is-layout-flow wp-block-column-is-layout-flow\">\n<figure class=\"wp-block-image size-full\"><img decoding=\"async\" width=\"1454\" height=\"1454\" src=\"https:\/\/www.yishengpack.com\/wp-content\/uploads\/2025\/11\/Eco-Friendly-Custom-Luxury-Gift-Boxes-Premium-Empty-Chocolate-Wrapping-Boxes-with-Dividers-Wholesale-3.webp\" alt=\"luxe-rigide-chocolat-bo\u00eetes-cadeaux-bulk-bo\u00eetes-dates-personnalis\u00e9es-3\" class=\"wp-image-2826\" srcset=\"https:\/\/www.yishengpack.com\/wp-content\/uploads\/2025\/11\/Eco-Friendly-Custom-Luxury-Gift-Boxes-Premium-Empty-Chocolate-Wrapping-Boxes-with-Dividers-Wholesale-3.webp 1454w, https:\/\/www.yishengpack.com\/wp-content\/uploads\/2025\/11\/Eco-Friendly-Custom-Luxury-Gift-Boxes-Premium-Empty-Chocolate-Wrapping-Boxes-with-Dividers-Wholesale-3-300x300.webp 300w, https:\/\/www.yishengpack.com\/wp-content\/uploads\/2025\/11\/Eco-Friendly-Custom-Luxury-Gift-Boxes-Premium-Empty-Chocolate-Wrapping-Boxes-with-Dividers-Wholesale-3-150x150.webp 150w, https:\/\/www.yishengpack.com\/wp-content\/uploads\/2025\/11\/Eco-Friendly-Custom-Luxury-Gift-Boxes-Premium-Empty-Chocolate-Wrapping-Boxes-with-Dividers-Wholesale-3-768x768.webp 768w, https:\/\/www.yishengpack.com\/wp-content\/uploads\/2025\/11\/Eco-Friendly-Custom-Luxury-Gift-Boxes-Premium-Empty-Chocolate-Wrapping-Boxes-with-Dividers-Wholesale-3-12x12.webp 12w, https:\/\/www.yishengpack.com\/wp-content\/uploads\/2025\/11\/Eco-Friendly-Custom-Luxury-Gift-Boxes-Premium-Empty-Chocolate-Wrapping-Boxes-with-Dividers-Wholesale-3-1200x1200.webp 1200w, https:\/\/www.yishengpack.com\/wp-content\/uploads\/2025\/11\/Eco-Friendly-Custom-Luxury-Gift-Boxes-Premium-Empty-Chocolate-Wrapping-Boxes-with-Dividers-Wholesale-3-600x600.webp 600w, https:\/\/www.yishengpack.com\/wp-content\/uploads\/2025\/11\/Eco-Friendly-Custom-Luxury-Gift-Boxes-Premium-Empty-Chocolate-Wrapping-Boxes-with-Dividers-Wholesale-3-100x100.webp 100w\" sizes=\"(max-width: 1454px) 100vw, 1454px\" \/><\/figure>\n\n\n\n<div class=\"wp-block-buttons has-custom-font-size has-small-font-size is-content-justification-center is-layout-flex wp-container-core-buttons-is-layout-16018d1d wp-block-buttons-is-layout-flex\">\n<div class=\"wp-block-button has-custom-width wp-block-button__width-75\"><a class=\"wp-block-button__link has-background has-small-font-size has-custom-font-size wp-element-button\" href=\"https:\/\/www.yishengpack.com\/fr\/custom-printed-box\/\" style=\"background:linear-gradient(135deg,rgb(254,205,165) 0%,rgb(254,45,45) 0%,rgb(94,15,15) 0%,rgb(94,15,15) 100%)\" target=\"_blank\" rel=\"noreferrer noopener\"><strong>D\u00e9couvrez les bo\u00eetes imprim\u00e9es personnalis\u00e9es<\/strong><\/a><\/div>\n<\/div>\n<\/div>\n\n\n\n<div class=\"wp-block-column is-layout-flow wp-block-column-is-layout-flow\">\n<figure class=\"wp-block-image size-full\"><img decoding=\"async\" width=\"2048\" height=\"2048\" src=\"https:\/\/www.yishengpack.com\/wp-content\/uploads\/2025\/11\/Eco-Friendly-Custom-Luxury-Gift-Boxes-Premium-Empty-Chocolate-Wrapping-Boxes-with-Dividers-Wholesale-5.webp\" alt=\"luxe-rigide-chocolat-bo\u00eetes-cadeaux-bulk-custom-dates-boxes-5\" class=\"wp-image-2828\" srcset=\"https:\/\/www.yishengpack.com\/wp-content\/uploads\/2025\/11\/Eco-Friendly-Custom-Luxury-Gift-Boxes-Premium-Empty-Chocolate-Wrapping-Boxes-with-Dividers-Wholesale-5.webp 2048w, https:\/\/www.yishengpack.com\/wp-content\/uploads\/2025\/11\/Eco-Friendly-Custom-Luxury-Gift-Boxes-Premium-Empty-Chocolate-Wrapping-Boxes-with-Dividers-Wholesale-5-300x300.webp 300w, https:\/\/www.yishengpack.com\/wp-content\/uploads\/2025\/11\/Eco-Friendly-Custom-Luxury-Gift-Boxes-Premium-Empty-Chocolate-Wrapping-Boxes-with-Dividers-Wholesale-5-150x150.webp 150w, https:\/\/www.yishengpack.com\/wp-content\/uploads\/2025\/11\/Eco-Friendly-Custom-Luxury-Gift-Boxes-Premium-Empty-Chocolate-Wrapping-Boxes-with-Dividers-Wholesale-5-768x768.webp 768w, https:\/\/www.yishengpack.com\/wp-content\/uploads\/2025\/11\/Eco-Friendly-Custom-Luxury-Gift-Boxes-Premium-Empty-Chocolate-Wrapping-Boxes-with-Dividers-Wholesale-5-12x12.webp 12w, https:\/\/www.yishengpack.com\/wp-content\/uploads\/2025\/11\/Eco-Friendly-Custom-Luxury-Gift-Boxes-Premium-Empty-Chocolate-Wrapping-Boxes-with-Dividers-Wholesale-5-1200x1200.webp 1200w, https:\/\/www.yishengpack.com\/wp-content\/uploads\/2025\/11\/Eco-Friendly-Custom-Luxury-Gift-Boxes-Premium-Empty-Chocolate-Wrapping-Boxes-with-Dividers-Wholesale-5-600x600.webp 600w, https:\/\/www.yishengpack.com\/wp-content\/uploads\/2025\/11\/Eco-Friendly-Custom-Luxury-Gift-Boxes-Premium-Empty-Chocolate-Wrapping-Boxes-with-Dividers-Wholesale-5-100x100.webp 100w\" sizes=\"(max-width: 2048px) 100vw, 2048px\" \/><\/figure>\n\n\n\n<div class=\"wp-block-buttons has-custom-font-size has-small-font-size is-content-justification-center is-layout-flex wp-container-core-buttons-is-layout-16018d1d wp-block-buttons-is-layout-flex\">\n<div class=\"wp-block-button has-custom-width wp-block-button__width-75\"><a class=\"wp-block-button__link has-background has-small-font-size has-custom-font-size wp-element-button\" href=\"https:\/\/www.yishengpack.com\/fr\/custom-box-inserts-accessories\/\" style=\"background:linear-gradient(135deg,rgb(254,205,165) 0%,rgb(254,45,45) 0%,rgb(94,15,15) 0%,rgb(94,15,15) 100%)\" target=\"_blank\" rel=\"noreferrer noopener\"><strong>D\u00e9couvrez les encarts personnalis\u00e9s<\/strong><\/a><\/div>\n<\/div>\n<\/div>\n<\/div>","protected":false},"excerpt":{"rendered":"<p>Nous vous invitons \u00e0 acheter nos bo\u00eetes cadeaux rigides pour le chocolat en vrac, parfaites pour emballer des articles tels que des chocolats, des dattes et des confiseries gourmandes. Ces luxueuses bo\u00eetes-cadeaux rigides \u00e0 couvercle et \u00e0 fond sont con\u00e7ues pour les chocolats, les dattes et les confiseries de qualit\u00e9 sup\u00e9rieure. Elles sont fabriqu\u00e9es en carton robuste et comportent des s\u00e9parateurs personnalisables ainsi qu'une vari\u00e9t\u00e9 de finitions haut de gamme. Id\u00e9ales pour la vente en gros et la personnalisation OEM\/ODM.<\/p>\n<h2>Points forts des bo\u00eetes \u00e0 chocolat rigides de luxe en vrac<\/h2>\n<ul>\n<li>Structure rigide du couvercle et de la bo\u00eete de base<\/li>\n<li>Personnalisation compl\u00e8te<\/li>\n<li>Mat\u00e9riaux de premi\u00e8re qualit\u00e9<\/li>\n<li>Un savoir-faire exquis<\/li>\n<li>Diverses options de compartiments de la grille<\/li>\n<li>Plusieurs tailles de bo\u00eetes<\/li>\n<li>Diverses options de couleurs<\/li>\n<li>Motifs th\u00e9matiques personnalisables<\/li>\n<\/ul>","protected":false},"featured_media":2824,"comment_status":"closed","ping_status":"closed","template":"","meta":{"_acf_changed":false},"box-type":[57,61],"product_brand":[],"product_cat":[19,41,68],"product_tag":[],"class_list":{"0":"post-2823","1":"product","2":"type-product","3":"status-publish","4":"has-post-thumbnail","6":"box-type-custom-rigid-box-with-lid","7":"box-type-custom-two-piece-boxes","8":"product_cat-luxury-gift-boxes-wholesale","9":"product_cat-candy-gift-boxes-wholesale","10":"product_cat-custom-dates-box","12":"first","13":"instock","14":"shipping-taxable","15":"product-type-simple"},"acf":[],"_links":{"self":[{"href":"https:\/\/www.yishengpack.com\/fr\/wp-json\/wp\/v2\/product\/2823","targetHints":{"allow":["GET"]}}],"collection":[{"href":"https:\/\/www.yishengpack.com\/fr\/wp-json\/wp\/v2\/product"}],"about":[{"href":"https:\/\/www.yishengpack.com\/fr\/wp-json\/wp\/v2\/types\/product"}],"replies":[{"embeddable":true,"href":"https:\/\/www.yishengpack.com\/fr\/wp-json\/wp\/v2\/comments?post=2823"}],"wp:featuredmedia":[{"embeddable":true,"href":"https:\/\/www.yishengpack.com\/fr\/wp-json\/wp\/v2\/media\/2824"}],"wp:attachment":[{"href":"https:\/\/www.yishengpack.com\/fr\/wp-json\/wp\/v2\/media?parent=2823"}],"wp:term":[{"taxonomy":"box-type","embeddable":true,"href":"https:\/\/www.yishengpack.com\/fr\/wp-json\/wp\/v2\/box-type?post=2823"},{"taxonomy":"product_brand","embeddable":true,"href":"https:\/\/www.yishengpack.com\/fr\/wp-json\/wp\/v2\/product_brand?post=2823"},{"taxonomy":"product_cat","embeddable":true,"href":"https:\/\/www.yishengpack.com\/fr\/wp-json\/wp\/v2\/product_cat?post=2823"},{"taxonomy":"product_tag","embeddable":true,"href":"https:\/\/www.yishengpack.com\/fr\/wp-json\/wp\/v2\/product_tag?post=2823"}],"curies":[{"name":"wp","href":"https:\/\/api.w.org\/{rel}","templated":true}]}}