{"id":2773,"date":"2025-12-10T16:41:01","date_gmt":"2025-12-10T16:41:01","guid":{"rendered":"https:\/\/www.yishengpack.com\/?post_type=product&#038;p=2773"},"modified":"2025-12-10T16:41:03","modified_gmt":"2025-12-10T16:41:03","slug":"ice-cream-boxes-wholesale","status":"publish","type":"product","link":"https:\/\/www.yishengpack.com\/fr\/produit\/ice-cream-boxes-wholesale\/","title":{"rendered":"Bo\u00eetes \u00e0 cr\u00e8me glac\u00e9e en gros, bo\u00eetes pliantes en papier personnalis\u00e9es"},"content":{"rendered":"<div class=\"wp-block-columns is-layout-flex wp-container-core-columns-is-layout-9d6595d7 wp-block-columns-is-layout-flex\">\n<div class=\"wp-block-column is-layout-flow wp-block-column-is-layout-flow\">\n<h3 class=\"wp-block-heading\">Features of Ice Cream Boxes Wholesale<\/h3>\n\n\n\n<p><strong>High-strength cardboard: <\/strong>These ice cream boxes wholesale use high-quality cardboard; the whole structure is stable and not easy to deform and collapse. It can be a trustworthy tool for packing a full of any kinds of frozen desserts.<\/p>\n\n\n\n<p><strong>Flavor-Themed Visual Differentiation: <\/strong>The custom folding paper box features flavor-themed visuals such as strawberry popsicles, coconut treats and matcha ice creams. It makes consumers recognize flavors at a glance and delivers a fun unboxing experience to frozen dessert fans.<\/p>\n\n\n\n<p><strong>Foldable for Space-Saving Storage:<\/strong> These ice cream boxes wholesale come with a foldable design, hence it can be folded when not in use, to save storage space and shipping cost, it can be considered as a good packaging for frozen dessert\u2002distributing.<\/p>\n\n\n\n<p><strong>Vibrant Color Palette for Brand Appeal: <\/strong>The custom folding paper box comes in a vibrant color palette, ranging pink strawberry hues to green matcha\u2002tones. These shades complement the flavor identity and increase the brand recognition and shelf appeal for\u2002frozen dessert brands.<\/p>\n\n\n\n<p><strong>Fully Customizable for Dessert Brands:<\/strong> These ice cream boxes wholesale allows for full customization, cover size, print flavor-themed graphics, and choose surface finishes to meet the unique branding needs of frozen dessert businesses.<\/p>\n<\/div>\n\n\n\n<div class=\"wp-block-column is-layout-flow wp-block-column-is-layout-flow\">\n<figure class=\"wp-block-image size-full\"><img decoding=\"async\" width=\"2048\" height=\"2048\" src=\"https:\/\/www.yishengpack.com\/wp-content\/uploads\/2025\/11\/Personalized-Custom-Folding-Food-Grade-Paper-Boxes-Frozen-Snack-Boxes-with-Logo-Wholesale-2.webp\" alt=\"ice-cream-boxes-wholesale\u200b-custom-folding-paper-boxes-with-logo-2\" class=\"wp-image-2775\" srcset=\"https:\/\/www.yishengpack.com\/wp-content\/uploads\/2025\/11\/Personalized-Custom-Folding-Food-Grade-Paper-Boxes-Frozen-Snack-Boxes-with-Logo-Wholesale-2.webp 2048w, https:\/\/www.yishengpack.com\/wp-content\/uploads\/2025\/11\/Personalized-Custom-Folding-Food-Grade-Paper-Boxes-Frozen-Snack-Boxes-with-Logo-Wholesale-2-300x300.webp 300w, https:\/\/www.yishengpack.com\/wp-content\/uploads\/2025\/11\/Personalized-Custom-Folding-Food-Grade-Paper-Boxes-Frozen-Snack-Boxes-with-Logo-Wholesale-2-150x150.webp 150w, https:\/\/www.yishengpack.com\/wp-content\/uploads\/2025\/11\/Personalized-Custom-Folding-Food-Grade-Paper-Boxes-Frozen-Snack-Boxes-with-Logo-Wholesale-2-768x768.webp 768w, https:\/\/www.yishengpack.com\/wp-content\/uploads\/2025\/11\/Personalized-Custom-Folding-Food-Grade-Paper-Boxes-Frozen-Snack-Boxes-with-Logo-Wholesale-2-12x12.webp 12w, https:\/\/www.yishengpack.com\/wp-content\/uploads\/2025\/11\/Personalized-Custom-Folding-Food-Grade-Paper-Boxes-Frozen-Snack-Boxes-with-Logo-Wholesale-2-1200x1200.webp 1200w, https:\/\/www.yishengpack.com\/wp-content\/uploads\/2025\/11\/Personalized-Custom-Folding-Food-Grade-Paper-Boxes-Frozen-Snack-Boxes-with-Logo-Wholesale-2-600x600.webp 600w, https:\/\/www.yishengpack.com\/wp-content\/uploads\/2025\/11\/Personalized-Custom-Folding-Food-Grade-Paper-Boxes-Frozen-Snack-Boxes-with-Logo-Wholesale-2-100x100.webp 100w\" sizes=\"(max-width: 2048px) 100vw, 2048px\" \/><\/figure>\n<\/div>\n<\/div>\n\n\n\n<div class=\"wp-block-columns is-layout-flex wp-container-core-columns-is-layout-9d6595d7 wp-block-columns-is-layout-flex\">\n<div class=\"wp-block-column is-layout-flow wp-block-column-is-layout-flow\">\n<figure class=\"wp-block-image size-full\"><img decoding=\"async\" width=\"2048\" height=\"2048\" src=\"https:\/\/www.yishengpack.com\/wp-content\/uploads\/2025\/11\/Personalized-Custom-Folding-Food-Grade-Paper-Boxes-Frozen-Snack-Boxes-with-Logo-Wholesale-6.webp\" alt=\"ice-cream-boxes-wholesale\u200b-custom-folding-paper-boxes-with-logo-6\" class=\"wp-image-2779\" srcset=\"https:\/\/www.yishengpack.com\/wp-content\/uploads\/2025\/11\/Personalized-Custom-Folding-Food-Grade-Paper-Boxes-Frozen-Snack-Boxes-with-Logo-Wholesale-6.webp 2048w, https:\/\/www.yishengpack.com\/wp-content\/uploads\/2025\/11\/Personalized-Custom-Folding-Food-Grade-Paper-Boxes-Frozen-Snack-Boxes-with-Logo-Wholesale-6-300x300.webp 300w, https:\/\/www.yishengpack.com\/wp-content\/uploads\/2025\/11\/Personalized-Custom-Folding-Food-Grade-Paper-Boxes-Frozen-Snack-Boxes-with-Logo-Wholesale-6-150x150.webp 150w, https:\/\/www.yishengpack.com\/wp-content\/uploads\/2025\/11\/Personalized-Custom-Folding-Food-Grade-Paper-Boxes-Frozen-Snack-Boxes-with-Logo-Wholesale-6-768x768.webp 768w, https:\/\/www.yishengpack.com\/wp-content\/uploads\/2025\/11\/Personalized-Custom-Folding-Food-Grade-Paper-Boxes-Frozen-Snack-Boxes-with-Logo-Wholesale-6-12x12.webp 12w, https:\/\/www.yishengpack.com\/wp-content\/uploads\/2025\/11\/Personalized-Custom-Folding-Food-Grade-Paper-Boxes-Frozen-Snack-Boxes-with-Logo-Wholesale-6-1200x1200.webp 1200w, https:\/\/www.yishengpack.com\/wp-content\/uploads\/2025\/11\/Personalized-Custom-Folding-Food-Grade-Paper-Boxes-Frozen-Snack-Boxes-with-Logo-Wholesale-6-600x600.webp 600w, https:\/\/www.yishengpack.com\/wp-content\/uploads\/2025\/11\/Personalized-Custom-Folding-Food-Grade-Paper-Boxes-Frozen-Snack-Boxes-with-Logo-Wholesale-6-100x100.webp 100w\" sizes=\"(max-width: 2048px) 100vw, 2048px\" \/><\/figure>\n\n\n\n<div class=\"wp-block-buttons has-custom-font-size has-small-font-size is-content-justification-center is-layout-flex wp-container-core-buttons-is-layout-16018d1d wp-block-buttons-is-layout-flex\">\n<div class=\"wp-block-button has-custom-width wp-block-button__width-75\"><a class=\"wp-block-button__link has-background has-small-font-size has-custom-font-size wp-element-button\" href=\"https:\/\/www.yishengpack.com\/fr\/custom-printed-box\/\" style=\"background:linear-gradient(135deg,rgb(254,205,165) 0%,rgb(254,45,45) 0%,rgb(94,15,15) 0%,rgb(94,15,15) 100%)\" target=\"_blank\" rel=\"noreferrer noopener\"><strong>D\u00e9couvrez les bo\u00eetes imprim\u00e9es personnalis\u00e9es<\/strong><\/a><\/div>\n<\/div>\n<\/div>\n\n\n\n<div class=\"wp-block-column is-layout-flow wp-block-column-is-layout-flow\">\n<figure class=\"wp-block-image size-full\"><img decoding=\"async\" width=\"2048\" height=\"2048\" src=\"https:\/\/www.yishengpack.com\/wp-content\/uploads\/2025\/11\/Personalized-Custom-Folding-Food-Grade-Paper-Boxes-Frozen-Snack-Boxes-with-Logo-Wholesale-7.webp\" alt=\"ice-cream-boxes-wholesale\u200b-custom-folding-paper-boxes-with-logo-7\" class=\"wp-image-2780\" srcset=\"https:\/\/www.yishengpack.com\/wp-content\/uploads\/2025\/11\/Personalized-Custom-Folding-Food-Grade-Paper-Boxes-Frozen-Snack-Boxes-with-Logo-Wholesale-7.webp 2048w, https:\/\/www.yishengpack.com\/wp-content\/uploads\/2025\/11\/Personalized-Custom-Folding-Food-Grade-Paper-Boxes-Frozen-Snack-Boxes-with-Logo-Wholesale-7-300x300.webp 300w, https:\/\/www.yishengpack.com\/wp-content\/uploads\/2025\/11\/Personalized-Custom-Folding-Food-Grade-Paper-Boxes-Frozen-Snack-Boxes-with-Logo-Wholesale-7-150x150.webp 150w, https:\/\/www.yishengpack.com\/wp-content\/uploads\/2025\/11\/Personalized-Custom-Folding-Food-Grade-Paper-Boxes-Frozen-Snack-Boxes-with-Logo-Wholesale-7-768x768.webp 768w, https:\/\/www.yishengpack.com\/wp-content\/uploads\/2025\/11\/Personalized-Custom-Folding-Food-Grade-Paper-Boxes-Frozen-Snack-Boxes-with-Logo-Wholesale-7-12x12.webp 12w, https:\/\/www.yishengpack.com\/wp-content\/uploads\/2025\/11\/Personalized-Custom-Folding-Food-Grade-Paper-Boxes-Frozen-Snack-Boxes-with-Logo-Wholesale-7-1200x1200.webp 1200w, https:\/\/www.yishengpack.com\/wp-content\/uploads\/2025\/11\/Personalized-Custom-Folding-Food-Grade-Paper-Boxes-Frozen-Snack-Boxes-with-Logo-Wholesale-7-600x600.webp 600w, https:\/\/www.yishengpack.com\/wp-content\/uploads\/2025\/11\/Personalized-Custom-Folding-Food-Grade-Paper-Boxes-Frozen-Snack-Boxes-with-Logo-Wholesale-7-100x100.webp 100w\" sizes=\"(max-width: 2048px) 100vw, 2048px\" \/><\/figure>\n\n\n\n<div class=\"wp-block-buttons has-custom-font-size has-small-font-size is-content-justification-center is-layout-flex wp-container-core-buttons-is-layout-16018d1d wp-block-buttons-is-layout-flex\">\n<div class=\"wp-block-button has-custom-width wp-block-button__width-75\"><a class=\"wp-block-button__link has-background has-small-font-size has-custom-font-size wp-element-button\" href=\"https:\/\/www.yishengpack.com\/fr\/custom-product-boxes-types\/\" style=\"background:linear-gradient(135deg,rgb(254,205,165) 0%,rgb(254,45,45) 0%,rgb(94,15,15) 0%,rgb(94,15,15) 100%)\" target=\"_blank\" rel=\"noreferrer noopener\"><strong>Explorer les types de bo\u00eetes personnalis\u00e9es<\/strong><\/a><\/div>\n<\/div>\n<\/div>\n<\/div>","protected":false},"excerpt":{"rendered":"<p>Welcome to purchase our ice cream boxes wholesale featuring a food-safe paper construction,designed for cold storage, easy to fold, and fully customizable with your brand logo, these eco-friendly paper boxes are perfect for ice cream shops, dessert brands, and wholesale packaging buyers.<\/p>\n<h2>Highlights of Ice Cream Boxes Wholesale<\/h2>\n<ul>\n<li>Design pliable<\/li>\n<li>Personnalisation<\/li>\n<li>Mat\u00e9riaux de qualit\u00e9 alimentaire<\/li>\n<li>Impression exquise<\/li>\n<li>Un travail soign\u00e9<\/li>\n<li>Plusieurs tailles de bo\u00eetes<\/li>\n<li>Diverses options de couleurs<\/li>\n<li>Ideal for Frozen Dessert Packaging<\/li>\n<\/ul>","protected":false},"featured_media":2774,"comment_status":"closed","ping_status":"closed","template":"","meta":{"_acf_changed":false},"box-type":[55],"product_brand":[],"product_cat":[46,33,44,42],"product_tag":[],"class_list":{"0":"post-2773","1":"product","2":"type-product","3":"status-publish","4":"has-post-thumbnail","6":"box-type-custom-foldable-boxes","7":"product_cat-wholesale-paper-boxes","8":"product_cat-food-packaging-boxes-wholesale","9":"product_cat-custom-snack-box","10":"product_cat-custom-frozen-food-boxes","12":"first","13":"instock","14":"shipping-taxable","15":"product-type-simple"},"acf":[],"_links":{"self":[{"href":"https:\/\/www.yishengpack.com\/fr\/wp-json\/wp\/v2\/product\/2773","targetHints":{"allow":["GET"]}}],"collection":[{"href":"https:\/\/www.yishengpack.com\/fr\/wp-json\/wp\/v2\/product"}],"about":[{"href":"https:\/\/www.yishengpack.com\/fr\/wp-json\/wp\/v2\/types\/product"}],"replies":[{"embeddable":true,"href":"https:\/\/www.yishengpack.com\/fr\/wp-json\/wp\/v2\/comments?post=2773"}],"wp:featuredmedia":[{"embeddable":true,"href":"https:\/\/www.yishengpack.com\/fr\/wp-json\/wp\/v2\/media\/2774"}],"wp:attachment":[{"href":"https:\/\/www.yishengpack.com\/fr\/wp-json\/wp\/v2\/media?parent=2773"}],"wp:term":[{"taxonomy":"box-type","embeddable":true,"href":"https:\/\/www.yishengpack.com\/fr\/wp-json\/wp\/v2\/box-type?post=2773"},{"taxonomy":"product_brand","embeddable":true,"href":"https:\/\/www.yishengpack.com\/fr\/wp-json\/wp\/v2\/product_brand?post=2773"},{"taxonomy":"product_cat","embeddable":true,"href":"https:\/\/www.yishengpack.com\/fr\/wp-json\/wp\/v2\/product_cat?post=2773"},{"taxonomy":"product_tag","embeddable":true,"href":"https:\/\/www.yishengpack.com\/fr\/wp-json\/wp\/v2\/product_tag?post=2773"}],"curies":[{"name":"wp","href":"https:\/\/api.w.org\/{rel}","templated":true}]}}