{"id":2756,"date":"2025-12-10T07:41:56","date_gmt":"2025-12-10T07:41:56","guid":{"rendered":"https:\/\/www.yishengpack.com\/?post_type=product&#038;p=2756"},"modified":"2025-12-10T07:42:35","modified_gmt":"2025-12-10T07:42:35","slug":"wholesale-foldable-boxes","status":"publish","type":"product","link":"https:\/\/www.yishengpack.com\/fr\/produit\/wholesale-foldable-boxes\/","title":{"rendered":"Bo\u00eetes pliantes en gros, bo\u00eetes \u00e0 fruits de mer imprim\u00e9es sur mesure"},"content":{"rendered":"<div class=\"wp-block-columns is-layout-flex wp-container-core-columns-is-layout-9d6595d7 wp-block-columns-is-layout-flex\">\n<div class=\"wp-block-column is-layout-flow wp-block-column-is-layout-flow\">\n<h3 class=\"wp-block-heading\">Features of Wholesale Foldable Paper Boxes<\/h3>\n\n\n\n<p><strong>Food-Grade Material for Freshness:<\/strong> These wholesale foldable boxes are made of food-grade\u2002material, suitable for fresh shrimp, fish, and other seafood. It ensures freshness and hygiene, making it a reliable choice for seafood product packaging.<\/p>\n\n\n\n<p><strong>High oil and moisture resistance: <\/strong>These wholesale foldable boxes use an inner layer can be treated with an oil-proof, waterproof, and impermeable membrane, suitable for packaging seafood with high water content, such as crabs, shrimp, and shellfish.<\/p>\n\n\n\n<p><strong>Marine-Themed Visual Attraction:<\/strong> The custom printed seafood boxes\u200b have sea creatures such as shrimp, fish, octopus, and shell designs\u2002along with seashell designs. It&#8217;s the best way to sell and display seafood products while providing a\u2002rich brand experience to the seafood enthusiast\u3002<\/p>\n\n\n\n<p><strong>Foldable for Space-Efficient Storage:<\/strong> The custom printed seafood boxes with a foldable design, the box can be easily collapsed when not in use, saving storage space and making it practical for both businesses and consumers.<\/p>\n\n\n\n<p><strong>Highly Customizable: <\/strong>These wholesale foldable boxes for seafood brands offer customization services, including logo printing, full-width color printing, structural design, and windowed designs. It supports both small-batch orders and mass production, making it suitable for wholesalers, chain restaurants, and brand owners.<\/p>\n<\/div>\n\n\n\n<div class=\"wp-block-column is-layout-flow wp-block-column-is-layout-flow\">\n<figure class=\"wp-block-image size-full\"><img decoding=\"async\" width=\"2048\" height=\"2048\" src=\"https:\/\/www.yishengpack.com\/wp-content\/uploads\/2025\/11\/Hot-Sale-Foldable-Paper-Boxes-Wholesale-Sea-Food-Package-Boxes-with-Custom-Logo-Pattern-2.webp\" alt=\"wholesale-foldable-boxes-custom-printed-seafood-boxes-2\" class=\"wp-image-2758\" srcset=\"https:\/\/www.yishengpack.com\/wp-content\/uploads\/2025\/11\/Hot-Sale-Foldable-Paper-Boxes-Wholesale-Sea-Food-Package-Boxes-with-Custom-Logo-Pattern-2.webp 2048w, https:\/\/www.yishengpack.com\/wp-content\/uploads\/2025\/11\/Hot-Sale-Foldable-Paper-Boxes-Wholesale-Sea-Food-Package-Boxes-with-Custom-Logo-Pattern-2-300x300.webp 300w, https:\/\/www.yishengpack.com\/wp-content\/uploads\/2025\/11\/Hot-Sale-Foldable-Paper-Boxes-Wholesale-Sea-Food-Package-Boxes-with-Custom-Logo-Pattern-2-150x150.webp 150w, https:\/\/www.yishengpack.com\/wp-content\/uploads\/2025\/11\/Hot-Sale-Foldable-Paper-Boxes-Wholesale-Sea-Food-Package-Boxes-with-Custom-Logo-Pattern-2-768x768.webp 768w, https:\/\/www.yishengpack.com\/wp-content\/uploads\/2025\/11\/Hot-Sale-Foldable-Paper-Boxes-Wholesale-Sea-Food-Package-Boxes-with-Custom-Logo-Pattern-2-12x12.webp 12w, https:\/\/www.yishengpack.com\/wp-content\/uploads\/2025\/11\/Hot-Sale-Foldable-Paper-Boxes-Wholesale-Sea-Food-Package-Boxes-with-Custom-Logo-Pattern-2-1200x1200.webp 1200w, https:\/\/www.yishengpack.com\/wp-content\/uploads\/2025\/11\/Hot-Sale-Foldable-Paper-Boxes-Wholesale-Sea-Food-Package-Boxes-with-Custom-Logo-Pattern-2-600x600.webp 600w, https:\/\/www.yishengpack.com\/wp-content\/uploads\/2025\/11\/Hot-Sale-Foldable-Paper-Boxes-Wholesale-Sea-Food-Package-Boxes-with-Custom-Logo-Pattern-2-100x100.webp 100w\" sizes=\"(max-width: 2048px) 100vw, 2048px\" \/><\/figure>\n<\/div>\n<\/div>\n\n\n\n<div class=\"wp-block-columns is-layout-flex wp-container-core-columns-is-layout-9d6595d7 wp-block-columns-is-layout-flex\">\n<div class=\"wp-block-column is-layout-flow wp-block-column-is-layout-flow\">\n<figure class=\"wp-block-image size-full\"><img decoding=\"async\" width=\"2048\" height=\"2048\" src=\"https:\/\/www.yishengpack.com\/wp-content\/uploads\/2025\/11\/Hot-Sale-Foldable-Paper-Boxes-Wholesale-Sea-Food-Package-Boxes-with-Custom-Logo-Pattern-7.webp\" alt=\"wholesale-foldable-boxes-custom-printed-seafood-boxes-7\" class=\"wp-image-2763\" srcset=\"https:\/\/www.yishengpack.com\/wp-content\/uploads\/2025\/11\/Hot-Sale-Foldable-Paper-Boxes-Wholesale-Sea-Food-Package-Boxes-with-Custom-Logo-Pattern-7.webp 2048w, https:\/\/www.yishengpack.com\/wp-content\/uploads\/2025\/11\/Hot-Sale-Foldable-Paper-Boxes-Wholesale-Sea-Food-Package-Boxes-with-Custom-Logo-Pattern-7-300x300.webp 300w, https:\/\/www.yishengpack.com\/wp-content\/uploads\/2025\/11\/Hot-Sale-Foldable-Paper-Boxes-Wholesale-Sea-Food-Package-Boxes-with-Custom-Logo-Pattern-7-150x150.webp 150w, https:\/\/www.yishengpack.com\/wp-content\/uploads\/2025\/11\/Hot-Sale-Foldable-Paper-Boxes-Wholesale-Sea-Food-Package-Boxes-with-Custom-Logo-Pattern-7-768x768.webp 768w, https:\/\/www.yishengpack.com\/wp-content\/uploads\/2025\/11\/Hot-Sale-Foldable-Paper-Boxes-Wholesale-Sea-Food-Package-Boxes-with-Custom-Logo-Pattern-7-12x12.webp 12w, https:\/\/www.yishengpack.com\/wp-content\/uploads\/2025\/11\/Hot-Sale-Foldable-Paper-Boxes-Wholesale-Sea-Food-Package-Boxes-with-Custom-Logo-Pattern-7-1200x1200.webp 1200w, https:\/\/www.yishengpack.com\/wp-content\/uploads\/2025\/11\/Hot-Sale-Foldable-Paper-Boxes-Wholesale-Sea-Food-Package-Boxes-with-Custom-Logo-Pattern-7-600x600.webp 600w, https:\/\/www.yishengpack.com\/wp-content\/uploads\/2025\/11\/Hot-Sale-Foldable-Paper-Boxes-Wholesale-Sea-Food-Package-Boxes-with-Custom-Logo-Pattern-7-100x100.webp 100w\" sizes=\"(max-width: 2048px) 100vw, 2048px\" \/><\/figure>\n\n\n\n<div class=\"wp-block-buttons has-custom-font-size has-small-font-size is-content-justification-center is-layout-flex wp-container-core-buttons-is-layout-16018d1d wp-block-buttons-is-layout-flex\">\n<div class=\"wp-block-button has-custom-width wp-block-button__width-75\"><a class=\"wp-block-button__link has-background has-small-font-size has-custom-font-size wp-element-button\" href=\"https:\/\/www.yishengpack.com\/fr\/custom-printed-box\/\" style=\"background:linear-gradient(135deg,rgb(254,205,165) 0%,rgb(254,45,45) 0%,rgb(94,15,15) 0%,rgb(94,15,15) 100%)\" target=\"_blank\" rel=\"noreferrer noopener\"><strong>D\u00e9couvrez les bo\u00eetes imprim\u00e9es personnalis\u00e9es<\/strong><\/a><\/div>\n<\/div>\n<\/div>\n\n\n\n<div class=\"wp-block-column is-layout-flow wp-block-column-is-layout-flow\">\n<figure class=\"wp-block-image size-full\"><img decoding=\"async\" width=\"2048\" height=\"2048\" src=\"https:\/\/www.yishengpack.com\/wp-content\/uploads\/2025\/11\/Hot-Sale-Foldable-Paper-Boxes-Wholesale-Sea-Food-Package-Boxes-with-Custom-Logo-Pattern-4.webp\" alt=\"wholesale-foldable-boxes-custom-printed-seafood-boxes-4\" class=\"wp-image-2760\" srcset=\"https:\/\/www.yishengpack.com\/wp-content\/uploads\/2025\/11\/Hot-Sale-Foldable-Paper-Boxes-Wholesale-Sea-Food-Package-Boxes-with-Custom-Logo-Pattern-4.webp 2048w, https:\/\/www.yishengpack.com\/wp-content\/uploads\/2025\/11\/Hot-Sale-Foldable-Paper-Boxes-Wholesale-Sea-Food-Package-Boxes-with-Custom-Logo-Pattern-4-300x300.webp 300w, https:\/\/www.yishengpack.com\/wp-content\/uploads\/2025\/11\/Hot-Sale-Foldable-Paper-Boxes-Wholesale-Sea-Food-Package-Boxes-with-Custom-Logo-Pattern-4-150x150.webp 150w, https:\/\/www.yishengpack.com\/wp-content\/uploads\/2025\/11\/Hot-Sale-Foldable-Paper-Boxes-Wholesale-Sea-Food-Package-Boxes-with-Custom-Logo-Pattern-4-768x768.webp 768w, https:\/\/www.yishengpack.com\/wp-content\/uploads\/2025\/11\/Hot-Sale-Foldable-Paper-Boxes-Wholesale-Sea-Food-Package-Boxes-with-Custom-Logo-Pattern-4-12x12.webp 12w, https:\/\/www.yishengpack.com\/wp-content\/uploads\/2025\/11\/Hot-Sale-Foldable-Paper-Boxes-Wholesale-Sea-Food-Package-Boxes-with-Custom-Logo-Pattern-4-1200x1200.webp 1200w, https:\/\/www.yishengpack.com\/wp-content\/uploads\/2025\/11\/Hot-Sale-Foldable-Paper-Boxes-Wholesale-Sea-Food-Package-Boxes-with-Custom-Logo-Pattern-4-600x600.webp 600w, https:\/\/www.yishengpack.com\/wp-content\/uploads\/2025\/11\/Hot-Sale-Foldable-Paper-Boxes-Wholesale-Sea-Food-Package-Boxes-with-Custom-Logo-Pattern-4-100x100.webp 100w\" sizes=\"(max-width: 2048px) 100vw, 2048px\" \/><\/figure>\n\n\n\n<div class=\"wp-block-buttons has-custom-font-size has-small-font-size is-content-justification-center is-layout-flex wp-container-core-buttons-is-layout-16018d1d wp-block-buttons-is-layout-flex\">\n<div class=\"wp-block-button has-custom-width wp-block-button__width-75\"><a class=\"wp-block-button__link has-background has-small-font-size has-custom-font-size wp-element-button\" href=\"https:\/\/www.yishengpack.com\/fr\/custom-paper-box-plastic-containers\/\" style=\"background:linear-gradient(135deg,rgb(254,205,165) 0%,rgb(254,45,45) 0%,rgb(94,15,15) 0%,rgb(94,15,15) 100%)\" target=\"_blank\" rel=\"noreferrer noopener\"><strong>D\u00e9couvrez les mat\u00e9riaux personnalis\u00e9s pour les bo\u00eetes<\/strong><\/a><\/div>\n<\/div>\n<\/div>\n<\/div>","protected":false},"excerpt":{"rendered":"<p>Les bo\u00eetes pliantes sont fabriqu\u00e9es \u00e0 partir de mat\u00e9riaux de qualit\u00e9 alimentaire, r\u00e9sistants \u00e0 l'huile et \u00e0 l'humidit\u00e9, offrant une grande durabilit\u00e9 et un stockage peu encombrant, parfaites pour l'emballage des fruits de mer comme le poisson, les crevettes, le poulpe, et plus encore. Enti\u00e8rement personnalisables avec l'impression de logos et de marques, elles sont id\u00e9ales pour les magasins de fruits de mer, les restaurants et les emballages de plats \u00e0 emporter.<\/p>\n<h2>Points forts des bo\u00eetes pliantes en gros<\/h2>\n<ul>\n<li>Conception visuelle sur le th\u00e8me de la mer<\/li>\n<li>Personnalisation<\/li>\n<li>Conception de bo\u00eete \u00e0 couvercle rabattable<\/li>\n<li>Mat\u00e9riaux de qualit\u00e9 sup\u00e9rieure<\/li>\n<li>Proc\u00e9d\u00e9 d'impression raffin\u00e9<\/li>\n<li>Diverses options de couleurs<\/li>\n<li>Plusieurs tailles de bo\u00eetes<\/li>\n<li>Structure stable<\/li>\n<\/ul>","protected":false},"featured_media":2757,"comment_status":"closed","ping_status":"closed","template":"","meta":{"_acf_changed":false},"box-type":[48],"product_brand":[],"product_cat":[46,33,42],"product_tag":[],"class_list":{"0":"post-2756","1":"product","2":"type-product","3":"status-publish","4":"has-post-thumbnail","6":"box-type-custom-tuck-top-boxes","7":"product_cat-wholesale-paper-boxes","8":"product_cat-food-packaging-boxes-wholesale","9":"product_cat-custom-frozen-food-boxes","11":"first","12":"instock","13":"shipping-taxable","14":"product-type-simple"},"acf":[],"_links":{"self":[{"href":"https:\/\/www.yishengpack.com\/fr\/wp-json\/wp\/v2\/product\/2756","targetHints":{"allow":["GET"]}}],"collection":[{"href":"https:\/\/www.yishengpack.com\/fr\/wp-json\/wp\/v2\/product"}],"about":[{"href":"https:\/\/www.yishengpack.com\/fr\/wp-json\/wp\/v2\/types\/product"}],"replies":[{"embeddable":true,"href":"https:\/\/www.yishengpack.com\/fr\/wp-json\/wp\/v2\/comments?post=2756"}],"wp:featuredmedia":[{"embeddable":true,"href":"https:\/\/www.yishengpack.com\/fr\/wp-json\/wp\/v2\/media\/2757"}],"wp:attachment":[{"href":"https:\/\/www.yishengpack.com\/fr\/wp-json\/wp\/v2\/media?parent=2756"}],"wp:term":[{"taxonomy":"box-type","embeddable":true,"href":"https:\/\/www.yishengpack.com\/fr\/wp-json\/wp\/v2\/box-type?post=2756"},{"taxonomy":"product_brand","embeddable":true,"href":"https:\/\/www.yishengpack.com\/fr\/wp-json\/wp\/v2\/product_brand?post=2756"},{"taxonomy":"product_cat","embeddable":true,"href":"https:\/\/www.yishengpack.com\/fr\/wp-json\/wp\/v2\/product_cat?post=2756"},{"taxonomy":"product_tag","embeddable":true,"href":"https:\/\/www.yishengpack.com\/fr\/wp-json\/wp\/v2\/product_tag?post=2756"}],"curies":[{"name":"wp","href":"https:\/\/api.w.org\/{rel}","templated":true}]}}