{"id":2740,"date":"2025-12-10T06:12:57","date_gmt":"2025-12-10T06:12:57","guid":{"rendered":"https:\/\/www.yishengpack.com\/?post_type=product&#038;p=2740"},"modified":"2025-12-10T06:13:37","modified_gmt":"2025-12-10T06:13:37","slug":"custom-printed-chocolate-boxes","status":"publish","type":"product","link":"https:\/\/www.yishengpack.com\/fr\/produit\/custom-printed-chocolate-boxes\/","title":{"rendered":"Bo\u00eetes \u00e0 chocolat imprim\u00e9es sur mesure, Bo\u00eetes \u00e0 cadeaux magn\u00e9tiques en gros"},"content":{"rendered":"<div class=\"wp-block-columns is-layout-flex wp-container-core-columns-is-layout-9d6595d7 wp-block-columns-is-layout-flex\">\n<div class=\"wp-block-column is-layout-flow wp-block-column-is-layout-flow\">\n<h3 class=\"wp-block-heading\">Features of Custom Printed Chocolate Boxes<\/h3>\n\n\n\n<p><strong>Premium Magnetic Opening and Closing Design:<\/strong> These custom printed chocolate boxes are designed based on the principle of a magnetic flip-top box; the movement when opening and closing is smooth, providing a\u2002premium feel that feels good in the hand. It is\u2002great for luxury gift packaging of chocolates, dates, and many other sweet dishes.<\/p>\n\n\n\n<p><strong>Built-in Food-grade Insert Tray:<\/strong> These custom printed chocolate boxes are equipped with a custom-designed insert tray. Divisions can be adjusted to the number and size of the chocolates to better enhance the display of\u2002the product and prevent mixing and breaking, and keep the desserts always in the best condition.<\/p>\n\n\n\n<p><strong>Sturdy Cardboard Construction:<\/strong> These custom printed chocolate boxes are made from high-grammage grey board or cardboard. The structure is rigid, pressure-resistant, and not easily deformed, suitable for long-distance transportation and high-end brand packaging needs.<\/p>\n\n\n\n<p><strong>Diverse Color &amp; Finish Selections:<\/strong> The wholesale magnetic closure gift boxes come in diverse color and finish selections like black with gold accents, light blue, and olive green. These selections enhance brand appeal, making the box suitable for gifting different types of sweets and aligning with brand identities.<\/p>\n\n\n\n<p><strong>Fully Customizable for Confectionery Brands: <\/strong>The wholesale magnetic closure gift boxes allow logos, patterns, and packaging themes can be customized according to brand needs to align with the unique branding needs of gourmet and confectionery businesses.<\/p>\n<\/div>\n\n\n\n<div class=\"wp-block-column is-layout-flow wp-block-column-is-layout-flow\">\n<figure class=\"wp-block-image size-full\"><img decoding=\"async\" width=\"2048\" height=\"2048\" src=\"https:\/\/www.yishengpack.com\/wp-content\/uploads\/2025\/11\/High-End-Personalized-Customization-Gift-Boxes-Magnetic-Closure-Boxes-with-Insert-Tray-Wholesale-2.webp\" alt=\"custom-printed-chocolate-boxes-wholesale-magnetic-gift-box-2\" class=\"wp-image-2742\" srcset=\"https:\/\/www.yishengpack.com\/wp-content\/uploads\/2025\/11\/High-End-Personalized-Customization-Gift-Boxes-Magnetic-Closure-Boxes-with-Insert-Tray-Wholesale-2.webp 2048w, https:\/\/www.yishengpack.com\/wp-content\/uploads\/2025\/11\/High-End-Personalized-Customization-Gift-Boxes-Magnetic-Closure-Boxes-with-Insert-Tray-Wholesale-2-300x300.webp 300w, https:\/\/www.yishengpack.com\/wp-content\/uploads\/2025\/11\/High-End-Personalized-Customization-Gift-Boxes-Magnetic-Closure-Boxes-with-Insert-Tray-Wholesale-2-150x150.webp 150w, https:\/\/www.yishengpack.com\/wp-content\/uploads\/2025\/11\/High-End-Personalized-Customization-Gift-Boxes-Magnetic-Closure-Boxes-with-Insert-Tray-Wholesale-2-768x768.webp 768w, https:\/\/www.yishengpack.com\/wp-content\/uploads\/2025\/11\/High-End-Personalized-Customization-Gift-Boxes-Magnetic-Closure-Boxes-with-Insert-Tray-Wholesale-2-12x12.webp 12w, https:\/\/www.yishengpack.com\/wp-content\/uploads\/2025\/11\/High-End-Personalized-Customization-Gift-Boxes-Magnetic-Closure-Boxes-with-Insert-Tray-Wholesale-2-1200x1200.webp 1200w, https:\/\/www.yishengpack.com\/wp-content\/uploads\/2025\/11\/High-End-Personalized-Customization-Gift-Boxes-Magnetic-Closure-Boxes-with-Insert-Tray-Wholesale-2-600x600.webp 600w, https:\/\/www.yishengpack.com\/wp-content\/uploads\/2025\/11\/High-End-Personalized-Customization-Gift-Boxes-Magnetic-Closure-Boxes-with-Insert-Tray-Wholesale-2-100x100.webp 100w\" sizes=\"(max-width: 2048px) 100vw, 2048px\" \/><\/figure>\n<\/div>\n<\/div>\n\n\n\n<div class=\"wp-block-columns is-layout-flex wp-container-core-columns-is-layout-9d6595d7 wp-block-columns-is-layout-flex\">\n<div class=\"wp-block-column is-layout-flow wp-block-column-is-layout-flow\">\n<figure class=\"wp-block-image size-full\"><img decoding=\"async\" width=\"2048\" height=\"2048\" src=\"https:\/\/www.yishengpack.com\/wp-content\/uploads\/2025\/11\/High-End-Personalized-Customization-Gift-Boxes-Magnetic-Closure-Boxes-with-Insert-Tray-Wholesale-7.webp\" alt=\"high-end-personalized-customization-gift-boxes-magnetic-closure-boxes-with-insert-tray-wholesale-7\" class=\"wp-image-2747\" srcset=\"https:\/\/www.yishengpack.com\/wp-content\/uploads\/2025\/11\/High-End-Personalized-Customization-Gift-Boxes-Magnetic-Closure-Boxes-with-Insert-Tray-Wholesale-7.webp 2048w, https:\/\/www.yishengpack.com\/wp-content\/uploads\/2025\/11\/High-End-Personalized-Customization-Gift-Boxes-Magnetic-Closure-Boxes-with-Insert-Tray-Wholesale-7-300x300.webp 300w, https:\/\/www.yishengpack.com\/wp-content\/uploads\/2025\/11\/High-End-Personalized-Customization-Gift-Boxes-Magnetic-Closure-Boxes-with-Insert-Tray-Wholesale-7-150x150.webp 150w, https:\/\/www.yishengpack.com\/wp-content\/uploads\/2025\/11\/High-End-Personalized-Customization-Gift-Boxes-Magnetic-Closure-Boxes-with-Insert-Tray-Wholesale-7-768x768.webp 768w, https:\/\/www.yishengpack.com\/wp-content\/uploads\/2025\/11\/High-End-Personalized-Customization-Gift-Boxes-Magnetic-Closure-Boxes-with-Insert-Tray-Wholesale-7-12x12.webp 12w, https:\/\/www.yishengpack.com\/wp-content\/uploads\/2025\/11\/High-End-Personalized-Customization-Gift-Boxes-Magnetic-Closure-Boxes-with-Insert-Tray-Wholesale-7-1200x1200.webp 1200w, https:\/\/www.yishengpack.com\/wp-content\/uploads\/2025\/11\/High-End-Personalized-Customization-Gift-Boxes-Magnetic-Closure-Boxes-with-Insert-Tray-Wholesale-7-600x600.webp 600w, https:\/\/www.yishengpack.com\/wp-content\/uploads\/2025\/11\/High-End-Personalized-Customization-Gift-Boxes-Magnetic-Closure-Boxes-with-Insert-Tray-Wholesale-7-100x100.webp 100w\" sizes=\"(max-width: 2048px) 100vw, 2048px\" \/><\/figure>\n\n\n\n<div class=\"wp-block-buttons has-custom-font-size has-small-font-size is-content-justification-center is-layout-flex wp-container-core-buttons-is-layout-16018d1d wp-block-buttons-is-layout-flex\">\n<div class=\"wp-block-button has-custom-width wp-block-button__width-75\"><a class=\"wp-block-button__link has-background has-small-font-size has-custom-font-size wp-element-button\" href=\"https:\/\/www.yishengpack.com\/fr\/custom-printed-box\/\" style=\"background:linear-gradient(135deg,rgb(254,205,165) 0%,rgb(254,45,45) 0%,rgb(94,15,15) 0%,rgb(94,15,15) 100%)\" target=\"_blank\" rel=\"noreferrer noopener\"><strong>D\u00e9couvrez les bo\u00eetes imprim\u00e9es personnalis\u00e9es<\/strong><\/a><\/div>\n<\/div>\n<\/div>\n\n\n\n<div class=\"wp-block-column is-layout-flow wp-block-column-is-layout-flow\">\n<figure class=\"wp-block-image size-full\"><img decoding=\"async\" width=\"2048\" height=\"2048\" src=\"https:\/\/www.yishengpack.com\/wp-content\/uploads\/2025\/11\/High-End-Personalized-Customization-Gift-Boxes-Magnetic-Closure-Boxes-with-Insert-Tray-Wholesale-4.webp\" alt=\"high-end-personalized-customization-gift-boxes-magnetic-closure-boxes-with-insert-tray-wholesale-4\" class=\"wp-image-2744\" srcset=\"https:\/\/www.yishengpack.com\/wp-content\/uploads\/2025\/11\/High-End-Personalized-Customization-Gift-Boxes-Magnetic-Closure-Boxes-with-Insert-Tray-Wholesale-4.webp 2048w, https:\/\/www.yishengpack.com\/wp-content\/uploads\/2025\/11\/High-End-Personalized-Customization-Gift-Boxes-Magnetic-Closure-Boxes-with-Insert-Tray-Wholesale-4-300x300.webp 300w, https:\/\/www.yishengpack.com\/wp-content\/uploads\/2025\/11\/High-End-Personalized-Customization-Gift-Boxes-Magnetic-Closure-Boxes-with-Insert-Tray-Wholesale-4-150x150.webp 150w, https:\/\/www.yishengpack.com\/wp-content\/uploads\/2025\/11\/High-End-Personalized-Customization-Gift-Boxes-Magnetic-Closure-Boxes-with-Insert-Tray-Wholesale-4-768x768.webp 768w, https:\/\/www.yishengpack.com\/wp-content\/uploads\/2025\/11\/High-End-Personalized-Customization-Gift-Boxes-Magnetic-Closure-Boxes-with-Insert-Tray-Wholesale-4-12x12.webp 12w, https:\/\/www.yishengpack.com\/wp-content\/uploads\/2025\/11\/High-End-Personalized-Customization-Gift-Boxes-Magnetic-Closure-Boxes-with-Insert-Tray-Wholesale-4-1200x1200.webp 1200w, https:\/\/www.yishengpack.com\/wp-content\/uploads\/2025\/11\/High-End-Personalized-Customization-Gift-Boxes-Magnetic-Closure-Boxes-with-Insert-Tray-Wholesale-4-600x600.webp 600w, https:\/\/www.yishengpack.com\/wp-content\/uploads\/2025\/11\/High-End-Personalized-Customization-Gift-Boxes-Magnetic-Closure-Boxes-with-Insert-Tray-Wholesale-4-100x100.webp 100w\" sizes=\"(max-width: 2048px) 100vw, 2048px\" \/><\/figure>\n\n\n\n<div class=\"wp-block-buttons has-custom-font-size has-small-font-size is-content-justification-center is-layout-flex wp-container-core-buttons-is-layout-16018d1d wp-block-buttons-is-layout-flex\">\n<div class=\"wp-block-button has-custom-width wp-block-button__width-75\"><a class=\"wp-block-button__link has-background has-small-font-size has-custom-font-size wp-element-button\" href=\"https:\/\/www.yishengpack.com\/fr\/custom-box-inserts-accessories\/\" style=\"background:linear-gradient(135deg,rgb(254,205,165) 0%,rgb(254,45,45) 0%,rgb(94,15,15) 0%,rgb(94,15,15) 100%)\" target=\"_blank\" rel=\"noreferrer noopener\"><strong>D\u00e9couvrez les encarts personnalis\u00e9s<\/strong><\/a><\/div>\n<\/div>\n<\/div>\n<\/div>","protected":false},"excerpt":{"rendered":"<p>Bienvenue dans nos bo\u00eetes \u00e0 chocolat imprim\u00e9es personnalis\u00e9es, dot\u00e9es d'une structure haut de gamme et d'un int\u00e9rieur s\u00fbr pour les aliments. Elles allient luxe et praticit\u00e9 pour les cadeaux et la pr\u00e9sentation de produits gastronomiques. Ces bo\u00eetes cadeaux \u00e0 fermeture magn\u00e9tique offrent une personnalisation compl\u00e8te et sont parfaites pour emballer des dattes, des chocolats, des desserts et bien plus encore. Id\u00e9ales pour les marques de chocolat, les emballages cadeaux et les promotions saisonni\u00e8res.<\/p>\n<h2>Points forts des bo\u00eetes de chocolat imprim\u00e9es sur mesure<\/h2>\n<ul>\n<li>Structure \u00e9l\u00e9gante en bo\u00eete rigide<\/li>\n<li>Conception de fermeture magn\u00e9tique<\/li>\n<li>Personnalisation compl\u00e8te<\/li>\n<li>Mat\u00e9riaux imperm\u00e9ables<\/li>\n<li>Un travail soign\u00e9<\/li>\n<li>Plusieurs types de bo\u00eetes<\/li>\n<li>Diverses options de couleurs<\/li>\n<li>Dispositions des compartiments personnalisables<\/li>\n<\/ul>","protected":false},"featured_media":2741,"comment_status":"closed","ping_status":"closed","template":"","meta":{"_acf_changed":false},"box-type":[54],"product_brand":[],"product_cat":[19,41,68],"product_tag":[],"class_list":{"0":"post-2740","1":"product","2":"type-product","3":"status-publish","4":"has-post-thumbnail","6":"box-type-custom-magnetic-closure-boxes","7":"product_cat-luxury-gift-boxes-wholesale","8":"product_cat-candy-gift-boxes-wholesale","9":"product_cat-custom-dates-box","11":"first","12":"instock","13":"shipping-taxable","14":"product-type-simple"},"acf":[],"_links":{"self":[{"href":"https:\/\/www.yishengpack.com\/fr\/wp-json\/wp\/v2\/product\/2740","targetHints":{"allow":["GET"]}}],"collection":[{"href":"https:\/\/www.yishengpack.com\/fr\/wp-json\/wp\/v2\/product"}],"about":[{"href":"https:\/\/www.yishengpack.com\/fr\/wp-json\/wp\/v2\/types\/product"}],"replies":[{"embeddable":true,"href":"https:\/\/www.yishengpack.com\/fr\/wp-json\/wp\/v2\/comments?post=2740"}],"wp:featuredmedia":[{"embeddable":true,"href":"https:\/\/www.yishengpack.com\/fr\/wp-json\/wp\/v2\/media\/2741"}],"wp:attachment":[{"href":"https:\/\/www.yishengpack.com\/fr\/wp-json\/wp\/v2\/media?parent=2740"}],"wp:term":[{"taxonomy":"box-type","embeddable":true,"href":"https:\/\/www.yishengpack.com\/fr\/wp-json\/wp\/v2\/box-type?post=2740"},{"taxonomy":"product_brand","embeddable":true,"href":"https:\/\/www.yishengpack.com\/fr\/wp-json\/wp\/v2\/product_brand?post=2740"},{"taxonomy":"product_cat","embeddable":true,"href":"https:\/\/www.yishengpack.com\/fr\/wp-json\/wp\/v2\/product_cat?post=2740"},{"taxonomy":"product_tag","embeddable":true,"href":"https:\/\/www.yishengpack.com\/fr\/wp-json\/wp\/v2\/product_tag?post=2740"}],"curies":[{"name":"wp","href":"https:\/\/api.w.org\/{rel}","templated":true}]}}