{"id":2716,"date":"2025-12-10T01:38:19","date_gmt":"2025-12-10T01:38:19","guid":{"rendered":"https:\/\/www.yishengpack.com\/?post_type=product&#038;p=2716"},"modified":"2025-12-10T01:38:21","modified_gmt":"2025-12-10T01:38:21","slug":"bulk-magnetic-boxes","status":"publish","type":"product","link":"https:\/\/www.yishengpack.com\/fr\/produit\/bulk-magnetic-boxes\/","title":{"rendered":"Bo\u00eetes magn\u00e9tiques en vrac d'usine, bo\u00eetes de produits personnalis\u00e9es avec logo"},"content":{"rendered":"<div class=\"wp-block-columns is-layout-flex wp-container-core-columns-is-layout-9d6595d7 wp-block-columns-is-layout-flex\">\n<div class=\"wp-block-column is-layout-flow wp-block-column-is-layout-flow\">\n<h3 class=\"wp-block-heading\">Caract\u00e9ristiques des bo\u00eetes magn\u00e9tiques en vrac<\/h3>\n\n\n\n<p><strong>Structure robuste en carton : <\/strong>Fabriqu\u00e9es en carton gris de haute densit\u00e9, ces bo\u00eetes magn\u00e9tiques en vrac garantissent une structure rigide et r\u00e9sistante \u00e0 la pression. Elles conviennent aux cadeaux haut de gamme, \u00e0 l'\u00e9lectronique, aux cosm\u00e9tiques et \u00e0 d'autres besoins d'emballage.<\/p>\n\n\n\n<p><strong>Fermeture magn\u00e9tique : <\/strong>Les bo\u00eetes \u00e0 produits personnalis\u00e9es durables avec logo sont dot\u00e9es d'une fermeture magn\u00e9tique ; ces bo\u00eetes s'ouvrent et se ferment en douceur avec une sensation de qualit\u00e9 sup\u00e9rieure, ce qui am\u00e9liore la perception de la qualit\u00e9 de l'emballage du produit.<\/p>\n\n\n\n<p><strong>Doublure personnalis\u00e9e haut de gamme :<\/strong> Ces bo\u00eetes magn\u00e9tiques en vrac comprennent des inserts moul\u00e9s en EVA, en \u00e9ponge ou en p\u00e2te \u00e0 papier, qui prot\u00e8gent les produits contre les chocs tout en am\u00e9liorant l'exp\u00e9rience de d\u00e9ballage.<\/p>\n\n\n\n<p><strong>R\u00e9seau de couleurs vibrantes :<\/strong> Ces bo\u00eetes magn\u00e9tiques en vrac sont disponibles dans une gamme de couleurs vives telles que le bleu, le vert, le rouge et l'argent. Ces couleurs renforcent la reconnaissance de la marque, ce qui permet \u00e0 la bo\u00eete de pr\u00e9senter diverses pi\u00e8ces automobiles et de s'aligner sur l'identit\u00e9 de la marque automobile.<\/p>\n\n\n\n<p><strong>Convient \u00e0 la production de masse :<\/strong> L'usine assure une production \u00e0 grande \u00e9chelle, une livraison rapide et une inspection stricte de la qualit\u00e9 afin de garantir la coh\u00e9rence et la stabilit\u00e9. Les bo\u00eetes \u00e0 produits personnalis\u00e9es durables avec logo conviennent aux commandes de gros et de marque, et sont largement utilis\u00e9es pour les bo\u00eetes d'emballage de composants, les bo\u00eetes-cadeaux de produits \u00e9lectroniques, les bo\u00eetes-cadeaux de bijoux, les bo\u00eetes-cadeaux de vacances et les emballages de lancement de marque.<\/p>\n\n\n\n<p><strong>Enti\u00e8rement personnalisable :<\/strong> Ces bo\u00eetes magn\u00e9tiques en vrac peuvent \u00eatre personnalis\u00e9es en termes de taille, de structure, de couleur, de finition, de logo et de doublure, selon les besoins, et peuvent \u00eatre associ\u00e9es \u00e0 divers proc\u00e9d\u00e9s tels que le marquage \u00e0 chaud, le rev\u00eatement UV, le papier textur\u00e9 cuir, le papier textur\u00e9 tissu, le laminage et le gaufrage afin d'am\u00e9liorer la reconnaissance visuelle de la marque et de r\u00e9pondre aux besoins personnalis\u00e9s des propri\u00e9taires de la marque.<\/p>\n<\/div>\n\n\n\n<div class=\"wp-block-column is-layout-flow wp-block-column-is-layout-flow\">\n<figure class=\"wp-block-image size-full\"><img decoding=\"async\" width=\"2048\" height=\"2048\" src=\"https:\/\/www.yishengpack.com\/wp-content\/uploads\/2025\/11\/Bulk-Premium-Durable-Magnetic-Closure-Boxes-Wholesale-Custom-Printed-Logo-Sturdy-Boxes-with-Lid-2.webp\" alt=\"factory-bulk-magnetic-boxes-custom product-boxes-with-logo-2\" class=\"wp-image-2718\" srcset=\"https:\/\/www.yishengpack.com\/wp-content\/uploads\/2025\/11\/Bulk-Premium-Durable-Magnetic-Closure-Boxes-Wholesale-Custom-Printed-Logo-Sturdy-Boxes-with-Lid-2.webp 2048w, https:\/\/www.yishengpack.com\/wp-content\/uploads\/2025\/11\/Bulk-Premium-Durable-Magnetic-Closure-Boxes-Wholesale-Custom-Printed-Logo-Sturdy-Boxes-with-Lid-2-300x300.webp 300w, https:\/\/www.yishengpack.com\/wp-content\/uploads\/2025\/11\/Bulk-Premium-Durable-Magnetic-Closure-Boxes-Wholesale-Custom-Printed-Logo-Sturdy-Boxes-with-Lid-2-150x150.webp 150w, https:\/\/www.yishengpack.com\/wp-content\/uploads\/2025\/11\/Bulk-Premium-Durable-Magnetic-Closure-Boxes-Wholesale-Custom-Printed-Logo-Sturdy-Boxes-with-Lid-2-768x768.webp 768w, https:\/\/www.yishengpack.com\/wp-content\/uploads\/2025\/11\/Bulk-Premium-Durable-Magnetic-Closure-Boxes-Wholesale-Custom-Printed-Logo-Sturdy-Boxes-with-Lid-2-12x12.webp 12w, https:\/\/www.yishengpack.com\/wp-content\/uploads\/2025\/11\/Bulk-Premium-Durable-Magnetic-Closure-Boxes-Wholesale-Custom-Printed-Logo-Sturdy-Boxes-with-Lid-2-1200x1200.webp 1200w, https:\/\/www.yishengpack.com\/wp-content\/uploads\/2025\/11\/Bulk-Premium-Durable-Magnetic-Closure-Boxes-Wholesale-Custom-Printed-Logo-Sturdy-Boxes-with-Lid-2-600x600.webp 600w, https:\/\/www.yishengpack.com\/wp-content\/uploads\/2025\/11\/Bulk-Premium-Durable-Magnetic-Closure-Boxes-Wholesale-Custom-Printed-Logo-Sturdy-Boxes-with-Lid-2-100x100.webp 100w\" sizes=\"(max-width: 2048px) 100vw, 2048px\" \/><\/figure>\n<\/div>\n<\/div>\n\n\n\n<div class=\"wp-block-columns is-layout-flex wp-container-core-columns-is-layout-9d6595d7 wp-block-columns-is-layout-flex\">\n<div class=\"wp-block-column is-layout-flow wp-block-column-is-layout-flow\">\n<figure class=\"wp-block-image size-full\"><img decoding=\"async\" width=\"2048\" height=\"2048\" src=\"https:\/\/www.yishengpack.com\/wp-content\/uploads\/2025\/11\/Bulk-Premium-Durable-Magnetic-Closure-Boxes-Wholesale-Custom-Printed-Logo-Sturdy-Boxes-with-Lid-7.webp\" alt=\"factory-bulk-magnetic-boxes-custom product-boxes-with-logo-7\" class=\"wp-image-2723\" srcset=\"https:\/\/www.yishengpack.com\/wp-content\/uploads\/2025\/11\/Bulk-Premium-Durable-Magnetic-Closure-Boxes-Wholesale-Custom-Printed-Logo-Sturdy-Boxes-with-Lid-7.webp 2048w, https:\/\/www.yishengpack.com\/wp-content\/uploads\/2025\/11\/Bulk-Premium-Durable-Magnetic-Closure-Boxes-Wholesale-Custom-Printed-Logo-Sturdy-Boxes-with-Lid-7-300x300.webp 300w, https:\/\/www.yishengpack.com\/wp-content\/uploads\/2025\/11\/Bulk-Premium-Durable-Magnetic-Closure-Boxes-Wholesale-Custom-Printed-Logo-Sturdy-Boxes-with-Lid-7-150x150.webp 150w, https:\/\/www.yishengpack.com\/wp-content\/uploads\/2025\/11\/Bulk-Premium-Durable-Magnetic-Closure-Boxes-Wholesale-Custom-Printed-Logo-Sturdy-Boxes-with-Lid-7-768x768.webp 768w, https:\/\/www.yishengpack.com\/wp-content\/uploads\/2025\/11\/Bulk-Premium-Durable-Magnetic-Closure-Boxes-Wholesale-Custom-Printed-Logo-Sturdy-Boxes-with-Lid-7-12x12.webp 12w, https:\/\/www.yishengpack.com\/wp-content\/uploads\/2025\/11\/Bulk-Premium-Durable-Magnetic-Closure-Boxes-Wholesale-Custom-Printed-Logo-Sturdy-Boxes-with-Lid-7-1200x1200.webp 1200w, https:\/\/www.yishengpack.com\/wp-content\/uploads\/2025\/11\/Bulk-Premium-Durable-Magnetic-Closure-Boxes-Wholesale-Custom-Printed-Logo-Sturdy-Boxes-with-Lid-7-600x600.webp 600w, https:\/\/www.yishengpack.com\/wp-content\/uploads\/2025\/11\/Bulk-Premium-Durable-Magnetic-Closure-Boxes-Wholesale-Custom-Printed-Logo-Sturdy-Boxes-with-Lid-7-100x100.webp 100w\" sizes=\"(max-width: 2048px) 100vw, 2048px\" \/><\/figure>\n\n\n\n<div class=\"wp-block-buttons has-custom-font-size has-small-font-size is-content-justification-center is-layout-flex wp-container-core-buttons-is-layout-16018d1d wp-block-buttons-is-layout-flex\">\n<div class=\"wp-block-button has-custom-width wp-block-button__width-75\"><a class=\"wp-block-button__link has-background has-small-font-size has-custom-font-size wp-element-button\" href=\"https:\/\/www.yishengpack.com\/fr\/custom-printed-box\/\" style=\"background:linear-gradient(135deg,rgb(254,205,165) 0%,rgb(254,45,45) 0%,rgb(94,15,15) 0%,rgb(94,15,15) 100%)\" target=\"_blank\" rel=\"noreferrer noopener\"><strong>D\u00e9couvrez les bo\u00eetes imprim\u00e9es personnalis\u00e9es<\/strong><\/a><\/div>\n<\/div>\n<\/div>\n\n\n\n<div class=\"wp-block-column is-layout-flow wp-block-column-is-layout-flow\">\n<figure class=\"wp-block-image size-full\"><img decoding=\"async\" width=\"2048\" height=\"2048\" src=\"https:\/\/www.yishengpack.com\/wp-content\/uploads\/2025\/11\/Bulk-Premium-Durable-Magnetic-Closure-Boxes-Wholesale-Custom-Printed-Logo-Sturdy-Boxes-with-Lid-3.webp\" alt=\"factory-bulk-magnetic-boxes-custom product-boxes-with-logo-3\" class=\"wp-image-2719\" srcset=\"https:\/\/www.yishengpack.com\/wp-content\/uploads\/2025\/11\/Bulk-Premium-Durable-Magnetic-Closure-Boxes-Wholesale-Custom-Printed-Logo-Sturdy-Boxes-with-Lid-3.webp 2048w, https:\/\/www.yishengpack.com\/wp-content\/uploads\/2025\/11\/Bulk-Premium-Durable-Magnetic-Closure-Boxes-Wholesale-Custom-Printed-Logo-Sturdy-Boxes-with-Lid-3-300x300.webp 300w, https:\/\/www.yishengpack.com\/wp-content\/uploads\/2025\/11\/Bulk-Premium-Durable-Magnetic-Closure-Boxes-Wholesale-Custom-Printed-Logo-Sturdy-Boxes-with-Lid-3-150x150.webp 150w, https:\/\/www.yishengpack.com\/wp-content\/uploads\/2025\/11\/Bulk-Premium-Durable-Magnetic-Closure-Boxes-Wholesale-Custom-Printed-Logo-Sturdy-Boxes-with-Lid-3-768x768.webp 768w, https:\/\/www.yishengpack.com\/wp-content\/uploads\/2025\/11\/Bulk-Premium-Durable-Magnetic-Closure-Boxes-Wholesale-Custom-Printed-Logo-Sturdy-Boxes-with-Lid-3-12x12.webp 12w, https:\/\/www.yishengpack.com\/wp-content\/uploads\/2025\/11\/Bulk-Premium-Durable-Magnetic-Closure-Boxes-Wholesale-Custom-Printed-Logo-Sturdy-Boxes-with-Lid-3-1200x1200.webp 1200w, https:\/\/www.yishengpack.com\/wp-content\/uploads\/2025\/11\/Bulk-Premium-Durable-Magnetic-Closure-Boxes-Wholesale-Custom-Printed-Logo-Sturdy-Boxes-with-Lid-3-600x600.webp 600w, https:\/\/www.yishengpack.com\/wp-content\/uploads\/2025\/11\/Bulk-Premium-Durable-Magnetic-Closure-Boxes-Wholesale-Custom-Printed-Logo-Sturdy-Boxes-with-Lid-3-100x100.webp 100w\" sizes=\"(max-width: 2048px) 100vw, 2048px\" \/><\/figure>\n\n\n\n<div class=\"wp-block-buttons has-custom-font-size has-small-font-size is-content-justification-center is-layout-flex wp-container-core-buttons-is-layout-16018d1d wp-block-buttons-is-layout-flex\">\n<div class=\"wp-block-button has-custom-width wp-block-button__width-75\"><a class=\"wp-block-button__link has-background has-small-font-size has-custom-font-size wp-element-button\" href=\"https:\/\/www.yishengpack.com\/fr\/custom-box-inserts-accessories\/\" style=\"background:linear-gradient(135deg,rgb(254,205,165) 0%,rgb(254,45,45) 0%,rgb(94,15,15) 0%,rgb(94,15,15) 100%)\" target=\"_blank\" rel=\"noreferrer noopener\"><strong>D\u00e9couvrez les encarts personnalis\u00e9s<\/strong><\/a><\/div>\n<\/div>\n<\/div>\n<\/div>","protected":false},"excerpt":{"rendered":"<p>Nous vous invitons \u00e0 acheter nos bo\u00eetes magn\u00e9tiques en vrac fabriqu\u00e9es \u00e0 partir de carton rigide et durable et personnalisables \u00e0 l'aide de votre logo, de vos couleurs et de vos finitions. Ces bo\u00eetes \u00e0 fermeture magn\u00e9tique offrent une exp\u00e9rience de d\u00e9ballage luxueuse et sont id\u00e9ales pour l'\u00e9lectronique, les cosm\u00e9tiques, les cadeaux et l'emballage de produits de marque. OEM\/ODM disponible pour toutes les tailles et tous les styles.<\/p>\n<h2>Points forts des bo\u00eetes magn\u00e9tiques en vrac<\/h2>\n<ul>\n<li>Conception de fermeture magn\u00e9tique<\/li>\n<li>Personnalisation compl\u00e8te<\/li>\n<li>Structure stable<\/li>\n<li>Mat\u00e9riaux de haute qualit\u00e9<\/li>\n<li>Une grande ma\u00eetrise de l'impression<\/li>\n<li>Diff\u00e9rentes tailles de bo\u00eetes<\/li>\n<li>Couleurs vives<\/li>\n<li>Options d'insertion<\/li>\n<\/ul>","protected":false},"featured_media":2717,"comment_status":"closed","ping_status":"closed","template":"","meta":{"_acf_changed":false},"box-type":[54],"product_brand":[],"product_cat":[19,66,65,40,39,46,69,73,74],"product_tag":[],"class_list":{"0":"post-2716","1":"product","2":"type-product","3":"status-publish","4":"has-post-thumbnail","6":"box-type-custom-magnetic-closure-boxes","7":"product_cat-luxury-gift-boxes-wholesale","8":"product_cat-custom-apparel-boxes","9":"product_cat-custom-cosmetic-boxes","10":"product_cat-custom-jewelry-boxes","11":"product_cat-custom-perfume-boxes","12":"product_cat-wholesale-paper-boxes","13":"product_cat-custom-retail-boxes","14":"product_cat-custom-electronic-packaging","15":"product_cat-custom-auto-parts-boxes","17":"first","18":"instock","19":"shipping-taxable","20":"product-type-simple"},"acf":[],"_links":{"self":[{"href":"https:\/\/www.yishengpack.com\/fr\/wp-json\/wp\/v2\/product\/2716","targetHints":{"allow":["GET"]}}],"collection":[{"href":"https:\/\/www.yishengpack.com\/fr\/wp-json\/wp\/v2\/product"}],"about":[{"href":"https:\/\/www.yishengpack.com\/fr\/wp-json\/wp\/v2\/types\/product"}],"replies":[{"embeddable":true,"href":"https:\/\/www.yishengpack.com\/fr\/wp-json\/wp\/v2\/comments?post=2716"}],"wp:featuredmedia":[{"embeddable":true,"href":"https:\/\/www.yishengpack.com\/fr\/wp-json\/wp\/v2\/media\/2717"}],"wp:attachment":[{"href":"https:\/\/www.yishengpack.com\/fr\/wp-json\/wp\/v2\/media?parent=2716"}],"wp:term":[{"taxonomy":"box-type","embeddable":true,"href":"https:\/\/www.yishengpack.com\/fr\/wp-json\/wp\/v2\/box-type?post=2716"},{"taxonomy":"product_brand","embeddable":true,"href":"https:\/\/www.yishengpack.com\/fr\/wp-json\/wp\/v2\/product_brand?post=2716"},{"taxonomy":"product_cat","embeddable":true,"href":"https:\/\/www.yishengpack.com\/fr\/wp-json\/wp\/v2\/product_cat?post=2716"},{"taxonomy":"product_tag","embeddable":true,"href":"https:\/\/www.yishengpack.com\/fr\/wp-json\/wp\/v2\/product_tag?post=2716"}],"curies":[{"name":"wp","href":"https:\/\/api.w.org\/{rel}","templated":true}]}}