{"id":2700,"date":"2025-12-08T10:35:38","date_gmt":"2025-12-08T10:35:38","guid":{"rendered":"https:\/\/www.yishengpack.com\/?post_type=product&#038;p=2700"},"modified":"2025-12-08T10:36:29","modified_gmt":"2025-12-08T10:36:29","slug":"wholesale-corrugated-mailer-boxes","status":"publish","type":"product","link":"https:\/\/www.yishengpack.com\/fr\/produit\/wholesale-corrugated-mailer-boxes\/","title":{"rendered":"Bo\u00eetes d'exp\u00e9dition en carton ondul\u00e9 en gros pour l'emballage d'accessoires"},"content":{"rendered":"<div class=\"wp-block-columns is-layout-flex wp-container-core-columns-is-layout-9d6595d7 wp-block-columns-is-layout-flex\">\n<div class=\"wp-block-column is-layout-flow wp-block-column-is-layout-flow\">\n<h3 class=\"wp-block-heading\">Caract\u00e9ristiques des bo\u00eetes d'exp\u00e9dition en carton ondul\u00e9 rigide vendues en gros<\/h3>\n\n\n\n<p><strong>Construction robuste en carton ondul\u00e9 :<\/strong> Les bo\u00eetes d'exp\u00e9dition en carton ondul\u00e9 vendues en gros sont con\u00e7ues avec une structure en carton ondul\u00e9 solide qui prot\u00e8ge les accessoires automobiles tels que les petites voitures miniatures et les pi\u00e8ces d\u00e9tach\u00e9es, ainsi que les frais d'exp\u00e9dition, en garantissant qu'ils ne seront pas endommag\u00e9s pendant le transport.<\/p>\n\n\n\n<p><strong>Structure de bo\u00eete postale autobloquante :<\/strong> Les bo\u00eetes d'exp\u00e9dition en carton ondul\u00e9 vendues en gros sont fabriqu\u00e9es \u00e0 partir de carton ondul\u00e9 robuste ; leur conception pliable ne n\u00e9cessite aucun ruban adh\u00e9sif, ce qui permet un assemblage rapide et une efficacit\u00e9 d'emballage am\u00e9lior\u00e9e.<\/p>\n\n\n\n<p><strong>Plateau int\u00e9rieur personnalisable : <\/strong>Les bo\u00eetes d'exp\u00e9dition en carton ondul\u00e9 vendues en gros peuvent accueillir de nombreux types de plateaux int\u00e9rieurs, notamment des plateaux en EVA, en papier et en mousse, afin de permettre une pr\u00e9sentation attrayante de l'article et d'assurer sa stabilit\u00e9 pendant le transport.<\/p>\n\n\n\n<p><strong>Personnalisable pour l'image de marque automobile :<\/strong> Ces bo\u00eetes d'exp\u00e9dition en carton ondul\u00e9 vendues en gros sont dot\u00e9es de surfaces personnalisables ; elles peuvent \u00eatre imprim\u00e9es avec des graphiques sur le th\u00e8me de l'automobile, des logos de marque ou des informations sur les produits. Elles sont parfaites pour pr\u00e9senter des produits automobiles et v\u00e9hiculer une image de marque coh\u00e9rente pour les entreprises du secteur automobile.<\/p>\n\n\n\n<p><strong>S\u00e9lection de couleurs vives : <\/strong>Ces bo\u00eetes d'emballage pour accessoires vendues en gros sont disponibles dans une gamme de couleurs vives, notamment vert, bleu et noir, ce qui permettra \u00e0 l'entreprise automobile d'\u00e9tablir son identit\u00e9 de marque et de diff\u00e9rencier ses produits tout en offrant une excellente visibilit\u00e9 \u00e0 ses clients.<\/p>\n\n\n\n<p><strong>Prend en charge la personnalisation de la marque :<\/strong> Ces bo\u00eetes d'emballage pour accessoires vendues en gros sont dot\u00e9es de surfaces personnalisables ; elles peuvent \u00eatre imprim\u00e9es avec des graphiques sur le th\u00e8me de l'automobile, des logos de marque ou des informations sur les produits. Elles sont parfaites pour pr\u00e9senter des produits automobiles et v\u00e9hiculer une image de marque coh\u00e9rente pour les entreprises du secteur automobile.<\/p>\n<\/div>\n\n\n\n<div class=\"wp-block-column is-layout-flow wp-block-column-is-layout-flow\">\n<figure class=\"wp-block-image size-full\"><img decoding=\"async\" width=\"2048\" height=\"2048\" src=\"https:\/\/www.yishengpack.com\/wp-content\/uploads\/2025\/11\/Wholesale-Rigid-Corrugated-Mailer-Boxes-Customize-Paper-Boxes-with-Lid-for-Accessories-Packaging-2.webp\" alt=\"bo\u00eetes-d&#039;exp\u00e9dition-en-carton-ondul\u00e9-pour-accessoires-emballage-2\" class=\"wp-image-2702\" srcset=\"https:\/\/www.yishengpack.com\/wp-content\/uploads\/2025\/11\/Wholesale-Rigid-Corrugated-Mailer-Boxes-Customize-Paper-Boxes-with-Lid-for-Accessories-Packaging-2.webp 2048w, https:\/\/www.yishengpack.com\/wp-content\/uploads\/2025\/11\/Wholesale-Rigid-Corrugated-Mailer-Boxes-Customize-Paper-Boxes-with-Lid-for-Accessories-Packaging-2-300x300.webp 300w, https:\/\/www.yishengpack.com\/wp-content\/uploads\/2025\/11\/Wholesale-Rigid-Corrugated-Mailer-Boxes-Customize-Paper-Boxes-with-Lid-for-Accessories-Packaging-2-150x150.webp 150w, https:\/\/www.yishengpack.com\/wp-content\/uploads\/2025\/11\/Wholesale-Rigid-Corrugated-Mailer-Boxes-Customize-Paper-Boxes-with-Lid-for-Accessories-Packaging-2-768x768.webp 768w, https:\/\/www.yishengpack.com\/wp-content\/uploads\/2025\/11\/Wholesale-Rigid-Corrugated-Mailer-Boxes-Customize-Paper-Boxes-with-Lid-for-Accessories-Packaging-2-12x12.webp 12w, https:\/\/www.yishengpack.com\/wp-content\/uploads\/2025\/11\/Wholesale-Rigid-Corrugated-Mailer-Boxes-Customize-Paper-Boxes-with-Lid-for-Accessories-Packaging-2-1200x1200.webp 1200w, https:\/\/www.yishengpack.com\/wp-content\/uploads\/2025\/11\/Wholesale-Rigid-Corrugated-Mailer-Boxes-Customize-Paper-Boxes-with-Lid-for-Accessories-Packaging-2-600x600.webp 600w, https:\/\/www.yishengpack.com\/wp-content\/uploads\/2025\/11\/Wholesale-Rigid-Corrugated-Mailer-Boxes-Customize-Paper-Boxes-with-Lid-for-Accessories-Packaging-2-100x100.webp 100w\" sizes=\"(max-width: 2048px) 100vw, 2048px\" \/><\/figure>\n<\/div>\n<\/div>\n\n\n\n<div class=\"wp-block-columns is-layout-flex wp-container-core-columns-is-layout-9d6595d7 wp-block-columns-is-layout-flex\">\n<div class=\"wp-block-column is-layout-flow wp-block-column-is-layout-flow\">\n<figure class=\"wp-block-image size-full\"><img decoding=\"async\" width=\"2048\" height=\"2048\" src=\"https:\/\/www.yishengpack.com\/wp-content\/uploads\/2025\/11\/Wholesale-Rigid-Corrugated-Mailer-Boxes-Customize-Paper-Boxes-with-Lid-for-Accessories-Packaging-5.webp\" alt=\"bo\u00eetes-d&#039;exp\u00e9dition-en-carton-ondul\u00e9-pour-accessoires-emballage-5\" class=\"wp-image-2705\" srcset=\"https:\/\/www.yishengpack.com\/wp-content\/uploads\/2025\/11\/Wholesale-Rigid-Corrugated-Mailer-Boxes-Customize-Paper-Boxes-with-Lid-for-Accessories-Packaging-5.webp 2048w, https:\/\/www.yishengpack.com\/wp-content\/uploads\/2025\/11\/Wholesale-Rigid-Corrugated-Mailer-Boxes-Customize-Paper-Boxes-with-Lid-for-Accessories-Packaging-5-300x300.webp 300w, https:\/\/www.yishengpack.com\/wp-content\/uploads\/2025\/11\/Wholesale-Rigid-Corrugated-Mailer-Boxes-Customize-Paper-Boxes-with-Lid-for-Accessories-Packaging-5-150x150.webp 150w, https:\/\/www.yishengpack.com\/wp-content\/uploads\/2025\/11\/Wholesale-Rigid-Corrugated-Mailer-Boxes-Customize-Paper-Boxes-with-Lid-for-Accessories-Packaging-5-768x768.webp 768w, https:\/\/www.yishengpack.com\/wp-content\/uploads\/2025\/11\/Wholesale-Rigid-Corrugated-Mailer-Boxes-Customize-Paper-Boxes-with-Lid-for-Accessories-Packaging-5-12x12.webp 12w, https:\/\/www.yishengpack.com\/wp-content\/uploads\/2025\/11\/Wholesale-Rigid-Corrugated-Mailer-Boxes-Customize-Paper-Boxes-with-Lid-for-Accessories-Packaging-5-1200x1200.webp 1200w, https:\/\/www.yishengpack.com\/wp-content\/uploads\/2025\/11\/Wholesale-Rigid-Corrugated-Mailer-Boxes-Customize-Paper-Boxes-with-Lid-for-Accessories-Packaging-5-600x600.webp 600w, https:\/\/www.yishengpack.com\/wp-content\/uploads\/2025\/11\/Wholesale-Rigid-Corrugated-Mailer-Boxes-Customize-Paper-Boxes-with-Lid-for-Accessories-Packaging-5-100x100.webp 100w\" sizes=\"(max-width: 2048px) 100vw, 2048px\" \/><\/figure>\n\n\n\n<div class=\"wp-block-buttons has-custom-font-size has-small-font-size is-content-justification-center is-layout-flex wp-container-core-buttons-is-layout-16018d1d wp-block-buttons-is-layout-flex\">\n<div class=\"wp-block-button has-custom-width wp-block-button__width-75\"><a class=\"wp-block-button__link has-background has-small-font-size has-custom-font-size wp-element-button\" href=\"https:\/\/www.yishengpack.com\/fr\/custom-printed-box\/\" style=\"background:linear-gradient(135deg,rgb(254,205,165) 0%,rgb(254,45,45) 0%,rgb(94,15,15) 0%,rgb(94,15,15) 100%)\" target=\"_blank\" rel=\"noreferrer noopener\"><strong>D\u00e9couvrez les bo\u00eetes imprim\u00e9es personnalis\u00e9es<\/strong><\/a><\/div>\n<\/div>\n<\/div>\n\n\n\n<div class=\"wp-block-column is-layout-flow wp-block-column-is-layout-flow\">\n<figure class=\"wp-block-image size-full\"><img decoding=\"async\" width=\"2048\" height=\"2048\" src=\"https:\/\/www.yishengpack.com\/wp-content\/uploads\/2025\/11\/Wholesale-Rigid-Corrugated-Mailer-Boxes-Customize-Paper-Boxes-with-Lid-for-Accessories-Packaging-4.webp\" alt=\"bo\u00eetes-d&#039;exp\u00e9dition-en-carton-ondul\u00e9-en-gros-pour-l&#039;emballage-d&#039;accessoires-4\" class=\"wp-image-2704\" srcset=\"https:\/\/www.yishengpack.com\/wp-content\/uploads\/2025\/11\/Wholesale-Rigid-Corrugated-Mailer-Boxes-Customize-Paper-Boxes-with-Lid-for-Accessories-Packaging-4.webp 2048w, https:\/\/www.yishengpack.com\/wp-content\/uploads\/2025\/11\/Wholesale-Rigid-Corrugated-Mailer-Boxes-Customize-Paper-Boxes-with-Lid-for-Accessories-Packaging-4-300x300.webp 300w, https:\/\/www.yishengpack.com\/wp-content\/uploads\/2025\/11\/Wholesale-Rigid-Corrugated-Mailer-Boxes-Customize-Paper-Boxes-with-Lid-for-Accessories-Packaging-4-150x150.webp 150w, https:\/\/www.yishengpack.com\/wp-content\/uploads\/2025\/11\/Wholesale-Rigid-Corrugated-Mailer-Boxes-Customize-Paper-Boxes-with-Lid-for-Accessories-Packaging-4-768x768.webp 768w, https:\/\/www.yishengpack.com\/wp-content\/uploads\/2025\/11\/Wholesale-Rigid-Corrugated-Mailer-Boxes-Customize-Paper-Boxes-with-Lid-for-Accessories-Packaging-4-12x12.webp 12w, https:\/\/www.yishengpack.com\/wp-content\/uploads\/2025\/11\/Wholesale-Rigid-Corrugated-Mailer-Boxes-Customize-Paper-Boxes-with-Lid-for-Accessories-Packaging-4-1200x1200.webp 1200w, https:\/\/www.yishengpack.com\/wp-content\/uploads\/2025\/11\/Wholesale-Rigid-Corrugated-Mailer-Boxes-Customize-Paper-Boxes-with-Lid-for-Accessories-Packaging-4-600x600.webp 600w, https:\/\/www.yishengpack.com\/wp-content\/uploads\/2025\/11\/Wholesale-Rigid-Corrugated-Mailer-Boxes-Customize-Paper-Boxes-with-Lid-for-Accessories-Packaging-4-100x100.webp 100w\" sizes=\"(max-width: 2048px) 100vw, 2048px\" \/><\/figure>\n\n\n\n<div class=\"wp-block-buttons has-custom-font-size has-small-font-size is-content-justification-center is-layout-flex wp-container-core-buttons-is-layout-16018d1d wp-block-buttons-is-layout-flex\">\n<div class=\"wp-block-button has-custom-width wp-block-button__width-75\"><a class=\"wp-block-button__link has-background has-small-font-size has-custom-font-size wp-element-button\" href=\"https:\/\/www.yishengpack.com\/fr\/custom-box-inserts-accessories\/\" style=\"background:linear-gradient(135deg,rgb(254,205,165) 0%,rgb(254,45,45) 0%,rgb(94,15,15) 0%,rgb(94,15,15) 100%)\" target=\"_blank\" rel=\"noreferrer noopener\"><strong>D\u00e9couvrez les encarts personnalis\u00e9s<\/strong><\/a><\/div>\n<\/div>\n<\/div>\n<\/div>","protected":false},"excerpt":{"rendered":"<p>Bienvenue \u00e0 l'achat de nos bo\u00eetes d'exp\u00e9dition rigides en carton ondul\u00e9 vendues en gros, con\u00e7ues pour un emballage s\u00fbr et professionnel des accessoires, avec une structure durable, un design l\u00e9ger et des options de personnalisation de la marque. Dot\u00e9es d'une structure robuste et d'un design protecteur, elles allient r\u00e9sistance et fiabilit\u00e9 pour un transport et un stockage s\u00fbrs des accessoires automobiles. Prise en charge de la personnalisation OEM\/ODM compl\u00e8te.<\/p>\n<h2>Points forts des bo\u00eetes d'exp\u00e9dition rigides en carton ondul\u00e9 vendues en gros<\/h2>\n<ul>\n<li>Structure robuste<\/li>\n<li>Possibilit\u00e9 de personnalisation compl\u00e8te<\/li>\n<li>Mat\u00e9riaux de haute qualit\u00e9<\/li>\n<li>Impression exquise<\/li>\n<li>Plusieurs types de bo\u00eetes<\/li>\n<li>Une grande vari\u00e9t\u00e9 de couleurs<\/li>\n<li>Un travail soign\u00e9<\/li>\n<li>Plusieurs tailles de bo\u00eetes<\/li>\n<li>Conception de fermeture s\u00e9curis\u00e9e<\/li>\n<li>Options d'insertion<\/li>\n<\/ul>","protected":false},"featured_media":2701,"comment_status":"closed","ping_status":"closed","template":"","meta":{"_acf_changed":false},"box-type":[59],"product_brand":[],"product_cat":[46,69,73,74],"product_tag":[],"class_list":{"0":"post-2700","1":"product","2":"type-product","3":"status-publish","4":"has-post-thumbnail","6":"box-type-custom-mailer-boxes","7":"product_cat-wholesale-paper-boxes","8":"product_cat-custom-retail-boxes","9":"product_cat-custom-electronic-packaging","10":"product_cat-custom-auto-parts-boxes","12":"first","13":"instock","14":"shipping-taxable","15":"product-type-simple"},"acf":[],"_links":{"self":[{"href":"https:\/\/www.yishengpack.com\/fr\/wp-json\/wp\/v2\/product\/2700","targetHints":{"allow":["GET"]}}],"collection":[{"href":"https:\/\/www.yishengpack.com\/fr\/wp-json\/wp\/v2\/product"}],"about":[{"href":"https:\/\/www.yishengpack.com\/fr\/wp-json\/wp\/v2\/types\/product"}],"replies":[{"embeddable":true,"href":"https:\/\/www.yishengpack.com\/fr\/wp-json\/wp\/v2\/comments?post=2700"}],"wp:featuredmedia":[{"embeddable":true,"href":"https:\/\/www.yishengpack.com\/fr\/wp-json\/wp\/v2\/media\/2701"}],"wp:attachment":[{"href":"https:\/\/www.yishengpack.com\/fr\/wp-json\/wp\/v2\/media?parent=2700"}],"wp:term":[{"taxonomy":"box-type","embeddable":true,"href":"https:\/\/www.yishengpack.com\/fr\/wp-json\/wp\/v2\/box-type?post=2700"},{"taxonomy":"product_brand","embeddable":true,"href":"https:\/\/www.yishengpack.com\/fr\/wp-json\/wp\/v2\/product_brand?post=2700"},{"taxonomy":"product_cat","embeddable":true,"href":"https:\/\/www.yishengpack.com\/fr\/wp-json\/wp\/v2\/product_cat?post=2700"},{"taxonomy":"product_tag","embeddable":true,"href":"https:\/\/www.yishengpack.com\/fr\/wp-json\/wp\/v2\/product_tag?post=2700"}],"curies":[{"name":"wp","href":"https:\/\/api.w.org\/{rel}","templated":true}]}}