{"id":2692,"date":"2025-12-08T09:34:18","date_gmt":"2025-12-08T09:34:18","guid":{"rendered":"https:\/\/www.yishengpack.com\/?post_type=product&#038;p=2692"},"modified":"2025-12-08T09:34:19","modified_gmt":"2025-12-08T09:34:19","slug":"custom-printed-folding-cartons","status":"publish","type":"product","link":"https:\/\/www.yishengpack.com\/fr\/produit\/custom-printed-folding-cartons\/","title":{"rendered":"Cartons pliants imprim\u00e9s sur mesure en gros pour le caf\u00e9 et le th\u00e9"},"content":{"rendered":"<div class=\"wp-block-columns is-layout-flex wp-container-core-columns-is-layout-9d6595d7 wp-block-columns-is-layout-flex\">\n<div class=\"wp-block-column is-layout-flow wp-block-column-is-layout-flow\">\n<h3 class=\"wp-block-heading\">Caract\u00e9ristiques des bo\u00eetes pliantes imprim\u00e9es personnalis\u00e9es biod\u00e9gradables<\/h3>\n\n\n\n<p><strong>R\u00e9cit visuel th\u00e9matique :<\/strong> Ces bo\u00eetes pliantes imprim\u00e9es sur mesure haut de gamme pr\u00e9sentent des motifs th\u00e9matiques tels que des dessins r\u00e9alis\u00e9s sur du caf\u00e9 au lait, des feuilles de th\u00e9 et des agrumes. Elles sont id\u00e9ales pour v\u00e9hiculer l'identit\u00e9 du produit et transmettre un message de marque attrayant pour les articles li\u00e9s au caf\u00e9, au th\u00e9 et aux boissons.<\/p>\n\n\n\n<p><strong>Mat\u00e9riau de qualit\u00e9 alimentaire : <\/strong>Ces bo\u00eetes pliantes imprim\u00e9es sur mesure pour le caf\u00e9 et le th\u00e9, fabriqu\u00e9es \u00e0 partir de mat\u00e9riaux de qualit\u00e9 alimentaire, sont id\u00e9ales pour conserver le caf\u00e9, les sachets de th\u00e9 et autres produits consommables. Elles constituent un choix fiable pour l'emballage des produits alimentaires et des boissons.<\/p>\n\n\n\n<p><strong>Conception de la bo\u00eete \u00e0 couvercle rabattable : <\/strong>Ces bo\u00eetes pliantes imprim\u00e9es sur mesure ont une structure classique \u00e0 rabat pour une ouverture et une fermeture faciles, adapt\u00e9e aux produits l\u00e9gers tels que le caf\u00e9 moulu, les feuilles de th\u00e9, les sachets de caf\u00e9 filtre et les petits sachets de th\u00e9.<\/p>\n\n\n\n<p><strong>Options de mat\u00e9riaux : <\/strong>Ces bo\u00eetes en papier pliables vendues en gros sont disponibles dans diff\u00e9rents types de papier, notamment le carton blanc, le papier kraft, le papier blanc \u00e0 dos gris, le carton dor\u00e9\/argent\u00e9 et des papiers sp\u00e9ciaux pour r\u00e9pondre \u00e0 diff\u00e9rents besoins. Structure tr\u00e8s r\u00e9sistante, stable et r\u00e9sistante \u00e0 la pression, adapt\u00e9e \u00e0 l'exp\u00e9dition dans le cadre du commerce \u00e9lectronique et \u00e0 la pr\u00e9sentation dans les magasins.<\/p>\n\n\n\n<p><strong>Impression personnalis\u00e9e :<\/strong> Ces bo\u00eetes en papier pliables vendues en gros peuvent \u00eatre personnalis\u00e9es avec des logos de marque, des motifs, des couleurs et une impression sur toute la surface, ce qui permet d'obtenir des emballages haut de gamme pour les marques de caf\u00e9 et de th\u00e9 et d'am\u00e9liorer leur visibilit\u00e9 en rayon.<\/p>\n<\/div>\n\n\n\n<div class=\"wp-block-column is-layout-flow wp-block-column-is-layout-flow\">\n<figure class=\"wp-block-image size-full\"><img decoding=\"async\" width=\"1880\" height=\"1880\" src=\"https:\/\/www.yishengpack.com\/wp-content\/uploads\/2025\/11\/Customization-Premium-Foldable-Boxes-Biodegrade-Coffee-Tea-Package-Boxes-Wholesale-2.webp\" alt=\"cartons pliants imprim\u00e9s sur mesure en gros pour caf\u00e9 et th\u00e9 2\" class=\"wp-image-2694\" srcset=\"https:\/\/www.yishengpack.com\/wp-content\/uploads\/2025\/11\/Customization-Premium-Foldable-Boxes-Biodegrade-Coffee-Tea-Package-Boxes-Wholesale-2.webp 1880w, https:\/\/www.yishengpack.com\/wp-content\/uploads\/2025\/11\/Customization-Premium-Foldable-Boxes-Biodegrade-Coffee-Tea-Package-Boxes-Wholesale-2-300x300.webp 300w, https:\/\/www.yishengpack.com\/wp-content\/uploads\/2025\/11\/Customization-Premium-Foldable-Boxes-Biodegrade-Coffee-Tea-Package-Boxes-Wholesale-2-150x150.webp 150w, https:\/\/www.yishengpack.com\/wp-content\/uploads\/2025\/11\/Customization-Premium-Foldable-Boxes-Biodegrade-Coffee-Tea-Package-Boxes-Wholesale-2-768x768.webp 768w, https:\/\/www.yishengpack.com\/wp-content\/uploads\/2025\/11\/Customization-Premium-Foldable-Boxes-Biodegrade-Coffee-Tea-Package-Boxes-Wholesale-2-12x12.webp 12w, https:\/\/www.yishengpack.com\/wp-content\/uploads\/2025\/11\/Customization-Premium-Foldable-Boxes-Biodegrade-Coffee-Tea-Package-Boxes-Wholesale-2-1200x1200.webp 1200w, https:\/\/www.yishengpack.com\/wp-content\/uploads\/2025\/11\/Customization-Premium-Foldable-Boxes-Biodegrade-Coffee-Tea-Package-Boxes-Wholesale-2-600x600.webp 600w, https:\/\/www.yishengpack.com\/wp-content\/uploads\/2025\/11\/Customization-Premium-Foldable-Boxes-Biodegrade-Coffee-Tea-Package-Boxes-Wholesale-2-100x100.webp 100w\" sizes=\"(max-width: 1880px) 100vw, 1880px\" \/><\/figure>\n<\/div>\n<\/div>\n\n\n\n<div class=\"wp-block-columns is-layout-flex wp-container-core-columns-is-layout-9d6595d7 wp-block-columns-is-layout-flex\">\n<div class=\"wp-block-column is-layout-flow wp-block-column-is-layout-flow\">\n<figure class=\"wp-block-image size-full\"><img decoding=\"async\" width=\"2048\" height=\"2048\" src=\"https:\/\/www.yishengpack.com\/wp-content\/uploads\/2025\/11\/Customization-Premium-Foldable-Boxes-Biodegrade-Coffee-Tea-Package-Boxes-Wholesale-6.webp\" alt=\"cartons pliants imprim\u00e9s sur mesure en gros pour caf\u00e9 et th\u00e9 6\" class=\"wp-image-2698\" srcset=\"https:\/\/www.yishengpack.com\/wp-content\/uploads\/2025\/11\/Customization-Premium-Foldable-Boxes-Biodegrade-Coffee-Tea-Package-Boxes-Wholesale-6.webp 2048w, https:\/\/www.yishengpack.com\/wp-content\/uploads\/2025\/11\/Customization-Premium-Foldable-Boxes-Biodegrade-Coffee-Tea-Package-Boxes-Wholesale-6-300x300.webp 300w, https:\/\/www.yishengpack.com\/wp-content\/uploads\/2025\/11\/Customization-Premium-Foldable-Boxes-Biodegrade-Coffee-Tea-Package-Boxes-Wholesale-6-150x150.webp 150w, https:\/\/www.yishengpack.com\/wp-content\/uploads\/2025\/11\/Customization-Premium-Foldable-Boxes-Biodegrade-Coffee-Tea-Package-Boxes-Wholesale-6-768x768.webp 768w, https:\/\/www.yishengpack.com\/wp-content\/uploads\/2025\/11\/Customization-Premium-Foldable-Boxes-Biodegrade-Coffee-Tea-Package-Boxes-Wholesale-6-12x12.webp 12w, https:\/\/www.yishengpack.com\/wp-content\/uploads\/2025\/11\/Customization-Premium-Foldable-Boxes-Biodegrade-Coffee-Tea-Package-Boxes-Wholesale-6-1200x1200.webp 1200w, https:\/\/www.yishengpack.com\/wp-content\/uploads\/2025\/11\/Customization-Premium-Foldable-Boxes-Biodegrade-Coffee-Tea-Package-Boxes-Wholesale-6-600x600.webp 600w, https:\/\/www.yishengpack.com\/wp-content\/uploads\/2025\/11\/Customization-Premium-Foldable-Boxes-Biodegrade-Coffee-Tea-Package-Boxes-Wholesale-6-100x100.webp 100w\" sizes=\"(max-width: 2048px) 100vw, 2048px\" \/><\/figure>\n\n\n\n<div class=\"wp-block-buttons has-custom-font-size has-small-font-size is-content-justification-center is-layout-flex wp-container-core-buttons-is-layout-16018d1d wp-block-buttons-is-layout-flex\">\n<div class=\"wp-block-button has-custom-width wp-block-button__width-75\"><a class=\"wp-block-button__link has-background has-small-font-size has-custom-font-size wp-element-button\" href=\"https:\/\/www.yishengpack.com\/fr\/custom-printed-box\/\" style=\"background:linear-gradient(135deg,rgb(254,205,165) 0%,rgb(254,45,45) 0%,rgb(94,15,15) 0%,rgb(94,15,15) 100%)\" target=\"_blank\" rel=\"noreferrer noopener\"><strong>D\u00e9couvrez les bo\u00eetes imprim\u00e9es personnalis\u00e9es<\/strong><\/a><\/div>\n<\/div>\n<\/div>\n\n\n\n<div class=\"wp-block-column is-layout-flow wp-block-column-is-layout-flow\">\n<figure class=\"wp-block-image size-full\"><img decoding=\"async\" width=\"2048\" height=\"2048\" src=\"https:\/\/www.yishengpack.com\/wp-content\/uploads\/2025\/11\/Customization-Premium-Foldable-Boxes-Biodegrade-Coffee-Tea-Package-Boxes-Wholesale-7.webp\" alt=\"cartons pliants imprim\u00e9s sur mesure en gros pour caf\u00e9 et th\u00e9 7\" class=\"wp-image-2699\" srcset=\"https:\/\/www.yishengpack.com\/wp-content\/uploads\/2025\/11\/Customization-Premium-Foldable-Boxes-Biodegrade-Coffee-Tea-Package-Boxes-Wholesale-7.webp 2048w, https:\/\/www.yishengpack.com\/wp-content\/uploads\/2025\/11\/Customization-Premium-Foldable-Boxes-Biodegrade-Coffee-Tea-Package-Boxes-Wholesale-7-300x300.webp 300w, https:\/\/www.yishengpack.com\/wp-content\/uploads\/2025\/11\/Customization-Premium-Foldable-Boxes-Biodegrade-Coffee-Tea-Package-Boxes-Wholesale-7-150x150.webp 150w, https:\/\/www.yishengpack.com\/wp-content\/uploads\/2025\/11\/Customization-Premium-Foldable-Boxes-Biodegrade-Coffee-Tea-Package-Boxes-Wholesale-7-768x768.webp 768w, https:\/\/www.yishengpack.com\/wp-content\/uploads\/2025\/11\/Customization-Premium-Foldable-Boxes-Biodegrade-Coffee-Tea-Package-Boxes-Wholesale-7-12x12.webp 12w, https:\/\/www.yishengpack.com\/wp-content\/uploads\/2025\/11\/Customization-Premium-Foldable-Boxes-Biodegrade-Coffee-Tea-Package-Boxes-Wholesale-7-1200x1200.webp 1200w, https:\/\/www.yishengpack.com\/wp-content\/uploads\/2025\/11\/Customization-Premium-Foldable-Boxes-Biodegrade-Coffee-Tea-Package-Boxes-Wholesale-7-600x600.webp 600w, https:\/\/www.yishengpack.com\/wp-content\/uploads\/2025\/11\/Customization-Premium-Foldable-Boxes-Biodegrade-Coffee-Tea-Package-Boxes-Wholesale-7-100x100.webp 100w\" sizes=\"(max-width: 2048px) 100vw, 2048px\" \/><\/figure>\n\n\n\n<div class=\"wp-block-buttons has-custom-font-size has-small-font-size is-content-justification-center is-layout-flex wp-container-core-buttons-is-layout-16018d1d wp-block-buttons-is-layout-flex\">\n<div class=\"wp-block-button has-custom-width wp-block-button__width-75\"><a class=\"wp-block-button__link has-background has-small-font-size has-custom-font-size wp-element-button\" href=\"https:\/\/www.yishengpack.com\/fr\/custom-paper-box-plastic-containers\/\" style=\"background:linear-gradient(135deg,rgb(254,205,165) 0%,rgb(254,45,45) 0%,rgb(94,15,15) 0%,rgb(94,15,15) 100%)\" target=\"_blank\" rel=\"noreferrer noopener\"><strong>D\u00e9couvrez les mat\u00e9riaux personnalis\u00e9s pour les bo\u00eetes<\/strong><\/a><\/div>\n<\/div>\n<\/div>\n<\/div>","protected":false},"excerpt":{"rendered":"<p>Bienvenue pour acheter nos bo\u00eetes pliantes imprim\u00e9es sur mesure, fabriqu\u00e9es \u00e0 partir de papier biod\u00e9gradable et adapt\u00e9 au contact alimentaire, et con\u00e7ues avec une structure \u00e0 rabat pratique, parfaite pour les grains de caf\u00e9, le caf\u00e9 moulu, les sachets de th\u00e9 et le th\u00e9 en vrac. L\u00e9g\u00e8res mais r\u00e9sistantes, ces bo\u00eetes peuvent \u00eatre enti\u00e8rement personnalis\u00e9es en termes de taille, d'impression et de finitions sp\u00e9ciales, ce qui en fait une solution d'emballage \u00e9cologique id\u00e9ale pour les marques de caf\u00e9 et de th\u00e9.<\/p>\n<h2>Points forts des bo\u00eetes pliantes imprim\u00e9es sur mesure pour le caf\u00e9 et le th\u00e9<\/h2>\n<ul>\n<li>Personnalisation<\/li>\n<li>Conception de bo\u00eete \u00e0 couvercle rabattable<\/li>\n<li>Mat\u00e9riaux de qualit\u00e9 sup\u00e9rieure<\/li>\n<li>Proc\u00e9d\u00e9 d'impression raffin\u00e9<\/li>\n<li>Plusieurs types de bo\u00eetes<\/li>\n<li>Diverses options de couleurs<\/li>\n<li>Plusieurs tailles de bo\u00eetes<\/li>\n<li>Structure stable<\/li>\n<\/ul>","protected":false},"featured_media":2693,"comment_status":"closed","ping_status":"closed","template":"","meta":{"_acf_changed":false},"box-type":[55,48],"product_brand":[],"product_cat":[46,33,43,44],"product_tag":[],"class_list":{"0":"post-2692","1":"product","2":"type-product","3":"status-publish","4":"has-post-thumbnail","6":"box-type-custom-foldable-boxes","7":"box-type-custom-tuck-top-boxes","8":"product_cat-wholesale-paper-boxes","9":"product_cat-food-packaging-boxes-wholesale","10":"product_cat-coffee-and-tea-packaging-boxes-wholesale","11":"product_cat-custom-snack-box","13":"first","14":"instock","15":"shipping-taxable","16":"product-type-simple"},"acf":[],"_links":{"self":[{"href":"https:\/\/www.yishengpack.com\/fr\/wp-json\/wp\/v2\/product\/2692","targetHints":{"allow":["GET"]}}],"collection":[{"href":"https:\/\/www.yishengpack.com\/fr\/wp-json\/wp\/v2\/product"}],"about":[{"href":"https:\/\/www.yishengpack.com\/fr\/wp-json\/wp\/v2\/types\/product"}],"replies":[{"embeddable":true,"href":"https:\/\/www.yishengpack.com\/fr\/wp-json\/wp\/v2\/comments?post=2692"}],"wp:featuredmedia":[{"embeddable":true,"href":"https:\/\/www.yishengpack.com\/fr\/wp-json\/wp\/v2\/media\/2693"}],"wp:attachment":[{"href":"https:\/\/www.yishengpack.com\/fr\/wp-json\/wp\/v2\/media?parent=2692"}],"wp:term":[{"taxonomy":"box-type","embeddable":true,"href":"https:\/\/www.yishengpack.com\/fr\/wp-json\/wp\/v2\/box-type?post=2692"},{"taxonomy":"product_brand","embeddable":true,"href":"https:\/\/www.yishengpack.com\/fr\/wp-json\/wp\/v2\/product_brand?post=2692"},{"taxonomy":"product_cat","embeddable":true,"href":"https:\/\/www.yishengpack.com\/fr\/wp-json\/wp\/v2\/product_cat?post=2692"},{"taxonomy":"product_tag","embeddable":true,"href":"https:\/\/www.yishengpack.com\/fr\/wp-json\/wp\/v2\/product_tag?post=2692"}],"curies":[{"name":"wp","href":"https:\/\/api.w.org\/{rel}","templated":true}]}}