{"id":2684,"date":"2025-12-08T08:48:06","date_gmt":"2025-12-08T08:48:06","guid":{"rendered":"https:\/\/www.yishengpack.com\/?post_type=product&#038;p=2684"},"modified":"2025-12-08T09:40:08","modified_gmt":"2025-12-08T09:40:08","slug":"electronic-boxes-wholesale","status":"publish","type":"product","link":"https:\/\/www.yishengpack.com\/fr\/produit\/electronic-boxes-wholesale\/","title":{"rendered":"Bo\u00eetes \u00e9lectroniques en gros, bo\u00eetes de produits personnalis\u00e9es pour la vente au d\u00e9tail"},"content":{"rendered":"<div class=\"wp-block-columns is-layout-flex wp-container-core-columns-is-layout-9d6595d7 wp-block-columns-is-layout-flex\">\n<div class=\"wp-block-column is-layout-flow wp-block-column-is-layout-flow\">\n<h3 class=\"wp-block-heading\">Caract\u00e9ristiques des bo\u00eetiers \u00e9lectroniques rectangulaires en gros<\/h3>\n\n\n\n<p><strong>Insert moul\u00e9 sur mesure : <\/strong>Ces bo\u00eetes \u00e9lectroniques rectangulaires rigides vendues en gros sont \u00e9quip\u00e9es d'un insert moul\u00e9 sur mesure qui maintient solidement les appareils \u00e9lectroniques tels que les t\u00e9l\u00e9phones, les \u00e9couteurs et les chargeurs. Elles emp\u00eachent les d\u00e9placements et les rayures, garantissant ainsi que les appareils restent en parfait \u00e9tat, ce qui en fait un choix fiable pour l'emballage des produits technologiques.<\/p>\n\n\n\n<p><strong>Choix de palettes de couleurs vives :<\/strong> Ces bo\u00eetes \u00e9lectroniques rectangulaires sont disponibles en gros dans une palette de couleurs vives telles que le vert, le rouge, le beige et le bleu. Plusieurs options d'impression sont disponibles pour am\u00e9liorer la reconnaissance de la marque.<\/p>\n\n\n\n<p><strong>Conception de structure rectangulaire :<\/strong> Nos bo\u00eetes personnalis\u00e9es pour produits de d\u00e9tail utilisent un design rectangulaire standard. Cette structure est stable et comprend un couvercle et une base s\u00e9par\u00e9s, offrant une ouverture \u00e9l\u00e9gante et fluide. Elle convient \u00e0 la plupart des produits \u00e9lectroniques grand public, tels que les \u00e9couteurs, les chargeurs et les petits appareils.<\/p>\n\n\n\n<p><strong>Empilables pour un rangement efficace : <\/strong>Nos bo\u00eetes de produits personnalis\u00e9es pour la vente au d\u00e9tail, avec leur conception empilable, peuvent \u00eatre soigneusement empil\u00e9es pour le stockage et l'exp\u00e9dition, r\u00e9pondant ainsi aux besoins des marques technologiques en mati\u00e8re de gestion efficace des stocks et de livraison rentable.<\/p>\n\n\n\n<p><strong>Convient pour les emballages de vente au d\u00e9tail et les emballages cadeaux :<\/strong> Ces bo\u00eetes \u00e9lectroniques rectangulaires vendues en gros offrent un aspect sophistiqu\u00e9 et robuste qui r\u00e9pond aux exigences d'emballage haut de gamme de l'industrie de l'\u00e9lectronique grand public. Elles peuvent \u00eatre utilis\u00e9es directement pour la vente au d\u00e9tail en ligne, les cadeaux de marque et les emballages promotionnels. Elles peuvent \u00eatre personnalis\u00e9es en fonction des dimensions du produit pour un ajustement pr\u00e9cis, ce qui r\u00e9duit les mouvements et am\u00e9liore l'exp\u00e9rience de d\u00e9ballage.<\/p>\n<\/div>\n\n\n\n<div class=\"wp-block-column is-layout-flow wp-block-column-is-layout-flow\">\n<figure class=\"wp-block-image size-full\"><img decoding=\"async\" width=\"2048\" height=\"2048\" src=\"https:\/\/www.yishengpack.com\/wp-content\/uploads\/2025\/11\/Wholesale-Rigid-Rectangle-Boxes-Paper-Boxes-for-Consumer-Electronic-with-Custom-Logo-2.webp\" alt=\"bo\u00eetes-\u00e9lectroniques-rectangulaires-vente-en-gros-bo\u00eetes-de-produits-personnalis\u00e9es-pour-la-vente-au-d\u00e9tail-2\" class=\"wp-image-2686\" srcset=\"https:\/\/www.yishengpack.com\/wp-content\/uploads\/2025\/11\/Wholesale-Rigid-Rectangle-Boxes-Paper-Boxes-for-Consumer-Electronic-with-Custom-Logo-2.webp 2048w, https:\/\/www.yishengpack.com\/wp-content\/uploads\/2025\/11\/Wholesale-Rigid-Rectangle-Boxes-Paper-Boxes-for-Consumer-Electronic-with-Custom-Logo-2-300x300.webp 300w, https:\/\/www.yishengpack.com\/wp-content\/uploads\/2025\/11\/Wholesale-Rigid-Rectangle-Boxes-Paper-Boxes-for-Consumer-Electronic-with-Custom-Logo-2-150x150.webp 150w, https:\/\/www.yishengpack.com\/wp-content\/uploads\/2025\/11\/Wholesale-Rigid-Rectangle-Boxes-Paper-Boxes-for-Consumer-Electronic-with-Custom-Logo-2-768x768.webp 768w, https:\/\/www.yishengpack.com\/wp-content\/uploads\/2025\/11\/Wholesale-Rigid-Rectangle-Boxes-Paper-Boxes-for-Consumer-Electronic-with-Custom-Logo-2-12x12.webp 12w, https:\/\/www.yishengpack.com\/wp-content\/uploads\/2025\/11\/Wholesale-Rigid-Rectangle-Boxes-Paper-Boxes-for-Consumer-Electronic-with-Custom-Logo-2-1200x1200.webp 1200w, https:\/\/www.yishengpack.com\/wp-content\/uploads\/2025\/11\/Wholesale-Rigid-Rectangle-Boxes-Paper-Boxes-for-Consumer-Electronic-with-Custom-Logo-2-600x600.webp 600w, https:\/\/www.yishengpack.com\/wp-content\/uploads\/2025\/11\/Wholesale-Rigid-Rectangle-Boxes-Paper-Boxes-for-Consumer-Electronic-with-Custom-Logo-2-100x100.webp 100w\" sizes=\"(max-width: 2048px) 100vw, 2048px\" \/><\/figure>\n<\/div>\n<\/div>\n\n\n\n<div class=\"wp-block-columns is-layout-flex wp-container-core-columns-is-layout-9d6595d7 wp-block-columns-is-layout-flex\">\n<div class=\"wp-block-column is-layout-flow wp-block-column-is-layout-flow\">\n<figure class=\"wp-block-image size-full\"><img decoding=\"async\" width=\"2048\" height=\"2048\" src=\"https:\/\/www.yishengpack.com\/wp-content\/uploads\/2025\/11\/Wholesale-Rigid-Rectangle-Boxes-Paper-Boxes-for-Consumer-Electronic-with-Custom-Logo-7.webp\" alt=\"bo\u00eetes-\u00e9lectroniques-rectangulaires-vente-en-gros-bo\u00eetes-de-produits-personnalis\u00e9es-pour-la-vente-au-d\u00e9tail-7\" class=\"wp-image-2691\" srcset=\"https:\/\/www.yishengpack.com\/wp-content\/uploads\/2025\/11\/Wholesale-Rigid-Rectangle-Boxes-Paper-Boxes-for-Consumer-Electronic-with-Custom-Logo-7.webp 2048w, https:\/\/www.yishengpack.com\/wp-content\/uploads\/2025\/11\/Wholesale-Rigid-Rectangle-Boxes-Paper-Boxes-for-Consumer-Electronic-with-Custom-Logo-7-300x300.webp 300w, https:\/\/www.yishengpack.com\/wp-content\/uploads\/2025\/11\/Wholesale-Rigid-Rectangle-Boxes-Paper-Boxes-for-Consumer-Electronic-with-Custom-Logo-7-150x150.webp 150w, https:\/\/www.yishengpack.com\/wp-content\/uploads\/2025\/11\/Wholesale-Rigid-Rectangle-Boxes-Paper-Boxes-for-Consumer-Electronic-with-Custom-Logo-7-768x768.webp 768w, https:\/\/www.yishengpack.com\/wp-content\/uploads\/2025\/11\/Wholesale-Rigid-Rectangle-Boxes-Paper-Boxes-for-Consumer-Electronic-with-Custom-Logo-7-12x12.webp 12w, https:\/\/www.yishengpack.com\/wp-content\/uploads\/2025\/11\/Wholesale-Rigid-Rectangle-Boxes-Paper-Boxes-for-Consumer-Electronic-with-Custom-Logo-7-1200x1200.webp 1200w, https:\/\/www.yishengpack.com\/wp-content\/uploads\/2025\/11\/Wholesale-Rigid-Rectangle-Boxes-Paper-Boxes-for-Consumer-Electronic-with-Custom-Logo-7-600x600.webp 600w, https:\/\/www.yishengpack.com\/wp-content\/uploads\/2025\/11\/Wholesale-Rigid-Rectangle-Boxes-Paper-Boxes-for-Consumer-Electronic-with-Custom-Logo-7-100x100.webp 100w\" sizes=\"(max-width: 2048px) 100vw, 2048px\" \/><\/figure>\n\n\n\n<div class=\"wp-block-buttons has-custom-font-size has-small-font-size is-content-justification-center is-layout-flex wp-container-core-buttons-is-layout-16018d1d wp-block-buttons-is-layout-flex\">\n<div class=\"wp-block-button has-custom-width wp-block-button__width-75\"><a class=\"wp-block-button__link has-background has-small-font-size has-custom-font-size wp-element-button\" href=\"https:\/\/www.yishengpack.com\/fr\/custom-printed-box\/\" style=\"background:linear-gradient(135deg,rgb(254,205,165) 0%,rgb(254,45,45) 0%,rgb(94,15,15) 0%,rgb(94,15,15) 100%)\" target=\"_blank\" rel=\"noreferrer noopener\"><strong>D\u00e9couvrez les bo\u00eetes imprim\u00e9es personnalis\u00e9es<\/strong><\/a><\/div>\n<\/div>\n<\/div>\n\n\n\n<div class=\"wp-block-column is-layout-flow wp-block-column-is-layout-flow\">\n<figure class=\"wp-block-image size-full\"><img decoding=\"async\" width=\"2048\" height=\"2048\" src=\"https:\/\/www.yishengpack.com\/wp-content\/uploads\/2025\/11\/Wholesale-Rigid-Rectangle-Boxes-Paper-Boxes-for-Consumer-Electronic-with-Custom-Logo-5.webp\" alt=\"bo\u00eetes-\u00e9lectroniques-rectangulaires-vente-en-gros-bo\u00eetes-de-produits-personnalis\u00e9es-pour-la-vente-au-d\u00e9tail-5\" class=\"wp-image-2689\" srcset=\"https:\/\/www.yishengpack.com\/wp-content\/uploads\/2025\/11\/Wholesale-Rigid-Rectangle-Boxes-Paper-Boxes-for-Consumer-Electronic-with-Custom-Logo-5.webp 2048w, https:\/\/www.yishengpack.com\/wp-content\/uploads\/2025\/11\/Wholesale-Rigid-Rectangle-Boxes-Paper-Boxes-for-Consumer-Electronic-with-Custom-Logo-5-300x300.webp 300w, https:\/\/www.yishengpack.com\/wp-content\/uploads\/2025\/11\/Wholesale-Rigid-Rectangle-Boxes-Paper-Boxes-for-Consumer-Electronic-with-Custom-Logo-5-150x150.webp 150w, https:\/\/www.yishengpack.com\/wp-content\/uploads\/2025\/11\/Wholesale-Rigid-Rectangle-Boxes-Paper-Boxes-for-Consumer-Electronic-with-Custom-Logo-5-768x768.webp 768w, https:\/\/www.yishengpack.com\/wp-content\/uploads\/2025\/11\/Wholesale-Rigid-Rectangle-Boxes-Paper-Boxes-for-Consumer-Electronic-with-Custom-Logo-5-12x12.webp 12w, https:\/\/www.yishengpack.com\/wp-content\/uploads\/2025\/11\/Wholesale-Rigid-Rectangle-Boxes-Paper-Boxes-for-Consumer-Electronic-with-Custom-Logo-5-1200x1200.webp 1200w, https:\/\/www.yishengpack.com\/wp-content\/uploads\/2025\/11\/Wholesale-Rigid-Rectangle-Boxes-Paper-Boxes-for-Consumer-Electronic-with-Custom-Logo-5-600x600.webp 600w, https:\/\/www.yishengpack.com\/wp-content\/uploads\/2025\/11\/Wholesale-Rigid-Rectangle-Boxes-Paper-Boxes-for-Consumer-Electronic-with-Custom-Logo-5-100x100.webp 100w\" sizes=\"(max-width: 2048px) 100vw, 2048px\" \/><\/figure>\n\n\n\n<div class=\"wp-block-buttons has-custom-font-size has-small-font-size is-content-justification-center is-layout-flex wp-container-core-buttons-is-layout-16018d1d wp-block-buttons-is-layout-flex\">\n<div class=\"wp-block-button has-custom-width wp-block-button__width-75\"><a class=\"wp-block-button__link has-background has-small-font-size has-custom-font-size wp-element-button\" href=\"https:\/\/www.yishengpack.com\/fr\/custom-box-inserts-accessories\/\" style=\"background:linear-gradient(135deg,rgb(254,205,165) 0%,rgb(254,45,45) 0%,rgb(94,15,15) 0%,rgb(94,15,15) 100%)\" target=\"_blank\" rel=\"noreferrer noopener\"><strong>D\u00e9couvrez les encarts personnalis\u00e9s<\/strong><\/a><\/div>\n<\/div>\n<\/div>\n<\/div>","protected":false},"excerpt":{"rendered":"<p>Bienvenue pour acheter en gros nos bo\u00eetes \u00e9lectroniques rectangulaires, id\u00e9ales pour emballer diff\u00e9rents produits \u00e9lectroniques tels que les c\u00e2bles de recharge, les \u00e9couteurs sans fil, les chargeurs, etc. Fabriqu\u00e9es \u00e0 partir de mat\u00e9riaux durables et enti\u00e8rement personnalisables avec des logos, des impressions, des plateaux internes et des finitions haut de gamme, elles constituent une solution OEM\/ODM id\u00e9ale pour les acheteurs en gros et les besoins modernes en mati\u00e8re d'emballage de d\u00e9tail.<\/p>\n<h2>Points forts des bo\u00eetiers \u00e9lectroniques rectangulaires en gros<\/h2>\n<ul>\n<li>Conception du couvercle et de la base<\/li>\n<li>Personnalisation compl\u00e8te<\/li>\n<li>Plusieurs tailles de bo\u00eetes<\/li>\n<li>Choix de couleurs vives<\/li>\n<li>Construction robuste<\/li>\n<li>Impression sophistiqu\u00e9e<\/li>\n<li>Un savoir-faire exquis<\/li>\n<li>Options d'insertion<\/li>\n<\/ul>","protected":false},"featured_media":2685,"comment_status":"closed","ping_status":"closed","template":"","meta":{"_acf_changed":false},"box-type":[57],"product_brand":[],"product_cat":[19,69,73],"product_tag":[],"class_list":{"0":"post-2684","1":"product","2":"type-product","3":"status-publish","4":"has-post-thumbnail","6":"box-type-custom-rigid-box-with-lid","7":"product_cat-luxury-gift-boxes-wholesale","8":"product_cat-custom-retail-boxes","9":"product_cat-custom-electronic-packaging","11":"first","12":"instock","13":"shipping-taxable","14":"product-type-simple"},"acf":[],"_links":{"self":[{"href":"https:\/\/www.yishengpack.com\/fr\/wp-json\/wp\/v2\/product\/2684","targetHints":{"allow":["GET"]}}],"collection":[{"href":"https:\/\/www.yishengpack.com\/fr\/wp-json\/wp\/v2\/product"}],"about":[{"href":"https:\/\/www.yishengpack.com\/fr\/wp-json\/wp\/v2\/types\/product"}],"replies":[{"embeddable":true,"href":"https:\/\/www.yishengpack.com\/fr\/wp-json\/wp\/v2\/comments?post=2684"}],"wp:featuredmedia":[{"embeddable":true,"href":"https:\/\/www.yishengpack.com\/fr\/wp-json\/wp\/v2\/media\/2685"}],"wp:attachment":[{"href":"https:\/\/www.yishengpack.com\/fr\/wp-json\/wp\/v2\/media?parent=2684"}],"wp:term":[{"taxonomy":"box-type","embeddable":true,"href":"https:\/\/www.yishengpack.com\/fr\/wp-json\/wp\/v2\/box-type?post=2684"},{"taxonomy":"product_brand","embeddable":true,"href":"https:\/\/www.yishengpack.com\/fr\/wp-json\/wp\/v2\/product_brand?post=2684"},{"taxonomy":"product_cat","embeddable":true,"href":"https:\/\/www.yishengpack.com\/fr\/wp-json\/wp\/v2\/product_cat?post=2684"},{"taxonomy":"product_tag","embeddable":true,"href":"https:\/\/www.yishengpack.com\/fr\/wp-json\/wp\/v2\/product_tag?post=2684"}],"curies":[{"name":"wp","href":"https:\/\/api.w.org\/{rel}","templated":true}]}}