{"id":2654,"date":"2025-12-08T03:43:28","date_gmt":"2025-12-08T03:43:28","guid":{"rendered":"https:\/\/www.yishengpack.com\/?post_type=product&#038;p=2654"},"modified":"2025-12-08T03:43:29","modified_gmt":"2025-12-08T03:43:29","slug":"wholesale-rigid-packaging-boxes","status":"publish","type":"product","link":"https:\/\/www.yishengpack.com\/fr\/produit\/wholesale-rigid-packaging-boxes\/","title":{"rendered":"Bo\u00eetes d'emballage rigides en gros, bo\u00eetes personnalis\u00e9es pour pi\u00e8ces automobiles"},"content":{"rendered":"<div class=\"wp-block-columns is-layout-flex wp-container-core-columns-is-layout-9d6595d7 wp-block-columns-is-layout-flex\">\n<div class=\"wp-block-column is-layout-flow wp-block-column-is-layout-flow\">\n<h3 class=\"wp-block-heading\">Caract\u00e9ristiques des bo\u00eetes d'emballage rigides vendues en gros<\/h3>\n\n\n\n<p><strong>M\u00e9canisme d'ouverture du couvercle en douceur :<\/strong> La nouvelle conception \u00e0 ouverture facile du couvercle de ces bo\u00eetes d'emballage rigides vendues en gros offre une exp\u00e9rience de d\u00e9ballage sans effort et satisfaisante, qui conf\u00e8re une touche haut de gamme \u00e0 la pr\u00e9sentation des accessoires automobiles tels que les roues de voiture, les polisseuses et les outils de nettoyage.<\/p>\n\n\n\n<p><strong>Structure interne personnalisable :<\/strong> Ces bo\u00eetes d'emballage rigides vendues en gros peuvent \u00eatre \u00e9quip\u00e9es de supports internes en EVA, en mousse, en p\u00e2te moul\u00e9e ou en carton ondul\u00e9 pour renforcer la protection. Elles conviennent \u00e0 l'emballage de pi\u00e8ces automobiles, de produits d'entretien automobile, de produits \u00e9lectroniques, de trousses \u00e0 outils, etc.<\/p>\n\n\n\n<p><strong>S\u00e9lection de couleurs vives :<\/strong> Avec des bo\u00eetes pour pi\u00e8ces automobiles imprim\u00e9es sur mesure disponibles en bleu, violet et noir, les couleurs vives mises \u00e0 votre disposition vous permettent de mettre en valeur vos produits automobiles tout en renfor\u00e7ant l'identit\u00e9 de votre marque.<\/p>\n\n\n\n<p><strong>Effets d'affichage des marques haut de gamme : <\/strong>Les bo\u00eetes pour pi\u00e8ces automobiles imprim\u00e9es sur mesure prennent en charge des processus tels que le laminage, l'estampage \u00e0 chaud (or et argent), le rev\u00eatement UV, le gaufrage et le d\u00e9bosselage afin d'am\u00e9liorer la reconnaissance de la marque. Des motifs haute r\u00e9solution, les couleurs des marques automobiles ou des images \u00e9lectroniques des produits peuvent \u00eatre imprim\u00e9s afin d'augmenter l'attrait des produits en rayon.<\/p>\n\n\n\n<p><strong>Adapt\u00e9 \u00e0 de nombreux secteurs et hautement \u00e9volutif : <\/strong>Ces bo\u00eetes d'emballage rigides vendues en gros ne sont pas seulement utilis\u00e9es pour les pi\u00e8ces automobiles, mais aussi pour les produits vendus au d\u00e9tail tels que les outils, les appareils \u00e9lectroniques, les cosm\u00e9tiques, les cadeaux, les parfums et les articles m\u00e9nagers, ce qui permet \u00e0 une seule cha\u00eene d'approvisionnement de couvrir plusieurs secteurs.<\/p>\n<\/div>\n\n\n\n<div class=\"wp-block-column is-layout-flow wp-block-column-is-layout-flow\">\n<figure class=\"wp-block-image size-full\"><img decoding=\"async\" width=\"1823\" height=\"1823\" src=\"https:\/\/www.yishengpack.com\/wp-content\/uploads\/2025\/11\/Wholesale-Eco-Friendly-Rigid-Packaging-Boxes-auto-Parts-Storage-Boxes-with-Custom-Logo-2.webp\" alt=\"bo\u00eetes-d&#039;emballage-rigides-en-gros-bo\u00eetes-personnalis\u00e9es-pour-pi\u00e8ces-automobiles-2\" class=\"wp-image-2659\" srcset=\"https:\/\/www.yishengpack.com\/wp-content\/uploads\/2025\/11\/Wholesale-Eco-Friendly-Rigid-Packaging-Boxes-auto-Parts-Storage-Boxes-with-Custom-Logo-2.webp 1823w, https:\/\/www.yishengpack.com\/wp-content\/uploads\/2025\/11\/Wholesale-Eco-Friendly-Rigid-Packaging-Boxes-auto-Parts-Storage-Boxes-with-Custom-Logo-2-300x300.webp 300w, https:\/\/www.yishengpack.com\/wp-content\/uploads\/2025\/11\/Wholesale-Eco-Friendly-Rigid-Packaging-Boxes-auto-Parts-Storage-Boxes-with-Custom-Logo-2-150x150.webp 150w, https:\/\/www.yishengpack.com\/wp-content\/uploads\/2025\/11\/Wholesale-Eco-Friendly-Rigid-Packaging-Boxes-auto-Parts-Storage-Boxes-with-Custom-Logo-2-768x768.webp 768w, https:\/\/www.yishengpack.com\/wp-content\/uploads\/2025\/11\/Wholesale-Eco-Friendly-Rigid-Packaging-Boxes-auto-Parts-Storage-Boxes-with-Custom-Logo-2-12x12.webp 12w, https:\/\/www.yishengpack.com\/wp-content\/uploads\/2025\/11\/Wholesale-Eco-Friendly-Rigid-Packaging-Boxes-auto-Parts-Storage-Boxes-with-Custom-Logo-2-1200x1200.webp 1200w, https:\/\/www.yishengpack.com\/wp-content\/uploads\/2025\/11\/Wholesale-Eco-Friendly-Rigid-Packaging-Boxes-auto-Parts-Storage-Boxes-with-Custom-Logo-2-600x600.webp 600w, https:\/\/www.yishengpack.com\/wp-content\/uploads\/2025\/11\/Wholesale-Eco-Friendly-Rigid-Packaging-Boxes-auto-Parts-Storage-Boxes-with-Custom-Logo-2-100x100.webp 100w\" sizes=\"(max-width: 1823px) 100vw, 1823px\" \/><\/figure>\n<\/div>\n<\/div>\n\n\n\n<div class=\"wp-block-columns is-layout-flex wp-container-core-columns-is-layout-9d6595d7 wp-block-columns-is-layout-flex\">\n<div class=\"wp-block-column is-layout-flow wp-block-column-is-layout-flow\">\n<figure class=\"wp-block-image size-full\"><img decoding=\"async\" width=\"2048\" height=\"2048\" src=\"https:\/\/www.yishengpack.com\/wp-content\/uploads\/2025\/11\/Wholesale-Eco-Friendly-Rigid-Packaging-Boxes-auto-Parts-Storage-Boxes-with-Custom-Logo-6.webp\" alt=\"bo\u00eetes-d&#039;emballage-rigides-en-gros-bo\u00eetes-personnalis\u00e9es-pour-pi\u00e8ces-automobiles-6\" class=\"wp-image-2663\" srcset=\"https:\/\/www.yishengpack.com\/wp-content\/uploads\/2025\/11\/Wholesale-Eco-Friendly-Rigid-Packaging-Boxes-auto-Parts-Storage-Boxes-with-Custom-Logo-6.webp 2048w, https:\/\/www.yishengpack.com\/wp-content\/uploads\/2025\/11\/Wholesale-Eco-Friendly-Rigid-Packaging-Boxes-auto-Parts-Storage-Boxes-with-Custom-Logo-6-300x300.webp 300w, https:\/\/www.yishengpack.com\/wp-content\/uploads\/2025\/11\/Wholesale-Eco-Friendly-Rigid-Packaging-Boxes-auto-Parts-Storage-Boxes-with-Custom-Logo-6-150x150.webp 150w, https:\/\/www.yishengpack.com\/wp-content\/uploads\/2025\/11\/Wholesale-Eco-Friendly-Rigid-Packaging-Boxes-auto-Parts-Storage-Boxes-with-Custom-Logo-6-768x768.webp 768w, https:\/\/www.yishengpack.com\/wp-content\/uploads\/2025\/11\/Wholesale-Eco-Friendly-Rigid-Packaging-Boxes-auto-Parts-Storage-Boxes-with-Custom-Logo-6-12x12.webp 12w, https:\/\/www.yishengpack.com\/wp-content\/uploads\/2025\/11\/Wholesale-Eco-Friendly-Rigid-Packaging-Boxes-auto-Parts-Storage-Boxes-with-Custom-Logo-6-1200x1200.webp 1200w, https:\/\/www.yishengpack.com\/wp-content\/uploads\/2025\/11\/Wholesale-Eco-Friendly-Rigid-Packaging-Boxes-auto-Parts-Storage-Boxes-with-Custom-Logo-6-600x600.webp 600w, https:\/\/www.yishengpack.com\/wp-content\/uploads\/2025\/11\/Wholesale-Eco-Friendly-Rigid-Packaging-Boxes-auto-Parts-Storage-Boxes-with-Custom-Logo-6-100x100.webp 100w\" sizes=\"(max-width: 2048px) 100vw, 2048px\" \/><\/figure>\n\n\n\n<div class=\"wp-block-buttons has-custom-font-size has-small-font-size is-content-justification-center is-layout-flex wp-container-core-buttons-is-layout-16018d1d wp-block-buttons-is-layout-flex\">\n<div class=\"wp-block-button has-custom-width wp-block-button__width-75\"><a class=\"wp-block-button__link has-background has-small-font-size has-custom-font-size wp-element-button\" href=\"https:\/\/www.yishengpack.com\/fr\/custom-printed-box\/\" style=\"background:linear-gradient(135deg,rgb(254,205,165) 0%,rgb(254,45,45) 0%,rgb(94,15,15) 0%,rgb(94,15,15) 100%)\" target=\"_blank\" rel=\"noreferrer noopener\"><strong>D\u00e9couvrez les bo\u00eetes imprim\u00e9es personnalis\u00e9es<\/strong><\/a><\/div>\n<\/div>\n<\/div>\n\n\n\n<div class=\"wp-block-column is-layout-flow wp-block-column-is-layout-flow\">\n<figure class=\"wp-block-image size-full\"><img decoding=\"async\" width=\"2048\" height=\"2048\" src=\"https:\/\/www.yishengpack.com\/wp-content\/uploads\/2025\/11\/Wholesale-Eco-Friendly-Rigid-Packaging-Boxes-auto-Parts-Storage-Boxes-with-Custom-Logo-5.webp\" alt=\"bo\u00eetes-d&#039;emballage-rigides-en-gros-bo\u00eetes-personnalis\u00e9es-pour-pi\u00e8ces-automobiles-5\" class=\"wp-image-2662\" srcset=\"https:\/\/www.yishengpack.com\/wp-content\/uploads\/2025\/11\/Wholesale-Eco-Friendly-Rigid-Packaging-Boxes-auto-Parts-Storage-Boxes-with-Custom-Logo-5.webp 2048w, https:\/\/www.yishengpack.com\/wp-content\/uploads\/2025\/11\/Wholesale-Eco-Friendly-Rigid-Packaging-Boxes-auto-Parts-Storage-Boxes-with-Custom-Logo-5-300x300.webp 300w, https:\/\/www.yishengpack.com\/wp-content\/uploads\/2025\/11\/Wholesale-Eco-Friendly-Rigid-Packaging-Boxes-auto-Parts-Storage-Boxes-with-Custom-Logo-5-150x150.webp 150w, https:\/\/www.yishengpack.com\/wp-content\/uploads\/2025\/11\/Wholesale-Eco-Friendly-Rigid-Packaging-Boxes-auto-Parts-Storage-Boxes-with-Custom-Logo-5-768x768.webp 768w, https:\/\/www.yishengpack.com\/wp-content\/uploads\/2025\/11\/Wholesale-Eco-Friendly-Rigid-Packaging-Boxes-auto-Parts-Storage-Boxes-with-Custom-Logo-5-12x12.webp 12w, https:\/\/www.yishengpack.com\/wp-content\/uploads\/2025\/11\/Wholesale-Eco-Friendly-Rigid-Packaging-Boxes-auto-Parts-Storage-Boxes-with-Custom-Logo-5-1200x1200.webp 1200w, https:\/\/www.yishengpack.com\/wp-content\/uploads\/2025\/11\/Wholesale-Eco-Friendly-Rigid-Packaging-Boxes-auto-Parts-Storage-Boxes-with-Custom-Logo-5-600x600.webp 600w, https:\/\/www.yishengpack.com\/wp-content\/uploads\/2025\/11\/Wholesale-Eco-Friendly-Rigid-Packaging-Boxes-auto-Parts-Storage-Boxes-with-Custom-Logo-5-100x100.webp 100w\" sizes=\"(max-width: 2048px) 100vw, 2048px\" \/><\/figure>\n\n\n\n<div class=\"wp-block-buttons has-custom-font-size has-small-font-size is-content-justification-center is-layout-flex wp-container-core-buttons-is-layout-16018d1d wp-block-buttons-is-layout-flex\">\n<div class=\"wp-block-button has-custom-width wp-block-button__width-75\"><a class=\"wp-block-button__link has-background has-small-font-size has-custom-font-size wp-element-button\" href=\"https:\/\/www.yishengpack.com\/fr\/custom-box-inserts-accessories\/\" style=\"background:linear-gradient(135deg,rgb(254,205,165) 0%,rgb(254,45,45) 0%,rgb(94,15,15) 0%,rgb(94,15,15) 100%)\" target=\"_blank\" rel=\"noreferrer noopener\"><strong>D\u00e9couvrez les encarts personnalis\u00e9s<\/strong><\/a><\/div>\n<\/div>\n<\/div>\n<\/div>","protected":false},"excerpt":{"rendered":"<p>Bienvenue pour acheter nos bo\u00eetes d'emballage rigides en gros pour organiser et emballer divers accessoires automobiles tels que des roues, des polisseurs de voiture, des embl\u00e8mes et des outils d'entretien automobile. Dot\u00e9es d'une structure robuste et de compartiments sur mesure ou de rembourrages protecteurs, elles allient organisation et protection pour le stockage et la livraison de pi\u00e8ces automobiles. Laissez-nous vous aider \u00e0 mettre en valeur vos bo\u00eetes de pi\u00e8ces automobiles imprim\u00e9es sur mesure !<\/p>\n<h2>Points forts des bo\u00eetes d'emballage rigides vendues en gros<\/h2>\n<ul>\n<li>Personnalisation compl\u00e8te<\/li>\n<li>Conception permettant une ouverture facile du couvercle<\/li>\n<li>Impression sophistiqu\u00e9e<\/li>\n<li>Un savoir-faire exquis<\/li>\n<li>Plusieurs types de bo\u00eetes<\/li>\n<li>Diverses options de couleurs<\/li>\n<li>Options d'insertion<\/li>\n<li>Quantit\u00e9 minimale de commande flexible<\/li>\n<\/ul>","protected":false},"featured_media":2658,"comment_status":"closed","ping_status":"closed","template":"","meta":{"_acf_changed":false},"box-type":[59,57],"product_brand":[],"product_cat":[46,69,67,74],"product_tag":[],"class_list":{"0":"post-2654","1":"product","2":"type-product","3":"status-publish","4":"has-post-thumbnail","6":"box-type-custom-mailer-boxes","7":"box-type-custom-rigid-box-with-lid","8":"product_cat-wholesale-paper-boxes","9":"product_cat-custom-retail-boxes","10":"product_cat-custom-shipping-boxes","11":"product_cat-custom-auto-parts-boxes","13":"first","14":"instock","15":"shipping-taxable","16":"product-type-simple"},"acf":[],"_links":{"self":[{"href":"https:\/\/www.yishengpack.com\/fr\/wp-json\/wp\/v2\/product\/2654","targetHints":{"allow":["GET"]}}],"collection":[{"href":"https:\/\/www.yishengpack.com\/fr\/wp-json\/wp\/v2\/product"}],"about":[{"href":"https:\/\/www.yishengpack.com\/fr\/wp-json\/wp\/v2\/types\/product"}],"replies":[{"embeddable":true,"href":"https:\/\/www.yishengpack.com\/fr\/wp-json\/wp\/v2\/comments?post=2654"}],"wp:featuredmedia":[{"embeddable":true,"href":"https:\/\/www.yishengpack.com\/fr\/wp-json\/wp\/v2\/media\/2658"}],"wp:attachment":[{"href":"https:\/\/www.yishengpack.com\/fr\/wp-json\/wp\/v2\/media?parent=2654"}],"wp:term":[{"taxonomy":"box-type","embeddable":true,"href":"https:\/\/www.yishengpack.com\/fr\/wp-json\/wp\/v2\/box-type?post=2654"},{"taxonomy":"product_brand","embeddable":true,"href":"https:\/\/www.yishengpack.com\/fr\/wp-json\/wp\/v2\/product_brand?post=2654"},{"taxonomy":"product_cat","embeddable":true,"href":"https:\/\/www.yishengpack.com\/fr\/wp-json\/wp\/v2\/product_cat?post=2654"},{"taxonomy":"product_tag","embeddable":true,"href":"https:\/\/www.yishengpack.com\/fr\/wp-json\/wp\/v2\/product_tag?post=2654"}],"curies":[{"name":"wp","href":"https:\/\/api.w.org\/{rel}","templated":true}]}}