{"id":2643,"date":"2025-12-08T03:16:47","date_gmt":"2025-12-08T03:16:47","guid":{"rendered":"https:\/\/www.yishengpack.com\/?post_type=product&#038;p=2643"},"modified":"2025-12-08T03:44:54","modified_gmt":"2025-12-08T03:44:54","slug":"custom-automotive-boxes","status":"publish","type":"product","link":"https:\/\/www.yishengpack.com\/fr\/produit\/custom-automotive-boxes\/","title":{"rendered":"Bo\u00eetes automobiles personnalis\u00e9es, fourniture de bo\u00eetes d'emballage rigides pour la vente au d\u00e9tail"},"content":{"rendered":"<div class=\"wp-block-columns is-layout-flex wp-container-core-columns-is-layout-9d6595d7 wp-block-columns-is-layout-flex\">\n<div class=\"wp-block-column is-layout-flow wp-block-column-is-layout-flow\">\n<h3 class=\"wp-block-heading\">Caract\u00e9ristiques des bo\u00eetes automobiles personnalis\u00e9es<\/h3>\n\n\n\n<p><strong>Organisation des compartiments divis\u00e9s :<\/strong> Ces bo\u00eetes automobiles personnalis\u00e9es utilisent un espace divis\u00e9 afin de contenir diff\u00e9rents types d'articles li\u00e9s \u00e0 l'automobile, tels que des embrayages, des engrenages et des roulements, s\u00e9par\u00e9ment afin de les garder organis\u00e9s et intacts tout en offrant une solution pour le stockage d'articles li\u00e9s \u00e0 l'automobile.<\/p>\n\n\n\n<p><strong>Rembourrage protecteur pour la s\u00e9curit\u00e9 des composants : <\/strong>Le rembourrage \u00e0 l'int\u00e9rieur des bo\u00eetes automobiles personnalis\u00e9es maintient chaque composant en s\u00e9curit\u00e9 pendant le transport ou le stockage, ce qui permet de prot\u00e9ger les composants contre les chocs et les rayures r\u00e9sultant du processus d'exp\u00e9dition. Ainsi, les bo\u00eetes automobiles personnalis\u00e9es constituent un excellent choix pour l'emballage des produits automobiles.<\/p>\n\n\n\n<p><strong>Structure en carton rigide haute r\u00e9sistance :<\/strong> Ces bo\u00eetes automobiles personnalis\u00e9es sont fabriqu\u00e9es \u00e0 partir de carton gris ou de carton haute densit\u00e9. Cette structure r\u00e9siste \u00e0 la pression et \u00e0 la d\u00e9formation, ce qui la rend adapt\u00e9e \u00e0 l'emballage de produits plus lourds tels que les pi\u00e8ces automobiles. Sa structure robuste peut supporter la pression li\u00e9e au transport et \u00e0 l'empilage.<\/p>\n\n\n\n<p><strong>Code couleur pour la cat\u00e9gorisation des pi\u00e8ces :<\/strong> Ces bo\u00eetes d'emballage au d\u00e9tail vendues en gros sont disponibles dans diff\u00e9rentes couleurs, telles que le gris, le bleu et le rouge. Ces couleurs permettent de classer les diff\u00e9rents types de pi\u00e8ces automobiles, ce qui facilite la gestion des stocks et l'identification pour les ateliers et les marques.<\/p>\n\n\n\n<p><strong>Enti\u00e8rement personnalisable (OEM\/ODM) : <\/strong>Ces bo\u00eetes d'emballage au d\u00e9tail vendues en gros permettent une conception personnalis\u00e9e en termes de taille, de forme, de structure, de connecteurs et de m\u00e9thodes d'emballage. Elles peuvent \u00eatre personnalis\u00e9es en fonction des sp\u00e9cifications des pi\u00e8ces automobiles et offrent des options d'impression de haute qualit\u00e9.<\/p>\n\n\n\n<p><strong>Avantage du prix de gros :<\/strong> Fourniture directe depuis l'usine, ces bo\u00eetes automobiles personnalis\u00e9es permettent une production en gros et sur mesure de grands volumes. D\u00e9lais de livraison stables, id\u00e9aux pour les clients OEM\/ODM. Plusieurs options de co\u00fbts disponibles pour s'adapter \u00e0 diff\u00e9rents budgets.<\/p>\n<\/div>\n\n\n\n<div class=\"wp-block-column is-layout-flow wp-block-column-is-layout-flow\">\n<figure class=\"wp-block-image size-full\"><img decoding=\"async\" width=\"2048\" height=\"2048\" src=\"https:\/\/www.yishengpack.com\/wp-content\/uploads\/2025\/11\/Customized-High-Quality-Auto-Parts-Boxes-Rigid-Package-Paper-Boxes-with-Lid-Wholesale-5.webp\" alt=\"bo\u00eetes-automobiles-sur-mesure-bo\u00eetes-rigides-d&#039;emballage-pour-la-vente-au-d\u00e9tail-fourniture-5\" class=\"wp-image-2650\" srcset=\"https:\/\/www.yishengpack.com\/wp-content\/uploads\/2025\/11\/Customized-High-Quality-Auto-Parts-Boxes-Rigid-Package-Paper-Boxes-with-Lid-Wholesale-5.webp 2048w, https:\/\/www.yishengpack.com\/wp-content\/uploads\/2025\/11\/Customized-High-Quality-Auto-Parts-Boxes-Rigid-Package-Paper-Boxes-with-Lid-Wholesale-5-300x300.webp 300w, https:\/\/www.yishengpack.com\/wp-content\/uploads\/2025\/11\/Customized-High-Quality-Auto-Parts-Boxes-Rigid-Package-Paper-Boxes-with-Lid-Wholesale-5-150x150.webp 150w, https:\/\/www.yishengpack.com\/wp-content\/uploads\/2025\/11\/Customized-High-Quality-Auto-Parts-Boxes-Rigid-Package-Paper-Boxes-with-Lid-Wholesale-5-768x768.webp 768w, https:\/\/www.yishengpack.com\/wp-content\/uploads\/2025\/11\/Customized-High-Quality-Auto-Parts-Boxes-Rigid-Package-Paper-Boxes-with-Lid-Wholesale-5-12x12.webp 12w, https:\/\/www.yishengpack.com\/wp-content\/uploads\/2025\/11\/Customized-High-Quality-Auto-Parts-Boxes-Rigid-Package-Paper-Boxes-with-Lid-Wholesale-5-1200x1200.webp 1200w, https:\/\/www.yishengpack.com\/wp-content\/uploads\/2025\/11\/Customized-High-Quality-Auto-Parts-Boxes-Rigid-Package-Paper-Boxes-with-Lid-Wholesale-5-600x600.webp 600w, https:\/\/www.yishengpack.com\/wp-content\/uploads\/2025\/11\/Customized-High-Quality-Auto-Parts-Boxes-Rigid-Package-Paper-Boxes-with-Lid-Wholesale-5-100x100.webp 100w\" sizes=\"(max-width: 2048px) 100vw, 2048px\" \/><\/figure>\n<\/div>\n<\/div>\n\n\n\n<div class=\"wp-block-columns is-layout-flex wp-container-core-columns-is-layout-9d6595d7 wp-block-columns-is-layout-flex\">\n<div class=\"wp-block-column is-layout-flow wp-block-column-is-layout-flow\">\n<figure class=\"wp-block-image size-full\"><img decoding=\"async\" width=\"2048\" height=\"2048\" src=\"https:\/\/www.yishengpack.com\/wp-content\/uploads\/2025\/11\/Customized-High-Quality-Auto-Parts-Boxes-Rigid-Package-Paper-Boxes-with-Lid-Wholesale-7.webp\" alt=\"bo\u00eetes-automobiles-sur-mesure-bo\u00eetes-rigides-d&#039;emballage-pour-la-vente-au-d\u00e9tail-fourniture-7\" class=\"wp-image-2652\" srcset=\"https:\/\/www.yishengpack.com\/wp-content\/uploads\/2025\/11\/Customized-High-Quality-Auto-Parts-Boxes-Rigid-Package-Paper-Boxes-with-Lid-Wholesale-7.webp 2048w, https:\/\/www.yishengpack.com\/wp-content\/uploads\/2025\/11\/Customized-High-Quality-Auto-Parts-Boxes-Rigid-Package-Paper-Boxes-with-Lid-Wholesale-7-300x300.webp 300w, https:\/\/www.yishengpack.com\/wp-content\/uploads\/2025\/11\/Customized-High-Quality-Auto-Parts-Boxes-Rigid-Package-Paper-Boxes-with-Lid-Wholesale-7-150x150.webp 150w, https:\/\/www.yishengpack.com\/wp-content\/uploads\/2025\/11\/Customized-High-Quality-Auto-Parts-Boxes-Rigid-Package-Paper-Boxes-with-Lid-Wholesale-7-768x768.webp 768w, https:\/\/www.yishengpack.com\/wp-content\/uploads\/2025\/11\/Customized-High-Quality-Auto-Parts-Boxes-Rigid-Package-Paper-Boxes-with-Lid-Wholesale-7-12x12.webp 12w, https:\/\/www.yishengpack.com\/wp-content\/uploads\/2025\/11\/Customized-High-Quality-Auto-Parts-Boxes-Rigid-Package-Paper-Boxes-with-Lid-Wholesale-7-1200x1200.webp 1200w, https:\/\/www.yishengpack.com\/wp-content\/uploads\/2025\/11\/Customized-High-Quality-Auto-Parts-Boxes-Rigid-Package-Paper-Boxes-with-Lid-Wholesale-7-600x600.webp 600w, https:\/\/www.yishengpack.com\/wp-content\/uploads\/2025\/11\/Customized-High-Quality-Auto-Parts-Boxes-Rigid-Package-Paper-Boxes-with-Lid-Wholesale-7-100x100.webp 100w\" sizes=\"(max-width: 2048px) 100vw, 2048px\" \/><\/figure>\n\n\n\n<div class=\"wp-block-buttons has-custom-font-size has-small-font-size is-content-justification-center is-layout-flex wp-container-core-buttons-is-layout-16018d1d wp-block-buttons-is-layout-flex\">\n<div class=\"wp-block-button has-custom-width wp-block-button__width-75\"><a class=\"wp-block-button__link has-background has-small-font-size has-custom-font-size wp-element-button\" href=\"https:\/\/www.yishengpack.com\/fr\/custom-printed-box\/\" style=\"background:linear-gradient(135deg,rgb(254,205,165) 0%,rgb(254,45,45) 0%,rgb(94,15,15) 0%,rgb(94,15,15) 100%)\" target=\"_blank\" rel=\"noreferrer noopener\"><strong>D\u00e9couvrez les bo\u00eetes imprim\u00e9es personnalis\u00e9es<\/strong><\/a><\/div>\n<\/div>\n<\/div>\n\n\n\n<div class=\"wp-block-column is-layout-flow wp-block-column-is-layout-flow\">\n<figure class=\"wp-block-image size-full\"><img decoding=\"async\" width=\"2048\" height=\"2048\" src=\"https:\/\/www.yishengpack.com\/wp-content\/uploads\/2025\/11\/Customized-High-Quality-Auto-Parts-Boxes-Rigid-Package-Paper-Boxes-with-Lid-Wholesale-4.webp\" alt=\"bo\u00eetes-automobiles-sur-mesure-bo\u00eetes-rigides-d&#039;emballage-pour-la-vente-au-d\u00e9tail-fourniture-4\" class=\"wp-image-2648\" srcset=\"https:\/\/www.yishengpack.com\/wp-content\/uploads\/2025\/11\/Customized-High-Quality-Auto-Parts-Boxes-Rigid-Package-Paper-Boxes-with-Lid-Wholesale-4.webp 2048w, https:\/\/www.yishengpack.com\/wp-content\/uploads\/2025\/11\/Customized-High-Quality-Auto-Parts-Boxes-Rigid-Package-Paper-Boxes-with-Lid-Wholesale-4-300x300.webp 300w, https:\/\/www.yishengpack.com\/wp-content\/uploads\/2025\/11\/Customized-High-Quality-Auto-Parts-Boxes-Rigid-Package-Paper-Boxes-with-Lid-Wholesale-4-150x150.webp 150w, https:\/\/www.yishengpack.com\/wp-content\/uploads\/2025\/11\/Customized-High-Quality-Auto-Parts-Boxes-Rigid-Package-Paper-Boxes-with-Lid-Wholesale-4-768x768.webp 768w, https:\/\/www.yishengpack.com\/wp-content\/uploads\/2025\/11\/Customized-High-Quality-Auto-Parts-Boxes-Rigid-Package-Paper-Boxes-with-Lid-Wholesale-4-12x12.webp 12w, https:\/\/www.yishengpack.com\/wp-content\/uploads\/2025\/11\/Customized-High-Quality-Auto-Parts-Boxes-Rigid-Package-Paper-Boxes-with-Lid-Wholesale-4-1200x1200.webp 1200w, https:\/\/www.yishengpack.com\/wp-content\/uploads\/2025\/11\/Customized-High-Quality-Auto-Parts-Boxes-Rigid-Package-Paper-Boxes-with-Lid-Wholesale-4-600x600.webp 600w, https:\/\/www.yishengpack.com\/wp-content\/uploads\/2025\/11\/Customized-High-Quality-Auto-Parts-Boxes-Rigid-Package-Paper-Boxes-with-Lid-Wholesale-4-100x100.webp 100w\" sizes=\"(max-width: 2048px) 100vw, 2048px\" \/><\/figure>\n\n\n\n<div class=\"wp-block-buttons has-custom-font-size has-small-font-size is-content-justification-center is-layout-flex wp-container-core-buttons-is-layout-16018d1d wp-block-buttons-is-layout-flex\">\n<div class=\"wp-block-button has-custom-width wp-block-button__width-75\"><a class=\"wp-block-button__link has-background has-small-font-size has-custom-font-size wp-element-button\" href=\"https:\/\/www.yishengpack.com\/fr\/custom-box-inserts-accessories\/\" style=\"background:linear-gradient(135deg,rgb(254,205,165) 0%,rgb(254,45,45) 0%,rgb(94,15,15) 0%,rgb(94,15,15) 100%)\" target=\"_blank\" rel=\"noreferrer noopener\"><strong>D\u00e9couvrez les encarts personnalis\u00e9s<\/strong><\/a><\/div>\n<\/div>\n<\/div>\n<\/div>","protected":false},"excerpt":{"rendered":"<p>Bienvenue pour acheter nos bo\u00eetes automobiles personnalis\u00e9es, parfaites pour emballer divers accessoires automobiles tels que roulements, disques d'embrayage, engrenages, vis et bougies d'allumage. Dot\u00e9es d'une structure robuste et d'un rembourrage protecteur, elles allient durabilit\u00e9 et praticit\u00e9 pour le stockage et la livraison de pi\u00e8ces automobiles. De la taille aux couleurs, en passant par le logo et l'impression, elles sont enti\u00e8rement personnalisables pour s'adapter \u00e0 votre marque.<\/p>\n<h2>Points forts des bo\u00eetes automobiles personnalis\u00e9es<\/h2>\n<ul>\n<li>Structure stable<\/li>\n<li>Possibilit\u00e9 de personnalisation compl\u00e8te<\/li>\n<li>Mat\u00e9riaux de haute qualit\u00e9<\/li>\n<li>Impression sophistiqu\u00e9e<\/li>\n<li>Un savoir-faire exquis<\/li>\n<li>Diff\u00e9rentes tailles<\/li>\n<li>Options de couleur<\/li>\n<li>Plusieurs types de bo\u00eetes<\/li>\n<li>Options d'insertion<\/li>\n<li>Quantit\u00e9 minimale de commande flexible<\/li>\n<\/ul>","protected":false},"featured_media":2645,"comment_status":"closed","ping_status":"closed","template":"","meta":{"_acf_changed":false},"box-type":[59,57],"product_brand":[],"product_cat":[46,69,67,74],"product_tag":[],"class_list":{"0":"post-2643","1":"product","2":"type-product","3":"status-publish","4":"has-post-thumbnail","6":"box-type-custom-mailer-boxes","7":"box-type-custom-rigid-box-with-lid","8":"product_cat-wholesale-paper-boxes","9":"product_cat-custom-retail-boxes","10":"product_cat-custom-shipping-boxes","11":"product_cat-custom-auto-parts-boxes","13":"first","14":"instock","15":"shipping-taxable","16":"product-type-simple"},"acf":[],"_links":{"self":[{"href":"https:\/\/www.yishengpack.com\/fr\/wp-json\/wp\/v2\/product\/2643","targetHints":{"allow":["GET"]}}],"collection":[{"href":"https:\/\/www.yishengpack.com\/fr\/wp-json\/wp\/v2\/product"}],"about":[{"href":"https:\/\/www.yishengpack.com\/fr\/wp-json\/wp\/v2\/types\/product"}],"replies":[{"embeddable":true,"href":"https:\/\/www.yishengpack.com\/fr\/wp-json\/wp\/v2\/comments?post=2643"}],"wp:featuredmedia":[{"embeddable":true,"href":"https:\/\/www.yishengpack.com\/fr\/wp-json\/wp\/v2\/media\/2645"}],"wp:attachment":[{"href":"https:\/\/www.yishengpack.com\/fr\/wp-json\/wp\/v2\/media?parent=2643"}],"wp:term":[{"taxonomy":"box-type","embeddable":true,"href":"https:\/\/www.yishengpack.com\/fr\/wp-json\/wp\/v2\/box-type?post=2643"},{"taxonomy":"product_brand","embeddable":true,"href":"https:\/\/www.yishengpack.com\/fr\/wp-json\/wp\/v2\/product_brand?post=2643"},{"taxonomy":"product_cat","embeddable":true,"href":"https:\/\/www.yishengpack.com\/fr\/wp-json\/wp\/v2\/product_cat?post=2643"},{"taxonomy":"product_tag","embeddable":true,"href":"https:\/\/www.yishengpack.com\/fr\/wp-json\/wp\/v2\/product_tag?post=2643"}],"curies":[{"name":"wp","href":"https:\/\/api.w.org\/{rel}","templated":true}]}}