{"id":264,"date":"2025-01-04T07:16:32","date_gmt":"2025-01-04T07:16:32","guid":{"rendered":"https:\/\/www.yishengpack.com\/?post_type=product&#038;p=264"},"modified":"2025-12-13T04:03:26","modified_gmt":"2025-12-13T04:03:26","slug":"wholesale-paper-cake-box","status":"publish","type":"product","link":"https:\/\/www.yishengpack.com\/fr\/produit\/wholesale-paper-cake-box\/","title":{"rendered":"Bo\u00eete \u00e0 g\u00e2teaux en papier avec fen\u00eatre transparente, 4 cupcakes"},"content":{"rendered":"<div class=\"wp-block-columns is-layout-flex wp-container-core-columns-is-layout-9d6595d7 wp-block-columns-is-layout-flex\">\n<div class=\"wp-block-column is-layout-flow wp-block-column-is-layout-flow\">\n<h3 class=\"wp-block-heading\">Caract\u00e9ristiques de la bo\u00eete \u00e0 g\u00e2teaux en papier en gros<\/h3>\n\n\n\n<p><strong>Protection de la s\u00e9curit\u00e9 :<\/strong> La cloison int\u00e9gr\u00e9e de ces bo\u00eetes \u00e0 g\u00e2teaux en papier garantit que les 4 g\u00e2teaux sont stables et ne se d\u00e9placent pas, \u00e9vitant ainsi l'encombrement et les collisions ou les dommages.<\/p>\n\n\n\n<p><strong>Fen\u00eatre transparente Design :<\/strong> Ces bo\u00eetes \u00e0 g\u00e2teaux en papier avec fen\u00eatres transparentes permettent aux clients de voir clairement les d\u00e9licieux g\u00e2teaux \u00e0 l'int\u00e9rieur, am\u00e9liorant ainsi l'attrait visuel.<\/p>\n\n\n\n<p><strong>Pratique \u00e0 transporter : <\/strong>La bo\u00eete \u00e0 g\u00e2teaux en papier est \u00e9quip\u00e9e d'une poign\u00e9e de transport, facile \u00e0 transporter, adapt\u00e9e \u00e0 la vente \u00e0 emporter et \u00e0 la livraison.<\/p>\n\n\n\n<p><strong>Convient pour les achats en gros : <\/strong>Le prix de gros est adapt\u00e9 aux besoins des entreprises, ce qui permet de r\u00e9duire les co\u00fbts et d'am\u00e9liorer l'efficacit\u00e9 de l'emballage.<\/p>\n\n\n\n<p><strong>Aspect simple et \u00e9l\u00e9gant :<\/strong> Les bo\u00eetes \u00e0 cupcakes en papier blanc sont simples et \u00e9l\u00e9gantes et conviennent \u00e0 diverses occasions, telles que les anniversaires, les mariages ou les festivals.<\/p>\n\n\n\n<p><strong>Largement applicable : <\/strong>Ces bo\u00eetes \u00e0 g\u00e2teaux en papier conviennent pour l'emballage des cupcakes, muffins, mini g\u00e2teaux et autres petits desserts.<\/p>\n<\/div>\n\n\n\n<div class=\"wp-block-column is-layout-flow wp-block-column-is-layout-flow\">\n<figure class=\"wp-block-image size-full\"><img decoding=\"async\" width=\"800\" height=\"800\" src=\"https:\/\/www.yishengpack.com\/wp-content\/uploads\/2025\/01\/Wholesale-Paper-Cake-Box-with-Clear-Window-Handle-Insert-Holds-4-Cupcakes.webp\" alt=\"Bo\u00eete \u00e0 g\u00e2teaux en papier avec fen\u00eatre transparente, poign\u00e9e, insert pour 4 cupcakes\" class=\"wp-image-273\" srcset=\"https:\/\/www.yishengpack.com\/wp-content\/uploads\/2025\/01\/Wholesale-Paper-Cake-Box-with-Clear-Window-Handle-Insert-Holds-4-Cupcakes.webp 800w, https:\/\/www.yishengpack.com\/wp-content\/uploads\/2025\/01\/Wholesale-Paper-Cake-Box-with-Clear-Window-Handle-Insert-Holds-4-Cupcakes-300x300.webp 300w, https:\/\/www.yishengpack.com\/wp-content\/uploads\/2025\/01\/Wholesale-Paper-Cake-Box-with-Clear-Window-Handle-Insert-Holds-4-Cupcakes-150x150.webp 150w, https:\/\/www.yishengpack.com\/wp-content\/uploads\/2025\/01\/Wholesale-Paper-Cake-Box-with-Clear-Window-Handle-Insert-Holds-4-Cupcakes-768x768.webp 768w, https:\/\/www.yishengpack.com\/wp-content\/uploads\/2025\/01\/Wholesale-Paper-Cake-Box-with-Clear-Window-Handle-Insert-Holds-4-Cupcakes-600x600.webp 600w, https:\/\/www.yishengpack.com\/wp-content\/uploads\/2025\/01\/Wholesale-Paper-Cake-Box-with-Clear-Window-Handle-Insert-Holds-4-Cupcakes-100x100.webp 100w\" sizes=\"(max-width: 800px) 100vw, 800px\" \/><\/figure>\n<\/div>\n<\/div>\n\n\n\n<div class=\"wp-block-columns is-layout-flex wp-container-core-columns-is-layout-9d6595d7 wp-block-columns-is-layout-flex\">\n<div class=\"wp-block-column is-layout-flow wp-block-column-is-layout-flow\">\n<figure class=\"wp-block-image size-full\"><img decoding=\"async\" width=\"800\" height=\"800\" src=\"https:\/\/www.yishengpack.com\/wp-content\/uploads\/2025\/01\/Wholesale-Paper-Cake-Box-with-Clear-Window-Handle-Insert-Holds-4-Cupcakes-1.webp\" alt=\"Bo\u00eete \u00e0 g\u00e2teaux en papier avec fen\u00eatre transparente, poign\u00e9e, insert pour 4 cupcakes (1)\" class=\"wp-image-265\" srcset=\"https:\/\/www.yishengpack.com\/wp-content\/uploads\/2025\/01\/Wholesale-Paper-Cake-Box-with-Clear-Window-Handle-Insert-Holds-4-Cupcakes-1.webp 800w, https:\/\/www.yishengpack.com\/wp-content\/uploads\/2025\/01\/Wholesale-Paper-Cake-Box-with-Clear-Window-Handle-Insert-Holds-4-Cupcakes-1-300x300.webp 300w, https:\/\/www.yishengpack.com\/wp-content\/uploads\/2025\/01\/Wholesale-Paper-Cake-Box-with-Clear-Window-Handle-Insert-Holds-4-Cupcakes-1-150x150.webp 150w, https:\/\/www.yishengpack.com\/wp-content\/uploads\/2025\/01\/Wholesale-Paper-Cake-Box-with-Clear-Window-Handle-Insert-Holds-4-Cupcakes-1-768x768.webp 768w, https:\/\/www.yishengpack.com\/wp-content\/uploads\/2025\/01\/Wholesale-Paper-Cake-Box-with-Clear-Window-Handle-Insert-Holds-4-Cupcakes-1-600x600.webp 600w, https:\/\/www.yishengpack.com\/wp-content\/uploads\/2025\/01\/Wholesale-Paper-Cake-Box-with-Clear-Window-Handle-Insert-Holds-4-Cupcakes-1-100x100.webp 100w\" sizes=\"(max-width: 800px) 100vw, 800px\" \/><\/figure>\n\n\n\n<div class=\"wp-block-buttons has-custom-font-size has-small-font-size is-content-justification-center is-layout-flex wp-container-core-buttons-is-layout-16018d1d wp-block-buttons-is-layout-flex\">\n<div class=\"wp-block-button has-custom-width wp-block-button__width-75\"><a class=\"wp-block-button__link has-background has-small-font-size has-custom-font-size wp-element-button\" href=\"https:\/\/www.yishengpack.com\/fr\/custom-product-boxes-types\/\" style=\"background:linear-gradient(135deg,rgb(254,205,165) 0%,rgb(254,45,45) 0%,rgb(94,15,15) 0%,rgb(94,15,15) 100%)\" target=\"_blank\" rel=\"noreferrer noopener\"><strong>Explorer les types de bo\u00eetes personnalis\u00e9es<\/strong><\/a><\/div>\n<\/div>\n<\/div>\n\n\n\n<div class=\"wp-block-column is-layout-flow wp-block-column-is-layout-flow\">\n<figure class=\"wp-block-image size-full\"><img decoding=\"async\" width=\"800\" height=\"800\" src=\"https:\/\/www.yishengpack.com\/wp-content\/uploads\/2025\/01\/Wholesale-Paper-Cake-Box-with-Clear-Window-Handle-Insert-Holds-4-Cupcakes-3.webp\" alt=\"Grossiste bo\u00eete \u00e0 g\u00e2teaux en papier avec fen\u00eatre transparente, poign\u00e9e, insert pour 4 cupcakes (3)\" class=\"wp-image-267\" srcset=\"https:\/\/www.yishengpack.com\/wp-content\/uploads\/2025\/01\/Wholesale-Paper-Cake-Box-with-Clear-Window-Handle-Insert-Holds-4-Cupcakes-3.webp 800w, https:\/\/www.yishengpack.com\/wp-content\/uploads\/2025\/01\/Wholesale-Paper-Cake-Box-with-Clear-Window-Handle-Insert-Holds-4-Cupcakes-3-300x300.webp 300w, https:\/\/www.yishengpack.com\/wp-content\/uploads\/2025\/01\/Wholesale-Paper-Cake-Box-with-Clear-Window-Handle-Insert-Holds-4-Cupcakes-3-150x150.webp 150w, https:\/\/www.yishengpack.com\/wp-content\/uploads\/2025\/01\/Wholesale-Paper-Cake-Box-with-Clear-Window-Handle-Insert-Holds-4-Cupcakes-3-768x768.webp 768w, https:\/\/www.yishengpack.com\/wp-content\/uploads\/2025\/01\/Wholesale-Paper-Cake-Box-with-Clear-Window-Handle-Insert-Holds-4-Cupcakes-3-600x600.webp 600w, https:\/\/www.yishengpack.com\/wp-content\/uploads\/2025\/01\/Wholesale-Paper-Cake-Box-with-Clear-Window-Handle-Insert-Holds-4-Cupcakes-3-100x100.webp 100w\" sizes=\"(max-width: 800px) 100vw, 800px\" \/><\/figure>\n\n\n\n<div class=\"wp-block-buttons has-custom-font-size has-small-font-size is-content-justification-center is-layout-flex wp-container-core-buttons-is-layout-16018d1d wp-block-buttons-is-layout-flex\">\n<div class=\"wp-block-button has-custom-width wp-block-button__width-75\"><a class=\"wp-block-button__link has-background has-small-font-size has-custom-font-size wp-element-button\" href=\"https:\/\/www.yishengpack.com\/fr\/custom-box-inserts-accessories\/\" style=\"background:linear-gradient(135deg,rgb(254,205,165) 0%,rgb(254,45,45) 0%,rgb(94,15,15) 0%,rgb(94,15,15) 100%)\" target=\"_blank\" rel=\"noreferrer noopener\"><strong>D\u00e9couvrez les encarts personnalis\u00e9s<\/strong><\/a><\/div>\n<\/div>\n<\/div>\n<\/div>","protected":false},"excerpt":{"rendered":"<p>Bienvenue dans cette bo\u00eete \u00e0 g\u00e2teaux en papier avec fen\u00eatre transparente et poign\u00e9e, id\u00e9ale pour l'emballage et la pr\u00e9sentation des g\u00e2teaux. Elle contient des inserts permettant de maintenir jusqu'\u00e0 4 cupcakes en place pour un transport en toute s\u00e9curit\u00e9 et sans dommage. La fen\u00eatre transparente offre une vue \u00e9l\u00e9gante de vos friandises, tandis que la poign\u00e9e facilite le transport. Id\u00e9al pour les boulangeries, les traiteurs et les \u00e9v\u00e9nements sp\u00e9ciaux.<\/p>\n<h3 id=\"block-e9a84e6d-21e6-482d-be92-f5232f1c25f8\" class=\"block-editor-rich-text__editable block-editor-block-list__block wp-block is-selected wp-block-heading rich-text is-hovered\" role=\"document\" contenteditable=\"true\" aria-multiline=\"true\" aria-readonly=\"false\" aria-label=\"Bloc : Titre\" data-block=\"e9a84e6d-21e6-482d-be92-f5232f1c25f8\" data-type=\"core\/heading\" data-title=\"Heading\" data-wp-block-attribute-key=\"content\">G\u00e2teau en papier en gros\u00a0<span style=\"box-sizing: border-box; margin: 0px; padding: 0px;\">Bo\u00eete<span style=\"font-size: 16px;\"> Sp\u00e9cifications<\/span><\/span><span style=\"font-size: 16px;\">:<\/span><\/h3>\n<table width=\"528\">\n<tbody>\n<tr>\n<td width=\"215\">Fabricant :<\/td>\n<td colspan=\"2\" width=\"313\">Yisheng<\/td>\n<\/tr>\n<tr>\n<td>Mod\u00e8le :<\/td>\n<td colspan=\"2\">Cupcake-4C<\/td>\n<\/tr>\n<tr>\n<td>Mat\u00e9riau :\u00a0<\/td>\n<td colspan=\"2\">Carton blanc<\/td>\n<\/tr>\n<tr>\n<td>Couleur :\u00a0<\/td>\n<td colspan=\"2\">Blanc<\/td>\n<\/tr>\n<tr>\n<td>Taille :\u00a0<\/td>\n<td colspan=\"2\" width=\"313\">23cm*23cm*10cm<br \/>(Grille int\u00e9rieure : 10cm*10cm)<\/td>\n<\/tr>\n<tr>\n<td>Poids :\u00a0<\/td>\n<td colspan=\"2\" width=\"313\">105g\/pc<\/td>\n<\/tr>\n<tr>\n<td>Forme :\u00a0<\/td>\n<td colspan=\"2\" width=\"313\">Carr\u00e9<\/td>\n<\/tr>\n<tr>\n<td>Emballage :\u00a0<\/td>\n<td colspan=\"2\">Boxe directe<\/td>\n<\/tr>\n<tr>\n<td>MOQ :\u00a0<\/td>\n<td colspan=\"2\">100pcs<\/td>\n<\/tr>\n<tr>\n<td>OEM&amp;ODM :\u00a0<\/td>\n<td colspan=\"2\">Sur mesure, Bienvenue OEM&amp;ODM<\/td>\n<\/tr>\n<tr>\n<td>Exemple\uff1a<\/td>\n<td colspan=\"2\">10 pcs \u00e9chantillons gratuits peuvent \u00eatre demand\u00e9s<\/td>\n<\/tr>\n<\/tbody>\n<\/table>\n<p><script src=\"chrome-extension:\/\/fpelahbljekknahkcaegamhcndkfpfnc\/iFrame.js\" type=\"text\/javascript\"><\/script><\/p>","protected":false},"featured_media":266,"comment_status":"closed","ping_status":"closed","template":"","meta":{"_acf_changed":false},"box-type":[55,58],"product_brand":[],"product_cat":[32,46,30],"product_tag":[],"class_list":{"0":"post-264","1":"product","2":"type-product","3":"status-publish","4":"has-post-thumbnail","6":"box-type-custom-foldable-boxes","7":"box-type-custom-window-gift-box","8":"product_cat-bakery-packaging-wholesale","9":"product_cat-wholesale-paper-boxes","10":"product_cat-cake-containers-wholesale","12":"first","13":"instock","14":"shipping-taxable","15":"product-type-simple"},"acf":[],"_links":{"self":[{"href":"https:\/\/www.yishengpack.com\/fr\/wp-json\/wp\/v2\/product\/264","targetHints":{"allow":["GET"]}}],"collection":[{"href":"https:\/\/www.yishengpack.com\/fr\/wp-json\/wp\/v2\/product"}],"about":[{"href":"https:\/\/www.yishengpack.com\/fr\/wp-json\/wp\/v2\/types\/product"}],"replies":[{"embeddable":true,"href":"https:\/\/www.yishengpack.com\/fr\/wp-json\/wp\/v2\/comments?post=264"}],"wp:featuredmedia":[{"embeddable":true,"href":"https:\/\/www.yishengpack.com\/fr\/wp-json\/wp\/v2\/media\/266"}],"wp:attachment":[{"href":"https:\/\/www.yishengpack.com\/fr\/wp-json\/wp\/v2\/media?parent=264"}],"wp:term":[{"taxonomy":"box-type","embeddable":true,"href":"https:\/\/www.yishengpack.com\/fr\/wp-json\/wp\/v2\/box-type?post=264"},{"taxonomy":"product_brand","embeddable":true,"href":"https:\/\/www.yishengpack.com\/fr\/wp-json\/wp\/v2\/product_brand?post=264"},{"taxonomy":"product_cat","embeddable":true,"href":"https:\/\/www.yishengpack.com\/fr\/wp-json\/wp\/v2\/product_cat?post=264"},{"taxonomy":"product_tag","embeddable":true,"href":"https:\/\/www.yishengpack.com\/fr\/wp-json\/wp\/v2\/product_tag?post=264"}],"curies":[{"name":"wp","href":"https:\/\/api.w.org\/{rel}","templated":true}]}}