{"id":2635,"date":"2025-11-25T10:23:51","date_gmt":"2025-11-25T10:23:51","guid":{"rendered":"https:\/\/www.yishengpack.com\/?post_type=product&#038;p=2635"},"modified":"2025-11-25T10:23:53","modified_gmt":"2025-11-25T10:23:53","slug":"wholesale-electronic-packaging-box","status":"publish","type":"product","link":"https:\/\/www.yishengpack.com\/fr\/produit\/wholesale-electronic-packaging-box\/","title":{"rendered":"Bo\u00eete d'emballage \u00e9lectronique en gros pour accessoires de t\u00e9l\u00e9phone"},"content":{"rendered":"<div class=\"wp-block-columns is-layout-flex wp-container-core-columns-is-layout-9d6595d7 wp-block-columns-is-layout-flex\">\n<div class=\"wp-block-column is-layout-flow wp-block-column-is-layout-flow\">\n<h3 class=\"wp-block-heading\">Caract\u00e9ristiques de la bo\u00eete d'emballage \u00e9lectronique en gros<\/h3>\n\n\n\n<p><strong>Structure de s\u00e9curit\u00e9 con\u00e7ue :<\/strong> Notre bo\u00eete d'emballage \u00e9lectronique en gros a cr\u00e9\u00e9 une structure de s\u00e9curit\u00e9 solide en utilisant du papier cartonn\u00e9 plus \u00e9pais et un mat\u00e9riau composite compos\u00e9 de plusieurs couches. Le mat\u00e9riau en papier prot\u00e8ge les articles tels que les \u00e9tuis de t\u00e9l\u00e9phone portable et les c\u00e2bles de donn\u00e9es, ainsi que les articles contre la compression ou la collision pendant le transport, et garantit qu'ils arrivent \u00e0 destination en bon \u00e9tat.<\/p>\n\n\n\n<p><strong>Fermeture magn\u00e9tique pour un d\u00e9ballage sans effort : <\/strong>La bo\u00eete d'emballage \u00e9lectronique en gros est dot\u00e9e d'une fermeture magn\u00e9tique, ce qui permet une ouverture sans effort et satisfaisante. Elle est parfaite pour offrir une sensation de d\u00e9ballage de premi\u00e8re qualit\u00e9 pour les accessoires \u00e9lectroniques tels que les c\u00e2bles de charge, les \u00e9couteurs et les protections d'\u00e9cran.<\/p>\n\n\n\n<p><strong>Permet de personnaliser plusieurs tailles :<\/strong> Les plateaux internes de notre bo\u00eete \u00e0 fermeture magn\u00e9tique en vrac peuvent utiliser de nombreux types de mat\u00e9riaux diff\u00e9rents, tels que l'EVA, la mousse, la p\u00e2te \u00e0 papier et le carton, pour s'adapter \u00e0 n'importe quel accessoire \u00e9lectronique. Les plateaux internes assurent un stockage s\u00fbr et une protection stable contre les dommages caus\u00e9s \u00e0 l'accessoire \u00e9lectronique. Ils peuvent \u00eatre utilis\u00e9s pour des articles individuels, des ensembles ou des coffrets cadeaux.<\/p>\n\n\n\n<p><strong>S\u00e9lections de palettes de couleurs vibrantes : <\/strong>La bo\u00eete \u00e0 fermeture magn\u00e9tique est propos\u00e9e dans une palette de couleurs vibrantes telles que le vert menthe, le turquoise et le bordeaux. Ces s\u00e9lections renforcent l'attrait visuel, ce qui permet \u00e0 la bo\u00eete de pr\u00e9senter divers accessoires \u00e9lectroniques et de s'aligner sur l'identit\u00e9 de la marque.<\/p>\n\n\n\n<p><strong>Rapport co\u00fbt-performance \u00e9lev\u00e9 :<\/strong> Ces bo\u00eetes d'emballage \u00e9lectronique en gros sont produites en masse par l'usine de Yisheng. Elles sont compatibles avec les normes OEM\/ODM, la quantit\u00e9 minimale de commande est faible, le d\u00e9lai de livraison est contr\u00f4lable et elles conviennent aux besoins de commande en gros des commer\u00e7ants, des marques de commerce \u00e9lectronique, des marques d'accessoires 3C, etc.<\/p>\n\n\n\n<p><strong>Services de conception d'emballages :<\/strong> Nous fournissons des services personnalis\u00e9s, y compris la conception structurelle, la conception de la d\u00e9coupe, la mise en page et la conception de l'apparence pour r\u00e9pondre au style visuel et aux exigences budg\u00e9taires des diff\u00e9rentes marques.<\/p>\n<\/div>\n\n\n\n<div class=\"wp-block-column is-layout-flow wp-block-column-is-layout-flow\">\n<figure class=\"wp-block-image size-full\"><img decoding=\"async\" width=\"2048\" height=\"2048\" src=\"https:\/\/www.yishengpack.com\/wp-content\/uploads\/2025\/11\/Bulk-Hot-Selling-Magnetic-Closure-Boxes-Wholesale-Customized-Mobile-Phone-Accessories-Packaging-Boxes-6.webp\" alt=\"grossiste-emballage-\u00e9lectronique-bo\u00eete-pour-accessoires-de-t\u00e9l\u00e9phone-6\" class=\"wp-image-2641\" srcset=\"https:\/\/www.yishengpack.com\/wp-content\/uploads\/2025\/11\/Bulk-Hot-Selling-Magnetic-Closure-Boxes-Wholesale-Customized-Mobile-Phone-Accessories-Packaging-Boxes-6.webp 2048w, https:\/\/www.yishengpack.com\/wp-content\/uploads\/2025\/11\/Bulk-Hot-Selling-Magnetic-Closure-Boxes-Wholesale-Customized-Mobile-Phone-Accessories-Packaging-Boxes-6-300x300.webp 300w, https:\/\/www.yishengpack.com\/wp-content\/uploads\/2025\/11\/Bulk-Hot-Selling-Magnetic-Closure-Boxes-Wholesale-Customized-Mobile-Phone-Accessories-Packaging-Boxes-6-150x150.webp 150w, https:\/\/www.yishengpack.com\/wp-content\/uploads\/2025\/11\/Bulk-Hot-Selling-Magnetic-Closure-Boxes-Wholesale-Customized-Mobile-Phone-Accessories-Packaging-Boxes-6-768x768.webp 768w, https:\/\/www.yishengpack.com\/wp-content\/uploads\/2025\/11\/Bulk-Hot-Selling-Magnetic-Closure-Boxes-Wholesale-Customized-Mobile-Phone-Accessories-Packaging-Boxes-6-12x12.webp 12w, https:\/\/www.yishengpack.com\/wp-content\/uploads\/2025\/11\/Bulk-Hot-Selling-Magnetic-Closure-Boxes-Wholesale-Customized-Mobile-Phone-Accessories-Packaging-Boxes-6-1200x1200.webp 1200w, https:\/\/www.yishengpack.com\/wp-content\/uploads\/2025\/11\/Bulk-Hot-Selling-Magnetic-Closure-Boxes-Wholesale-Customized-Mobile-Phone-Accessories-Packaging-Boxes-6-600x600.webp 600w, https:\/\/www.yishengpack.com\/wp-content\/uploads\/2025\/11\/Bulk-Hot-Selling-Magnetic-Closure-Boxes-Wholesale-Customized-Mobile-Phone-Accessories-Packaging-Boxes-6-100x100.webp 100w\" sizes=\"(max-width: 2048px) 100vw, 2048px\" \/><\/figure>\n<\/div>\n<\/div>\n\n\n\n<div class=\"wp-block-columns is-layout-flex wp-container-core-columns-is-layout-9d6595d7 wp-block-columns-is-layout-flex\">\n<div class=\"wp-block-column is-layout-flow wp-block-column-is-layout-flow\">\n<figure class=\"wp-block-image size-full\"><img decoding=\"async\" width=\"2048\" height=\"2048\" src=\"https:\/\/www.yishengpack.com\/wp-content\/uploads\/2025\/11\/Bulk-Hot-Selling-Magnetic-Closure-Boxes-Wholesale-Customized-Mobile-Phone-Accessories-Packaging-Boxes-7.webp\" alt=\"grossiste-emballage-\u00e9lectronique-bo\u00eete-pour-accessoires-t\u00e9l\u00e9phoniques-7\" class=\"wp-image-2642\" srcset=\"https:\/\/www.yishengpack.com\/wp-content\/uploads\/2025\/11\/Bulk-Hot-Selling-Magnetic-Closure-Boxes-Wholesale-Customized-Mobile-Phone-Accessories-Packaging-Boxes-7.webp 2048w, https:\/\/www.yishengpack.com\/wp-content\/uploads\/2025\/11\/Bulk-Hot-Selling-Magnetic-Closure-Boxes-Wholesale-Customized-Mobile-Phone-Accessories-Packaging-Boxes-7-300x300.webp 300w, https:\/\/www.yishengpack.com\/wp-content\/uploads\/2025\/11\/Bulk-Hot-Selling-Magnetic-Closure-Boxes-Wholesale-Customized-Mobile-Phone-Accessories-Packaging-Boxes-7-150x150.webp 150w, https:\/\/www.yishengpack.com\/wp-content\/uploads\/2025\/11\/Bulk-Hot-Selling-Magnetic-Closure-Boxes-Wholesale-Customized-Mobile-Phone-Accessories-Packaging-Boxes-7-768x768.webp 768w, https:\/\/www.yishengpack.com\/wp-content\/uploads\/2025\/11\/Bulk-Hot-Selling-Magnetic-Closure-Boxes-Wholesale-Customized-Mobile-Phone-Accessories-Packaging-Boxes-7-12x12.webp 12w, https:\/\/www.yishengpack.com\/wp-content\/uploads\/2025\/11\/Bulk-Hot-Selling-Magnetic-Closure-Boxes-Wholesale-Customized-Mobile-Phone-Accessories-Packaging-Boxes-7-1200x1200.webp 1200w, https:\/\/www.yishengpack.com\/wp-content\/uploads\/2025\/11\/Bulk-Hot-Selling-Magnetic-Closure-Boxes-Wholesale-Customized-Mobile-Phone-Accessories-Packaging-Boxes-7-600x600.webp 600w, https:\/\/www.yishengpack.com\/wp-content\/uploads\/2025\/11\/Bulk-Hot-Selling-Magnetic-Closure-Boxes-Wholesale-Customized-Mobile-Phone-Accessories-Packaging-Boxes-7-100x100.webp 100w\" sizes=\"(max-width: 2048px) 100vw, 2048px\" \/><\/figure>\n\n\n\n<div class=\"wp-block-buttons has-custom-font-size has-small-font-size is-content-justification-center is-layout-flex wp-container-core-buttons-is-layout-16018d1d wp-block-buttons-is-layout-flex\">\n<div class=\"wp-block-button has-custom-width wp-block-button__width-75\"><a class=\"wp-block-button__link has-background has-small-font-size has-custom-font-size wp-element-button\" href=\"https:\/\/www.yishengpack.com\/fr\/custom-printed-box\/\" style=\"background:linear-gradient(135deg,rgb(254,205,165) 0%,rgb(254,45,45) 0%,rgb(94,15,15) 0%,rgb(94,15,15) 100%)\" target=\"_blank\" rel=\"noreferrer noopener\"><strong>D\u00e9couvrez les bo\u00eetes imprim\u00e9es personnalis\u00e9es<\/strong><\/a><\/div>\n<\/div>\n<\/div>\n\n\n\n<div class=\"wp-block-column is-layout-flow wp-block-column-is-layout-flow\">\n<figure class=\"wp-block-image size-full\"><img decoding=\"async\" width=\"2048\" height=\"2048\" src=\"https:\/\/www.yishengpack.com\/wp-content\/uploads\/2025\/11\/Bulk-Hot-Selling-Magnetic-Closure-Boxes-Wholesale-Customized-Mobile-Phone-Accessories-Packaging-Boxes-5.webp\" alt=\"grossiste-emballage-\u00e9lectronique-bo\u00eete-pour-accessoires-t\u00e9l\u00e9phoniques-5\" class=\"wp-image-2640\" srcset=\"https:\/\/www.yishengpack.com\/wp-content\/uploads\/2025\/11\/Bulk-Hot-Selling-Magnetic-Closure-Boxes-Wholesale-Customized-Mobile-Phone-Accessories-Packaging-Boxes-5.webp 2048w, https:\/\/www.yishengpack.com\/wp-content\/uploads\/2025\/11\/Bulk-Hot-Selling-Magnetic-Closure-Boxes-Wholesale-Customized-Mobile-Phone-Accessories-Packaging-Boxes-5-300x300.webp 300w, https:\/\/www.yishengpack.com\/wp-content\/uploads\/2025\/11\/Bulk-Hot-Selling-Magnetic-Closure-Boxes-Wholesale-Customized-Mobile-Phone-Accessories-Packaging-Boxes-5-150x150.webp 150w, https:\/\/www.yishengpack.com\/wp-content\/uploads\/2025\/11\/Bulk-Hot-Selling-Magnetic-Closure-Boxes-Wholesale-Customized-Mobile-Phone-Accessories-Packaging-Boxes-5-768x768.webp 768w, https:\/\/www.yishengpack.com\/wp-content\/uploads\/2025\/11\/Bulk-Hot-Selling-Magnetic-Closure-Boxes-Wholesale-Customized-Mobile-Phone-Accessories-Packaging-Boxes-5-12x12.webp 12w, https:\/\/www.yishengpack.com\/wp-content\/uploads\/2025\/11\/Bulk-Hot-Selling-Magnetic-Closure-Boxes-Wholesale-Customized-Mobile-Phone-Accessories-Packaging-Boxes-5-1200x1200.webp 1200w, https:\/\/www.yishengpack.com\/wp-content\/uploads\/2025\/11\/Bulk-Hot-Selling-Magnetic-Closure-Boxes-Wholesale-Customized-Mobile-Phone-Accessories-Packaging-Boxes-5-600x600.webp 600w, https:\/\/www.yishengpack.com\/wp-content\/uploads\/2025\/11\/Bulk-Hot-Selling-Magnetic-Closure-Boxes-Wholesale-Customized-Mobile-Phone-Accessories-Packaging-Boxes-5-100x100.webp 100w\" sizes=\"(max-width: 2048px) 100vw, 2048px\" \/><\/figure>\n\n\n\n<div class=\"wp-block-buttons has-custom-font-size has-small-font-size is-content-justification-center is-layout-flex wp-container-core-buttons-is-layout-16018d1d wp-block-buttons-is-layout-flex\">\n<div class=\"wp-block-button has-custom-width wp-block-button__width-75\"><a class=\"wp-block-button__link has-background has-small-font-size has-custom-font-size wp-element-button\" href=\"https:\/\/www.yishengpack.com\/fr\/custom-box-inserts-accessories\/\" style=\"background:linear-gradient(135deg,rgb(254,205,165) 0%,rgb(254,45,45) 0%,rgb(94,15,15) 0%,rgb(94,15,15) 100%)\" target=\"_blank\" rel=\"noreferrer noopener\"><strong>D\u00e9couvrez les encarts personnalis\u00e9s<\/strong><\/a><\/div>\n<\/div>\n<\/div>\n<\/div>","protected":false},"excerpt":{"rendered":"<p>Bienvenue sur notre site de vente en gros de bo\u00eetes d'emballage \u00e9lectronique pour accessoires de t\u00e9l\u00e9phonie mobile. Cette bo\u00eete \u00e0 fermeture magn\u00e9tique en vrac, dot\u00e9e d'une structure robuste et d'un int\u00e9rieur en mousse ou en papier, allie protection et \u00e9l\u00e9gance pour le cadeau et le stockage d'accessoires \u00e9lectroniques. Nous proposons des tailles personnalis\u00e9es et une personnalisation compl\u00e8te de la marque, ce qui est id\u00e9al pour les marques d'accessoires 3C, les distributeurs et les acheteurs OEM\/ODM \u00e0 la recherche de solutions d'emballage personnalis\u00e9es de haute qualit\u00e9.<\/p>\n<h2>Points forts de la bo\u00eete d'emballage \u00e9lectronique en gros<\/h2>\n<ul>\n<li>Conception de fermeture magn\u00e9tique<\/li>\n<li>Personnalisation compl\u00e8te<\/li>\n<li>Mat\u00e9riaux de haute qualit\u00e9<\/li>\n<li>Une grande ma\u00eetrise de l'impression<\/li>\n<li>Diff\u00e9rents types de bo\u00eetes<\/li>\n<li>Plusieurs tailles<\/li>\n<li>Couleurs vives<\/li>\n<li>Ins\u00e9rer un produit personnalis\u00e9<\/li>\n<li>Construction robuste<\/li>\n<\/ul>","protected":false},"featured_media":2636,"comment_status":"closed","ping_status":"closed","template":"","meta":{"_acf_changed":false},"box-type":[54],"product_brand":[],"product_cat":[46,69,73],"product_tag":[],"class_list":{"0":"post-2635","1":"product","2":"type-product","3":"status-publish","4":"has-post-thumbnail","6":"box-type-custom-magnetic-closure-boxes","7":"product_cat-wholesale-paper-boxes","8":"product_cat-custom-retail-boxes","9":"product_cat-custom-electronic-packaging","11":"first","12":"instock","13":"shipping-taxable","14":"product-type-simple"},"acf":[],"_links":{"self":[{"href":"https:\/\/www.yishengpack.com\/fr\/wp-json\/wp\/v2\/product\/2635","targetHints":{"allow":["GET"]}}],"collection":[{"href":"https:\/\/www.yishengpack.com\/fr\/wp-json\/wp\/v2\/product"}],"about":[{"href":"https:\/\/www.yishengpack.com\/fr\/wp-json\/wp\/v2\/types\/product"}],"replies":[{"embeddable":true,"href":"https:\/\/www.yishengpack.com\/fr\/wp-json\/wp\/v2\/comments?post=2635"}],"wp:featuredmedia":[{"embeddable":true,"href":"https:\/\/www.yishengpack.com\/fr\/wp-json\/wp\/v2\/media\/2636"}],"wp:attachment":[{"href":"https:\/\/www.yishengpack.com\/fr\/wp-json\/wp\/v2\/media?parent=2635"}],"wp:term":[{"taxonomy":"box-type","embeddable":true,"href":"https:\/\/www.yishengpack.com\/fr\/wp-json\/wp\/v2\/box-type?post=2635"},{"taxonomy":"product_brand","embeddable":true,"href":"https:\/\/www.yishengpack.com\/fr\/wp-json\/wp\/v2\/product_brand?post=2635"},{"taxonomy":"product_cat","embeddable":true,"href":"https:\/\/www.yishengpack.com\/fr\/wp-json\/wp\/v2\/product_cat?post=2635"},{"taxonomy":"product_tag","embeddable":true,"href":"https:\/\/www.yishengpack.com\/fr\/wp-json\/wp\/v2\/product_tag?post=2635"}],"curies":[{"name":"wp","href":"https:\/\/api.w.org\/{rel}","templated":true}]}}