{"id":2609,"date":"2025-12-08T07:30:18","date_gmt":"2025-12-08T07:30:18","guid":{"rendered":"https:\/\/www.yishengpack.com\/?post_type=product&#038;p=2609"},"modified":"2025-12-08T07:30:19","modified_gmt":"2025-12-08T07:30:19","slug":"clothing-packaging-boxes-wholesale","status":"publish","type":"product","link":"https:\/\/www.yishengpack.com\/fr\/produit\/clothing-packaging-boxes-wholesale\/","title":{"rendered":"Bo\u00eetes d'emballage pour v\u00eatements en gros, bo\u00eetes personnalis\u00e9es pour v\u00eatements"},"content":{"rendered":"<div class=\"wp-block-columns is-layout-flex wp-container-core-columns-is-layout-9d6595d7 wp-block-columns-is-layout-flex\">\n<div class=\"wp-block-column is-layout-flow wp-block-column-is-layout-flow\">\n<h3 class=\"wp-block-heading\">Caract\u00e9ristiques des bo\u00eetes d'emballage pour v\u00eatements en gros<\/h3>\n\n\n\n<p><strong>D\u00e9ballage facile du couvercle rabattable :<\/strong> Ces bo\u00eetes d'emballage pour v\u00eatements vendues en gros sont dot\u00e9es d'un couvercle rabattable lisse, permettant d'acc\u00e9der facilement aux articles tels que les chemises, les robes et les \u00e9charpes. Elles sont parfaites pour offrir une exp\u00e9rience de d\u00e9ballage satisfaisante aux amateurs de mode.<\/p>\n\n\n\n<p><strong>Construction robuste pour les v\u00eatements : <\/strong>Ces bo\u00eetes d'emballage pour v\u00eatements vendues en gros sont fabriqu\u00e9es \u00e0 partir de carton de haute qualit\u00e9, avec une structure robuste, r\u00e9sistante \u00e0 la pression et \u00e0 la d\u00e9formation, adapt\u00e9e aux marques de v\u00eatements haut de gamme.<\/p>\n\n\n\n<p><strong>S\u00e9lection de couleurs vives :<\/strong> La bo\u00eete pour v\u00eatements imprim\u00e9e sur mesure est disponible dans une large gamme de couleurs, notamment violet, orange et rouge. Ces couleurs conf\u00e8rent un aspect \u00e9l\u00e9gant \u00e0 l'emballage et peuvent \u00eatre utilis\u00e9es pour renforcer l'image de marque et\/ou comme emballage cadeau pour les v\u00eatements.<\/p>\n\n\n\n<p><strong>Personnalisation exclusive \u00e0 la marque :<\/strong> Ces bo\u00eetes d'emballage pour v\u00eatements en gros prennent en charge des processus tels que l'estampage \u00e0 chaud du logo, l'impression UV, le gaufrage, la s\u00e9rigraphie et l'impression en couleur, cr\u00e9ant ainsi une identit\u00e9 visuelle forte pour la marque et renfor\u00e7ant la valeur de l'emballage du produit.<\/p>\n\n\n\n<p><strong>Plusieurs tailles et structures disponibles :<\/strong> Bo\u00eete imprim\u00e9e sur mesure pour divers types de v\u00eatements, tels que t-shirts, vestes, pulls, pantalons et sous-v\u00eatements, avec prise en charge de tailles et de structures personnalis\u00e9es.<\/p>\n<\/div>\n\n\n\n<div class=\"wp-block-column is-layout-flow wp-block-column-is-layout-flow\">\n<figure class=\"wp-block-image size-full\"><img decoding=\"async\" width=\"2048\" height=\"2048\" src=\"https:\/\/www.yishengpack.com\/wp-content\/uploads\/2025\/11\/Bulk-Clothing-Package-Boxes-Wholesale-High-Quality-Rigid-Paper-Boxes-for-Skirts-Jeans-Packaging-4.webp\" alt=\"v\u00eatements-emballages-bo\u00eetes-vente en gros-bo\u00eetes personnalis\u00e9es pour v\u00eatements-4\" class=\"wp-image-2615\" srcset=\"https:\/\/www.yishengpack.com\/wp-content\/uploads\/2025\/11\/Bulk-Clothing-Package-Boxes-Wholesale-High-Quality-Rigid-Paper-Boxes-for-Skirts-Jeans-Packaging-4.webp 2048w, https:\/\/www.yishengpack.com\/wp-content\/uploads\/2025\/11\/Bulk-Clothing-Package-Boxes-Wholesale-High-Quality-Rigid-Paper-Boxes-for-Skirts-Jeans-Packaging-4-300x300.webp 300w, https:\/\/www.yishengpack.com\/wp-content\/uploads\/2025\/11\/Bulk-Clothing-Package-Boxes-Wholesale-High-Quality-Rigid-Paper-Boxes-for-Skirts-Jeans-Packaging-4-150x150.webp 150w, https:\/\/www.yishengpack.com\/wp-content\/uploads\/2025\/11\/Bulk-Clothing-Package-Boxes-Wholesale-High-Quality-Rigid-Paper-Boxes-for-Skirts-Jeans-Packaging-4-768x768.webp 768w, https:\/\/www.yishengpack.com\/wp-content\/uploads\/2025\/11\/Bulk-Clothing-Package-Boxes-Wholesale-High-Quality-Rigid-Paper-Boxes-for-Skirts-Jeans-Packaging-4-12x12.webp 12w, https:\/\/www.yishengpack.com\/wp-content\/uploads\/2025\/11\/Bulk-Clothing-Package-Boxes-Wholesale-High-Quality-Rigid-Paper-Boxes-for-Skirts-Jeans-Packaging-4-1200x1200.webp 1200w, https:\/\/www.yishengpack.com\/wp-content\/uploads\/2025\/11\/Bulk-Clothing-Package-Boxes-Wholesale-High-Quality-Rigid-Paper-Boxes-for-Skirts-Jeans-Packaging-4-600x600.webp 600w, https:\/\/www.yishengpack.com\/wp-content\/uploads\/2025\/11\/Bulk-Clothing-Package-Boxes-Wholesale-High-Quality-Rigid-Paper-Boxes-for-Skirts-Jeans-Packaging-4-100x100.webp 100w\" sizes=\"(max-width: 2048px) 100vw, 2048px\" \/><\/figure>\n<\/div>\n<\/div>\n\n\n\n<div class=\"wp-block-columns is-layout-flex wp-container-core-columns-is-layout-9d6595d7 wp-block-columns-is-layout-flex\">\n<div class=\"wp-block-column is-layout-flow wp-block-column-is-layout-flow\">\n<figure class=\"wp-block-image size-full\"><img decoding=\"async\" width=\"2048\" height=\"2048\" src=\"https:\/\/www.yishengpack.com\/wp-content\/uploads\/2025\/11\/Bulk-Clothing-Package-Boxes-Wholesale-High-Quality-Rigid-Paper-Boxes-for-Skirts-Jeans-Packaging-6.webp\" alt=\"v\u00eatements-emballages-bo\u00eetes-vente en gros-bo\u00eetes personnalis\u00e9es pour v\u00eatements-6\" class=\"wp-image-2617\" srcset=\"https:\/\/www.yishengpack.com\/wp-content\/uploads\/2025\/11\/Bulk-Clothing-Package-Boxes-Wholesale-High-Quality-Rigid-Paper-Boxes-for-Skirts-Jeans-Packaging-6.webp 2048w, https:\/\/www.yishengpack.com\/wp-content\/uploads\/2025\/11\/Bulk-Clothing-Package-Boxes-Wholesale-High-Quality-Rigid-Paper-Boxes-for-Skirts-Jeans-Packaging-6-300x300.webp 300w, https:\/\/www.yishengpack.com\/wp-content\/uploads\/2025\/11\/Bulk-Clothing-Package-Boxes-Wholesale-High-Quality-Rigid-Paper-Boxes-for-Skirts-Jeans-Packaging-6-150x150.webp 150w, https:\/\/www.yishengpack.com\/wp-content\/uploads\/2025\/11\/Bulk-Clothing-Package-Boxes-Wholesale-High-Quality-Rigid-Paper-Boxes-for-Skirts-Jeans-Packaging-6-768x768.webp 768w, https:\/\/www.yishengpack.com\/wp-content\/uploads\/2025\/11\/Bulk-Clothing-Package-Boxes-Wholesale-High-Quality-Rigid-Paper-Boxes-for-Skirts-Jeans-Packaging-6-12x12.webp 12w, https:\/\/www.yishengpack.com\/wp-content\/uploads\/2025\/11\/Bulk-Clothing-Package-Boxes-Wholesale-High-Quality-Rigid-Paper-Boxes-for-Skirts-Jeans-Packaging-6-1200x1200.webp 1200w, https:\/\/www.yishengpack.com\/wp-content\/uploads\/2025\/11\/Bulk-Clothing-Package-Boxes-Wholesale-High-Quality-Rigid-Paper-Boxes-for-Skirts-Jeans-Packaging-6-600x600.webp 600w, https:\/\/www.yishengpack.com\/wp-content\/uploads\/2025\/11\/Bulk-Clothing-Package-Boxes-Wholesale-High-Quality-Rigid-Paper-Boxes-for-Skirts-Jeans-Packaging-6-100x100.webp 100w\" sizes=\"(max-width: 2048px) 100vw, 2048px\" \/><\/figure>\n\n\n\n<div class=\"wp-block-buttons has-custom-font-size has-small-font-size is-content-justification-center is-layout-flex wp-container-core-buttons-is-layout-16018d1d wp-block-buttons-is-layout-flex\">\n<div class=\"wp-block-button has-custom-width wp-block-button__width-75\"><a class=\"wp-block-button__link has-background has-small-font-size has-custom-font-size wp-element-button\" href=\"https:\/\/www.yishengpack.com\/fr\/custom-printed-box\/\" style=\"background:linear-gradient(135deg,rgb(254,205,165) 0%,rgb(254,45,45) 0%,rgb(94,15,15) 0%,rgb(94,15,15) 100%)\" target=\"_blank\" rel=\"noreferrer noopener\"><strong>D\u00e9couvrez les bo\u00eetes imprim\u00e9es personnalis\u00e9es<\/strong><\/a><\/div>\n<\/div>\n<\/div>\n\n\n\n<div class=\"wp-block-column is-layout-flow wp-block-column-is-layout-flow\">\n<figure class=\"wp-block-image size-full\"><img decoding=\"async\" width=\"2048\" height=\"2048\" src=\"https:\/\/www.yishengpack.com\/wp-content\/uploads\/2025\/11\/Bulk-Clothing-Package-Boxes-Wholesale-High-Quality-Rigid-Paper-Boxes-for-Skirts-Jeans-Packaging-7.webp\" alt=\"v\u00eatements-emballages-bo\u00eetes-vente en gros-bo\u00eetes personnalis\u00e9es pour v\u00eatements-7\" class=\"wp-image-2618\" srcset=\"https:\/\/www.yishengpack.com\/wp-content\/uploads\/2025\/11\/Bulk-Clothing-Package-Boxes-Wholesale-High-Quality-Rigid-Paper-Boxes-for-Skirts-Jeans-Packaging-7.webp 2048w, https:\/\/www.yishengpack.com\/wp-content\/uploads\/2025\/11\/Bulk-Clothing-Package-Boxes-Wholesale-High-Quality-Rigid-Paper-Boxes-for-Skirts-Jeans-Packaging-7-300x300.webp 300w, https:\/\/www.yishengpack.com\/wp-content\/uploads\/2025\/11\/Bulk-Clothing-Package-Boxes-Wholesale-High-Quality-Rigid-Paper-Boxes-for-Skirts-Jeans-Packaging-7-150x150.webp 150w, https:\/\/www.yishengpack.com\/wp-content\/uploads\/2025\/11\/Bulk-Clothing-Package-Boxes-Wholesale-High-Quality-Rigid-Paper-Boxes-for-Skirts-Jeans-Packaging-7-768x768.webp 768w, https:\/\/www.yishengpack.com\/wp-content\/uploads\/2025\/11\/Bulk-Clothing-Package-Boxes-Wholesale-High-Quality-Rigid-Paper-Boxes-for-Skirts-Jeans-Packaging-7-12x12.webp 12w, https:\/\/www.yishengpack.com\/wp-content\/uploads\/2025\/11\/Bulk-Clothing-Package-Boxes-Wholesale-High-Quality-Rigid-Paper-Boxes-for-Skirts-Jeans-Packaging-7-1200x1200.webp 1200w, https:\/\/www.yishengpack.com\/wp-content\/uploads\/2025\/11\/Bulk-Clothing-Package-Boxes-Wholesale-High-Quality-Rigid-Paper-Boxes-for-Skirts-Jeans-Packaging-7-600x600.webp 600w, https:\/\/www.yishengpack.com\/wp-content\/uploads\/2025\/11\/Bulk-Clothing-Package-Boxes-Wholesale-High-Quality-Rigid-Paper-Boxes-for-Skirts-Jeans-Packaging-7-100x100.webp 100w\" sizes=\"(max-width: 2048px) 100vw, 2048px\" \/><\/figure>\n\n\n\n<div class=\"wp-block-buttons has-custom-font-size has-small-font-size is-content-justification-center is-layout-flex wp-container-core-buttons-is-layout-16018d1d wp-block-buttons-is-layout-flex\">\n<div class=\"wp-block-button has-custom-width wp-block-button__width-75\"><a class=\"wp-block-button__link has-background has-small-font-size has-custom-font-size wp-element-button\" href=\"https:\/\/www.yishengpack.com\/fr\/custom-product-boxes-types\/\" style=\"background:linear-gradient(135deg,rgb(254,205,165) 0%,rgb(254,45,45) 0%,rgb(94,15,15) 0%,rgb(94,15,15) 100%)\" target=\"_blank\" rel=\"noreferrer noopener\"><strong>Explorer les types de bo\u00eetes personnalis\u00e9es<\/strong><\/a><\/div>\n<\/div>\n<\/div>\n<\/div>","protected":false},"excerpt":{"rendered":"<p>Bienvenue pour acheter en gros nos bo\u00eetes d'emballage pour v\u00eatements, dot\u00e9es de structures rigides pliables haut de gamme et d'options d'impression enti\u00e8rement personnalisables, permettant \u00e0 votre marque d'offrir une exp\u00e9rience de d\u00e9ballage luxueuse tout en r\u00e9duisant les co\u00fbts d'exp\u00e9dition et de stockage. Parfait pour les marques de v\u00eatements \u00e0 la recherche de solutions d'emballage haut de gamme, durables et enti\u00e8rement personnalisables.<\/p>\n<h2>Points forts des bo\u00eetes d'emballage pour v\u00eatements en gros<\/h2>\n<ul>\n<li>Construction en carton haute r\u00e9sistance<\/li>\n<li>Design pliable<\/li>\n<li>Exp\u00e9rience de d\u00e9ballage haut de gamme<\/li>\n<li>Construction robuste<\/li>\n<li>Personnalisation compl\u00e8te<\/li>\n<li>Un travail soign\u00e9<\/li>\n<li>Diff\u00e9rentes tailles de bo\u00eetes<\/li>\n<li>Options de couleurs multiples<\/li>\n<\/ul>","protected":false},"featured_media":2612,"comment_status":"closed","ping_status":"closed","template":"","meta":{"_acf_changed":false},"box-type":[55],"product_brand":[],"product_cat":[19,66,46,69,67],"product_tag":[],"class_list":{"0":"post-2609","1":"product","2":"type-product","3":"status-publish","4":"has-post-thumbnail","6":"box-type-custom-foldable-boxes","7":"product_cat-luxury-gift-boxes-wholesale","8":"product_cat-custom-apparel-boxes","9":"product_cat-wholesale-paper-boxes","10":"product_cat-custom-retail-boxes","11":"product_cat-custom-shipping-boxes","13":"first","14":"instock","15":"shipping-taxable","16":"product-type-simple"},"acf":[],"_links":{"self":[{"href":"https:\/\/www.yishengpack.com\/fr\/wp-json\/wp\/v2\/product\/2609","targetHints":{"allow":["GET"]}}],"collection":[{"href":"https:\/\/www.yishengpack.com\/fr\/wp-json\/wp\/v2\/product"}],"about":[{"href":"https:\/\/www.yishengpack.com\/fr\/wp-json\/wp\/v2\/types\/product"}],"replies":[{"embeddable":true,"href":"https:\/\/www.yishengpack.com\/fr\/wp-json\/wp\/v2\/comments?post=2609"}],"wp:featuredmedia":[{"embeddable":true,"href":"https:\/\/www.yishengpack.com\/fr\/wp-json\/wp\/v2\/media\/2612"}],"wp:attachment":[{"href":"https:\/\/www.yishengpack.com\/fr\/wp-json\/wp\/v2\/media?parent=2609"}],"wp:term":[{"taxonomy":"box-type","embeddable":true,"href":"https:\/\/www.yishengpack.com\/fr\/wp-json\/wp\/v2\/box-type?post=2609"},{"taxonomy":"product_brand","embeddable":true,"href":"https:\/\/www.yishengpack.com\/fr\/wp-json\/wp\/v2\/product_brand?post=2609"},{"taxonomy":"product_cat","embeddable":true,"href":"https:\/\/www.yishengpack.com\/fr\/wp-json\/wp\/v2\/product_cat?post=2609"},{"taxonomy":"product_tag","embeddable":true,"href":"https:\/\/www.yishengpack.com\/fr\/wp-json\/wp\/v2\/product_tag?post=2609"}],"curies":[{"name":"wp","href":"https:\/\/api.w.org\/{rel}","templated":true}]}}