{"id":2600,"date":"2025-11-25T07:02:28","date_gmt":"2025-11-25T07:02:28","guid":{"rendered":"https:\/\/www.yishengpack.com\/?post_type=product&#038;p=2600"},"modified":"2025-11-25T07:02:28","modified_gmt":"2025-11-25T07:02:28","slug":"apparel-paper-bags-wholesale","status":"publish","type":"product","link":"https:\/\/www.yishengpack.com\/fr\/produit\/apparel-paper-bags-wholesale\/","title":{"rendered":"Vente en gros de sacs en papier pour v\u00eatements, sacs en papier personnalis\u00e9s"},"content":{"rendered":"<div class=\"wp-block-columns is-layout-flex wp-container-core-columns-is-layout-9d6595d7 wp-block-columns-is-layout-flex\">\n<div class=\"wp-block-column is-layout-flow wp-block-column-is-layout-flow\">\n<h3 class=\"wp-block-heading\">Caract\u00e9ristiques des sacs en papier pour v\u00eatements<\/h3>\n\n\n\n<p><strong>Papier de qualit\u00e9 sup\u00e9rieure :<\/strong> Ces sacs en papier pour v\u00eatements sont fabriqu\u00e9s \u00e0 partir de papier kraft, de carton blanc, de papier sp\u00e9cial, de papier robuste et durable. Ils constituent une excellente base rigide pour le transport d'articles de d\u00e9tail tels que des v\u00eatements ou des accessoires. Ces sacs conservent bien leur forme.<\/p>\n\n\n\n<p><strong>Construction renforc\u00e9e :<\/strong> Ces sacs en papier pour v\u00eatements sont dot\u00e9s d'une base en carton renforc\u00e9e et de poign\u00e9es robustes qui am\u00e9liorent la capacit\u00e9 de charge et la durabilit\u00e9. Ils conviennent aux magasins de v\u00eatements, \u00e0 l'exp\u00e9dition de produits de commerce \u00e9lectronique et \u00e0 l'emballage de boutiques.<\/p>\n\n\n\n<p><strong>Poign\u00e9e en corde pour un transport confortable :<\/strong> Ces sacs en papier pour v\u00eatements sont dot\u00e9s d'une poign\u00e9e en corde, ce qui permet de les transporter confortablement et avec \u00e9l\u00e9gance. Ils sont parfaits pour contenir des v\u00eatements tels que des pulls, des jeans et des \u00e9charpes, assurant ainsi un transport facile et une pr\u00e9sentation de qualit\u00e9.<\/p>\n\n\n\n<p><strong>Structure pliable :<\/strong> Ces sacs en papier imprim\u00e9s personnalis\u00e9s sont pliables, ce qui facilite le stockage et le transport de plusieurs types de v\u00eatements. Ils sont con\u00e7us pour \u00eatre facilement pli\u00e9s et rang\u00e9s lorsqu'ils ne sont pas utilis\u00e9s, ce qui constitue une solution de stockage compacte et une solution parfaite pour l'emballage des v\u00eatements.<\/p>\n\n\n\n<p><strong>Impression de logos personnalis\u00e9s : <\/strong>Ces sacs en papier imprim\u00e9s sur mesure permettent la personnalisation en couleur des logos, des couleurs de la marque et des motifs. Diff\u00e9rents proc\u00e9d\u00e9s sont disponibles, notamment le marquage \u00e0 chaud, le vernissage UV, le gaufrage et le pelliculage, ce qui permet d'obtenir un effet visuel haut de gamme.<\/p>\n\n\n\n<p><strong>Vente en gros et support OEM\/ODM :<\/strong> Fourniture directe de sacs en papier pour v\u00eatements, personnalisation de grands volumes et services OEM\/ODM, production stable, \u00e9chantillonnage rapide, adapt\u00e9 \u00e0 la coop\u00e9ration \u00e0 long terme entre les marques et les grossistes.<\/p>\n<\/div>\n\n\n\n<div class=\"wp-block-column is-layout-flow wp-block-column-is-layout-flow\">\n<figure class=\"wp-block-image size-full\"><img decoding=\"async\" width=\"2048\" height=\"2048\" src=\"https:\/\/www.yishengpack.com\/wp-content\/uploads\/2025\/11\/Wholesale-Foldable-Apparel-Bags-Custom-Handled-Paper-Bags-with-Unique-Print-Pattern-2.webp\" alt=\"sac-papier-v\u00eatements-sac en gros-sac-papier-porteur-personnalis\u00e9-2\" class=\"wp-image-2602\" srcset=\"https:\/\/www.yishengpack.com\/wp-content\/uploads\/2025\/11\/Wholesale-Foldable-Apparel-Bags-Custom-Handled-Paper-Bags-with-Unique-Print-Pattern-2.webp 2048w, https:\/\/www.yishengpack.com\/wp-content\/uploads\/2025\/11\/Wholesale-Foldable-Apparel-Bags-Custom-Handled-Paper-Bags-with-Unique-Print-Pattern-2-300x300.webp 300w, https:\/\/www.yishengpack.com\/wp-content\/uploads\/2025\/11\/Wholesale-Foldable-Apparel-Bags-Custom-Handled-Paper-Bags-with-Unique-Print-Pattern-2-150x150.webp 150w, https:\/\/www.yishengpack.com\/wp-content\/uploads\/2025\/11\/Wholesale-Foldable-Apparel-Bags-Custom-Handled-Paper-Bags-with-Unique-Print-Pattern-2-768x768.webp 768w, https:\/\/www.yishengpack.com\/wp-content\/uploads\/2025\/11\/Wholesale-Foldable-Apparel-Bags-Custom-Handled-Paper-Bags-with-Unique-Print-Pattern-2-12x12.webp 12w, https:\/\/www.yishengpack.com\/wp-content\/uploads\/2025\/11\/Wholesale-Foldable-Apparel-Bags-Custom-Handled-Paper-Bags-with-Unique-Print-Pattern-2-1200x1200.webp 1200w, https:\/\/www.yishengpack.com\/wp-content\/uploads\/2025\/11\/Wholesale-Foldable-Apparel-Bags-Custom-Handled-Paper-Bags-with-Unique-Print-Pattern-2-600x600.webp 600w, https:\/\/www.yishengpack.com\/wp-content\/uploads\/2025\/11\/Wholesale-Foldable-Apparel-Bags-Custom-Handled-Paper-Bags-with-Unique-Print-Pattern-2-100x100.webp 100w\" sizes=\"(max-width: 2048px) 100vw, 2048px\" \/><\/figure>\n<\/div>\n<\/div>\n\n\n\n<div class=\"wp-block-columns is-layout-flex wp-container-core-columns-is-layout-9d6595d7 wp-block-columns-is-layout-flex\">\n<div class=\"wp-block-column is-layout-flow wp-block-column-is-layout-flow\">\n<figure class=\"wp-block-image size-full\"><img decoding=\"async\" width=\"2048\" height=\"2048\" src=\"https:\/\/www.yishengpack.com\/wp-content\/uploads\/2025\/11\/Wholesale-Foldable-Apparel-Bags-Custom-Handled-Paper-Bags-with-Unique-Print-Pattern-6.webp\" alt=\"sacs-en-papier-en-gros-sac-papier-personnalis\u00e9-6\" class=\"wp-image-2606\" srcset=\"https:\/\/www.yishengpack.com\/wp-content\/uploads\/2025\/11\/Wholesale-Foldable-Apparel-Bags-Custom-Handled-Paper-Bags-with-Unique-Print-Pattern-6.webp 2048w, https:\/\/www.yishengpack.com\/wp-content\/uploads\/2025\/11\/Wholesale-Foldable-Apparel-Bags-Custom-Handled-Paper-Bags-with-Unique-Print-Pattern-6-300x300.webp 300w, https:\/\/www.yishengpack.com\/wp-content\/uploads\/2025\/11\/Wholesale-Foldable-Apparel-Bags-Custom-Handled-Paper-Bags-with-Unique-Print-Pattern-6-150x150.webp 150w, https:\/\/www.yishengpack.com\/wp-content\/uploads\/2025\/11\/Wholesale-Foldable-Apparel-Bags-Custom-Handled-Paper-Bags-with-Unique-Print-Pattern-6-768x768.webp 768w, https:\/\/www.yishengpack.com\/wp-content\/uploads\/2025\/11\/Wholesale-Foldable-Apparel-Bags-Custom-Handled-Paper-Bags-with-Unique-Print-Pattern-6-12x12.webp 12w, https:\/\/www.yishengpack.com\/wp-content\/uploads\/2025\/11\/Wholesale-Foldable-Apparel-Bags-Custom-Handled-Paper-Bags-with-Unique-Print-Pattern-6-1200x1200.webp 1200w, https:\/\/www.yishengpack.com\/wp-content\/uploads\/2025\/11\/Wholesale-Foldable-Apparel-Bags-Custom-Handled-Paper-Bags-with-Unique-Print-Pattern-6-600x600.webp 600w, https:\/\/www.yishengpack.com\/wp-content\/uploads\/2025\/11\/Wholesale-Foldable-Apparel-Bags-Custom-Handled-Paper-Bags-with-Unique-Print-Pattern-6-100x100.webp 100w\" sizes=\"(max-width: 2048px) 100vw, 2048px\" \/><\/figure>\n\n\n\n<div class=\"wp-block-buttons has-custom-font-size has-small-font-size is-content-justification-center is-layout-flex wp-container-core-buttons-is-layout-16018d1d wp-block-buttons-is-layout-flex\">\n<div class=\"wp-block-button has-custom-width wp-block-button__width-75\"><a class=\"wp-block-button__link has-background has-small-font-size has-custom-font-size wp-element-button\" href=\"https:\/\/www.yishengpack.com\/fr\/custom-printed-box\/\" style=\"background:linear-gradient(135deg,rgb(254,205,165) 0%,rgb(254,45,45) 0%,rgb(94,15,15) 0%,rgb(94,15,15) 100%)\" target=\"_blank\" rel=\"noreferrer noopener\"><strong>D\u00e9couvrez les bo\u00eetes imprim\u00e9es personnalis\u00e9es<\/strong><\/a><\/div>\n<\/div>\n<\/div>\n\n\n\n<div class=\"wp-block-column is-layout-flow wp-block-column-is-layout-flow\">\n<figure class=\"wp-block-image size-full\"><img decoding=\"async\" width=\"2048\" height=\"2048\" src=\"https:\/\/www.yishengpack.com\/wp-content\/uploads\/2025\/11\/Wholesale-Foldable-Apparel-Bags-Custom-Handled-Paper-Bags-with-Unique-Print-Pattern-7.webp\" alt=\"v\u00eatements-sacs en papier-wholesale-custom-7\" class=\"wp-image-2607\" srcset=\"https:\/\/www.yishengpack.com\/wp-content\/uploads\/2025\/11\/Wholesale-Foldable-Apparel-Bags-Custom-Handled-Paper-Bags-with-Unique-Print-Pattern-7.webp 2048w, https:\/\/www.yishengpack.com\/wp-content\/uploads\/2025\/11\/Wholesale-Foldable-Apparel-Bags-Custom-Handled-Paper-Bags-with-Unique-Print-Pattern-7-300x300.webp 300w, https:\/\/www.yishengpack.com\/wp-content\/uploads\/2025\/11\/Wholesale-Foldable-Apparel-Bags-Custom-Handled-Paper-Bags-with-Unique-Print-Pattern-7-150x150.webp 150w, https:\/\/www.yishengpack.com\/wp-content\/uploads\/2025\/11\/Wholesale-Foldable-Apparel-Bags-Custom-Handled-Paper-Bags-with-Unique-Print-Pattern-7-768x768.webp 768w, https:\/\/www.yishengpack.com\/wp-content\/uploads\/2025\/11\/Wholesale-Foldable-Apparel-Bags-Custom-Handled-Paper-Bags-with-Unique-Print-Pattern-7-12x12.webp 12w, https:\/\/www.yishengpack.com\/wp-content\/uploads\/2025\/11\/Wholesale-Foldable-Apparel-Bags-Custom-Handled-Paper-Bags-with-Unique-Print-Pattern-7-1200x1200.webp 1200w, https:\/\/www.yishengpack.com\/wp-content\/uploads\/2025\/11\/Wholesale-Foldable-Apparel-Bags-Custom-Handled-Paper-Bags-with-Unique-Print-Pattern-7-600x600.webp 600w, https:\/\/www.yishengpack.com\/wp-content\/uploads\/2025\/11\/Wholesale-Foldable-Apparel-Bags-Custom-Handled-Paper-Bags-with-Unique-Print-Pattern-7-100x100.webp 100w\" sizes=\"(max-width: 2048px) 100vw, 2048px\" \/><\/figure>\n\n\n\n<div class=\"wp-block-buttons has-custom-font-size has-small-font-size is-content-justification-center is-layout-flex wp-container-core-buttons-is-layout-16018d1d wp-block-buttons-is-layout-flex\">\n<div class=\"wp-block-button has-custom-width wp-block-button__width-75\"><a class=\"wp-block-button__link has-background has-small-font-size has-custom-font-size wp-element-button\" href=\"https:\/\/www.yishengpack.com\/fr\/custom-product-boxes-types\/\" style=\"background:linear-gradient(135deg,rgb(254,205,165) 0%,rgb(254,45,45) 0%,rgb(94,15,15) 0%,rgb(94,15,15) 100%)\" target=\"_blank\" rel=\"noreferrer noopener\"><strong>Explorer Custom B<\/strong>ag<strong> Les types<\/strong><\/a><\/div>\n<\/div>\n<\/div>\n<\/div>","protected":false},"excerpt":{"rendered":"<p>Nos sacs en papier pour v\u00eatements sont con\u00e7us pour les marques de mode et les magasins de d\u00e9tail, offrant des mat\u00e9riaux durables et respectueux de l'environnement et une personnalisation compl\u00e8te du logo. Avec des options d'impression de qualit\u00e9, une construction solide et de multiples choix de styles, ces sacs en papier personnalis\u00e9s rehaussent la pr\u00e9sentation de la marque tout en offrant des performances fiables pour l'emballage des v\u00eatements et des boutiques.<\/p>\n<h2>Points forts des sacs en papier pour v\u00eatements vendus en gros<\/h2>\n<ul>\n<li>Un travail artisanal m\u00e9ticuleux<\/li>\n<li>Possibilit\u00e9 de personnalisation compl\u00e8te<\/li>\n<li>Mat\u00e9riaux de haute qualit\u00e9<\/li>\n<li>Plusieurs tailles de sacs<\/li>\n<li>Durable et robuste<\/li>\n<li>Design imprim\u00e9 unique<\/li>\n<li>Diverses poign\u00e9es<\/li>\n<li>Support OEM\/ODM<\/li>\n<\/ul>","protected":false},"featured_media":2601,"comment_status":"closed","ping_status":"closed","template":"","meta":{"_acf_changed":false},"box-type":[52],"product_brand":[],"product_cat":[34,70],"product_tag":[],"class_list":{"0":"post-2600","1":"product","2":"type-product","3":"status-publish","4":"has-post-thumbnail","6":"box-type-custom-rope-handle-paper-bags","7":"product_cat-paper-bags-wholesale","8":"product_cat-custom-clothing-bags","10":"first","11":"instock","12":"shipping-taxable","13":"product-type-simple"},"acf":[],"_links":{"self":[{"href":"https:\/\/www.yishengpack.com\/fr\/wp-json\/wp\/v2\/product\/2600","targetHints":{"allow":["GET"]}}],"collection":[{"href":"https:\/\/www.yishengpack.com\/fr\/wp-json\/wp\/v2\/product"}],"about":[{"href":"https:\/\/www.yishengpack.com\/fr\/wp-json\/wp\/v2\/types\/product"}],"replies":[{"embeddable":true,"href":"https:\/\/www.yishengpack.com\/fr\/wp-json\/wp\/v2\/comments?post=2600"}],"wp:featuredmedia":[{"embeddable":true,"href":"https:\/\/www.yishengpack.com\/fr\/wp-json\/wp\/v2\/media\/2601"}],"wp:attachment":[{"href":"https:\/\/www.yishengpack.com\/fr\/wp-json\/wp\/v2\/media?parent=2600"}],"wp:term":[{"taxonomy":"box-type","embeddable":true,"href":"https:\/\/www.yishengpack.com\/fr\/wp-json\/wp\/v2\/box-type?post=2600"},{"taxonomy":"product_brand","embeddable":true,"href":"https:\/\/www.yishengpack.com\/fr\/wp-json\/wp\/v2\/product_brand?post=2600"},{"taxonomy":"product_cat","embeddable":true,"href":"https:\/\/www.yishengpack.com\/fr\/wp-json\/wp\/v2\/product_cat?post=2600"},{"taxonomy":"product_tag","embeddable":true,"href":"https:\/\/www.yishengpack.com\/fr\/wp-json\/wp\/v2\/product_tag?post=2600"}],"curies":[{"name":"wp","href":"https:\/\/api.w.org\/{rel}","templated":true}]}}