{"id":260,"date":"2025-01-04T03:42:14","date_gmt":"2025-01-04T03:42:14","guid":{"rendered":"https:\/\/www.yishengpack.com\/?post_type=product&#038;p=260"},"modified":"2025-12-13T03:53:56","modified_gmt":"2025-12-13T03:53:56","slug":"clear-cupcake-container-bulk","status":"publish","type":"product","link":"https:\/\/www.yishengpack.com\/fr\/produit\/clear-cupcake-container-bulk\/","title":{"rendered":"12 trous grands contenants \u00e0 cupcakes transparents en vrac avec inserts blancs"},"content":{"rendered":"<div class=\"wp-block-columns is-layout-flex wp-container-core-columns-is-layout-9d6595d7 wp-block-columns-is-layout-flex\">\n<div class=\"wp-block-column is-layout-flow wp-block-column-is-layout-flow\">\n<h3 class=\"wp-block-heading\">Caract\u00e9ristiques de la bo\u00eete \u00e0 cupcakes transparente<\/h3>\n\n\n\n<p><strong>12 trous Conception :<\/strong> Ce conteneur pour cupcakes vendu en gros peut contenir jusqu'\u00e0 12 cupcakes ou autres petites friandises, id\u00e9al pour les emballages en vrac ou les cadeaux promotionnels.<\/p>\n\n\n\n<p><strong>Grand et spacieux :<\/strong> Ce conteneur pour cupcakes vendu en gros est con\u00e7u pour contenir des cupcakes plus hauts avec des garnitures d\u00e9coratives ou plusieurs couches sans les aplatir.<\/p>\n\n\n\n<p><strong>Plastique transparent :<\/strong> Permet de voir clairement vos petits g\u00e2teaux pour une pr\u00e9sentation \u00e9l\u00e9gante et professionnelle.<\/p>\n\n\n\n<p><strong>Inserts blancs :<\/strong> Les inserts blancs amovibles maintiennent les cupcakes bien en place, les gardant stables et intacts.<\/p>\n\n\n\n<p><strong>Durable et protecteur :<\/strong> La construction en plastique robuste prot\u00e8ge les petits g\u00e2teaux des dommages ext\u00e9rieurs, garantissant qu'ils arrivent intacts.<\/p>\n\n\n\n<p><strong>Id\u00e9al pour les emballages en vrac : <\/strong>Fourni en vrac, il s'agit d'une option abordable pour les boulangeries, les traiteurs ou les \u00e9v\u00e9nements.<\/p>\n<\/div>\n\n\n\n<div class=\"wp-block-column is-layout-flow wp-block-column-is-layout-flow\">\n<figure class=\"wp-block-image size-full\"><img decoding=\"async\" width=\"800\" height=\"800\" src=\"https:\/\/www.yishengpack.com\/wp-content\/uploads\/2025\/01\/12-Hole-Tall-Clear-Cupcake-Container-Bulk-with-White-Inserts.webp\" alt=\"12 trous grands contenants \u00e0 cupcakes transparents en vrac avec inserts blancs\" class=\"wp-image-262\" srcset=\"https:\/\/www.yishengpack.com\/wp-content\/uploads\/2025\/01\/12-Hole-Tall-Clear-Cupcake-Container-Bulk-with-White-Inserts.webp 800w, https:\/\/www.yishengpack.com\/wp-content\/uploads\/2025\/01\/12-Hole-Tall-Clear-Cupcake-Container-Bulk-with-White-Inserts-300x300.webp 300w, https:\/\/www.yishengpack.com\/wp-content\/uploads\/2025\/01\/12-Hole-Tall-Clear-Cupcake-Container-Bulk-with-White-Inserts-150x150.webp 150w, https:\/\/www.yishengpack.com\/wp-content\/uploads\/2025\/01\/12-Hole-Tall-Clear-Cupcake-Container-Bulk-with-White-Inserts-768x768.webp 768w, https:\/\/www.yishengpack.com\/wp-content\/uploads\/2025\/01\/12-Hole-Tall-Clear-Cupcake-Container-Bulk-with-White-Inserts-600x600.webp 600w, https:\/\/www.yishengpack.com\/wp-content\/uploads\/2025\/01\/12-Hole-Tall-Clear-Cupcake-Container-Bulk-with-White-Inserts-100x100.webp 100w\" sizes=\"(max-width: 800px) 100vw, 800px\" \/><\/figure>\n<\/div>\n<\/div>\n\n\n\n<div class=\"wp-block-columns is-layout-flex wp-container-core-columns-is-layout-9d6595d7 wp-block-columns-is-layout-flex\">\n<div class=\"wp-block-column is-layout-flow wp-block-column-is-layout-flow\">\n<figure class=\"wp-block-image size-full\"><img decoding=\"async\" width=\"800\" height=\"800\" src=\"https:\/\/www.yishengpack.com\/wp-content\/uploads\/2025\/01\/wholesale-clear-cupcake-boxes-fits-2-4-cupcake-or-muffin-dessert-boxes-6.webp\" alt=\"bo\u00eetes \u00e0 cupcakes transparentes pour grossistes - 2-4 bo\u00eetes \u00e0 cupcakes ou \u00e0 muffins (6)\" class=\"wp-image-233\" srcset=\"https:\/\/www.yishengpack.com\/wp-content\/uploads\/2025\/01\/wholesale-clear-cupcake-boxes-fits-2-4-cupcake-or-muffin-dessert-boxes-6.webp 800w, https:\/\/www.yishengpack.com\/wp-content\/uploads\/2025\/01\/wholesale-clear-cupcake-boxes-fits-2-4-cupcake-or-muffin-dessert-boxes-6-300x300.webp 300w, https:\/\/www.yishengpack.com\/wp-content\/uploads\/2025\/01\/wholesale-clear-cupcake-boxes-fits-2-4-cupcake-or-muffin-dessert-boxes-6-150x150.webp 150w, https:\/\/www.yishengpack.com\/wp-content\/uploads\/2025\/01\/wholesale-clear-cupcake-boxes-fits-2-4-cupcake-or-muffin-dessert-boxes-6-768x768.webp 768w, https:\/\/www.yishengpack.com\/wp-content\/uploads\/2025\/01\/wholesale-clear-cupcake-boxes-fits-2-4-cupcake-or-muffin-dessert-boxes-6-600x600.webp 600w, https:\/\/www.yishengpack.com\/wp-content\/uploads\/2025\/01\/wholesale-clear-cupcake-boxes-fits-2-4-cupcake-or-muffin-dessert-boxes-6-100x100.webp 100w\" sizes=\"(max-width: 800px) 100vw, 800px\" \/><\/figure>\n\n\n\n<div class=\"wp-block-buttons has-custom-font-size has-small-font-size is-content-justification-center is-layout-flex wp-container-core-buttons-is-layout-16018d1d wp-block-buttons-is-layout-flex\">\n<div class=\"wp-block-button has-custom-width wp-block-button__width-75\"><a class=\"wp-block-button__link has-background has-small-font-size has-custom-font-size wp-element-button\" href=\"https:\/\/www.yishengpack.com\/fr\/custom-product-boxes-types\/\" style=\"background:linear-gradient(135deg,rgb(254,205,165) 0%,rgb(254,45,45) 0%,rgb(94,15,15) 0%,rgb(94,15,15) 100%)\" target=\"_blank\" rel=\"noreferrer noopener\"><strong>Explorer les types de bo\u00eetes personnalis\u00e9es<\/strong><\/a><\/div>\n<\/div>\n<\/div>\n\n\n\n<div class=\"wp-block-column is-layout-flow wp-block-column-is-layout-flow\">\n<figure class=\"wp-block-image size-full\"><img decoding=\"async\" width=\"800\" height=\"800\" src=\"https:\/\/www.yishengpack.com\/wp-content\/uploads\/2025\/01\/wholesale-clear-cupcake-boxes-fits-2-4-cupcake-or-muffin-dessert-boxes-5.webp\" alt=\"bo\u00eetes \u00e0 cupcakes transparentes pour grossistes - 2-4 bo\u00eetes \u00e0 cupcakes ou \u00e0 muffins (5)\" class=\"wp-image-232\" srcset=\"https:\/\/www.yishengpack.com\/wp-content\/uploads\/2025\/01\/wholesale-clear-cupcake-boxes-fits-2-4-cupcake-or-muffin-dessert-boxes-5.webp 800w, https:\/\/www.yishengpack.com\/wp-content\/uploads\/2025\/01\/wholesale-clear-cupcake-boxes-fits-2-4-cupcake-or-muffin-dessert-boxes-5-300x300.webp 300w, https:\/\/www.yishengpack.com\/wp-content\/uploads\/2025\/01\/wholesale-clear-cupcake-boxes-fits-2-4-cupcake-or-muffin-dessert-boxes-5-150x150.webp 150w, https:\/\/www.yishengpack.com\/wp-content\/uploads\/2025\/01\/wholesale-clear-cupcake-boxes-fits-2-4-cupcake-or-muffin-dessert-boxes-5-768x768.webp 768w, https:\/\/www.yishengpack.com\/wp-content\/uploads\/2025\/01\/wholesale-clear-cupcake-boxes-fits-2-4-cupcake-or-muffin-dessert-boxes-5-600x600.webp 600w, https:\/\/www.yishengpack.com\/wp-content\/uploads\/2025\/01\/wholesale-clear-cupcake-boxes-fits-2-4-cupcake-or-muffin-dessert-boxes-5-100x100.webp 100w\" sizes=\"(max-width: 800px) 100vw, 800px\" \/><\/figure>\n\n\n\n<div class=\"wp-block-buttons has-custom-font-size has-small-font-size is-content-justification-center is-layout-flex wp-container-core-buttons-is-layout-16018d1d wp-block-buttons-is-layout-flex\">\n<div class=\"wp-block-button has-custom-width wp-block-button__width-75\"><a class=\"wp-block-button__link has-background has-small-font-size has-custom-font-size wp-element-button\" href=\"https:\/\/www.yishengpack.com\/fr\/custom-box-inserts-accessories\/\" style=\"background:linear-gradient(135deg,rgb(254,205,165) 0%,rgb(254,45,45) 0%,rgb(94,15,15) 0%,rgb(94,15,15) 100%)\" target=\"_blank\" rel=\"noreferrer noopener\"><strong>D\u00e9couvrez les encarts personnalis\u00e9s<\/strong><\/a><\/div>\n<\/div>\n<\/div>\n<\/div>","protected":false},"excerpt":{"rendered":"<p>Cette bo\u00eete \u00e0 cupcakes transparente \u00e0 12 trous est la solution parfaite pour l'emballage et l'exposition des cupcakes, tant pour leur protection que pour leur pr\u00e9sentation. Il est fabriqu\u00e9 en plastique PET transparent durable et de haute qualit\u00e9, avec des inserts blancs con\u00e7us pour maintenir chaque cupcake en place. Que vous soyez une boulangerie, un traiteur ou que vous organisiez un \u00e9v\u00e9nement sp\u00e9cial, ce contenant est id\u00e9al pour l'emballage en vrac et une manipulation efficace.<\/p>\n<h2>R\u00e9cipient transparent pour petits g\u00e2teaux Sp\u00e9cifications :<\/h2>\n<table width=\"528\">\n<tbody>\n<tr>\n<td width=\"215\">Fabricant :<\/td>\n<td colspan=\"2\" width=\"313\">Yisheng<\/td>\n<\/tr>\n<tr>\n<td>Mod\u00e8le :<\/td>\n<td colspan=\"2\">Cupcake-12+<\/td>\n<\/tr>\n<tr>\n<td>Mat\u00e9riau :\u00a0<\/td>\n<td colspan=\"2\">PET+Carton blanc<\/td>\n<\/tr>\n<tr>\n<td>Couleur :\u00a0<\/td>\n<td colspan=\"2\">Clair<\/td>\n<\/tr>\n<tr>\n<td>Taille :\u00a0<\/td>\n<td colspan=\"2\" width=\"313\">35cm*26cm*14cm<\/td>\n<\/tr>\n<tr>\n<td>Poids :\u00a0<\/td>\n<td colspan=\"2\" width=\"313\">183g\/pc<\/td>\n<\/tr>\n<tr>\n<td>Forme :\u00a0<\/td>\n<td colspan=\"2\" width=\"313\">Rectangle\u00a0<\/td>\n<\/tr>\n<tr>\n<td>Emballage :\u00a0<\/td>\n<td colspan=\"2\">Boxe directe<\/td>\n<\/tr>\n<tr>\n<td>MOQ :\u00a0<\/td>\n<td colspan=\"2\">200pcs<\/td>\n<\/tr>\n<tr>\n<td>OEM&amp;ODM :\u00a0<\/td>\n<td colspan=\"2\">Sur mesure, Bienvenue OEM&amp;ODM<\/td>\n<\/tr>\n<tr>\n<td>Exemple\uff1a<\/td>\n<td colspan=\"2\">10 pcs \u00e9chantillons gratuits peuvent \u00eatre demand\u00e9s<\/td>\n<\/tr>\n<\/tbody>\n<\/table>\n<p><script src=\"chrome-extension:\/\/fpelahbljekknahkcaegamhcndkfpfnc\/iFrame.js\" type=\"text\/javascript\"><\/script><\/p>","protected":false},"featured_media":245,"comment_status":"closed","ping_status":"closed","template":"","meta":{"_acf_changed":false},"box-type":[64,61],"product_brand":[],"product_cat":[32,46,30],"product_tag":[],"class_list":{"0":"post-260","1":"product","2":"type-product","3":"status-publish","4":"has-post-thumbnail","6":"box-type-custom-clear-lid-paper-boxes","7":"box-type-custom-two-piece-boxes","8":"product_cat-bakery-packaging-wholesale","9":"product_cat-wholesale-paper-boxes","10":"product_cat-cake-containers-wholesale","12":"first","13":"instock","14":"shipping-taxable","15":"product-type-simple"},"acf":[],"_links":{"self":[{"href":"https:\/\/www.yishengpack.com\/fr\/wp-json\/wp\/v2\/product\/260","targetHints":{"allow":["GET"]}}],"collection":[{"href":"https:\/\/www.yishengpack.com\/fr\/wp-json\/wp\/v2\/product"}],"about":[{"href":"https:\/\/www.yishengpack.com\/fr\/wp-json\/wp\/v2\/types\/product"}],"replies":[{"embeddable":true,"href":"https:\/\/www.yishengpack.com\/fr\/wp-json\/wp\/v2\/comments?post=260"}],"wp:featuredmedia":[{"embeddable":true,"href":"https:\/\/www.yishengpack.com\/fr\/wp-json\/wp\/v2\/media\/245"}],"wp:attachment":[{"href":"https:\/\/www.yishengpack.com\/fr\/wp-json\/wp\/v2\/media?parent=260"}],"wp:term":[{"taxonomy":"box-type","embeddable":true,"href":"https:\/\/www.yishengpack.com\/fr\/wp-json\/wp\/v2\/box-type?post=260"},{"taxonomy":"product_brand","embeddable":true,"href":"https:\/\/www.yishengpack.com\/fr\/wp-json\/wp\/v2\/product_brand?post=260"},{"taxonomy":"product_cat","embeddable":true,"href":"https:\/\/www.yishengpack.com\/fr\/wp-json\/wp\/v2\/product_cat?post=260"},{"taxonomy":"product_tag","embeddable":true,"href":"https:\/\/www.yishengpack.com\/fr\/wp-json\/wp\/v2\/product_tag?post=260"}],"curies":[{"name":"wp","href":"https:\/\/api.w.org\/{rel}","templated":true}]}}