{"id":2576,"date":"2025-11-14T10:12:48","date_gmt":"2025-11-14T10:12:48","guid":{"rendered":"https:\/\/www.yishengpack.com\/?post_type=product&#038;p=2576"},"modified":"2025-11-14T10:12:49","modified_gmt":"2025-11-14T10:12:49","slug":"wholesale-pizza-boxes","status":"publish","type":"product","link":"https:\/\/www.yishengpack.com\/fr\/produit\/wholesale-pizza-boxes\/","title":{"rendered":"Bo\u00eetes \u00e0 pizza jetables en gros, bo\u00eetes pliantes \u00e0 emporter personnalis\u00e9es"},"content":{"rendered":"<div class=\"wp-block-columns is-layout-flex wp-container-core-columns-is-layout-9d6595d7 wp-block-columns-is-layout-flex\">\n<div class=\"wp-block-column is-layout-flow wp-block-column-is-layout-flow\">\n<h3 class=\"wp-block-heading\">Caract\u00e9ristiques des bo\u00eetes \u00e0 pizza en gros<\/h3>\n\n\n\n<p><strong>Acc\u00e8s facile par le couvercle rabattable :<\/strong> Ces bo\u00eetes \u00e0 pizza en gros sont dot\u00e9es d'un couvercle rabattable facile \u00e0 manipuler, permettant un acc\u00e8s rapide aux diff\u00e9rentes pizzas aromatis\u00e9es et offrant une exp\u00e9rience de d\u00e9ballage pratique pour les amateurs de pizzas.<\/p>\n\n\n\n<p><strong>Construction r\u00e9sistante aux graisses :<\/strong> Ces bo\u00eetes \u00e0 pizza en gros sont fabriqu\u00e9es \u00e0 partir de papier ondul\u00e9 ou de papier kraft tr\u00e8s r\u00e9sistant. Elles sont r\u00e9sistantes \u00e0 la graisse, s\u00fbres et inodores, et id\u00e9ales pour contenir des pizzas de diff\u00e9rentes tailles.<\/p>\n\n\n\n<p><strong>Styles d'impression \u00e0 th\u00e8me : <\/strong>Ces types d'impression \u00e0 th\u00e8me des bo\u00eetes \u00e0 emporter personnalis\u00e9es pr\u00e9sentent des motifs de fromage, des ciels \u00e9toil\u00e9s et des imprim\u00e9s nautiques, qui ajoutent un int\u00e9r\u00eat visuel, servant \u00e0 la fois d'opportunit\u00e9 de marque et d'occasion de mettre en valeur les saveurs de la pizza et de s'int\u00e9grer \u00e0 votre th\u00e8me promotionnel.<\/p>\n\n\n\n<p><strong>Structure pliable : <\/strong>Cette bo\u00eete \u00e0 emporter personnalis\u00e9e est fabriqu\u00e9e en carton apparemment \u00e9pais, ce qui signifie qu'elle r\u00e9sistera \u00e0 la pression et qu'elle risque moins de se d\u00e9former lors de son transport. De plus, le pliage \u00e0 plat facilite la pr\u00e9paration de l'emballage des plats \u00e0 emporter dans les restaurants et r\u00e9duit le co\u00fbt de l'espace de stockage et de transport.<\/p>\n\n\n\n<p><strong>Enti\u00e8rement personnalisable pour les pizzerias :<\/strong> Les bo\u00eetes \u00e0 pizza en gros permettent une personnalisation compl\u00e8te, depuis la taille, les couleurs et les motifs jusqu'\u00e0 l'impression du logo. L'impression haute d\u00e9finition et les diff\u00e9rentes finitions de surface am\u00e9liorent l'image de marque, rendant les plats \u00e0 emporter plus reconnaissables et plus professionnels afin de r\u00e9pondre aux besoins uniques des pizzerias en mati\u00e8re d'image de marque.<\/p>\n<\/div>\n\n\n\n<div class=\"wp-block-column is-layout-flow wp-block-column-is-layout-flow\">\n<figure class=\"wp-block-image size-full\"><img decoding=\"async\" width=\"2048\" height=\"2048\" src=\"https:\/\/www.yishengpack.com\/wp-content\/uploads\/2025\/11\/Customized-Disposable-Pizza-boxes-Wholesale-Folding-Take-Out-Boxes-with-Print-Pattern-2.webp\" alt=\"jetable-wholesale-pizza-boxes-folding-takeout-box-custom-2\" class=\"wp-image-2578\" srcset=\"https:\/\/www.yishengpack.com\/wp-content\/uploads\/2025\/11\/Customized-Disposable-Pizza-boxes-Wholesale-Folding-Take-Out-Boxes-with-Print-Pattern-2.webp 2048w, https:\/\/www.yishengpack.com\/wp-content\/uploads\/2025\/11\/Customized-Disposable-Pizza-boxes-Wholesale-Folding-Take-Out-Boxes-with-Print-Pattern-2-300x300.webp 300w, https:\/\/www.yishengpack.com\/wp-content\/uploads\/2025\/11\/Customized-Disposable-Pizza-boxes-Wholesale-Folding-Take-Out-Boxes-with-Print-Pattern-2-150x150.webp 150w, https:\/\/www.yishengpack.com\/wp-content\/uploads\/2025\/11\/Customized-Disposable-Pizza-boxes-Wholesale-Folding-Take-Out-Boxes-with-Print-Pattern-2-768x768.webp 768w, https:\/\/www.yishengpack.com\/wp-content\/uploads\/2025\/11\/Customized-Disposable-Pizza-boxes-Wholesale-Folding-Take-Out-Boxes-with-Print-Pattern-2-12x12.webp 12w, https:\/\/www.yishengpack.com\/wp-content\/uploads\/2025\/11\/Customized-Disposable-Pizza-boxes-Wholesale-Folding-Take-Out-Boxes-with-Print-Pattern-2-1200x1200.webp 1200w, https:\/\/www.yishengpack.com\/wp-content\/uploads\/2025\/11\/Customized-Disposable-Pizza-boxes-Wholesale-Folding-Take-Out-Boxes-with-Print-Pattern-2-600x600.webp 600w, https:\/\/www.yishengpack.com\/wp-content\/uploads\/2025\/11\/Customized-Disposable-Pizza-boxes-Wholesale-Folding-Take-Out-Boxes-with-Print-Pattern-2-100x100.webp 100w\" sizes=\"(max-width: 2048px) 100vw, 2048px\" \/><\/figure>\n<\/div>\n<\/div>\n\n\n\n<div class=\"wp-block-columns is-layout-flex wp-container-core-columns-is-layout-9d6595d7 wp-block-columns-is-layout-flex\">\n<div class=\"wp-block-column is-layout-flow wp-block-column-is-layout-flow\">\n<figure class=\"wp-block-image size-full\"><img decoding=\"async\" width=\"2048\" height=\"2048\" src=\"https:\/\/www.yishengpack.com\/wp-content\/uploads\/2025\/11\/Customized-Disposable-Pizza-boxes-Wholesale-Folding-Take-Out-Boxes-with-Print-Pattern-3.webp\" alt=\"jetable-wholesale-pizza-boxes-folding-takeout-box-custom-3\" class=\"wp-image-2579\" srcset=\"https:\/\/www.yishengpack.com\/wp-content\/uploads\/2025\/11\/Customized-Disposable-Pizza-boxes-Wholesale-Folding-Take-Out-Boxes-with-Print-Pattern-3.webp 2048w, https:\/\/www.yishengpack.com\/wp-content\/uploads\/2025\/11\/Customized-Disposable-Pizza-boxes-Wholesale-Folding-Take-Out-Boxes-with-Print-Pattern-3-300x300.webp 300w, https:\/\/www.yishengpack.com\/wp-content\/uploads\/2025\/11\/Customized-Disposable-Pizza-boxes-Wholesale-Folding-Take-Out-Boxes-with-Print-Pattern-3-150x150.webp 150w, https:\/\/www.yishengpack.com\/wp-content\/uploads\/2025\/11\/Customized-Disposable-Pizza-boxes-Wholesale-Folding-Take-Out-Boxes-with-Print-Pattern-3-768x768.webp 768w, https:\/\/www.yishengpack.com\/wp-content\/uploads\/2025\/11\/Customized-Disposable-Pizza-boxes-Wholesale-Folding-Take-Out-Boxes-with-Print-Pattern-3-12x12.webp 12w, https:\/\/www.yishengpack.com\/wp-content\/uploads\/2025\/11\/Customized-Disposable-Pizza-boxes-Wholesale-Folding-Take-Out-Boxes-with-Print-Pattern-3-1200x1200.webp 1200w, https:\/\/www.yishengpack.com\/wp-content\/uploads\/2025\/11\/Customized-Disposable-Pizza-boxes-Wholesale-Folding-Take-Out-Boxes-with-Print-Pattern-3-600x600.webp 600w, https:\/\/www.yishengpack.com\/wp-content\/uploads\/2025\/11\/Customized-Disposable-Pizza-boxes-Wholesale-Folding-Take-Out-Boxes-with-Print-Pattern-3-100x100.webp 100w\" sizes=\"(max-width: 2048px) 100vw, 2048px\" \/><\/figure>\n\n\n\n<div class=\"wp-block-buttons has-custom-font-size has-small-font-size is-content-justification-center is-layout-flex wp-container-core-buttons-is-layout-16018d1d wp-block-buttons-is-layout-flex\">\n<div class=\"wp-block-button has-custom-width wp-block-button__width-75\"><a class=\"wp-block-button__link has-background has-small-font-size has-custom-font-size wp-element-button\" href=\"https:\/\/www.yishengpack.com\/fr\/custom-printed-box\/\" style=\"background:linear-gradient(135deg,rgb(254,205,165) 0%,rgb(254,45,45) 0%,rgb(94,15,15) 0%,rgb(94,15,15) 100%)\" target=\"_blank\" rel=\"noreferrer noopener\"><strong>D\u00e9couvrez les bo\u00eetes imprim\u00e9es personnalis\u00e9es<\/strong><\/a><\/div>\n<\/div>\n<\/div>\n\n\n\n<div class=\"wp-block-column is-layout-flow wp-block-column-is-layout-flow\">\n<figure class=\"wp-block-image size-full\"><img decoding=\"async\" width=\"2048\" height=\"2048\" src=\"https:\/\/www.yishengpack.com\/wp-content\/uploads\/2025\/11\/Customized-Disposable-Pizza-boxes-Wholesale-Folding-Take-Out-Boxes-with-Print-Pattern-6.webp\" alt=\"bo\u00eete \u00e0 pizza jetable en gros - bo\u00eete \u00e0 pizza pliante - bo\u00eete \u00e0 emporter - bo\u00eete \u00e0 pizza jetable - sur mesure - 6\" class=\"wp-image-2582\" srcset=\"https:\/\/www.yishengpack.com\/wp-content\/uploads\/2025\/11\/Customized-Disposable-Pizza-boxes-Wholesale-Folding-Take-Out-Boxes-with-Print-Pattern-6.webp 2048w, https:\/\/www.yishengpack.com\/wp-content\/uploads\/2025\/11\/Customized-Disposable-Pizza-boxes-Wholesale-Folding-Take-Out-Boxes-with-Print-Pattern-6-300x300.webp 300w, https:\/\/www.yishengpack.com\/wp-content\/uploads\/2025\/11\/Customized-Disposable-Pizza-boxes-Wholesale-Folding-Take-Out-Boxes-with-Print-Pattern-6-150x150.webp 150w, https:\/\/www.yishengpack.com\/wp-content\/uploads\/2025\/11\/Customized-Disposable-Pizza-boxes-Wholesale-Folding-Take-Out-Boxes-with-Print-Pattern-6-768x768.webp 768w, https:\/\/www.yishengpack.com\/wp-content\/uploads\/2025\/11\/Customized-Disposable-Pizza-boxes-Wholesale-Folding-Take-Out-Boxes-with-Print-Pattern-6-12x12.webp 12w, https:\/\/www.yishengpack.com\/wp-content\/uploads\/2025\/11\/Customized-Disposable-Pizza-boxes-Wholesale-Folding-Take-Out-Boxes-with-Print-Pattern-6-1200x1200.webp 1200w, https:\/\/www.yishengpack.com\/wp-content\/uploads\/2025\/11\/Customized-Disposable-Pizza-boxes-Wholesale-Folding-Take-Out-Boxes-with-Print-Pattern-6-600x600.webp 600w, https:\/\/www.yishengpack.com\/wp-content\/uploads\/2025\/11\/Customized-Disposable-Pizza-boxes-Wholesale-Folding-Take-Out-Boxes-with-Print-Pattern-6-100x100.webp 100w\" sizes=\"(max-width: 2048px) 100vw, 2048px\" \/><\/figure>\n\n\n\n<div class=\"wp-block-buttons has-custom-font-size has-small-font-size is-content-justification-center is-layout-flex wp-container-core-buttons-is-layout-16018d1d wp-block-buttons-is-layout-flex\">\n<div class=\"wp-block-button has-custom-width wp-block-button__width-75\"><a class=\"wp-block-button__link has-background has-small-font-size has-custom-font-size wp-element-button\" href=\"https:\/\/www.yishengpack.com\/fr\/custom-product-boxes-types\/\" style=\"background:linear-gradient(135deg,rgb(254,205,165) 0%,rgb(254,45,45) 0%,rgb(94,15,15) 0%,rgb(94,15,15) 100%)\" target=\"_blank\" rel=\"noreferrer noopener\"><strong>Explorer les types de bo\u00eetes personnalis\u00e9es<\/strong><\/a><\/div>\n<\/div>\n<\/div>\n<\/div>","protected":false},"excerpt":{"rendered":"<p>Nos bo\u00eetes \u00e0 pizza jetables sont fabriqu\u00e9es \u00e0 partir de mat\u00e9riaux durables de qualit\u00e9 alimentaire, offrant une structure solide, une bonne r\u00e9tention de la chaleur et un design facilement pliable. Disponibles en plusieurs tailles avec une impression personnalis\u00e9e, elles sont parfaites pour les pizzerias, les restaurants et les marques de plats \u00e0 emporter qui recherchent un emballage \u00e9cologique et tr\u00e8s pr\u00e9sentable.<\/p>\n<h2>Points forts des bo\u00eetes \u00e0 pizza en gros<\/h2>\n<ul>\n<li>Personnalisation compl\u00e8te<\/li>\n<li>Mat\u00e9riaux imperm\u00e9ables<\/li>\n<li>Impression sophistiqu\u00e9e<\/li>\n<li>Un travail soign\u00e9<\/li>\n<li>Plusieurs tailles de bo\u00eetes<\/li>\n<li>Diverses options de couleurs<\/li>\n<li>Design pliable<\/li>\n<li>Protecteur et pratique<\/li>\n<\/ul>","protected":false},"featured_media":2577,"comment_status":"closed","ping_status":"closed","template":"","meta":{"_acf_changed":false},"box-type":[55],"product_brand":[],"product_cat":[46,33,71,45],"product_tag":[],"class_list":{"0":"post-2576","1":"product","2":"type-product","3":"status-publish","4":"has-post-thumbnail","6":"box-type-custom-foldable-boxes","7":"product_cat-wholesale-paper-boxes","8":"product_cat-food-packaging-boxes-wholesale","9":"product_cat-custom-takeout-boxes","10":"product_cat-bulk-disposable-food-containers","12":"first","13":"instock","14":"shipping-taxable","15":"product-type-simple"},"acf":[],"_links":{"self":[{"href":"https:\/\/www.yishengpack.com\/fr\/wp-json\/wp\/v2\/product\/2576","targetHints":{"allow":["GET"]}}],"collection":[{"href":"https:\/\/www.yishengpack.com\/fr\/wp-json\/wp\/v2\/product"}],"about":[{"href":"https:\/\/www.yishengpack.com\/fr\/wp-json\/wp\/v2\/types\/product"}],"replies":[{"embeddable":true,"href":"https:\/\/www.yishengpack.com\/fr\/wp-json\/wp\/v2\/comments?post=2576"}],"wp:featuredmedia":[{"embeddable":true,"href":"https:\/\/www.yishengpack.com\/fr\/wp-json\/wp\/v2\/media\/2577"}],"wp:attachment":[{"href":"https:\/\/www.yishengpack.com\/fr\/wp-json\/wp\/v2\/media?parent=2576"}],"wp:term":[{"taxonomy":"box-type","embeddable":true,"href":"https:\/\/www.yishengpack.com\/fr\/wp-json\/wp\/v2\/box-type?post=2576"},{"taxonomy":"product_brand","embeddable":true,"href":"https:\/\/www.yishengpack.com\/fr\/wp-json\/wp\/v2\/product_brand?post=2576"},{"taxonomy":"product_cat","embeddable":true,"href":"https:\/\/www.yishengpack.com\/fr\/wp-json\/wp\/v2\/product_cat?post=2576"},{"taxonomy":"product_tag","embeddable":true,"href":"https:\/\/www.yishengpack.com\/fr\/wp-json\/wp\/v2\/product_tag?post=2576"}],"curies":[{"name":"wp","href":"https:\/\/api.w.org\/{rel}","templated":true}]}}