{"id":2554,"date":"2025-11-14T08:47:42","date_gmt":"2025-11-14T08:47:42","guid":{"rendered":"https:\/\/www.yishengpack.com\/?post_type=product&#038;p=2554"},"modified":"2025-11-14T08:47:44","modified_gmt":"2025-11-14T08:47:44","slug":"apparel-boxes-wholesale","status":"publish","type":"product","link":"https:\/\/www.yishengpack.com\/fr\/produit\/apparel-boxes-wholesale\/","title":{"rendered":"Bo\u00eetes \u00e0 v\u00eatements en gros, bo\u00eetes postales personnalis\u00e9es pour v\u00eatements"},"content":{"rendered":"<div class=\"wp-block-columns is-layout-flex wp-container-core-columns-is-layout-9d6595d7 wp-block-columns-is-layout-flex\">\n<div class=\"wp-block-column is-layout-flow wp-block-column-is-layout-flow\">\n<h3 class=\"wp-block-heading\">Caract\u00e9ristiques des bo\u00eetes \u00e0 v\u00eatements en gros<\/h3>\n\n\n\n<p><strong>Structure adapt\u00e9e au courrier : <\/strong>Les bo\u00eetes \u00e0 v\u00eatements en gros sont dot\u00e9es d'un couvercle rabattable et de bo\u00eetes \u00e0 lettres autobloquantes qui r\u00e9sistent \u00e0 la compression et sont durables pour l'exp\u00e9dition. Diff\u00e9rents grammages et \u00e9paisseurs de papier peuvent \u00eatre s\u00e9lectionn\u00e9s en fonction du poids du produit et du budget de la marque. Elles conviennent au commerce \u00e9lectronique de v\u00eatements, aux bo\u00eetes-cadeaux par abonnement et aux marques de mode.<\/p>\n\n\n\n<p><strong>Construction robuste pour les v\u00eatements :<\/strong> La structure est rigide, r\u00e9sistante \u00e0 la pression et durable, ce qui garantit que les v\u00eatements restent intacts pendant le transport et l'exposition. Cette bo\u00eete est id\u00e9ale pour ranger et organiser les chemises, les jeans et les foulards.<\/p>\n\n\n\n<p><strong>Options de couleurs vibrantes :<\/strong> Les bo\u00eetes pour v\u00eatements en gros sont disponibles dans des couleurs vives et des options de taille, et peuvent s'adapter de mani\u00e8re flexible aux besoins d'emballage de diff\u00e9rents v\u00eatements. Ces couleurs ajoutent une touche de style, ce qui rend la bo\u00eete adapt\u00e9e \u00e0 la fois aux besoins de l'image de marque et \u00e0 ceux de l'organisation de la maison.<\/p>\n\n\n\n<p><strong>Enti\u00e8rement personnalisable :<\/strong> Cette bo\u00eete postale personnalis\u00e9e est enti\u00e8rement personnalisable, ce qui permet d'en adapter la taille, la structure et la couleur. Nous proposons une vari\u00e9t\u00e9 de techniques avanc\u00e9es, notamment l'impression du logo de la marque, l'impression en tons directs, le marquage \u00e0 chaud, le vernissage UV, le gaufrage et le pelliculage. Ces options r\u00e9pondent aux exigences uniques des marques de v\u00eatements en mati\u00e8re d'emballage et sont id\u00e9ales pour les commandes importantes.<\/p>\n<\/div>\n\n\n\n<div class=\"wp-block-column is-layout-flow wp-block-column-is-layout-flow\">\n<figure class=\"wp-block-image size-full\"><img decoding=\"async\" width=\"2048\" height=\"2048\" src=\"https:\/\/www.yishengpack.com\/wp-content\/uploads\/2025\/11\/Wholesale-High-End-Clothing-Storage-Boxes-Customization-Eco-Friendly-Package-Boxes-with-Lid-2.webp\" alt=\"habillement-boites-en-gros-boites-en-lettres-pour-les-v\u00eatements-2\" class=\"wp-image-2557\" srcset=\"https:\/\/www.yishengpack.com\/wp-content\/uploads\/2025\/11\/Wholesale-High-End-Clothing-Storage-Boxes-Customization-Eco-Friendly-Package-Boxes-with-Lid-2.webp 2048w, https:\/\/www.yishengpack.com\/wp-content\/uploads\/2025\/11\/Wholesale-High-End-Clothing-Storage-Boxes-Customization-Eco-Friendly-Package-Boxes-with-Lid-2-300x300.webp 300w, https:\/\/www.yishengpack.com\/wp-content\/uploads\/2025\/11\/Wholesale-High-End-Clothing-Storage-Boxes-Customization-Eco-Friendly-Package-Boxes-with-Lid-2-150x150.webp 150w, https:\/\/www.yishengpack.com\/wp-content\/uploads\/2025\/11\/Wholesale-High-End-Clothing-Storage-Boxes-Customization-Eco-Friendly-Package-Boxes-with-Lid-2-768x768.webp 768w, https:\/\/www.yishengpack.com\/wp-content\/uploads\/2025\/11\/Wholesale-High-End-Clothing-Storage-Boxes-Customization-Eco-Friendly-Package-Boxes-with-Lid-2-12x12.webp 12w, https:\/\/www.yishengpack.com\/wp-content\/uploads\/2025\/11\/Wholesale-High-End-Clothing-Storage-Boxes-Customization-Eco-Friendly-Package-Boxes-with-Lid-2-1200x1200.webp 1200w, https:\/\/www.yishengpack.com\/wp-content\/uploads\/2025\/11\/Wholesale-High-End-Clothing-Storage-Boxes-Customization-Eco-Friendly-Package-Boxes-with-Lid-2-600x600.webp 600w, https:\/\/www.yishengpack.com\/wp-content\/uploads\/2025\/11\/Wholesale-High-End-Clothing-Storage-Boxes-Customization-Eco-Friendly-Package-Boxes-with-Lid-2-100x100.webp 100w\" sizes=\"(max-width: 2048px) 100vw, 2048px\" \/><\/figure>\n<\/div>\n<\/div>\n\n\n\n<div class=\"wp-block-columns is-layout-flex wp-container-core-columns-is-layout-9d6595d7 wp-block-columns-is-layout-flex\">\n<div class=\"wp-block-column is-layout-flow wp-block-column-is-layout-flow\">\n<figure class=\"wp-block-image size-full\"><img decoding=\"async\" width=\"2048\" height=\"2048\" src=\"https:\/\/www.yishengpack.com\/wp-content\/uploads\/2025\/11\/Wholesale-High-End-Clothing-Storage-Boxes-Customization-Eco-Friendly-Package-Boxes-with-Lid-7.webp\" alt=\"habillement-boxes-wholesale-bo\u00eetes-aux-lettres-pour-les-v\u00eatements-7\" class=\"wp-image-2562\" srcset=\"https:\/\/www.yishengpack.com\/wp-content\/uploads\/2025\/11\/Wholesale-High-End-Clothing-Storage-Boxes-Customization-Eco-Friendly-Package-Boxes-with-Lid-7.webp 2048w, https:\/\/www.yishengpack.com\/wp-content\/uploads\/2025\/11\/Wholesale-High-End-Clothing-Storage-Boxes-Customization-Eco-Friendly-Package-Boxes-with-Lid-7-300x300.webp 300w, https:\/\/www.yishengpack.com\/wp-content\/uploads\/2025\/11\/Wholesale-High-End-Clothing-Storage-Boxes-Customization-Eco-Friendly-Package-Boxes-with-Lid-7-150x150.webp 150w, https:\/\/www.yishengpack.com\/wp-content\/uploads\/2025\/11\/Wholesale-High-End-Clothing-Storage-Boxes-Customization-Eco-Friendly-Package-Boxes-with-Lid-7-768x768.webp 768w, https:\/\/www.yishengpack.com\/wp-content\/uploads\/2025\/11\/Wholesale-High-End-Clothing-Storage-Boxes-Customization-Eco-Friendly-Package-Boxes-with-Lid-7-12x12.webp 12w, https:\/\/www.yishengpack.com\/wp-content\/uploads\/2025\/11\/Wholesale-High-End-Clothing-Storage-Boxes-Customization-Eco-Friendly-Package-Boxes-with-Lid-7-1200x1200.webp 1200w, https:\/\/www.yishengpack.com\/wp-content\/uploads\/2025\/11\/Wholesale-High-End-Clothing-Storage-Boxes-Customization-Eco-Friendly-Package-Boxes-with-Lid-7-600x600.webp 600w, https:\/\/www.yishengpack.com\/wp-content\/uploads\/2025\/11\/Wholesale-High-End-Clothing-Storage-Boxes-Customization-Eco-Friendly-Package-Boxes-with-Lid-7-100x100.webp 100w\" sizes=\"(max-width: 2048px) 100vw, 2048px\" \/><\/figure>\n\n\n\n<div class=\"wp-block-buttons has-custom-font-size has-small-font-size is-content-justification-center is-layout-flex wp-container-core-buttons-is-layout-16018d1d wp-block-buttons-is-layout-flex\">\n<div class=\"wp-block-button has-custom-width wp-block-button__width-75\"><a class=\"wp-block-button__link has-background has-small-font-size has-custom-font-size wp-element-button\" href=\"https:\/\/www.yishengpack.com\/fr\/custom-printed-box\/\" style=\"background:linear-gradient(135deg,rgb(254,205,165) 0%,rgb(254,45,45) 0%,rgb(94,15,15) 0%,rgb(94,15,15) 100%)\" target=\"_blank\" rel=\"noreferrer noopener\"><strong>D\u00e9couvrez les bo\u00eetes imprim\u00e9es personnalis\u00e9es<\/strong><\/a><\/div>\n<\/div>\n<\/div>\n\n\n\n<div class=\"wp-block-column is-layout-flow wp-block-column-is-layout-flow\">\n<figure class=\"wp-block-image size-full\"><img decoding=\"async\" width=\"2048\" height=\"2048\" src=\"https:\/\/www.yishengpack.com\/wp-content\/uploads\/2025\/11\/Wholesale-High-End-Clothing-Storage-Boxes-Customization-Eco-Friendly-Package-Boxes-with-Lid-6.webp\" alt=\"habillement-boxes-wholesale-custom-mailer-boxes-for-clothing-6\" class=\"wp-image-2561\" srcset=\"https:\/\/www.yishengpack.com\/wp-content\/uploads\/2025\/11\/Wholesale-High-End-Clothing-Storage-Boxes-Customization-Eco-Friendly-Package-Boxes-with-Lid-6.webp 2048w, https:\/\/www.yishengpack.com\/wp-content\/uploads\/2025\/11\/Wholesale-High-End-Clothing-Storage-Boxes-Customization-Eco-Friendly-Package-Boxes-with-Lid-6-300x300.webp 300w, https:\/\/www.yishengpack.com\/wp-content\/uploads\/2025\/11\/Wholesale-High-End-Clothing-Storage-Boxes-Customization-Eco-Friendly-Package-Boxes-with-Lid-6-150x150.webp 150w, https:\/\/www.yishengpack.com\/wp-content\/uploads\/2025\/11\/Wholesale-High-End-Clothing-Storage-Boxes-Customization-Eco-Friendly-Package-Boxes-with-Lid-6-768x768.webp 768w, https:\/\/www.yishengpack.com\/wp-content\/uploads\/2025\/11\/Wholesale-High-End-Clothing-Storage-Boxes-Customization-Eco-Friendly-Package-Boxes-with-Lid-6-12x12.webp 12w, https:\/\/www.yishengpack.com\/wp-content\/uploads\/2025\/11\/Wholesale-High-End-Clothing-Storage-Boxes-Customization-Eco-Friendly-Package-Boxes-with-Lid-6-1200x1200.webp 1200w, https:\/\/www.yishengpack.com\/wp-content\/uploads\/2025\/11\/Wholesale-High-End-Clothing-Storage-Boxes-Customization-Eco-Friendly-Package-Boxes-with-Lid-6-600x600.webp 600w, https:\/\/www.yishengpack.com\/wp-content\/uploads\/2025\/11\/Wholesale-High-End-Clothing-Storage-Boxes-Customization-Eco-Friendly-Package-Boxes-with-Lid-6-100x100.webp 100w\" sizes=\"(max-width: 2048px) 100vw, 2048px\" \/><\/figure>\n\n\n\n<div class=\"wp-block-buttons has-custom-font-size has-small-font-size is-content-justification-center is-layout-flex wp-container-core-buttons-is-layout-16018d1d wp-block-buttons-is-layout-flex\">\n<div class=\"wp-block-button has-custom-width wp-block-button__width-75\"><a class=\"wp-block-button__link has-background has-small-font-size has-custom-font-size wp-element-button\" href=\"https:\/\/www.yishengpack.com\/fr\/custom-product-boxes-types\/\" style=\"background:linear-gradient(135deg,rgb(254,205,165) 0%,rgb(254,45,45) 0%,rgb(94,15,15) 0%,rgb(94,15,15) 100%)\" target=\"_blank\" rel=\"noreferrer noopener\"><strong>Explorer les types de bo\u00eetes personnalis\u00e9es<\/strong><\/a><\/div>\n<\/div>\n<\/div>\n<\/div>","protected":false},"excerpt":{"rendered":"<p>Nous vous invitons \u00e0 acheter en gros nos bo\u00eetes \u00e0 v\u00eatements, qui b\u00e9n\u00e9ficient d'une personnalisation compl\u00e8te et d'un savoir-faire de pointe. Ces bo\u00eetes d'exp\u00e9dition robustes et autobloquantes offrent une excellente protection pendant l'exp\u00e9dition tout en mettant joliment en valeur votre marque. Gr\u00e2ce \u00e0 leur conception durable et \u00e0 leur aspect \u00e9l\u00e9gant, elles sont parfaites pour le stockage des v\u00eatements et les cadeaux.<\/p>\n<h2>Points forts de la vente en gros de bo\u00eetes \u00e0 v\u00eatements<\/h2>\n<p>Conception autobloquante<\/p>\n<p>Personnalisation<\/p>\n<p>Mat\u00e9riaux de premi\u00e8re qualit\u00e9<\/p>\n<p>Un savoir-faire exquis<\/p>\n<p>Plusieurs types de bo\u00eetes<\/p>\n<p>Diverses options de couleurs<\/p>\n<p>Diverses options de taille<\/p>\n<p>Structure stable<\/p>","protected":false},"featured_media":2556,"comment_status":"closed","ping_status":"closed","template":"","meta":{"_acf_changed":false},"box-type":[55,59,48],"product_brand":[],"product_cat":[19,66,46,69,67],"product_tag":[],"class_list":{"0":"post-2554","1":"product","2":"type-product","3":"status-publish","4":"has-post-thumbnail","6":"box-type-custom-foldable-boxes","7":"box-type-custom-mailer-boxes","8":"box-type-custom-tuck-top-boxes","9":"product_cat-luxury-gift-boxes-wholesale","10":"product_cat-custom-apparel-boxes","11":"product_cat-wholesale-paper-boxes","12":"product_cat-custom-retail-boxes","13":"product_cat-custom-shipping-boxes","15":"first","16":"instock","17":"shipping-taxable","18":"product-type-simple"},"acf":[],"_links":{"self":[{"href":"https:\/\/www.yishengpack.com\/fr\/wp-json\/wp\/v2\/product\/2554","targetHints":{"allow":["GET"]}}],"collection":[{"href":"https:\/\/www.yishengpack.com\/fr\/wp-json\/wp\/v2\/product"}],"about":[{"href":"https:\/\/www.yishengpack.com\/fr\/wp-json\/wp\/v2\/types\/product"}],"replies":[{"embeddable":true,"href":"https:\/\/www.yishengpack.com\/fr\/wp-json\/wp\/v2\/comments?post=2554"}],"wp:featuredmedia":[{"embeddable":true,"href":"https:\/\/www.yishengpack.com\/fr\/wp-json\/wp\/v2\/media\/2556"}],"wp:attachment":[{"href":"https:\/\/www.yishengpack.com\/fr\/wp-json\/wp\/v2\/media?parent=2554"}],"wp:term":[{"taxonomy":"box-type","embeddable":true,"href":"https:\/\/www.yishengpack.com\/fr\/wp-json\/wp\/v2\/box-type?post=2554"},{"taxonomy":"product_brand","embeddable":true,"href":"https:\/\/www.yishengpack.com\/fr\/wp-json\/wp\/v2\/product_brand?post=2554"},{"taxonomy":"product_cat","embeddable":true,"href":"https:\/\/www.yishengpack.com\/fr\/wp-json\/wp\/v2\/product_cat?post=2554"},{"taxonomy":"product_tag","embeddable":true,"href":"https:\/\/www.yishengpack.com\/fr\/wp-json\/wp\/v2\/product_tag?post=2554"}],"curies":[{"name":"wp","href":"https:\/\/api.w.org\/{rel}","templated":true}]}}