{"id":2546,"date":"2025-11-14T06:32:49","date_gmt":"2025-11-14T06:32:49","guid":{"rendered":"https:\/\/www.yishengpack.com\/?post_type=product&#038;p=2546"},"modified":"2025-11-14T06:32:50","modified_gmt":"2025-11-14T06:32:50","slug":"custom-printed-mailer-boxes","status":"publish","type":"product","link":"https:\/\/www.yishengpack.com\/fr\/produit\/custom-printed-mailer-boxes\/","title":{"rendered":"Bo\u00eetes postales imprim\u00e9es sur mesure, bo\u00eetes d'exp\u00e9dition en vrac pour v\u00eatements"},"content":{"rendered":"<div class=\"wp-block-columns is-layout-flex wp-container-core-columns-is-layout-9d6595d7 wp-block-columns-is-layout-flex\">\n<div class=\"wp-block-column is-layout-flow wp-block-column-is-layout-flow\">\n<h3 class=\"wp-block-heading\">Caract\u00e9ristiques des bo\u00eetes postales imprim\u00e9es sur mesure<\/h3>\n\n\n\n<p><strong>Ouverture en douceur :<\/strong> Ces bo\u00eetes d'exp\u00e9dition imprim\u00e9es personnalis\u00e9es sont dot\u00e9es d'une ouverture \u00e0 rabat lisse qui vous permet d'acc\u00e9der facilement \u00e0 vos articles, qu'il s'agisse de produits quotidiens, de v\u00eatements ou de chaussures.<\/p>\n\n\n\n<p><strong>Construction robuste et rigide : <\/strong>Ces bo\u00eetes postales imprim\u00e9es personnalis\u00e9es sont fabriqu\u00e9es \u00e0 partir d'un mat\u00e9riau robuste et rigide. Les bo\u00eetes \u00e9paisses et rigides prot\u00e8gent efficacement les chemises, les vestes, les pulls et autres v\u00eatements, en conservant leur forme pendant le transport.<\/p>\n\n\n\n<p><strong>Design textur\u00e9 haut de gamme : <\/strong>Ces bo\u00eetes postales imprim\u00e9es personnalis\u00e9es sont dot\u00e9es d'un rev\u00eatement mat ou brillant, d'un pelliculage, d'un marquage \u00e0 chaud, d'un rev\u00eatement UV, d'un gaufrage ou d'une combinaison de ces \u00e9l\u00e9ments qui rehaussent l'image de votre marque gr\u00e2ce au design. Ces designs n'am\u00e9liorent pas seulement l'aspect visuel, ils sont aussi une excellente option pour la notori\u00e9t\u00e9 de la marque et d\u00e9montrent visuellement ce qui est exp\u00e9di\u00e9 \u00e0 l'int\u00e9rieur des bo\u00eetes d'emballage.<\/p>\n\n\n\n<p><strong>Personnalisation des petits et grands lots :<\/strong> Ces bo\u00eetes d'exp\u00e9dition en vrac permettent une personnalisation flexible de la QMOS afin de r\u00e9pondre aux besoins des petites et moyennes marques et des grandes entreprises. Elles conviennent \u00e0 l'exp\u00e9dition de produits de commerce \u00e9lectronique, \u00e0 l'emballage de bo\u00eetes-cadeaux, de bo\u00eetes d'abonnement, de produits cosm\u00e9tiques, de produits alimentaires, de produits culturels et cr\u00e9atifs, etc.<\/p>\n<\/div>\n\n\n\n<div class=\"wp-block-column is-layout-flow wp-block-column-is-layout-flow\">\n<figure class=\"wp-block-image size-full\"><img decoding=\"async\" width=\"2048\" height=\"2048\" src=\"https:\/\/www.yishengpack.com\/wp-content\/uploads\/2025\/11\/Bulk-Rigid-Shipping-Boxes-Wholesale-Mailer-Boxes-with-Custom-Logo-Printing-Design-4.webp\" alt=\"bo\u00eetes d&#039;exp\u00e9dition imprim\u00e9es personnalis\u00e9es-bo\u00eetes d&#039;exp\u00e9dition en vrac-bo\u00eetes pour v\u00eatements-4\" class=\"wp-image-2550\" srcset=\"https:\/\/www.yishengpack.com\/wp-content\/uploads\/2025\/11\/Bulk-Rigid-Shipping-Boxes-Wholesale-Mailer-Boxes-with-Custom-Logo-Printing-Design-4.webp 2048w, https:\/\/www.yishengpack.com\/wp-content\/uploads\/2025\/11\/Bulk-Rigid-Shipping-Boxes-Wholesale-Mailer-Boxes-with-Custom-Logo-Printing-Design-4-300x300.webp 300w, https:\/\/www.yishengpack.com\/wp-content\/uploads\/2025\/11\/Bulk-Rigid-Shipping-Boxes-Wholesale-Mailer-Boxes-with-Custom-Logo-Printing-Design-4-150x150.webp 150w, https:\/\/www.yishengpack.com\/wp-content\/uploads\/2025\/11\/Bulk-Rigid-Shipping-Boxes-Wholesale-Mailer-Boxes-with-Custom-Logo-Printing-Design-4-768x768.webp 768w, https:\/\/www.yishengpack.com\/wp-content\/uploads\/2025\/11\/Bulk-Rigid-Shipping-Boxes-Wholesale-Mailer-Boxes-with-Custom-Logo-Printing-Design-4-12x12.webp 12w, https:\/\/www.yishengpack.com\/wp-content\/uploads\/2025\/11\/Bulk-Rigid-Shipping-Boxes-Wholesale-Mailer-Boxes-with-Custom-Logo-Printing-Design-4-1200x1200.webp 1200w, https:\/\/www.yishengpack.com\/wp-content\/uploads\/2025\/11\/Bulk-Rigid-Shipping-Boxes-Wholesale-Mailer-Boxes-with-Custom-Logo-Printing-Design-4-600x600.webp 600w, https:\/\/www.yishengpack.com\/wp-content\/uploads\/2025\/11\/Bulk-Rigid-Shipping-Boxes-Wholesale-Mailer-Boxes-with-Custom-Logo-Printing-Design-4-100x100.webp 100w\" sizes=\"(max-width: 2048px) 100vw, 2048px\" \/><\/figure>\n<\/div>\n<\/div>\n\n\n\n<div class=\"wp-block-columns is-layout-flex wp-container-core-columns-is-layout-9d6595d7 wp-block-columns-is-layout-flex\">\n<div class=\"wp-block-column is-layout-flow wp-block-column-is-layout-flow\">\n<figure class=\"wp-block-image size-full\"><img decoding=\"async\" width=\"2048\" height=\"2048\" src=\"https:\/\/www.yishengpack.com\/wp-content\/uploads\/2025\/11\/Bulk-Rigid-Shipping-Boxes-Wholesale-Mailer-Boxes-with-Custom-Logo-Printing-Design-2.webp\" alt=\"bo\u00eetes d&#039;exp\u00e9dition imprim\u00e9es personnalis\u00e9es-bo\u00eetes d&#039;exp\u00e9dition en vrac-bo\u00eetes pour v\u00eatements-2\" class=\"wp-image-2548\" srcset=\"https:\/\/www.yishengpack.com\/wp-content\/uploads\/2025\/11\/Bulk-Rigid-Shipping-Boxes-Wholesale-Mailer-Boxes-with-Custom-Logo-Printing-Design-2.webp 2048w, https:\/\/www.yishengpack.com\/wp-content\/uploads\/2025\/11\/Bulk-Rigid-Shipping-Boxes-Wholesale-Mailer-Boxes-with-Custom-Logo-Printing-Design-2-300x300.webp 300w, https:\/\/www.yishengpack.com\/wp-content\/uploads\/2025\/11\/Bulk-Rigid-Shipping-Boxes-Wholesale-Mailer-Boxes-with-Custom-Logo-Printing-Design-2-150x150.webp 150w, https:\/\/www.yishengpack.com\/wp-content\/uploads\/2025\/11\/Bulk-Rigid-Shipping-Boxes-Wholesale-Mailer-Boxes-with-Custom-Logo-Printing-Design-2-768x768.webp 768w, https:\/\/www.yishengpack.com\/wp-content\/uploads\/2025\/11\/Bulk-Rigid-Shipping-Boxes-Wholesale-Mailer-Boxes-with-Custom-Logo-Printing-Design-2-12x12.webp 12w, https:\/\/www.yishengpack.com\/wp-content\/uploads\/2025\/11\/Bulk-Rigid-Shipping-Boxes-Wholesale-Mailer-Boxes-with-Custom-Logo-Printing-Design-2-1200x1200.webp 1200w, https:\/\/www.yishengpack.com\/wp-content\/uploads\/2025\/11\/Bulk-Rigid-Shipping-Boxes-Wholesale-Mailer-Boxes-with-Custom-Logo-Printing-Design-2-600x600.webp 600w, https:\/\/www.yishengpack.com\/wp-content\/uploads\/2025\/11\/Bulk-Rigid-Shipping-Boxes-Wholesale-Mailer-Boxes-with-Custom-Logo-Printing-Design-2-100x100.webp 100w\" sizes=\"(max-width: 2048px) 100vw, 2048px\" \/><\/figure>\n\n\n\n<div class=\"wp-block-buttons has-custom-font-size has-small-font-size is-content-justification-center is-layout-flex wp-container-core-buttons-is-layout-16018d1d wp-block-buttons-is-layout-flex\">\n<div class=\"wp-block-button has-custom-width wp-block-button__width-75\"><a class=\"wp-block-button__link has-background has-small-font-size has-custom-font-size wp-element-button\" href=\"https:\/\/www.yishengpack.com\/fr\/custom-printed-box\/\" style=\"background:linear-gradient(135deg,rgb(254,205,165) 0%,rgb(254,45,45) 0%,rgb(94,15,15) 0%,rgb(94,15,15) 100%)\" target=\"_blank\" rel=\"noreferrer noopener\"><strong>D\u00e9couvrez les bo\u00eetes imprim\u00e9es personnalis\u00e9es<\/strong><\/a><\/div>\n<\/div>\n<\/div>\n\n\n\n<div class=\"wp-block-column is-layout-flow wp-block-column-is-layout-flow\">\n<figure class=\"wp-block-image size-full\"><img decoding=\"async\" width=\"2048\" height=\"2048\" src=\"https:\/\/www.yishengpack.com\/wp-content\/uploads\/2025\/11\/Bulk-Rigid-Shipping-Boxes-Wholesale-Mailer-Boxes-with-Custom-Logo-Printing-Design-7.webp\" alt=\"bo\u00eetes d&#039;exp\u00e9dition imprim\u00e9es personnalis\u00e9es - bo\u00eetes d&#039;exp\u00e9dition en vrac - bo\u00eetes pour v\u00eatements - 7\" class=\"wp-image-2553\" srcset=\"https:\/\/www.yishengpack.com\/wp-content\/uploads\/2025\/11\/Bulk-Rigid-Shipping-Boxes-Wholesale-Mailer-Boxes-with-Custom-Logo-Printing-Design-7.webp 2048w, https:\/\/www.yishengpack.com\/wp-content\/uploads\/2025\/11\/Bulk-Rigid-Shipping-Boxes-Wholesale-Mailer-Boxes-with-Custom-Logo-Printing-Design-7-300x300.webp 300w, https:\/\/www.yishengpack.com\/wp-content\/uploads\/2025\/11\/Bulk-Rigid-Shipping-Boxes-Wholesale-Mailer-Boxes-with-Custom-Logo-Printing-Design-7-150x150.webp 150w, https:\/\/www.yishengpack.com\/wp-content\/uploads\/2025\/11\/Bulk-Rigid-Shipping-Boxes-Wholesale-Mailer-Boxes-with-Custom-Logo-Printing-Design-7-768x768.webp 768w, https:\/\/www.yishengpack.com\/wp-content\/uploads\/2025\/11\/Bulk-Rigid-Shipping-Boxes-Wholesale-Mailer-Boxes-with-Custom-Logo-Printing-Design-7-12x12.webp 12w, https:\/\/www.yishengpack.com\/wp-content\/uploads\/2025\/11\/Bulk-Rigid-Shipping-Boxes-Wholesale-Mailer-Boxes-with-Custom-Logo-Printing-Design-7-1200x1200.webp 1200w, https:\/\/www.yishengpack.com\/wp-content\/uploads\/2025\/11\/Bulk-Rigid-Shipping-Boxes-Wholesale-Mailer-Boxes-with-Custom-Logo-Printing-Design-7-600x600.webp 600w, https:\/\/www.yishengpack.com\/wp-content\/uploads\/2025\/11\/Bulk-Rigid-Shipping-Boxes-Wholesale-Mailer-Boxes-with-Custom-Logo-Printing-Design-7-100x100.webp 100w\" sizes=\"(max-width: 2048px) 100vw, 2048px\" \/><\/figure>\n\n\n\n<div class=\"wp-block-buttons has-custom-font-size has-small-font-size is-content-justification-center is-layout-flex wp-container-core-buttons-is-layout-16018d1d wp-block-buttons-is-layout-flex\">\n<div class=\"wp-block-button has-custom-width wp-block-button__width-75\"><a class=\"wp-block-button__link has-background has-small-font-size has-custom-font-size wp-element-button\" href=\"https:\/\/www.yishengpack.com\/fr\/custom-product-boxes-types\/\" style=\"background:linear-gradient(135deg,rgb(254,205,165) 0%,rgb(254,45,45) 0%,rgb(94,15,15) 0%,rgb(94,15,15) 100%)\" target=\"_blank\" rel=\"noreferrer noopener\"><strong>Explorer les types de bo\u00eetes personnalis\u00e9es<\/strong><\/a><\/div>\n<\/div>\n<\/div>\n<\/div>","protected":false},"excerpt":{"rendered":"<p>Bienvenue sur notre site d'achat de bo\u00eetes postales imprim\u00e9es personnalis\u00e9es. Ces bo\u00eetes d'exp\u00e9dition rigides, dot\u00e9es d'une structure robuste et d'un design \u00e9l\u00e9gant, allient protection et polyvalence. Elles sont parfaites pour l'emballage des articles de premi\u00e8re n\u00e9cessit\u00e9, des chaussures, des v\u00eatements, etc. Ces bo\u00eetes peuvent \u00eatre personnalis\u00e9es en fonction de la taille et du logo. Leur apparence exquise et leur forte protection en font la solution pr\u00e9f\u00e9r\u00e9e pour l'emballage et le transport de v\u00eatements de marque haut de gamme.<\/p>\n<h2>Points forts des bo\u00eetes postales imprim\u00e9es sur mesure<\/h2>\n<ul>\n<li>Personnalisation totale<\/li>\n<li>Mat\u00e9riaux imperm\u00e9ables<\/li>\n<li>Nombreux proc\u00e9d\u00e9s d'impression<\/li>\n<li>Plusieurs types de bo\u00eetes<\/li>\n<li>Une grande vari\u00e9t\u00e9 de couleurs<\/li>\n<li>Construction robuste<\/li>\n<li>Plusieurs tailles<\/li>\n<li>Conception de basculement en douceur<\/li>\n<\/ul>","protected":false},"featured_media":2547,"comment_status":"closed","ping_status":"closed","template":"","meta":{"_acf_changed":false},"box-type":[59,57,48],"product_brand":[],"product_cat":[46,69,67],"product_tag":[],"class_list":{"0":"post-2546","1":"product","2":"type-product","3":"status-publish","4":"has-post-thumbnail","6":"box-type-custom-mailer-boxes","7":"box-type-custom-rigid-box-with-lid","8":"box-type-custom-tuck-top-boxes","9":"product_cat-wholesale-paper-boxes","10":"product_cat-custom-retail-boxes","11":"product_cat-custom-shipping-boxes","13":"first","14":"instock","15":"shipping-taxable","16":"product-type-simple"},"acf":[],"_links":{"self":[{"href":"https:\/\/www.yishengpack.com\/fr\/wp-json\/wp\/v2\/product\/2546","targetHints":{"allow":["GET"]}}],"collection":[{"href":"https:\/\/www.yishengpack.com\/fr\/wp-json\/wp\/v2\/product"}],"about":[{"href":"https:\/\/www.yishengpack.com\/fr\/wp-json\/wp\/v2\/types\/product"}],"replies":[{"embeddable":true,"href":"https:\/\/www.yishengpack.com\/fr\/wp-json\/wp\/v2\/comments?post=2546"}],"wp:featuredmedia":[{"embeddable":true,"href":"https:\/\/www.yishengpack.com\/fr\/wp-json\/wp\/v2\/media\/2547"}],"wp:attachment":[{"href":"https:\/\/www.yishengpack.com\/fr\/wp-json\/wp\/v2\/media?parent=2546"}],"wp:term":[{"taxonomy":"box-type","embeddable":true,"href":"https:\/\/www.yishengpack.com\/fr\/wp-json\/wp\/v2\/box-type?post=2546"},{"taxonomy":"product_brand","embeddable":true,"href":"https:\/\/www.yishengpack.com\/fr\/wp-json\/wp\/v2\/product_brand?post=2546"},{"taxonomy":"product_cat","embeddable":true,"href":"https:\/\/www.yishengpack.com\/fr\/wp-json\/wp\/v2\/product_cat?post=2546"},{"taxonomy":"product_tag","embeddable":true,"href":"https:\/\/www.yishengpack.com\/fr\/wp-json\/wp\/v2\/product_tag?post=2546"}],"curies":[{"name":"wp","href":"https:\/\/api.w.org\/{rel}","templated":true}]}}