{"id":2534,"date":"2025-11-14T03:17:51","date_gmt":"2025-11-14T03:17:51","guid":{"rendered":"https:\/\/www.yishengpack.com\/?post_type=product&#038;p=2534"},"modified":"2025-11-14T03:17:52","modified_gmt":"2025-11-14T03:17:52","slug":"gable-cake-boxes-wholesale","status":"publish","type":"product","link":"https:\/\/www.yishengpack.com\/fr\/produit\/gable-cake-boxes-wholesale\/","title":{"rendered":"Bo\u00eetes \u00e0 g\u00e2teaux \u00e0 pignon grossiste, Bo\u00eetes \u00e0 emporter personnalis\u00e9es de qualit\u00e9 alimentaire"},"content":{"rendered":"<div class=\"wp-block-columns is-layout-flex wp-container-core-columns-is-layout-9d6595d7 wp-block-columns-is-layout-flex\">\n<div class=\"wp-block-column is-layout-flow wp-block-column-is-layout-flow\">\n<h3 class=\"wp-block-heading\">Caract\u00e9ristiques des bo\u00eetes \u00e0 g\u00e2teaux Gable Wholesale<\/h3>\n\n\n\n<p><strong>Fen\u00eatre transparente pour la pr\u00e9sentation des desserts : <\/strong>Ces bo\u00eetes \u00e0 g\u00e2teaux en gros sont dot\u00e9es d'une fen\u00eatre transparente, offrant un aper\u00e7u tentant des g\u00e2teaux au chocolat, des cupcakes et des puddings. Elles sont parfaites pour les cadeaux, tout en am\u00e9liorant l'efficacit\u00e9 de la pr\u00e9sentation et la conversion des ventes.<\/p>\n\n\n\n<p><strong>Mat\u00e9riaux de qualit\u00e9 alimentaire s\u00fbrs :<\/strong> Ces bo\u00eetes \u00e0 g\u00e2teaux en gros sont fabriqu\u00e9es en carton blanc ou en papier kraft de qualit\u00e9 alimentaire, s\u00fbr et inodore, adapt\u00e9 au contact direct avec les g\u00e2teaux et les desserts. Une couche int\u00e9rieure r\u00e9sistante \u00e0 l'huile et \u00e0 l'humidit\u00e9 peut \u00eatre ajout\u00e9e pour conserver la fra\u00eecheur des g\u00e2teaux et \u00e9viter leur d\u00e9formation.<\/p>\n\n\n\n<p><strong>Design d'apparence exquise :<\/strong> Ces bo\u00eetes \u00e0 emporter personnalis\u00e9es pr\u00e9sentent de jolies illustrations et une impression th\u00e9matique, offrent un fort attrait visuel et am\u00e9liorent la qualit\u00e9 per\u00e7ue du produit. L'impression couleur de haute qualit\u00e9 en fait un produit id\u00e9al pour les f\u00eates, les cadeaux et les emballages de desserts gastronomiques.<\/p>\n\n\n\n<p><strong>Structure de la poign\u00e9e du pignon : <\/strong>Ces bo\u00eetes \u00e0 emporter personnalis\u00e9es ont une forme unique de bo\u00eete \u00e0 pignon qui facilite le transport et am\u00e9liore l'exp\u00e9rience d'emballage. La structure stable garantit que la bo\u00eete est robuste et ne s'effondre pas facilement, ce qui la rend id\u00e9ale pour l'emballage des plats \u00e0 emporter et des cadeaux.<\/p>\n\n\n\n<p><strong>Service de personnalisation :<\/strong> Ces bo\u00eetes \u00e0 g\u00e2teaux en gros sont disponibles en diff\u00e9rentes tailles pour des cupcakes simples ou multiples, des mini g\u00e2teaux, des desserts, etc. OEM\/ODM, personnalisation du logo, personnalisation du motif, marquage \u00e0 chaud, laminage et autres proc\u00e9d\u00e9s sont possibles pour r\u00e9pondre aux besoins sp\u00e9cifiques des marques. Il combine l'esth\u00e9tique d'un cadeau avec la fonctionnalit\u00e9 d'un plat \u00e0 emporter.<\/p>\n<\/div>\n\n\n\n<div class=\"wp-block-column is-layout-flow wp-block-column-is-layout-flow\">\n<figure class=\"wp-block-image size-full\"><img decoding=\"async\" width=\"2048\" height=\"2048\" src=\"https:\/\/www.yishengpack.com\/wp-content\/uploads\/2025\/11\/Customized-Exquisite-Cake-Gift-Boxes-Food-Grade-Takeaway-Boxes-with-Clear-Window-Wholesale-2.webp\" alt=\"gable-cake-boxes-wholesale-food-grade-custom-takeaway-boxes-2\" class=\"wp-image-2536\" srcset=\"https:\/\/www.yishengpack.com\/wp-content\/uploads\/2025\/11\/Customized-Exquisite-Cake-Gift-Boxes-Food-Grade-Takeaway-Boxes-with-Clear-Window-Wholesale-2.webp 2048w, https:\/\/www.yishengpack.com\/wp-content\/uploads\/2025\/11\/Customized-Exquisite-Cake-Gift-Boxes-Food-Grade-Takeaway-Boxes-with-Clear-Window-Wholesale-2-300x300.webp 300w, https:\/\/www.yishengpack.com\/wp-content\/uploads\/2025\/11\/Customized-Exquisite-Cake-Gift-Boxes-Food-Grade-Takeaway-Boxes-with-Clear-Window-Wholesale-2-150x150.webp 150w, https:\/\/www.yishengpack.com\/wp-content\/uploads\/2025\/11\/Customized-Exquisite-Cake-Gift-Boxes-Food-Grade-Takeaway-Boxes-with-Clear-Window-Wholesale-2-768x768.webp 768w, https:\/\/www.yishengpack.com\/wp-content\/uploads\/2025\/11\/Customized-Exquisite-Cake-Gift-Boxes-Food-Grade-Takeaway-Boxes-with-Clear-Window-Wholesale-2-12x12.webp 12w, https:\/\/www.yishengpack.com\/wp-content\/uploads\/2025\/11\/Customized-Exquisite-Cake-Gift-Boxes-Food-Grade-Takeaway-Boxes-with-Clear-Window-Wholesale-2-1200x1200.webp 1200w, https:\/\/www.yishengpack.com\/wp-content\/uploads\/2025\/11\/Customized-Exquisite-Cake-Gift-Boxes-Food-Grade-Takeaway-Boxes-with-Clear-Window-Wholesale-2-600x600.webp 600w, https:\/\/www.yishengpack.com\/wp-content\/uploads\/2025\/11\/Customized-Exquisite-Cake-Gift-Boxes-Food-Grade-Takeaway-Boxes-with-Clear-Window-Wholesale-2-100x100.webp 100w\" sizes=\"(max-width: 2048px) 100vw, 2048px\" \/><\/figure>\n<\/div>\n<\/div>\n\n\n\n<div class=\"wp-block-columns is-layout-flex wp-container-core-columns-is-layout-9d6595d7 wp-block-columns-is-layout-flex\">\n<div class=\"wp-block-column is-layout-flow wp-block-column-is-layout-flow\">\n<figure class=\"wp-block-image size-full\"><img decoding=\"async\" width=\"1883\" height=\"1883\" src=\"https:\/\/www.yishengpack.com\/wp-content\/uploads\/2025\/11\/Customized-Exquisite-Cake-Gift-Boxes-Food-Grade-Takeaway-Boxes-with-Clear-Window-Wholesale-4.webp\" alt=\"gable-cake-boxes-wholesale-food-grade-custom-takeaway-boxes-4\" class=\"wp-image-2538\" srcset=\"https:\/\/www.yishengpack.com\/wp-content\/uploads\/2025\/11\/Customized-Exquisite-Cake-Gift-Boxes-Food-Grade-Takeaway-Boxes-with-Clear-Window-Wholesale-4.webp 1883w, https:\/\/www.yishengpack.com\/wp-content\/uploads\/2025\/11\/Customized-Exquisite-Cake-Gift-Boxes-Food-Grade-Takeaway-Boxes-with-Clear-Window-Wholesale-4-300x300.webp 300w, https:\/\/www.yishengpack.com\/wp-content\/uploads\/2025\/11\/Customized-Exquisite-Cake-Gift-Boxes-Food-Grade-Takeaway-Boxes-with-Clear-Window-Wholesale-4-150x150.webp 150w, https:\/\/www.yishengpack.com\/wp-content\/uploads\/2025\/11\/Customized-Exquisite-Cake-Gift-Boxes-Food-Grade-Takeaway-Boxes-with-Clear-Window-Wholesale-4-768x768.webp 768w, https:\/\/www.yishengpack.com\/wp-content\/uploads\/2025\/11\/Customized-Exquisite-Cake-Gift-Boxes-Food-Grade-Takeaway-Boxes-with-Clear-Window-Wholesale-4-12x12.webp 12w, https:\/\/www.yishengpack.com\/wp-content\/uploads\/2025\/11\/Customized-Exquisite-Cake-Gift-Boxes-Food-Grade-Takeaway-Boxes-with-Clear-Window-Wholesale-4-1200x1200.webp 1200w, https:\/\/www.yishengpack.com\/wp-content\/uploads\/2025\/11\/Customized-Exquisite-Cake-Gift-Boxes-Food-Grade-Takeaway-Boxes-with-Clear-Window-Wholesale-4-600x600.webp 600w, https:\/\/www.yishengpack.com\/wp-content\/uploads\/2025\/11\/Customized-Exquisite-Cake-Gift-Boxes-Food-Grade-Takeaway-Boxes-with-Clear-Window-Wholesale-4-100x100.webp 100w\" sizes=\"(max-width: 1883px) 100vw, 1883px\" \/><\/figure>\n\n\n\n<div class=\"wp-block-buttons has-custom-font-size has-small-font-size is-content-justification-center is-layout-flex wp-container-core-buttons-is-layout-16018d1d wp-block-buttons-is-layout-flex\">\n<div class=\"wp-block-button has-custom-width wp-block-button__width-75\"><a class=\"wp-block-button__link has-background has-small-font-size has-custom-font-size wp-element-button\" href=\"https:\/\/www.yishengpack.com\/fr\/custom-printed-box\/\" style=\"background:linear-gradient(135deg,rgb(254,205,165) 0%,rgb(254,45,45) 0%,rgb(94,15,15) 0%,rgb(94,15,15) 100%)\" target=\"_blank\" rel=\"noreferrer noopener\"><strong>D\u00e9couvrez les bo\u00eetes imprim\u00e9es personnalis\u00e9es<\/strong><\/a><\/div>\n<\/div>\n<\/div>\n\n\n\n<div class=\"wp-block-column is-layout-flow wp-block-column-is-layout-flow\">\n<figure class=\"wp-block-image size-full\"><img decoding=\"async\" width=\"2048\" height=\"2048\" src=\"https:\/\/www.yishengpack.com\/wp-content\/uploads\/2025\/11\/Customized-Exquisite-Cake-Gift-Boxes-Food-Grade-Takeaway-Boxes-with-Clear-Window-Wholesale-3.webp\" alt=\"gable-cake-boxes-wholesale-food-grade-custom-takeaway-boxes-3\" class=\"wp-image-2537\" srcset=\"https:\/\/www.yishengpack.com\/wp-content\/uploads\/2025\/11\/Customized-Exquisite-Cake-Gift-Boxes-Food-Grade-Takeaway-Boxes-with-Clear-Window-Wholesale-3.webp 2048w, https:\/\/www.yishengpack.com\/wp-content\/uploads\/2025\/11\/Customized-Exquisite-Cake-Gift-Boxes-Food-Grade-Takeaway-Boxes-with-Clear-Window-Wholesale-3-300x300.webp 300w, https:\/\/www.yishengpack.com\/wp-content\/uploads\/2025\/11\/Customized-Exquisite-Cake-Gift-Boxes-Food-Grade-Takeaway-Boxes-with-Clear-Window-Wholesale-3-150x150.webp 150w, https:\/\/www.yishengpack.com\/wp-content\/uploads\/2025\/11\/Customized-Exquisite-Cake-Gift-Boxes-Food-Grade-Takeaway-Boxes-with-Clear-Window-Wholesale-3-768x768.webp 768w, https:\/\/www.yishengpack.com\/wp-content\/uploads\/2025\/11\/Customized-Exquisite-Cake-Gift-Boxes-Food-Grade-Takeaway-Boxes-with-Clear-Window-Wholesale-3-12x12.webp 12w, https:\/\/www.yishengpack.com\/wp-content\/uploads\/2025\/11\/Customized-Exquisite-Cake-Gift-Boxes-Food-Grade-Takeaway-Boxes-with-Clear-Window-Wholesale-3-1200x1200.webp 1200w, https:\/\/www.yishengpack.com\/wp-content\/uploads\/2025\/11\/Customized-Exquisite-Cake-Gift-Boxes-Food-Grade-Takeaway-Boxes-with-Clear-Window-Wholesale-3-600x600.webp 600w, https:\/\/www.yishengpack.com\/wp-content\/uploads\/2025\/11\/Customized-Exquisite-Cake-Gift-Boxes-Food-Grade-Takeaway-Boxes-with-Clear-Window-Wholesale-3-100x100.webp 100w\" sizes=\"(max-width: 2048px) 100vw, 2048px\" \/><\/figure>\n\n\n\n<div class=\"wp-block-buttons has-custom-font-size has-small-font-size is-content-justification-center is-layout-flex wp-container-core-buttons-is-layout-16018d1d wp-block-buttons-is-layout-flex\">\n<div class=\"wp-block-button has-custom-width wp-block-button__width-75\"><a class=\"wp-block-button__link has-background has-small-font-size has-custom-font-size wp-element-button\" href=\"https:\/\/www.yishengpack.com\/fr\/custom-box-inserts-accessories\/\" style=\"background:linear-gradient(135deg,rgb(254,205,165) 0%,rgb(254,45,45) 0%,rgb(94,15,15) 0%,rgb(94,15,15) 100%)\" target=\"_blank\" rel=\"noreferrer noopener\"><strong>D\u00e9couvrez les encarts personnalis\u00e9s<\/strong><\/a><\/div>\n<\/div>\n<\/div>\n<\/div>\n\n\n\n<p><\/p>","protected":false},"excerpt":{"rendered":"<p>Nous vous invitons \u00e0 acheter en gros nos bo\u00eetes \u00e0 g\u00e2teaux \u00e0 pignon, fabriqu\u00e9es \u00e0 partir de papier de qualit\u00e9 alimentaire, dot\u00e9es d'une fen\u00eatre de pr\u00e9sentation transparente et d'un design robuste \u00e0 porter \u00e0 la main, parfaites pour emballer les cheesecakes, les cupcakes et bien plus encore. De la taille, des couleurs et des motifs charmants au logo et aux inserts personnalis\u00e9s, elles sont enti\u00e8rement personnalisables pour correspondre \u00e0 votre marque. Convient aux boulangeries en gros et aux plats \u00e0 emporter.<\/p>\n<h2>Points forts des bo\u00eetes \u00e0 g\u00e2teaux \u00e0 pignon en gros<\/h2>\n<ul>\n<li>Personnalisation compl\u00e8te<\/li>\n<li>Mat\u00e9riaux \u00e9cologiques<\/li>\n<li>Impression exquise<\/li>\n<li>Plusieurs types de bo\u00eetes<\/li>\n<li>Couleurs vives<\/li>\n<li>Fen\u00eatre d'affichage transparente<\/li>\n<li>Conception portative<\/li>\n<li>Construction robuste<\/li>\n<\/ul>","protected":false},"featured_media":2535,"comment_status":"closed","ping_status":"closed","template":"","meta":{"_acf_changed":false},"box-type":[55,58],"product_brand":[],"product_cat":[30,19,41,46,71],"product_tag":[],"class_list":{"0":"post-2534","1":"product","2":"type-product","3":"status-publish","4":"has-post-thumbnail","6":"box-type-custom-foldable-boxes","7":"box-type-custom-window-gift-box","8":"product_cat-cake-containers-wholesale","9":"product_cat-luxury-gift-boxes-wholesale","10":"product_cat-candy-gift-boxes-wholesale","11":"product_cat-wholesale-paper-boxes","12":"product_cat-custom-takeout-boxes","14":"first","15":"instock","16":"shipping-taxable","17":"product-type-simple"},"acf":[],"_links":{"self":[{"href":"https:\/\/www.yishengpack.com\/fr\/wp-json\/wp\/v2\/product\/2534","targetHints":{"allow":["GET"]}}],"collection":[{"href":"https:\/\/www.yishengpack.com\/fr\/wp-json\/wp\/v2\/product"}],"about":[{"href":"https:\/\/www.yishengpack.com\/fr\/wp-json\/wp\/v2\/types\/product"}],"replies":[{"embeddable":true,"href":"https:\/\/www.yishengpack.com\/fr\/wp-json\/wp\/v2\/comments?post=2534"}],"wp:featuredmedia":[{"embeddable":true,"href":"https:\/\/www.yishengpack.com\/fr\/wp-json\/wp\/v2\/media\/2535"}],"wp:attachment":[{"href":"https:\/\/www.yishengpack.com\/fr\/wp-json\/wp\/v2\/media?parent=2534"}],"wp:term":[{"taxonomy":"box-type","embeddable":true,"href":"https:\/\/www.yishengpack.com\/fr\/wp-json\/wp\/v2\/box-type?post=2534"},{"taxonomy":"product_brand","embeddable":true,"href":"https:\/\/www.yishengpack.com\/fr\/wp-json\/wp\/v2\/product_brand?post=2534"},{"taxonomy":"product_cat","embeddable":true,"href":"https:\/\/www.yishengpack.com\/fr\/wp-json\/wp\/v2\/product_cat?post=2534"},{"taxonomy":"product_tag","embeddable":true,"href":"https:\/\/www.yishengpack.com\/fr\/wp-json\/wp\/v2\/product_tag?post=2534"}],"curies":[{"name":"wp","href":"https:\/\/api.w.org\/{rel}","templated":true}]}}