{"id":2526,"date":"2025-11-13T10:31:40","date_gmt":"2025-11-13T10:31:40","guid":{"rendered":"https:\/\/www.yishengpack.com\/?post_type=product&#038;p=2526"},"modified":"2025-11-14T01:05:54","modified_gmt":"2025-11-14T01:05:54","slug":"wholesale-takeout-boxes","status":"publish","type":"product","link":"https:\/\/www.yishengpack.com\/fr\/produit\/wholesale-takeout-boxes\/","title":{"rendered":"Bo\u00eetes \u00e0 emporter en gros, bo\u00eetes alimentaires personnalis\u00e9es pour le poulet frit"},"content":{"rendered":"<div class=\"wp-block-columns is-layout-flex wp-container-core-columns-is-layout-9d6595d7 wp-block-columns-is-layout-flex\">\n<div class=\"wp-block-column is-layout-flow wp-block-column-is-layout-flow\">\n<h3 class=\"wp-block-heading\">Caract\u00e9ristiques des bo\u00eetes \u00e0 emporter en gros<\/h3>\n\n\n\n<p><strong>Construction robuste et durable : <\/strong>Ces bo\u00eetes \u00e0 emporter en gros sont dot\u00e9es d'un papier solide et de lignes de pliage exactes qui ont une forte capacit\u00e9 de charge et ne se d\u00e9forment pas ou ne s'affaissent pas. Le couvercle robuste \u00e0 pression et la poign\u00e9e facile \u00e0 transporter sont parfaits pour le poulet frit, les frites et les hamburgers et facilitent l'emballage et le transport des plats \u00e0 emporter.<\/p>\n\n\n\n<p><strong>Mat\u00e9riaux sans danger pour le consommateur :<\/strong> Ces bo\u00eetes \u00e0 emporter en gros sont fabriqu\u00e9es avec du papier kraft ou du carton blanc de qualit\u00e9 alimentaire tr\u00e8s r\u00e9sistant, s\u00fbr et non toxique. La construction est \u00e9galement conforme aux normes internationales en mati\u00e8re de contact alimentaire. La couche int\u00e9rieure de la bo\u00eete \u00e0 emporter est recouverte d'un rev\u00eatement imperm\u00e9able \u00e0 l'huile et \u00e0 l'eau qui emp\u00eache la sauce ou la graisse de s'\u00e9couler.<\/p>\n\n\n\n<p><strong>Motifs \u00e0 th\u00e8me amusants :<\/strong> Ces bo\u00eetes \u00e0 emporter en gros pr\u00e9sentent des motifs amusants comme des flocons de neige, des c\u0153urs et des \u00e9toiles. Ces imprim\u00e9s ajoutent un attrait visuel \u00e0 la bo\u00eete et contribuent \u00e0 la pr\u00e9sentation de divers produits \u00e0 emporter tout en suivant des th\u00e8mes festifs ou de marketing.<\/p>\n\n\n\n<p><strong>Capacit\u00e9 du compartiment spacieux :<\/strong> Dot\u00e9e d'un compartiment spacieux, la bo\u00eete peut contenir plusieurs plats \u00e0 emporter. Elle convient \u00e0 divers aliments, tels que le poulet frit, les nuggets de poulet, les frites, les pizzas, les sandwiches, etc. Les bo\u00eetes \u00e0 emporter personnalis\u00e9es conviennent aux cha\u00eenes de restauration rapide, aux marques de plats \u00e0 emporter, aux emballages de restaurants, aux magasins de poulet frit et de hamburgers, et \u00e0 bien d'autres sc\u00e9narios.<\/p>\n\n\n\n<p><strong>Enti\u00e8rement personnalisable :<\/strong> Les bo\u00eetes d'emballage alimentaire personnalis\u00e9es permettent une personnalisation totale. Vous pouvez ajuster la taille, imprimer les logos des restaurants ou des graphiques sur le th\u00e8me de l'alimentation, et choisir les finitions de surface pour r\u00e9pondre aux besoins uniques des restaurants en mati\u00e8re d'image de marque.<\/p>\n<\/div>\n\n\n\n<div class=\"wp-block-column is-layout-flow wp-block-column-is-layout-flow\">\n<figure class=\"wp-block-image size-full\"><img decoding=\"async\" width=\"2048\" height=\"2048\" src=\"https:\/\/www.yishengpack.com\/wp-content\/uploads\/2025\/11\/Biodegrade-Take-Out-Paper-boxes-Wholesale-Customized-Fast-Food-Package-Box-for-Fried-Chicken-2.webp\" alt=\"grossiste-bo\u00eetes \u00e0 emporter-bo\u00eetes alimentaires personnalis\u00e9es-pour-poulet-frites-2\" class=\"wp-image-2528\" srcset=\"https:\/\/www.yishengpack.com\/wp-content\/uploads\/2025\/11\/Biodegrade-Take-Out-Paper-boxes-Wholesale-Customized-Fast-Food-Package-Box-for-Fried-Chicken-2.webp 2048w, https:\/\/www.yishengpack.com\/wp-content\/uploads\/2025\/11\/Biodegrade-Take-Out-Paper-boxes-Wholesale-Customized-Fast-Food-Package-Box-for-Fried-Chicken-2-300x300.webp 300w, https:\/\/www.yishengpack.com\/wp-content\/uploads\/2025\/11\/Biodegrade-Take-Out-Paper-boxes-Wholesale-Customized-Fast-Food-Package-Box-for-Fried-Chicken-2-150x150.webp 150w, https:\/\/www.yishengpack.com\/wp-content\/uploads\/2025\/11\/Biodegrade-Take-Out-Paper-boxes-Wholesale-Customized-Fast-Food-Package-Box-for-Fried-Chicken-2-768x768.webp 768w, https:\/\/www.yishengpack.com\/wp-content\/uploads\/2025\/11\/Biodegrade-Take-Out-Paper-boxes-Wholesale-Customized-Fast-Food-Package-Box-for-Fried-Chicken-2-12x12.webp 12w, https:\/\/www.yishengpack.com\/wp-content\/uploads\/2025\/11\/Biodegrade-Take-Out-Paper-boxes-Wholesale-Customized-Fast-Food-Package-Box-for-Fried-Chicken-2-1200x1200.webp 1200w, https:\/\/www.yishengpack.com\/wp-content\/uploads\/2025\/11\/Biodegrade-Take-Out-Paper-boxes-Wholesale-Customized-Fast-Food-Package-Box-for-Fried-Chicken-2-600x600.webp 600w, https:\/\/www.yishengpack.com\/wp-content\/uploads\/2025\/11\/Biodegrade-Take-Out-Paper-boxes-Wholesale-Customized-Fast-Food-Package-Box-for-Fried-Chicken-2-100x100.webp 100w\" sizes=\"(max-width: 2048px) 100vw, 2048px\" \/><\/figure>\n<\/div>\n<\/div>\n\n\n\n<div class=\"wp-block-columns is-layout-flex wp-container-core-columns-is-layout-9d6595d7 wp-block-columns-is-layout-flex\">\n<div class=\"wp-block-column is-layout-flow wp-block-column-is-layout-flow\">\n<figure class=\"wp-block-image size-full\"><img decoding=\"async\" width=\"2048\" height=\"2048\" src=\"https:\/\/www.yishengpack.com\/wp-content\/uploads\/2025\/11\/Biodegrade-Take-Out-Paper-boxes-Wholesale-Customized-Fast-Food-Package-Box-for-Fried-Chicken-3.webp\" alt=\"grossiste-bo\u00eetes \u00e0 emporter-bo\u00eetes alimentaires personnalis\u00e9es-pour-poulet-frites-3\" class=\"wp-image-2529\" srcset=\"https:\/\/www.yishengpack.com\/wp-content\/uploads\/2025\/11\/Biodegrade-Take-Out-Paper-boxes-Wholesale-Customized-Fast-Food-Package-Box-for-Fried-Chicken-3.webp 2048w, https:\/\/www.yishengpack.com\/wp-content\/uploads\/2025\/11\/Biodegrade-Take-Out-Paper-boxes-Wholesale-Customized-Fast-Food-Package-Box-for-Fried-Chicken-3-300x300.webp 300w, https:\/\/www.yishengpack.com\/wp-content\/uploads\/2025\/11\/Biodegrade-Take-Out-Paper-boxes-Wholesale-Customized-Fast-Food-Package-Box-for-Fried-Chicken-3-150x150.webp 150w, https:\/\/www.yishengpack.com\/wp-content\/uploads\/2025\/11\/Biodegrade-Take-Out-Paper-boxes-Wholesale-Customized-Fast-Food-Package-Box-for-Fried-Chicken-3-768x768.webp 768w, https:\/\/www.yishengpack.com\/wp-content\/uploads\/2025\/11\/Biodegrade-Take-Out-Paper-boxes-Wholesale-Customized-Fast-Food-Package-Box-for-Fried-Chicken-3-12x12.webp 12w, https:\/\/www.yishengpack.com\/wp-content\/uploads\/2025\/11\/Biodegrade-Take-Out-Paper-boxes-Wholesale-Customized-Fast-Food-Package-Box-for-Fried-Chicken-3-1200x1200.webp 1200w, https:\/\/www.yishengpack.com\/wp-content\/uploads\/2025\/11\/Biodegrade-Take-Out-Paper-boxes-Wholesale-Customized-Fast-Food-Package-Box-for-Fried-Chicken-3-600x600.webp 600w, https:\/\/www.yishengpack.com\/wp-content\/uploads\/2025\/11\/Biodegrade-Take-Out-Paper-boxes-Wholesale-Customized-Fast-Food-Package-Box-for-Fried-Chicken-3-100x100.webp 100w\" sizes=\"(max-width: 2048px) 100vw, 2048px\" \/><\/figure>\n\n\n\n<div class=\"wp-block-buttons has-custom-font-size has-small-font-size is-content-justification-center is-layout-flex wp-container-core-buttons-is-layout-16018d1d wp-block-buttons-is-layout-flex\">\n<div class=\"wp-block-button has-custom-width wp-block-button__width-75\"><a class=\"wp-block-button__link has-background has-small-font-size has-custom-font-size wp-element-button\" href=\"https:\/\/www.yishengpack.com\/fr\/custom-printed-box\/\" style=\"background:linear-gradient(135deg,rgb(254,205,165) 0%,rgb(254,45,45) 0%,rgb(94,15,15) 0%,rgb(94,15,15) 100%)\" target=\"_blank\" rel=\"noreferrer noopener\"><strong>D\u00e9couvrez les bo\u00eetes imprim\u00e9es personnalis\u00e9es<\/strong><\/a><\/div>\n<\/div>\n<\/div>\n\n\n\n<div class=\"wp-block-column is-layout-flow wp-block-column-is-layout-flow\">\n<figure class=\"wp-block-image size-full\"><img decoding=\"async\" width=\"2048\" height=\"2048\" src=\"https:\/\/www.yishengpack.com\/wp-content\/uploads\/2025\/11\/Biodegrade-Take-Out-Paper-boxes-Wholesale-Customized-Fast-Food-Package-Box-for-Fried-Chicken-6.webp\" alt=\"grossiste-bo\u00eetes \u00e0 emporter-bo\u00eetes alimentaires personnalis\u00e9es-pour-poulet-frites-6\" class=\"wp-image-2532\" srcset=\"https:\/\/www.yishengpack.com\/wp-content\/uploads\/2025\/11\/Biodegrade-Take-Out-Paper-boxes-Wholesale-Customized-Fast-Food-Package-Box-for-Fried-Chicken-6.webp 2048w, https:\/\/www.yishengpack.com\/wp-content\/uploads\/2025\/11\/Biodegrade-Take-Out-Paper-boxes-Wholesale-Customized-Fast-Food-Package-Box-for-Fried-Chicken-6-300x300.webp 300w, https:\/\/www.yishengpack.com\/wp-content\/uploads\/2025\/11\/Biodegrade-Take-Out-Paper-boxes-Wholesale-Customized-Fast-Food-Package-Box-for-Fried-Chicken-6-150x150.webp 150w, https:\/\/www.yishengpack.com\/wp-content\/uploads\/2025\/11\/Biodegrade-Take-Out-Paper-boxes-Wholesale-Customized-Fast-Food-Package-Box-for-Fried-Chicken-6-768x768.webp 768w, https:\/\/www.yishengpack.com\/wp-content\/uploads\/2025\/11\/Biodegrade-Take-Out-Paper-boxes-Wholesale-Customized-Fast-Food-Package-Box-for-Fried-Chicken-6-12x12.webp 12w, https:\/\/www.yishengpack.com\/wp-content\/uploads\/2025\/11\/Biodegrade-Take-Out-Paper-boxes-Wholesale-Customized-Fast-Food-Package-Box-for-Fried-Chicken-6-1200x1200.webp 1200w, https:\/\/www.yishengpack.com\/wp-content\/uploads\/2025\/11\/Biodegrade-Take-Out-Paper-boxes-Wholesale-Customized-Fast-Food-Package-Box-for-Fried-Chicken-6-600x600.webp 600w, https:\/\/www.yishengpack.com\/wp-content\/uploads\/2025\/11\/Biodegrade-Take-Out-Paper-boxes-Wholesale-Customized-Fast-Food-Package-Box-for-Fried-Chicken-6-100x100.webp 100w\" sizes=\"(max-width: 2048px) 100vw, 2048px\" \/><\/figure>\n\n\n\n<div class=\"wp-block-buttons has-custom-font-size has-small-font-size is-content-justification-center is-layout-flex wp-container-core-buttons-is-layout-16018d1d wp-block-buttons-is-layout-flex\">\n<div class=\"wp-block-button has-custom-width wp-block-button__width-75\"><a class=\"wp-block-button__link has-background has-small-font-size has-custom-font-size wp-element-button\" href=\"https:\/\/www.yishengpack.com\/fr\/custom-product-boxes-types\/\" style=\"background:linear-gradient(135deg,rgb(254,205,165) 0%,rgb(254,45,45) 0%,rgb(94,15,15) 0%,rgb(94,15,15) 100%)\" target=\"_blank\" rel=\"noreferrer noopener\"><strong>Explorer les types de bo\u00eetes personnalis\u00e9es<\/strong><\/a><\/div>\n<\/div>\n<\/div>\n<\/div>\n\n\n\n<p><\/p>","protected":false},"excerpt":{"rendered":"<p>Nous vous invitons \u00e0 acheter nos bo\u00eetes \u00e0 emporter en gros, fabriqu\u00e9es \u00e0 partir de papier durable, de qualit\u00e9 alimentaire et r\u00e9sistant \u00e0 l'huile. Ces bo\u00eetes d'emballage alimentaire personnalis\u00e9es sont parfaites pour emballer le poulet frit, les frites, les hamburgers, les nuggets de poulet et bien plus encore. Enti\u00e8rement personnalisables avec votre logo et votre design, elles am\u00e9liorent la reconnaissance de la marque, ce qui est id\u00e9al pour les restaurants, les caf\u00e9s et les emballages de livraison de nourriture.<\/p>\n<h2>Points forts des bo\u00eetes \u00e0 emporter en gros<\/h2>\n<ul>\n<li>Personnalisation<\/li>\n<li>Mat\u00e9riaux imperm\u00e9ables<\/li>\n<li>Impression artisanale exquise<\/li>\n<li>Plusieurs tailles de bo\u00eetes<\/li>\n<li>Couleurs vives<\/li>\n<li>Construction robuste<\/li>\n<li>Poign\u00e9e portable<\/li>\n<li>Conception Snap-On<\/li>\n<\/ul>","protected":false},"featured_media":2527,"comment_status":"closed","ping_status":"closed","template":"","meta":{"_acf_changed":false},"box-type":[55],"product_brand":[],"product_cat":[46,33,71],"product_tag":[],"class_list":{"0":"post-2526","1":"product","2":"type-product","3":"status-publish","4":"has-post-thumbnail","6":"box-type-custom-foldable-boxes","7":"product_cat-wholesale-paper-boxes","8":"product_cat-food-packaging-boxes-wholesale","9":"product_cat-custom-takeout-boxes","11":"first","12":"instock","13":"shipping-taxable","14":"product-type-simple"},"acf":[],"_links":{"self":[{"href":"https:\/\/www.yishengpack.com\/fr\/wp-json\/wp\/v2\/product\/2526","targetHints":{"allow":["GET"]}}],"collection":[{"href":"https:\/\/www.yishengpack.com\/fr\/wp-json\/wp\/v2\/product"}],"about":[{"href":"https:\/\/www.yishengpack.com\/fr\/wp-json\/wp\/v2\/types\/product"}],"replies":[{"embeddable":true,"href":"https:\/\/www.yishengpack.com\/fr\/wp-json\/wp\/v2\/comments?post=2526"}],"wp:featuredmedia":[{"embeddable":true,"href":"https:\/\/www.yishengpack.com\/fr\/wp-json\/wp\/v2\/media\/2527"}],"wp:attachment":[{"href":"https:\/\/www.yishengpack.com\/fr\/wp-json\/wp\/v2\/media?parent=2526"}],"wp:term":[{"taxonomy":"box-type","embeddable":true,"href":"https:\/\/www.yishengpack.com\/fr\/wp-json\/wp\/v2\/box-type?post=2526"},{"taxonomy":"product_brand","embeddable":true,"href":"https:\/\/www.yishengpack.com\/fr\/wp-json\/wp\/v2\/product_brand?post=2526"},{"taxonomy":"product_cat","embeddable":true,"href":"https:\/\/www.yishengpack.com\/fr\/wp-json\/wp\/v2\/product_cat?post=2526"},{"taxonomy":"product_tag","embeddable":true,"href":"https:\/\/www.yishengpack.com\/fr\/wp-json\/wp\/v2\/product_tag?post=2526"}],"curies":[{"name":"wp","href":"https:\/\/api.w.org\/{rel}","templated":true}]}}