{"id":2509,"date":"2025-11-13T09:46:10","date_gmt":"2025-11-13T09:46:10","guid":{"rendered":"https:\/\/www.yishengpack.com\/?post_type=product&#038;p=2509"},"modified":"2025-11-13T09:46:41","modified_gmt":"2025-11-13T09:46:41","slug":"paper-bakery-bags-wholesale","status":"publish","type":"product","link":"https:\/\/www.yishengpack.com\/fr\/produit\/paper-bakery-bags-wholesale\/","title":{"rendered":"Sacs de boulangerie en papier recycl\u00e9 Wholesale, Sacs imprim\u00e9s personnalis\u00e9s"},"content":{"rendered":"<div class=\"wp-block-columns is-layout-flex wp-container-core-columns-is-layout-9d6595d7 wp-block-columns-is-layout-flex\">\n<div class=\"wp-block-column is-layout-flow wp-block-column-is-layout-flow\">\n<h3 class=\"wp-block-heading\">Caract\u00e9ristiques des sacs de boulangerie en papier en gros<\/h3>\n\n\n\n<p><strong>Conception durable pour les produits de boulangerie :<\/strong> Les sacs de boulangerie en papier recycl\u00e9 sont dot\u00e9s d'une pochette en papier \u00e9pais qui offre une rigidit\u00e9 et une capacit\u00e9 de charge incroyables. Cela signifie que les produits de boulangerie tels que les croissants et les bagels sont s\u00e9curis\u00e9s sans se d\u00e9chirer. Le sac a des plis parfaits et une structure inf\u00e9rieure renforc\u00e9e qui ne se pliera pas et ne se cassera pas.<\/p>\n\n\n\n<p><strong>Papier \u00e9co-recycl\u00e9 Mat\u00e9riau :<\/strong> Ces sacs imprim\u00e9s personnalis\u00e9s utilisent du papier \u00e9co-recycl\u00e9, un choix respectueux de l'environnement pour les boulangeries. Ils permettent un emballage durable sans compromettre la qualit\u00e9 de la p\u00e2tisserie.<\/p>\n\n\n\n<p><strong>Impression de qualit\u00e9 sup\u00e9rieure : <\/strong>Les sacs de boulangerie en papier recycl\u00e9 peuvent \u00eatre personnalis\u00e9s avec le logo de votre marque, un dessin ou des graphiques de produits de boulangerie. Ils sont visuellement frappants et favorisent les relations publiques, l'image de marque et l'exp\u00e9rience des clients. Id\u00e9al pour les croissants, les bagels ou les produits de boulangerie faits maison \u00e0 emporter.<\/p>\n\n\n\n<p><strong>Vari\u00e9t\u00e9 d'utilisations :<\/strong> Les sacs de boulangerie en papier recycl\u00e9 avec papier couch\u00e9 r\u00e9sistant \u00e0 l'huile ou film int\u00e9rieur en PE emp\u00eachent la graisse et l'humidit\u00e9 de p\u00e9n\u00e9trer dans le sac tout en conservant la fra\u00eecheur des produits de boulangerie. Id\u00e9al pour une utilisation commerciale dans une boulangerie, un caf\u00e9, un magasin de desserts, une livraison de nourriture ou une exposition.<\/p>\n\n\n\n<p><strong>Diff\u00e9rentes tailles :<\/strong> Ces sacs kraft imprim\u00e9s personnalis\u00e9s sont disponibles dans une vari\u00e9t\u00e9 de tailles et de styles pour r\u00e9pondre aux besoins d'emballage de votre boulangerie, de votre caf\u00e9 ou de votre atelier de boulangerie. Les prix de gros et le service OEM\/ODM sont disponibles pour les boulangeries de toutes tailles.<\/p>\n<\/div>\n\n\n\n<div class=\"wp-block-column is-layout-flow wp-block-column-is-layout-flow\">\n<figure class=\"wp-block-image size-full\"><img decoding=\"async\" width=\"2048\" height=\"2048\" src=\"https:\/\/www.yishengpack.com\/wp-content\/uploads\/2025\/11\/Wholesale-Bulk-Recycled-Paper-Bags-Bakery-Package-Bags-with-Custom-Printed-Logo-2.webp\" alt=\"sacs en papier recycl\u00e9 pour boulangerie-sacs en gros-sacs imprim\u00e9s personnalis\u00e9s-2\" class=\"wp-image-2520\" srcset=\"https:\/\/www.yishengpack.com\/wp-content\/uploads\/2025\/11\/Wholesale-Bulk-Recycled-Paper-Bags-Bakery-Package-Bags-with-Custom-Printed-Logo-2.webp 2048w, https:\/\/www.yishengpack.com\/wp-content\/uploads\/2025\/11\/Wholesale-Bulk-Recycled-Paper-Bags-Bakery-Package-Bags-with-Custom-Printed-Logo-2-300x300.webp 300w, https:\/\/www.yishengpack.com\/wp-content\/uploads\/2025\/11\/Wholesale-Bulk-Recycled-Paper-Bags-Bakery-Package-Bags-with-Custom-Printed-Logo-2-150x150.webp 150w, https:\/\/www.yishengpack.com\/wp-content\/uploads\/2025\/11\/Wholesale-Bulk-Recycled-Paper-Bags-Bakery-Package-Bags-with-Custom-Printed-Logo-2-768x768.webp 768w, https:\/\/www.yishengpack.com\/wp-content\/uploads\/2025\/11\/Wholesale-Bulk-Recycled-Paper-Bags-Bakery-Package-Bags-with-Custom-Printed-Logo-2-12x12.webp 12w, https:\/\/www.yishengpack.com\/wp-content\/uploads\/2025\/11\/Wholesale-Bulk-Recycled-Paper-Bags-Bakery-Package-Bags-with-Custom-Printed-Logo-2-1200x1200.webp 1200w, https:\/\/www.yishengpack.com\/wp-content\/uploads\/2025\/11\/Wholesale-Bulk-Recycled-Paper-Bags-Bakery-Package-Bags-with-Custom-Printed-Logo-2-600x600.webp 600w, https:\/\/www.yishengpack.com\/wp-content\/uploads\/2025\/11\/Wholesale-Bulk-Recycled-Paper-Bags-Bakery-Package-Bags-with-Custom-Printed-Logo-2-100x100.webp 100w\" sizes=\"(max-width: 2048px) 100vw, 2048px\" \/><\/figure>\n<\/div>\n<\/div>\n\n\n\n<div class=\"wp-block-columns is-layout-flex wp-container-core-columns-is-layout-9d6595d7 wp-block-columns-is-layout-flex\">\n<div class=\"wp-block-column is-layout-flow wp-block-column-is-layout-flow\">\n<figure class=\"wp-block-image size-full\"><img decoding=\"async\" width=\"2048\" height=\"2048\" src=\"https:\/\/www.yishengpack.com\/wp-content\/uploads\/2025\/11\/Wholesale-Bulk-Recycled-Paper-Bags-Bakery-Package-Bags-with-Custom-Printed-Logo-3.webp\" alt=\"sacs en papier recycl\u00e9 pour boulangerie-sacs en gros-sacs imprim\u00e9s personnalis\u00e9s-3\" class=\"wp-image-2521\" srcset=\"https:\/\/www.yishengpack.com\/wp-content\/uploads\/2025\/11\/Wholesale-Bulk-Recycled-Paper-Bags-Bakery-Package-Bags-with-Custom-Printed-Logo-3.webp 2048w, https:\/\/www.yishengpack.com\/wp-content\/uploads\/2025\/11\/Wholesale-Bulk-Recycled-Paper-Bags-Bakery-Package-Bags-with-Custom-Printed-Logo-3-300x300.webp 300w, https:\/\/www.yishengpack.com\/wp-content\/uploads\/2025\/11\/Wholesale-Bulk-Recycled-Paper-Bags-Bakery-Package-Bags-with-Custom-Printed-Logo-3-150x150.webp 150w, https:\/\/www.yishengpack.com\/wp-content\/uploads\/2025\/11\/Wholesale-Bulk-Recycled-Paper-Bags-Bakery-Package-Bags-with-Custom-Printed-Logo-3-768x768.webp 768w, https:\/\/www.yishengpack.com\/wp-content\/uploads\/2025\/11\/Wholesale-Bulk-Recycled-Paper-Bags-Bakery-Package-Bags-with-Custom-Printed-Logo-3-12x12.webp 12w, https:\/\/www.yishengpack.com\/wp-content\/uploads\/2025\/11\/Wholesale-Bulk-Recycled-Paper-Bags-Bakery-Package-Bags-with-Custom-Printed-Logo-3-1200x1200.webp 1200w, https:\/\/www.yishengpack.com\/wp-content\/uploads\/2025\/11\/Wholesale-Bulk-Recycled-Paper-Bags-Bakery-Package-Bags-with-Custom-Printed-Logo-3-600x600.webp 600w, https:\/\/www.yishengpack.com\/wp-content\/uploads\/2025\/11\/Wholesale-Bulk-Recycled-Paper-Bags-Bakery-Package-Bags-with-Custom-Printed-Logo-3-100x100.webp 100w\" sizes=\"(max-width: 2048px) 100vw, 2048px\" \/><\/figure>\n\n\n\n<div class=\"wp-block-buttons has-custom-font-size has-small-font-size is-content-justification-center is-layout-flex wp-container-core-buttons-is-layout-16018d1d wp-block-buttons-is-layout-flex\">\n<div class=\"wp-block-button has-custom-width wp-block-button__width-75\"><a class=\"wp-block-button__link has-background has-small-font-size has-custom-font-size wp-element-button\" href=\"https:\/\/www.yishengpack.com\/fr\/custom-printed-box\/\" style=\"background:linear-gradient(135deg,rgb(254,205,165) 0%,rgb(254,45,45) 0%,rgb(94,15,15) 0%,rgb(94,15,15) 100%)\" target=\"_blank\" rel=\"noreferrer noopener\"><strong>D\u00e9couvrez les bo\u00eetes imprim\u00e9es personnalis\u00e9es<\/strong><\/a><\/div>\n<\/div>\n<\/div>\n\n\n\n<div class=\"wp-block-column is-layout-flow wp-block-column-is-layout-flow\">\n<figure class=\"wp-block-image size-full\"><img decoding=\"async\" width=\"2048\" height=\"2048\" src=\"https:\/\/www.yishengpack.com\/wp-content\/uploads\/2025\/11\/Wholesale-Bulk-Recycled-Paper-Bags-Bakery-Package-Bags-with-Custom-Printed-Logo-5.webp\" alt=\"sacs en papier recycl\u00e9 pour boulangerie-sacs en gros-sacs imprim\u00e9s personnalis\u00e9s-5\" class=\"wp-image-2523\" srcset=\"https:\/\/www.yishengpack.com\/wp-content\/uploads\/2025\/11\/Wholesale-Bulk-Recycled-Paper-Bags-Bakery-Package-Bags-with-Custom-Printed-Logo-5.webp 2048w, https:\/\/www.yishengpack.com\/wp-content\/uploads\/2025\/11\/Wholesale-Bulk-Recycled-Paper-Bags-Bakery-Package-Bags-with-Custom-Printed-Logo-5-300x300.webp 300w, https:\/\/www.yishengpack.com\/wp-content\/uploads\/2025\/11\/Wholesale-Bulk-Recycled-Paper-Bags-Bakery-Package-Bags-with-Custom-Printed-Logo-5-150x150.webp 150w, https:\/\/www.yishengpack.com\/wp-content\/uploads\/2025\/11\/Wholesale-Bulk-Recycled-Paper-Bags-Bakery-Package-Bags-with-Custom-Printed-Logo-5-768x768.webp 768w, https:\/\/www.yishengpack.com\/wp-content\/uploads\/2025\/11\/Wholesale-Bulk-Recycled-Paper-Bags-Bakery-Package-Bags-with-Custom-Printed-Logo-5-12x12.webp 12w, https:\/\/www.yishengpack.com\/wp-content\/uploads\/2025\/11\/Wholesale-Bulk-Recycled-Paper-Bags-Bakery-Package-Bags-with-Custom-Printed-Logo-5-1200x1200.webp 1200w, https:\/\/www.yishengpack.com\/wp-content\/uploads\/2025\/11\/Wholesale-Bulk-Recycled-Paper-Bags-Bakery-Package-Bags-with-Custom-Printed-Logo-5-600x600.webp 600w, https:\/\/www.yishengpack.com\/wp-content\/uploads\/2025\/11\/Wholesale-Bulk-Recycled-Paper-Bags-Bakery-Package-Bags-with-Custom-Printed-Logo-5-100x100.webp 100w\" sizes=\"(max-width: 2048px) 100vw, 2048px\" \/><\/figure>\n\n\n\n<div class=\"wp-block-buttons has-custom-font-size has-small-font-size is-content-justification-center is-layout-flex wp-container-core-buttons-is-layout-16018d1d wp-block-buttons-is-layout-flex\">\n<div class=\"wp-block-button has-custom-width wp-block-button__width-75\"><a class=\"wp-block-button__link has-background has-small-font-size has-custom-font-size wp-element-button\" href=\"https:\/\/www.yishengpack.com\/fr\/custom-product-boxes-types\/\" style=\"background:linear-gradient(135deg,rgb(254,205,165) 0%,rgb(254,45,45) 0%,rgb(94,15,15) 0%,rgb(94,15,15) 100%)\" target=\"_blank\" rel=\"noreferrer noopener\"><strong>Explorer Custom B<\/strong>ag<strong> Accessoires<\/strong><\/a><\/div>\n<\/div>\n<\/div>\n<\/div>","protected":false},"excerpt":{"rendered":"<p>Nous vous invitons \u00e0 acheter en gros nos sacs de boulangerie en papier recycl\u00e9, parfaits pour contenir des croissants, des bagels, des biscuits et bien d'autres choses encore. Fabriqu\u00e9s \u00e0 partir de mat\u00e9riaux recycl\u00e9s durables et dot\u00e9s d'un design pratique, ils allient la responsabilit\u00e9 environnementale au charme de la boulangerie pour l'emballage des p\u00e2tisseries. Durables, r\u00e9sistants \u00e0 l'huile et personnalisables avec votre logo ou votre dessin, ils sont id\u00e9aux pour l'emballage durable des p\u00e2tisseries et la promotion de la marque en gros.<\/p>\n<h2>Points forts des sacs de boulangerie en papier recycl\u00e9 (vente en gros)<\/h2>\n<ul>\n<li>Possibilit\u00e9 de personnalisation compl\u00e8te<\/li>\n<li>Mat\u00e9riaux biod\u00e9gradables<\/li>\n<li>Impression de haute qualit\u00e9<\/li>\n<li>Plusieurs tailles de sacs<\/li>\n<li>Services OEM\/ODM<\/li>\n<li>Accessoires personnalisables<\/li>\n<li>Un travail soign\u00e9<\/li>\n<li>Pratique pour le stockage<\/li>\n<\/ul>","protected":false},"featured_media":2519,"comment_status":"closed","ping_status":"closed","template":"","meta":{"_acf_changed":false},"box-type":[49],"product_brand":[],"product_cat":[34,38],"product_tag":[],"class_list":{"0":"post-2509","1":"product","2":"type-product","3":"status-publish","4":"has-post-thumbnail","6":"box-type-custom-die-cut-paper-bag","7":"product_cat-paper-bags-wholesale","8":"product_cat-bakery-paper-bags-wholesale","10":"first","11":"instock","12":"shipping-taxable","13":"product-type-simple"},"acf":[],"_links":{"self":[{"href":"https:\/\/www.yishengpack.com\/fr\/wp-json\/wp\/v2\/product\/2509","targetHints":{"allow":["GET"]}}],"collection":[{"href":"https:\/\/www.yishengpack.com\/fr\/wp-json\/wp\/v2\/product"}],"about":[{"href":"https:\/\/www.yishengpack.com\/fr\/wp-json\/wp\/v2\/types\/product"}],"replies":[{"embeddable":true,"href":"https:\/\/www.yishengpack.com\/fr\/wp-json\/wp\/v2\/comments?post=2509"}],"wp:featuredmedia":[{"embeddable":true,"href":"https:\/\/www.yishengpack.com\/fr\/wp-json\/wp\/v2\/media\/2519"}],"wp:attachment":[{"href":"https:\/\/www.yishengpack.com\/fr\/wp-json\/wp\/v2\/media?parent=2509"}],"wp:term":[{"taxonomy":"box-type","embeddable":true,"href":"https:\/\/www.yishengpack.com\/fr\/wp-json\/wp\/v2\/box-type?post=2509"},{"taxonomy":"product_brand","embeddable":true,"href":"https:\/\/www.yishengpack.com\/fr\/wp-json\/wp\/v2\/product_brand?post=2509"},{"taxonomy":"product_cat","embeddable":true,"href":"https:\/\/www.yishengpack.com\/fr\/wp-json\/wp\/v2\/product_cat?post=2509"},{"taxonomy":"product_tag","embeddable":true,"href":"https:\/\/www.yishengpack.com\/fr\/wp-json\/wp\/v2\/product_tag?post=2509"}],"curies":[{"name":"wp","href":"https:\/\/api.w.org\/{rel}","templated":true}]}}