{"id":2492,"date":"2025-11-09T07:17:49","date_gmt":"2025-11-09T07:17:49","guid":{"rendered":"https:\/\/www.yishengpack.com\/?post_type=product&#038;p=2492"},"modified":"2025-11-09T07:18:34","modified_gmt":"2025-11-09T07:18:34","slug":"clothing-gift-bags-bulk","status":"publish","type":"product","link":"https:\/\/www.yishengpack.com\/fr\/produit\/clothing-gift-bags-bulk\/","title":{"rendered":"Hot Sale Custom Clothing Gift Bags Bulk with Rope Handles (Sacs cadeaux pour v\u00eatements en vrac avec poign\u00e9es en corde)"},"content":{"rendered":"<div class=\"wp-block-columns is-layout-flex wp-container-core-columns-is-layout-9d6595d7 wp-block-columns-is-layout-flex\">\n<div class=\"wp-block-column is-layout-flow wp-block-column-is-layout-flow\">\n<h3 class=\"wp-block-heading\">Caract\u00e9ristiques des sacs cadeaux pour v\u00eatements en vrac<\/h3>\n\n\n\n<p><strong>Poign\u00e9e en corde pour une \u00e9l\u00e9gance rustique : <\/strong>Nos sacs cadeaux pour v\u00eatements en vrac sont dot\u00e9s d'une poign\u00e9e d\u00e9corative en corde pour une exp\u00e9rience de transport rustique mais \u00e9l\u00e9gante. Les sacs \u00e0 v\u00eatements en vrac sont parfaits pour contenir des costumes, des jupes et des pantalons. Qu'ils soient rang\u00e9s dans une armoire ou pr\u00e9sent\u00e9s dans l'un de nos sacs cadeaux, ils feront preuve d'une grande \u00e9l\u00e9gance.<\/p>\n\n\n\n<p><strong>Conception \u00e0 grande capacit\u00e9 : <\/strong>Les sacs cadeaux pour v\u00eatements en vrac sont dot\u00e9s d'une base large et \u00e9paissie qui offre beaucoup d'espace. Ces sacs sont parfaits pour ranger les tenues, les robes et les pantalons, afin que les articles vestimentaires restent organis\u00e9s et pr\u00e9sentables.<\/p>\n\n\n\n<p><strong>Papier de qualit\u00e9 sup\u00e9rieure : <\/strong>Nous avons veill\u00e9 \u00e0 ce que le papier soit lisse et plat afin d'\u00e9viter les plis et la fragilit\u00e9, et \u00e0 ce qu'il soit le plus solide possible dans les sacs sur\u00e9lev\u00e9s afin d'ajouter un peu plus de luxe \u00e0 l'exp\u00e9rience du cadeau.<\/p>\n\n\n\n<p><strong>Des s\u00e9lections de motifs charmants :<\/strong> Les sacs cadeaux pour v\u00eatements en vrac sont propos\u00e9s avec de charmants motifs tels que des papillons, des \u00e9toiles et des imprim\u00e9s floraux. Ces motifs rendent le sac visuellement attrayant, id\u00e9al pour pr\u00e9senter divers articles vestimentaires.<\/p>\n\n\n\n<p><strong>Convient aux commandes en gros et \u00e0 l'utilisation commerciale :<\/strong> Ces sacs en papier imprim\u00e9s permettent une personnalisation compl\u00e8te. Disponibles en gros, ils conviennent aux magasins de v\u00eatements, aux boutiques de marque, aux promotions de vacances et aux emballages cadeaux.<\/p>\n<\/div>\n\n\n\n<div class=\"wp-block-column is-layout-flow wp-block-column-is-layout-flow\">\n<figure class=\"wp-block-image size-full\"><img decoding=\"async\" width=\"2048\" height=\"2048\" src=\"https:\/\/www.yishengpack.com\/wp-content\/uploads\/2025\/11\/Hot-Sale-Wholesale-Garment-Gift-Bags-Custom-Eco-Friendly-Paper-Bags-with-Handle-6.webp\" alt=\"hot-sale-custom-clothing-gift-bags-wulk-with-rope-handles-6\" class=\"wp-image-2498\" srcset=\"https:\/\/www.yishengpack.com\/wp-content\/uploads\/2025\/11\/Hot-Sale-Wholesale-Garment-Gift-Bags-Custom-Eco-Friendly-Paper-Bags-with-Handle-6.webp 2048w, https:\/\/www.yishengpack.com\/wp-content\/uploads\/2025\/11\/Hot-Sale-Wholesale-Garment-Gift-Bags-Custom-Eco-Friendly-Paper-Bags-with-Handle-6-300x300.webp 300w, https:\/\/www.yishengpack.com\/wp-content\/uploads\/2025\/11\/Hot-Sale-Wholesale-Garment-Gift-Bags-Custom-Eco-Friendly-Paper-Bags-with-Handle-6-150x150.webp 150w, https:\/\/www.yishengpack.com\/wp-content\/uploads\/2025\/11\/Hot-Sale-Wholesale-Garment-Gift-Bags-Custom-Eco-Friendly-Paper-Bags-with-Handle-6-768x768.webp 768w, https:\/\/www.yishengpack.com\/wp-content\/uploads\/2025\/11\/Hot-Sale-Wholesale-Garment-Gift-Bags-Custom-Eco-Friendly-Paper-Bags-with-Handle-6-12x12.webp 12w, https:\/\/www.yishengpack.com\/wp-content\/uploads\/2025\/11\/Hot-Sale-Wholesale-Garment-Gift-Bags-Custom-Eco-Friendly-Paper-Bags-with-Handle-6-1200x1200.webp 1200w, https:\/\/www.yishengpack.com\/wp-content\/uploads\/2025\/11\/Hot-Sale-Wholesale-Garment-Gift-Bags-Custom-Eco-Friendly-Paper-Bags-with-Handle-6-600x600.webp 600w, https:\/\/www.yishengpack.com\/wp-content\/uploads\/2025\/11\/Hot-Sale-Wholesale-Garment-Gift-Bags-Custom-Eco-Friendly-Paper-Bags-with-Handle-6-100x100.webp 100w\" sizes=\"(max-width: 2048px) 100vw, 2048px\" \/><\/figure>\n<\/div>\n<\/div>\n\n\n\n<div class=\"wp-block-columns is-layout-flex wp-container-core-columns-is-layout-9d6595d7 wp-block-columns-is-layout-flex\">\n<div class=\"wp-block-column is-layout-flow wp-block-column-is-layout-flow\">\n<figure class=\"wp-block-image size-full\"><img decoding=\"async\" width=\"2048\" height=\"2048\" src=\"https:\/\/www.yishengpack.com\/wp-content\/uploads\/2025\/11\/Hot-Sale-Wholesale-Garment-Gift-Bags-Custom-Eco-Friendly-Paper-Bags-with-Handle-2.webp\" alt=\"hot-sale-custom-clothing-gift-bags-bulk-with-rope-handles-2\" class=\"wp-image-2494\" srcset=\"https:\/\/www.yishengpack.com\/wp-content\/uploads\/2025\/11\/Hot-Sale-Wholesale-Garment-Gift-Bags-Custom-Eco-Friendly-Paper-Bags-with-Handle-2.webp 2048w, https:\/\/www.yishengpack.com\/wp-content\/uploads\/2025\/11\/Hot-Sale-Wholesale-Garment-Gift-Bags-Custom-Eco-Friendly-Paper-Bags-with-Handle-2-300x300.webp 300w, https:\/\/www.yishengpack.com\/wp-content\/uploads\/2025\/11\/Hot-Sale-Wholesale-Garment-Gift-Bags-Custom-Eco-Friendly-Paper-Bags-with-Handle-2-150x150.webp 150w, https:\/\/www.yishengpack.com\/wp-content\/uploads\/2025\/11\/Hot-Sale-Wholesale-Garment-Gift-Bags-Custom-Eco-Friendly-Paper-Bags-with-Handle-2-768x768.webp 768w, https:\/\/www.yishengpack.com\/wp-content\/uploads\/2025\/11\/Hot-Sale-Wholesale-Garment-Gift-Bags-Custom-Eco-Friendly-Paper-Bags-with-Handle-2-12x12.webp 12w, https:\/\/www.yishengpack.com\/wp-content\/uploads\/2025\/11\/Hot-Sale-Wholesale-Garment-Gift-Bags-Custom-Eco-Friendly-Paper-Bags-with-Handle-2-1200x1200.webp 1200w, https:\/\/www.yishengpack.com\/wp-content\/uploads\/2025\/11\/Hot-Sale-Wholesale-Garment-Gift-Bags-Custom-Eco-Friendly-Paper-Bags-with-Handle-2-600x600.webp 600w, https:\/\/www.yishengpack.com\/wp-content\/uploads\/2025\/11\/Hot-Sale-Wholesale-Garment-Gift-Bags-Custom-Eco-Friendly-Paper-Bags-with-Handle-2-100x100.webp 100w\" sizes=\"(max-width: 2048px) 100vw, 2048px\" \/><\/figure>\n\n\n\n<div class=\"wp-block-buttons has-custom-font-size has-small-font-size is-content-justification-center is-layout-flex wp-container-core-buttons-is-layout-16018d1d wp-block-buttons-is-layout-flex\">\n<div class=\"wp-block-button has-custom-width wp-block-button__width-75\"><a class=\"wp-block-button__link has-background has-small-font-size has-custom-font-size wp-element-button\" href=\"https:\/\/www.yishengpack.com\/fr\/custom-printed-box\/\" style=\"background:linear-gradient(135deg,rgb(254,205,165) 0%,rgb(254,45,45) 0%,rgb(94,15,15) 0%,rgb(94,15,15) 100%)\" target=\"_blank\" rel=\"noreferrer noopener\"><strong>D\u00e9couvrez les bo\u00eetes imprim\u00e9es personnalis\u00e9es<\/strong><\/a><\/div>\n<\/div>\n<\/div>\n\n\n\n<div class=\"wp-block-column is-layout-flow wp-block-column-is-layout-flow\">\n<figure class=\"wp-block-image size-full\"><img decoding=\"async\" width=\"2048\" height=\"2048\" src=\"https:\/\/www.yishengpack.com\/wp-content\/uploads\/2025\/11\/Hot-Sale-Wholesale-Garment-Gift-Bags-Custom-Eco-Friendly-Paper-Bags-with-Handle-3.webp\" alt=\"hot-sale-custom-clothing-gift-bags-bulk-with-rope-handles-3\" class=\"wp-image-2495\" srcset=\"https:\/\/www.yishengpack.com\/wp-content\/uploads\/2025\/11\/Hot-Sale-Wholesale-Garment-Gift-Bags-Custom-Eco-Friendly-Paper-Bags-with-Handle-3.webp 2048w, https:\/\/www.yishengpack.com\/wp-content\/uploads\/2025\/11\/Hot-Sale-Wholesale-Garment-Gift-Bags-Custom-Eco-Friendly-Paper-Bags-with-Handle-3-300x300.webp 300w, https:\/\/www.yishengpack.com\/wp-content\/uploads\/2025\/11\/Hot-Sale-Wholesale-Garment-Gift-Bags-Custom-Eco-Friendly-Paper-Bags-with-Handle-3-150x150.webp 150w, https:\/\/www.yishengpack.com\/wp-content\/uploads\/2025\/11\/Hot-Sale-Wholesale-Garment-Gift-Bags-Custom-Eco-Friendly-Paper-Bags-with-Handle-3-768x768.webp 768w, https:\/\/www.yishengpack.com\/wp-content\/uploads\/2025\/11\/Hot-Sale-Wholesale-Garment-Gift-Bags-Custom-Eco-Friendly-Paper-Bags-with-Handle-3-12x12.webp 12w, https:\/\/www.yishengpack.com\/wp-content\/uploads\/2025\/11\/Hot-Sale-Wholesale-Garment-Gift-Bags-Custom-Eco-Friendly-Paper-Bags-with-Handle-3-1200x1200.webp 1200w, https:\/\/www.yishengpack.com\/wp-content\/uploads\/2025\/11\/Hot-Sale-Wholesale-Garment-Gift-Bags-Custom-Eco-Friendly-Paper-Bags-with-Handle-3-600x600.webp 600w, https:\/\/www.yishengpack.com\/wp-content\/uploads\/2025\/11\/Hot-Sale-Wholesale-Garment-Gift-Bags-Custom-Eco-Friendly-Paper-Bags-with-Handle-3-100x100.webp 100w\" sizes=\"(max-width: 2048px) 100vw, 2048px\" \/><\/figure>\n\n\n\n<div class=\"wp-block-buttons has-custom-font-size has-small-font-size is-content-justification-center is-layout-flex wp-container-core-buttons-is-layout-07f6699d wp-block-buttons-is-layout-flex\" style=\"padding-top:0;padding-right:0;padding-bottom:0;padding-left:0\">\n<div class=\"wp-block-button has-custom-width wp-block-button__width-75\"><a class=\"wp-block-button__link has-background has-small-font-size has-custom-font-size wp-element-button\" href=\"https:\/\/www.yishengpack.com\/fr\/custom-box-inserts-accessories\/\" style=\"background:linear-gradient(135deg,rgb(254,205,165) 0%,rgb(254,45,45) 0%,rgb(94,15,15) 0%)\" target=\"_blank\" rel=\"noreferrer noopener\"><strong>Explorer les accessoires pour bo\u00eetes personnalis\u00e9es<\/strong><\/a><\/div>\n<\/div>\n<\/div>\n<\/div>\n\n\n\n<p><\/p>","protected":false},"excerpt":{"rendered":"<p>Nous vous invitons \u00e0 acheter en vrac nos sacs cadeaux pour v\u00eatements, destin\u00e9s \u00e0 contenir des robes longues, des pantalons, des trench-coats, etc. Dot\u00e9s d'un mat\u00e9riau en papier durable et de solides poign\u00e9es en corde, ils allient l'aspect pratique au charme de la mode pour les cadeaux et le rangement des v\u00eatements. La personnalisation du logo et de l'impression en vrac est possible, ce qui en fait un choix id\u00e9al pour les marques de v\u00eatements, les magasins de d\u00e9tail et les emballages de vacances.<\/p>\n<h2>Points forts des sacs cadeaux pour v\u00eatements en vrac<\/h2>\n<ul>\n<li>Personnalisation compl\u00e8te<\/li>\n<li>Mat\u00e9riaux de haute qualit\u00e9<\/li>\n<li>Impression exquise<\/li>\n<li>Diff\u00e9rents types d'Hadle<\/li>\n<li>Plusieurs tailles de sacs<\/li>\n<li>Diverses options de couleurs<\/li>\n<li>Stockage facile<\/li>\n<li>Service OEM\/ODM<\/li>\n<\/ul>","protected":false},"featured_media":2493,"comment_status":"closed","ping_status":"closed","template":"","meta":{"_acf_changed":false},"box-type":[52],"product_brand":[],"product_cat":[34,70,37],"product_tag":[],"class_list":{"0":"post-2492","1":"product","2":"type-product","3":"status-publish","4":"has-post-thumbnail","6":"box-type-custom-rope-handle-paper-bags","7":"product_cat-paper-bags-wholesale","8":"product_cat-custom-clothing-bags","9":"product_cat-paper-gift-bags-bulk","11":"first","12":"instock","13":"shipping-taxable","14":"product-type-simple"},"acf":[],"_links":{"self":[{"href":"https:\/\/www.yishengpack.com\/fr\/wp-json\/wp\/v2\/product\/2492","targetHints":{"allow":["GET"]}}],"collection":[{"href":"https:\/\/www.yishengpack.com\/fr\/wp-json\/wp\/v2\/product"}],"about":[{"href":"https:\/\/www.yishengpack.com\/fr\/wp-json\/wp\/v2\/types\/product"}],"replies":[{"embeddable":true,"href":"https:\/\/www.yishengpack.com\/fr\/wp-json\/wp\/v2\/comments?post=2492"}],"wp:featuredmedia":[{"embeddable":true,"href":"https:\/\/www.yishengpack.com\/fr\/wp-json\/wp\/v2\/media\/2493"}],"wp:attachment":[{"href":"https:\/\/www.yishengpack.com\/fr\/wp-json\/wp\/v2\/media?parent=2492"}],"wp:term":[{"taxonomy":"box-type","embeddable":true,"href":"https:\/\/www.yishengpack.com\/fr\/wp-json\/wp\/v2\/box-type?post=2492"},{"taxonomy":"product_brand","embeddable":true,"href":"https:\/\/www.yishengpack.com\/fr\/wp-json\/wp\/v2\/product_brand?post=2492"},{"taxonomy":"product_cat","embeddable":true,"href":"https:\/\/www.yishengpack.com\/fr\/wp-json\/wp\/v2\/product_cat?post=2492"},{"taxonomy":"product_tag","embeddable":true,"href":"https:\/\/www.yishengpack.com\/fr\/wp-json\/wp\/v2\/product_tag?post=2492"}],"curies":[{"name":"wp","href":"https:\/\/api.w.org\/{rel}","templated":true}]}}