{"id":248,"date":"2025-01-04T02:45:59","date_gmt":"2025-01-04T02:45:59","guid":{"rendered":"https:\/\/www.yishengpack.com\/?post_type=product&#038;p=248"},"modified":"2025-12-13T03:54:12","modified_gmt":"2025-12-13T03:54:12","slug":"taller-plastic-cupcake-boxes-wholesale","status":"publish","type":"product","link":"https:\/\/www.yishengpack.com\/fr\/produit\/taller-plastic-cupcake-boxes-wholesale\/","title":{"rendered":"Grossiste Bo\u00eetes \u00e0 Cupcakes en Plastique Plus Grandes Avec 2\/4\/6 Trous"},"content":{"rendered":"<div class=\"wp-block-columns is-layout-flex wp-container-core-columns-is-layout-9d6595d7 wp-block-columns-is-layout-flex\">\n<div class=\"wp-block-column is-layout-flow wp-block-column-is-layout-flow\">\n<h3 class=\"wp-block-heading\">Caract\u00e9ristiques des bo\u00eetes \u00e0 g\u00e2teaux en plastique plus grandes<\/h3>\n\n\n\n<p><strong>Taller Design :<\/strong> La construction plus haute offre un espace suppl\u00e9mentaire pour les cupcakes avec un gla\u00e7age important ou des garnitures d\u00e9coratives, garantissant qu'ils restent entiers et frais.<\/p>\n\n\n\n<p><strong>Options de trous multiples :<\/strong> Choisissez entre 2, 4 ou 6 trous, ce qui rend ces bo\u00eetes \u00e0 cupcakes en plastique parfaites pour des quantit\u00e9s et des \u00e9v\u00e9nements diff\u00e9rents. Parfaites pour les boulangeries, les \u00e9v\u00e9nements ou l'emballage de cadeaux.<\/p>\n\n\n\n<p><strong>Plastique transparent Mat\u00e9riau :<\/strong> Ces bo\u00eetes sont fabriqu\u00e9es en plastique cristallin de haute qualit\u00e9 pour une excellente visibilit\u00e9, ce qui permet \u00e0 vos cupcakes ou produits de boulangerie de briller et d'attirer l'attention de vos clients.<\/p>\n\n\n\n<p><strong>S\u00fbr et solide :<\/strong> These wholesale plastic cupcake boxes  are designed with a sturdy base and a secure locking mechanism that prevents cupcakes from being damaged during transportation. The snap-on lid ensures a tight seal.<\/p>\n\n\n\n<p><strong>Polyvalent :<\/strong> Parfaites pour les cupcakes, les muffins, les biscuits et autres produits de boulangerie. Ces bo\u00eetes conviennent aux boulangeries, aux caf\u00e9s, aux services de restauration et aux occasions sp\u00e9ciales telles que les anniversaires, les mariages ou les f\u00eates de fin d'ann\u00e9e.<\/p>\n\n\n\n<p><strong>Facile \u00e0 assembler :<\/strong> These wholesale plastic cupcake boxes are easy to assemble without complicated operations, saving time and labor.<\/p>\n<\/div>\n\n\n\n<div class=\"wp-block-column is-layout-flow wp-block-column-is-layout-flow\">\n<figure class=\"wp-block-image size-full\"><img decoding=\"async\" width=\"2049\" height=\"2049\" src=\"https:\/\/www.yishengpack.com\/wp-content\/uploads\/2025\/01\/wholesale-plastic-cupcake-boxes-taller-clear-cupcake-containers-with-2-4-6-hole-6.webp\" alt=\"grossiste-bo\u00eetes \u00e0 cupcakes en plastique-plus grandes-bo\u00eetes \u00e0 cupcakes transparentes-avec-2-4-6-trous (6)\" class=\"wp-image-254\" srcset=\"https:\/\/www.yishengpack.com\/wp-content\/uploads\/2025\/01\/wholesale-plastic-cupcake-boxes-taller-clear-cupcake-containers-with-2-4-6-hole-6.webp 2049w, https:\/\/www.yishengpack.com\/wp-content\/uploads\/2025\/01\/wholesale-plastic-cupcake-boxes-taller-clear-cupcake-containers-with-2-4-6-hole-6-300x300.webp 300w, https:\/\/www.yishengpack.com\/wp-content\/uploads\/2025\/01\/wholesale-plastic-cupcake-boxes-taller-clear-cupcake-containers-with-2-4-6-hole-6-150x150.webp 150w, https:\/\/www.yishengpack.com\/wp-content\/uploads\/2025\/01\/wholesale-plastic-cupcake-boxes-taller-clear-cupcake-containers-with-2-4-6-hole-6-768x768.webp 768w, https:\/\/www.yishengpack.com\/wp-content\/uploads\/2025\/01\/wholesale-plastic-cupcake-boxes-taller-clear-cupcake-containers-with-2-4-6-hole-6-1200x1200.webp 1200w, https:\/\/www.yishengpack.com\/wp-content\/uploads\/2025\/01\/wholesale-plastic-cupcake-boxes-taller-clear-cupcake-containers-with-2-4-6-hole-6-600x600.webp 600w, https:\/\/www.yishengpack.com\/wp-content\/uploads\/2025\/01\/wholesale-plastic-cupcake-boxes-taller-clear-cupcake-containers-with-2-4-6-hole-6-100x100.webp 100w\" sizes=\"(max-width: 2049px) 100vw, 2049px\" \/><\/figure>\n<\/div>\n<\/div>\n\n\n\n<div class=\"wp-block-columns is-layout-flex wp-container-core-columns-is-layout-9d6595d7 wp-block-columns-is-layout-flex\">\n<div class=\"wp-block-column is-layout-flow wp-block-column-is-layout-flow\">\n<figure class=\"wp-block-image size-full\"><img decoding=\"async\" width=\"800\" height=\"800\" src=\"https:\/\/www.yishengpack.com\/wp-content\/uploads\/2025\/01\/wholesale-clear-cupcake-boxes-fits-2-4-cupcake-or-muffin-dessert-boxes-6.webp\" alt=\"bo\u00eetes \u00e0 cupcakes transparentes pour grossistes - 2-4 bo\u00eetes \u00e0 cupcakes ou \u00e0 muffins (6)\" class=\"wp-image-233\" srcset=\"https:\/\/www.yishengpack.com\/wp-content\/uploads\/2025\/01\/wholesale-clear-cupcake-boxes-fits-2-4-cupcake-or-muffin-dessert-boxes-6.webp 800w, https:\/\/www.yishengpack.com\/wp-content\/uploads\/2025\/01\/wholesale-clear-cupcake-boxes-fits-2-4-cupcake-or-muffin-dessert-boxes-6-300x300.webp 300w, https:\/\/www.yishengpack.com\/wp-content\/uploads\/2025\/01\/wholesale-clear-cupcake-boxes-fits-2-4-cupcake-or-muffin-dessert-boxes-6-150x150.webp 150w, https:\/\/www.yishengpack.com\/wp-content\/uploads\/2025\/01\/wholesale-clear-cupcake-boxes-fits-2-4-cupcake-or-muffin-dessert-boxes-6-768x768.webp 768w, https:\/\/www.yishengpack.com\/wp-content\/uploads\/2025\/01\/wholesale-clear-cupcake-boxes-fits-2-4-cupcake-or-muffin-dessert-boxes-6-600x600.webp 600w, https:\/\/www.yishengpack.com\/wp-content\/uploads\/2025\/01\/wholesale-clear-cupcake-boxes-fits-2-4-cupcake-or-muffin-dessert-boxes-6-100x100.webp 100w\" sizes=\"(max-width: 800px) 100vw, 800px\" \/><\/figure>\n\n\n\n<div class=\"wp-block-buttons has-custom-font-size has-small-font-size is-content-justification-center is-layout-flex wp-container-core-buttons-is-layout-16018d1d wp-block-buttons-is-layout-flex\">\n<div class=\"wp-block-button has-custom-width wp-block-button__width-75\"><a class=\"wp-block-button__link has-background has-small-font-size has-custom-font-size wp-element-button\" href=\"https:\/\/www.yishengpack.com\/fr\/custom-product-boxes-types\/\" style=\"background:linear-gradient(135deg,rgb(254,205,165) 0%,rgb(254,45,45) 0%,rgb(94,15,15) 0%,rgb(94,15,15) 100%)\" target=\"_blank\" rel=\"noreferrer noopener\"><strong>Explorer les types de bo\u00eetes personnalis\u00e9es<\/strong><\/a><\/div>\n<\/div>\n<\/div>\n\n\n\n<div class=\"wp-block-column is-layout-flow wp-block-column-is-layout-flow\">\n<figure class=\"wp-block-image size-full\"><img decoding=\"async\" width=\"800\" height=\"800\" src=\"https:\/\/www.yishengpack.com\/wp-content\/uploads\/2025\/01\/wholesale-clear-cupcake-boxes-fits-2-4-cupcake-or-muffin-dessert-boxes-5.webp\" alt=\"bo\u00eetes \u00e0 cupcakes transparentes pour grossistes - 2-4 bo\u00eetes \u00e0 cupcakes ou \u00e0 muffins (5)\" class=\"wp-image-232\" srcset=\"https:\/\/www.yishengpack.com\/wp-content\/uploads\/2025\/01\/wholesale-clear-cupcake-boxes-fits-2-4-cupcake-or-muffin-dessert-boxes-5.webp 800w, https:\/\/www.yishengpack.com\/wp-content\/uploads\/2025\/01\/wholesale-clear-cupcake-boxes-fits-2-4-cupcake-or-muffin-dessert-boxes-5-300x300.webp 300w, https:\/\/www.yishengpack.com\/wp-content\/uploads\/2025\/01\/wholesale-clear-cupcake-boxes-fits-2-4-cupcake-or-muffin-dessert-boxes-5-150x150.webp 150w, https:\/\/www.yishengpack.com\/wp-content\/uploads\/2025\/01\/wholesale-clear-cupcake-boxes-fits-2-4-cupcake-or-muffin-dessert-boxes-5-768x768.webp 768w, https:\/\/www.yishengpack.com\/wp-content\/uploads\/2025\/01\/wholesale-clear-cupcake-boxes-fits-2-4-cupcake-or-muffin-dessert-boxes-5-600x600.webp 600w, https:\/\/www.yishengpack.com\/wp-content\/uploads\/2025\/01\/wholesale-clear-cupcake-boxes-fits-2-4-cupcake-or-muffin-dessert-boxes-5-100x100.webp 100w\" sizes=\"(max-width: 800px) 100vw, 800px\" \/><\/figure>\n\n\n\n<div class=\"wp-block-buttons has-custom-font-size has-small-font-size is-content-justification-center is-layout-flex wp-container-core-buttons-is-layout-16018d1d wp-block-buttons-is-layout-flex\">\n<div class=\"wp-block-button has-custom-width wp-block-button__width-75\"><a class=\"wp-block-button__link has-background has-small-font-size has-custom-font-size wp-element-button\" href=\"https:\/\/www.yishengpack.com\/fr\/custom-box-inserts-accessories\/\" style=\"background:linear-gradient(135deg,rgb(254,205,165) 0%,rgb(254,45,45) 0%,rgb(94,15,15) 0%,rgb(94,15,15) 100%)\" target=\"_blank\" rel=\"noreferrer noopener\"><strong>D\u00e9couvrez les encarts personnalis\u00e9s<\/strong><\/a><\/div>\n<\/div>\n<\/div>\n<\/div>","protected":false},"excerpt":{"rendered":"<p>Nos bo\u00eetes \u00e0 cupcakes en plastique sont con\u00e7ues pour offrir une protection sup\u00e9rieure et une pr\u00e9sentation soign\u00e9e \u00e0 vos cupcakes et autres produits de boulangerie. Disponibles avec 2, 4 ou 6 trous, ces bo\u00eetes \u00e0 cupcakes transparentes sont parfaites pour mettre en valeur et s\u00e9curiser les cupcakes, les muffins ou d'autres friandises d\u00e9licates pendant le transport.<\/p>\n<h2>Bo\u00eetes \u00e0 g\u00e2teaux en plastique plus grandes Sp\u00e9cifications :<\/h2>\n<table width=\"528\">\n<tbody>\n<tr>\n<td width=\"215\">Fabricant :<\/td>\n<td colspan=\"2\" width=\"313\">Yisheng<\/td>\n<\/tr>\n<tr>\n<td>Mod\u00e8le :<\/td>\n<td colspan=\"2\">Cupcake-2+\/4+\/6+<\/td>\n<\/tr>\n<tr>\n<td>Mat\u00e9riau :\u00a0<\/td>\n<td colspan=\"2\">PET+Carton blanc<\/td>\n<\/tr>\n<tr>\n<td>Couleur :\u00a0<\/td>\n<td colspan=\"2\">Clair<\/td>\n<\/tr>\n<tr>\n<td>Taille :\u00a0<\/td>\n<td colspan=\"2\" width=\"313\">17cm*9cm*14cm<br \/>17cm*17cm*14cm<br \/>25cm*17cm*14cm<\/td>\n<\/tr>\n<tr>\n<td>Poids :\u00a0<\/td>\n<td colspan=\"2\" width=\"313\">50,5g\/pc<br \/>81g\/pc<br \/>102g\/pc<\/td>\n<\/tr>\n<tr>\n<td>Forme :\u00a0<\/td>\n<td colspan=\"2\" width=\"313\">Rectangle\u00a0<\/td>\n<\/tr>\n<tr>\n<td>Emballage :\u00a0<\/td>\n<td colspan=\"2\">Boxe directe<\/td>\n<\/tr>\n<tr>\n<td>MOQ :\u00a0<\/td>\n<td colspan=\"2\">300pcs<\/td>\n<\/tr>\n<tr>\n<td>OEM&amp;ODM :\u00a0<\/td>\n<td colspan=\"2\">Sur mesure, Bienvenue OEM&amp;ODM<\/td>\n<\/tr>\n<tr>\n<td>Exemple\uff1a<\/td>\n<td colspan=\"2\">10 pcs \u00e9chantillons gratuits peuvent \u00eatre demand\u00e9s<\/td>\n<\/tr>\n<\/tbody>\n<\/table>\n<p><script src=\"chrome-extension:\/\/fpelahbljekknahkcaegamhcndkfpfnc\/iFrame.js\" type=\"text\/javascript\"><\/script><\/p>","protected":false},"featured_media":259,"comment_status":"closed","ping_status":"closed","template":"","meta":{"_acf_changed":false},"box-type":[64,61],"product_brand":[],"product_cat":[30,46,21,32],"product_tag":[],"class_list":{"0":"post-248","1":"product","2":"type-product","3":"status-publish","4":"has-post-thumbnail","6":"box-type-custom-clear-lid-paper-boxes","7":"box-type-custom-two-piece-boxes","8":"product_cat-cake-containers-wholesale","9":"product_cat-wholesale-paper-boxes","10":"product_cat-plastic-cake-containers-wholesale","11":"product_cat-bakery-packaging-wholesale","13":"first","14":"instock","15":"shipping-taxable","16":"product-type-simple"},"acf":[],"_links":{"self":[{"href":"https:\/\/www.yishengpack.com\/fr\/wp-json\/wp\/v2\/product\/248","targetHints":{"allow":["GET"]}}],"collection":[{"href":"https:\/\/www.yishengpack.com\/fr\/wp-json\/wp\/v2\/product"}],"about":[{"href":"https:\/\/www.yishengpack.com\/fr\/wp-json\/wp\/v2\/types\/product"}],"replies":[{"embeddable":true,"href":"https:\/\/www.yishengpack.com\/fr\/wp-json\/wp\/v2\/comments?post=248"}],"wp:featuredmedia":[{"embeddable":true,"href":"https:\/\/www.yishengpack.com\/fr\/wp-json\/wp\/v2\/media\/259"}],"wp:attachment":[{"href":"https:\/\/www.yishengpack.com\/fr\/wp-json\/wp\/v2\/media?parent=248"}],"wp:term":[{"taxonomy":"box-type","embeddable":true,"href":"https:\/\/www.yishengpack.com\/fr\/wp-json\/wp\/v2\/box-type?post=248"},{"taxonomy":"product_brand","embeddable":true,"href":"https:\/\/www.yishengpack.com\/fr\/wp-json\/wp\/v2\/product_brand?post=248"},{"taxonomy":"product_cat","embeddable":true,"href":"https:\/\/www.yishengpack.com\/fr\/wp-json\/wp\/v2\/product_cat?post=248"},{"taxonomy":"product_tag","embeddable":true,"href":"https:\/\/www.yishengpack.com\/fr\/wp-json\/wp\/v2\/product_tag?post=248"}],"curies":[{"name":"wp","href":"https:\/\/api.w.org\/{rel}","templated":true}]}}