{"id":2478,"date":"2025-11-13T08:10:31","date_gmt":"2025-11-13T08:10:31","guid":{"rendered":"https:\/\/www.yishengpack.com\/?post_type=product&#038;p=2478"},"modified":"2025-11-13T08:32:12","modified_gmt":"2025-11-13T08:32:12","slug":"shipping-boxes-in-bulk","status":"publish","type":"product","link":"https:\/\/www.yishengpack.com\/fr\/produit\/shipping-boxes-in-bulk\/","title":{"rendered":"Bo\u00eetes d'exp\u00e9dition en vrac, bo\u00eetes postales en carton ondul\u00e9 imprim\u00e9es sur mesure"},"content":{"rendered":"<div class=\"wp-block-columns is-layout-flex wp-container-core-columns-is-layout-9d6595d7 wp-block-columns-is-layout-flex\">\n<div class=\"wp-block-column is-layout-flow wp-block-column-is-layout-flow\">\n<h3 class=\"wp-block-heading\">Caract\u00e9ristiques des bo\u00eetes d'exp\u00e9dition sup\u00e9rieures en vrac<\/h3>\n\n\n\n<p><strong>Couvercle rabattable \u00e0 encliqueter :<\/strong> Ces bo\u00eetes d'exp\u00e9dition en vrac sont dot\u00e9es d'un couvercle rabattable \u00e0 pression, ce qui permet de les fermer rapidement et en toute s\u00e9curit\u00e9. Elles sont parfaites pour l'envoi d'articles de premi\u00e8re n\u00e9cessit\u00e9, de v\u00eatements et de chaussures, et garantissent que les articles restent intacts pendant la livraison.<\/p>\n\n\n\n<p><strong>Construction en carton durable : <\/strong>Ces bo\u00eetes postales imprim\u00e9es personnalis\u00e9es en carton durable pr\u00e9sentent une excellente r\u00e9sistance \u00e0 la compression et une protection contre les chocs, ce qui en fait un emballage fiable pour l'exp\u00e9dition de v\u00eatements, de chaussures et de produits quotidiens.<\/p>\n\n\n\n<p><strong>Choix de motifs accrocheurs : <\/strong>Ces bo\u00eetes d'exp\u00e9dition en vrac sont propos\u00e9es avec des motifs accrocheurs tels que des vagues, des c\u0153urs et des \u00e9toiles. L'attrait visuel est ainsi renforc\u00e9, ce qui rend la bo\u00eete id\u00e9ale pour le marquage et la pr\u00e9sentation de divers produits exp\u00e9di\u00e9s.<\/p>\n\n\n\n<p><strong>Impression personnalis\u00e9e disponible : <\/strong>Ces bo\u00eetes d'exp\u00e9dition en vrac comportent des logos, des motifs, des couleurs et des traitements de surface (pelliculage mat, pelliculage brillant, impression UV, etc.) qui peuvent \u00eatre personnalis\u00e9s pour r\u00e9pondre aux besoins de la marque, ce qui renforce la reconnaissance de celle-ci.<\/p>\n\n\n\n<p><strong>Plusieurs tailles disponibles :<\/strong> Ces bo\u00eetes postales imprim\u00e9es personnalis\u00e9es sont de diff\u00e9rentes tailles et offrent une grande capacit\u00e9 de stockage. La bo\u00eete peut contenir plusieurs articles et formes pour r\u00e9pondre aux besoins d'envoi et d'emballage de diff\u00e9rents produits.<\/p>\n<\/div>\n\n\n\n<div class=\"wp-block-column is-layout-flow wp-block-column-is-layout-flow\">\n<figure class=\"wp-block-image size-full\"><img decoding=\"async\" width=\"2048\" height=\"2048\" src=\"https:\/\/www.yishengpack.com\/wp-content\/uploads\/2025\/11\/Custom-Superior-Corrugated-Mailing-Box-Wholesale-Printing-Logo-Shipping-Box-with-Design-2.webp\" alt=\"bo\u00eetes d&#039;exp\u00e9dition en vrac-corrugu\u00e9-imprim\u00e9-personnel-bo\u00eete-aux-lettres-2\" class=\"wp-image-2480\" srcset=\"https:\/\/www.yishengpack.com\/wp-content\/uploads\/2025\/11\/Custom-Superior-Corrugated-Mailing-Box-Wholesale-Printing-Logo-Shipping-Box-with-Design-2.webp 2048w, https:\/\/www.yishengpack.com\/wp-content\/uploads\/2025\/11\/Custom-Superior-Corrugated-Mailing-Box-Wholesale-Printing-Logo-Shipping-Box-with-Design-2-300x300.webp 300w, https:\/\/www.yishengpack.com\/wp-content\/uploads\/2025\/11\/Custom-Superior-Corrugated-Mailing-Box-Wholesale-Printing-Logo-Shipping-Box-with-Design-2-150x150.webp 150w, https:\/\/www.yishengpack.com\/wp-content\/uploads\/2025\/11\/Custom-Superior-Corrugated-Mailing-Box-Wholesale-Printing-Logo-Shipping-Box-with-Design-2-768x768.webp 768w, https:\/\/www.yishengpack.com\/wp-content\/uploads\/2025\/11\/Custom-Superior-Corrugated-Mailing-Box-Wholesale-Printing-Logo-Shipping-Box-with-Design-2-12x12.webp 12w, https:\/\/www.yishengpack.com\/wp-content\/uploads\/2025\/11\/Custom-Superior-Corrugated-Mailing-Box-Wholesale-Printing-Logo-Shipping-Box-with-Design-2-1200x1200.webp 1200w, https:\/\/www.yishengpack.com\/wp-content\/uploads\/2025\/11\/Custom-Superior-Corrugated-Mailing-Box-Wholesale-Printing-Logo-Shipping-Box-with-Design-2-600x600.webp 600w, https:\/\/www.yishengpack.com\/wp-content\/uploads\/2025\/11\/Custom-Superior-Corrugated-Mailing-Box-Wholesale-Printing-Logo-Shipping-Box-with-Design-2-100x100.webp 100w\" sizes=\"(max-width: 2048px) 100vw, 2048px\" \/><\/figure>\n<\/div>\n<\/div>\n\n\n\n<div class=\"wp-block-columns is-layout-flex wp-container-core-columns-is-layout-9d6595d7 wp-block-columns-is-layout-flex\">\n<div class=\"wp-block-column is-layout-flow wp-block-column-is-layout-flow\">\n<figure class=\"wp-block-image size-full\"><img decoding=\"async\" width=\"2048\" height=\"2048\" src=\"https:\/\/www.yishengpack.com\/wp-content\/uploads\/2025\/11\/Custom-Superior-Corrugated-Mailing-Box-Wholesale-Printing-Logo-Shipping-Box-with-Design-7.webp\" alt=\"bo\u00eetes d&#039;exp\u00e9dition en vrac-corrugu\u00e9-bo\u00eete d&#039;exp\u00e9dition imprim\u00e9e personnalis\u00e9e-7\" class=\"wp-image-2485\" srcset=\"https:\/\/www.yishengpack.com\/wp-content\/uploads\/2025\/11\/Custom-Superior-Corrugated-Mailing-Box-Wholesale-Printing-Logo-Shipping-Box-with-Design-7.webp 2048w, https:\/\/www.yishengpack.com\/wp-content\/uploads\/2025\/11\/Custom-Superior-Corrugated-Mailing-Box-Wholesale-Printing-Logo-Shipping-Box-with-Design-7-300x300.webp 300w, https:\/\/www.yishengpack.com\/wp-content\/uploads\/2025\/11\/Custom-Superior-Corrugated-Mailing-Box-Wholesale-Printing-Logo-Shipping-Box-with-Design-7-150x150.webp 150w, https:\/\/www.yishengpack.com\/wp-content\/uploads\/2025\/11\/Custom-Superior-Corrugated-Mailing-Box-Wholesale-Printing-Logo-Shipping-Box-with-Design-7-768x768.webp 768w, https:\/\/www.yishengpack.com\/wp-content\/uploads\/2025\/11\/Custom-Superior-Corrugated-Mailing-Box-Wholesale-Printing-Logo-Shipping-Box-with-Design-7-12x12.webp 12w, https:\/\/www.yishengpack.com\/wp-content\/uploads\/2025\/11\/Custom-Superior-Corrugated-Mailing-Box-Wholesale-Printing-Logo-Shipping-Box-with-Design-7-1200x1200.webp 1200w, https:\/\/www.yishengpack.com\/wp-content\/uploads\/2025\/11\/Custom-Superior-Corrugated-Mailing-Box-Wholesale-Printing-Logo-Shipping-Box-with-Design-7-600x600.webp 600w, https:\/\/www.yishengpack.com\/wp-content\/uploads\/2025\/11\/Custom-Superior-Corrugated-Mailing-Box-Wholesale-Printing-Logo-Shipping-Box-with-Design-7-100x100.webp 100w\" sizes=\"(max-width: 2048px) 100vw, 2048px\" \/><\/figure>\n\n\n\n<div class=\"wp-block-buttons has-custom-font-size has-small-font-size is-content-justification-center is-layout-flex wp-container-core-buttons-is-layout-16018d1d wp-block-buttons-is-layout-flex\">\n<div class=\"wp-block-button has-custom-width wp-block-button__width-75\"><a class=\"wp-block-button__link has-background has-small-font-size has-custom-font-size wp-element-button\" href=\"https:\/\/www.yishengpack.com\/fr\/custom-printed-box\/\" style=\"background:linear-gradient(135deg,rgb(254,205,165) 0%,rgb(254,45,45) 0%,rgb(94,15,15) 0%,rgb(94,15,15) 100%)\" target=\"_blank\" rel=\"noreferrer noopener\"><strong>D\u00e9couvrez les bo\u00eetes imprim\u00e9es personnalis\u00e9es<\/strong><\/a><\/div>\n<\/div>\n<\/div>\n\n\n\n<div class=\"wp-block-column is-layout-flow wp-block-column-is-layout-flow\">\n<figure class=\"wp-block-image size-full\"><img decoding=\"async\" width=\"2048\" height=\"2048\" src=\"https:\/\/www.yishengpack.com\/wp-content\/uploads\/2025\/11\/Custom-Superior-Corrugated-Mailing-Box-Wholesale-Printing-Logo-Shipping-Box-with-Design-3.webp\" alt=\"bo\u00eetes d&#039;exp\u00e9dition en vrac-corrugu\u00e9-bo\u00eete d&#039;exp\u00e9dition imprim\u00e9e personnalis\u00e9e-3\" class=\"wp-image-2481\" srcset=\"https:\/\/www.yishengpack.com\/wp-content\/uploads\/2025\/11\/Custom-Superior-Corrugated-Mailing-Box-Wholesale-Printing-Logo-Shipping-Box-with-Design-3.webp 2048w, https:\/\/www.yishengpack.com\/wp-content\/uploads\/2025\/11\/Custom-Superior-Corrugated-Mailing-Box-Wholesale-Printing-Logo-Shipping-Box-with-Design-3-300x300.webp 300w, https:\/\/www.yishengpack.com\/wp-content\/uploads\/2025\/11\/Custom-Superior-Corrugated-Mailing-Box-Wholesale-Printing-Logo-Shipping-Box-with-Design-3-150x150.webp 150w, https:\/\/www.yishengpack.com\/wp-content\/uploads\/2025\/11\/Custom-Superior-Corrugated-Mailing-Box-Wholesale-Printing-Logo-Shipping-Box-with-Design-3-768x768.webp 768w, https:\/\/www.yishengpack.com\/wp-content\/uploads\/2025\/11\/Custom-Superior-Corrugated-Mailing-Box-Wholesale-Printing-Logo-Shipping-Box-with-Design-3-12x12.webp 12w, https:\/\/www.yishengpack.com\/wp-content\/uploads\/2025\/11\/Custom-Superior-Corrugated-Mailing-Box-Wholesale-Printing-Logo-Shipping-Box-with-Design-3-1200x1200.webp 1200w, https:\/\/www.yishengpack.com\/wp-content\/uploads\/2025\/11\/Custom-Superior-Corrugated-Mailing-Box-Wholesale-Printing-Logo-Shipping-Box-with-Design-3-600x600.webp 600w, https:\/\/www.yishengpack.com\/wp-content\/uploads\/2025\/11\/Custom-Superior-Corrugated-Mailing-Box-Wholesale-Printing-Logo-Shipping-Box-with-Design-3-100x100.webp 100w\" sizes=\"(max-width: 2048px) 100vw, 2048px\" \/><\/figure>\n\n\n\n<div class=\"wp-block-buttons has-custom-font-size has-small-font-size is-content-justification-center is-layout-flex wp-container-core-buttons-is-layout-16018d1d wp-block-buttons-is-layout-flex\">\n<div class=\"wp-block-button has-custom-width wp-block-button__width-75\"><a class=\"wp-block-button__link has-background has-small-font-size has-custom-font-size wp-element-button\" href=\"https:\/\/www.yishengpack.com\/fr\/custom-box-inserts-accessories\/\" style=\"background:linear-gradient(135deg,rgb(254,205,165) 0%,rgb(254,45,45) 0%,rgb(94,15,15) 0%)\" target=\"_blank\" rel=\"noreferrer noopener\"><strong>D\u00e9couvrez les encarts personnalis\u00e9s<\/strong><\/a><\/div>\n<\/div>\n<\/div>\n<\/div>","protected":false},"excerpt":{"rendered":"<p>Nous vous invitons \u00e0 acheter nos bo\u00eetes d'exp\u00e9dition en vrac, parfaites pour l'emballage des produits de premi\u00e8re n\u00e9cessit\u00e9, des v\u00eatements et bien plus encore. Ces bo\u00eetes d'exp\u00e9dition en carton ondul\u00e9 imprim\u00e9es sur mesure sont dot\u00e9es d'une structure robuste et d'un design s\u00fbr, et elles allient protection et praticit\u00e9 pour un transport en toute s\u00e9curit\u00e9. De la taille \u00e0 l'\u00e9paisseur, en passant par le logo et l'impression, elles sont enti\u00e8rement personnalisables pour correspondre \u00e0 votre marque. Laissez-nous aider vos produits \u00e0 arriver en toute s\u00e9curit\u00e9 et \u00e0 se d\u00e9marquer professionnellement, en r\u00e9pondant efficacement \u00e0 vos besoins d'exp\u00e9dition.<\/p>\n<h2>Points forts des bo\u00eetes d'exp\u00e9dition en vrac<\/h2>\n<ul>\n<li>Personnalisation compl\u00e8te<\/li>\n<li>Mat\u00e9riaux \u00e9cologiques<\/li>\n<li>Couvercle rabattable \u00e0 encliqueter<\/li>\n<li>Proc\u00e9d\u00e9s d'impression sophistiqu\u00e9s<\/li>\n<li>Plusieurs tailles de bo\u00eetes<\/li>\n<li>Couleurs vives<\/li>\n<li>Construction robuste<\/li>\n<li>Service OEM\/ODM<\/li>\n<\/ul>","protected":false},"featured_media":2479,"comment_status":"closed","ping_status":"closed","template":"","meta":{"_acf_changed":false},"box-type":[55,59,48],"product_brand":[],"product_cat":[66,69,67],"product_tag":[],"class_list":{"0":"post-2478","1":"product","2":"type-product","3":"status-publish","4":"has-post-thumbnail","6":"box-type-custom-foldable-boxes","7":"box-type-custom-mailer-boxes","8":"box-type-custom-tuck-top-boxes","9":"product_cat-custom-apparel-boxes","10":"product_cat-custom-retail-boxes","11":"product_cat-custom-shipping-boxes","13":"first","14":"instock","15":"shipping-taxable","16":"product-type-simple"},"acf":[],"_links":{"self":[{"href":"https:\/\/www.yishengpack.com\/fr\/wp-json\/wp\/v2\/product\/2478","targetHints":{"allow":["GET"]}}],"collection":[{"href":"https:\/\/www.yishengpack.com\/fr\/wp-json\/wp\/v2\/product"}],"about":[{"href":"https:\/\/www.yishengpack.com\/fr\/wp-json\/wp\/v2\/types\/product"}],"replies":[{"embeddable":true,"href":"https:\/\/www.yishengpack.com\/fr\/wp-json\/wp\/v2\/comments?post=2478"}],"wp:featuredmedia":[{"embeddable":true,"href":"https:\/\/www.yishengpack.com\/fr\/wp-json\/wp\/v2\/media\/2479"}],"wp:attachment":[{"href":"https:\/\/www.yishengpack.com\/fr\/wp-json\/wp\/v2\/media?parent=2478"}],"wp:term":[{"taxonomy":"box-type","embeddable":true,"href":"https:\/\/www.yishengpack.com\/fr\/wp-json\/wp\/v2\/box-type?post=2478"},{"taxonomy":"product_brand","embeddable":true,"href":"https:\/\/www.yishengpack.com\/fr\/wp-json\/wp\/v2\/product_brand?post=2478"},{"taxonomy":"product_cat","embeddable":true,"href":"https:\/\/www.yishengpack.com\/fr\/wp-json\/wp\/v2\/product_cat?post=2478"},{"taxonomy":"product_tag","embeddable":true,"href":"https:\/\/www.yishengpack.com\/fr\/wp-json\/wp\/v2\/product_tag?post=2478"}],"curies":[{"name":"wp","href":"https:\/\/api.w.org\/{rel}","templated":true}]}}