{"id":2470,"date":"2025-11-10T10:13:19","date_gmt":"2025-11-10T10:13:19","guid":{"rendered":"https:\/\/www.yishengpack.com\/?post_type=product&#038;p=2470"},"modified":"2025-11-10T10:13:49","modified_gmt":"2025-11-10T10:13:49","slug":"custom-clothing-paper-bag","status":"publish","type":"product","link":"https:\/\/www.yishengpack.com\/fr\/produit\/custom-clothing-paper-bag\/","title":{"rendered":"Sac en papier personnalis\u00e9 pour v\u00eatements, sacs cadeaux pliants en vrac avec poign\u00e9e en tache."},"content":{"rendered":"<div class=\"wp-block-columns is-layout-flex wp-container-core-columns-is-layout-9d6595d7 wp-block-columns-is-layout-flex\">\n<div class=\"wp-block-column is-layout-flow wp-block-column-is-layout-flow\">\n<h3 class=\"wp-block-heading\">Caract\u00e9ristiques des sacs en papier pour v\u00eatements personnalis\u00e9s<\/h3>\n\n\n\n<p><strong>Poign\u00e9es en satin de luxe :<\/strong> Le sac en papier pour v\u00eatements personnalis\u00e9 est dot\u00e9 de poign\u00e9es en satin \u00e9l\u00e9gantes pour une sensation de confort et un aspect brillant, qui rehaussent la sophistication de l'emballage.<\/p>\n\n\n\n<p><strong>Id\u00e9al pour l'emballage de v\u00eatements :<\/strong> Le sac en papier personnalis\u00e9 pour v\u00eatements est un profil \u00e0 la mode et structur\u00e9 qui convient au stockage de v\u00eatements amples, d'accessoires ou de cadeaux. Il met en valeur l'emballage de la marque de v\u00eatements.<\/p>\n\n\n\n<p><strong>Papier \u00e9cologique de qualit\u00e9 :<\/strong> Ces sacs cadeaux pliants en gros pour l'emballage de v\u00eatements sont fabriqu\u00e9s avec du papier \u00e0 haut grammage ; la surface est d\u00e9licate et lisse, durable, et peut supporter des charges substantielles tout en \u00e9quilibrant esth\u00e9tiquement le respect de l'environnement.<\/p>\n\n\n\n<p><strong>Conception pliable :<\/strong> Le sac en papier pour v\u00eatements personnalis\u00e9, de structure robuste, est facile \u00e0 plier, ce qui permet d'\u00e9conomiser de l'espace de transport et de stockage et de faciliter l'approvisionnement en vrac. Il convient \u00e0 diverses utilisations commerciales, notamment les magasins de v\u00eatements, les comptoirs de marque, les expositions, les emballages cadeaux et les boutiques de vente au d\u00e9tail.<\/p>\n\n\n\n<p><strong>Prise en charge de la personnalisation en masse :<\/strong> Nos sacs cadeaux pliables en gros pour l'emballage de v\u00eatements peuvent \u00eatre personnalis\u00e9s en termes de taille, de couleur, de logo et de processus d'impression (estampage \u00e0 chaud, rev\u00eatement UV, gaufrage, pelliculage, etc. Ils sont disponibles dans une vari\u00e9t\u00e9 de designs \u00e9l\u00e9gants (pois, carreaux et motifs en forme de c\u0153ur) pour r\u00e9pondre aux diverses exigences de promotion de la marque.<\/p>\n<\/div>\n\n\n\n<div class=\"wp-block-column is-layout-flow wp-block-column-is-layout-flow\">\n<figure class=\"wp-block-image size-full\"><img decoding=\"async\" width=\"2048\" height=\"2048\" src=\"https:\/\/www.yishengpack.com\/wp-content\/uploads\/2025\/11\/Bulk-High-Quality-Folding-Paper-Bags-Wholesale-Custom-Gift-Bags-for-Garment-Packaging-with-Handle-2.webp\" alt=\"bulk-custom-clothing-paper-bag-folding-gift-bags-supply-2\" class=\"wp-image-2472\" srcset=\"https:\/\/www.yishengpack.com\/wp-content\/uploads\/2025\/11\/Bulk-High-Quality-Folding-Paper-Bags-Wholesale-Custom-Gift-Bags-for-Garment-Packaging-with-Handle-2.webp 2048w, https:\/\/www.yishengpack.com\/wp-content\/uploads\/2025\/11\/Bulk-High-Quality-Folding-Paper-Bags-Wholesale-Custom-Gift-Bags-for-Garment-Packaging-with-Handle-2-300x300.webp 300w, https:\/\/www.yishengpack.com\/wp-content\/uploads\/2025\/11\/Bulk-High-Quality-Folding-Paper-Bags-Wholesale-Custom-Gift-Bags-for-Garment-Packaging-with-Handle-2-150x150.webp 150w, https:\/\/www.yishengpack.com\/wp-content\/uploads\/2025\/11\/Bulk-High-Quality-Folding-Paper-Bags-Wholesale-Custom-Gift-Bags-for-Garment-Packaging-with-Handle-2-768x768.webp 768w, https:\/\/www.yishengpack.com\/wp-content\/uploads\/2025\/11\/Bulk-High-Quality-Folding-Paper-Bags-Wholesale-Custom-Gift-Bags-for-Garment-Packaging-with-Handle-2-12x12.webp 12w, https:\/\/www.yishengpack.com\/wp-content\/uploads\/2025\/11\/Bulk-High-Quality-Folding-Paper-Bags-Wholesale-Custom-Gift-Bags-for-Garment-Packaging-with-Handle-2-1200x1200.webp 1200w, https:\/\/www.yishengpack.com\/wp-content\/uploads\/2025\/11\/Bulk-High-Quality-Folding-Paper-Bags-Wholesale-Custom-Gift-Bags-for-Garment-Packaging-with-Handle-2-600x600.webp 600w, https:\/\/www.yishengpack.com\/wp-content\/uploads\/2025\/11\/Bulk-High-Quality-Folding-Paper-Bags-Wholesale-Custom-Gift-Bags-for-Garment-Packaging-with-Handle-2-100x100.webp 100w\" sizes=\"(max-width: 2048px) 100vw, 2048px\" \/><\/figure>\n<\/div>\n<\/div>\n\n\n\n<div class=\"wp-block-columns is-layout-flex wp-container-core-columns-is-layout-9d6595d7 wp-block-columns-is-layout-flex\">\n<div class=\"wp-block-column is-layout-flow wp-block-column-is-layout-flow\">\n<figure class=\"wp-block-image size-full\"><img decoding=\"async\" width=\"2048\" height=\"2048\" src=\"https:\/\/www.yishengpack.com\/wp-content\/uploads\/2025\/11\/Bulk-High-Quality-Folding-Paper-Bags-Wholesale-Custom-Gift-Bags-for-Garment-Packaging-with-Handle-6.webp\" alt=\"bulk-custom-clothing-paper-bag-folding-gift-6\" class=\"wp-image-2476\" srcset=\"https:\/\/www.yishengpack.com\/wp-content\/uploads\/2025\/11\/Bulk-High-Quality-Folding-Paper-Bags-Wholesale-Custom-Gift-Bags-for-Garment-Packaging-with-Handle-6.webp 2048w, https:\/\/www.yishengpack.com\/wp-content\/uploads\/2025\/11\/Bulk-High-Quality-Folding-Paper-Bags-Wholesale-Custom-Gift-Bags-for-Garment-Packaging-with-Handle-6-300x300.webp 300w, https:\/\/www.yishengpack.com\/wp-content\/uploads\/2025\/11\/Bulk-High-Quality-Folding-Paper-Bags-Wholesale-Custom-Gift-Bags-for-Garment-Packaging-with-Handle-6-150x150.webp 150w, https:\/\/www.yishengpack.com\/wp-content\/uploads\/2025\/11\/Bulk-High-Quality-Folding-Paper-Bags-Wholesale-Custom-Gift-Bags-for-Garment-Packaging-with-Handle-6-768x768.webp 768w, https:\/\/www.yishengpack.com\/wp-content\/uploads\/2025\/11\/Bulk-High-Quality-Folding-Paper-Bags-Wholesale-Custom-Gift-Bags-for-Garment-Packaging-with-Handle-6-12x12.webp 12w, https:\/\/www.yishengpack.com\/wp-content\/uploads\/2025\/11\/Bulk-High-Quality-Folding-Paper-Bags-Wholesale-Custom-Gift-Bags-for-Garment-Packaging-with-Handle-6-1200x1200.webp 1200w, https:\/\/www.yishengpack.com\/wp-content\/uploads\/2025\/11\/Bulk-High-Quality-Folding-Paper-Bags-Wholesale-Custom-Gift-Bags-for-Garment-Packaging-with-Handle-6-600x600.webp 600w, https:\/\/www.yishengpack.com\/wp-content\/uploads\/2025\/11\/Bulk-High-Quality-Folding-Paper-Bags-Wholesale-Custom-Gift-Bags-for-Garment-Packaging-with-Handle-6-100x100.webp 100w\" sizes=\"(max-width: 2048px) 100vw, 2048px\" \/><\/figure>\n\n\n\n<div class=\"wp-block-buttons has-custom-font-size has-small-font-size is-content-justification-center is-layout-flex wp-container-core-buttons-is-layout-873b8b11 wp-block-buttons-is-layout-flex\" style=\"padding-top:var(--wp--preset--spacing--50);padding-right:var(--wp--preset--spacing--50);padding-bottom:var(--wp--preset--spacing--50);padding-left:var(--wp--preset--spacing--50)\">\n<div class=\"wp-block-button has-custom-width wp-block-button__width-75\"><a class=\"wp-block-button__link has-background has-small-font-size has-custom-font-size wp-element-button\" href=\"https:\/\/www.yishengpack.com\/fr\/custom-printed-box\/\" style=\"background:linear-gradient(135deg,rgb(254,205,165) 0%,rgb(254,45,45) 0%,rgb(94,15,15) 0%,rgb(94,15,15) 100%)\" target=\"_blank\" rel=\"noreferrer noopener\"><strong>D\u00e9couvrez les bo\u00eetes imprim\u00e9es personnalis\u00e9es<\/strong><\/a><\/div>\n<\/div>\n<\/div>\n\n\n\n<div class=\"wp-block-column is-layout-flow wp-block-column-is-layout-flow\">\n<figure class=\"wp-block-image size-full\"><img decoding=\"async\" width=\"2048\" height=\"2048\" src=\"https:\/\/www.yishengpack.com\/wp-content\/uploads\/2025\/11\/Bulk-High-Quality-Folding-Paper-Bags-Wholesale-Custom-Gift-Bags-for-Garment-Packaging-with-Handle-3.webp\" alt=\"bulk-custom-clothing-paper-bag-folding-gift-bags-supply-3\" class=\"wp-image-2473\" srcset=\"https:\/\/www.yishengpack.com\/wp-content\/uploads\/2025\/11\/Bulk-High-Quality-Folding-Paper-Bags-Wholesale-Custom-Gift-Bags-for-Garment-Packaging-with-Handle-3.webp 2048w, https:\/\/www.yishengpack.com\/wp-content\/uploads\/2025\/11\/Bulk-High-Quality-Folding-Paper-Bags-Wholesale-Custom-Gift-Bags-for-Garment-Packaging-with-Handle-3-300x300.webp 300w, https:\/\/www.yishengpack.com\/wp-content\/uploads\/2025\/11\/Bulk-High-Quality-Folding-Paper-Bags-Wholesale-Custom-Gift-Bags-for-Garment-Packaging-with-Handle-3-150x150.webp 150w, https:\/\/www.yishengpack.com\/wp-content\/uploads\/2025\/11\/Bulk-High-Quality-Folding-Paper-Bags-Wholesale-Custom-Gift-Bags-for-Garment-Packaging-with-Handle-3-768x768.webp 768w, https:\/\/www.yishengpack.com\/wp-content\/uploads\/2025\/11\/Bulk-High-Quality-Folding-Paper-Bags-Wholesale-Custom-Gift-Bags-for-Garment-Packaging-with-Handle-3-12x12.webp 12w, https:\/\/www.yishengpack.com\/wp-content\/uploads\/2025\/11\/Bulk-High-Quality-Folding-Paper-Bags-Wholesale-Custom-Gift-Bags-for-Garment-Packaging-with-Handle-3-1200x1200.webp 1200w, https:\/\/www.yishengpack.com\/wp-content\/uploads\/2025\/11\/Bulk-High-Quality-Folding-Paper-Bags-Wholesale-Custom-Gift-Bags-for-Garment-Packaging-with-Handle-3-600x600.webp 600w, https:\/\/www.yishengpack.com\/wp-content\/uploads\/2025\/11\/Bulk-High-Quality-Folding-Paper-Bags-Wholesale-Custom-Gift-Bags-for-Garment-Packaging-with-Handle-3-100x100.webp 100w\" sizes=\"(max-width: 2048px) 100vw, 2048px\" \/><\/figure>\n\n\n\n<div class=\"wp-block-buttons has-custom-font-size has-small-font-size is-content-justification-center is-layout-flex wp-container-core-buttons-is-layout-873b8b11 wp-block-buttons-is-layout-flex\" style=\"padding-top:var(--wp--preset--spacing--50);padding-right:var(--wp--preset--spacing--50);padding-bottom:var(--wp--preset--spacing--50);padding-left:var(--wp--preset--spacing--50)\">\n<div class=\"wp-block-button has-custom-width wp-block-button__width-75\"><a class=\"wp-block-button__link has-background has-small-font-size has-custom-font-size wp-element-button\" href=\"https:\/\/www.yishengpack.com\/fr\/custom-product-boxes-types\/\" style=\"background:linear-gradient(135deg,rgb(254,205,165) 0%,rgb(254,45,45) 0%,rgb(94,15,15) 0%)\" target=\"_blank\" rel=\"noreferrer noopener\"><strong>Explorer les types de sacs personnalis\u00e9s<\/strong><\/a><\/div>\n<\/div>\n<\/div>\n<\/div>","protected":false},"excerpt":{"rendered":"<p>Les sacs en papier pour v\u00eatements personnalis\u00e9s sont dot\u00e9s d'un papier de qualit\u00e9 sup\u00e9rieure et d'une poign\u00e9e en satin lisse, ce qui leur conf\u00e8re une apparence exquise et une sensation de confort. Ces sacs en papier pliants et \u00e9l\u00e9gants permettent de personnaliser les tailles et les logos, et l'emballage est une option de vente en gros parfaite pour les marques de v\u00eatements, les magasins de d\u00e9tail et l'emballage de cadeaux.<\/p>\n<h2>Points forts des sacs en papier pour v\u00eatements personnalis\u00e9s<\/h2>\n<ul>\n<li>Personnalisation<\/li>\n<li>Mat\u00e9riaux imperm\u00e9ables<\/li>\n<li>Des proc\u00e9d\u00e9s d'impression riches<\/li>\n<li>Plusieurs types de sacs<\/li>\n<li>Couleurs vives<\/li>\n<li>Plusieurs tailles de sacs<\/li>\n<li>Poign\u00e9es en satin haut de gamme<\/li>\n<li>Durable et protecteur<\/li>\n<\/ul>","protected":false},"featured_media":2471,"comment_status":"closed","ping_status":"closed","template":"","meta":{"_acf_changed":false},"box-type":[53],"product_brand":[],"product_cat":[34,70,37],"product_tag":[],"class_list":{"0":"post-2470","1":"product","2":"type-product","3":"status-publish","4":"has-post-thumbnail","6":"box-type-custom-ribbon-handle-paper-bag","7":"product_cat-paper-bags-wholesale","8":"product_cat-custom-clothing-bags","9":"product_cat-paper-gift-bags-bulk","11":"first","12":"instock","13":"shipping-taxable","14":"product-type-simple"},"acf":[],"_links":{"self":[{"href":"https:\/\/www.yishengpack.com\/fr\/wp-json\/wp\/v2\/product\/2470","targetHints":{"allow":["GET"]}}],"collection":[{"href":"https:\/\/www.yishengpack.com\/fr\/wp-json\/wp\/v2\/product"}],"about":[{"href":"https:\/\/www.yishengpack.com\/fr\/wp-json\/wp\/v2\/types\/product"}],"replies":[{"embeddable":true,"href":"https:\/\/www.yishengpack.com\/fr\/wp-json\/wp\/v2\/comments?post=2470"}],"wp:featuredmedia":[{"embeddable":true,"href":"https:\/\/www.yishengpack.com\/fr\/wp-json\/wp\/v2\/media\/2471"}],"wp:attachment":[{"href":"https:\/\/www.yishengpack.com\/fr\/wp-json\/wp\/v2\/media?parent=2470"}],"wp:term":[{"taxonomy":"box-type","embeddable":true,"href":"https:\/\/www.yishengpack.com\/fr\/wp-json\/wp\/v2\/box-type?post=2470"},{"taxonomy":"product_brand","embeddable":true,"href":"https:\/\/www.yishengpack.com\/fr\/wp-json\/wp\/v2\/product_brand?post=2470"},{"taxonomy":"product_cat","embeddable":true,"href":"https:\/\/www.yishengpack.com\/fr\/wp-json\/wp\/v2\/product_cat?post=2470"},{"taxonomy":"product_tag","embeddable":true,"href":"https:\/\/www.yishengpack.com\/fr\/wp-json\/wp\/v2\/product_tag?post=2470"}],"curies":[{"name":"wp","href":"https:\/\/api.w.org\/{rel}","templated":true}]}}