{"id":2462,"date":"2025-11-10T09:37:21","date_gmt":"2025-11-10T09:37:21","guid":{"rendered":"https:\/\/www.yishengpack.com\/?post_type=product&#038;p=2462"},"modified":"2025-11-10T09:37:46","modified_gmt":"2025-11-10T09:37:46","slug":"wholesale-twisted-handle-paper-bags","status":"publish","type":"product","link":"https:\/\/www.yishengpack.com\/fr\/produit\/wholesale-twisted-handle-paper-bags\/","title":{"rendered":"Sacs en papier \u00e0 poign\u00e9e torsad\u00e9e en gros, sacs de boulangerie personnalis\u00e9s"},"content":{"rendered":"<div class=\"wp-block-columns is-layout-flex wp-container-core-columns-is-layout-9d6595d7 wp-block-columns-is-layout-flex\">\n<div class=\"wp-block-column is-layout-flow wp-block-column-is-layout-flow\">\n<h3 class=\"wp-block-heading\">Caract\u00e9ristiques des sacs en papier \u00e0 poign\u00e9e torsad\u00e9e en gros<\/h3>\n\n\n\n<p><strong>Poign\u00e9e en papier torsad\u00e9 pour un transport s\u00fbr :<\/strong> Ces sacs \u00e0 p\u00e2tisserie personnalis\u00e9s sont dot\u00e9s d'une solide poign\u00e9e en papier torsad\u00e9 qui permet de les transporter confortablement et en toute s\u00e9curit\u00e9. Id\u00e9aux pour les baguettes, les croissants et les g\u00e2teaux, ces sacs offrent une meilleure stabilit\u00e9 lors du transport des produits de boulangerie.<\/p>\n\n\n\n<p><strong>Papier durable :<\/strong> Ces sacs en papier \u00e0 poign\u00e9e torsad\u00e9e sont fabriqu\u00e9s \u00e0 partir d'un papier durable qui convient parfaitement aux produits de boulangerie et de p\u00e2tisserie. Ils sont inodores et biod\u00e9gradables, s'inscrivant dans les tendances r\u00e9centes de l'emballage durable et assurant le transport des produits de boulangerie et de p\u00e2tisserie.<\/p>\n\n\n\n<p><strong>Impression personnalis\u00e9e disponible : <\/strong>Ces sacs en papier \u00e0 poign\u00e9e torsad\u00e9e permettent l'impression personnalis\u00e9e de logos, de motifs, de tailles et de couleurs, ce qui offre un attrait visuel qui peut s'adapter aux besoins de votre marque, donnant un aspect et une sensation de suite \u00e0 votre marque de produits de boulangerie et de p\u00e2tisserie.<\/p>\n\n\n\n<p><strong>Vari\u00e9t\u00e9 de tailles :<\/strong> De diff\u00e9rentes tailles, ces sacs en papier \u00e0 poign\u00e9e torsad\u00e9e peuvent contenir plusieurs produits de boulangerie tels que des baguettes, des p\u00e2tisseries ou des g\u00e2teaux assortis pour diff\u00e9rents besoins d'emballage en boulangerie.<\/p>\n\n\n\n<p><strong>Convient au commerce de gros :<\/strong> Ces sacs \u00e0 p\u00e2tisserie personnalis\u00e9s conviennent aux boulangeries, aux caf\u00e9s, aux magasins de desserts et \u00e0 l'emballage des plats \u00e0 emporter ; les commandes en gros et la coop\u00e9ration OEM\/ODM sont possibles.<\/p>\n<\/div>\n\n\n\n<div class=\"wp-block-column is-layout-flow wp-block-column-is-layout-flow\">\n<figure class=\"wp-block-image size-full\"><img decoding=\"async\" width=\"2048\" height=\"2048\" src=\"https:\/\/www.yishengpack.com\/wp-content\/uploads\/2025\/11\/Customized-Twist-Paper-Handle-Bags-Bulk-Durable-Bread-Bagels-Package-Paper-Bag-Wholesale-5.webp\" alt=\"sacs en papier \u00e0 poign\u00e9e torsad\u00e9e en gros - sacs de boulangerie personnalis\u00e9s - 5\" class=\"wp-image-2467\" srcset=\"https:\/\/www.yishengpack.com\/wp-content\/uploads\/2025\/11\/Customized-Twist-Paper-Handle-Bags-Bulk-Durable-Bread-Bagels-Package-Paper-Bag-Wholesale-5.webp 2048w, https:\/\/www.yishengpack.com\/wp-content\/uploads\/2025\/11\/Customized-Twist-Paper-Handle-Bags-Bulk-Durable-Bread-Bagels-Package-Paper-Bag-Wholesale-5-300x300.webp 300w, https:\/\/www.yishengpack.com\/wp-content\/uploads\/2025\/11\/Customized-Twist-Paper-Handle-Bags-Bulk-Durable-Bread-Bagels-Package-Paper-Bag-Wholesale-5-150x150.webp 150w, https:\/\/www.yishengpack.com\/wp-content\/uploads\/2025\/11\/Customized-Twist-Paper-Handle-Bags-Bulk-Durable-Bread-Bagels-Package-Paper-Bag-Wholesale-5-768x768.webp 768w, https:\/\/www.yishengpack.com\/wp-content\/uploads\/2025\/11\/Customized-Twist-Paper-Handle-Bags-Bulk-Durable-Bread-Bagels-Package-Paper-Bag-Wholesale-5-12x12.webp 12w, https:\/\/www.yishengpack.com\/wp-content\/uploads\/2025\/11\/Customized-Twist-Paper-Handle-Bags-Bulk-Durable-Bread-Bagels-Package-Paper-Bag-Wholesale-5-1200x1200.webp 1200w, https:\/\/www.yishengpack.com\/wp-content\/uploads\/2025\/11\/Customized-Twist-Paper-Handle-Bags-Bulk-Durable-Bread-Bagels-Package-Paper-Bag-Wholesale-5-600x600.webp 600w, https:\/\/www.yishengpack.com\/wp-content\/uploads\/2025\/11\/Customized-Twist-Paper-Handle-Bags-Bulk-Durable-Bread-Bagels-Package-Paper-Bag-Wholesale-5-100x100.webp 100w\" sizes=\"(max-width: 2048px) 100vw, 2048px\" \/><\/figure>\n<\/div>\n<\/div>\n\n\n\n<div class=\"wp-block-columns is-layout-flex wp-container-core-columns-is-layout-9d6595d7 wp-block-columns-is-layout-flex\">\n<div class=\"wp-block-column is-layout-flow wp-block-column-is-layout-flow\">\n<figure class=\"wp-block-image size-full\"><img decoding=\"async\" width=\"2048\" height=\"2048\" src=\"https:\/\/www.yishengpack.com\/wp-content\/uploads\/2025\/11\/Customized-Twist-Paper-Handle-Bags-Bulk-Durable-Bread-Bagels-Package-Paper-Bag-Wholesale-3.webp\" alt=\"sacs en papier \u00e0 poign\u00e9e torsad\u00e9e en gros-sacs de boulangerie personnalis\u00e9s-3\" class=\"wp-image-2465\" srcset=\"https:\/\/www.yishengpack.com\/wp-content\/uploads\/2025\/11\/Customized-Twist-Paper-Handle-Bags-Bulk-Durable-Bread-Bagels-Package-Paper-Bag-Wholesale-3.webp 2048w, https:\/\/www.yishengpack.com\/wp-content\/uploads\/2025\/11\/Customized-Twist-Paper-Handle-Bags-Bulk-Durable-Bread-Bagels-Package-Paper-Bag-Wholesale-3-300x300.webp 300w, https:\/\/www.yishengpack.com\/wp-content\/uploads\/2025\/11\/Customized-Twist-Paper-Handle-Bags-Bulk-Durable-Bread-Bagels-Package-Paper-Bag-Wholesale-3-150x150.webp 150w, https:\/\/www.yishengpack.com\/wp-content\/uploads\/2025\/11\/Customized-Twist-Paper-Handle-Bags-Bulk-Durable-Bread-Bagels-Package-Paper-Bag-Wholesale-3-768x768.webp 768w, https:\/\/www.yishengpack.com\/wp-content\/uploads\/2025\/11\/Customized-Twist-Paper-Handle-Bags-Bulk-Durable-Bread-Bagels-Package-Paper-Bag-Wholesale-3-12x12.webp 12w, https:\/\/www.yishengpack.com\/wp-content\/uploads\/2025\/11\/Customized-Twist-Paper-Handle-Bags-Bulk-Durable-Bread-Bagels-Package-Paper-Bag-Wholesale-3-1200x1200.webp 1200w, https:\/\/www.yishengpack.com\/wp-content\/uploads\/2025\/11\/Customized-Twist-Paper-Handle-Bags-Bulk-Durable-Bread-Bagels-Package-Paper-Bag-Wholesale-3-600x600.webp 600w, https:\/\/www.yishengpack.com\/wp-content\/uploads\/2025\/11\/Customized-Twist-Paper-Handle-Bags-Bulk-Durable-Bread-Bagels-Package-Paper-Bag-Wholesale-3-100x100.webp 100w\" sizes=\"(max-width: 2048px) 100vw, 2048px\" \/><\/figure>\n\n\n\n<div class=\"wp-block-buttons has-custom-font-size has-small-font-size is-content-justification-center is-layout-flex wp-container-core-buttons-is-layout-16018d1d wp-block-buttons-is-layout-flex\">\n<div class=\"wp-block-button has-custom-width wp-block-button__width-75\"><a class=\"wp-block-button__link has-background has-small-font-size has-custom-font-size wp-element-button\" href=\"https:\/\/www.yishengpack.com\/fr\/custom-printed-box\/\" style=\"background:linear-gradient(135deg,rgb(254,205,165) 0%,rgb(254,45,45) 0%,rgb(94,15,15) 0%,rgb(94,15,15) 100%)\" target=\"_blank\" rel=\"noreferrer noopener\"><strong>D\u00e9couvrez les bo\u00eetes imprim\u00e9es personnalis\u00e9es<\/strong><\/a><\/div>\n<\/div>\n<\/div>\n\n\n\n<div class=\"wp-block-column is-layout-flow wp-block-column-is-layout-flow\">\n<figure class=\"wp-block-image size-full\"><img decoding=\"async\" width=\"2048\" height=\"2048\" src=\"https:\/\/www.yishengpack.com\/wp-content\/uploads\/2025\/11\/Customized-Twist-Paper-Handle-Bags-Bulk-Durable-Bread-Bagels-Package-Paper-Bag-Wholesale-2.webp\" alt=\"sacs en papier \u00e0 poign\u00e9es torsad\u00e9es en gros-sacs de boulangerie personnalis\u00e9s-2\" class=\"wp-image-2464\" srcset=\"https:\/\/www.yishengpack.com\/wp-content\/uploads\/2025\/11\/Customized-Twist-Paper-Handle-Bags-Bulk-Durable-Bread-Bagels-Package-Paper-Bag-Wholesale-2.webp 2048w, https:\/\/www.yishengpack.com\/wp-content\/uploads\/2025\/11\/Customized-Twist-Paper-Handle-Bags-Bulk-Durable-Bread-Bagels-Package-Paper-Bag-Wholesale-2-300x300.webp 300w, https:\/\/www.yishengpack.com\/wp-content\/uploads\/2025\/11\/Customized-Twist-Paper-Handle-Bags-Bulk-Durable-Bread-Bagels-Package-Paper-Bag-Wholesale-2-150x150.webp 150w, https:\/\/www.yishengpack.com\/wp-content\/uploads\/2025\/11\/Customized-Twist-Paper-Handle-Bags-Bulk-Durable-Bread-Bagels-Package-Paper-Bag-Wholesale-2-768x768.webp 768w, https:\/\/www.yishengpack.com\/wp-content\/uploads\/2025\/11\/Customized-Twist-Paper-Handle-Bags-Bulk-Durable-Bread-Bagels-Package-Paper-Bag-Wholesale-2-12x12.webp 12w, https:\/\/www.yishengpack.com\/wp-content\/uploads\/2025\/11\/Customized-Twist-Paper-Handle-Bags-Bulk-Durable-Bread-Bagels-Package-Paper-Bag-Wholesale-2-1200x1200.webp 1200w, https:\/\/www.yishengpack.com\/wp-content\/uploads\/2025\/11\/Customized-Twist-Paper-Handle-Bags-Bulk-Durable-Bread-Bagels-Package-Paper-Bag-Wholesale-2-600x600.webp 600w, https:\/\/www.yishengpack.com\/wp-content\/uploads\/2025\/11\/Customized-Twist-Paper-Handle-Bags-Bulk-Durable-Bread-Bagels-Package-Paper-Bag-Wholesale-2-100x100.webp 100w\" sizes=\"(max-width: 2048px) 100vw, 2048px\" \/><\/figure>\n\n\n\n<div class=\"wp-block-buttons has-custom-font-size has-small-font-size is-content-justification-center is-layout-flex wp-container-core-buttons-is-layout-16018d1d wp-block-buttons-is-layout-flex\">\n<div class=\"wp-block-button has-custom-width wp-block-button__width-75\"><a class=\"wp-block-button__link has-background has-small-font-size has-custom-font-size wp-element-button\" href=\"https:\/\/www.yishengpack.com\/fr\/custom-product-boxes-types\/\" style=\"background:linear-gradient(135deg,rgb(254,205,165) 0%,rgb(254,45,45) 0%,rgb(94,15,15) 0%,rgb(94,15,15) 100%)\" target=\"_blank\" rel=\"noreferrer noopener\"><strong>Explorer Custom B<\/strong>ag<strong> Les types<\/strong><\/a><\/div>\n<\/div>\n<\/div>\n<\/div>","protected":false},"excerpt":{"rendered":"<p>Les sacs en papier \u00e0 poign\u00e9e torsad\u00e9e sont fabriqu\u00e9s \u00e0 partir de papier durable et respectueux de l'environnement. Ils sont parfaits pour les produits de boulangerie, les desserts et les plats \u00e0 emporter. Ces sacs de boulangerie personnalis\u00e9s sont durables et \u00e9l\u00e9gants, et peuvent \u00eatre personnalis\u00e9s avec votre logo. En r\u00e9sum\u00e9, ils sont parfaits pour les boulangeries, les caf\u00e9s et les \u00e9piceries qui recherchent une solution d'emballage respectueuse de l'environnement.<\/p>\n<h2>Points forts des sacs en papier \u00e0 poign\u00e9e torsad\u00e9e vendus en gros<\/h2>\n<ul>\n<li>Personnalisation compl\u00e8te<\/li>\n<li>Mat\u00e9riaux de haute qualit\u00e9<\/li>\n<li>Traitements d'impression multiples<\/li>\n<li>Plusieurs tailles de sacs<\/li>\n<li>Diverses options de couleurs<\/li>\n<li>Un savoir-faire exquis<\/li>\n<li>Facilit\u00e9 de transport<\/li>\n<li>Service OEM\/ODM<\/li>\n<\/ul>","protected":false},"featured_media":2463,"comment_status":"closed","ping_status":"closed","template":"","meta":{"_acf_changed":false},"box-type":[50],"product_brand":[],"product_cat":[34,38],"product_tag":[],"class_list":{"0":"post-2462","1":"product","2":"type-product","3":"status-publish","4":"has-post-thumbnail","6":"box-type-custom-twisted-handle-paper-bags","7":"product_cat-paper-bags-wholesale","8":"product_cat-bakery-paper-bags-wholesale","10":"first","11":"instock","12":"shipping-taxable","13":"product-type-simple"},"acf":[],"_links":{"self":[{"href":"https:\/\/www.yishengpack.com\/fr\/wp-json\/wp\/v2\/product\/2462","targetHints":{"allow":["GET"]}}],"collection":[{"href":"https:\/\/www.yishengpack.com\/fr\/wp-json\/wp\/v2\/product"}],"about":[{"href":"https:\/\/www.yishengpack.com\/fr\/wp-json\/wp\/v2\/types\/product"}],"replies":[{"embeddable":true,"href":"https:\/\/www.yishengpack.com\/fr\/wp-json\/wp\/v2\/comments?post=2462"}],"wp:featuredmedia":[{"embeddable":true,"href":"https:\/\/www.yishengpack.com\/fr\/wp-json\/wp\/v2\/media\/2463"}],"wp:attachment":[{"href":"https:\/\/www.yishengpack.com\/fr\/wp-json\/wp\/v2\/media?parent=2462"}],"wp:term":[{"taxonomy":"box-type","embeddable":true,"href":"https:\/\/www.yishengpack.com\/fr\/wp-json\/wp\/v2\/box-type?post=2462"},{"taxonomy":"product_brand","embeddable":true,"href":"https:\/\/www.yishengpack.com\/fr\/wp-json\/wp\/v2\/product_brand?post=2462"},{"taxonomy":"product_cat","embeddable":true,"href":"https:\/\/www.yishengpack.com\/fr\/wp-json\/wp\/v2\/product_cat?post=2462"},{"taxonomy":"product_tag","embeddable":true,"href":"https:\/\/www.yishengpack.com\/fr\/wp-json\/wp\/v2\/product_tag?post=2462"}],"curies":[{"name":"wp","href":"https:\/\/api.w.org\/{rel}","templated":true}]}}