{"id":2454,"date":"2025-11-14T07:37:24","date_gmt":"2025-11-14T07:37:24","guid":{"rendered":"https:\/\/www.yishengpack.com\/?post_type=product&#038;p=2454"},"modified":"2025-11-14T07:37:25","modified_gmt":"2025-11-14T07:37:25","slug":"wholesale-paper-bag","status":"publish","type":"product","link":"https:\/\/www.yishengpack.com\/fr\/produit\/wholesale-paper-bag\/","title":{"rendered":"Sac en papier en gros, sacs de boulangerie imprim\u00e9s personnalis\u00e9s avec poign\u00e9e"},"content":{"rendered":"<div class=\"wp-block-columns is-layout-flex wp-container-core-columns-is-layout-9d6595d7 wp-block-columns-is-layout-flex\">\n<div class=\"wp-block-column is-layout-flow wp-block-column-is-layout-flow\">\n<h3 class=\"wp-block-heading\">Caract\u00e9ristiques des sacs en papier en gros<\/h3>\n\n\n\n<p><strong>Plusieurs mod\u00e8les de poign\u00e9es :<\/strong> Disponibles en corde torsad\u00e9e, poign\u00e9e en papier et poign\u00e9e perfor\u00e9e. Les poign\u00e9es sont robustes et permettent un transport confortable et sans effort. Elles peuvent \u00eatre utilis\u00e9es pour transporter du pain, des g\u00e2teaux, des snacks et d'autres produits de boulangerie.<\/p>\n\n\n\n<p><strong>Construction en papier durable : <\/strong>Le sac en papier pour boulangerie est fabriqu\u00e9 \u00e0 partir d'un papier solide qui respecte les normes d'hygi\u00e8ne lors de l'emballage des produits de boulangerie. Ce sac pour boulangerie est id\u00e9al pour transporter du pain, des petits g\u00e2teaux, des bagels ou d'autres produits de boulangerie simples \u00e0 la fois facilement et commod\u00e9ment, permettant une protection fiable et la qualit\u00e9 des produits de boulangerie, ce qui aiderait en fin de compte \u00e0 l'emballage des produits de boulangerie.<\/p>\n\n\n\n<p><strong>Des tirages th\u00e9matiques app\u00e9tissants :<\/strong> Le sac en papier pour boulangerie comporte des motifs app\u00e9tissants tels que des illustrations de pain, des dessins de croissants et des motifs de p\u00e2tisseries. Ces imprim\u00e9s renforcent l'attrait visuel, ce qui rend le sac id\u00e9al pour pr\u00e9senter divers produits de boulangerie.<\/p>\n\n\n\n<p><strong>Espace int\u00e9rieur g\u00e9n\u00e9reux :<\/strong> Avec un int\u00e9rieur g\u00e9n\u00e9reux, le sac en papier de gros peut contenir plusieurs produits de boulangerie. Le papier \u00e9pais et la base carr\u00e9e garantissent une bonne stabilit\u00e9 et une grande capacit\u00e9. Ne se cassant pas facilement, il convient \u00e0 la vente \u00e0 emporter, \u00e0 la livraison et \u00e0 l'emballage en magasin.<\/p>\n\n\n\n<p><strong>Impression personnalis\u00e9e possible :<\/strong> Personnalisez le logo de votre marque, le nom de votre boulangerie, les motifs, les couleurs, etc. Des encres respectueuses de l'environnement seront utilis\u00e9es sur l'emballage et chaque impression sera nette et claire. Nous offrons la possibilit\u00e9 de personnaliser nos petites, moyennes, grandes et tr\u00e8s grandes tailles pour r\u00e9pondre \u00e0 vos besoins en mati\u00e8re de sacs \u00e0 pain, de bo\u00eetes \u00e0 g\u00e2teaux, de bo\u00eetes \u00e0 p\u00e2tisseries et d'autres emballages pour la boulangerie.<\/p>\n<\/div>\n\n\n\n<div class=\"wp-block-column is-layout-flow wp-block-column-is-layout-flow\">\n<figure class=\"wp-block-image size-full\"><img decoding=\"async\" width=\"2048\" height=\"2048\" src=\"https:\/\/www.yishengpack.com\/wp-content\/uploads\/2025\/11\/Wholesale-Hot-selling-Bakery-Paper-Bags-Custom-Paper-Bags-with-Handle-Logo-2.webp\" alt=\"grossiste-sac-papier-sac-papier-personnalis\u00e9-imprim\u00e9-sac-papeterie-avec-poign\u00e9e-2\" class=\"wp-image-2456\" srcset=\"https:\/\/www.yishengpack.com\/wp-content\/uploads\/2025\/11\/Wholesale-Hot-selling-Bakery-Paper-Bags-Custom-Paper-Bags-with-Handle-Logo-2.webp 2048w, https:\/\/www.yishengpack.com\/wp-content\/uploads\/2025\/11\/Wholesale-Hot-selling-Bakery-Paper-Bags-Custom-Paper-Bags-with-Handle-Logo-2-300x300.webp 300w, https:\/\/www.yishengpack.com\/wp-content\/uploads\/2025\/11\/Wholesale-Hot-selling-Bakery-Paper-Bags-Custom-Paper-Bags-with-Handle-Logo-2-150x150.webp 150w, https:\/\/www.yishengpack.com\/wp-content\/uploads\/2025\/11\/Wholesale-Hot-selling-Bakery-Paper-Bags-Custom-Paper-Bags-with-Handle-Logo-2-768x768.webp 768w, https:\/\/www.yishengpack.com\/wp-content\/uploads\/2025\/11\/Wholesale-Hot-selling-Bakery-Paper-Bags-Custom-Paper-Bags-with-Handle-Logo-2-12x12.webp 12w, https:\/\/www.yishengpack.com\/wp-content\/uploads\/2025\/11\/Wholesale-Hot-selling-Bakery-Paper-Bags-Custom-Paper-Bags-with-Handle-Logo-2-1200x1200.webp 1200w, https:\/\/www.yishengpack.com\/wp-content\/uploads\/2025\/11\/Wholesale-Hot-selling-Bakery-Paper-Bags-Custom-Paper-Bags-with-Handle-Logo-2-600x600.webp 600w, https:\/\/www.yishengpack.com\/wp-content\/uploads\/2025\/11\/Wholesale-Hot-selling-Bakery-Paper-Bags-Custom-Paper-Bags-with-Handle-Logo-2-100x100.webp 100w\" sizes=\"(max-width: 2048px) 100vw, 2048px\" \/><\/figure>\n<\/div>\n<\/div>\n\n\n\n<div class=\"wp-block-columns is-layout-flex wp-container-core-columns-is-layout-9d6595d7 wp-block-columns-is-layout-flex\">\n<div class=\"wp-block-column is-layout-flow wp-block-column-is-layout-flow\">\n<figure class=\"wp-block-image size-full\"><img decoding=\"async\" width=\"2048\" height=\"2048\" src=\"https:\/\/www.yishengpack.com\/wp-content\/uploads\/2025\/11\/Wholesale-Hot-selling-Bakery-Paper-Bags-Custom-Paper-Bags-with-Handle-Logo-5.webp\" alt=\"vente en gros - vente \u00e0 chaud - sacs en papier pour boulangerie - sacs en papier personnalis\u00e9s avec poign\u00e9e - logo - 5\" class=\"wp-image-2459\" srcset=\"https:\/\/www.yishengpack.com\/wp-content\/uploads\/2025\/11\/Wholesale-Hot-selling-Bakery-Paper-Bags-Custom-Paper-Bags-with-Handle-Logo-5.webp 2048w, https:\/\/www.yishengpack.com\/wp-content\/uploads\/2025\/11\/Wholesale-Hot-selling-Bakery-Paper-Bags-Custom-Paper-Bags-with-Handle-Logo-5-300x300.webp 300w, https:\/\/www.yishengpack.com\/wp-content\/uploads\/2025\/11\/Wholesale-Hot-selling-Bakery-Paper-Bags-Custom-Paper-Bags-with-Handle-Logo-5-150x150.webp 150w, https:\/\/www.yishengpack.com\/wp-content\/uploads\/2025\/11\/Wholesale-Hot-selling-Bakery-Paper-Bags-Custom-Paper-Bags-with-Handle-Logo-5-768x768.webp 768w, https:\/\/www.yishengpack.com\/wp-content\/uploads\/2025\/11\/Wholesale-Hot-selling-Bakery-Paper-Bags-Custom-Paper-Bags-with-Handle-Logo-5-12x12.webp 12w, https:\/\/www.yishengpack.com\/wp-content\/uploads\/2025\/11\/Wholesale-Hot-selling-Bakery-Paper-Bags-Custom-Paper-Bags-with-Handle-Logo-5-1200x1200.webp 1200w, https:\/\/www.yishengpack.com\/wp-content\/uploads\/2025\/11\/Wholesale-Hot-selling-Bakery-Paper-Bags-Custom-Paper-Bags-with-Handle-Logo-5-600x600.webp 600w, https:\/\/www.yishengpack.com\/wp-content\/uploads\/2025\/11\/Wholesale-Hot-selling-Bakery-Paper-Bags-Custom-Paper-Bags-with-Handle-Logo-5-100x100.webp 100w\" sizes=\"(max-width: 2048px) 100vw, 2048px\" \/><\/figure>\n\n\n\n<div class=\"wp-block-buttons has-custom-font-size has-small-font-size is-content-justification-center is-layout-flex wp-container-core-buttons-is-layout-16018d1d wp-block-buttons-is-layout-flex\">\n<div class=\"wp-block-button has-custom-width wp-block-button__width-75\"><a class=\"wp-block-button__link has-background has-small-font-size has-custom-font-size wp-element-button\" href=\"https:\/\/www.yishengpack.com\/fr\/custom-printed-box\/\" style=\"background:linear-gradient(135deg,rgb(254,205,165) 0%,rgb(254,45,45) 0%,rgb(94,15,15) 0%,rgb(94,15,15) 100%)\" target=\"_blank\" rel=\"noreferrer noopener\"><strong>D\u00e9couvrez les bo\u00eetes imprim\u00e9es personnalis\u00e9es<\/strong><\/a><\/div>\n<\/div>\n<\/div>\n\n\n\n<div class=\"wp-block-column is-layout-flow wp-block-column-is-layout-flow\">\n<figure class=\"wp-block-image size-full\"><img decoding=\"async\" width=\"2048\" height=\"2048\" src=\"https:\/\/www.yishengpack.com\/wp-content\/uploads\/2025\/11\/Wholesale-Hot-selling-Bakery-Paper-Bags-Custom-Paper-Bags-with-Handle-Logo-7.webp\" alt=\"vente en gros - vente \u00e0 chaud - sacs en papier pour boulangerie - sacs en papier personnalis\u00e9s - sacs en papier avec poign\u00e9e - logo - 7\" class=\"wp-image-2461\" srcset=\"https:\/\/www.yishengpack.com\/wp-content\/uploads\/2025\/11\/Wholesale-Hot-selling-Bakery-Paper-Bags-Custom-Paper-Bags-with-Handle-Logo-7.webp 2048w, https:\/\/www.yishengpack.com\/wp-content\/uploads\/2025\/11\/Wholesale-Hot-selling-Bakery-Paper-Bags-Custom-Paper-Bags-with-Handle-Logo-7-300x300.webp 300w, https:\/\/www.yishengpack.com\/wp-content\/uploads\/2025\/11\/Wholesale-Hot-selling-Bakery-Paper-Bags-Custom-Paper-Bags-with-Handle-Logo-7-150x150.webp 150w, https:\/\/www.yishengpack.com\/wp-content\/uploads\/2025\/11\/Wholesale-Hot-selling-Bakery-Paper-Bags-Custom-Paper-Bags-with-Handle-Logo-7-768x768.webp 768w, https:\/\/www.yishengpack.com\/wp-content\/uploads\/2025\/11\/Wholesale-Hot-selling-Bakery-Paper-Bags-Custom-Paper-Bags-with-Handle-Logo-7-12x12.webp 12w, https:\/\/www.yishengpack.com\/wp-content\/uploads\/2025\/11\/Wholesale-Hot-selling-Bakery-Paper-Bags-Custom-Paper-Bags-with-Handle-Logo-7-1200x1200.webp 1200w, https:\/\/www.yishengpack.com\/wp-content\/uploads\/2025\/11\/Wholesale-Hot-selling-Bakery-Paper-Bags-Custom-Paper-Bags-with-Handle-Logo-7-600x600.webp 600w, https:\/\/www.yishengpack.com\/wp-content\/uploads\/2025\/11\/Wholesale-Hot-selling-Bakery-Paper-Bags-Custom-Paper-Bags-with-Handle-Logo-7-100x100.webp 100w\" sizes=\"(max-width: 2048px) 100vw, 2048px\" \/><\/figure>\n\n\n\n<div class=\"wp-block-buttons has-custom-font-size has-small-font-size is-content-justification-center is-layout-flex wp-container-core-buttons-is-layout-16018d1d wp-block-buttons-is-layout-flex\">\n<div class=\"wp-block-button has-custom-width wp-block-button__width-75\"><a class=\"wp-block-button__link has-background has-small-font-size has-custom-font-size wp-element-button\" href=\"https:\/\/www.yishengpack.com\/fr\/custom-product-boxes-types\/\" style=\"background:linear-gradient(135deg,rgb(254,205,165) 0%,rgb(254,45,45) 0%,rgb(94,15,15) 0%,rgb(94,15,15) 100%)\" target=\"_blank\" rel=\"noreferrer noopener\"><strong>Explorer Custom B<\/strong>ag<strong> Les types<\/strong><\/a><\/div>\n<\/div>\n<\/div>\n<\/div>","protected":false},"excerpt":{"rendered":"<p>Nous vous invitons \u00e0 acheter en gros nos sacs en papier pour boulangerie, qui sont dot\u00e9s d'un mat\u00e9riau en papier durable et d'un design adapt\u00e9 aux aliments, qui allient praticit\u00e9 et charme app\u00e9tissant pour l'emballage des produits de boulangerie. Personnalisables avec des logos de marque, diverses options de poign\u00e9e et une gamme compl\u00e8te de tailles en font une solution d'emballage \u00e9cologique id\u00e9ale pour les boulangeries et les entreprises de restauration.<\/p>\n<h2>Points forts des sacs en papier en gros<\/h2>\n<ul>\n<li>Personnalisation compl\u00e8te<\/li>\n<li>Mat\u00e9riaux respectueux de l'environnement<\/li>\n<li>Impression de qualit\u00e9 sup\u00e9rieure<\/li>\n<li>Une fabrication durable<\/li>\n<li>Diff\u00e9rentes tailles de sacs<\/li>\n<li>Options de couleurs multiples<\/li>\n<li>Plusieurs styles de poign\u00e9es<\/li>\n<li>Stockage facile<\/li>\n<\/ul>","protected":false},"featured_media":2455,"comment_status":"closed","ping_status":"closed","template":"","meta":{"_acf_changed":false},"box-type":[50],"product_brand":[],"product_cat":[34,38,37],"product_tag":[],"class_list":{"0":"post-2454","1":"product","2":"type-product","3":"status-publish","4":"has-post-thumbnail","6":"box-type-custom-twisted-handle-paper-bags","7":"product_cat-paper-bags-wholesale","8":"product_cat-bakery-paper-bags-wholesale","9":"product_cat-paper-gift-bags-bulk","11":"first","12":"instock","13":"shipping-taxable","14":"product-type-simple"},"acf":[],"_links":{"self":[{"href":"https:\/\/www.yishengpack.com\/fr\/wp-json\/wp\/v2\/product\/2454","targetHints":{"allow":["GET"]}}],"collection":[{"href":"https:\/\/www.yishengpack.com\/fr\/wp-json\/wp\/v2\/product"}],"about":[{"href":"https:\/\/www.yishengpack.com\/fr\/wp-json\/wp\/v2\/types\/product"}],"replies":[{"embeddable":true,"href":"https:\/\/www.yishengpack.com\/fr\/wp-json\/wp\/v2\/comments?post=2454"}],"wp:featuredmedia":[{"embeddable":true,"href":"https:\/\/www.yishengpack.com\/fr\/wp-json\/wp\/v2\/media\/2455"}],"wp:attachment":[{"href":"https:\/\/www.yishengpack.com\/fr\/wp-json\/wp\/v2\/media?parent=2454"}],"wp:term":[{"taxonomy":"box-type","embeddable":true,"href":"https:\/\/www.yishengpack.com\/fr\/wp-json\/wp\/v2\/box-type?post=2454"},{"taxonomy":"product_brand","embeddable":true,"href":"https:\/\/www.yishengpack.com\/fr\/wp-json\/wp\/v2\/product_brand?post=2454"},{"taxonomy":"product_cat","embeddable":true,"href":"https:\/\/www.yishengpack.com\/fr\/wp-json\/wp\/v2\/product_cat?post=2454"},{"taxonomy":"product_tag","embeddable":true,"href":"https:\/\/www.yishengpack.com\/fr\/wp-json\/wp\/v2\/product_tag?post=2454"}],"curies":[{"name":"wp","href":"https:\/\/api.w.org\/{rel}","templated":true}]}}