{"id":2438,"date":"2025-11-08T09:35:11","date_gmt":"2025-11-08T09:35:11","guid":{"rendered":"https:\/\/www.yishengpack.com\/?post_type=product&#038;p=2438"},"modified":"2025-11-08T10:08:48","modified_gmt":"2025-11-08T10:08:48","slug":"clothing-bags-wholesale","status":"publish","type":"product","link":"https:\/\/www.yishengpack.com\/fr\/produit\/clothing-bags-wholesale\/","title":{"rendered":"Sacs de v\u00eatements en gros, sacs en papier personnalis\u00e9s avec poign\u00e9e en ruban"},"content":{"rendered":"<div class=\"wp-block-columns is-layout-flex wp-container-core-columns-is-layout-9d6595d7 wp-block-columns-is-layout-flex\">\n<div class=\"wp-block-column is-layout-flow wp-block-column-is-layout-flow\">\n<h3 class=\"wp-block-heading\">Caract\u00e9ristiques des sacs de v\u00eatements exquis en gros<\/h3>\n\n\n\n<p><strong>Poign\u00e9e en ruban pour un transport \u00e9l\u00e9gant :<\/strong> Les sacs \u00e0 v\u00eatements en gros sont une poign\u00e9e de ruban abordable et luxueuse. Ils vous aident \u00e0 vous sentir \u00e9l\u00e9gant et \u00e0 avoir une image de marque prestigieuse. Id\u00e9al pour transporter des sweatshirts, des sweat-shirts \u00e0 capuche et des articles en laine. Offrent une exp\u00e9rience de d\u00e9ballage luxueuse.<\/p>\n\n\n\n<p><strong>Se plie facilement : <\/strong>Ce sac est extr\u00eamement robuste et offre beaucoup d'espace \u00e0 l'int\u00e9rieur. Les sacs \u00e0 v\u00eatements en gros se plient \u00e9galement \u00e0 la taille de votre paume pour faciliter le transport et le stockage des commandes plus importantes.<\/p>\n\n\n\n<p><strong>Fabriqu\u00e9 avec du papier de qualit\u00e9 :<\/strong> Les sacs pour v\u00eatements en gros sont fabriqu\u00e9s \u00e0 partir de papier de qualit\u00e9, durable et \u00e9paissi pour cr\u00e9er un sac en papier solide tout en montrant une image haut de gamme de votre marque de v\u00eatements. Ces sacs sont parfaits pour les boutiques de v\u00eatements, les marques de mode haut de gamme, les emballages cadeaux et les \u00e9v\u00e9nements promotionnels.<\/p>\n\n\n\n<p><strong>Options de design tendance :<\/strong> Le sac en papier pliable personnalis\u00e9 est disponible dans de nombreuses options de design \u00e0 la mode, y compris les pois, les rayures et les imprim\u00e9s botaniques. Ces motifs tendance permettent de cr\u00e9er un sac visuellement attrayant \u00e0 utiliser pour pr\u00e9senter des v\u00eatements.<\/p>\n\n\n\n<p><strong>Enti\u00e8rement personnalisable :<\/strong> Le sac \u00e0 v\u00eatements est enti\u00e8rement personnalisable. Vous pouvez ajuster la taille, imprimer des logos de marque ou des dessins sur le th\u00e8me des v\u00eatements, et choisir des finitions de surface pour r\u00e9pondre aux besoins uniques des marques de v\u00eatements en mati\u00e8re d'image de marque.<\/p>\n<\/div>\n\n\n\n<div class=\"wp-block-column is-layout-flow wp-block-column-is-layout-flow\">\n<figure class=\"wp-block-image size-full\"><img decoding=\"async\" width=\"2048\" height=\"2048\" src=\"https:\/\/www.yishengpack.com\/wp-content\/uploads\/2025\/11\/Hot-Sale-Customization-Exquisite-Clothing-Bags-Wholesale-Folding-Paper-Bag-with-Ribbon-Handle-2.webp\" alt=\"sacs-v\u00eatements-wholesale-sac-papier-personnalis\u00e9-avec-poign\u00e9e-ruban-2\" class=\"wp-image-2440\" srcset=\"https:\/\/www.yishengpack.com\/wp-content\/uploads\/2025\/11\/Hot-Sale-Customization-Exquisite-Clothing-Bags-Wholesale-Folding-Paper-Bag-with-Ribbon-Handle-2.webp 2048w, https:\/\/www.yishengpack.com\/wp-content\/uploads\/2025\/11\/Hot-Sale-Customization-Exquisite-Clothing-Bags-Wholesale-Folding-Paper-Bag-with-Ribbon-Handle-2-300x300.webp 300w, https:\/\/www.yishengpack.com\/wp-content\/uploads\/2025\/11\/Hot-Sale-Customization-Exquisite-Clothing-Bags-Wholesale-Folding-Paper-Bag-with-Ribbon-Handle-2-150x150.webp 150w, https:\/\/www.yishengpack.com\/wp-content\/uploads\/2025\/11\/Hot-Sale-Customization-Exquisite-Clothing-Bags-Wholesale-Folding-Paper-Bag-with-Ribbon-Handle-2-768x768.webp 768w, https:\/\/www.yishengpack.com\/wp-content\/uploads\/2025\/11\/Hot-Sale-Customization-Exquisite-Clothing-Bags-Wholesale-Folding-Paper-Bag-with-Ribbon-Handle-2-12x12.webp 12w, https:\/\/www.yishengpack.com\/wp-content\/uploads\/2025\/11\/Hot-Sale-Customization-Exquisite-Clothing-Bags-Wholesale-Folding-Paper-Bag-with-Ribbon-Handle-2-1200x1200.webp 1200w, https:\/\/www.yishengpack.com\/wp-content\/uploads\/2025\/11\/Hot-Sale-Customization-Exquisite-Clothing-Bags-Wholesale-Folding-Paper-Bag-with-Ribbon-Handle-2-600x600.webp 600w, https:\/\/www.yishengpack.com\/wp-content\/uploads\/2025\/11\/Hot-Sale-Customization-Exquisite-Clothing-Bags-Wholesale-Folding-Paper-Bag-with-Ribbon-Handle-2-100x100.webp 100w\" sizes=\"(max-width: 2048px) 100vw, 2048px\" \/><\/figure>\n<\/div>\n<\/div>\n\n\n\n<div class=\"wp-block-columns is-layout-flex wp-container-core-columns-is-layout-9d6595d7 wp-block-columns-is-layout-flex\">\n<div class=\"wp-block-column is-layout-flow wp-block-column-is-layout-flow\">\n<figure class=\"wp-block-image size-full\"><img decoding=\"async\" width=\"2048\" height=\"2048\" src=\"https:\/\/www.yishengpack.com\/wp-content\/uploads\/2025\/11\/Hot-Sale-Customization-Exquisite-Clothing-Bags-Wholesale-Folding-Paper-Bag-with-Ribbon-Handle-5.webp\" alt=\"sacs-v\u00eatements-wholesale-sac-papier-personnalis\u00e9-avec-poign\u00e9e-ruban-5\" class=\"wp-image-2443\" srcset=\"https:\/\/www.yishengpack.com\/wp-content\/uploads\/2025\/11\/Hot-Sale-Customization-Exquisite-Clothing-Bags-Wholesale-Folding-Paper-Bag-with-Ribbon-Handle-5.webp 2048w, https:\/\/www.yishengpack.com\/wp-content\/uploads\/2025\/11\/Hot-Sale-Customization-Exquisite-Clothing-Bags-Wholesale-Folding-Paper-Bag-with-Ribbon-Handle-5-300x300.webp 300w, https:\/\/www.yishengpack.com\/wp-content\/uploads\/2025\/11\/Hot-Sale-Customization-Exquisite-Clothing-Bags-Wholesale-Folding-Paper-Bag-with-Ribbon-Handle-5-150x150.webp 150w, https:\/\/www.yishengpack.com\/wp-content\/uploads\/2025\/11\/Hot-Sale-Customization-Exquisite-Clothing-Bags-Wholesale-Folding-Paper-Bag-with-Ribbon-Handle-5-768x768.webp 768w, https:\/\/www.yishengpack.com\/wp-content\/uploads\/2025\/11\/Hot-Sale-Customization-Exquisite-Clothing-Bags-Wholesale-Folding-Paper-Bag-with-Ribbon-Handle-5-12x12.webp 12w, https:\/\/www.yishengpack.com\/wp-content\/uploads\/2025\/11\/Hot-Sale-Customization-Exquisite-Clothing-Bags-Wholesale-Folding-Paper-Bag-with-Ribbon-Handle-5-1200x1200.webp 1200w, https:\/\/www.yishengpack.com\/wp-content\/uploads\/2025\/11\/Hot-Sale-Customization-Exquisite-Clothing-Bags-Wholesale-Folding-Paper-Bag-with-Ribbon-Handle-5-600x600.webp 600w, https:\/\/www.yishengpack.com\/wp-content\/uploads\/2025\/11\/Hot-Sale-Customization-Exquisite-Clothing-Bags-Wholesale-Folding-Paper-Bag-with-Ribbon-Handle-5-100x100.webp 100w\" sizes=\"(max-width: 2048px) 100vw, 2048px\" \/><\/figure>\n\n\n\n<div class=\"wp-block-buttons has-custom-font-size has-small-font-size is-content-justification-center is-layout-flex wp-container-core-buttons-is-layout-873b8b11 wp-block-buttons-is-layout-flex\" style=\"padding-top:var(--wp--preset--spacing--50);padding-right:var(--wp--preset--spacing--50);padding-bottom:var(--wp--preset--spacing--50);padding-left:var(--wp--preset--spacing--50)\">\n<div class=\"wp-block-button has-custom-width wp-block-button__width-75\"><a class=\"wp-block-button__link has-background has-small-font-size has-custom-font-size wp-element-button\" href=\"https:\/\/www.yishengpack.com\/fr\/custom-printed-box\/\" style=\"background:linear-gradient(135deg,rgb(254,205,165) 0%,rgb(254,45,45) 0%,rgb(94,15,15) 0%,rgb(94,15,15) 100%)\" target=\"_blank\" rel=\"noreferrer noopener\"><strong>D\u00e9couvrez les bo\u00eetes imprim\u00e9es personnalis\u00e9es<\/strong><\/a><\/div>\n<\/div>\n<\/div>\n\n\n\n<div class=\"wp-block-column is-layout-flow wp-block-column-is-layout-flow\">\n<figure class=\"wp-block-image size-full\"><img decoding=\"async\" width=\"2048\" height=\"2048\" src=\"https:\/\/www.yishengpack.com\/wp-content\/uploads\/2025\/11\/Hot-Sale-Customization-Exquisite-Clothing-Bags-Wholesale-Folding-Paper-Bag-with-Ribbon-Handle-7.webp\" alt=\"sacs-v\u00eatements-wholesale-sac-papier-personnalis\u00e9-avec-poign\u00e9e-ruban-7\" class=\"wp-image-2445\" srcset=\"https:\/\/www.yishengpack.com\/wp-content\/uploads\/2025\/11\/Hot-Sale-Customization-Exquisite-Clothing-Bags-Wholesale-Folding-Paper-Bag-with-Ribbon-Handle-7.webp 2048w, https:\/\/www.yishengpack.com\/wp-content\/uploads\/2025\/11\/Hot-Sale-Customization-Exquisite-Clothing-Bags-Wholesale-Folding-Paper-Bag-with-Ribbon-Handle-7-300x300.webp 300w, https:\/\/www.yishengpack.com\/wp-content\/uploads\/2025\/11\/Hot-Sale-Customization-Exquisite-Clothing-Bags-Wholesale-Folding-Paper-Bag-with-Ribbon-Handle-7-150x150.webp 150w, https:\/\/www.yishengpack.com\/wp-content\/uploads\/2025\/11\/Hot-Sale-Customization-Exquisite-Clothing-Bags-Wholesale-Folding-Paper-Bag-with-Ribbon-Handle-7-768x768.webp 768w, https:\/\/www.yishengpack.com\/wp-content\/uploads\/2025\/11\/Hot-Sale-Customization-Exquisite-Clothing-Bags-Wholesale-Folding-Paper-Bag-with-Ribbon-Handle-7-12x12.webp 12w, https:\/\/www.yishengpack.com\/wp-content\/uploads\/2025\/11\/Hot-Sale-Customization-Exquisite-Clothing-Bags-Wholesale-Folding-Paper-Bag-with-Ribbon-Handle-7-1200x1200.webp 1200w, https:\/\/www.yishengpack.com\/wp-content\/uploads\/2025\/11\/Hot-Sale-Customization-Exquisite-Clothing-Bags-Wholesale-Folding-Paper-Bag-with-Ribbon-Handle-7-600x600.webp 600w, https:\/\/www.yishengpack.com\/wp-content\/uploads\/2025\/11\/Hot-Sale-Customization-Exquisite-Clothing-Bags-Wholesale-Folding-Paper-Bag-with-Ribbon-Handle-7-100x100.webp 100w\" sizes=\"(max-width: 2048px) 100vw, 2048px\" \/><\/figure>\n\n\n\n<div class=\"wp-block-buttons has-custom-font-size has-small-font-size is-content-justification-center is-layout-flex wp-container-core-buttons-is-layout-873b8b11 wp-block-buttons-is-layout-flex\" style=\"padding-top:var(--wp--preset--spacing--50);padding-right:var(--wp--preset--spacing--50);padding-bottom:var(--wp--preset--spacing--50);padding-left:var(--wp--preset--spacing--50)\">\n<div class=\"wp-block-button has-custom-width wp-block-button__width-75\"><a class=\"wp-block-button__link has-background has-small-font-size has-custom-font-size wp-element-button\" href=\"https:\/\/www.yishengpack.com\/fr\/custom-box-inserts-accessories\/\" style=\"background:linear-gradient(135deg,rgb(254,205,165) 0%,rgb(254,45,45) 0%,rgb(94,15,15) 0%)\" target=\"_blank\" rel=\"noreferrer noopener\"><strong>Explorer les accessoires pour bo\u00eetes personnalis\u00e9es<\/strong><\/a><\/div>\n<\/div>\n<\/div>\n<\/div>","protected":false},"excerpt":{"rendered":"<p>Nous vous invitons \u00e0 acheter en gros nos sacs \u00e0 v\u00eatements exquis. Ce sac en papier personnalis\u00e9 haut de gamme pour v\u00eatements est dot\u00e9 d'un papier \u00e9pais et d'une \u00e9l\u00e9gante poign\u00e9e en ruban. Son aspect raffin\u00e9 et sa conception pliable facilitent l'exp\u00e9dition en gros. La personnalisation des logos, des couleurs et des processus d'impression est possible, ce qui en fait un choix d'emballage id\u00e9al pour les marques de v\u00eatements, les boutiques et les \u00e9v\u00e9nements promotionnels.<\/p>\n<h2>Points forts des sacs \u00e0 v\u00eatements en gros<\/h2>\n<ul>\n<li>Personnalisation compl\u00e8te<\/li>\n<li>Mat\u00e9riaux de premi\u00e8re qualit\u00e9<\/li>\n<li>Impression sophistiqu\u00e9e<\/li>\n<li>Diff\u00e9rents types de sacs<\/li>\n<li>Couleurs vives<\/li>\n<li>Tailles multiples<\/li>\n<li>Utilisation pratique<\/li>\n<li>Stockage facile<\/li>\n<li>Accessoires sur mesure<\/li>\n<li>Service OEM&amp;ODM<\/li>\n<\/ul>","protected":false},"featured_media":2439,"comment_status":"closed","ping_status":"closed","template":"","meta":{"_acf_changed":false},"box-type":[53],"product_brand":[],"product_cat":[34,70,37],"product_tag":[],"class_list":{"0":"post-2438","1":"product","2":"type-product","3":"status-publish","4":"has-post-thumbnail","6":"box-type-custom-ribbon-handle-paper-bag","7":"product_cat-paper-bags-wholesale","8":"product_cat-custom-clothing-bags","9":"product_cat-paper-gift-bags-bulk","11":"first","12":"instock","13":"shipping-taxable","14":"product-type-simple"},"acf":[],"_links":{"self":[{"href":"https:\/\/www.yishengpack.com\/fr\/wp-json\/wp\/v2\/product\/2438","targetHints":{"allow":["GET"]}}],"collection":[{"href":"https:\/\/www.yishengpack.com\/fr\/wp-json\/wp\/v2\/product"}],"about":[{"href":"https:\/\/www.yishengpack.com\/fr\/wp-json\/wp\/v2\/types\/product"}],"replies":[{"embeddable":true,"href":"https:\/\/www.yishengpack.com\/fr\/wp-json\/wp\/v2\/comments?post=2438"}],"wp:featuredmedia":[{"embeddable":true,"href":"https:\/\/www.yishengpack.com\/fr\/wp-json\/wp\/v2\/media\/2439"}],"wp:attachment":[{"href":"https:\/\/www.yishengpack.com\/fr\/wp-json\/wp\/v2\/media?parent=2438"}],"wp:term":[{"taxonomy":"box-type","embeddable":true,"href":"https:\/\/www.yishengpack.com\/fr\/wp-json\/wp\/v2\/box-type?post=2438"},{"taxonomy":"product_brand","embeddable":true,"href":"https:\/\/www.yishengpack.com\/fr\/wp-json\/wp\/v2\/product_brand?post=2438"},{"taxonomy":"product_cat","embeddable":true,"href":"https:\/\/www.yishengpack.com\/fr\/wp-json\/wp\/v2\/product_cat?post=2438"},{"taxonomy":"product_tag","embeddable":true,"href":"https:\/\/www.yishengpack.com\/fr\/wp-json\/wp\/v2\/product_tag?post=2438"}],"curies":[{"name":"wp","href":"https:\/\/api.w.org\/{rel}","templated":true}]}}