{"id":2430,"date":"2025-11-14T03:16:14","date_gmt":"2025-11-14T03:16:14","guid":{"rendered":"https:\/\/www.yishengpack.com\/?post_type=product&#038;p=2430"},"modified":"2025-11-14T03:16:15","modified_gmt":"2025-11-14T03:16:15","slug":"magnetic-closure-gift-box-wholesale","status":"publish","type":"product","link":"https:\/\/www.yishengpack.com\/fr\/produit\/magnetic-closure-gift-box-wholesale\/","title":{"rendered":"Bo\u00eete cadeau \u00e0 fermeture magn\u00e9tique Wholesale pour l'emballage de v\u00eatements"},"content":{"rendered":"<div class=\"wp-block-columns is-layout-flex wp-container-core-columns-is-layout-9d6595d7 wp-block-columns-is-layout-flex\">\n<div class=\"wp-block-column is-layout-flow wp-block-column-is-layout-flow\">\n<h3 class=\"wp-block-heading\">Caract\u00e9ristiques de la bo\u00eete cadeau \u00e0 fermeture magn\u00e9tique Wholesale<\/h3>\n\n\n\n<p><strong>Fermeture magn\u00e9tique pour un d\u00e9ballage de luxe :<\/strong> La bo\u00eete d'emballage pour v\u00eatements en gros comprend une fermeture magn\u00e9tique, qui permet un d\u00e9ballage simple et luxueux. Elle est con\u00e7ue pour les costumes, les robes de chambre et les vestes en cuir, et pr\u00e9sente le processus de d\u00e9ballage d'une mani\u00e8re propre et moderne.<\/p>\n\n\n\n<p><strong>Conception de l'am\u00e9nagement int\u00e9rieur :<\/strong> Cette bo\u00eete cadeau \u00e0 fermeture magn\u00e9tique poss\u00e8de un am\u00e9nagement int\u00e9rieur qui permet de garder le contenu bien organis\u00e9. C'est un excellent moyen d'organiser les vestes, les robes longues et les v\u00eatements d'athl\u00e9tisme pour garder les v\u00eatements bien rang\u00e9s.<\/p>\n\n\n\n<p><strong>Mat\u00e9riaux haut de gamme :<\/strong> Cette bo\u00eete cadeau \u00e0 fermeture magn\u00e9tique est fabriqu\u00e9e avec des mat\u00e9riaux haut de gamme ; il ne fait aucun doute que cette bo\u00eete d'emballage pour v\u00eatements est durable et tr\u00e8s \u00e9l\u00e9gante. Elle convient parfaitement \u00e0 l'emballage d'un article haut de gamme, tel qu'un tailleur, une robe ou une robe longue, et permet d'am\u00e9liorer l'exp\u00e9rience du cadeau.<\/p>\n\n\n\n<p><strong>Palettes de couleurs vives : <\/strong>La bo\u00eete cadeau \u00e0 fermeture magn\u00e9tique est disponible en gros dans des palettes de couleurs vives, telles que le rose, le vert, le bleu, etc. Ces couleurs am\u00e9liorent l'aspect visuel de l'article, ce qui rend la bo\u00eete cadeau adapt\u00e9e \u00e0 l'emballage de divers articles vestimentaires, ou de tout autre v\u00eatement pour lequel l'article est con\u00e7u.<\/p>\n\n\n\n<p><strong>Options personnalisables :<\/strong> La bo\u00eete d'emballage de v\u00eatements en gros vous permettra de personnaliser la bo\u00eete en fonction de vos besoins. Vous pouvez modifier les dimensions, changer la taille du logo de la marque ou des graphiques tels que les caract\u00e9ristiques des v\u00eatements. Vous pouvez \u00e9galement choisir de s\u00e9lectionner diff\u00e9rentes options de finition de surface pour r\u00e9pondre \u00e0 vos besoins uniques en mati\u00e8re de marquage.<\/p>\n<\/div>\n\n\n\n<div class=\"wp-block-column is-layout-flow wp-block-column-is-layout-flow\">\n<figure class=\"wp-block-image size-full\"><img decoding=\"async\" width=\"1925\" height=\"1925\" src=\"https:\/\/www.yishengpack.com\/wp-content\/uploads\/2025\/11\/Luxury-Clothing-Magnetic-Gift-Boxes-Wholesale-High-Quality-Paper-Box-with-Custom-Logo-2.webp\" alt=\"bo\u00eete-cadeau-fermeture-magn\u00e9tique-emballage-en-gros-pour-les-v\u00eatements-2\" class=\"wp-image-2432\" srcset=\"https:\/\/www.yishengpack.com\/wp-content\/uploads\/2025\/11\/Luxury-Clothing-Magnetic-Gift-Boxes-Wholesale-High-Quality-Paper-Box-with-Custom-Logo-2.webp 1925w, https:\/\/www.yishengpack.com\/wp-content\/uploads\/2025\/11\/Luxury-Clothing-Magnetic-Gift-Boxes-Wholesale-High-Quality-Paper-Box-with-Custom-Logo-2-300x300.webp 300w, https:\/\/www.yishengpack.com\/wp-content\/uploads\/2025\/11\/Luxury-Clothing-Magnetic-Gift-Boxes-Wholesale-High-Quality-Paper-Box-with-Custom-Logo-2-150x150.webp 150w, https:\/\/www.yishengpack.com\/wp-content\/uploads\/2025\/11\/Luxury-Clothing-Magnetic-Gift-Boxes-Wholesale-High-Quality-Paper-Box-with-Custom-Logo-2-768x768.webp 768w, https:\/\/www.yishengpack.com\/wp-content\/uploads\/2025\/11\/Luxury-Clothing-Magnetic-Gift-Boxes-Wholesale-High-Quality-Paper-Box-with-Custom-Logo-2-12x12.webp 12w, https:\/\/www.yishengpack.com\/wp-content\/uploads\/2025\/11\/Luxury-Clothing-Magnetic-Gift-Boxes-Wholesale-High-Quality-Paper-Box-with-Custom-Logo-2-1200x1200.webp 1200w, https:\/\/www.yishengpack.com\/wp-content\/uploads\/2025\/11\/Luxury-Clothing-Magnetic-Gift-Boxes-Wholesale-High-Quality-Paper-Box-with-Custom-Logo-2-600x600.webp 600w, https:\/\/www.yishengpack.com\/wp-content\/uploads\/2025\/11\/Luxury-Clothing-Magnetic-Gift-Boxes-Wholesale-High-Quality-Paper-Box-with-Custom-Logo-2-100x100.webp 100w\" sizes=\"(max-width: 1925px) 100vw, 1925px\" \/><\/figure>\n<\/div>\n<\/div>\n\n\n\n<div class=\"wp-block-columns is-layout-flex wp-container-core-columns-is-layout-9d6595d7 wp-block-columns-is-layout-flex\">\n<div class=\"wp-block-column is-layout-flow wp-block-column-is-layout-flow\">\n<figure class=\"wp-block-image size-full\"><img decoding=\"async\" width=\"2048\" height=\"2048\" src=\"https:\/\/www.yishengpack.com\/wp-content\/uploads\/2025\/11\/Luxury-Clothing-Magnetic-Gift-Boxes-Wholesale-High-Quality-Paper-Box-with-Custom-Logo-7.webp\" alt=\"bo\u00eetes-cadeaux magn\u00e9tiques pour v\u00eatements de luxe - vente en gros - bo\u00eetes en papier de haute qualit\u00e9 avec logo personnalis\u00e9 - 7\" class=\"wp-image-2437\" srcset=\"https:\/\/www.yishengpack.com\/wp-content\/uploads\/2025\/11\/Luxury-Clothing-Magnetic-Gift-Boxes-Wholesale-High-Quality-Paper-Box-with-Custom-Logo-7.webp 2048w, https:\/\/www.yishengpack.com\/wp-content\/uploads\/2025\/11\/Luxury-Clothing-Magnetic-Gift-Boxes-Wholesale-High-Quality-Paper-Box-with-Custom-Logo-7-300x300.webp 300w, https:\/\/www.yishengpack.com\/wp-content\/uploads\/2025\/11\/Luxury-Clothing-Magnetic-Gift-Boxes-Wholesale-High-Quality-Paper-Box-with-Custom-Logo-7-150x150.webp 150w, https:\/\/www.yishengpack.com\/wp-content\/uploads\/2025\/11\/Luxury-Clothing-Magnetic-Gift-Boxes-Wholesale-High-Quality-Paper-Box-with-Custom-Logo-7-768x768.webp 768w, https:\/\/www.yishengpack.com\/wp-content\/uploads\/2025\/11\/Luxury-Clothing-Magnetic-Gift-Boxes-Wholesale-High-Quality-Paper-Box-with-Custom-Logo-7-12x12.webp 12w, https:\/\/www.yishengpack.com\/wp-content\/uploads\/2025\/11\/Luxury-Clothing-Magnetic-Gift-Boxes-Wholesale-High-Quality-Paper-Box-with-Custom-Logo-7-1200x1200.webp 1200w, https:\/\/www.yishengpack.com\/wp-content\/uploads\/2025\/11\/Luxury-Clothing-Magnetic-Gift-Boxes-Wholesale-High-Quality-Paper-Box-with-Custom-Logo-7-600x600.webp 600w, https:\/\/www.yishengpack.com\/wp-content\/uploads\/2025\/11\/Luxury-Clothing-Magnetic-Gift-Boxes-Wholesale-High-Quality-Paper-Box-with-Custom-Logo-7-100x100.webp 100w\" sizes=\"(max-width: 2048px) 100vw, 2048px\" \/><\/figure>\n\n\n\n<div class=\"wp-block-buttons has-custom-font-size has-small-font-size is-content-justification-center is-layout-flex wp-container-core-buttons-is-layout-16018d1d wp-block-buttons-is-layout-flex\">\n<div class=\"wp-block-button has-custom-width wp-block-button__width-75\"><a class=\"wp-block-button__link has-background has-small-font-size has-custom-font-size wp-element-button\" href=\"https:\/\/www.yishengpack.com\/fr\/custom-printed-box\/\" style=\"background:linear-gradient(135deg,rgb(254,205,165) 0%,rgb(254,45,45) 0%,rgb(94,15,15) 0%,rgb(94,15,15) 100%)\" target=\"_blank\" rel=\"noreferrer noopener\"><strong>D\u00e9couvrez les bo\u00eetes imprim\u00e9es personnalis\u00e9es<\/strong><\/a><\/div>\n<\/div>\n<\/div>\n\n\n\n<div class=\"wp-block-column is-layout-flow wp-block-column-is-layout-flow\">\n<figure class=\"wp-block-image size-full\"><img decoding=\"async\" width=\"2048\" height=\"2048\" src=\"https:\/\/www.yishengpack.com\/wp-content\/uploads\/2025\/11\/Luxury-Clothing-Magnetic-Gift-Boxes-Wholesale-High-Quality-Paper-Box-with-Custom-Logo-3.webp\" alt=\"bo\u00eete-cadeau-fermeture-magn\u00e9tique-emballage-en-gros-pour-les-v\u00eatements-3\" class=\"wp-image-2433\" srcset=\"https:\/\/www.yishengpack.com\/wp-content\/uploads\/2025\/11\/Luxury-Clothing-Magnetic-Gift-Boxes-Wholesale-High-Quality-Paper-Box-with-Custom-Logo-3.webp 2048w, https:\/\/www.yishengpack.com\/wp-content\/uploads\/2025\/11\/Luxury-Clothing-Magnetic-Gift-Boxes-Wholesale-High-Quality-Paper-Box-with-Custom-Logo-3-300x300.webp 300w, https:\/\/www.yishengpack.com\/wp-content\/uploads\/2025\/11\/Luxury-Clothing-Magnetic-Gift-Boxes-Wholesale-High-Quality-Paper-Box-with-Custom-Logo-3-150x150.webp 150w, https:\/\/www.yishengpack.com\/wp-content\/uploads\/2025\/11\/Luxury-Clothing-Magnetic-Gift-Boxes-Wholesale-High-Quality-Paper-Box-with-Custom-Logo-3-768x768.webp 768w, https:\/\/www.yishengpack.com\/wp-content\/uploads\/2025\/11\/Luxury-Clothing-Magnetic-Gift-Boxes-Wholesale-High-Quality-Paper-Box-with-Custom-Logo-3-12x12.webp 12w, https:\/\/www.yishengpack.com\/wp-content\/uploads\/2025\/11\/Luxury-Clothing-Magnetic-Gift-Boxes-Wholesale-High-Quality-Paper-Box-with-Custom-Logo-3-1200x1200.webp 1200w, https:\/\/www.yishengpack.com\/wp-content\/uploads\/2025\/11\/Luxury-Clothing-Magnetic-Gift-Boxes-Wholesale-High-Quality-Paper-Box-with-Custom-Logo-3-600x600.webp 600w, https:\/\/www.yishengpack.com\/wp-content\/uploads\/2025\/11\/Luxury-Clothing-Magnetic-Gift-Boxes-Wholesale-High-Quality-Paper-Box-with-Custom-Logo-3-100x100.webp 100w\" sizes=\"(max-width: 2048px) 100vw, 2048px\" \/><\/figure>\n\n\n\n<div class=\"wp-block-buttons has-custom-font-size has-small-font-size is-content-justification-center is-layout-flex wp-container-core-buttons-is-layout-16018d1d wp-block-buttons-is-layout-flex\">\n<div class=\"wp-block-button has-custom-width wp-block-button__width-75\"><a class=\"wp-block-button__link has-background has-small-font-size has-custom-font-size wp-element-button\" href=\"https:\/\/www.yishengpack.com\/fr\/custom-box-inserts-accessories\/\" style=\"background:linear-gradient(135deg,rgb(254,205,165) 0%,rgb(254,45,45) 0%,rgb(94,15,15) 0%,rgb(94,15,15) 100%)\" target=\"_blank\" rel=\"noreferrer noopener\"><strong>D\u00e9couvrez les encarts personnalis\u00e9s<\/strong><\/a><\/div>\n<\/div>\n<\/div>\n<\/div>\n\n\n\n<p><\/p>","protected":false},"excerpt":{"rendered":"<p>Nous vous invitons \u00e0 acheter en gros notre bo\u00eete cadeau \u00e0 fermeture magn\u00e9tique, parfaite pour emballer les costumes, les robes, les jupes longues, les vestes, les blousons en cuir et bien plus encore. La bo\u00eete d'emballage de v\u00eatements en gros est dot\u00e9e d'une fermeture magn\u00e9tique et d'une fabrication de premi\u00e8re qualit\u00e9 ; elle allie luxe et fonctionnalit\u00e9 pour le cadeau et la pr\u00e9sentation de v\u00eatements. La taille, les couleurs, les d\u00e9tails sophistiqu\u00e9s, le logo et les inserts personnalis\u00e9s sont enti\u00e8rement personnalisables pour correspondre au positionnement haut de gamme de votre marque.<\/p>\n<h2>Points forts de la bo\u00eete cadeau \u00e0 fermeture magn\u00e9tique en gros<\/h2>\n<ul>\n<li>Personnalisation compl\u00e8te<\/li>\n<li>Mat\u00e9riaux de premi\u00e8re qualit\u00e9<\/li>\n<li>Diverses manipulations d'impression<\/li>\n<li>Structure stable<\/li>\n<li>Plusieurs types de bo\u00eetes<\/li>\n<li>Une grande vari\u00e9t\u00e9 de couleurs<\/li>\n<li>Plusieurs tailles de bo\u00eetes<\/li>\n<li>Service OEM\/ODM<\/li>\n<\/ul>","protected":false},"featured_media":2431,"comment_status":"closed","ping_status":"closed","template":"","meta":{"_acf_changed":false},"box-type":[54],"product_brand":[],"product_cat":[19,66],"product_tag":[],"class_list":{"0":"post-2430","1":"product","2":"type-product","3":"status-publish","4":"has-post-thumbnail","6":"box-type-custom-magnetic-closure-boxes","7":"product_cat-luxury-gift-boxes-wholesale","8":"product_cat-custom-apparel-boxes","10":"first","11":"instock","12":"shipping-taxable","13":"product-type-simple"},"acf":[],"_links":{"self":[{"href":"https:\/\/www.yishengpack.com\/fr\/wp-json\/wp\/v2\/product\/2430","targetHints":{"allow":["GET"]}}],"collection":[{"href":"https:\/\/www.yishengpack.com\/fr\/wp-json\/wp\/v2\/product"}],"about":[{"href":"https:\/\/www.yishengpack.com\/fr\/wp-json\/wp\/v2\/types\/product"}],"replies":[{"embeddable":true,"href":"https:\/\/www.yishengpack.com\/fr\/wp-json\/wp\/v2\/comments?post=2430"}],"wp:featuredmedia":[{"embeddable":true,"href":"https:\/\/www.yishengpack.com\/fr\/wp-json\/wp\/v2\/media\/2431"}],"wp:attachment":[{"href":"https:\/\/www.yishengpack.com\/fr\/wp-json\/wp\/v2\/media?parent=2430"}],"wp:term":[{"taxonomy":"box-type","embeddable":true,"href":"https:\/\/www.yishengpack.com\/fr\/wp-json\/wp\/v2\/box-type?post=2430"},{"taxonomy":"product_brand","embeddable":true,"href":"https:\/\/www.yishengpack.com\/fr\/wp-json\/wp\/v2\/product_brand?post=2430"},{"taxonomy":"product_cat","embeddable":true,"href":"https:\/\/www.yishengpack.com\/fr\/wp-json\/wp\/v2\/product_cat?post=2430"},{"taxonomy":"product_tag","embeddable":true,"href":"https:\/\/www.yishengpack.com\/fr\/wp-json\/wp\/v2\/product_tag?post=2430"}],"curies":[{"name":"wp","href":"https:\/\/api.w.org\/{rel}","templated":true}]}}