{"id":2422,"date":"2025-11-08T06:22:19","date_gmt":"2025-11-08T06:22:19","guid":{"rendered":"https:\/\/www.yishengpack.com\/?post_type=product&#038;p=2422"},"modified":"2025-11-08T06:37:49","modified_gmt":"2025-11-08T06:37:49","slug":"apparel-gift-boxes-wholesale","status":"publish","type":"product","link":"https:\/\/www.yishengpack.com\/fr\/produit\/apparel-gift-boxes-wholesale\/","title":{"rendered":"Bo\u00eetes cadeaux pour v\u00eatements Wholesale, Bo\u00eetes rigides magn\u00e9tiques personnalis\u00e9es"},"content":{"rendered":"<div class=\"wp-block-columns is-layout-flex wp-container-core-columns-is-layout-9d6595d7 wp-block-columns-is-layout-flex\">\n<div class=\"wp-block-column is-layout-flow wp-block-column-is-layout-flow\">\n<h3 class=\"wp-block-heading\">Caract\u00e9ristiques des bo\u00eetes cadeaux pour v\u00eatements<\/h3>\n\n\n\n<p><strong>Construction en bo\u00eete rigide :<\/strong> Les bo\u00eetes cadeaux pour v\u00eatements sont fabriqu\u00e9es en carton \u00e9pais. La bo\u00eete solide offre une r\u00e9sistance \u00e0 la pression et gardera les v\u00eatements en s\u00e9curit\u00e9 lorsqu'ils sont transport\u00e9s ou expos\u00e9s.<\/p>\n\n\n\n<p><strong>Fermeture magn\u00e9tique lisse :<\/strong> Les bo\u00eetes cadeaux pour v\u00eatements sont dot\u00e9es d'une fermeture magn\u00e9tique lisse qui permet une exp\u00e9rience de d\u00e9ballage transparente et une sensation de qualit\u00e9 sup\u00e9rieure pendant la fermeture. Ils sont \u00e9galement parfaits pour pr\u00e9senter des pantalons, des robes et des manteaux, la technique de fermeture donnant une pr\u00e9sentation soign\u00e9e qui renforce la sensation de qualit\u00e9 sup\u00e9rieure et l'image de marque de l'emballage.<\/p>\n\n\n\n<p><strong>Aspect exquis et texture haut de gamme :<\/strong> Divers traitements de surface sont disponibles, tels que le laminage, le marquage \u00e0 chaud, le rev\u00eatement UV, le gaufrage et la s\u00e9rigraphie, ce qui rend les bo\u00eetes rigides magn\u00e9tiques personnalis\u00e9es pour l'emballage des v\u00eatements plus attrayantes sur le plan visuel.<\/p>\n\n\n\n<p><strong>Services de personnalisation :<\/strong> Ces bo\u00eetes cadeaux pour v\u00eatements offrent une personnalisation OEM\/ODM, vous permettant de personnaliser la taille, la couleur, le logo, le motif et le mat\u00e9riau de la doublure selon les exigences de votre marque, am\u00e9liorant ainsi l'attrait visuel et mettant parfaitement en valeur divers produits vestimentaires pour r\u00e9pondre aux besoins de votre marque de v\u00eatements.<\/p>\n\n\n\n<p><strong>Large application :<\/strong> Nos bo\u00eetes magn\u00e9tiques rigides personnalis\u00e9es conviennent \u00e0 diverses utilisations, notamment les bo\u00eetes-cadeaux pour v\u00eatements, l'emballage de chemises, les ensembles de marques de luxe et les cadeaux de vacances, ce qui en fait un choix id\u00e9al pour la vente au d\u00e9tail et la promotion des marques.<\/p>\n<\/div>\n\n\n\n<div class=\"wp-block-column is-layout-flow wp-block-column-is-layout-flow\">\n<figure class=\"wp-block-image size-full\"><img decoding=\"async\" width=\"2048\" height=\"2048\" src=\"https:\/\/www.yishengpack.com\/wp-content\/uploads\/2025\/11\/Bulk-Clothes-Package-Box-Wholesale-Custom-Lid-Paper-Box-for-T-shirts-Skirts-Jeans-Packaging-2.webp\" alt=\"habillement-bo\u00eetes-cadeaux-wholesale-bo\u00eetes-magn\u00e9tiques-rigides-personnalis\u00e9es-2\" class=\"wp-image-2424\" srcset=\"https:\/\/www.yishengpack.com\/wp-content\/uploads\/2025\/11\/Bulk-Clothes-Package-Box-Wholesale-Custom-Lid-Paper-Box-for-T-shirts-Skirts-Jeans-Packaging-2.webp 2048w, https:\/\/www.yishengpack.com\/wp-content\/uploads\/2025\/11\/Bulk-Clothes-Package-Box-Wholesale-Custom-Lid-Paper-Box-for-T-shirts-Skirts-Jeans-Packaging-2-300x300.webp 300w, https:\/\/www.yishengpack.com\/wp-content\/uploads\/2025\/11\/Bulk-Clothes-Package-Box-Wholesale-Custom-Lid-Paper-Box-for-T-shirts-Skirts-Jeans-Packaging-2-150x150.webp 150w, https:\/\/www.yishengpack.com\/wp-content\/uploads\/2025\/11\/Bulk-Clothes-Package-Box-Wholesale-Custom-Lid-Paper-Box-for-T-shirts-Skirts-Jeans-Packaging-2-768x768.webp 768w, https:\/\/www.yishengpack.com\/wp-content\/uploads\/2025\/11\/Bulk-Clothes-Package-Box-Wholesale-Custom-Lid-Paper-Box-for-T-shirts-Skirts-Jeans-Packaging-2-12x12.webp 12w, https:\/\/www.yishengpack.com\/wp-content\/uploads\/2025\/11\/Bulk-Clothes-Package-Box-Wholesale-Custom-Lid-Paper-Box-for-T-shirts-Skirts-Jeans-Packaging-2-1200x1200.webp 1200w, https:\/\/www.yishengpack.com\/wp-content\/uploads\/2025\/11\/Bulk-Clothes-Package-Box-Wholesale-Custom-Lid-Paper-Box-for-T-shirts-Skirts-Jeans-Packaging-2-600x600.webp 600w, https:\/\/www.yishengpack.com\/wp-content\/uploads\/2025\/11\/Bulk-Clothes-Package-Box-Wholesale-Custom-Lid-Paper-Box-for-T-shirts-Skirts-Jeans-Packaging-2-100x100.webp 100w\" sizes=\"(max-width: 2048px) 100vw, 2048px\" \/><\/figure>\n<\/div>\n<\/div>\n\n\n\n<div class=\"wp-block-columns is-layout-flex wp-container-core-columns-is-layout-9d6595d7 wp-block-columns-is-layout-flex\">\n<div class=\"wp-block-column is-layout-flow wp-block-column-is-layout-flow\">\n<figure class=\"wp-block-image size-full\"><img decoding=\"async\" width=\"2048\" height=\"2048\" src=\"https:\/\/www.yishengpack.com\/wp-content\/uploads\/2025\/11\/Bulk-Clothes-Package-Box-Wholesale-Custom-Lid-Paper-Box-for-T-shirts-Skirts-Jeans-Packaging-6.webp\" alt=\"habillement-bo\u00eetes-cadeaux-wholesale-bo\u00eetes-magn\u00e9tiques-rigides-personnalis\u00e9es-6\" class=\"wp-image-2428\" srcset=\"https:\/\/www.yishengpack.com\/wp-content\/uploads\/2025\/11\/Bulk-Clothes-Package-Box-Wholesale-Custom-Lid-Paper-Box-for-T-shirts-Skirts-Jeans-Packaging-6.webp 2048w, https:\/\/www.yishengpack.com\/wp-content\/uploads\/2025\/11\/Bulk-Clothes-Package-Box-Wholesale-Custom-Lid-Paper-Box-for-T-shirts-Skirts-Jeans-Packaging-6-300x300.webp 300w, https:\/\/www.yishengpack.com\/wp-content\/uploads\/2025\/11\/Bulk-Clothes-Package-Box-Wholesale-Custom-Lid-Paper-Box-for-T-shirts-Skirts-Jeans-Packaging-6-150x150.webp 150w, https:\/\/www.yishengpack.com\/wp-content\/uploads\/2025\/11\/Bulk-Clothes-Package-Box-Wholesale-Custom-Lid-Paper-Box-for-T-shirts-Skirts-Jeans-Packaging-6-768x768.webp 768w, https:\/\/www.yishengpack.com\/wp-content\/uploads\/2025\/11\/Bulk-Clothes-Package-Box-Wholesale-Custom-Lid-Paper-Box-for-T-shirts-Skirts-Jeans-Packaging-6-12x12.webp 12w, https:\/\/www.yishengpack.com\/wp-content\/uploads\/2025\/11\/Bulk-Clothes-Package-Box-Wholesale-Custom-Lid-Paper-Box-for-T-shirts-Skirts-Jeans-Packaging-6-1200x1200.webp 1200w, https:\/\/www.yishengpack.com\/wp-content\/uploads\/2025\/11\/Bulk-Clothes-Package-Box-Wholesale-Custom-Lid-Paper-Box-for-T-shirts-Skirts-Jeans-Packaging-6-600x600.webp 600w, https:\/\/www.yishengpack.com\/wp-content\/uploads\/2025\/11\/Bulk-Clothes-Package-Box-Wholesale-Custom-Lid-Paper-Box-for-T-shirts-Skirts-Jeans-Packaging-6-100x100.webp 100w\" sizes=\"(max-width: 2048px) 100vw, 2048px\" \/><\/figure>\n\n\n\n<div class=\"wp-block-buttons has-custom-font-size has-small-font-size is-content-justification-center is-layout-flex wp-container-core-buttons-is-layout-16018d1d wp-block-buttons-is-layout-flex\">\n<div class=\"wp-block-button has-custom-width wp-block-button__width-75\"><a class=\"wp-block-button__link has-background has-small-font-size has-custom-font-size wp-element-button\" href=\"https:\/\/www.yishengpack.com\/fr\/custom-printed-box\/\" style=\"background:linear-gradient(135deg,rgb(254,205,165) 0%,rgb(254,45,45) 0%,rgb(94,15,15) 0%,rgb(94,15,15) 100%)\" target=\"_blank\" rel=\"noreferrer noopener\"><strong>D\u00e9couvrez les bo\u00eetes imprim\u00e9es personnalis\u00e9es<\/strong><\/a><\/div>\n<\/div>\n<\/div>\n\n\n\n<div class=\"wp-block-column is-layout-flow wp-block-column-is-layout-flow\">\n<figure class=\"wp-block-image size-full\"><img decoding=\"async\" width=\"2048\" height=\"2048\" src=\"https:\/\/www.yishengpack.com\/wp-content\/uploads\/2025\/11\/Bulk-Clothes-Package-Box-Wholesale-Custom-Lid-Paper-Box-for-T-shirts-Skirts-Jeans-Packaging-4.webp\" alt=\"habillement-bo\u00eetes-cadeaux-en-gros-bo\u00eetes-magn\u00e9tiques-rigides-personnalis\u00e9es-4\" class=\"wp-image-2426\" srcset=\"https:\/\/www.yishengpack.com\/wp-content\/uploads\/2025\/11\/Bulk-Clothes-Package-Box-Wholesale-Custom-Lid-Paper-Box-for-T-shirts-Skirts-Jeans-Packaging-4.webp 2048w, https:\/\/www.yishengpack.com\/wp-content\/uploads\/2025\/11\/Bulk-Clothes-Package-Box-Wholesale-Custom-Lid-Paper-Box-for-T-shirts-Skirts-Jeans-Packaging-4-300x300.webp 300w, https:\/\/www.yishengpack.com\/wp-content\/uploads\/2025\/11\/Bulk-Clothes-Package-Box-Wholesale-Custom-Lid-Paper-Box-for-T-shirts-Skirts-Jeans-Packaging-4-150x150.webp 150w, https:\/\/www.yishengpack.com\/wp-content\/uploads\/2025\/11\/Bulk-Clothes-Package-Box-Wholesale-Custom-Lid-Paper-Box-for-T-shirts-Skirts-Jeans-Packaging-4-768x768.webp 768w, https:\/\/www.yishengpack.com\/wp-content\/uploads\/2025\/11\/Bulk-Clothes-Package-Box-Wholesale-Custom-Lid-Paper-Box-for-T-shirts-Skirts-Jeans-Packaging-4-12x12.webp 12w, https:\/\/www.yishengpack.com\/wp-content\/uploads\/2025\/11\/Bulk-Clothes-Package-Box-Wholesale-Custom-Lid-Paper-Box-for-T-shirts-Skirts-Jeans-Packaging-4-1200x1200.webp 1200w, https:\/\/www.yishengpack.com\/wp-content\/uploads\/2025\/11\/Bulk-Clothes-Package-Box-Wholesale-Custom-Lid-Paper-Box-for-T-shirts-Skirts-Jeans-Packaging-4-600x600.webp 600w, https:\/\/www.yishengpack.com\/wp-content\/uploads\/2025\/11\/Bulk-Clothes-Package-Box-Wholesale-Custom-Lid-Paper-Box-for-T-shirts-Skirts-Jeans-Packaging-4-100x100.webp 100w\" sizes=\"(max-width: 2048px) 100vw, 2048px\" \/><\/figure>\n\n\n\n<div class=\"wp-block-buttons has-custom-font-size has-small-font-size is-content-justification-center is-layout-flex wp-container-core-buttons-is-layout-16018d1d wp-block-buttons-is-layout-flex\">\n<div class=\"wp-block-button has-custom-width wp-block-button__width-75\"><a class=\"wp-block-button__link has-background has-small-font-size has-custom-font-size wp-element-button\" href=\"https:\/\/www.yishengpack.com\/fr\/custom-box-inserts-accessories\/\" style=\"background:linear-gradient(135deg,rgb(254,205,165) 0%,rgb(254,45,45) 0%,rgb(94,15,15) 0%)\" target=\"_blank\" rel=\"noreferrer noopener\"><strong>D\u00e9couvrez les encarts personnalis\u00e9s<\/strong><\/a><\/div>\n<\/div>\n<\/div>\n<\/div>","protected":false},"excerpt":{"rendered":"<p>Bienvenue sur notre site de vente en gros de bo\u00eetes cadeaux pour v\u00eatements. Cette bo\u00eete cadeau magn\u00e9tique pour v\u00eatements est fabriqu\u00e9e en carton rigide et comporte une ouverture et une fermeture magn\u00e9tiques \u00e0 la fois robustes et fonctionnelles. C'est la bo\u00eete cadeau id\u00e9ale pour les manteaux, les vestes, les shorts, les T-shirts, les sweats \u00e0 capuche, etc. Cette bo\u00eete est un moyen \u00e9l\u00e9gant et fonctionnel de ranger les v\u00eatements \u00e0 offrir \u00e0 la famille et aux amis. Laissez-nous vous aider \u00e0 mettre en valeur vos produits d'emballage de v\u00eatements, de mani\u00e8re \u00e9l\u00e9gante et efficace.<\/p>\n<h2>Points forts des bo\u00eetes cadeaux pour v\u00eatements en gros<\/h2>\n<ul>\n<li>Possibilit\u00e9 de personnalisation compl\u00e8te<\/li>\n<li>Mat\u00e9riaux \u00e9cologiques<\/li>\n<li>Impression exquise<\/li>\n<li>Diff\u00e9rents types de bo\u00eetes<\/li>\n<li>Diff\u00e9rentes tailles de bo\u00eetes<\/li>\n<li>Options de couleurs multiples<\/li>\n<li>Options d'insertion multiples<\/li>\n<li>Fermeture magn\u00e9tique<\/li>\n<li>Service OEM&amp;ODM<\/li>\n<li>Construction robuste<\/li>\n<\/ul>","protected":false},"featured_media":2423,"comment_status":"closed","ping_status":"closed","template":"","meta":{"_acf_changed":false},"box-type":[54,59,57],"product_brand":[],"product_cat":[46,19,66,69,67],"product_tag":[],"class_list":{"0":"post-2422","1":"product","2":"type-product","3":"status-publish","4":"has-post-thumbnail","6":"box-type-custom-magnetic-closure-boxes","7":"box-type-custom-mailer-boxes","8":"box-type-custom-rigid-box-with-lid","9":"product_cat-wholesale-paper-boxes","10":"product_cat-luxury-gift-boxes-wholesale","11":"product_cat-custom-apparel-boxes","12":"product_cat-custom-retail-boxes","13":"product_cat-custom-shipping-boxes","15":"first","16":"instock","17":"shipping-taxable","18":"product-type-simple"},"acf":[],"_links":{"self":[{"href":"https:\/\/www.yishengpack.com\/fr\/wp-json\/wp\/v2\/product\/2422","targetHints":{"allow":["GET"]}}],"collection":[{"href":"https:\/\/www.yishengpack.com\/fr\/wp-json\/wp\/v2\/product"}],"about":[{"href":"https:\/\/www.yishengpack.com\/fr\/wp-json\/wp\/v2\/types\/product"}],"replies":[{"embeddable":true,"href":"https:\/\/www.yishengpack.com\/fr\/wp-json\/wp\/v2\/comments?post=2422"}],"wp:featuredmedia":[{"embeddable":true,"href":"https:\/\/www.yishengpack.com\/fr\/wp-json\/wp\/v2\/media\/2423"}],"wp:attachment":[{"href":"https:\/\/www.yishengpack.com\/fr\/wp-json\/wp\/v2\/media?parent=2422"}],"wp:term":[{"taxonomy":"box-type","embeddable":true,"href":"https:\/\/www.yishengpack.com\/fr\/wp-json\/wp\/v2\/box-type?post=2422"},{"taxonomy":"product_brand","embeddable":true,"href":"https:\/\/www.yishengpack.com\/fr\/wp-json\/wp\/v2\/product_brand?post=2422"},{"taxonomy":"product_cat","embeddable":true,"href":"https:\/\/www.yishengpack.com\/fr\/wp-json\/wp\/v2\/product_cat?post=2422"},{"taxonomy":"product_tag","embeddable":true,"href":"https:\/\/www.yishengpack.com\/fr\/wp-json\/wp\/v2\/product_tag?post=2422"}],"curies":[{"name":"wp","href":"https:\/\/api.w.org\/{rel}","templated":true}]}}