{"id":2406,"date":"2025-11-07T10:34:31","date_gmt":"2025-11-07T10:34:31","guid":{"rendered":"https:\/\/www.yishengpack.com\/?post_type=product&#038;p=2406"},"modified":"2025-11-07T10:36:44","modified_gmt":"2025-11-07T10:36:44","slug":"wholesale-shipping-boxes","status":"publish","type":"product","link":"https:\/\/www.yishengpack.com\/fr\/produit\/wholesale-shipping-boxes\/","title":{"rendered":"Bo\u00eetes d'exp\u00e9dition en gros, bo\u00eetes pliantes imprim\u00e9es sur mesure"},"content":{"rendered":"<div class=\"wp-block-columns is-layout-flex wp-container-core-columns-is-layout-9d6595d7 wp-block-columns-is-layout-flex\">\n<div class=\"wp-block-column is-layout-flow wp-block-column-is-layout-flow\">\n<h3 class=\"wp-block-heading\">Caract\u00e9ristiques des bo\u00eetes d'exp\u00e9dition en gros<\/h3>\n\n\n\n<p><strong>Verrouillage par encliquetage pour une exp\u00e9dition s\u00e9curis\u00e9e : <\/strong>Chacune de nos bo\u00eetes d'exp\u00e9dition en gros est \u00e9quip\u00e9e d'une fermeture \u00e0 pression, ce qui signifie que vous pouvez enfin \u00eatre assur\u00e9 que les articles tels que les articles de premi\u00e8re n\u00e9cessit\u00e9, les v\u00eatements et les chaussures ne tombent pas pendant le transport, tout en att\u00e9nuant les inqui\u00e9tudes li\u00e9es \u00e0 la livraison.<\/p>\n\n\n\n<p><strong>Conception ondul\u00e9e solide :<\/strong> Nos bo\u00eetes d'exp\u00e9dition en gros sont fabriqu\u00e9es \u00e0 partir d'un mat\u00e9riau ondul\u00e9 robuste pour garantir leur durabilit\u00e9. Elles permettent de conserver en place les articles de premi\u00e8re n\u00e9cessit\u00e9, les v\u00eatements et les chaussures, tout en sachant qu'ils sont emball\u00e9s en toute s\u00e9curit\u00e9 et prot\u00e9g\u00e9s de tout dommage pendant le processus d'exp\u00e9dition.<\/p>\n\n\n\n<p><strong>Options de couleurs vives :<\/strong> Chacune de nos bo\u00eetes d'exp\u00e9dition en gros est disponible dans des couleurs vives (bleu, rouge, vert, etc.) afin non seulement de les distinguer clairement, mais aussi d'\u00eatre une option pour les marques qui cherchent \u00e0 exp\u00e9dier des articles tels que des articles de premi\u00e8re n\u00e9cessit\u00e9, des v\u00eatements et des chaussures.<\/p>\n\n\n\n<p><strong>Structure pliante :<\/strong> Ils sont livr\u00e9s \u00e0 plat et faciles \u00e0 assembler, ce qui permet d'\u00e9conomiser de l'espace pour l'exp\u00e9dition ou le stockage, ce qui est particuli\u00e8rement int\u00e9ressant pour les achats en grande quantit\u00e9. Disponibles en bo\u00eetes pliantes imprim\u00e9es personnalis\u00e9es dans diff\u00e9rentes sp\u00e9cifications, conceptions d'ouverture et conceptions structurelles pour r\u00e9pondre aux besoins d'emballage dans les domaines de l'\u00e9lectronique, de l'alimentation, des cadeaux et du commerce \u00e9lectronique.<\/p>\n\n\n\n<p><strong>Enti\u00e8rement personnalisable :<\/strong> Les bo\u00eetes d'exp\u00e9dition en gros permettent d'imprimer des logos de marque, des motifs et des dessins exclusifs. Vous pouvez ajuster la taille ou les graphiques li\u00e9s au produit, et choisir les finitions de surface pour r\u00e9pondre aux besoins uniques de marquage des entreprises qui exp\u00e9dient des produits de premi\u00e8re n\u00e9cessit\u00e9, des v\u00eatements et des chaussures.<\/p>\n<\/div>\n\n\n\n<div class=\"wp-block-column is-layout-flow wp-block-column-is-layout-flow\">\n<figure class=\"wp-block-image size-full\"><img decoding=\"async\" width=\"2048\" height=\"2048\" src=\"https:\/\/www.yishengpack.com\/wp-content\/uploads\/2025\/11\/Wholesale-Sturdy-Shipping-Box-Customization-Bulk-Paper-Box-with-Printed-Logo-2.webp\" alt=\"grossiste-exp\u00e9dition-bo\u00eetes-pliantes-imprim\u00e9es-personnelles-2\" class=\"wp-image-2408\" srcset=\"https:\/\/www.yishengpack.com\/wp-content\/uploads\/2025\/11\/Wholesale-Sturdy-Shipping-Box-Customization-Bulk-Paper-Box-with-Printed-Logo-2.webp 2048w, https:\/\/www.yishengpack.com\/wp-content\/uploads\/2025\/11\/Wholesale-Sturdy-Shipping-Box-Customization-Bulk-Paper-Box-with-Printed-Logo-2-300x300.webp 300w, https:\/\/www.yishengpack.com\/wp-content\/uploads\/2025\/11\/Wholesale-Sturdy-Shipping-Box-Customization-Bulk-Paper-Box-with-Printed-Logo-2-150x150.webp 150w, https:\/\/www.yishengpack.com\/wp-content\/uploads\/2025\/11\/Wholesale-Sturdy-Shipping-Box-Customization-Bulk-Paper-Box-with-Printed-Logo-2-768x768.webp 768w, https:\/\/www.yishengpack.com\/wp-content\/uploads\/2025\/11\/Wholesale-Sturdy-Shipping-Box-Customization-Bulk-Paper-Box-with-Printed-Logo-2-12x12.webp 12w, https:\/\/www.yishengpack.com\/wp-content\/uploads\/2025\/11\/Wholesale-Sturdy-Shipping-Box-Customization-Bulk-Paper-Box-with-Printed-Logo-2-1200x1200.webp 1200w, https:\/\/www.yishengpack.com\/wp-content\/uploads\/2025\/11\/Wholesale-Sturdy-Shipping-Box-Customization-Bulk-Paper-Box-with-Printed-Logo-2-600x600.webp 600w, https:\/\/www.yishengpack.com\/wp-content\/uploads\/2025\/11\/Wholesale-Sturdy-Shipping-Box-Customization-Bulk-Paper-Box-with-Printed-Logo-2-100x100.webp 100w\" sizes=\"(max-width: 2048px) 100vw, 2048px\" \/><\/figure>\n<\/div>\n<\/div>\n\n\n\n<div class=\"wp-block-columns is-not-stacked-on-mobile is-layout-flex wp-container-core-columns-is-layout-9d6595d7 wp-block-columns-is-layout-flex\">\n<div class=\"wp-block-column is-layout-flow wp-block-column-is-layout-flow\">\n<figure class=\"wp-block-image size-full\"><img decoding=\"async\" width=\"2048\" height=\"2048\" src=\"https:\/\/www.yishengpack.com\/wp-content\/uploads\/2025\/11\/Wholesale-Sturdy-Shipping-Box-Customization-Bulk-Paper-Box-with-Printed-Logo-3.webp\" alt=\"grossiste-exp\u00e9dition-bo\u00eetes-pliantes-imprim\u00e9es-personnelles-3\" class=\"wp-image-2409\" srcset=\"https:\/\/www.yishengpack.com\/wp-content\/uploads\/2025\/11\/Wholesale-Sturdy-Shipping-Box-Customization-Bulk-Paper-Box-with-Printed-Logo-3.webp 2048w, https:\/\/www.yishengpack.com\/wp-content\/uploads\/2025\/11\/Wholesale-Sturdy-Shipping-Box-Customization-Bulk-Paper-Box-with-Printed-Logo-3-300x300.webp 300w, https:\/\/www.yishengpack.com\/wp-content\/uploads\/2025\/11\/Wholesale-Sturdy-Shipping-Box-Customization-Bulk-Paper-Box-with-Printed-Logo-3-150x150.webp 150w, https:\/\/www.yishengpack.com\/wp-content\/uploads\/2025\/11\/Wholesale-Sturdy-Shipping-Box-Customization-Bulk-Paper-Box-with-Printed-Logo-3-768x768.webp 768w, https:\/\/www.yishengpack.com\/wp-content\/uploads\/2025\/11\/Wholesale-Sturdy-Shipping-Box-Customization-Bulk-Paper-Box-with-Printed-Logo-3-12x12.webp 12w, https:\/\/www.yishengpack.com\/wp-content\/uploads\/2025\/11\/Wholesale-Sturdy-Shipping-Box-Customization-Bulk-Paper-Box-with-Printed-Logo-3-1200x1200.webp 1200w, https:\/\/www.yishengpack.com\/wp-content\/uploads\/2025\/11\/Wholesale-Sturdy-Shipping-Box-Customization-Bulk-Paper-Box-with-Printed-Logo-3-600x600.webp 600w, https:\/\/www.yishengpack.com\/wp-content\/uploads\/2025\/11\/Wholesale-Sturdy-Shipping-Box-Customization-Bulk-Paper-Box-with-Printed-Logo-3-100x100.webp 100w\" sizes=\"(max-width: 2048px) 100vw, 2048px\" \/><\/figure>\n\n\n\n<div class=\"wp-block-buttons has-custom-font-size has-small-font-size is-content-justification-center is-layout-flex wp-container-core-buttons-is-layout-16018d1d wp-block-buttons-is-layout-flex\">\n<div class=\"wp-block-button has-custom-width wp-block-button__width-75\"><a class=\"wp-block-button__link has-background has-small-font-size has-custom-font-size wp-element-button\" href=\"https:\/\/www.yishengpack.com\/fr\/custom-printed-box\/\" style=\"background:linear-gradient(135deg,rgb(254,205,165) 0%,rgb(254,45,45) 0%,rgb(94,15,15) 0%,rgb(94,15,15) 100%)\" target=\"_blank\" rel=\"noreferrer noopener\"><strong>D\u00e9couvrez les bo\u00eetes imprim\u00e9es personnalis\u00e9es<\/strong><\/a><\/div>\n<\/div>\n<\/div>\n\n\n\n<div class=\"wp-block-column is-layout-flow wp-block-column-is-layout-flow\">\n<figure class=\"wp-block-image size-full\"><img decoding=\"async\" width=\"2048\" height=\"2048\" src=\"https:\/\/www.yishengpack.com\/wp-content\/uploads\/2025\/11\/Wholesale-Sturdy-Shipping-Box-Customization-Bulk-Paper-Box-with-Printed-Logo-7.webp\" alt=\"grossiste-exp\u00e9dition-bo\u00eetes-pliantes-imprim\u00e9es-personnelles-7\" class=\"wp-image-2413\" srcset=\"https:\/\/www.yishengpack.com\/wp-content\/uploads\/2025\/11\/Wholesale-Sturdy-Shipping-Box-Customization-Bulk-Paper-Box-with-Printed-Logo-7.webp 2048w, https:\/\/www.yishengpack.com\/wp-content\/uploads\/2025\/11\/Wholesale-Sturdy-Shipping-Box-Customization-Bulk-Paper-Box-with-Printed-Logo-7-300x300.webp 300w, https:\/\/www.yishengpack.com\/wp-content\/uploads\/2025\/11\/Wholesale-Sturdy-Shipping-Box-Customization-Bulk-Paper-Box-with-Printed-Logo-7-150x150.webp 150w, https:\/\/www.yishengpack.com\/wp-content\/uploads\/2025\/11\/Wholesale-Sturdy-Shipping-Box-Customization-Bulk-Paper-Box-with-Printed-Logo-7-768x768.webp 768w, https:\/\/www.yishengpack.com\/wp-content\/uploads\/2025\/11\/Wholesale-Sturdy-Shipping-Box-Customization-Bulk-Paper-Box-with-Printed-Logo-7-12x12.webp 12w, https:\/\/www.yishengpack.com\/wp-content\/uploads\/2025\/11\/Wholesale-Sturdy-Shipping-Box-Customization-Bulk-Paper-Box-with-Printed-Logo-7-1200x1200.webp 1200w, https:\/\/www.yishengpack.com\/wp-content\/uploads\/2025\/11\/Wholesale-Sturdy-Shipping-Box-Customization-Bulk-Paper-Box-with-Printed-Logo-7-600x600.webp 600w, https:\/\/www.yishengpack.com\/wp-content\/uploads\/2025\/11\/Wholesale-Sturdy-Shipping-Box-Customization-Bulk-Paper-Box-with-Printed-Logo-7-100x100.webp 100w\" sizes=\"(max-width: 2048px) 100vw, 2048px\" \/><\/figure>\n\n\n\n<div class=\"wp-block-buttons has-custom-font-size has-small-font-size is-content-justification-center is-layout-flex wp-container-core-buttons-is-layout-16018d1d wp-block-buttons-is-layout-flex\">\n<div class=\"wp-block-button has-custom-width wp-block-button__width-75\"><a class=\"wp-block-button__link has-background has-small-font-size has-custom-font-size wp-element-button\" href=\"https:\/\/www.yishengpack.com\/fr\/custom-product-boxes-types\/\" style=\"background:linear-gradient(135deg,rgb(254,205,165) 0%,rgb(254,45,45) 0%,rgb(94,15,15) 0%)\" target=\"_blank\" rel=\"noreferrer noopener\"><strong>Explorer les types de bo\u00eetes personnalis\u00e9es<\/strong><\/a><\/div>\n<\/div>\n<\/div>\n<\/div>","protected":false},"excerpt":{"rendered":"<p>Bienvenue sur notre site de vente en gros de bo\u00eetes d'exp\u00e9dition ! Ces bo\u00eetes pliantes imprim\u00e9es personnalis\u00e9es sont fabriqu\u00e9es \u00e0 partir de papier ondul\u00e9 durable, ont un design pliable et sont disponibles pour l'impression de logos. Id\u00e9ales pour l'exp\u00e9dition en gros et l'emballage de marques, ces bo\u00eetes offrent une r\u00e9sistance, une durabilit\u00e9 et une personnalisation excellentes. Nos produits conviennent parfaitement \u00e0 l'exp\u00e9dition de produits de consommation courante, de v\u00eatements, de chaussures, etc. Laissez-nous vous d\u00e9barrasser des soucis li\u00e9s \u00e0 l'arriv\u00e9e de vos commandes en toute s\u00e9curit\u00e9 et vous assurer de d\u00e9velopper une m\u00e9thode d'exp\u00e9dition sophistiqu\u00e9e mais efficace.<\/p>\n<h2>Points forts des bo\u00eetes d'exp\u00e9dition en gros<\/h2>\n<ul>\n<li>Personnalisation compl\u00e8te<\/li>\n<li>Mat\u00e9riaux imperm\u00e9ables<\/li>\n<li>Une grande ma\u00eetrise de l'impression<\/li>\n<li>Plusieurs tailles de bo\u00eetes<\/li>\n<li>Options de couleurs multiples<\/li>\n<li>Construction robuste<\/li>\n<li>Une fabrication durable<\/li>\n<li>Insertion personnalis\u00e9e<\/li>\n<\/ul>","protected":false},"featured_media":2407,"comment_status":"closed","ping_status":"closed","template":"","meta":{"_acf_changed":false},"box-type":[55,59,48],"product_brand":[],"product_cat":[46,19,66,65,40,39,69,67],"product_tag":[],"class_list":{"0":"post-2406","1":"product","2":"type-product","3":"status-publish","4":"has-post-thumbnail","6":"box-type-custom-foldable-boxes","7":"box-type-custom-mailer-boxes","8":"box-type-custom-tuck-top-boxes","9":"product_cat-wholesale-paper-boxes","10":"product_cat-luxury-gift-boxes-wholesale","11":"product_cat-custom-apparel-boxes","12":"product_cat-custom-cosmetic-boxes","13":"product_cat-custom-jewelry-boxes","14":"product_cat-custom-perfume-boxes","15":"product_cat-custom-retail-boxes","16":"product_cat-custom-shipping-boxes","18":"first","19":"instock","20":"shipping-taxable","21":"product-type-simple"},"acf":[],"_links":{"self":[{"href":"https:\/\/www.yishengpack.com\/fr\/wp-json\/wp\/v2\/product\/2406","targetHints":{"allow":["GET"]}}],"collection":[{"href":"https:\/\/www.yishengpack.com\/fr\/wp-json\/wp\/v2\/product"}],"about":[{"href":"https:\/\/www.yishengpack.com\/fr\/wp-json\/wp\/v2\/types\/product"}],"replies":[{"embeddable":true,"href":"https:\/\/www.yishengpack.com\/fr\/wp-json\/wp\/v2\/comments?post=2406"}],"wp:featuredmedia":[{"embeddable":true,"href":"https:\/\/www.yishengpack.com\/fr\/wp-json\/wp\/v2\/media\/2407"}],"wp:attachment":[{"href":"https:\/\/www.yishengpack.com\/fr\/wp-json\/wp\/v2\/media?parent=2406"}],"wp:term":[{"taxonomy":"box-type","embeddable":true,"href":"https:\/\/www.yishengpack.com\/fr\/wp-json\/wp\/v2\/box-type?post=2406"},{"taxonomy":"product_brand","embeddable":true,"href":"https:\/\/www.yishengpack.com\/fr\/wp-json\/wp\/v2\/product_brand?post=2406"},{"taxonomy":"product_cat","embeddable":true,"href":"https:\/\/www.yishengpack.com\/fr\/wp-json\/wp\/v2\/product_cat?post=2406"},{"taxonomy":"product_tag","embeddable":true,"href":"https:\/\/www.yishengpack.com\/fr\/wp-json\/wp\/v2\/product_tag?post=2406"}],"curies":[{"name":"wp","href":"https:\/\/api.w.org\/{rel}","templated":true}]}}