{"id":2398,"date":"2025-11-06T16:54:34","date_gmt":"2025-11-06T16:54:34","guid":{"rendered":"https:\/\/www.yishengpack.com\/?post_type=product&#038;p=2398"},"modified":"2025-11-06T16:54:35","modified_gmt":"2025-11-06T16:54:35","slug":"custom-gift-paper-bags","status":"publish","type":"product","link":"https:\/\/www.yishengpack.com\/fr\/produit\/custom-gift-paper-bags\/","title":{"rendered":"Sacs en papier personnalis\u00e9s de qualit\u00e9 sup\u00e9rieure avec poign\u00e9e, sac cadeau pliable"},"content":{"rendered":"<div class=\"wp-block-columns is-layout-flex wp-container-core-columns-is-layout-9d6595d7 wp-block-columns-is-layout-flex\">\n<div class=\"wp-block-column is-layout-flow wp-block-column-is-layout-flow\">\n<h3 class=\"wp-block-heading\">Caract\u00e9ristiques des sacs en papier personnalis\u00e9s<\/h3>\n\n\n\n<p><strong>Plusieurs options de poign\u00e9es :<\/strong> Ces sacs en papier personnalis\u00e9s offrent diff\u00e9rents mod\u00e8les, notamment des poign\u00e9es en corde de papier torsad\u00e9e, des poign\u00e9es en corde de coton, des poign\u00e9es en corde de soie et des poign\u00e9es perfor\u00e9es, afin de r\u00e9pondre aux exigences de style et de charge des diff\u00e9rents produits.<\/p>\n\n\n\n<p><strong>Produit Kraft respectueux de l'environnement :<\/strong> Ces sacs cadeaux personnalis\u00e9s sont fabriqu\u00e9s \u00e0 partir de papier kraft respectueux de l'environnement. Ce sac est solide et durable pour la nourriture, les petits cadeaux et l'artisanat, et r\u00e9pond \u00e0 vos besoins d'emballage respectueux de l'environnement.<\/p>\n\n\n\n<p><strong>Conception d'un th\u00e8me de vacances ludique : <\/strong>Le sac en papier de gros comporte des motifs de vacances ludiques tels que des bonhommes de neige, des rennes et des arbres de No\u00ebl. Il est id\u00e9al pour offrir de la nourriture, des petits cadeaux et de l'artisanat pendant les f\u00eates.<\/p>\n\n\n\n<p><strong>Capacit\u00e9 polyvalente : <\/strong>Les sacs en papier personnalis\u00e9s sont des sacs polyvalents qui peuvent contenir de nombreux articles, y compris une vari\u00e9t\u00e9 de friandises, une collection de petits cadeaux ou une collection d'objets d'artisanat.<\/p>\n\n\n\n<p><strong>Sac imprim\u00e9 personnalis\u00e9 disponible :<\/strong> Nos sacs en papier pliants peuvent \u00eatre personnalis\u00e9s en termes de taille, de couleur, de logo, de motifs d'impression et de traitement de surface (comme l'estampage \u00e0 chaud, le laminage, le gaufrage, etc.<\/p>\n<\/div>\n\n\n\n<div class=\"wp-block-column is-layout-flow wp-block-column-is-layout-flow\">\n<figure class=\"wp-block-image size-full\"><img decoding=\"async\" width=\"2048\" height=\"2048\" src=\"https:\/\/www.yishengpack.com\/wp-content\/uploads\/2025\/10\/Premium-Custom-Paper-Bags-with-Handle-Wholesale-Folding-Gift-Bag-for-Celebration-7.webp\" alt=\"sac-cadeau premium-personnalis\u00e9-avec-poign\u00e9e-pliage-sac-cadeau-7\" class=\"wp-image-2405\" srcset=\"https:\/\/www.yishengpack.com\/wp-content\/uploads\/2025\/10\/Premium-Custom-Paper-Bags-with-Handle-Wholesale-Folding-Gift-Bag-for-Celebration-7.webp 2048w, https:\/\/www.yishengpack.com\/wp-content\/uploads\/2025\/10\/Premium-Custom-Paper-Bags-with-Handle-Wholesale-Folding-Gift-Bag-for-Celebration-7-300x300.webp 300w, https:\/\/www.yishengpack.com\/wp-content\/uploads\/2025\/10\/Premium-Custom-Paper-Bags-with-Handle-Wholesale-Folding-Gift-Bag-for-Celebration-7-150x150.webp 150w, https:\/\/www.yishengpack.com\/wp-content\/uploads\/2025\/10\/Premium-Custom-Paper-Bags-with-Handle-Wholesale-Folding-Gift-Bag-for-Celebration-7-768x768.webp 768w, https:\/\/www.yishengpack.com\/wp-content\/uploads\/2025\/10\/Premium-Custom-Paper-Bags-with-Handle-Wholesale-Folding-Gift-Bag-for-Celebration-7-12x12.webp 12w, https:\/\/www.yishengpack.com\/wp-content\/uploads\/2025\/10\/Premium-Custom-Paper-Bags-with-Handle-Wholesale-Folding-Gift-Bag-for-Celebration-7-1200x1200.webp 1200w, https:\/\/www.yishengpack.com\/wp-content\/uploads\/2025\/10\/Premium-Custom-Paper-Bags-with-Handle-Wholesale-Folding-Gift-Bag-for-Celebration-7-600x600.webp 600w, https:\/\/www.yishengpack.com\/wp-content\/uploads\/2025\/10\/Premium-Custom-Paper-Bags-with-Handle-Wholesale-Folding-Gift-Bag-for-Celebration-7-100x100.webp 100w\" sizes=\"(max-width: 2048px) 100vw, 2048px\" \/><\/figure>\n<\/div>\n<\/div>\n\n\n\n<div class=\"wp-block-columns is-layout-flex wp-container-core-columns-is-layout-9d6595d7 wp-block-columns-is-layout-flex\">\n<div class=\"wp-block-column is-layout-flow wp-block-column-is-layout-flow\">\n<figure class=\"wp-block-image size-full\"><img decoding=\"async\" width=\"2048\" height=\"2048\" src=\"https:\/\/www.yishengpack.com\/wp-content\/uploads\/2025\/10\/Premium-Custom-Paper-Bags-with-Handle-Wholesale-Folding-Gift-Bag-for-Celebration-4.webp\" alt=\"sac-cadeau premium-personnalis\u00e9-avec-poign\u00e9e-pliage-sac-cadeau-4\" class=\"wp-image-2402\" srcset=\"https:\/\/www.yishengpack.com\/wp-content\/uploads\/2025\/10\/Premium-Custom-Paper-Bags-with-Handle-Wholesale-Folding-Gift-Bag-for-Celebration-4.webp 2048w, https:\/\/www.yishengpack.com\/wp-content\/uploads\/2025\/10\/Premium-Custom-Paper-Bags-with-Handle-Wholesale-Folding-Gift-Bag-for-Celebration-4-300x300.webp 300w, https:\/\/www.yishengpack.com\/wp-content\/uploads\/2025\/10\/Premium-Custom-Paper-Bags-with-Handle-Wholesale-Folding-Gift-Bag-for-Celebration-4-150x150.webp 150w, https:\/\/www.yishengpack.com\/wp-content\/uploads\/2025\/10\/Premium-Custom-Paper-Bags-with-Handle-Wholesale-Folding-Gift-Bag-for-Celebration-4-768x768.webp 768w, https:\/\/www.yishengpack.com\/wp-content\/uploads\/2025\/10\/Premium-Custom-Paper-Bags-with-Handle-Wholesale-Folding-Gift-Bag-for-Celebration-4-12x12.webp 12w, https:\/\/www.yishengpack.com\/wp-content\/uploads\/2025\/10\/Premium-Custom-Paper-Bags-with-Handle-Wholesale-Folding-Gift-Bag-for-Celebration-4-1200x1200.webp 1200w, https:\/\/www.yishengpack.com\/wp-content\/uploads\/2025\/10\/Premium-Custom-Paper-Bags-with-Handle-Wholesale-Folding-Gift-Bag-for-Celebration-4-600x600.webp 600w, https:\/\/www.yishengpack.com\/wp-content\/uploads\/2025\/10\/Premium-Custom-Paper-Bags-with-Handle-Wholesale-Folding-Gift-Bag-for-Celebration-4-100x100.webp 100w\" sizes=\"(max-width: 2048px) 100vw, 2048px\" \/><\/figure>\n\n\n\n<div class=\"wp-block-buttons has-custom-font-size has-small-font-size is-content-justification-center is-layout-flex wp-container-core-buttons-is-layout-16018d1d wp-block-buttons-is-layout-flex\">\n<div class=\"wp-block-button has-custom-width wp-block-button__width-75\"><a class=\"wp-block-button__link has-background has-small-font-size has-custom-font-size wp-element-button\" href=\"https:\/\/www.yishengpack.com\/fr\/custom-printed-box\/\" style=\"background:linear-gradient(135deg,rgb(254,205,165) 0%,rgb(254,45,45) 0%,rgb(94,15,15) 0%,rgb(94,15,15) 100%)\" target=\"_blank\" rel=\"noreferrer noopener\"><strong>D\u00e9couvrez les bo\u00eetes imprim\u00e9es personnalis\u00e9es<\/strong><\/a><\/div>\n<\/div>\n<\/div>\n\n\n\n<div class=\"wp-block-column is-layout-flow wp-block-column-is-layout-flow\">\n<figure class=\"wp-block-image size-full\"><img decoding=\"async\" width=\"2048\" height=\"2048\" src=\"https:\/\/www.yishengpack.com\/wp-content\/uploads\/2025\/10\/Premium-Custom-Paper-Bags-with-Handle-Wholesale-Folding-Gift-Bag-for-Celebration-6.webp\" alt=\"sac-cadeau premium-personnalis\u00e9-avec-poign\u00e9e-pliage-sac-cadeau-6\" class=\"wp-image-2404\" srcset=\"https:\/\/www.yishengpack.com\/wp-content\/uploads\/2025\/10\/Premium-Custom-Paper-Bags-with-Handle-Wholesale-Folding-Gift-Bag-for-Celebration-6.webp 2048w, https:\/\/www.yishengpack.com\/wp-content\/uploads\/2025\/10\/Premium-Custom-Paper-Bags-with-Handle-Wholesale-Folding-Gift-Bag-for-Celebration-6-300x300.webp 300w, https:\/\/www.yishengpack.com\/wp-content\/uploads\/2025\/10\/Premium-Custom-Paper-Bags-with-Handle-Wholesale-Folding-Gift-Bag-for-Celebration-6-150x150.webp 150w, https:\/\/www.yishengpack.com\/wp-content\/uploads\/2025\/10\/Premium-Custom-Paper-Bags-with-Handle-Wholesale-Folding-Gift-Bag-for-Celebration-6-768x768.webp 768w, https:\/\/www.yishengpack.com\/wp-content\/uploads\/2025\/10\/Premium-Custom-Paper-Bags-with-Handle-Wholesale-Folding-Gift-Bag-for-Celebration-6-12x12.webp 12w, https:\/\/www.yishengpack.com\/wp-content\/uploads\/2025\/10\/Premium-Custom-Paper-Bags-with-Handle-Wholesale-Folding-Gift-Bag-for-Celebration-6-1200x1200.webp 1200w, https:\/\/www.yishengpack.com\/wp-content\/uploads\/2025\/10\/Premium-Custom-Paper-Bags-with-Handle-Wholesale-Folding-Gift-Bag-for-Celebration-6-600x600.webp 600w, https:\/\/www.yishengpack.com\/wp-content\/uploads\/2025\/10\/Premium-Custom-Paper-Bags-with-Handle-Wholesale-Folding-Gift-Bag-for-Celebration-6-100x100.webp 100w\" sizes=\"(max-width: 2048px) 100vw, 2048px\" \/><\/figure>\n\n\n\n<div class=\"wp-block-buttons is-content-justification-center is-layout-flex wp-container-core-buttons-is-layout-16018d1d wp-block-buttons-is-layout-flex\">\n<div class=\"wp-block-button has-custom-width wp-block-button__width-75\"><a class=\"wp-block-button__link has-background has-small-font-size has-custom-font-size wp-element-button\" href=\"https:\/\/www.yishengpack.com\/fr\/custom-product-boxes-types\/\" style=\"background:linear-gradient(135deg,rgb(254,205,165) 0%,rgb(254,45,45) 0%,rgb(94,15,15) 0%)\" target=\"_blank\" rel=\"noreferrer noopener\"><strong>Explorez les H personnalis\u00e9s<\/strong>andle Styles<\/a><\/div>\n<\/div>\n<\/div>\n<\/div>","protected":false},"excerpt":{"rendered":"<p>Nous vous invitons \u00e0 acheter nos sacs en papier personnalis\u00e9s avec poign\u00e9es ! Ce sac cadeau en papier personnalis\u00e9 haut de gamme est fabriqu\u00e9 en papier de haute qualit\u00e9 et offre une vari\u00e9t\u00e9 d'options de poign\u00e9es, alliant esth\u00e9tique et praticit\u00e9. Pliable pour faciliter le stockage et le transport, il permet la personnalisation de logos et de motifs. Il convient aux cadeaux de vacances, aux \u00e9v\u00e9nements de marque et \u00e0 la vente en gros d'emballages haut de gamme.<\/p>\n<h2>Points forts des sacs en papier personnalis\u00e9s<\/h2>\n<ul>\n<li>Personnalisation compl\u00e8te<\/li>\n<li>Mat\u00e9riaux de haute qualit\u00e9<\/li>\n<li>Impression sophistiqu\u00e9e<\/li>\n<li>Plusieurs types de sacs<\/li>\n<li>Un travail artisanal m\u00e9ticuleux<\/li>\n<li>Diff\u00e9rents styles de poign\u00e9es<\/li>\n<li>Inserts personnalis\u00e9s<\/li>\n<\/ul>","protected":false},"featured_media":2399,"comment_status":"closed","ping_status":"closed","template":"","meta":{"_acf_changed":false},"box-type":[49,52,50],"product_brand":[],"product_cat":[34,70,38,37],"product_tag":[],"class_list":{"0":"post-2398","1":"product","2":"type-product","3":"status-publish","4":"has-post-thumbnail","6":"box-type-custom-die-cut-paper-bag","7":"box-type-custom-rope-handle-paper-bags","8":"box-type-custom-twisted-handle-paper-bags","9":"product_cat-paper-bags-wholesale","10":"product_cat-custom-clothing-bags","11":"product_cat-bakery-paper-bags-wholesale","12":"product_cat-paper-gift-bags-bulk","14":"first","15":"instock","16":"shipping-taxable","17":"product-type-simple"},"acf":[],"_links":{"self":[{"href":"https:\/\/www.yishengpack.com\/fr\/wp-json\/wp\/v2\/product\/2398","targetHints":{"allow":["GET"]}}],"collection":[{"href":"https:\/\/www.yishengpack.com\/fr\/wp-json\/wp\/v2\/product"}],"about":[{"href":"https:\/\/www.yishengpack.com\/fr\/wp-json\/wp\/v2\/types\/product"}],"replies":[{"embeddable":true,"href":"https:\/\/www.yishengpack.com\/fr\/wp-json\/wp\/v2\/comments?post=2398"}],"wp:featuredmedia":[{"embeddable":true,"href":"https:\/\/www.yishengpack.com\/fr\/wp-json\/wp\/v2\/media\/2399"}],"wp:attachment":[{"href":"https:\/\/www.yishengpack.com\/fr\/wp-json\/wp\/v2\/media?parent=2398"}],"wp:term":[{"taxonomy":"box-type","embeddable":true,"href":"https:\/\/www.yishengpack.com\/fr\/wp-json\/wp\/v2\/box-type?post=2398"},{"taxonomy":"product_brand","embeddable":true,"href":"https:\/\/www.yishengpack.com\/fr\/wp-json\/wp\/v2\/product_brand?post=2398"},{"taxonomy":"product_cat","embeddable":true,"href":"https:\/\/www.yishengpack.com\/fr\/wp-json\/wp\/v2\/product_cat?post=2398"},{"taxonomy":"product_tag","embeddable":true,"href":"https:\/\/www.yishengpack.com\/fr\/wp-json\/wp\/v2\/product_tag?post=2398"}],"curies":[{"name":"wp","href":"https:\/\/api.w.org\/{rel}","templated":true}]}}