{"id":2382,"date":"2025-11-06T15:30:12","date_gmt":"2025-11-06T15:30:12","guid":{"rendered":"https:\/\/www.yishengpack.com\/?post_type=product&#038;p=2382"},"modified":"2025-11-06T15:30:14","modified_gmt":"2025-11-06T15:30:14","slug":"paper-bags-with-rope-handles-wholesale","status":"publish","type":"product","link":"https:\/\/www.yishengpack.com\/fr\/produit\/paper-bags-with-rope-handles-wholesale\/","title":{"rendered":"Sacs en papier avec poign\u00e9es en corde Wholesale avec motif de No\u00ebl"},"content":{"rendered":"<div class=\"wp-block-columns is-layout-flex wp-container-core-columns-is-layout-9d6595d7 wp-block-columns-is-layout-flex\">\n<div class=\"wp-block-column is-layout-flow wp-block-column-is-layout-flow\">\n<h3 class=\"wp-block-heading\">Caract\u00e9ristiques des sacs en papier avec poign\u00e9es en corde Wholesale<\/h3>\n\n\n\n<p><strong>Poign\u00e9es en corde pour un transport facile :<\/strong> Les sacs en papier avec poign\u00e9es en corde wholesale sont dot\u00e9s de poign\u00e9es en corde durables et robustes, ce qui les rend simples et agr\u00e9ables \u00e0 transporter. Ils sont parfaits pour transporter de la nourriture, des accessoires faits main et de petits cadeaux.<\/p>\n\n\n\n<p><strong>Papier kraft durable :<\/strong> Le sac cadeau en papier personnalis\u00e9 est fabriqu\u00e9 \u00e0 partir de papier kraft durable, ce qui lui conf\u00e8re une bonne r\u00e9sistance. Il peut contenir aussi bien des friandises que des accessoires faits main ou de petits cadeaux sans compromettre la forme du sac en papier.<\/p>\n\n\n\n<p><strong>Impressions th\u00e9matiques festives :<\/strong> Les sacs en papier avec poign\u00e9es en corde sont disponibles dans des motifs de No\u00ebl festifs, notamment des flocons de neige, des rennes et des arbres de No\u00ebl. Ils permettent de pr\u00e9senter de mani\u00e8re festive des gourmandises, des accessoires faits main ou de petits cadeaux pendant les f\u00eates de fin d'ann\u00e9e.<\/p>\n\n\n\n<p><strong>Grande capacit\u00e9 :<\/strong> La capacit\u00e9 int\u00e9rieure de nos sacs cadeaux en papier permet de stocker une quantit\u00e9 raisonnable d'articles, y compris plusieurs friandises, un ensemble d'accessoires faits main ou plusieurs petits cadeaux. Les sacs cadeaux en papier peuvent \u00eatre une meilleure option pour tous vos besoins d'emballage.<\/p>\n\n\n\n<p><strong>Enti\u00e8rement personnalisable en fonction de l'image de marque de votre entreprise :<\/strong> Les sacs en papier avec poign\u00e9es en corde sont sp\u00e9cialement con\u00e7us avec des options de personnalisation compl\u00e8tes. La taille peut \u00eatre modifi\u00e9e, le logo de la marque peut \u00eatre imprim\u00e9, et\/ou des motifs festifs peuvent \u00eatre imprim\u00e9s. Nous pouvons aider les entreprises \u00e0 r\u00e9pondre \u00e0 leurs besoins uniques en mati\u00e8re d'image de marque.<\/p>\n<\/div>\n\n\n\n<div class=\"wp-block-column is-layout-flow wp-block-column-is-layout-flow\">\n<figure class=\"wp-block-image size-full\"><img decoding=\"async\" width=\"2048\" height=\"2048\" src=\"https:\/\/www.yishengpack.com\/wp-content\/uploads\/2025\/10\/Customization-Hot-Selling-Rope-Handles-Paper-Bags-Durable-Bag-for-Craft-Gift-Wholesale-2.png\" alt=\"sacs-en-papier-avec-poign\u00e9es-de-corde-vente-en-gros-avec-no\u00ebl-style-2\" class=\"wp-image-2385\" srcset=\"https:\/\/www.yishengpack.com\/wp-content\/uploads\/2025\/10\/Customization-Hot-Selling-Rope-Handles-Paper-Bags-Durable-Bag-for-Craft-Gift-Wholesale-2.png 2048w, https:\/\/www.yishengpack.com\/wp-content\/uploads\/2025\/10\/Customization-Hot-Selling-Rope-Handles-Paper-Bags-Durable-Bag-for-Craft-Gift-Wholesale-2-300x300.png 300w, https:\/\/www.yishengpack.com\/wp-content\/uploads\/2025\/10\/Customization-Hot-Selling-Rope-Handles-Paper-Bags-Durable-Bag-for-Craft-Gift-Wholesale-2-150x150.png 150w, https:\/\/www.yishengpack.com\/wp-content\/uploads\/2025\/10\/Customization-Hot-Selling-Rope-Handles-Paper-Bags-Durable-Bag-for-Craft-Gift-Wholesale-2-768x768.png 768w, https:\/\/www.yishengpack.com\/wp-content\/uploads\/2025\/10\/Customization-Hot-Selling-Rope-Handles-Paper-Bags-Durable-Bag-for-Craft-Gift-Wholesale-2-12x12.png 12w\" sizes=\"(max-width: 2048px) 100vw, 2048px\" \/><\/figure>\n<\/div>\n<\/div>\n\n\n\n<div class=\"wp-block-columns is-layout-flex wp-container-core-columns-is-layout-9d6595d7 wp-block-columns-is-layout-flex\">\n<div class=\"wp-block-column is-layout-flow wp-block-column-is-layout-flow\">\n<figure class=\"wp-block-image size-full\"><img decoding=\"async\" width=\"2048\" height=\"2048\" src=\"https:\/\/www.yishengpack.com\/wp-content\/uploads\/2025\/10\/Customization-Hot-Selling-Rope-Handles-Paper-Bags-Durable-Bag-for-Craft-Gift-Wholesale-3.png\" alt=\"sacs-en-papier-avec-poign\u00e9es-de-corde-vente-en-gros-avec-no\u00ebl-style-3\" class=\"wp-image-2386\" srcset=\"https:\/\/www.yishengpack.com\/wp-content\/uploads\/2025\/10\/Customization-Hot-Selling-Rope-Handles-Paper-Bags-Durable-Bag-for-Craft-Gift-Wholesale-3.png 2048w, https:\/\/www.yishengpack.com\/wp-content\/uploads\/2025\/10\/Customization-Hot-Selling-Rope-Handles-Paper-Bags-Durable-Bag-for-Craft-Gift-Wholesale-3-300x300.png 300w, https:\/\/www.yishengpack.com\/wp-content\/uploads\/2025\/10\/Customization-Hot-Selling-Rope-Handles-Paper-Bags-Durable-Bag-for-Craft-Gift-Wholesale-3-150x150.png 150w, https:\/\/www.yishengpack.com\/wp-content\/uploads\/2025\/10\/Customization-Hot-Selling-Rope-Handles-Paper-Bags-Durable-Bag-for-Craft-Gift-Wholesale-3-768x768.png 768w, https:\/\/www.yishengpack.com\/wp-content\/uploads\/2025\/10\/Customization-Hot-Selling-Rope-Handles-Paper-Bags-Durable-Bag-for-Craft-Gift-Wholesale-3-12x12.png 12w\" sizes=\"(max-width: 2048px) 100vw, 2048px\" \/><\/figure>\n\n\n\n<div class=\"wp-block-buttons has-custom-font-size has-small-font-size is-content-justification-center is-layout-flex wp-container-core-buttons-is-layout-16018d1d wp-block-buttons-is-layout-flex\">\n<div class=\"wp-block-button has-custom-width wp-block-button__width-75\"><a class=\"wp-block-button__link has-background has-small-font-size has-custom-font-size wp-element-button\" href=\"https:\/\/www.yishengpack.com\/fr\/custom-printed-box\/\" style=\"background:linear-gradient(135deg,rgb(254,205,165) 0%,rgb(254,45,45) 0%,rgb(94,15,15) 0%,rgb(94,15,15) 100%)\" target=\"_blank\" rel=\"noreferrer noopener\"><strong>D\u00e9couvrez les bo\u00eetes imprim\u00e9es personnalis\u00e9es<\/strong><\/a><\/div>\n<\/div>\n<\/div>\n\n\n\n<div class=\"wp-block-column is-layout-flow wp-block-column-is-layout-flow\">\n<figure class=\"wp-block-image size-full\"><img decoding=\"async\" width=\"2048\" height=\"2048\" src=\"https:\/\/www.yishengpack.com\/wp-content\/uploads\/2025\/10\/Customization-Hot-Selling-Rope-Handles-Paper-Bags-Durable-Bag-for-Craft-Gift-Wholesale-7.png\" alt=\"sacs-en-papier-avec-poign\u00e9es-de-corde-vente-en-gros-avec-no\u00ebl-style-7\" class=\"wp-image-2390\" srcset=\"https:\/\/www.yishengpack.com\/wp-content\/uploads\/2025\/10\/Customization-Hot-Selling-Rope-Handles-Paper-Bags-Durable-Bag-for-Craft-Gift-Wholesale-7.png 2048w, https:\/\/www.yishengpack.com\/wp-content\/uploads\/2025\/10\/Customization-Hot-Selling-Rope-Handles-Paper-Bags-Durable-Bag-for-Craft-Gift-Wholesale-7-300x300.png 300w, https:\/\/www.yishengpack.com\/wp-content\/uploads\/2025\/10\/Customization-Hot-Selling-Rope-Handles-Paper-Bags-Durable-Bag-for-Craft-Gift-Wholesale-7-150x150.png 150w, https:\/\/www.yishengpack.com\/wp-content\/uploads\/2025\/10\/Customization-Hot-Selling-Rope-Handles-Paper-Bags-Durable-Bag-for-Craft-Gift-Wholesale-7-768x768.png 768w, https:\/\/www.yishengpack.com\/wp-content\/uploads\/2025\/10\/Customization-Hot-Selling-Rope-Handles-Paper-Bags-Durable-Bag-for-Craft-Gift-Wholesale-7-12x12.png 12w, https:\/\/www.yishengpack.com\/wp-content\/uploads\/2025\/10\/Customization-Hot-Selling-Rope-Handles-Paper-Bags-Durable-Bag-for-Craft-Gift-Wholesale-7-1200x1200.png 1200w\" sizes=\"(max-width: 2048px) 100vw, 2048px\" \/><\/figure>\n\n\n\n<div class=\"wp-block-buttons is-content-justification-center is-layout-flex wp-container-core-buttons-is-layout-16018d1d wp-block-buttons-is-layout-flex\">\n<div class=\"wp-block-button has-custom-width wp-block-button__width-75\"><a class=\"wp-block-button__link has-background has-small-font-size has-custom-font-size wp-element-button\" href=\"https:\/\/www.yishengpack.com\/fr\/custom-box-inserts-accessories\/\" style=\"background:linear-gradient(135deg,rgb(254,205,165) 0%,rgb(254,45,45) 0%,rgb(94,15,15) 0%)\" target=\"_blank\" rel=\"noreferrer noopener\"><strong>D\u00e9couvrez les encarts personnalis\u00e9s<\/strong><\/a><\/div>\n<\/div>\n<\/div>\n<\/div>","protected":false},"excerpt":{"rendered":"<p>Nous vous invitons \u00e0 acheter en gros nos sacs en papier avec poign\u00e9es en corde. Ces sacs en papier \u00e9l\u00e9gants avec des poign\u00e9es en corde solides sont parfaits pour contenir des aliments, des accessoires faits \u00e0 la main, de petites pi\u00e8ces de d\u00e9coration, et plus encore. Le mat\u00e9riau en papier durable et les poign\u00e9es en corde confortables les rendent \u00e0 la fois faciles \u00e0 transporter et beaux \u00e0 regarder. De la taille, des couleurs et des motifs \u00e0 l'impression du logo, ils sont enti\u00e8rement personnalisables pour correspondre \u00e0 votre marque.<\/p>\n<h2>Points forts des sacs en papier avec poign\u00e9es en corde (vente en gros)<\/h2>\n<ul>\n<li>Personnalisation compl\u00e8te<\/li>\n<li>Mat\u00e9riaux \u00e9cologiques<\/li>\n<li>Impression exquise<\/li>\n<li>Diverses options d'impression<\/li>\n<li>Couleurs multiples<\/li>\n<li>Stockage facile<\/li>\n<\/ul>\n<p>&nbsp;<\/p>\n<p>&nbsp;<\/p>","protected":false},"featured_media":2383,"comment_status":"closed","ping_status":"closed","template":"","meta":{"_acf_changed":false},"box-type":[49,52],"product_brand":[],"product_cat":[34,38,37],"product_tag":[],"class_list":{"0":"post-2382","1":"product","2":"type-product","3":"status-publish","4":"has-post-thumbnail","6":"box-type-custom-die-cut-paper-bag","7":"box-type-custom-rope-handle-paper-bags","8":"product_cat-paper-bags-wholesale","9":"product_cat-bakery-paper-bags-wholesale","10":"product_cat-paper-gift-bags-bulk","12":"first","13":"instock","14":"shipping-taxable","15":"product-type-simple"},"acf":[],"_links":{"self":[{"href":"https:\/\/www.yishengpack.com\/fr\/wp-json\/wp\/v2\/product\/2382","targetHints":{"allow":["GET"]}}],"collection":[{"href":"https:\/\/www.yishengpack.com\/fr\/wp-json\/wp\/v2\/product"}],"about":[{"href":"https:\/\/www.yishengpack.com\/fr\/wp-json\/wp\/v2\/types\/product"}],"replies":[{"embeddable":true,"href":"https:\/\/www.yishengpack.com\/fr\/wp-json\/wp\/v2\/comments?post=2382"}],"wp:featuredmedia":[{"embeddable":true,"href":"https:\/\/www.yishengpack.com\/fr\/wp-json\/wp\/v2\/media\/2383"}],"wp:attachment":[{"href":"https:\/\/www.yishengpack.com\/fr\/wp-json\/wp\/v2\/media?parent=2382"}],"wp:term":[{"taxonomy":"box-type","embeddable":true,"href":"https:\/\/www.yishengpack.com\/fr\/wp-json\/wp\/v2\/box-type?post=2382"},{"taxonomy":"product_brand","embeddable":true,"href":"https:\/\/www.yishengpack.com\/fr\/wp-json\/wp\/v2\/product_brand?post=2382"},{"taxonomy":"product_cat","embeddable":true,"href":"https:\/\/www.yishengpack.com\/fr\/wp-json\/wp\/v2\/product_cat?post=2382"},{"taxonomy":"product_tag","embeddable":true,"href":"https:\/\/www.yishengpack.com\/fr\/wp-json\/wp\/v2\/product_tag?post=2382"}],"curies":[{"name":"wp","href":"https:\/\/api.w.org\/{rel}","templated":true}]}}