{"id":2374,"date":"2025-11-06T16:22:52","date_gmt":"2025-11-06T16:22:52","guid":{"rendered":"https:\/\/www.yishengpack.com\/?post_type=product&#038;p=2374"},"modified":"2025-11-06T16:22:54","modified_gmt":"2025-11-06T16:22:54","slug":"christmas-paper-gift-bags-wholesale","status":"publish","type":"product","link":"https:\/\/www.yishengpack.com\/fr\/produit\/christmas-paper-gift-bags-wholesale\/","title":{"rendered":"Sacs cadeaux de No\u00ebl en papier grossiste, sacs en papier kraft personnalis\u00e9s"},"content":{"rendered":"<div class=\"wp-block-columns is-layout-flex wp-container-core-columns-is-layout-9d6595d7 wp-block-columns-is-layout-flex\">\n<div class=\"wp-block-column is-layout-flow wp-block-column-is-layout-flow\">\n<h3 class=\"wp-block-heading\">Caract\u00e9ristiques des sacs cadeaux de No\u00ebl en papier<\/h3>\n\n\n\n<p><strong>Th\u00e8me de la c\u00e9l\u00e9bration Caract\u00e9ristique : <\/strong>Les sacs cadeaux de No\u00ebl en papier pr\u00e9sentent des motifs sur le th\u00e8me de la f\u00eate avec des flocons de neige, des rennes et des arbres de No\u00ebl pour cr\u00e9er un esprit de f\u00eate.<\/p>\n\n\n\n<p><strong>Papier kraft durable Mat\u00e9riau :<\/strong> Les sacs cadeaux de No\u00ebl en papier sont fabriqu\u00e9s \u00e0 partir de papier kraft de haute qualit\u00e9 et respectueux de l'environnement, ce qui les rend r\u00e9sistants, durables, solides, ind\u00e9chirables et s\u00fbrs.<\/p>\n\n\n\n<p><strong>Poign\u00e9es solides ajout\u00e9es : <\/strong>Nos sacs en papier kraft personnalis\u00e9s sont dot\u00e9s d'une poign\u00e9e en corde ajust\u00e9e ou de poign\u00e9es torsad\u00e9es, qui offrent une prise confortable et r\u00e9sistante \u00e0 la rupture, ce qui facilite le transport des cadeaux, des bonbons, des jouets et d'autres articles de f\u00eate.<\/p>\n\n\n\n<p><strong>Impression personnalis\u00e9e possible :<\/strong> Ces sacs cadeaux de No\u00ebl en papier sont disponibles en gros dans des tailles, des couleurs, des motifs et des logos qui peuvent \u00eatre personnalis\u00e9s pour r\u00e9pondre aux besoins des clients, am\u00e9liorant ainsi l'image de la marque et l'efficacit\u00e9 du marketing des f\u00eates de fin d'ann\u00e9e.<\/p>\n\n\n\n<p><strong>Utilisations polyvalentes :<\/strong> Ces sacs en papier kraft personnalis\u00e9s peuvent \u00eatre utilis\u00e9s dans n'importe quel centre commercial ou boutique de cadeaux, supermarch\u00e9, pour des \u00e9v\u00e9nements promotionnels de la marque, et pour l'emballage de cadeaux de vacances en gros.<\/p>\n<\/div>\n\n\n\n<div class=\"wp-block-column is-layout-flow wp-block-column-is-layout-flow\">\n<figure class=\"wp-block-image size-full\"><img decoding=\"async\" width=\"1773\" height=\"2364\" src=\"https:\/\/www.yishengpack.com\/wp-content\/uploads\/2025\/10\/Wholesale-High-Quality-Gift-Bags-Custom-Kraft-Paper-Bag-with-Logo-Handle-for-Festival-2.webp\" alt=\"sacs-cadeaux en papier de no\u00ebl - en gros - sacs en papier kraft personnalis\u00e9s - 2\" class=\"wp-image-2376\" srcset=\"https:\/\/www.yishengpack.com\/wp-content\/uploads\/2025\/10\/Wholesale-High-Quality-Gift-Bags-Custom-Kraft-Paper-Bag-with-Logo-Handle-for-Festival-2.webp 1773w, https:\/\/www.yishengpack.com\/wp-content\/uploads\/2025\/10\/Wholesale-High-Quality-Gift-Bags-Custom-Kraft-Paper-Bag-with-Logo-Handle-for-Festival-2-225x300.webp 225w, https:\/\/www.yishengpack.com\/wp-content\/uploads\/2025\/10\/Wholesale-High-Quality-Gift-Bags-Custom-Kraft-Paper-Bag-with-Logo-Handle-for-Festival-2-768x1024.webp 768w, https:\/\/www.yishengpack.com\/wp-content\/uploads\/2025\/10\/Wholesale-High-Quality-Gift-Bags-Custom-Kraft-Paper-Bag-with-Logo-Handle-for-Festival-2-9x12.webp 9w, https:\/\/www.yishengpack.com\/wp-content\/uploads\/2025\/10\/Wholesale-High-Quality-Gift-Bags-Custom-Kraft-Paper-Bag-with-Logo-Handle-for-Festival-2-1200x1600.webp 1200w, https:\/\/www.yishengpack.com\/wp-content\/uploads\/2025\/10\/Wholesale-High-Quality-Gift-Bags-Custom-Kraft-Paper-Bag-with-Logo-Handle-for-Festival-2-600x800.webp 600w\" sizes=\"(max-width: 1773px) 100vw, 1773px\" \/><\/figure>\n<\/div>\n<\/div>\n\n\n\n<div class=\"wp-block-columns is-layout-flex wp-container-core-columns-is-layout-9d6595d7 wp-block-columns-is-layout-flex\">\n<div class=\"wp-block-column is-layout-flow wp-block-column-is-layout-flow\">\n<figure class=\"wp-block-image size-full\"><img decoding=\"async\" width=\"1773\" height=\"2364\" src=\"https:\/\/www.yishengpack.com\/wp-content\/uploads\/2025\/10\/Wholesale-High-Quality-Gift-Bags-Custom-Kraft-Paper-Bag-with-Logo-Handle-for-Festival-1.webp\" alt=\"sacs-cadeaux en papier de no\u00ebl - sacs en papier kraft personnalis\u00e9s - 1\" class=\"wp-image-2375\" srcset=\"https:\/\/www.yishengpack.com\/wp-content\/uploads\/2025\/10\/Wholesale-High-Quality-Gift-Bags-Custom-Kraft-Paper-Bag-with-Logo-Handle-for-Festival-1.webp 1773w, https:\/\/www.yishengpack.com\/wp-content\/uploads\/2025\/10\/Wholesale-High-Quality-Gift-Bags-Custom-Kraft-Paper-Bag-with-Logo-Handle-for-Festival-1-225x300.webp 225w, https:\/\/www.yishengpack.com\/wp-content\/uploads\/2025\/10\/Wholesale-High-Quality-Gift-Bags-Custom-Kraft-Paper-Bag-with-Logo-Handle-for-Festival-1-768x1024.webp 768w, https:\/\/www.yishengpack.com\/wp-content\/uploads\/2025\/10\/Wholesale-High-Quality-Gift-Bags-Custom-Kraft-Paper-Bag-with-Logo-Handle-for-Festival-1-9x12.webp 9w, https:\/\/www.yishengpack.com\/wp-content\/uploads\/2025\/10\/Wholesale-High-Quality-Gift-Bags-Custom-Kraft-Paper-Bag-with-Logo-Handle-for-Festival-1-1200x1600.webp 1200w, https:\/\/www.yishengpack.com\/wp-content\/uploads\/2025\/10\/Wholesale-High-Quality-Gift-Bags-Custom-Kraft-Paper-Bag-with-Logo-Handle-for-Festival-1-600x800.webp 600w\" sizes=\"(max-width: 1773px) 100vw, 1773px\" \/><\/figure>\n\n\n\n<div class=\"wp-block-buttons has-custom-font-size has-small-font-size is-content-justification-center is-layout-flex wp-container-core-buttons-is-layout-16018d1d wp-block-buttons-is-layout-flex\">\n<div class=\"wp-block-button has-custom-width wp-block-button__width-75\"><a class=\"wp-block-button__link has-background has-small-font-size has-custom-font-size wp-element-button\" href=\"https:\/\/www.yishengpack.com\/fr\/custom-printed-box\/\" style=\"background:linear-gradient(135deg,rgb(254,205,165) 0%,rgb(254,45,45) 0%,rgb(94,15,15) 0%,rgb(94,15,15) 100%)\" target=\"_blank\" rel=\"noreferrer noopener\"><strong>D\u00e9couvrez les bo\u00eetes imprim\u00e9es personnalis\u00e9es<\/strong><\/a><\/div>\n<\/div>\n<\/div>\n\n\n\n<div class=\"wp-block-column is-layout-flow wp-block-column-is-layout-flow\">\n<figure class=\"wp-block-image size-full\"><img decoding=\"async\" width=\"1773\" height=\"2364\" src=\"https:\/\/www.yishengpack.com\/wp-content\/uploads\/2025\/10\/Wholesale-High-Quality-Gift-Bags-Custom-Kraft-Paper-Bag-with-Logo-Handle-for-Festival-4.webp\" alt=\"sacs-cadeaux en papier de no\u00ebl - en gros - sacs en papier kraft personnalis\u00e9s - 4\" class=\"wp-image-2378\" srcset=\"https:\/\/www.yishengpack.com\/wp-content\/uploads\/2025\/10\/Wholesale-High-Quality-Gift-Bags-Custom-Kraft-Paper-Bag-with-Logo-Handle-for-Festival-4.webp 1773w, https:\/\/www.yishengpack.com\/wp-content\/uploads\/2025\/10\/Wholesale-High-Quality-Gift-Bags-Custom-Kraft-Paper-Bag-with-Logo-Handle-for-Festival-4-225x300.webp 225w, https:\/\/www.yishengpack.com\/wp-content\/uploads\/2025\/10\/Wholesale-High-Quality-Gift-Bags-Custom-Kraft-Paper-Bag-with-Logo-Handle-for-Festival-4-768x1024.webp 768w, https:\/\/www.yishengpack.com\/wp-content\/uploads\/2025\/10\/Wholesale-High-Quality-Gift-Bags-Custom-Kraft-Paper-Bag-with-Logo-Handle-for-Festival-4-9x12.webp 9w, https:\/\/www.yishengpack.com\/wp-content\/uploads\/2025\/10\/Wholesale-High-Quality-Gift-Bags-Custom-Kraft-Paper-Bag-with-Logo-Handle-for-Festival-4-1200x1600.webp 1200w, https:\/\/www.yishengpack.com\/wp-content\/uploads\/2025\/10\/Wholesale-High-Quality-Gift-Bags-Custom-Kraft-Paper-Bag-with-Logo-Handle-for-Festival-4-600x800.webp 600w\" sizes=\"(max-width: 1773px) 100vw, 1773px\" \/><\/figure>\n\n\n\n<div class=\"wp-block-buttons is-content-justification-center is-layout-flex wp-container-core-buttons-is-layout-16018d1d wp-block-buttons-is-layout-flex\">\n<div class=\"wp-block-button has-custom-width wp-block-button__width-75\"><a class=\"wp-block-button__link has-background has-small-font-size has-custom-font-size wp-element-button\" href=\"https:\/\/www.yishengpack.com\/fr\/custom-product-boxes-types\/\" style=\"background:linear-gradient(135deg,rgb(254,205,165) 0%,rgb(254,45,45) 0%,rgb(94,15,15) 0%)\" target=\"_blank\" rel=\"noreferrer noopener\"><strong>Explorez les H personnalis\u00e9s<\/strong>andle Styles<\/a><\/div>\n<\/div>\n<\/div>\n<\/div>","protected":false},"excerpt":{"rendered":"<p>Nous vous invitons \u00e0 acheter en gros nos sacs cadeaux de No\u00ebl en papier, fabriqu\u00e9s en papier kraft tr\u00e8s r\u00e9sistant, dot\u00e9s de poign\u00e9es solides et pouvant \u00eatre imprim\u00e9s avec des logos de marque et des motifs festifs. Ces sacs cadeaux durables et \u00e0 la mode peuvent contenir des produits alimentaires, des accessoires faits main, des petits cadeaux, etc. Ils sont parfaits pour l'emballage de cadeaux lors d'occasions sp\u00e9ciales, de promotions dans les grands magasins ou de ventes pendant les f\u00eates. Cr\u00e9ez une atmosph\u00e8re de No\u00ebl distinctive pour votre marque.<\/p>\n<h2>Points forts des sacs cadeaux en papier de No\u00ebl en gros<\/h2>\n<ul>\n<li>Mat\u00e9riaux de haute qualit\u00e9<\/li>\n<li>Personnalisation<\/li>\n<li>Une grande ma\u00eetrise de l'impression<\/li>\n<li>Tailles multiples<\/li>\n<li>Couleurs vives<\/li>\n<li>Construction robuste<\/li>\n<li>Diff\u00e9rents styles de poign\u00e9es <\/li>\n<li>Insertion personnalis\u00e9e<\/li>\n<\/ul>","protected":false},"featured_media":2375,"comment_status":"closed","ping_status":"closed","template":"","meta":{"_acf_changed":false},"box-type":[52,50],"product_brand":[],"product_cat":[34,37],"product_tag":[],"class_list":{"0":"post-2374","1":"product","2":"type-product","3":"status-publish","4":"has-post-thumbnail","6":"box-type-custom-rope-handle-paper-bags","7":"box-type-custom-twisted-handle-paper-bags","8":"product_cat-paper-bags-wholesale","9":"product_cat-paper-gift-bags-bulk","11":"first","12":"instock","13":"shipping-taxable","14":"product-type-simple"},"acf":[],"_links":{"self":[{"href":"https:\/\/www.yishengpack.com\/fr\/wp-json\/wp\/v2\/product\/2374","targetHints":{"allow":["GET"]}}],"collection":[{"href":"https:\/\/www.yishengpack.com\/fr\/wp-json\/wp\/v2\/product"}],"about":[{"href":"https:\/\/www.yishengpack.com\/fr\/wp-json\/wp\/v2\/types\/product"}],"replies":[{"embeddable":true,"href":"https:\/\/www.yishengpack.com\/fr\/wp-json\/wp\/v2\/comments?post=2374"}],"wp:featuredmedia":[{"embeddable":true,"href":"https:\/\/www.yishengpack.com\/fr\/wp-json\/wp\/v2\/media\/2375"}],"wp:attachment":[{"href":"https:\/\/www.yishengpack.com\/fr\/wp-json\/wp\/v2\/media?parent=2374"}],"wp:term":[{"taxonomy":"box-type","embeddable":true,"href":"https:\/\/www.yishengpack.com\/fr\/wp-json\/wp\/v2\/box-type?post=2374"},{"taxonomy":"product_brand","embeddable":true,"href":"https:\/\/www.yishengpack.com\/fr\/wp-json\/wp\/v2\/product_brand?post=2374"},{"taxonomy":"product_cat","embeddable":true,"href":"https:\/\/www.yishengpack.com\/fr\/wp-json\/wp\/v2\/product_cat?post=2374"},{"taxonomy":"product_tag","embeddable":true,"href":"https:\/\/www.yishengpack.com\/fr\/wp-json\/wp\/v2\/product_tag?post=2374"}],"curies":[{"name":"wp","href":"https:\/\/api.w.org\/{rel}","templated":true}]}}