{"id":2312,"date":"2025-10-29T03:54:29","date_gmt":"2025-10-29T03:54:29","guid":{"rendered":"https:\/\/www.yishengpack.com\/?post_type=product&#038;p=2312"},"modified":"2025-10-29T03:56:46","modified_gmt":"2025-10-29T03:56:46","slug":"custom-printed-candy-gift-boxes","status":"publish","type":"product","link":"https:\/\/www.yishengpack.com\/fr\/produit\/custom-printed-candy-gift-boxes\/","title":{"rendered":"Bo\u00eetes \u00e0 bonbons imprim\u00e9es sur mesure, bo\u00eetes magn\u00e9tiques rigides en vrac"},"content":{"rendered":"<div class=\"wp-block-columns is-layout-flex wp-container-core-columns-is-layout-9d6595d7 wp-block-columns-is-layout-flex\">\n<div class=\"wp-block-column is-layout-flow wp-block-column-is-layout-flow\">\n<h3 class=\"wp-block-heading\">Caract\u00e9ristiques des bo\u00eetes \u00e0 bonbons imprim\u00e9es sur mesure<\/h3>\n\n\n\n<p><strong>Fermeture magn\u00e9tique pour un d\u00e9ballage de luxe :<\/strong> Les bo\u00eetes rigides magn\u00e9tiques de luxe se ferment \u00e0 l'aide d'un pliage magn\u00e9tique pour cr\u00e9er une ambiance enti\u00e8rement contemporaine lors du d\u00e9ballage de vos beaux articles. Id\u00e9ales pour la pr\u00e9sentation de chocolats, de caramels, de mochi et de petits g\u00e2teaux, elles permettent d'obtenir un grand impact pour un petit cadeau chocolat\u00e9.<\/p>\n\n\n\n<p><strong>Insertions divis\u00e9es sur mesure :<\/strong> Ces bo\u00eetes \u00e0 bonbons imprim\u00e9es sont \u00e9galement \u00e9quip\u00e9es de s\u00e9parateurs personnalis\u00e9s con\u00e7us pour accueillir des chocolats, des caramels, des mochi ou des petits g\u00e2teaux, offrant ainsi une pr\u00e9sentation s\u00fbre et impeccable de la friandise emball\u00e9e.<\/p>\n\n\n\n<p><strong>Construction de premi\u00e8re qualit\u00e9 pour la protection :<\/strong> Con\u00e7ues avec des mat\u00e9riaux de premi\u00e8re qualit\u00e9, ces bo\u00eetes \u00e0 bonbons imprim\u00e9es personnalis\u00e9es sont robustes et prot\u00e8gent efficacement les chocolats, les mochi, les caramels ou les petits g\u00e2teaux \u00e0 offrir et \u00e0 conserver.<\/p>\n\n\n\n<p><strong>Options de design de luxe :<\/strong> Les bo\u00eetes \u00e0 bonbons imprim\u00e9es personnalis\u00e9es comprennent des options de design luxueuses. Des motifs classiques aux accents m\u00e9talliques en passant par les motifs th\u00e9matiques, ces derniers rendront la bo\u00eete visuellement \u00e9tonnante, parfaite pour emballer des chocolats gourmands, des confiseries, des caramels ou des truffes au chocolat, tout en conservant un aspect d\u00e9licieux.<\/p>\n\n\n\n<p><strong>Enti\u00e8rement \u00e0 la marque Personnalisation : <\/strong>Les bo\u00eetes magn\u00e9tiques rigides de luxe peuvent \u00eatre enti\u00e8rement personnalis\u00e9es, c'est-\u00e0-dire qu'elles peuvent \u00eatre redimensionn\u00e9es, color\u00e9es, dot\u00e9es d'un logo ou d'un dessin, et des finitions de surface s\u00e9lectionn\u00e9es peuvent \u00eatre utilis\u00e9es, ce qui \u00e9largit les options disponibles pour r\u00e9pondre \u00e0 vos besoins uniques en mati\u00e8re de marquage.<\/p>\n<\/div>\n\n\n\n<div class=\"wp-block-column is-layout-flow wp-block-column-is-layout-flow\">\n<figure class=\"wp-block-image size-full\"><img decoding=\"async\" width=\"2048\" height=\"2048\" src=\"https:\/\/www.yishengpack.com\/wp-content\/uploads\/2025\/10\/Top-Grade-Luxury-Gift-Box-Wholesale-Bulk-Magnetic-Paper-Box-with-Custom-Inner-Tray-2.webp\" alt=\"bo\u00eetes-cadeaux-bonbons-imprim\u00e9es-bo\u00eetes-rigides-magn\u00e9tiques-bulk-2\" class=\"wp-image-2333\" srcset=\"https:\/\/www.yishengpack.com\/wp-content\/uploads\/2025\/10\/Top-Grade-Luxury-Gift-Box-Wholesale-Bulk-Magnetic-Paper-Box-with-Custom-Inner-Tray-2.webp 2048w, https:\/\/www.yishengpack.com\/wp-content\/uploads\/2025\/10\/Top-Grade-Luxury-Gift-Box-Wholesale-Bulk-Magnetic-Paper-Box-with-Custom-Inner-Tray-2-300x300.webp 300w, https:\/\/www.yishengpack.com\/wp-content\/uploads\/2025\/10\/Top-Grade-Luxury-Gift-Box-Wholesale-Bulk-Magnetic-Paper-Box-with-Custom-Inner-Tray-2-150x150.webp 150w, https:\/\/www.yishengpack.com\/wp-content\/uploads\/2025\/10\/Top-Grade-Luxury-Gift-Box-Wholesale-Bulk-Magnetic-Paper-Box-with-Custom-Inner-Tray-2-768x768.webp 768w, https:\/\/www.yishengpack.com\/wp-content\/uploads\/2025\/10\/Top-Grade-Luxury-Gift-Box-Wholesale-Bulk-Magnetic-Paper-Box-with-Custom-Inner-Tray-2-12x12.webp 12w, https:\/\/www.yishengpack.com\/wp-content\/uploads\/2025\/10\/Top-Grade-Luxury-Gift-Box-Wholesale-Bulk-Magnetic-Paper-Box-with-Custom-Inner-Tray-2-1200x1200.webp 1200w, https:\/\/www.yishengpack.com\/wp-content\/uploads\/2025\/10\/Top-Grade-Luxury-Gift-Box-Wholesale-Bulk-Magnetic-Paper-Box-with-Custom-Inner-Tray-2-600x600.webp 600w, https:\/\/www.yishengpack.com\/wp-content\/uploads\/2025\/10\/Top-Grade-Luxury-Gift-Box-Wholesale-Bulk-Magnetic-Paper-Box-with-Custom-Inner-Tray-2-100x100.webp 100w\" sizes=\"(max-width: 2048px) 100vw, 2048px\" \/><\/figure>\n<\/div>\n<\/div>\n\n\n\n<div class=\"wp-block-columns is-layout-flex wp-container-core-columns-is-layout-9d6595d7 wp-block-columns-is-layout-flex\">\n<div class=\"wp-block-column is-layout-flow wp-block-column-is-layout-flow\">\n<figure class=\"wp-block-image size-full\"><img decoding=\"async\" width=\"2048\" height=\"2048\" src=\"https:\/\/www.yishengpack.com\/wp-content\/uploads\/2025\/10\/Top-Grade-Luxury-Gift-Box-Wholesale-Bulk-Magnetic-Paper-Box-with-Custom-Inner-Tray-6.webp\" alt=\"bo\u00eetes-cadeaux-bonbons-imprim\u00e9es-bo\u00eetes-rigides-magn\u00e9tiques-bulk-6\" class=\"wp-image-2337\" srcset=\"https:\/\/www.yishengpack.com\/wp-content\/uploads\/2025\/10\/Top-Grade-Luxury-Gift-Box-Wholesale-Bulk-Magnetic-Paper-Box-with-Custom-Inner-Tray-6.webp 2048w, https:\/\/www.yishengpack.com\/wp-content\/uploads\/2025\/10\/Top-Grade-Luxury-Gift-Box-Wholesale-Bulk-Magnetic-Paper-Box-with-Custom-Inner-Tray-6-300x300.webp 300w, https:\/\/www.yishengpack.com\/wp-content\/uploads\/2025\/10\/Top-Grade-Luxury-Gift-Box-Wholesale-Bulk-Magnetic-Paper-Box-with-Custom-Inner-Tray-6-150x150.webp 150w, https:\/\/www.yishengpack.com\/wp-content\/uploads\/2025\/10\/Top-Grade-Luxury-Gift-Box-Wholesale-Bulk-Magnetic-Paper-Box-with-Custom-Inner-Tray-6-768x768.webp 768w, https:\/\/www.yishengpack.com\/wp-content\/uploads\/2025\/10\/Top-Grade-Luxury-Gift-Box-Wholesale-Bulk-Magnetic-Paper-Box-with-Custom-Inner-Tray-6-12x12.webp 12w, https:\/\/www.yishengpack.com\/wp-content\/uploads\/2025\/10\/Top-Grade-Luxury-Gift-Box-Wholesale-Bulk-Magnetic-Paper-Box-with-Custom-Inner-Tray-6-1200x1200.webp 1200w, https:\/\/www.yishengpack.com\/wp-content\/uploads\/2025\/10\/Top-Grade-Luxury-Gift-Box-Wholesale-Bulk-Magnetic-Paper-Box-with-Custom-Inner-Tray-6-600x600.webp 600w, https:\/\/www.yishengpack.com\/wp-content\/uploads\/2025\/10\/Top-Grade-Luxury-Gift-Box-Wholesale-Bulk-Magnetic-Paper-Box-with-Custom-Inner-Tray-6-100x100.webp 100w\" sizes=\"(max-width: 2048px) 100vw, 2048px\" \/><\/figure>\n\n\n\n<div class=\"wp-block-buttons has-custom-font-size has-small-font-size is-content-justification-center is-layout-flex wp-container-core-buttons-is-layout-16018d1d wp-block-buttons-is-layout-flex\">\n<div class=\"wp-block-button has-custom-width wp-block-button__width-75\"><a class=\"wp-block-button__link has-background has-small-font-size has-custom-font-size wp-element-button\" href=\"https:\/\/www.yishengpack.com\/fr\/custom-printed-box\/\" style=\"background:linear-gradient(135deg,rgb(254,205,165) 0%,rgb(254,45,45) 0%,rgb(94,15,15) 0%,rgb(94,15,15) 100%)\" target=\"_blank\" rel=\"noreferrer noopener\"><strong>D\u00e9couvrez les bo\u00eetes imprim\u00e9es personnalis\u00e9es<\/strong><\/a><\/div>\n<\/div>\n<\/div>\n\n\n\n<div class=\"wp-block-column has-small-font-size is-layout-flow wp-block-column-is-layout-flow\">\n<figure class=\"wp-block-image size-full\"><img decoding=\"async\" width=\"2048\" height=\"2048\" src=\"https:\/\/www.yishengpack.com\/wp-content\/uploads\/2025\/10\/Top-Grade-Luxury-Gift-Box-Wholesale-Bulk-Magnetic-Paper-Box-with-Custom-Inner-Tray-5.webp\" alt=\"bo\u00eetes-cadeaux-bonbons-imprim\u00e9es-bo\u00eetes-rigides-magn\u00e9tiques-bulk-5\" class=\"wp-image-2336\" srcset=\"https:\/\/www.yishengpack.com\/wp-content\/uploads\/2025\/10\/Top-Grade-Luxury-Gift-Box-Wholesale-Bulk-Magnetic-Paper-Box-with-Custom-Inner-Tray-5.webp 2048w, https:\/\/www.yishengpack.com\/wp-content\/uploads\/2025\/10\/Top-Grade-Luxury-Gift-Box-Wholesale-Bulk-Magnetic-Paper-Box-with-Custom-Inner-Tray-5-300x300.webp 300w, https:\/\/www.yishengpack.com\/wp-content\/uploads\/2025\/10\/Top-Grade-Luxury-Gift-Box-Wholesale-Bulk-Magnetic-Paper-Box-with-Custom-Inner-Tray-5-150x150.webp 150w, https:\/\/www.yishengpack.com\/wp-content\/uploads\/2025\/10\/Top-Grade-Luxury-Gift-Box-Wholesale-Bulk-Magnetic-Paper-Box-with-Custom-Inner-Tray-5-768x768.webp 768w, https:\/\/www.yishengpack.com\/wp-content\/uploads\/2025\/10\/Top-Grade-Luxury-Gift-Box-Wholesale-Bulk-Magnetic-Paper-Box-with-Custom-Inner-Tray-5-12x12.webp 12w, https:\/\/www.yishengpack.com\/wp-content\/uploads\/2025\/10\/Top-Grade-Luxury-Gift-Box-Wholesale-Bulk-Magnetic-Paper-Box-with-Custom-Inner-Tray-5-1200x1200.webp 1200w, https:\/\/www.yishengpack.com\/wp-content\/uploads\/2025\/10\/Top-Grade-Luxury-Gift-Box-Wholesale-Bulk-Magnetic-Paper-Box-with-Custom-Inner-Tray-5-600x600.webp 600w, https:\/\/www.yishengpack.com\/wp-content\/uploads\/2025\/10\/Top-Grade-Luxury-Gift-Box-Wholesale-Bulk-Magnetic-Paper-Box-with-Custom-Inner-Tray-5-100x100.webp 100w\" sizes=\"(max-width: 2048px) 100vw, 2048px\" \/><\/figure>\n\n\n\n<div class=\"wp-block-buttons is-content-justification-center is-layout-flex wp-container-core-buttons-is-layout-16018d1d wp-block-buttons-is-layout-flex\">\n<div class=\"wp-block-button has-custom-width wp-block-button__width-75\"><a class=\"wp-block-button__link has-background has-small-font-size has-custom-font-size wp-element-button\" href=\"https:\/\/www.yishengpack.com\/fr\/custom-box-inserts-accessories\/\" style=\"background:linear-gradient(135deg,rgb(254,205,165) 0%,rgb(254,45,45) 0%,rgb(94,15,15) 0%)\" target=\"_blank\" rel=\"noreferrer noopener\"><strong>D\u00e9couvrez les encarts personnalis\u00e9s<\/strong><\/a><\/div>\n<\/div>\n<\/div>\n<\/div>\n\n\n\n<p><\/p>","protected":false},"excerpt":{"rendered":"<p>Nous vous invitons \u00e0 acheter en gros nos bo\u00eetes rigides magn\u00e9tiques de qualit\u00e9 sup\u00e9rieure. Ces bo\u00eetes \u00e0 bonbons imprim\u00e9es personnalis\u00e9es sont parfaites pour emballer des chocolats, des caramels, des mini g\u00e2teaux, des mochi et bien plus encore. Il s'agit d'un design \u00e9l\u00e9gant fabriqu\u00e9 \u00e0 partir de carton de premi\u00e8re qualit\u00e9 qui allie luxe et fonctionnalit\u00e9 et qui convient parfaitement aux cadeaux festifs et \u00e0 la pr\u00e9sentation de produits haut de gamme, qu'il s'agisse de chocolats au caramel ou de mochi scintillants. Vous pouvez personnaliser les couleurs, les tailles, les formes et m\u00eame les logos et les encarts personnalis\u00e9s pour mettre en valeur votre marque avec style pour un produit chocolat\u00e9 haut de gamme.<\/p>\n<h2>Points forts des bo\u00eetes \u00e0 bonbons imprim\u00e9es sur mesure<\/h2>\n<ul>\n<li>Personnalisation haut de gamme<\/li>\n<li>Mat\u00e9riaux imperm\u00e9ables<\/li>\n<li>Une fabrication durable<\/li>\n<li>Construction robuste<\/li>\n<li>Plusieurs types de bo\u00eetes<\/li>\n<li>Options d'impression \u00e9tendues<\/li>\n<li>Couleurs vives<\/li>\n<li>Insertions de diviseurs personnalis\u00e9s<\/li>\n<\/ul>\n<p>&nbsp;<\/p>","protected":false},"featured_media":2332,"comment_status":"closed","ping_status":"closed","template":"","meta":{"_acf_changed":false},"box-type":[54,57],"product_brand":[],"product_cat":[30,19,41,46,31,32,33,44],"product_tag":[],"class_list":{"0":"post-2312","1":"product","2":"type-product","3":"status-publish","4":"has-post-thumbnail","6":"box-type-custom-magnetic-closure-boxes","7":"box-type-custom-rigid-box-with-lid","8":"product_cat-cake-containers-wholesale","9":"product_cat-luxury-gift-boxes-wholesale","10":"product_cat-candy-gift-boxes-wholesale","11":"product_cat-wholesale-paper-boxes","12":"product_cat-wholesale-charcuterie-boxes","13":"product_cat-bakery-packaging-wholesale","14":"product_cat-food-packaging-boxes-wholesale","15":"product_cat-custom-snack-box","17":"first","18":"instock","19":"shipping-taxable","20":"product-type-simple"},"acf":[],"_links":{"self":[{"href":"https:\/\/www.yishengpack.com\/fr\/wp-json\/wp\/v2\/product\/2312","targetHints":{"allow":["GET"]}}],"collection":[{"href":"https:\/\/www.yishengpack.com\/fr\/wp-json\/wp\/v2\/product"}],"about":[{"href":"https:\/\/www.yishengpack.com\/fr\/wp-json\/wp\/v2\/types\/product"}],"replies":[{"embeddable":true,"href":"https:\/\/www.yishengpack.com\/fr\/wp-json\/wp\/v2\/comments?post=2312"}],"wp:featuredmedia":[{"embeddable":true,"href":"https:\/\/www.yishengpack.com\/fr\/wp-json\/wp\/v2\/media\/2332"}],"wp:attachment":[{"href":"https:\/\/www.yishengpack.com\/fr\/wp-json\/wp\/v2\/media?parent=2312"}],"wp:term":[{"taxonomy":"box-type","embeddable":true,"href":"https:\/\/www.yishengpack.com\/fr\/wp-json\/wp\/v2\/box-type?post=2312"},{"taxonomy":"product_brand","embeddable":true,"href":"https:\/\/www.yishengpack.com\/fr\/wp-json\/wp\/v2\/product_brand?post=2312"},{"taxonomy":"product_cat","embeddable":true,"href":"https:\/\/www.yishengpack.com\/fr\/wp-json\/wp\/v2\/product_cat?post=2312"},{"taxonomy":"product_tag","embeddable":true,"href":"https:\/\/www.yishengpack.com\/fr\/wp-json\/wp\/v2\/product_tag?post=2312"}],"curies":[{"name":"wp","href":"https:\/\/api.w.org\/{rel}","templated":true}]}}