{"id":2288,"date":"2025-10-29T06:40:12","date_gmt":"2025-10-29T06:40:12","guid":{"rendered":"https:\/\/www.yishengpack.com\/?post_type=product&#038;p=2288"},"modified":"2025-10-29T06:40:13","modified_gmt":"2025-10-29T06:40:13","slug":"window-boxes-wholesale","status":"publish","type":"product","link":"https:\/\/www.yishengpack.com\/fr\/produit\/window-boxes-wholesale\/","title":{"rendered":"Bo\u00eetes \u00e0 fen\u00eatre de qualit\u00e9 sup\u00e9rieure Wholesale, Emballages de boulangerie personnalis\u00e9s"},"content":{"rendered":"<div class=\"wp-block-columns is-layout-flex wp-container-core-columns-is-layout-9d6595d7 wp-block-columns-is-layout-flex\">\n<div class=\"wp-block-column is-layout-flow wp-block-column-is-layout-flow\">\n<h3 class=\"wp-block-heading\">Caract\u00e9ristiques des jardini\u00e8res en gros<\/h3>\n\n\n\n<p><strong>Fen\u00eatre transparente pour une meilleure visibilit\u00e9 : <\/strong>Ces bo\u00eetes \u00e0 fen\u00eatre en gros sont dot\u00e9es d'une fen\u00eatre transparente qui permet aux clients de voir d'un coup d'\u0153il les d\u00e9licieuses friandises qu'elles contiennent, comme les macarons, les tartelettes aux \u0153ufs et les mochi, ce qui renforce la tentation et l'attrait visuel.<\/p>\n\n\n\n<p><strong>Construction dans le respect des r\u00e8gles de s\u00e9curit\u00e9 alimentaire : <\/strong>Notre emballage de boulangerie personnalis\u00e9, fabriqu\u00e9 avec des mat\u00e9riaux s\u00fbrs pour les aliments, cette bo\u00eete \u00e0 fen\u00eatre garantit la s\u00e9curit\u00e9 et la fra\u00eecheur des articles tels que les petits g\u00e2teaux, le pain et les p\u00e2tisseries, ce qui en fait l'emballage id\u00e9al pour les aliments.<\/p>\n\n\n\n<p><strong>Structure facile \u00e0 assembler :<\/strong> Ces bo\u00eetes \u00e0 fen\u00eatre en gros ont une structure facile \u00e0 assembler, qui peut \u00eatre mont\u00e9e rapidement, facilitant l'emballage des macarons, des tartes aux \u0153ufs et d'autres friandises de mani\u00e8re efficace.<\/p>\n\n\n\n<p><strong>Variations de design charmantes :<\/strong> Ces bo\u00eetes \u00e0 fen\u00eatre en gros pr\u00e9sentent divers motifs charmants tels que des motifs floraux, des motifs de fruits et des textures ondul\u00e9es, qui sont visuellement attrayants, parfaits pour pr\u00e9senter des macarons, des mochi et d'autres friandises en guise de cadeaux ou pour la vente au d\u00e9tail.<\/p>\n\n\n\n<p><strong>Enti\u00e8rement personnalisable pour l'image de marque :<\/strong> Nos emballages pour boulangeries sont totalement personnalisables en fonction de la taille, de la couleur, du graphisme et du logo souhait\u00e9s. Il peut \u00eatre personnalis\u00e9 pour r\u00e9pondre aux besoins de la marque de la boulangerie pour les macarons, les tartes aux \u0153ufs, etc.<\/p>\n<\/div>\n\n\n\n<div class=\"wp-block-column is-layout-flow wp-block-column-is-layout-flow\">\n<figure class=\"wp-block-image size-full\"><img decoding=\"async\" width=\"2048\" height=\"2048\" src=\"https:\/\/www.yishengpack.com\/wp-content\/uploads\/2025\/10\/Top-Quality-Windowed-Boxes-Wholesale-Pastry-Package-Paper-Box-with-Customized-Logo-2.webp\" alt=\"top-quality-window-boxes-wholesale-custom-bakery-packaging-2\" class=\"wp-image-2290\" srcset=\"https:\/\/www.yishengpack.com\/wp-content\/uploads\/2025\/10\/Top-Quality-Windowed-Boxes-Wholesale-Pastry-Package-Paper-Box-with-Customized-Logo-2.webp 2048w, https:\/\/www.yishengpack.com\/wp-content\/uploads\/2025\/10\/Top-Quality-Windowed-Boxes-Wholesale-Pastry-Package-Paper-Box-with-Customized-Logo-2-300x300.webp 300w, https:\/\/www.yishengpack.com\/wp-content\/uploads\/2025\/10\/Top-Quality-Windowed-Boxes-Wholesale-Pastry-Package-Paper-Box-with-Customized-Logo-2-150x150.webp 150w, https:\/\/www.yishengpack.com\/wp-content\/uploads\/2025\/10\/Top-Quality-Windowed-Boxes-Wholesale-Pastry-Package-Paper-Box-with-Customized-Logo-2-768x768.webp 768w, https:\/\/www.yishengpack.com\/wp-content\/uploads\/2025\/10\/Top-Quality-Windowed-Boxes-Wholesale-Pastry-Package-Paper-Box-with-Customized-Logo-2-12x12.webp 12w, https:\/\/www.yishengpack.com\/wp-content\/uploads\/2025\/10\/Top-Quality-Windowed-Boxes-Wholesale-Pastry-Package-Paper-Box-with-Customized-Logo-2-1200x1200.webp 1200w, https:\/\/www.yishengpack.com\/wp-content\/uploads\/2025\/10\/Top-Quality-Windowed-Boxes-Wholesale-Pastry-Package-Paper-Box-with-Customized-Logo-2-600x600.webp 600w, https:\/\/www.yishengpack.com\/wp-content\/uploads\/2025\/10\/Top-Quality-Windowed-Boxes-Wholesale-Pastry-Package-Paper-Box-with-Customized-Logo-2-100x100.webp 100w\" sizes=\"(max-width: 2048px) 100vw, 2048px\" \/><\/figure>\n<\/div>\n<\/div>\n\n\n\n<div class=\"wp-block-columns is-layout-flex wp-container-core-columns-is-layout-9d6595d7 wp-block-columns-is-layout-flex\">\n<div class=\"wp-block-column is-layout-flow wp-block-column-is-layout-flow\">\n<figure class=\"wp-block-image size-full\"><img decoding=\"async\" width=\"2048\" height=\"2048\" src=\"https:\/\/www.yishengpack.com\/wp-content\/uploads\/2025\/10\/Top-Quality-Windowed-Boxes-Wholesale-Pastry-Package-Paper-Box-with-Customized-Logo-1.webp\" alt=\"top-quality-window-boxes-wholesale-custom-bakery-packaging-1\" class=\"wp-image-2289\" srcset=\"https:\/\/www.yishengpack.com\/wp-content\/uploads\/2025\/10\/Top-Quality-Windowed-Boxes-Wholesale-Pastry-Package-Paper-Box-with-Customized-Logo-1.webp 2048w, https:\/\/www.yishengpack.com\/wp-content\/uploads\/2025\/10\/Top-Quality-Windowed-Boxes-Wholesale-Pastry-Package-Paper-Box-with-Customized-Logo-1-300x300.webp 300w, https:\/\/www.yishengpack.com\/wp-content\/uploads\/2025\/10\/Top-Quality-Windowed-Boxes-Wholesale-Pastry-Package-Paper-Box-with-Customized-Logo-1-150x150.webp 150w, https:\/\/www.yishengpack.com\/wp-content\/uploads\/2025\/10\/Top-Quality-Windowed-Boxes-Wholesale-Pastry-Package-Paper-Box-with-Customized-Logo-1-768x768.webp 768w, https:\/\/www.yishengpack.com\/wp-content\/uploads\/2025\/10\/Top-Quality-Windowed-Boxes-Wholesale-Pastry-Package-Paper-Box-with-Customized-Logo-1-12x12.webp 12w, https:\/\/www.yishengpack.com\/wp-content\/uploads\/2025\/10\/Top-Quality-Windowed-Boxes-Wholesale-Pastry-Package-Paper-Box-with-Customized-Logo-1-1200x1200.webp 1200w, https:\/\/www.yishengpack.com\/wp-content\/uploads\/2025\/10\/Top-Quality-Windowed-Boxes-Wholesale-Pastry-Package-Paper-Box-with-Customized-Logo-1-600x600.webp 600w, https:\/\/www.yishengpack.com\/wp-content\/uploads\/2025\/10\/Top-Quality-Windowed-Boxes-Wholesale-Pastry-Package-Paper-Box-with-Customized-Logo-1-100x100.webp 100w\" sizes=\"(max-width: 2048px) 100vw, 2048px\" \/><\/figure>\n\n\n\n<div class=\"wp-block-buttons has-custom-font-size has-small-font-size is-content-justification-center is-layout-flex wp-container-core-buttons-is-layout-16018d1d wp-block-buttons-is-layout-flex\">\n<div class=\"wp-block-button has-custom-width wp-block-button__width-75\"><a class=\"wp-block-button__link has-background has-small-font-size has-custom-font-size wp-element-button\" href=\"https:\/\/www.yishengpack.com\/fr\/custom-printed-box\/\" style=\"background:linear-gradient(135deg,rgb(254,205,165) 0%,rgb(254,45,45) 0%,rgb(94,15,15) 0%,rgb(94,15,15) 100%)\" target=\"_blank\" rel=\"noreferrer noopener\"><strong>D\u00e9couvrez les bo\u00eetes imprim\u00e9es personnalis\u00e9es<\/strong><\/a><\/div>\n<\/div>\n<\/div>\n\n\n\n<div class=\"wp-block-column is-layout-flow wp-block-column-is-layout-flow\">\n<figure class=\"wp-block-image size-full\"><img decoding=\"async\" width=\"2048\" height=\"2048\" src=\"https:\/\/www.yishengpack.com\/wp-content\/uploads\/2025\/10\/Top-Quality-Windowed-Boxes-Wholesale-Pastry-Package-Paper-Box-with-Customized-Logo-4.webp\" alt=\"top-quality-window-boxes-wholesale-custom-bakery-packaging-4\" class=\"wp-image-2292\" srcset=\"https:\/\/www.yishengpack.com\/wp-content\/uploads\/2025\/10\/Top-Quality-Windowed-Boxes-Wholesale-Pastry-Package-Paper-Box-with-Customized-Logo-4.webp 2048w, https:\/\/www.yishengpack.com\/wp-content\/uploads\/2025\/10\/Top-Quality-Windowed-Boxes-Wholesale-Pastry-Package-Paper-Box-with-Customized-Logo-4-300x300.webp 300w, https:\/\/www.yishengpack.com\/wp-content\/uploads\/2025\/10\/Top-Quality-Windowed-Boxes-Wholesale-Pastry-Package-Paper-Box-with-Customized-Logo-4-150x150.webp 150w, https:\/\/www.yishengpack.com\/wp-content\/uploads\/2025\/10\/Top-Quality-Windowed-Boxes-Wholesale-Pastry-Package-Paper-Box-with-Customized-Logo-4-768x768.webp 768w, https:\/\/www.yishengpack.com\/wp-content\/uploads\/2025\/10\/Top-Quality-Windowed-Boxes-Wholesale-Pastry-Package-Paper-Box-with-Customized-Logo-4-12x12.webp 12w, https:\/\/www.yishengpack.com\/wp-content\/uploads\/2025\/10\/Top-Quality-Windowed-Boxes-Wholesale-Pastry-Package-Paper-Box-with-Customized-Logo-4-1200x1200.webp 1200w, https:\/\/www.yishengpack.com\/wp-content\/uploads\/2025\/10\/Top-Quality-Windowed-Boxes-Wholesale-Pastry-Package-Paper-Box-with-Customized-Logo-4-600x600.webp 600w, https:\/\/www.yishengpack.com\/wp-content\/uploads\/2025\/10\/Top-Quality-Windowed-Boxes-Wholesale-Pastry-Package-Paper-Box-with-Customized-Logo-4-100x100.webp 100w\" sizes=\"(max-width: 2048px) 100vw, 2048px\" \/><\/figure>\n\n\n\n<div class=\"wp-block-buttons has-custom-font-size has-small-font-size is-content-justification-center is-layout-flex wp-container-core-buttons-is-layout-16018d1d wp-block-buttons-is-layout-flex\">\n<div class=\"wp-block-button has-custom-width wp-block-button__width-75\"><a class=\"wp-block-button__link has-background has-small-font-size has-custom-font-size wp-element-button\" href=\"https:\/\/www.yishengpack.com\/fr\/custom-product-boxes-types\/\" style=\"background:linear-gradient(135deg,rgb(254,205,165) 0%,rgb(254,45,45) 0%,rgb(94,15,15) 0%,rgb(94,15,15) 100%)\" target=\"_blank\" rel=\"noreferrer noopener\"><strong>Explorer les types de bo\u00eetes de produits personnalis\u00e9es<\/strong><\/a><\/div>\n<\/div>\n<\/div>\n<\/div>\n\n\n\n<p><\/p>","protected":false},"excerpt":{"rendered":"<p>Nous vous invitons \u00e0 acheter en gros nos bo\u00eetes \u00e0 fen\u00eatre aux designs vari\u00e9s et charmants. L'usine fournit des emballages de boulangerie personnalis\u00e9s avec une fen\u00eatre transparente et un mat\u00e9riau de qualit\u00e9 alimentaire, ils allient attrait visuel et praticit\u00e9, parfaits pour emballer les macarons, les tartelettes aux \u0153ufs, les mini g\u00e2teaux, le pain, les mochi, les biscuits, et plus encore. De la taille, aux couleurs, en passant par le logo et la disposition interne, ils sont enti\u00e8rement personnalisables pour correspondre \u00e0 votre marque.<\/p>\n<h2>Points forts des jardini\u00e8res en gros<\/h2>\n<ul>\n<li>Personnalisation<\/li>\n<li>Mat\u00e9riaux de haute qualit\u00e9<\/li>\n<li>Impression sophistiqu\u00e9e<\/li>\n<li>Une fabrication durable<\/li>\n<li>Stockage pratique des aliments<\/li>\n<li>Plusieurs types de bo\u00eetes<\/li>\n<li>Diverses options de couleurs<\/li>\n<li>Pr\u00e9sentoir \u00e0 p\u00e2tisserie protecteur et pratique<\/li>\n<\/ul>\n<p>&nbsp;<\/p>\n<p>&nbsp;<\/p>","protected":false},"featured_media":2289,"comment_status":"closed","ping_status":"closed","template":"","meta":{"_acf_changed":false},"box-type":[55,58],"product_brand":[],"product_cat":[19,41,46,30,32,33,44],"product_tag":[],"class_list":{"0":"post-2288","1":"product","2":"type-product","3":"status-publish","4":"has-post-thumbnail","6":"box-type-custom-foldable-boxes","7":"box-type-custom-window-gift-box","8":"product_cat-luxury-gift-boxes-wholesale","9":"product_cat-candy-gift-boxes-wholesale","10":"product_cat-wholesale-paper-boxes","11":"product_cat-cake-containers-wholesale","12":"product_cat-bakery-packaging-wholesale","13":"product_cat-food-packaging-boxes-wholesale","14":"product_cat-custom-snack-box","16":"first","17":"instock","18":"shipping-taxable","19":"product-type-simple"},"acf":[],"_links":{"self":[{"href":"https:\/\/www.yishengpack.com\/fr\/wp-json\/wp\/v2\/product\/2288","targetHints":{"allow":["GET"]}}],"collection":[{"href":"https:\/\/www.yishengpack.com\/fr\/wp-json\/wp\/v2\/product"}],"about":[{"href":"https:\/\/www.yishengpack.com\/fr\/wp-json\/wp\/v2\/types\/product"}],"replies":[{"embeddable":true,"href":"https:\/\/www.yishengpack.com\/fr\/wp-json\/wp\/v2\/comments?post=2288"}],"wp:featuredmedia":[{"embeddable":true,"href":"https:\/\/www.yishengpack.com\/fr\/wp-json\/wp\/v2\/media\/2289"}],"wp:attachment":[{"href":"https:\/\/www.yishengpack.com\/fr\/wp-json\/wp\/v2\/media?parent=2288"}],"wp:term":[{"taxonomy":"box-type","embeddable":true,"href":"https:\/\/www.yishengpack.com\/fr\/wp-json\/wp\/v2\/box-type?post=2288"},{"taxonomy":"product_brand","embeddable":true,"href":"https:\/\/www.yishengpack.com\/fr\/wp-json\/wp\/v2\/product_brand?post=2288"},{"taxonomy":"product_cat","embeddable":true,"href":"https:\/\/www.yishengpack.com\/fr\/wp-json\/wp\/v2\/product_cat?post=2288"},{"taxonomy":"product_tag","embeddable":true,"href":"https:\/\/www.yishengpack.com\/fr\/wp-json\/wp\/v2\/product_tag?post=2288"}],"curies":[{"name":"wp","href":"https:\/\/api.w.org\/{rel}","templated":true}]}}