{"id":2278,"date":"2025-11-07T08:16:15","date_gmt":"2025-11-07T08:16:15","guid":{"rendered":"https:\/\/www.yishengpack.com\/?post_type=product&#038;p=2278"},"modified":"2025-11-09T06:41:07","modified_gmt":"2025-11-09T06:41:07","slug":"bulk-shipping-boxes","status":"publish","type":"product","link":"https:\/\/www.yishengpack.com\/fr\/produit\/bulk-shipping-boxes\/","title":{"rendered":"Bo\u00eetes d'exp\u00e9dition en vrac, bo\u00eetes postales en carton ondul\u00e9 sur mesure"},"content":{"rendered":"<div class=\"wp-block-columns is-layout-flex wp-container-core-columns-is-layout-9d6595d7 wp-block-columns-is-layout-flex\">\n<div class=\"wp-block-column is-layout-flow wp-block-column-is-layout-flow\">\n<h3 class=\"wp-block-heading\">Caract\u00e9ristiques des bo\u00eetes d'exp\u00e9dition en vrac<\/h3>\n\n\n\n<p><strong>Structure facile \u00e0 assembler : <\/strong>Les bo\u00eetes d'exp\u00e9dition en vrac pr\u00e9sentent une structure facile \u00e0 assembler, ce qui permet d'\u00e9conomiser beaucoup d'espace de stockage et d'exp\u00e9dition et de r\u00e9duire les co\u00fbts logistiques. Elles sont id\u00e9ales pour les entreprises qui exp\u00e9dient en vrac des v\u00eatements, des textiles de maison et des produits de beaut\u00e9.<\/p>\n\n\n\n<p><strong>Solide pour la protection des articles :<\/strong> Fabriqu\u00e9es en carton solide, ces bo\u00eetes d'exp\u00e9dition en vrac sont durables et offrent une protection fiable pour les v\u00eatements, les cosm\u00e9tiques, les soins de la peau et d'autres articles, garantissant qu'ils resteront intacts pendant toute la dur\u00e9e de la transition.<\/p>\n\n\n\n<p><strong>Options de couleurs vives : <\/strong>Les bo\u00eetes d'exp\u00e9dition en carton ondul\u00e9 personnalis\u00e9es peuvent \u00eatre disponibles dans des couleurs vives. Des couleurs telles que le corail, le vert et la lavande rendent la bo\u00eete agr\u00e9able \u00e0 regarder, adapt\u00e9e \u00e0 l'image de marque et \u00e0 l'exp\u00e9rience de d\u00e9ballage.<\/p>\n\n\n\n<p><strong>Enti\u00e8rement personnalisable pour l'image de marque :<\/strong> Les bo\u00eetes d'exp\u00e9dition en vrac peuvent \u00eatre enti\u00e8rement personnalis\u00e9es, ce qui permet de changer la taille, d'imprimer des logos ou des motifs de marque et de s\u00e9lectionner des finitions de surface qui r\u00e9pondent aux besoins uniques des marques de mode, de textile d'int\u00e9rieur et de beaut\u00e9.<\/p>\n<\/div>\n\n\n\n<div class=\"wp-block-column is-layout-flow wp-block-column-is-layout-flow\">\n<figure class=\"wp-block-image size-full\"><img decoding=\"async\" width=\"2048\" height=\"2048\" src=\"https:\/\/www.yishengpack.com\/wp-content\/uploads\/2025\/10\/Personalized-Custom-Shipping-Boxes-Wholesale-Corrugated-Mailing-Box-with-Logo-2.webp\" alt=\"factory-bulk-shipping-boxes-custom-corrugated-mailing-boxes-2\" class=\"wp-image-2280\" srcset=\"https:\/\/www.yishengpack.com\/wp-content\/uploads\/2025\/10\/Personalized-Custom-Shipping-Boxes-Wholesale-Corrugated-Mailing-Box-with-Logo-2.webp 2048w, https:\/\/www.yishengpack.com\/wp-content\/uploads\/2025\/10\/Personalized-Custom-Shipping-Boxes-Wholesale-Corrugated-Mailing-Box-with-Logo-2-300x300.webp 300w, https:\/\/www.yishengpack.com\/wp-content\/uploads\/2025\/10\/Personalized-Custom-Shipping-Boxes-Wholesale-Corrugated-Mailing-Box-with-Logo-2-150x150.webp 150w, https:\/\/www.yishengpack.com\/wp-content\/uploads\/2025\/10\/Personalized-Custom-Shipping-Boxes-Wholesale-Corrugated-Mailing-Box-with-Logo-2-768x768.webp 768w, https:\/\/www.yishengpack.com\/wp-content\/uploads\/2025\/10\/Personalized-Custom-Shipping-Boxes-Wholesale-Corrugated-Mailing-Box-with-Logo-2-12x12.webp 12w, https:\/\/www.yishengpack.com\/wp-content\/uploads\/2025\/10\/Personalized-Custom-Shipping-Boxes-Wholesale-Corrugated-Mailing-Box-with-Logo-2-1200x1200.webp 1200w, https:\/\/www.yishengpack.com\/wp-content\/uploads\/2025\/10\/Personalized-Custom-Shipping-Boxes-Wholesale-Corrugated-Mailing-Box-with-Logo-2-600x600.webp 600w, https:\/\/www.yishengpack.com\/wp-content\/uploads\/2025\/10\/Personalized-Custom-Shipping-Boxes-Wholesale-Corrugated-Mailing-Box-with-Logo-2-100x100.webp 100w\" sizes=\"(max-width: 2048px) 100vw, 2048px\" \/><\/figure>\n<\/div>\n<\/div>\n\n\n\n<div class=\"wp-block-columns is-layout-flex wp-container-core-columns-is-layout-9d6595d7 wp-block-columns-is-layout-flex\">\n<div class=\"wp-block-column is-layout-flow wp-block-column-is-layout-flow\">\n<figure class=\"wp-block-image size-full\"><img decoding=\"async\" width=\"2048\" height=\"2048\" src=\"https:\/\/www.yishengpack.com\/wp-content\/uploads\/2025\/10\/Personalized-Custom-Shipping-Boxes-Wholesale-Corrugated-Mailing-Box-with-Logo-4.webp\" alt=\"factory-bulk-shipping-boxes-custom-corrugated-mailing-boxes-4\" class=\"wp-image-2282\" srcset=\"https:\/\/www.yishengpack.com\/wp-content\/uploads\/2025\/10\/Personalized-Custom-Shipping-Boxes-Wholesale-Corrugated-Mailing-Box-with-Logo-4.webp 2048w, https:\/\/www.yishengpack.com\/wp-content\/uploads\/2025\/10\/Personalized-Custom-Shipping-Boxes-Wholesale-Corrugated-Mailing-Box-with-Logo-4-300x300.webp 300w, https:\/\/www.yishengpack.com\/wp-content\/uploads\/2025\/10\/Personalized-Custom-Shipping-Boxes-Wholesale-Corrugated-Mailing-Box-with-Logo-4-150x150.webp 150w, https:\/\/www.yishengpack.com\/wp-content\/uploads\/2025\/10\/Personalized-Custom-Shipping-Boxes-Wholesale-Corrugated-Mailing-Box-with-Logo-4-768x768.webp 768w, https:\/\/www.yishengpack.com\/wp-content\/uploads\/2025\/10\/Personalized-Custom-Shipping-Boxes-Wholesale-Corrugated-Mailing-Box-with-Logo-4-12x12.webp 12w, https:\/\/www.yishengpack.com\/wp-content\/uploads\/2025\/10\/Personalized-Custom-Shipping-Boxes-Wholesale-Corrugated-Mailing-Box-with-Logo-4-1200x1200.webp 1200w, https:\/\/www.yishengpack.com\/wp-content\/uploads\/2025\/10\/Personalized-Custom-Shipping-Boxes-Wholesale-Corrugated-Mailing-Box-with-Logo-4-600x600.webp 600w, https:\/\/www.yishengpack.com\/wp-content\/uploads\/2025\/10\/Personalized-Custom-Shipping-Boxes-Wholesale-Corrugated-Mailing-Box-with-Logo-4-100x100.webp 100w\" sizes=\"(max-width: 2048px) 100vw, 2048px\" \/><\/figure>\n\n\n\n<div class=\"wp-block-buttons has-custom-font-size has-small-font-size is-content-justification-center is-layout-flex wp-container-core-buttons-is-layout-16018d1d wp-block-buttons-is-layout-flex\">\n<div class=\"wp-block-button has-custom-width wp-block-button__width-75\"><a class=\"wp-block-button__link has-background has-small-font-size has-custom-font-size wp-element-button\" href=\"https:\/\/www.yishengpack.com\/fr\/custom-printed-box\/\" style=\"background:linear-gradient(135deg,rgb(254,205,165) 0%,rgb(254,45,45) 0%,rgb(94,15,15) 0%,rgb(94,15,15) 100%)\" target=\"_blank\" rel=\"noreferrer noopener\"><strong>D\u00e9couvrez les bo\u00eetes imprim\u00e9es personnalis\u00e9es<\/strong><\/a><\/div>\n<\/div>\n<\/div>\n\n\n\n<div class=\"wp-block-column is-layout-flow wp-block-column-is-layout-flow\">\n<figure class=\"wp-block-image size-full\"><img decoding=\"async\" width=\"2048\" height=\"2048\" src=\"https:\/\/www.yishengpack.com\/wp-content\/uploads\/2025\/10\/Personalized-Custom-Shipping-Boxes-Wholesale-Corrugated-Mailing-Box-with-Logo-6.webp\" alt=\"factory-bulk-shipping-boxes-custom-corrugated-mailing-boxes-6\" class=\"wp-image-2284\" srcset=\"https:\/\/www.yishengpack.com\/wp-content\/uploads\/2025\/10\/Personalized-Custom-Shipping-Boxes-Wholesale-Corrugated-Mailing-Box-with-Logo-6.webp 2048w, https:\/\/www.yishengpack.com\/wp-content\/uploads\/2025\/10\/Personalized-Custom-Shipping-Boxes-Wholesale-Corrugated-Mailing-Box-with-Logo-6-300x300.webp 300w, https:\/\/www.yishengpack.com\/wp-content\/uploads\/2025\/10\/Personalized-Custom-Shipping-Boxes-Wholesale-Corrugated-Mailing-Box-with-Logo-6-150x150.webp 150w, https:\/\/www.yishengpack.com\/wp-content\/uploads\/2025\/10\/Personalized-Custom-Shipping-Boxes-Wholesale-Corrugated-Mailing-Box-with-Logo-6-768x768.webp 768w, https:\/\/www.yishengpack.com\/wp-content\/uploads\/2025\/10\/Personalized-Custom-Shipping-Boxes-Wholesale-Corrugated-Mailing-Box-with-Logo-6-12x12.webp 12w, https:\/\/www.yishengpack.com\/wp-content\/uploads\/2025\/10\/Personalized-Custom-Shipping-Boxes-Wholesale-Corrugated-Mailing-Box-with-Logo-6-1200x1200.webp 1200w, https:\/\/www.yishengpack.com\/wp-content\/uploads\/2025\/10\/Personalized-Custom-Shipping-Boxes-Wholesale-Corrugated-Mailing-Box-with-Logo-6-600x600.webp 600w, https:\/\/www.yishengpack.com\/wp-content\/uploads\/2025\/10\/Personalized-Custom-Shipping-Boxes-Wholesale-Corrugated-Mailing-Box-with-Logo-6-100x100.webp 100w\" sizes=\"(max-width: 2048px) 100vw, 2048px\" \/><\/figure>\n\n\n\n<div class=\"wp-block-buttons has-custom-font-size has-small-font-size is-content-justification-center is-layout-flex wp-container-core-buttons-is-layout-16018d1d wp-block-buttons-is-layout-flex\">\n<div class=\"wp-block-button has-custom-width wp-block-button__width-75\"><a class=\"wp-block-button__link has-background has-small-font-size has-custom-font-size wp-element-button\" href=\"https:\/\/www.yishengpack.com\/fr\/custom-box-inserts-accessories\/\" style=\"background:linear-gradient(135deg,rgb(254,205,165) 0%,rgb(254,45,45) 0%,rgb(94,15,15) 0%)\" target=\"_blank\" rel=\"noreferrer noopener\"><strong>D\u00e9couvrez les encarts personnalis\u00e9s<\/strong><\/a><\/div>\n<\/div>\n<\/div>\n<\/div>","protected":false},"excerpt":{"rendered":"<p>Nous vous invitons \u00e0 acheter nos bo\u00eetes d'exp\u00e9dition en vrac. Ces bo\u00eetes d'exp\u00e9dition en carton ondul\u00e9 personnalis\u00e9es sont fabriqu\u00e9es \u00e0 partir de carton durable et respectueux de l'environnement, avec une protection multicouche pour une exp\u00e9dition en vrac en toute s\u00e9curit\u00e9. Elles conviennent \u00e0 l'emballage de v\u00eatements, de pantalons, de draps de lit, de couettes, de taies d'oreiller, de produits cosm\u00e9tiques, etc. Elles permettent l'impression de logos et de formats personnalis\u00e9s, ce qui en fait une solution fiable et professionnelle pour les commandes en nombre.<\/p>\n<h2>Points forts des bo\u00eetes d'exp\u00e9dition en vrac<\/h2>\n<ul>\n<li>Une fabrication durable<\/li>\n<li>Possibilit\u00e9 de personnalisation compl\u00e8te<\/li>\n<li>Mat\u00e9riaux de premi\u00e8re qualit\u00e9<\/li>\n<li>Diverses manipulations d'impression<\/li>\n<li>Diff\u00e9rentes tailles de bo\u00eetes<\/li>\n<li>Couleurs multiples<\/li>\n<li>Construction robuste<\/li>\n<li>Insertion personnalis\u00e9e<\/li>\n<\/ul>","protected":false},"featured_media":2279,"comment_status":"closed","ping_status":"closed","template":"","meta":{"_acf_changed":false},"box-type":[55,59,57],"product_brand":[],"product_cat":[40,19,66,65,39,69,67],"product_tag":[],"class_list":{"0":"post-2278","1":"product","2":"type-product","3":"status-publish","4":"has-post-thumbnail","6":"box-type-custom-foldable-boxes","7":"box-type-custom-mailer-boxes","8":"box-type-custom-rigid-box-with-lid","9":"product_cat-custom-jewelry-boxes","10":"product_cat-luxury-gift-boxes-wholesale","11":"product_cat-custom-apparel-boxes","12":"product_cat-custom-cosmetic-boxes","13":"product_cat-custom-perfume-boxes","14":"product_cat-custom-retail-boxes","15":"product_cat-custom-shipping-boxes","17":"first","18":"instock","19":"shipping-taxable","20":"product-type-simple"},"acf":[],"_links":{"self":[{"href":"https:\/\/www.yishengpack.com\/fr\/wp-json\/wp\/v2\/product\/2278","targetHints":{"allow":["GET"]}}],"collection":[{"href":"https:\/\/www.yishengpack.com\/fr\/wp-json\/wp\/v2\/product"}],"about":[{"href":"https:\/\/www.yishengpack.com\/fr\/wp-json\/wp\/v2\/types\/product"}],"replies":[{"embeddable":true,"href":"https:\/\/www.yishengpack.com\/fr\/wp-json\/wp\/v2\/comments?post=2278"}],"wp:featuredmedia":[{"embeddable":true,"href":"https:\/\/www.yishengpack.com\/fr\/wp-json\/wp\/v2\/media\/2279"}],"wp:attachment":[{"href":"https:\/\/www.yishengpack.com\/fr\/wp-json\/wp\/v2\/media?parent=2278"}],"wp:term":[{"taxonomy":"box-type","embeddable":true,"href":"https:\/\/www.yishengpack.com\/fr\/wp-json\/wp\/v2\/box-type?post=2278"},{"taxonomy":"product_brand","embeddable":true,"href":"https:\/\/www.yishengpack.com\/fr\/wp-json\/wp\/v2\/product_brand?post=2278"},{"taxonomy":"product_cat","embeddable":true,"href":"https:\/\/www.yishengpack.com\/fr\/wp-json\/wp\/v2\/product_cat?post=2278"},{"taxonomy":"product_tag","embeddable":true,"href":"https:\/\/www.yishengpack.com\/fr\/wp-json\/wp\/v2\/product_tag?post=2278"}],"curies":[{"name":"wp","href":"https:\/\/api.w.org\/{rel}","templated":true}]}}