{"id":2270,"date":"2025-11-03T10:30:46","date_gmt":"2025-11-03T10:30:46","guid":{"rendered":"https:\/\/www.yishengpack.com\/?post_type=product&#038;p=2270"},"modified":"2025-11-03T10:30:47","modified_gmt":"2025-11-03T10:30:47","slug":"custom-printed-jewelry-boxes","status":"publish","type":"product","link":"https:\/\/www.yishengpack.com\/fr\/produit\/custom-printed-jewelry-boxes\/","title":{"rendered":"Bo\u00eetes \u00e0 bijoux imprim\u00e9es sur mesure, Bo\u00eetes cadeaux rigides pour montres Wholesale"},"content":{"rendered":"<div class=\"wp-block-columns is-layout-flex wp-container-core-columns-is-layout-9d6595d7 wp-block-columns-is-layout-flex\">\n<div class=\"wp-block-column is-layout-flow wp-block-column-is-layout-flow\">\n<h3 class=\"wp-block-heading\">Caract\u00e9ristiques des bo\u00eetes \u00e0 bijoux imprim\u00e9es sur mesure<\/h3>\n\n\n\n<p><strong>Utiliser la fermeture magn\u00e9tique pour un stockage propre :<\/strong> Les bo\u00eetes \u00e0 bijoux promotionnelles et imprim\u00e9es personnalis\u00e9es sont dot\u00e9es d'une fermeture magn\u00e9tique, ce qui vous assure une fermeture douce et s\u00fbre ! Cette bo\u00eete \u00e0 fermeture magn\u00e9tique est parfaite pour les bijoux, les cosm\u00e9tiques et les accessoires de mode, afin de tout garder organis\u00e9 et propre.<\/p>\n\n\n\n<p><strong>Insertions personnalis\u00e9es pour un rangement ordonn\u00e9 :<\/strong> Cette bo\u00eete de rangement magn\u00e9tique de gros est disponible avec des inserts personnalis\u00e9s pour que les bijoux et les accessoires de mode aient leur propre place avec un syst\u00e8me d'organisation propre.<\/p>\n\n\n\n<p><strong>Construction robuste pour une utilisation durable : <\/strong>Ces bo\u00eetes \u00e0 bijoux imprim\u00e9es personnalis\u00e9es sont fabriqu\u00e9es avec des mat\u00e9riaux robustes, la bo\u00eete de rangement magn\u00e9tique est durable. Elle offre une protection fiable pour les bijoux et les accessoires de mode, garantissant qu'ils restent en bon \u00e9tat au fil du temps.<\/p>\n\n\n\n<p><strong>Un design tendance pour une pr\u00e9sentation tendance : <\/strong>Les bo\u00eetes cadeaux pour montres en gros sont disponibles avec des designs tendance. Qu'ils soient m\u00e9talliques, de couleur pastel ou avec des motifs \u00e9l\u00e9gants, vous pouvez faire en sorte que votre bo\u00eete attire l'attention pour pr\u00e9senter vos bijoux et vos produits cosm\u00e9tiques avec style.<\/p>\n\n\n\n<p><strong>Enti\u00e8rement personnalisable : <\/strong>Ces bo\u00eetes \u00e0 bijoux imprim\u00e9es personnalis\u00e9es vous permettent de modifier tous les aspects de votre bo\u00eete, qu'il s'agisse des dimensions, des couleurs, des logos ou des dessins artistiques, ou encore du choix de la finition de la surface, le tout adapt\u00e9 \u00e0 vos besoins individuels de stockage et d'exposition de bijoux, de cosm\u00e9tiques et d'accessoires de mode.<\/p>\n<\/div>\n\n\n\n<div class=\"wp-block-column is-layout-flow wp-block-column-is-layout-flow\">\n<figure class=\"wp-block-image size-full\"><img decoding=\"async\" width=\"2048\" height=\"2048\" src=\"https:\/\/www.yishengpack.com\/wp-content\/uploads\/2025\/10\/High-End-Custom-Rigid-Magnetic-Closure-Storage-Boxes-Jewelry-Watch-Gift-Boxes-with-Logo-Wholesale-2.webp\" alt=\"bo\u00eetes \u00e0 bijoux imprim\u00e9es personnalis\u00e9es-bo\u00eetes \u00e0 cadeaux pour montres rigides-wholesale-2\" class=\"wp-image-2272\" srcset=\"https:\/\/www.yishengpack.com\/wp-content\/uploads\/2025\/10\/High-End-Custom-Rigid-Magnetic-Closure-Storage-Boxes-Jewelry-Watch-Gift-Boxes-with-Logo-Wholesale-2.webp 2048w, https:\/\/www.yishengpack.com\/wp-content\/uploads\/2025\/10\/High-End-Custom-Rigid-Magnetic-Closure-Storage-Boxes-Jewelry-Watch-Gift-Boxes-with-Logo-Wholesale-2-300x300.webp 300w, https:\/\/www.yishengpack.com\/wp-content\/uploads\/2025\/10\/High-End-Custom-Rigid-Magnetic-Closure-Storage-Boxes-Jewelry-Watch-Gift-Boxes-with-Logo-Wholesale-2-150x150.webp 150w, https:\/\/www.yishengpack.com\/wp-content\/uploads\/2025\/10\/High-End-Custom-Rigid-Magnetic-Closure-Storage-Boxes-Jewelry-Watch-Gift-Boxes-with-Logo-Wholesale-2-768x768.webp 768w, https:\/\/www.yishengpack.com\/wp-content\/uploads\/2025\/10\/High-End-Custom-Rigid-Magnetic-Closure-Storage-Boxes-Jewelry-Watch-Gift-Boxes-with-Logo-Wholesale-2-12x12.webp 12w, https:\/\/www.yishengpack.com\/wp-content\/uploads\/2025\/10\/High-End-Custom-Rigid-Magnetic-Closure-Storage-Boxes-Jewelry-Watch-Gift-Boxes-with-Logo-Wholesale-2-1200x1200.webp 1200w, https:\/\/www.yishengpack.com\/wp-content\/uploads\/2025\/10\/High-End-Custom-Rigid-Magnetic-Closure-Storage-Boxes-Jewelry-Watch-Gift-Boxes-with-Logo-Wholesale-2-600x600.webp 600w, https:\/\/www.yishengpack.com\/wp-content\/uploads\/2025\/10\/High-End-Custom-Rigid-Magnetic-Closure-Storage-Boxes-Jewelry-Watch-Gift-Boxes-with-Logo-Wholesale-2-100x100.webp 100w\" sizes=\"(max-width: 2048px) 100vw, 2048px\" \/><\/figure>\n<\/div>\n<\/div>\n\n\n\n<div class=\"wp-block-columns is-layout-flex wp-container-core-columns-is-layout-9d6595d7 wp-block-columns-is-layout-flex\">\n<div class=\"wp-block-column is-layout-flow wp-block-column-is-layout-flow\">\n<figure class=\"wp-block-image size-full\"><img decoding=\"async\" width=\"2048\" height=\"2048\" src=\"https:\/\/www.yishengpack.com\/wp-content\/uploads\/2025\/10\/High-End-Custom-Rigid-Magnetic-Closure-Storage-Boxes-Jewelry-Watch-Gift-Boxes-with-Logo-Wholesale-3.webp\" alt=\"bo\u00eetes \u00e0 bijoux imprim\u00e9es personnalis\u00e9es-bo\u00eetes \u00e0 cadeaux pour montres rigides-bo\u00eetes \u00e0 cadeaux pour grossistes-3\" class=\"wp-image-2273\" srcset=\"https:\/\/www.yishengpack.com\/wp-content\/uploads\/2025\/10\/High-End-Custom-Rigid-Magnetic-Closure-Storage-Boxes-Jewelry-Watch-Gift-Boxes-with-Logo-Wholesale-3.webp 2048w, https:\/\/www.yishengpack.com\/wp-content\/uploads\/2025\/10\/High-End-Custom-Rigid-Magnetic-Closure-Storage-Boxes-Jewelry-Watch-Gift-Boxes-with-Logo-Wholesale-3-300x300.webp 300w, https:\/\/www.yishengpack.com\/wp-content\/uploads\/2025\/10\/High-End-Custom-Rigid-Magnetic-Closure-Storage-Boxes-Jewelry-Watch-Gift-Boxes-with-Logo-Wholesale-3-150x150.webp 150w, https:\/\/www.yishengpack.com\/wp-content\/uploads\/2025\/10\/High-End-Custom-Rigid-Magnetic-Closure-Storage-Boxes-Jewelry-Watch-Gift-Boxes-with-Logo-Wholesale-3-768x768.webp 768w, https:\/\/www.yishengpack.com\/wp-content\/uploads\/2025\/10\/High-End-Custom-Rigid-Magnetic-Closure-Storage-Boxes-Jewelry-Watch-Gift-Boxes-with-Logo-Wholesale-3-12x12.webp 12w, https:\/\/www.yishengpack.com\/wp-content\/uploads\/2025\/10\/High-End-Custom-Rigid-Magnetic-Closure-Storage-Boxes-Jewelry-Watch-Gift-Boxes-with-Logo-Wholesale-3-1200x1200.webp 1200w, https:\/\/www.yishengpack.com\/wp-content\/uploads\/2025\/10\/High-End-Custom-Rigid-Magnetic-Closure-Storage-Boxes-Jewelry-Watch-Gift-Boxes-with-Logo-Wholesale-3-600x600.webp 600w, https:\/\/www.yishengpack.com\/wp-content\/uploads\/2025\/10\/High-End-Custom-Rigid-Magnetic-Closure-Storage-Boxes-Jewelry-Watch-Gift-Boxes-with-Logo-Wholesale-3-100x100.webp 100w\" sizes=\"(max-width: 2048px) 100vw, 2048px\" \/><\/figure>\n\n\n\n<div class=\"wp-block-buttons has-custom-font-size has-small-font-size is-content-justification-center is-layout-flex wp-container-core-buttons-is-layout-16018d1d wp-block-buttons-is-layout-flex\">\n<div class=\"wp-block-button has-custom-width wp-block-button__width-75\"><a class=\"wp-block-button__link has-background has-small-font-size has-custom-font-size wp-element-button\" href=\"https:\/\/www.yishengpack.com\/fr\/custom-printed-box\/\" style=\"background:linear-gradient(135deg,rgb(254,205,165) 0%,rgb(254,45,45) 0%,rgb(94,15,15) 0%,rgb(94,15,15) 100%)\" target=\"_blank\" rel=\"noreferrer noopener\"><strong>D\u00e9couvrez les bo\u00eetes imprim\u00e9es personnalis\u00e9es<\/strong><\/a><\/div>\n<\/div>\n<\/div>\n\n\n\n<div class=\"wp-block-column is-layout-flow wp-block-column-is-layout-flow\">\n<figure class=\"wp-block-image size-full\"><img decoding=\"async\" width=\"2048\" height=\"2048\" src=\"https:\/\/www.yishengpack.com\/wp-content\/uploads\/2025\/10\/High-End-Custom-Rigid-Magnetic-Closure-Storage-Boxes-Jewelry-Watch-Gift-Boxes-with-Logo-Wholesale-4.webp\" alt=\"bo\u00eetes \u00e0 bijoux imprim\u00e9es personnalis\u00e9es-bo\u00eetes \u00e0 cadeaux pour montres rigides-wholesale-4\" class=\"wp-image-2274\" srcset=\"https:\/\/www.yishengpack.com\/wp-content\/uploads\/2025\/10\/High-End-Custom-Rigid-Magnetic-Closure-Storage-Boxes-Jewelry-Watch-Gift-Boxes-with-Logo-Wholesale-4.webp 2048w, https:\/\/www.yishengpack.com\/wp-content\/uploads\/2025\/10\/High-End-Custom-Rigid-Magnetic-Closure-Storage-Boxes-Jewelry-Watch-Gift-Boxes-with-Logo-Wholesale-4-300x300.webp 300w, https:\/\/www.yishengpack.com\/wp-content\/uploads\/2025\/10\/High-End-Custom-Rigid-Magnetic-Closure-Storage-Boxes-Jewelry-Watch-Gift-Boxes-with-Logo-Wholesale-4-150x150.webp 150w, https:\/\/www.yishengpack.com\/wp-content\/uploads\/2025\/10\/High-End-Custom-Rigid-Magnetic-Closure-Storage-Boxes-Jewelry-Watch-Gift-Boxes-with-Logo-Wholesale-4-768x768.webp 768w, https:\/\/www.yishengpack.com\/wp-content\/uploads\/2025\/10\/High-End-Custom-Rigid-Magnetic-Closure-Storage-Boxes-Jewelry-Watch-Gift-Boxes-with-Logo-Wholesale-4-12x12.webp 12w, https:\/\/www.yishengpack.com\/wp-content\/uploads\/2025\/10\/High-End-Custom-Rigid-Magnetic-Closure-Storage-Boxes-Jewelry-Watch-Gift-Boxes-with-Logo-Wholesale-4-1200x1200.webp 1200w, https:\/\/www.yishengpack.com\/wp-content\/uploads\/2025\/10\/High-End-Custom-Rigid-Magnetic-Closure-Storage-Boxes-Jewelry-Watch-Gift-Boxes-with-Logo-Wholesale-4-600x600.webp 600w, https:\/\/www.yishengpack.com\/wp-content\/uploads\/2025\/10\/High-End-Custom-Rigid-Magnetic-Closure-Storage-Boxes-Jewelry-Watch-Gift-Boxes-with-Logo-Wholesale-4-100x100.webp 100w\" sizes=\"(max-width: 2048px) 100vw, 2048px\" \/><\/figure>\n\n\n\n<div class=\"wp-block-buttons is-content-justification-center is-layout-flex wp-container-core-buttons-is-layout-16018d1d wp-block-buttons-is-layout-flex\">\n<div class=\"wp-block-button has-custom-width wp-block-button__width-75\"><a class=\"wp-block-button__link has-background has-small-font-size has-custom-font-size wp-element-button\" href=\"https:\/\/www.yishengpack.com\/fr\/custom-box-inserts-accessories\/\" style=\"background:linear-gradient(135deg,rgb(254,205,165) 0%,rgb(254,45,45) 0%,rgb(94,15,15) 0%)\" target=\"_blank\" rel=\"noreferrer noopener\"><strong>D\u00e9couvrez les encarts personnalis\u00e9s<\/strong><\/a><\/div>\n<\/div>\n<\/div>\n<\/div>\n\n\n\n<p><\/p>","protected":false},"excerpt":{"rendered":"<p>Nous vous invitons \u00e0 acheter nos bo\u00eetes \u00e0 bijoux imprim\u00e9es personnalis\u00e9es, dot\u00e9es d'une conception magn\u00e9tique transparente et d'une fabrication de qualit\u00e9 sup\u00e9rieure. Elles allient luxe et fonctionnalit\u00e9. De la taille aux couleurs, en passant par le logo et la disposition interne, elles sont enti\u00e8rement personnalisables pour correspondre \u00e0 votre marque. Laissez-nous vous aider \u00e0 mettre vos produits en valeur, de mani\u00e8re \u00e9l\u00e9gante et efficace.<\/p>\n<h2>Points forts des bo\u00eetes \u00e0 bijoux imprim\u00e9es sur mesure<\/h2>\n<ul>\n<li>Personnalisation haut de gamme<\/li>\n<li>Mat\u00e9riaux \u00e9cologiques<\/li>\n<li>Options d'impression \u00e9tendues<\/li>\n<li>Plusieurs tailles de bo\u00eetes<\/li>\n<li>Couleurs vives<\/li>\n<li>Stockage facile<\/li>\n<li>Construction robuste<\/li>\n<\/ul>\n<p>&nbsp;<\/p>\n<p>&nbsp;<\/p>","protected":false},"featured_media":2271,"comment_status":"closed","ping_status":"closed","template":"","meta":{"_acf_changed":false},"box-type":[54,57],"product_brand":[],"product_cat":[19,40,39],"product_tag":[],"class_list":{"0":"post-2270","1":"product","2":"type-product","3":"status-publish","4":"has-post-thumbnail","6":"box-type-custom-magnetic-closure-boxes","7":"box-type-custom-rigid-box-with-lid","8":"product_cat-luxury-gift-boxes-wholesale","9":"product_cat-custom-jewelry-boxes","10":"product_cat-custom-perfume-boxes","12":"first","13":"instock","14":"shipping-taxable","15":"product-type-simple"},"acf":[],"_links":{"self":[{"href":"https:\/\/www.yishengpack.com\/fr\/wp-json\/wp\/v2\/product\/2270","targetHints":{"allow":["GET"]}}],"collection":[{"href":"https:\/\/www.yishengpack.com\/fr\/wp-json\/wp\/v2\/product"}],"about":[{"href":"https:\/\/www.yishengpack.com\/fr\/wp-json\/wp\/v2\/types\/product"}],"replies":[{"embeddable":true,"href":"https:\/\/www.yishengpack.com\/fr\/wp-json\/wp\/v2\/comments?post=2270"}],"wp:featuredmedia":[{"embeddable":true,"href":"https:\/\/www.yishengpack.com\/fr\/wp-json\/wp\/v2\/media\/2271"}],"wp:attachment":[{"href":"https:\/\/www.yishengpack.com\/fr\/wp-json\/wp\/v2\/media?parent=2270"}],"wp:term":[{"taxonomy":"box-type","embeddable":true,"href":"https:\/\/www.yishengpack.com\/fr\/wp-json\/wp\/v2\/box-type?post=2270"},{"taxonomy":"product_brand","embeddable":true,"href":"https:\/\/www.yishengpack.com\/fr\/wp-json\/wp\/v2\/product_brand?post=2270"},{"taxonomy":"product_cat","embeddable":true,"href":"https:\/\/www.yishengpack.com\/fr\/wp-json\/wp\/v2\/product_cat?post=2270"},{"taxonomy":"product_tag","embeddable":true,"href":"https:\/\/www.yishengpack.com\/fr\/wp-json\/wp\/v2\/product_tag?post=2270"}],"curies":[{"name":"wp","href":"https:\/\/api.w.org\/{rel}","templated":true}]}}