{"id":2242,"date":"2025-10-24T03:06:55","date_gmt":"2025-10-24T03:06:55","guid":{"rendered":"https:\/\/www.yishengpack.com\/?post_type=product&#038;p=2242"},"modified":"2025-10-29T07:52:36","modified_gmt":"2025-10-29T07:52:36","slug":"custom-size-drawer-boxes","status":"publish","type":"product","link":"https:\/\/www.yishengpack.com\/fr\/produit\/custom-size-drawer-boxes\/","title":{"rendered":"Bo\u00eetes \u00e0 tiroirs exquises et personnalis\u00e9es, bo\u00eetes \u00e0 bonbons en gros"},"content":{"rendered":"<div class=\"wp-block-columns is-layout-flex wp-container-core-columns-is-layout-9d6595d7 wp-block-columns-is-layout-flex\">\n<div class=\"wp-block-column is-layout-flow wp-block-column-is-layout-flow\">\n<h3 class=\"wp-block-heading\">Caract\u00e9ristiques des bo\u00eetes \u00e0 tiroirs sur mesure<\/h3>\n\n\n\n<p><strong>Le tiroir se tire en douceur pour un d\u00e9ballage d\u00e9licieux :<\/strong> Les bo\u00eetes \u00e0 tiroirs sur mesure sont dot\u00e9es d'un syst\u00e8me de tirage en douceur. L'ouverture et la fermeture s'effectuent en douceur, ce qui offre une exp\u00e9rience de d\u00e9ballage agr\u00e9able, parfaite pour pr\u00e9senter des biscuits d\u00e9licats, des p\u00e2tisseries, des desserts et d'autres sucreries.<\/p>\n\n\n\n<p><strong>Compartiment int\u00e9rieur de s\u00e9curit\u00e9 alimentaire :<\/strong> Le compartiment int\u00e9rieur alimentaire est \u00e9galement disponible sur les bo\u00eetes \u00e0 tiroirs personnalis\u00e9es. Il est id\u00e9al pour conserver les biscuits d\u00e9licats, les p\u00e2tisseries, les desserts et autres sucreries frais et propres.<\/p>\n\n\n\n<p><strong>Peu encombrant et empilable :<\/strong> La bo\u00eete \u00e0 tiroirs en gros est peu encombrante et empilable. Elle permet d'\u00e9conomiser de l'espace de stockage et facilite le stockage et la gestion des paquets de p\u00e2tisseries, de desserts et de biscuits dans les boulangeries et les p\u00e2tisseries.<\/p>\n\n\n\n<p><strong>Options d'empilage \u00e9l\u00e9gantes :<\/strong> La bo\u00eete \u00e0 tiroirs en gros offre des options de conception empil\u00e9es \u00e9l\u00e9gantes. Des motifs et des dessins d\u00e9finissent les motifs, donnant \u00e0 la bo\u00eete un aspect visuellement attrayant, parfait pour l'emballage de diverses p\u00e2tisseries fragiles, de desserts et de biscuits.<\/p>\n\n\n\n<p><strong>Taille et structure personnalisables :<\/strong> Les bo\u00eetes \u00e0 tiroirs sur mesure permettent de personnaliser la taille, le rev\u00eatement, les compartiments et l'orientation des tiroirs en fonction des besoins du client, afin de r\u00e9pondre aux diff\u00e9rentes exigences en mati\u00e8re d'emballage et de pr\u00e9sentation des produits.<\/p>\n<\/div>\n\n\n\n<div class=\"wp-block-column is-layout-flow wp-block-column-is-layout-flow\">\n<figure class=\"wp-block-image size-full\"><img decoding=\"async\" width=\"2048\" height=\"2048\" src=\"https:\/\/www.yishengpack.com\/wp-content\/uploads\/2025\/10\/Wholesale-Exquisite-Drawer-style-Boxes-Paper-Box-Customized-for-Pastry-Dessert-Packaging-2.webp\" alt=\"exquisite-custom-size-drawer-boxes-wholesale-candy-gift-box-2\" class=\"wp-image-2244\" srcset=\"https:\/\/www.yishengpack.com\/wp-content\/uploads\/2025\/10\/Wholesale-Exquisite-Drawer-style-Boxes-Paper-Box-Customized-for-Pastry-Dessert-Packaging-2.webp 2048w, https:\/\/www.yishengpack.com\/wp-content\/uploads\/2025\/10\/Wholesale-Exquisite-Drawer-style-Boxes-Paper-Box-Customized-for-Pastry-Dessert-Packaging-2-300x300.webp 300w, https:\/\/www.yishengpack.com\/wp-content\/uploads\/2025\/10\/Wholesale-Exquisite-Drawer-style-Boxes-Paper-Box-Customized-for-Pastry-Dessert-Packaging-2-150x150.webp 150w, https:\/\/www.yishengpack.com\/wp-content\/uploads\/2025\/10\/Wholesale-Exquisite-Drawer-style-Boxes-Paper-Box-Customized-for-Pastry-Dessert-Packaging-2-768x768.webp 768w, https:\/\/www.yishengpack.com\/wp-content\/uploads\/2025\/10\/Wholesale-Exquisite-Drawer-style-Boxes-Paper-Box-Customized-for-Pastry-Dessert-Packaging-2-12x12.webp 12w, https:\/\/www.yishengpack.com\/wp-content\/uploads\/2025\/10\/Wholesale-Exquisite-Drawer-style-Boxes-Paper-Box-Customized-for-Pastry-Dessert-Packaging-2-1200x1200.webp 1200w, https:\/\/www.yishengpack.com\/wp-content\/uploads\/2025\/10\/Wholesale-Exquisite-Drawer-style-Boxes-Paper-Box-Customized-for-Pastry-Dessert-Packaging-2-600x600.webp 600w, https:\/\/www.yishengpack.com\/wp-content\/uploads\/2025\/10\/Wholesale-Exquisite-Drawer-style-Boxes-Paper-Box-Customized-for-Pastry-Dessert-Packaging-2-100x100.webp 100w\" sizes=\"(max-width: 2048px) 100vw, 2048px\" \/><\/figure>\n<\/div>\n<\/div>\n\n\n\n<div class=\"wp-block-columns is-layout-flex wp-container-core-columns-is-layout-9d6595d7 wp-block-columns-is-layout-flex\">\n<div class=\"wp-block-column is-layout-flow wp-block-column-is-layout-flow\">\n<figure class=\"wp-block-image size-full\"><img decoding=\"async\" width=\"2048\" height=\"2048\" src=\"https:\/\/www.yishengpack.com\/wp-content\/uploads\/2025\/10\/Wholesale-Exquisite-Drawer-style-Boxes-Paper-Box-Customized-for-Pastry-Dessert-Packaging-5.webp\" alt=\"exquisite-custom-size-drawer-boxes-wholesale-5\" class=\"wp-image-2247\" srcset=\"https:\/\/www.yishengpack.com\/wp-content\/uploads\/2025\/10\/Wholesale-Exquisite-Drawer-style-Boxes-Paper-Box-Customized-for-Pastry-Dessert-Packaging-5.webp 2048w, https:\/\/www.yishengpack.com\/wp-content\/uploads\/2025\/10\/Wholesale-Exquisite-Drawer-style-Boxes-Paper-Box-Customized-for-Pastry-Dessert-Packaging-5-300x300.webp 300w, https:\/\/www.yishengpack.com\/wp-content\/uploads\/2025\/10\/Wholesale-Exquisite-Drawer-style-Boxes-Paper-Box-Customized-for-Pastry-Dessert-Packaging-5-150x150.webp 150w, https:\/\/www.yishengpack.com\/wp-content\/uploads\/2025\/10\/Wholesale-Exquisite-Drawer-style-Boxes-Paper-Box-Customized-for-Pastry-Dessert-Packaging-5-768x768.webp 768w, https:\/\/www.yishengpack.com\/wp-content\/uploads\/2025\/10\/Wholesale-Exquisite-Drawer-style-Boxes-Paper-Box-Customized-for-Pastry-Dessert-Packaging-5-12x12.webp 12w, https:\/\/www.yishengpack.com\/wp-content\/uploads\/2025\/10\/Wholesale-Exquisite-Drawer-style-Boxes-Paper-Box-Customized-for-Pastry-Dessert-Packaging-5-1200x1200.webp 1200w, https:\/\/www.yishengpack.com\/wp-content\/uploads\/2025\/10\/Wholesale-Exquisite-Drawer-style-Boxes-Paper-Box-Customized-for-Pastry-Dessert-Packaging-5-600x600.webp 600w, https:\/\/www.yishengpack.com\/wp-content\/uploads\/2025\/10\/Wholesale-Exquisite-Drawer-style-Boxes-Paper-Box-Customized-for-Pastry-Dessert-Packaging-5-100x100.webp 100w\" sizes=\"(max-width: 2048px) 100vw, 2048px\" \/><\/figure>\n\n\n\n<div class=\"wp-block-buttons has-custom-font-size has-small-font-size is-content-justification-center is-layout-flex wp-container-core-buttons-is-layout-16018d1d wp-block-buttons-is-layout-flex\">\n<div class=\"wp-block-button has-custom-width wp-block-button__width-75\"><a class=\"wp-block-button__link has-background has-small-font-size has-custom-font-size wp-element-button\" href=\"https:\/\/www.yishengpack.com\/fr\/custom-printed-box\/\" style=\"background:linear-gradient(135deg,rgb(254,205,165) 0%,rgb(254,45,45) 0%,rgb(94,15,15) 0%,rgb(94,15,15) 100%)\" target=\"_blank\" rel=\"noreferrer noopener\"><strong>D\u00e9couvrez les bo\u00eetes imprim\u00e9es personnalis\u00e9es<\/strong><\/a><\/div>\n<\/div>\n<\/div>\n\n\n\n<div class=\"wp-block-column is-layout-flow wp-block-column-is-layout-flow\">\n<figure class=\"wp-block-image size-full\"><img decoding=\"async\" width=\"2048\" height=\"2048\" src=\"https:\/\/www.yishengpack.com\/wp-content\/uploads\/2025\/10\/Wholesale-Exquisite-Drawer-style-Boxes-Paper-Box-Customized-for-Pastry-Dessert-Packaging-4.webp\" alt=\"exquisite-custom-size-drawer-boxes-wholesale-candy-gift-box-4\" class=\"wp-image-2246\" srcset=\"https:\/\/www.yishengpack.com\/wp-content\/uploads\/2025\/10\/Wholesale-Exquisite-Drawer-style-Boxes-Paper-Box-Customized-for-Pastry-Dessert-Packaging-4.webp 2048w, https:\/\/www.yishengpack.com\/wp-content\/uploads\/2025\/10\/Wholesale-Exquisite-Drawer-style-Boxes-Paper-Box-Customized-for-Pastry-Dessert-Packaging-4-300x300.webp 300w, https:\/\/www.yishengpack.com\/wp-content\/uploads\/2025\/10\/Wholesale-Exquisite-Drawer-style-Boxes-Paper-Box-Customized-for-Pastry-Dessert-Packaging-4-150x150.webp 150w, https:\/\/www.yishengpack.com\/wp-content\/uploads\/2025\/10\/Wholesale-Exquisite-Drawer-style-Boxes-Paper-Box-Customized-for-Pastry-Dessert-Packaging-4-768x768.webp 768w, https:\/\/www.yishengpack.com\/wp-content\/uploads\/2025\/10\/Wholesale-Exquisite-Drawer-style-Boxes-Paper-Box-Customized-for-Pastry-Dessert-Packaging-4-12x12.webp 12w, https:\/\/www.yishengpack.com\/wp-content\/uploads\/2025\/10\/Wholesale-Exquisite-Drawer-style-Boxes-Paper-Box-Customized-for-Pastry-Dessert-Packaging-4-1200x1200.webp 1200w, https:\/\/www.yishengpack.com\/wp-content\/uploads\/2025\/10\/Wholesale-Exquisite-Drawer-style-Boxes-Paper-Box-Customized-for-Pastry-Dessert-Packaging-4-600x600.webp 600w, https:\/\/www.yishengpack.com\/wp-content\/uploads\/2025\/10\/Wholesale-Exquisite-Drawer-style-Boxes-Paper-Box-Customized-for-Pastry-Dessert-Packaging-4-100x100.webp 100w\" sizes=\"(max-width: 2048px) 100vw, 2048px\" \/><\/figure>\n\n\n\n<div class=\"wp-block-buttons is-content-justification-center is-layout-flex wp-container-core-buttons-is-layout-16018d1d wp-block-buttons-is-layout-flex\">\n<div class=\"wp-block-button has-custom-width wp-block-button__width-75\"><a class=\"wp-block-button__link has-background has-small-font-size has-custom-font-size wp-element-button\" href=\"https:\/\/www.yishengpack.com\/fr\/custom-box-inserts-accessories\/\" style=\"background:linear-gradient(135deg,rgb(254,205,165) 0%,rgb(254,45,45) 0%,rgb(94,15,15) 0%)\" target=\"_blank\" rel=\"noreferrer noopener\"><strong>D\u00e9couvrez les encarts personnalis\u00e9s<\/strong><\/a><\/div>\n<\/div>\n<\/div>\n<\/div>","protected":false},"excerpt":{"rendered":"<p>Nous vous invitons \u00e0 acheter nos exquises bo\u00eetes \u00e0 tiroirs personnalis\u00e9es, con\u00e7ues pour l'emballage de bonbons et de cadeaux de qualit\u00e9 sup\u00e9rieure. Fabriqu\u00e9es \u00e0 partir de mat\u00e9riaux de haute qualit\u00e9, avec des tailles, des finitions et une impression de logo personnalisables, elles sont parfaites pour les solutions d'emballage de cadeaux en gros et pour les marques.<\/p>\n<h2>Points forts des bo\u00eetes \u00e0 tiroirs sur mesure<\/h2>\n<ul>\n<li>Conception \u00e0 glissement doux<\/li>\n<li>Personnalisation totale<\/li>\n<li>Mat\u00e9riaux de haute qualit\u00e9<\/li>\n<li>Qualit\u00e9 de l'artisanat<\/li>\n<li>Plusieurs types de bo\u00eetes<\/li>\n<li>Options d'impression \u00e9tendues<\/li>\n<li>Une esth\u00e9tique vivante<\/li>\n<\/ul>\n<p>&nbsp;<\/p>\n<p>&nbsp;<\/p>","protected":false},"featured_media":2243,"comment_status":"closed","ping_status":"closed","template":"","meta":{"_acf_changed":false},"box-type":[47,61],"product_brand":[],"product_cat":[19,41,40,46,33,44],"product_tag":[],"class_list":{"0":"post-2242","1":"product","2":"type-product","3":"status-publish","4":"has-post-thumbnail","6":"box-type-custom-drawer-boxes","7":"box-type-custom-two-piece-boxes","8":"product_cat-luxury-gift-boxes-wholesale","9":"product_cat-candy-gift-boxes-wholesale","10":"product_cat-custom-jewelry-boxes","11":"product_cat-wholesale-paper-boxes","12":"product_cat-food-packaging-boxes-wholesale","13":"product_cat-custom-snack-box","15":"first","16":"instock","17":"shipping-taxable","18":"product-type-simple"},"acf":[],"_links":{"self":[{"href":"https:\/\/www.yishengpack.com\/fr\/wp-json\/wp\/v2\/product\/2242","targetHints":{"allow":["GET"]}}],"collection":[{"href":"https:\/\/www.yishengpack.com\/fr\/wp-json\/wp\/v2\/product"}],"about":[{"href":"https:\/\/www.yishengpack.com\/fr\/wp-json\/wp\/v2\/types\/product"}],"replies":[{"embeddable":true,"href":"https:\/\/www.yishengpack.com\/fr\/wp-json\/wp\/v2\/comments?post=2242"}],"wp:featuredmedia":[{"embeddable":true,"href":"https:\/\/www.yishengpack.com\/fr\/wp-json\/wp\/v2\/media\/2243"}],"wp:attachment":[{"href":"https:\/\/www.yishengpack.com\/fr\/wp-json\/wp\/v2\/media?parent=2242"}],"wp:term":[{"taxonomy":"box-type","embeddable":true,"href":"https:\/\/www.yishengpack.com\/fr\/wp-json\/wp\/v2\/box-type?post=2242"},{"taxonomy":"product_brand","embeddable":true,"href":"https:\/\/www.yishengpack.com\/fr\/wp-json\/wp\/v2\/product_brand?post=2242"},{"taxonomy":"product_cat","embeddable":true,"href":"https:\/\/www.yishengpack.com\/fr\/wp-json\/wp\/v2\/product_cat?post=2242"},{"taxonomy":"product_tag","embeddable":true,"href":"https:\/\/www.yishengpack.com\/fr\/wp-json\/wp\/v2\/product_tag?post=2242"}],"curies":[{"name":"wp","href":"https:\/\/api.w.org\/{rel}","templated":true}]}}