{"id":2234,"date":"2025-10-29T07:31:28","date_gmt":"2025-10-29T07:31:28","guid":{"rendered":"https:\/\/www.yishengpack.com\/?post_type=product&#038;p=2234"},"modified":"2025-11-08T02:39:49","modified_gmt":"2025-11-08T02:39:49","slug":"magnetic-closure-gift-box-bulk","status":"publish","type":"product","link":"https:\/\/www.yishengpack.com\/fr\/produit\/magnetic-closure-gift-box-bulk\/","title":{"rendered":"Bo\u00eete cadeau \u00e0 fermeture magn\u00e9tique en vrac, bo\u00eetes \u00e0 bijoux imprim\u00e9es personnalis\u00e9es"},"content":{"rendered":"<div class=\"wp-block-columns is-layout-flex wp-container-core-columns-is-layout-9d6595d7 wp-block-columns-is-layout-flex\">\n<div class=\"wp-block-column is-layout-flow wp-block-column-is-layout-flow\">\n<h3 class=\"wp-block-heading\">Caract\u00e9ristiques de la bo\u00eete cadeau \u00e0 fermeture magn\u00e9tique en vrac<\/h3>\n\n\n\n<p><strong>Fermeture magn\u00e9tique pour un d\u00e9ballage haut de gamme :<\/strong> Ce coffret cadeau de qualit\u00e9 \u00e0 fermeture magn\u00e9tique en vrac offre une exp\u00e9rience haut de gamme \u00e0 vos clients. C'est l'emballage id\u00e9al pour les bijoux, les cosm\u00e9tiques et les parfums, car la fermeture magn\u00e9tique de qualit\u00e9 ajoute au luxe de l'ouverture du coffret.<\/p>\n\n\n\n<p><strong>Inserts int\u00e9rieurs personnalisables : <\/strong>Le coffret cadeau de qualit\u00e9 sup\u00e9rieure \u00e0 fermeture magn\u00e9tique comprend des inserts int\u00e9rieurs personnalisables dont la taille peut \u00eatre ajust\u00e9e pour s'adapter aux bijoux, aux cosm\u00e9tiques et aux parfums, de sorte que chaque pi\u00e8ce - un collier, un rouge \u00e0 l\u00e8vres ou un flacon de parfum - reste bien en place et prot\u00e9g\u00e9e.<\/p>\n\n\n\n<p><strong>Mat\u00e9riau de haute qualit\u00e9 : <\/strong>L'utilisation de mat\u00e9riaux haut de gamme permet \u00e0 ces bo\u00eetes \u00e0 bijoux imprim\u00e9es personnalis\u00e9es d'\u00eatre non seulement de qualit\u00e9 sup\u00e9rieure et durables, mais aussi d'\u00eatre de bons \u00e9crins pour les colliers, les produits cosm\u00e9tiques et les parfums. La solidit\u00e9 de la bo\u00eete \u00e0 bijoux prot\u00e8ge les achats des ravages caus\u00e9s par les cadeaux et le stockage.<\/p>\n\n\n\n<p><strong>Options de conception luxueuses : <\/strong>La bo\u00eete \u00e0 bijoux imprim\u00e9e personnalis\u00e9e est propos\u00e9e avec des options de design luxueuses qui offrent un bon impact visuel et peuvent transformer une simple bo\u00eete en carton en un support discret pour des bijoux et des produits cosm\u00e9tiques de qualit\u00e9 et de prix \u00e9lev\u00e9. Du gaufrage floral aux motifs m\u00e9talliques en passant par les finitions d\u00e9grad\u00e9es, ces bo\u00eetes attirent l'attention des utilisateurs lorsqu'ils les ouvrent.<\/p>\n\n\n\n<p><strong>Personnalis\u00e9 avec l'alignement de la marque :<\/strong> Nos coffrets cadeaux \u00e0 fermeture magn\u00e9tique en vrac offrent un niveau de personnalisation que vous pouvez faire correspondre \u00e9troitement \u00e0 votre image de marque. Nous pouvons personnaliser la taille et la couleur, incorporer des logos de marque ou des motifs artistiques, et s\u00e9lectionner des finitions de surface pour r\u00e9pondre aux exigences sp\u00e9cifiques d'une marque de bijoux ou de produits de beaut\u00e9.<\/p>\n<\/div>\n\n\n\n<div class=\"wp-block-column is-layout-flow wp-block-column-is-layout-flow\">\n<figure class=\"wp-block-image size-full\"><img decoding=\"async\" width=\"2048\" height=\"2048\" src=\"https:\/\/www.yishengpack.com\/wp-content\/uploads\/2025\/10\/High-End-Magnetic-Gift-Boxes-Wholesale-Custom-Deluxe-Bijouterie-Package-Paper-Box-2.webp\" alt=\"bo\u00eete-cadeau-fermeture-magn\u00e9tique-bulk-bo\u00eete-\u00e0-bijoux-imprim\u00e9e-personnalis\u00e9e-2\" class=\"wp-image-2236\" srcset=\"https:\/\/www.yishengpack.com\/wp-content\/uploads\/2025\/10\/High-End-Magnetic-Gift-Boxes-Wholesale-Custom-Deluxe-Bijouterie-Package-Paper-Box-2.webp 2048w, https:\/\/www.yishengpack.com\/wp-content\/uploads\/2025\/10\/High-End-Magnetic-Gift-Boxes-Wholesale-Custom-Deluxe-Bijouterie-Package-Paper-Box-2-300x300.webp 300w, https:\/\/www.yishengpack.com\/wp-content\/uploads\/2025\/10\/High-End-Magnetic-Gift-Boxes-Wholesale-Custom-Deluxe-Bijouterie-Package-Paper-Box-2-150x150.webp 150w, https:\/\/www.yishengpack.com\/wp-content\/uploads\/2025\/10\/High-End-Magnetic-Gift-Boxes-Wholesale-Custom-Deluxe-Bijouterie-Package-Paper-Box-2-768x768.webp 768w, https:\/\/www.yishengpack.com\/wp-content\/uploads\/2025\/10\/High-End-Magnetic-Gift-Boxes-Wholesale-Custom-Deluxe-Bijouterie-Package-Paper-Box-2-12x12.webp 12w, https:\/\/www.yishengpack.com\/wp-content\/uploads\/2025\/10\/High-End-Magnetic-Gift-Boxes-Wholesale-Custom-Deluxe-Bijouterie-Package-Paper-Box-2-1200x1200.webp 1200w, https:\/\/www.yishengpack.com\/wp-content\/uploads\/2025\/10\/High-End-Magnetic-Gift-Boxes-Wholesale-Custom-Deluxe-Bijouterie-Package-Paper-Box-2-600x600.webp 600w, https:\/\/www.yishengpack.com\/wp-content\/uploads\/2025\/10\/High-End-Magnetic-Gift-Boxes-Wholesale-Custom-Deluxe-Bijouterie-Package-Paper-Box-2-100x100.webp 100w\" sizes=\"(max-width: 2048px) 100vw, 2048px\" \/><\/figure>\n<\/div>\n<\/div>\n\n\n\n<div class=\"wp-block-columns is-layout-flex wp-container-core-columns-is-layout-9d6595d7 wp-block-columns-is-layout-flex\">\n<div class=\"wp-block-column is-layout-flow wp-block-column-is-layout-flow\">\n<figure class=\"wp-block-image size-full\"><img decoding=\"async\" width=\"2048\" height=\"2048\" src=\"https:\/\/www.yishengpack.com\/wp-content\/uploads\/2025\/10\/High-End-Magnetic-Gift-Boxes-Wholesale-Custom-Deluxe-Bijouterie-Package-Paper-Box-6.webp\" alt=\"bo\u00eete-cadeau \u00e0 fermeture magn\u00e9tique-bulk-bo\u00eete-\u00e0-bijoux-imprim\u00e9e-personnalis\u00e9e-6\" class=\"wp-image-2240\" srcset=\"https:\/\/www.yishengpack.com\/wp-content\/uploads\/2025\/10\/High-End-Magnetic-Gift-Boxes-Wholesale-Custom-Deluxe-Bijouterie-Package-Paper-Box-6.webp 2048w, https:\/\/www.yishengpack.com\/wp-content\/uploads\/2025\/10\/High-End-Magnetic-Gift-Boxes-Wholesale-Custom-Deluxe-Bijouterie-Package-Paper-Box-6-300x300.webp 300w, https:\/\/www.yishengpack.com\/wp-content\/uploads\/2025\/10\/High-End-Magnetic-Gift-Boxes-Wholesale-Custom-Deluxe-Bijouterie-Package-Paper-Box-6-150x150.webp 150w, https:\/\/www.yishengpack.com\/wp-content\/uploads\/2025\/10\/High-End-Magnetic-Gift-Boxes-Wholesale-Custom-Deluxe-Bijouterie-Package-Paper-Box-6-768x768.webp 768w, https:\/\/www.yishengpack.com\/wp-content\/uploads\/2025\/10\/High-End-Magnetic-Gift-Boxes-Wholesale-Custom-Deluxe-Bijouterie-Package-Paper-Box-6-12x12.webp 12w, https:\/\/www.yishengpack.com\/wp-content\/uploads\/2025\/10\/High-End-Magnetic-Gift-Boxes-Wholesale-Custom-Deluxe-Bijouterie-Package-Paper-Box-6-1200x1200.webp 1200w, https:\/\/www.yishengpack.com\/wp-content\/uploads\/2025\/10\/High-End-Magnetic-Gift-Boxes-Wholesale-Custom-Deluxe-Bijouterie-Package-Paper-Box-6-600x600.webp 600w, https:\/\/www.yishengpack.com\/wp-content\/uploads\/2025\/10\/High-End-Magnetic-Gift-Boxes-Wholesale-Custom-Deluxe-Bijouterie-Package-Paper-Box-6-100x100.webp 100w\" sizes=\"(max-width: 2048px) 100vw, 2048px\" \/><\/figure>\n\n\n\n<div class=\"wp-block-buttons has-custom-font-size has-small-font-size is-content-justification-center is-layout-flex wp-container-core-buttons-is-layout-16018d1d wp-block-buttons-is-layout-flex\">\n<div class=\"wp-block-button has-custom-width wp-block-button__width-75\"><a class=\"wp-block-button__link has-background has-small-font-size has-custom-font-size wp-element-button\" href=\"https:\/\/www.yishengpack.com\/fr\/custom-printed-box\/\" style=\"background:linear-gradient(135deg,rgb(254,205,165) 0%,rgb(254,45,45) 0%,rgb(94,15,15) 0%,rgb(94,15,15) 100%)\" target=\"_blank\" rel=\"noreferrer noopener\"><strong>D\u00e9couvrez les bo\u00eetes imprim\u00e9es personnalis\u00e9es<\/strong><\/a><\/div>\n<\/div>\n<\/div>\n\n\n\n<div class=\"wp-block-column is-layout-flow wp-block-column-is-layout-flow\">\n<figure class=\"wp-block-image size-full\"><img decoding=\"async\" width=\"2048\" height=\"2048\" src=\"https:\/\/www.yishengpack.com\/wp-content\/uploads\/2025\/10\/High-End-Magnetic-Gift-Boxes-Wholesale-Custom-Deluxe-Bijouterie-Package-Paper-Box-7.webp\" alt=\"bo\u00eete-cadeau \u00e0 fermeture magn\u00e9tique-bulk-bo\u00eete-\u00e0-bijoux-imprim\u00e9e-personnalis\u00e9e-7\" class=\"wp-image-2241\" srcset=\"https:\/\/www.yishengpack.com\/wp-content\/uploads\/2025\/10\/High-End-Magnetic-Gift-Boxes-Wholesale-Custom-Deluxe-Bijouterie-Package-Paper-Box-7.webp 2048w, https:\/\/www.yishengpack.com\/wp-content\/uploads\/2025\/10\/High-End-Magnetic-Gift-Boxes-Wholesale-Custom-Deluxe-Bijouterie-Package-Paper-Box-7-300x300.webp 300w, https:\/\/www.yishengpack.com\/wp-content\/uploads\/2025\/10\/High-End-Magnetic-Gift-Boxes-Wholesale-Custom-Deluxe-Bijouterie-Package-Paper-Box-7-150x150.webp 150w, https:\/\/www.yishengpack.com\/wp-content\/uploads\/2025\/10\/High-End-Magnetic-Gift-Boxes-Wholesale-Custom-Deluxe-Bijouterie-Package-Paper-Box-7-768x768.webp 768w, https:\/\/www.yishengpack.com\/wp-content\/uploads\/2025\/10\/High-End-Magnetic-Gift-Boxes-Wholesale-Custom-Deluxe-Bijouterie-Package-Paper-Box-7-12x12.webp 12w, https:\/\/www.yishengpack.com\/wp-content\/uploads\/2025\/10\/High-End-Magnetic-Gift-Boxes-Wholesale-Custom-Deluxe-Bijouterie-Package-Paper-Box-7-1200x1200.webp 1200w, https:\/\/www.yishengpack.com\/wp-content\/uploads\/2025\/10\/High-End-Magnetic-Gift-Boxes-Wholesale-Custom-Deluxe-Bijouterie-Package-Paper-Box-7-600x600.webp 600w, https:\/\/www.yishengpack.com\/wp-content\/uploads\/2025\/10\/High-End-Magnetic-Gift-Boxes-Wholesale-Custom-Deluxe-Bijouterie-Package-Paper-Box-7-100x100.webp 100w\" sizes=\"(max-width: 2048px) 100vw, 2048px\" \/><\/figure>\n\n\n\n<div class=\"wp-block-buttons is-content-justification-center is-layout-flex wp-container-core-buttons-is-layout-16018d1d wp-block-buttons-is-layout-flex\">\n<div class=\"wp-block-button has-custom-width wp-block-button__width-75\"><a class=\"wp-block-button__link has-background has-small-font-size has-custom-font-size wp-element-button\" href=\"https:\/\/www.yishengpack.com\/fr\/custom-box-inserts-accessories\/\" style=\"background:linear-gradient(135deg,rgb(254,205,165) 0%,rgb(254,45,45) 0%,rgb(94,15,15) 0%)\" target=\"_blank\" rel=\"noreferrer noopener\"><strong>D\u00e9couvrez les encarts personnalis\u00e9s<\/strong><\/a><\/div>\n<\/div>\n<\/div>\n<\/div>\n\n\n\n<p><\/p>","protected":false},"excerpt":{"rendered":"<p>Bienvenue dans notre gamme de bo\u00eetes cadeaux \u00e0 fermeture magn\u00e9tique, la solution id\u00e9ale pour l'emballage et l'exp\u00e9dition de bijoux, de cosm\u00e9tiques, de parfums et bien plus encore ! Les bo\u00eetes \u00e0 bijoux imprim\u00e9es sur mesure sont dot\u00e9es d'une fermeture magn\u00e9tique, offrant une exp\u00e9rience de d\u00e9ballage transparente, luxueuse et invitante. La taille, les couleurs, les motifs complexes, le logo et les configurations internes sont enti\u00e8rement personnalisables pour s'aligner sur votre marque. Laissez-nous vous aider \u00e0 faire ressortir vos cadeaux de mani\u00e8re \u00e9l\u00e9gante et impressionnante.<\/p>\n<h2>Points forts de la bo\u00eete cadeau \u00e0 fermeture magn\u00e9tique en vrac<\/h2>\n<ul>\n<li>Personnalisation haut de gamme<\/li>\n<li>Construction robuste<\/li>\n<li>Mat\u00e9riaux \u00e9cologiques<\/li>\n<li>Une grande ma\u00eetrise de l'impression<\/li>\n<li>Diff\u00e9rents types de bo\u00eetes<\/li>\n<li>Options de couleurs multiples<\/li>\n<li>Plusieurs types de bo\u00eetes<\/li>\n<\/ul>\n<p>&nbsp;<\/p>","protected":false},"featured_media":2235,"comment_status":"closed","ping_status":"closed","template":"","meta":{"_acf_changed":false},"box-type":[54,57],"product_brand":[],"product_cat":[19,65,40,39],"product_tag":[],"class_list":{"0":"post-2234","1":"product","2":"type-product","3":"status-publish","4":"has-post-thumbnail","6":"box-type-custom-magnetic-closure-boxes","7":"box-type-custom-rigid-box-with-lid","8":"product_cat-luxury-gift-boxes-wholesale","9":"product_cat-custom-cosmetic-boxes","10":"product_cat-custom-jewelry-boxes","11":"product_cat-custom-perfume-boxes","13":"first","14":"instock","15":"shipping-taxable","16":"product-type-simple"},"acf":[],"_links":{"self":[{"href":"https:\/\/www.yishengpack.com\/fr\/wp-json\/wp\/v2\/product\/2234","targetHints":{"allow":["GET"]}}],"collection":[{"href":"https:\/\/www.yishengpack.com\/fr\/wp-json\/wp\/v2\/product"}],"about":[{"href":"https:\/\/www.yishengpack.com\/fr\/wp-json\/wp\/v2\/types\/product"}],"replies":[{"embeddable":true,"href":"https:\/\/www.yishengpack.com\/fr\/wp-json\/wp\/v2\/comments?post=2234"}],"wp:featuredmedia":[{"embeddable":true,"href":"https:\/\/www.yishengpack.com\/fr\/wp-json\/wp\/v2\/media\/2235"}],"wp:attachment":[{"href":"https:\/\/www.yishengpack.com\/fr\/wp-json\/wp\/v2\/media?parent=2234"}],"wp:term":[{"taxonomy":"box-type","embeddable":true,"href":"https:\/\/www.yishengpack.com\/fr\/wp-json\/wp\/v2\/box-type?post=2234"},{"taxonomy":"product_brand","embeddable":true,"href":"https:\/\/www.yishengpack.com\/fr\/wp-json\/wp\/v2\/product_brand?post=2234"},{"taxonomy":"product_cat","embeddable":true,"href":"https:\/\/www.yishengpack.com\/fr\/wp-json\/wp\/v2\/product_cat?post=2234"},{"taxonomy":"product_tag","embeddable":true,"href":"https:\/\/www.yishengpack.com\/fr\/wp-json\/wp\/v2\/product_tag?post=2234"}],"curies":[{"name":"wp","href":"https:\/\/api.w.org\/{rel}","templated":true}]}}