{"id":2218,"date":"2025-10-24T01:54:21","date_gmt":"2025-10-24T01:54:21","guid":{"rendered":"https:\/\/www.yishengpack.com\/?post_type=product&#038;p=2218"},"modified":"2025-10-29T07:54:49","modified_gmt":"2025-10-29T07:54:49","slug":"custom-rigid-gift-boxes","status":"publish","type":"product","link":"https:\/\/www.yishengpack.com\/fr\/produit\/custom-rigid-gift-boxes\/","title":{"rendered":"Bo\u00eetes cadeaux rigides personnalis\u00e9es avec logo et insert, bo\u00eete deux pi\u00e8ces en gros"},"content":{"rendered":"<div class=\"wp-block-columns is-layout-flex wp-container-core-columns-is-layout-9d6595d7 wp-block-columns-is-layout-flex\">\n<div class=\"wp-block-column is-layout-flow wp-block-column-is-layout-flow\">\n<h3 class=\"wp-block-heading\">Caract\u00e9ristiques des bo\u00eetes-cadeaux rigides personnalis\u00e9es<\/h3>\n\n\n\n<p><strong>Couvercle ouvert pour une pr\u00e9sentation \u00e9l\u00e9gante :<\/strong> Les coffrets cadeaux rigides personnalis\u00e9s sont dot\u00e9s d'un couvercle amovible qui permet de d\u00e9voiler avec \u00e9l\u00e9gance le produit qu'ils contiennent. Id\u00e9aux pour pr\u00e9senter des bijoux, des accessoires cousus main et d'autres articles de luxe, ils offrent une exp\u00e9rience de d\u00e9ballage raffin\u00e9e.<\/p>\n\n\n\n<p><strong>Doublure int\u00e9rieure douce pour une protection d\u00e9licate :<\/strong> La doublure int\u00e9rieure souple des bo\u00eetes-cadeaux rigides personnalis\u00e9es est ajout\u00e9e comme caract\u00e9ristique sp\u00e9ciale. Elle offre une protection d\u00e9licate mais s\u00fbre pour les bijoux artisanaux, les accessoires et autres articles d\u00e9licats similaires, les pr\u00e9servant ainsi des rayures et les gardant intacts.<\/p>\n\n\n\n<p><strong>Construction robuste et rigide :<\/strong> Fabriqu\u00e9e \u00e0 partir de mat\u00e9riaux robustes et rigides, cette bo\u00eete cadeau vendue en gros est tr\u00e8s r\u00e9sistante. Elle offre une protection solide aux accessoires et bijoux artisanaux, les prot\u00e9geant ainsi des chocs pendant leur stockage et leur transport.<\/p>\n\n\n\n<p><strong>Choix de conception ax\u00e9s sur le luxe : <\/strong>Les coffrets cadeaux rigides personnalis\u00e9s, disponibles en plusieurs couleurs, avec des textures telles que des motifs en relief et des finitions m\u00e9talliques ou mates, ajoutent une touche de luxe, id\u00e9ale pour contenir des bijoux haut de gamme et des accessoires sp\u00e9cialis\u00e9s.<\/p>\n\n\n\n<p><strong>Personnalisation compl\u00e8te sp\u00e9cifique \u00e0 la marque : <\/strong>Les coffrets cadeaux rigides personnalis\u00e9s sont enti\u00e8rement personnalisables selon la marque. Vous pouvez modifier la taille, la couleur, ins\u00e9rer des motifs personnalis\u00e9s ou des logos de marque et s\u00e9lectionner des finitions de surface en fonction des besoins sp\u00e9cifiques des marques de bijoux et d'accessoires artisanaux.<\/p>\n<\/div>\n\n\n\n<div class=\"wp-block-column is-layout-flow wp-block-column-is-layout-flow\">\n<figure class=\"wp-block-image size-full\"><img decoding=\"async\" width=\"2048\" height=\"2048\" src=\"https:\/\/www.yishengpack.com\/wp-content\/uploads\/2025\/10\/Customization-Rigid-Gift-Boxes-Wholesale-Package-Paper-Boxes-with-Logo-Insert-2.webp\" alt=\"bo\u00eetes-cadeaux-rigides-personnalis\u00e9es-avec-logo-vente-en-gros-bo\u00eete-en-deux-parties-2\" class=\"wp-image-2220\" srcset=\"https:\/\/www.yishengpack.com\/wp-content\/uploads\/2025\/10\/Customization-Rigid-Gift-Boxes-Wholesale-Package-Paper-Boxes-with-Logo-Insert-2.webp 2048w, https:\/\/www.yishengpack.com\/wp-content\/uploads\/2025\/10\/Customization-Rigid-Gift-Boxes-Wholesale-Package-Paper-Boxes-with-Logo-Insert-2-300x300.webp 300w, https:\/\/www.yishengpack.com\/wp-content\/uploads\/2025\/10\/Customization-Rigid-Gift-Boxes-Wholesale-Package-Paper-Boxes-with-Logo-Insert-2-150x150.webp 150w, https:\/\/www.yishengpack.com\/wp-content\/uploads\/2025\/10\/Customization-Rigid-Gift-Boxes-Wholesale-Package-Paper-Boxes-with-Logo-Insert-2-768x768.webp 768w, https:\/\/www.yishengpack.com\/wp-content\/uploads\/2025\/10\/Customization-Rigid-Gift-Boxes-Wholesale-Package-Paper-Boxes-with-Logo-Insert-2-12x12.webp 12w, https:\/\/www.yishengpack.com\/wp-content\/uploads\/2025\/10\/Customization-Rigid-Gift-Boxes-Wholesale-Package-Paper-Boxes-with-Logo-Insert-2-1200x1200.webp 1200w, https:\/\/www.yishengpack.com\/wp-content\/uploads\/2025\/10\/Customization-Rigid-Gift-Boxes-Wholesale-Package-Paper-Boxes-with-Logo-Insert-2-600x600.webp 600w, https:\/\/www.yishengpack.com\/wp-content\/uploads\/2025\/10\/Customization-Rigid-Gift-Boxes-Wholesale-Package-Paper-Boxes-with-Logo-Insert-2-100x100.webp 100w\" sizes=\"(max-width: 2048px) 100vw, 2048px\" \/><\/figure>\n<\/div>\n<\/div>\n\n\n\n<div class=\"wp-block-columns is-layout-flex wp-container-core-columns-is-layout-9d6595d7 wp-block-columns-is-layout-flex\">\n<div class=\"wp-block-column is-layout-flow wp-block-column-is-layout-flow\">\n<figure class=\"wp-block-image size-full\"><img decoding=\"async\" width=\"2048\" height=\"2048\" src=\"https:\/\/www.yishengpack.com\/wp-content\/uploads\/2025\/10\/Customization-Rigid-Gift-Boxes-Wholesale-Package-Paper-Boxes-with-Logo-Insert-6.webp\" alt=\"bo\u00eetes-cadeaux-rigides-sur-mesure-avec-logo-en-gros-bo\u00eete-de-deux-pi\u00e8ces-6\" class=\"wp-image-2224\" srcset=\"https:\/\/www.yishengpack.com\/wp-content\/uploads\/2025\/10\/Customization-Rigid-Gift-Boxes-Wholesale-Package-Paper-Boxes-with-Logo-Insert-6.webp 2048w, https:\/\/www.yishengpack.com\/wp-content\/uploads\/2025\/10\/Customization-Rigid-Gift-Boxes-Wholesale-Package-Paper-Boxes-with-Logo-Insert-6-300x300.webp 300w, https:\/\/www.yishengpack.com\/wp-content\/uploads\/2025\/10\/Customization-Rigid-Gift-Boxes-Wholesale-Package-Paper-Boxes-with-Logo-Insert-6-150x150.webp 150w, https:\/\/www.yishengpack.com\/wp-content\/uploads\/2025\/10\/Customization-Rigid-Gift-Boxes-Wholesale-Package-Paper-Boxes-with-Logo-Insert-6-768x768.webp 768w, https:\/\/www.yishengpack.com\/wp-content\/uploads\/2025\/10\/Customization-Rigid-Gift-Boxes-Wholesale-Package-Paper-Boxes-with-Logo-Insert-6-12x12.webp 12w, https:\/\/www.yishengpack.com\/wp-content\/uploads\/2025\/10\/Customization-Rigid-Gift-Boxes-Wholesale-Package-Paper-Boxes-with-Logo-Insert-6-1200x1200.webp 1200w, https:\/\/www.yishengpack.com\/wp-content\/uploads\/2025\/10\/Customization-Rigid-Gift-Boxes-Wholesale-Package-Paper-Boxes-with-Logo-Insert-6-600x600.webp 600w, https:\/\/www.yishengpack.com\/wp-content\/uploads\/2025\/10\/Customization-Rigid-Gift-Boxes-Wholesale-Package-Paper-Boxes-with-Logo-Insert-6-100x100.webp 100w\" sizes=\"(max-width: 2048px) 100vw, 2048px\" \/><\/figure>\n\n\n\n<div class=\"wp-block-buttons has-custom-font-size has-small-font-size is-content-justification-center is-layout-flex wp-container-core-buttons-is-layout-16018d1d wp-block-buttons-is-layout-flex\">\n<div class=\"wp-block-button has-custom-width wp-block-button__width-75\"><a class=\"wp-block-button__link has-background has-small-font-size has-custom-font-size wp-element-button\" href=\"https:\/\/www.yishengpack.com\/fr\/custom-printed-box\/\" style=\"background:linear-gradient(135deg,rgb(254,205,165) 0%,rgb(254,45,45) 0%,rgb(94,15,15) 0%,rgb(94,15,15) 100%)\" target=\"_blank\" rel=\"noreferrer noopener\"><strong>D\u00e9couvrez les bo\u00eetes imprim\u00e9es personnalis\u00e9es<\/strong><\/a><\/div>\n<\/div>\n<\/div>\n\n\n\n<div class=\"wp-block-column is-layout-flow wp-block-column-is-layout-flow\">\n<figure class=\"wp-block-image size-full\"><img decoding=\"async\" width=\"2048\" height=\"2048\" src=\"https:\/\/www.yishengpack.com\/wp-content\/uploads\/2025\/10\/Customization-Rigid-Gift-Boxes-Wholesale-Package-Paper-Boxes-with-Logo-Insert-3.webp\" alt=\"bo\u00eetes-cadeaux-rigides-personnalis\u00e9es-avec-logo-vente-en-gros-bo\u00eete-deux-pi\u00e8ces-3\" class=\"wp-image-2221\" srcset=\"https:\/\/www.yishengpack.com\/wp-content\/uploads\/2025\/10\/Customization-Rigid-Gift-Boxes-Wholesale-Package-Paper-Boxes-with-Logo-Insert-3.webp 2048w, https:\/\/www.yishengpack.com\/wp-content\/uploads\/2025\/10\/Customization-Rigid-Gift-Boxes-Wholesale-Package-Paper-Boxes-with-Logo-Insert-3-300x300.webp 300w, https:\/\/www.yishengpack.com\/wp-content\/uploads\/2025\/10\/Customization-Rigid-Gift-Boxes-Wholesale-Package-Paper-Boxes-with-Logo-Insert-3-150x150.webp 150w, https:\/\/www.yishengpack.com\/wp-content\/uploads\/2025\/10\/Customization-Rigid-Gift-Boxes-Wholesale-Package-Paper-Boxes-with-Logo-Insert-3-768x768.webp 768w, https:\/\/www.yishengpack.com\/wp-content\/uploads\/2025\/10\/Customization-Rigid-Gift-Boxes-Wholesale-Package-Paper-Boxes-with-Logo-Insert-3-12x12.webp 12w, https:\/\/www.yishengpack.com\/wp-content\/uploads\/2025\/10\/Customization-Rigid-Gift-Boxes-Wholesale-Package-Paper-Boxes-with-Logo-Insert-3-1200x1200.webp 1200w, https:\/\/www.yishengpack.com\/wp-content\/uploads\/2025\/10\/Customization-Rigid-Gift-Boxes-Wholesale-Package-Paper-Boxes-with-Logo-Insert-3-600x600.webp 600w, https:\/\/www.yishengpack.com\/wp-content\/uploads\/2025\/10\/Customization-Rigid-Gift-Boxes-Wholesale-Package-Paper-Boxes-with-Logo-Insert-3-100x100.webp 100w\" sizes=\"(max-width: 2048px) 100vw, 2048px\" \/><\/figure>\n\n\n\n<div class=\"wp-block-buttons is-content-justification-center is-layout-flex wp-container-core-buttons-is-layout-16018d1d wp-block-buttons-is-layout-flex\">\n<div class=\"wp-block-button has-custom-width wp-block-button__width-75\"><a class=\"wp-block-button__link has-background has-small-font-size has-custom-font-size wp-element-button\" href=\"https:\/\/www.yishengpack.com\/fr\/custom-box-inserts-accessories\/\" style=\"background:linear-gradient(135deg,rgb(254,205,165) 0%,rgb(254,45,45) 0%,rgb(94,15,15) 0%)\" target=\"_blank\" rel=\"noreferrer noopener\"><strong>D\u00e9couvrez les encarts personnalis\u00e9s<\/strong><\/a><\/div>\n<\/div>\n<\/div>\n<\/div>","protected":false},"excerpt":{"rendered":"<p>Bienvenue dans notre boutique en ligne o\u00f9 vous pouvez acheter nos bo\u00eetes-cadeaux rigides personnalis\u00e9es avec couvercle. D\u00e9couvrez ces bo\u00eetes-cadeaux \u00e9l\u00e9gantes, id\u00e9ales pour emballer des bijoux, des accessoires faits main et bien plus encore. Avec leur design raffin\u00e9, elles allient luxe et praticit\u00e9. De la taille aux couleurs en passant par le logo et les inserts internes, elles sont enti\u00e8rement personnalisables pour s'harmoniser avec votre marque. Laissez-nous vous aider \u00e0 mettre en valeur vos cadeaux de mani\u00e8re \u00e9l\u00e9gante et impressionnante.<\/p>\n<h2>Points forts des bo\u00eetes-cadeaux rigides personnalis\u00e9es<\/h2>\n<ul>\n<li>Personnalisation<\/li>\n<li>Mat\u00e9riaux imperm\u00e9ables<\/li>\n<li>Options d'impression multiples<\/li>\n<li>Diff\u00e9rents types de bo\u00eetes<\/li>\n<li>Couleurs vives<\/li>\n<li>Construction robuste<\/li>\n<li>Plusieurs tailles de bo\u00eetes<\/li>\n<\/ul>\n<p>&nbsp;<\/p>","protected":false},"featured_media":2219,"comment_status":"closed","ping_status":"closed","template":"","meta":{"_acf_changed":false},"box-type":[57,61],"product_brand":[],"product_cat":[19,41,65,40,39,46,44],"product_tag":[],"class_list":{"0":"post-2218","1":"product","2":"type-product","3":"status-publish","4":"has-post-thumbnail","6":"box-type-custom-rigid-box-with-lid","7":"box-type-custom-two-piece-boxes","8":"product_cat-luxury-gift-boxes-wholesale","9":"product_cat-candy-gift-boxes-wholesale","10":"product_cat-custom-cosmetic-boxes","11":"product_cat-custom-jewelry-boxes","12":"product_cat-custom-perfume-boxes","13":"product_cat-wholesale-paper-boxes","14":"product_cat-custom-snack-box","16":"first","17":"instock","18":"shipping-taxable","19":"product-type-simple"},"acf":[],"_links":{"self":[{"href":"https:\/\/www.yishengpack.com\/fr\/wp-json\/wp\/v2\/product\/2218","targetHints":{"allow":["GET"]}}],"collection":[{"href":"https:\/\/www.yishengpack.com\/fr\/wp-json\/wp\/v2\/product"}],"about":[{"href":"https:\/\/www.yishengpack.com\/fr\/wp-json\/wp\/v2\/types\/product"}],"replies":[{"embeddable":true,"href":"https:\/\/www.yishengpack.com\/fr\/wp-json\/wp\/v2\/comments?post=2218"}],"wp:featuredmedia":[{"embeddable":true,"href":"https:\/\/www.yishengpack.com\/fr\/wp-json\/wp\/v2\/media\/2219"}],"wp:attachment":[{"href":"https:\/\/www.yishengpack.com\/fr\/wp-json\/wp\/v2\/media?parent=2218"}],"wp:term":[{"taxonomy":"box-type","embeddable":true,"href":"https:\/\/www.yishengpack.com\/fr\/wp-json\/wp\/v2\/box-type?post=2218"},{"taxonomy":"product_brand","embeddable":true,"href":"https:\/\/www.yishengpack.com\/fr\/wp-json\/wp\/v2\/product_brand?post=2218"},{"taxonomy":"product_cat","embeddable":true,"href":"https:\/\/www.yishengpack.com\/fr\/wp-json\/wp\/v2\/product_cat?post=2218"},{"taxonomy":"product_tag","embeddable":true,"href":"https:\/\/www.yishengpack.com\/fr\/wp-json\/wp\/v2\/product_tag?post=2218"}],"curies":[{"name":"wp","href":"https:\/\/api.w.org\/{rel}","templated":true}]}}