{"id":219,"date":"2025-01-03T03:35:14","date_gmt":"2025-01-03T03:35:14","guid":{"rendered":"https:\/\/www.yishengpack.com\/?post_type=product&#038;p=219"},"modified":"2025-10-29T02:49:34","modified_gmt":"2025-10-29T02:49:34","slug":"individual-cake-boxes-wholesale","status":"publish","type":"product","link":"https:\/\/www.yishengpack.com\/fr\/produit\/individual-cake-boxes-wholesale\/","title":{"rendered":"Bo\u00eetes \u00e0 g\u00e2teaux individuelles en gros, Bo\u00eetes \u00e0 desserts en PET en vrac"},"content":{"rendered":"<div class=\"wp-block-columns is-layout-flex wp-container-core-columns-is-layout-9d6595d7 wp-block-columns-is-layout-flex\">\n<div class=\"wp-block-column is-layout-flow wp-block-column-is-layout-flow\">\n<h3 class=\"wp-block-heading\">Caract\u00e9ristiques des bo\u00eetes \u00e0 g\u00e2teaux individuelles en gros<\/h3>\n\n\n\n<p><strong>PET transparent Mat\u00e9riau :<\/strong> Ces bo\u00eetes \u00e0 g\u00e2teaux individuelles sont fabriqu\u00e9es en PET transparent de haute qualit\u00e9 pour pr\u00e9senter magnifiquement vos g\u00e2teaux et desserts.<\/p>\n\n\n\n<p><strong>Robuste et protecteur :<\/strong> Ces bo\u00eetes \u00e0 g\u00e2teaux individuelles en gros offrent une excellente protection contre les chocs et garantissent que votre g\u00e2teau reste intact pendant le transport.<\/p>\n\n\n\n<p><strong>Emballage individuel : <\/strong>Nos bo\u00eetes d'emballage de desserts en vrac sont id\u00e9ales pour les g\u00e2teaux individuels, les p\u00e2tisseries et autres desserts. Votre marque peut ainsi pr\u00e9senter ses desserts en toute simplicit\u00e9.<\/p>\n\n\n\n<p><strong>Personnalisable :<\/strong> Des options telles que l'impression de logos ou la conception d'autocollants pour porte-cartes qui correspondent \u00e0 votre marque et renforcent l'attrait de vos produits.<\/p>\n\n\n\n<p><strong>Snap Design :<\/strong> Nos bo\u00eetes \u00e0 g\u00e2teaux individuelles en gros sont dot\u00e9es d'un syst\u00e8me de fermeture \u00e0 pression pour une protection accrue, ce qui garantit qu'elles ne seront pas endommag\u00e9es pendant le transport et qu'elles conserveront leur fra\u00eecheur et leur int\u00e9grit\u00e9.<\/p>\n\n\n\n<p><strong>Polyvalence :<\/strong> Ces bo\u00eetes en plastique transparent offrent une durabilit\u00e9 accrue et un emballage \u00e9l\u00e9gant pour les g\u00e2teaux et les p\u00e2tisseries de votre boulangerie, de votre caf\u00e9 ou de votre confiserie.<\/p>\n<\/div>\n\n\n\n<div class=\"wp-block-column is-layout-flow wp-block-column-is-layout-flow\">\n<figure class=\"wp-block-image size-full\"><img decoding=\"async\" width=\"800\" height=\"800\" src=\"https:\/\/www.yishengpack.com\/wp-content\/uploads\/2025\/01\/individual-cake-boxes-wholesale-transparent-pet-dessert-packaging-boxes-with-lids-6.webp\" alt=\"bo\u00eetes \u00e0 g\u00e2teaux individuelles - vente en gros - bo\u00eetes d&#039;emballage transparentes pour desserts d&#039;animaux - avec couvercles (6)\" class=\"wp-image-226\" srcset=\"https:\/\/www.yishengpack.com\/wp-content\/uploads\/2025\/01\/individual-cake-boxes-wholesale-transparent-pet-dessert-packaging-boxes-with-lids-6.webp 800w, https:\/\/www.yishengpack.com\/wp-content\/uploads\/2025\/01\/individual-cake-boxes-wholesale-transparent-pet-dessert-packaging-boxes-with-lids-6-300x300.webp 300w, https:\/\/www.yishengpack.com\/wp-content\/uploads\/2025\/01\/individual-cake-boxes-wholesale-transparent-pet-dessert-packaging-boxes-with-lids-6-150x150.webp 150w, https:\/\/www.yishengpack.com\/wp-content\/uploads\/2025\/01\/individual-cake-boxes-wholesale-transparent-pet-dessert-packaging-boxes-with-lids-6-768x768.webp 768w, https:\/\/www.yishengpack.com\/wp-content\/uploads\/2025\/01\/individual-cake-boxes-wholesale-transparent-pet-dessert-packaging-boxes-with-lids-6-600x600.webp 600w, https:\/\/www.yishengpack.com\/wp-content\/uploads\/2025\/01\/individual-cake-boxes-wholesale-transparent-pet-dessert-packaging-boxes-with-lids-6-100x100.webp 100w\" sizes=\"(max-width: 800px) 100vw, 800px\" \/><\/figure>\n<\/div>\n<\/div>","protected":false},"excerpt":{"rendered":"<p>Nos bo\u00eetes \u00e0 g\u00e2teaux individuelles sont fabriqu\u00e9es en PET transparent de haute qualit\u00e9 pour une pr\u00e9sentation solide et s\u00fbre des g\u00e2teaux et des produits de boulangerie. La conception \u00e0 mousqueton permet aux g\u00e2teaux de rester bien emball\u00e9s lors du transport. Chaque bo\u00eete peut contenir une part de g\u00e2teau pour en garantir la fra\u00eecheur et conserver les g\u00e2teaux ou les p\u00e2tisseries en toute s\u00e9curit\u00e9. Pour les commandes en gros, nous pouvons \u00e9galement fournir un porte-cartes qui peut \u00eatre personnalis\u00e9.<\/p>\n<h2>Bo\u00eetes \u00e0 g\u00e2teaux individuelles transparentes en gros Sp\u00e9cifications :<\/h2>\n<table width=\"528\">\n<tbody>\n<tr>\n<td width=\"215\">Fabricant :<\/td>\n<td colspan=\"2\" width=\"313\">Yisheng<\/td>\n<\/tr>\n<tr>\n<td>Mod\u00e8le :<\/td>\n<td colspan=\"2\">H1014<\/td>\n<\/tr>\n<tr>\n<td>Mat\u00e9riau :\u00a0<\/td>\n<td colspan=\"2\">PET<\/td>\n<\/tr>\n<tr>\n<td>Couleur :\u00a0<\/td>\n<td colspan=\"2\">Clair<\/td>\n<\/tr>\n<tr>\n<td>Taille :\u00a0<\/td>\n<td colspan=\"2\" width=\"313\">12.5cm*11.5cm*14.5cm<\/td>\n<\/tr>\n<tr>\n<td>Poids :\u00a0<\/td>\n<td colspan=\"2\">22,3g\/pc<\/td>\n<\/tr>\n<tr>\n<td>Forme :\u00a0<\/td>\n<td colspan=\"2\" width=\"313\">Rectangle avec compartiments<\/td>\n<\/tr>\n<tr>\n<td>Emballage :\u00a0<\/td>\n<td colspan=\"2\">50pcs\/sac<\/td>\n<\/tr>\n<tr>\n<td>MOQ :\u00a0<\/td>\n<td colspan=\"2\">1200pcs<\/td>\n<\/tr>\n<tr>\n<td>OEM&amp;ODM :\u00a0<\/td>\n<td colspan=\"2\">Sur mesure, Bienvenue OEM&amp;ODM<\/td>\n<\/tr>\n<tr>\n<td>Exemple\uff1a<\/td>\n<td colspan=\"2\">10 pcs \u00e9chantillons gratuits peuvent \u00eatre demand\u00e9s<\/td>\n<\/tr>\n<\/tbody>\n<\/table>","protected":false},"featured_media":221,"comment_status":"closed","ping_status":"closed","template":"","meta":{"_acf_changed":false},"box-type":[61],"product_brand":[],"product_cat":[30,21,33,45],"product_tag":[],"class_list":{"0":"post-219","1":"product","2":"type-product","3":"status-publish","4":"has-post-thumbnail","6":"box-type-custom-two-piece-boxes","7":"product_cat-cake-containers-wholesale","8":"product_cat-plastic-cake-containers-wholesale","9":"product_cat-food-packaging-boxes-wholesale","10":"product_cat-bulk-disposable-food-containers","12":"first","13":"instock","14":"shipping-taxable","15":"product-type-simple"},"acf":[],"_links":{"self":[{"href":"https:\/\/www.yishengpack.com\/fr\/wp-json\/wp\/v2\/product\/219","targetHints":{"allow":["GET"]}}],"collection":[{"href":"https:\/\/www.yishengpack.com\/fr\/wp-json\/wp\/v2\/product"}],"about":[{"href":"https:\/\/www.yishengpack.com\/fr\/wp-json\/wp\/v2\/types\/product"}],"replies":[{"embeddable":true,"href":"https:\/\/www.yishengpack.com\/fr\/wp-json\/wp\/v2\/comments?post=219"}],"wp:featuredmedia":[{"embeddable":true,"href":"https:\/\/www.yishengpack.com\/fr\/wp-json\/wp\/v2\/media\/221"}],"wp:attachment":[{"href":"https:\/\/www.yishengpack.com\/fr\/wp-json\/wp\/v2\/media?parent=219"}],"wp:term":[{"taxonomy":"box-type","embeddable":true,"href":"https:\/\/www.yishengpack.com\/fr\/wp-json\/wp\/v2\/box-type?post=219"},{"taxonomy":"product_brand","embeddable":true,"href":"https:\/\/www.yishengpack.com\/fr\/wp-json\/wp\/v2\/product_brand?post=219"},{"taxonomy":"product_cat","embeddable":true,"href":"https:\/\/www.yishengpack.com\/fr\/wp-json\/wp\/v2\/product_cat?post=219"},{"taxonomy":"product_tag","embeddable":true,"href":"https:\/\/www.yishengpack.com\/fr\/wp-json\/wp\/v2\/product_tag?post=219"}],"curies":[{"name":"wp","href":"https:\/\/api.w.org\/{rel}","templated":true}]}}